{"id":5859,"date":"2024-07-13T07:55:10","date_gmt":"2024-07-13T07:55:10","guid":{"rendered":"https:\/\/www.profpetcorporation.com\/?post_type=product&#038;p=5859"},"modified":"2025-04-18T12:26:56","modified_gmt":"2025-04-18T12:26:56","slug":"pet-star-puppy-all-breeds","status":"publish","type":"product","link":"https:\/\/www.profpetcorporation.com\/tr\/urun\/pet-star-puppy-all-breeds\/","title":{"rendered":"PET STAR\u00ae Puppy (t\u00fcm \u0131rklar)"},"content":{"rendered":"<p style=\"text-align: justify;\"><span style=\"font-size: medium;\"><strong>PET STAR<span style=\"font-size: smaller;\"><sup><span style=\"color: #ffffff;\">.<\/span>\u00ae <\/sup><\/span>Puppy yavru k\u00f6pek mamas\u0131, t\u00fcm \u0131rklardan yavru k\u00f6pekler i\u00e7in eksiksiz ve dengeli kuru mamad\u0131r.<\/strong> Taneler i\u015flem g\u00f6rmemi\u015f temiz i\u00e7eriklerden yap\u0131lm\u0131\u015ft\u0131r, b\u00f6ylece k\u00f6pe\u011finiz ne yedi\u011fini koklayabilir. Bu maman\u0131n yenilebilirli\u011fi y\u00fcksektir.<br \/>\n<\/span><\/p>\n<ul>\n<li style=\"text-align: justify;\"><span style=\"font-size: medium;\"><strong>Prebiyotik Mannan-oligosakkaritler (MOS) i\u00e7erir:<\/strong> Ba\u011f\u0131rsakta faydal\u0131 bakterilerin b\u00fcy\u00fcmesini destekler. Peristaltik hareketi te\u015fvik eder, ba\u011f\u0131rsak aktivitesi ve bo\u015falt\u0131m\u0131 \u00fczerinde olumlu etki yapar. Ba\u011f\u0131rsa\u011f\u0131 patojenik bakterilere kar\u015f\u0131 korur.<\/span><\/li>\n<li style=\"text-align: justify;\"><span style=\"font-size: medium;\"><strong>Omega-3 \u00c7oklu Doymam\u0131\u015f Ya\u011f Asitleri:<\/strong> Ba\u011f\u0131\u015f\u0131kl\u0131k fonksiyonunu ve deri bak\u0131m\u0131n\u0131 sa\u011flar. Atopik hastal\u0131klar ve osteoartrit geli\u015fimi s\u0131ras\u0131nda meydana gelebilecek iltihabi reaksiyonlar\u0131 azalt\u0131r. Omega-6 ve -3 ya\u011f asitleri ideal 5:1 oran\u0131nda bulunur..<br \/>\n<\/span><\/li>\n<li style=\"text-align: justify;\"><span style=\"font-size: medium;\"> <strong>Y\u00fcksek Sindirilebilir Proteinler: <\/strong>Optimal sindirimi ve verimli besin d\u00f6n\u00fc\u015f\u00fcm\u00fcn\u00fc sa\u011flar, yiyeceklere kar\u015f\u0131 olumsuz reaksiyonlar\u0131 \u00f6nler.<\/span><span style=\"font-size: medium;\"><br \/>\n<\/span><\/li>\n<li><span style=\"font-size: medium;\"><strong>Kardiyo Koruyucu Etki (Taurin):<\/strong> Taurin (2-aminoetan-s\u00fclfonik asit), metiyonin ve sisteinden olu\u015fan organik bir asittir ve kalbin d\u00fczg\u00fcn \u00e7al\u0131\u015fmas\u0131 i\u00e7in gereklidir. Taurin, kalp kas\u0131n\u0131n \u00e7al\u0131\u015fmas\u0131nda b\u00fcy\u00fck rol oynar..<\/span><\/li>\n<\/ul>\n<p>&nbsp;<\/p>\n<p style=\"text-align: justify;\"><span style=\"font-size: medium;\"><strong>Kompozisyon<\/strong><br \/>\nBu\u011fday, Bu\u011fday Kepe\u011fi, M\u0131s\u0131r, Kurutulmu\u015f Et Unu (S\u0131\u011f\u0131r), Hayvansal Ya\u011f (s\u0131\u011f\u0131r, k\u00fcmes hayvanlar\u0131), Hayvansal Protein Ekstrakt\u0131, Hidrolize Tavuk Proteini, Mineraller. <\/span><\/p>\n<p><span style=\"font-size: medium;\"><strong>Antioksidanlar:<\/strong> BHA\/Propil Gallat. <strong>Koruyucular:<\/strong> amonyum propiyonat, fosforik asit ve sitrik asit<br \/>\n<strong>PET STAR<\/strong>\u00ae \u00fcr\u00fcnleri NRC, AAFCO ve FEDIAF taraf\u0131ndan belirtilen gereksinimleri kar\u015f\u0131lar.<br \/>\n<\/span><\/p>\n<table border=\"0\" width=\"530\" cellspacing=\"1\" cellpadding=\"1\">\n<tbody>\n<tr>\n<td valign=\"top\"><span style=\"font-size: medium;\"><strong>Analitik bile\u015fenleri<br \/>\n<\/strong><\/span><\/td>\n<td valign=\"top\"><\/td>\n<td valign=\"top\"><span style=\"font-size: medium;\"><strong>Besin katkilari<br \/>\n<\/strong><\/span><\/td>\n<td valign=\"top\"><\/td>\n<td><span style=\"font-size: medium;\">\u00a0<\/span><\/td>\n<\/tr>\n<tr>\n<td style=\"text-align: left;\" valign=\"top\"><span style=\"font-size: medium;\">Nem<br \/>\nHam protein<br \/>\nDoymu\u015f ya\u011f<br \/>\nHam k\u00fcl<br \/>\nHam sel\u00fcloz<br \/>\nKalsiyum (Ca)<br \/>\nFosfor (P)<br \/>\nSodyum (Na)<br \/>\nMagnezyum (Mg)<br \/>\nPotasyum (K)<br \/>\nLizin<br \/>\nMetionin<br \/>\nSistin<br \/>\nTreonin<br \/>\nTriptofan<br \/>\nLinoleik asit (\u03c96)<br \/>\n\u03b1-Linolenik asit (\u03c93)<br \/>\nAra\u015fidonik asit (\u03c96)<br \/>\nKarbonhidratlar<br \/>\n<\/span><\/td>\n<td valign=\"top\"><span style=\"font-size: medium;\">%10.0<br \/>\n%26.0<br \/>\n%16.0<br \/>\n%7.10<br \/>\n%2.90<br \/>\n%1.33<br \/>\n%1.20<br \/>\n3.10 g\/kg<br \/>\n1.40 g\/kg<br \/>\n6.00 g\/kg<br \/>\n11.3 g\/kg<br \/>\n4.00 g\/kg<br \/>\n3.00 g\/kg<br \/>\n8.20 g\/kg<br \/>\n2.10 g\/kg<br \/>\n17.9 g\/kg<br \/>\n1.70 g\/kg<br \/>\n0.10 g\/kg<br \/>\n%38.0<br \/>\n<\/span><\/td>\n<td style=\"text-align: justify;\" valign=\"top\">A Vitamini<br \/>\nD3 Vitamini<br \/>\nE Vitamini<br \/>\nK3 Vitamini<br \/>\nB1 Vitamini<br \/>\nB2 Vitamini<br \/>\nNiasin<br \/>\nPantotenik asit<br \/>\nB6 Vitamini<br \/>\nB12 Vitamini<br \/>\nBiyotin<br \/>\nKolin klor\u00fcr<br \/>\nFolik asit<br \/>\nC Vitamini<br \/>\nTaurin<\/td>\n<td style=\"text-align: justify;\" valign=\"top\"><span style=\"font-size: medium;\">1.200 \u0130\u00dc\/kg<br \/>\n1.200 \u0130\u00dc\/kg<br \/>\n84 mg\/kg<br \/>\n0.60 mg\/kg<br \/>\n7.10 mg\/kg<br \/>\n6.20 mg\/kg<br \/>\n39.0 mg\/kg<br \/>\n17.0 mg\/kg<br \/>\n4.50 mg\/kg<br \/>\n33.0 \u03bcg\/kg<br \/>\n170 \u03bcg\/kg<br \/>\n560 mg\/kg<br \/>\n3.30 mg\/kg<br \/>\n45.0 mg\/kg<br \/>\n550 mg\/kg<\/span><\/td>\n<\/tr>\n<\/tbody>\n<\/table>\n<p><span style=\"font-size: medium;\"><strong>Metabolize Edilebilir Enerji 3909 Kcal\/kg [16.2 MJ\/kg]<br \/>\n<\/strong><\/span><\/p>\n<p><strong>Vitaminler<\/strong><br \/>\nA Vitamini (retinil asetat)<br \/>\nD3 Vitamini (kolekalsiferol)<br \/>\nE Vitamini (t\u00fcm-rac-alfa-tokoferol)<br \/>\nK3 Vitamini (menadion nikotinamid bis\u00fclfit)<\/p>\n<p><strong>Eser elementler<\/strong><br \/>\n(Zn) \u00c7inko (\u00e7inko s\u00fclfat monohidrat) 112 mg\/kg<br \/>\n(Fe) Demir (demir(II) s\u00fclfat monohidrat) 75 mg\/kg<br \/>\n(Mn) Manganez (manganez(II) s\u00fclfat monohidrat) 30 mg\/kg<br \/>\n(Cu) Bak\u0131r (bak\u0131r(II) s\u00fclfat pentahidrat) 3.8 mg\/kg<br \/>\n(I) Iyot (kalsiyum iyodat, susuz) 0.70 mg\/kg<br \/>\n(Se) Selenyum (sodyum selenit) 0.14 mg\/kg<\/p>\n<p>&nbsp;<\/p>\n<p><strong>Besleme tavsiyesi<\/strong><\/p>\n<p><strong>Beslenme talimat\u0131:<\/strong> Kuru mama yemeye haz\u0131rd\u0131r. K\u00f6pe\u011finiz i\u00e7in her zaman bol miktarda taze i\u00e7me suyu sa\u011flad\u0131\u011f\u0131n\u0131zdan emin olun. Yiyecek ve su kaselerini d\u00fczenli olarak temizleyin.<br \/>\n<strong>Beslenme kurallar\u0131: <\/strong>K\u00f6pe\u011finizin ideal v\u00fccut a\u011f\u0131rl\u0131\u011f\u0131 i\u00e7in ambalaj \u00fczerindeki besleme k\u0131lavuzunda bulunan g\u00fcnl\u00fck yem miktar\u0131 \u00f6nerilir. Bununla birlikte, \u00f6nerilen g\u00fcnl\u00fck miktarlar yaln\u0131zca bir k\u0131lavuz olarak kullan\u0131lmal\u0131d\u0131r \u00e7\u00fcnk\u00fc bir k\u00f6pe\u011fin gereksinimleri, cins, k\u00f6pe\u011fin boyutu, aktivite seviyesi, metabolizma, ya\u015f ve \u00e7evre gibi \u00e7e\u015fitli fakt\u00f6rlere ba\u011fl\u0131 olarak de\u011fi\u015fecektir. Beslenme miktarlar\u0131, k\u00f6pe\u011finizin g\u00fcnl\u00fck beslenme gereksinimlerine uyacak \u015fekilde ayarlanmal\u0131d\u0131r. Beslemeye ilk kez ba\u015flarken <strong>PET STAR<\/strong>\u00ae, g4 ile 10 g\u00fcnl\u00fck bir s\u00fcre i\u00e7erisinde kademeli olarak ge\u00e7i\u015f yap\u0131n. \u00d6nerilen yem miktar\u0131n\u0131 g\u00fcnde iki \u00f6\u011f\u00fcne b\u00f6lerek veriniz<span style=\"font-size: medium;\">.<br \/>\n<\/span><\/p>\n<table border=\"1\" width=\"350\" cellspacing=\"1\" cellpadding=\"1\">\n<tbody>\n<tr>\n<td align=\"center\"><strong>V\u00fccut a\u011f\u0131rl\u0131\u011f\u0131<\/strong><\/td>\n<td align=\"center\"><strong>G\u00fcnl\u00fck porsiyon<\/strong><\/td>\n<\/tr>\n<tr>\n<td align=\"center\"><span style=\"font-size: medium;\">2 kg<\/span><\/td>\n<td align=\"center\"><span style=\"font-size: medium;\">36 g<\/span><\/td>\n<\/tr>\n<tr>\n<td align=\"center\"><span style=\"font-size: medium;\">3 kg<\/span><\/td>\n<td align=\"center\"><span style=\"font-size: medium;\">53 g<\/span><\/td>\n<\/tr>\n<tr>\n<td align=\"center\"><span style=\"font-size: medium;\">4 kg<\/span><\/td>\n<td align=\"center\"><span style=\"font-size: medium;\">70 g<\/span><\/td>\n<\/tr>\n<tr>\n<td align=\"center\"><span style=\"font-size: medium;\">5 kg<\/span><\/td>\n<td align=\"center\"><span style=\"font-size: medium;\">88 g<\/span><\/td>\n<\/tr>\n<tr>\n<td align=\"center\"><span style=\"font-size: medium;\">6 kg<\/span><\/td>\n<td align=\"center\"><span style=\"font-size: medium;\">106 g<\/span><\/td>\n<\/tr>\n<tr>\n<td align=\"center\"><span style=\"font-size: medium;\">7 kg<\/span><\/td>\n<td align=\"center\"><span style=\"font-size: medium;\">124 g<\/span><\/td>\n<\/tr>\n<tr>\n<td align=\"center\"><span style=\"font-size: medium;\">8 kg<\/span><\/td>\n<td align=\"center\"><span style=\"font-size: medium;\">142 g<\/span><\/td>\n<\/tr>\n<\/tbody>\n<\/table>\n<p>&nbsp;<\/p>\n<p><span style=\"font-size: medium;\"><strong>Paket<\/strong><\/span><\/p>\n<p>EAN 8717496486042 \u00a0 16 kg<\/p>\n<p>&nbsp;<\/p>\n<p><span style=\"font-size: medium;\"><strong>Depolama tavsiyesi<\/strong><\/span><\/p>\n<p style=\"text-align: justify;\"><span style=\"text-align: justify;\"><span style=\"font-size: medium;\">Kuru mama, di\u011fer g\u0131da t\u00fcrleri kadar h\u0131zl\u0131 bozulmayacak olsa da, s\u00fcresiz olarak dayanmaz. Bu t\u00fcr yiyecekleri her zaman son kullanma tarihinden \u00f6nce kulland\u0131\u011f\u0131n\u0131zdan emin olun. Yiyecekleri kuru tutun ve geldi\u011fi torban\u0131n i\u00e7inde saklay\u0131n; torbalar\u0131 neme ve hava ak\u0131\u015f\u0131na kar\u015f\u0131 koyacak \u015fekilde tasarl\u0131yoruz. B\u00fcy\u00fck bir k\u00f6pek ya da kedi mamas\u0131n\u0131 saklaman\u0131n en iyi yolu, orijinal \u00e7antay\u0131 temiz bir plastik kova ya da g\u00fcvenli kapakl\u0131 bir kap i\u00e7ine yerle\u015ftirmektir. Nemli ortamlar bozulmay\u0131 h\u0131zland\u0131raca\u011f\u0131ndan kuru g\u0131dalar\u0131 nemli odalarda saklamay\u0131n. Torban\u0131n \u00fcst k\u0131sm\u0131n\u0131 her zaman s\u0131k\u0131ca a\u015fa\u011f\u0131 do\u011fru yuvarlay\u0131n ve bir klipsle kapat\u0131n. Hastal\u0131k Kontrol ve \u00d6nleme Merkezi, evcil hayvan sahiplerinin kuru mamalar\u0131 23\u00b0 C (santigrat derece) veya 74\u00b0 F (Fahrenhayt derece) a\u015fmayan yerlerde tutmalar\u0131n\u0131 \u00f6nerir. <\/span><\/span><\/p>\n<p>&nbsp;<\/p>\n<p>&nbsp;<\/p>\n","protected":false},"excerpt":{"rendered":"<p><span style=\"font-size: large;\"><em><strong>premium kalite<\/strong><\/em><\/span><\/p>\n<ul>\n<li><span style=\"font-size: large;\"><em>t\u00fcm \u0131rklardan yeti\u015fkin k\u00f6pek i\u00e7in;<\/em><\/span><\/li>\n<\/ul>\n<p><span style=\"font-size: large;\">GDO\u2019suz Sertifikal\u0131d\u0131r<br \/>\nY\u00fcksek Sindirilebilir Proteinler<\/span><\/p>\n","protected":false},"featured_media":2788,"comment_status":"open","ping_status":"closed","template":"","meta":{"_acf_changed":false},"product_brand":[],"product_cat":[225,236],"product_tag":[],"class_list":{"0":"post-5859","1":"product","2":"type-product","3":"status-publish","4":"has-post-thumbnail","6":"product_cat-pet-star-tr","7":"product_cat-kopek-mamasi","9":"first","10":"instock","11":"shipping-taxable","12":"product-type-simple"},"acf":[],"yoast_head":"<!-- This site is optimized with the Yoast SEO plugin v27.3 - https:\/\/yoast.com\/product\/yoast-seo-wordpress\/ -->\n<title>PET STAR\u00ae Puppy (t\u00fcm \u0131rklar) - Prof Pet Corporation<\/title>\n<meta name=\"robots\" content=\"index, follow, max-snippet:-1, max-image-preview:large, max-video-preview:-1\" \/>\n<link rel=\"canonical\" href=\"https:\/\/www.profpetcorporation.com\/tr\/urun\/pet-star-puppy-all-breeds\/\" \/>\n<meta property=\"og:locale\" content=\"tr_TR\" \/>\n<meta property=\"og:type\" content=\"article\" \/>\n<meta property=\"og:title\" content=\"PET STAR\u00ae Puppy (t\u00fcm \u0131rklar) - Prof Pet Corporation\" \/>\n<meta property=\"og:description\" content=\"premium kalite   t\u00fcm \u0131rklardan yeti\u015fkin k\u00f6pek i\u00e7in;  GDO\u2019suz Sertifikal\u0131d\u0131r Y\u00fcksek Sindirilebilir Proteinler\" \/>\n<meta property=\"og:url\" content=\"https:\/\/www.profpetcorporation.com\/tr\/urun\/pet-star-puppy-all-breeds\/\" \/>\n<meta property=\"og:site_name\" content=\"Prof Pet Corporation\" \/>\n<meta property=\"article:modified_time\" content=\"2025-04-18T12:26:56+00:00\" \/>\n<meta property=\"og:image\" content=\"https:\/\/www.profpetcorporation.com\/wp-content\/uploads\/2024\/07\/PET-STAR-Puppy-scaled.jpg\" \/>\n\t<meta property=\"og:image:width\" content=\"2560\" \/>\n\t<meta property=\"og:image:height\" content=\"2560\" \/>\n\t<meta property=\"og:image:type\" content=\"image\/jpeg\" \/>\n<meta name=\"twitter:card\" content=\"summary_large_image\" \/>\n<meta name=\"twitter:label1\" content=\"Tahmini okuma s\u00fcresi\" \/>\n\t<meta name=\"twitter:data1\" content=\"4 dakika\" \/>\n<script type=\"application\/ld+json\" class=\"yoast-schema-graph\">{\"@context\":\"https:\\\/\\\/schema.org\",\"@graph\":[{\"@type\":\"WebPage\",\"@id\":\"https:\\\/\\\/www.profpetcorporation.com\\\/tr\\\/urun\\\/pet-star-puppy-all-breeds\\\/\",\"url\":\"https:\\\/\\\/www.profpetcorporation.com\\\/tr\\\/urun\\\/pet-star-puppy-all-breeds\\\/\",\"name\":\"PET STAR\u00ae Puppy (t\u00fcm \u0131rklar) - Prof Pet Corporation\",\"isPartOf\":{\"@id\":\"https:\\\/\\\/www.profpetcorporation.com\\\/tr\\\/#website\"},\"primaryImageOfPage\":{\"@id\":\"https:\\\/\\\/www.profpetcorporation.com\\\/tr\\\/urun\\\/pet-star-puppy-all-breeds\\\/#primaryimage\"},\"image\":{\"@id\":\"https:\\\/\\\/www.profpetcorporation.com\\\/tr\\\/urun\\\/pet-star-puppy-all-breeds\\\/#primaryimage\"},\"thumbnailUrl\":\"https:\\\/\\\/www.profpetcorporation.com\\\/wp-content\\\/uploads\\\/2024\\\/07\\\/PET-STAR-Puppy-scaled.jpg\",\"datePublished\":\"2024-07-13T07:55:10+00:00\",\"dateModified\":\"2025-04-18T12:26:56+00:00\",\"breadcrumb\":{\"@id\":\"https:\\\/\\\/www.profpetcorporation.com\\\/tr\\\/urun\\\/pet-star-puppy-all-breeds\\\/#breadcrumb\"},\"inLanguage\":\"tr\",\"potentialAction\":[{\"@type\":\"ReadAction\",\"target\":[\"https:\\\/\\\/www.profpetcorporation.com\\\/tr\\\/urun\\\/pet-star-puppy-all-breeds\\\/\"]}]},{\"@type\":\"ImageObject\",\"inLanguage\":\"tr\",\"@id\":\"https:\\\/\\\/www.profpetcorporation.com\\\/tr\\\/urun\\\/pet-star-puppy-all-breeds\\\/#primaryimage\",\"url\":\"https:\\\/\\\/www.profpetcorporation.com\\\/wp-content\\\/uploads\\\/2024\\\/07\\\/PET-STAR-Puppy-scaled.jpg\",\"contentUrl\":\"https:\\\/\\\/www.profpetcorporation.com\\\/wp-content\\\/uploads\\\/2024\\\/07\\\/PET-STAR-Puppy-scaled.jpg\",\"width\":2560,\"height\":2560},{\"@type\":\"BreadcrumbList\",\"@id\":\"https:\\\/\\\/www.profpetcorporation.com\\\/tr\\\/urun\\\/pet-star-puppy-all-breeds\\\/#breadcrumb\",\"itemListElement\":[{\"@type\":\"ListItem\",\"position\":1,\"name\":\"Home\",\"item\":\"https:\\\/\\\/www.profpetcorporation.com\\\/tr\\\/\"},{\"@type\":\"ListItem\",\"position\":2,\"name\":\"Shop\",\"item\":\"https:\\\/\\\/www.profpetcorporation.com\\\/shop\\\/\"},{\"@type\":\"ListItem\",\"position\":3,\"name\":\"PET STAR\u00ae\",\"item\":\"https:\\\/\\\/www.profpetcorporation.com\\\/tr\\\/merken\\\/pet-star-tr\\\/\"},{\"@type\":\"ListItem\",\"position\":4,\"name\":\"PET STAR\u00ae Puppy (t\u00fcm \u0131rklar)\"}]},{\"@type\":\"WebSite\",\"@id\":\"https:\\\/\\\/www.profpetcorporation.com\\\/tr\\\/#website\",\"url\":\"https:\\\/\\\/www.profpetcorporation.com\\\/tr\\\/\",\"name\":\"Prof Pet Corporation\",\"description\":\"\",\"potentialAction\":[{\"@type\":\"SearchAction\",\"target\":{\"@type\":\"EntryPoint\",\"urlTemplate\":\"https:\\\/\\\/www.profpetcorporation.com\\\/tr\\\/?s={search_term_string}\"},\"query-input\":{\"@type\":\"PropertyValueSpecification\",\"valueRequired\":true,\"valueName\":\"search_term_string\"}}],\"inLanguage\":\"tr\"}]}<\/script>\n<!-- \/ Yoast SEO plugin. -->","yoast_head_json":{"title":"PET STAR\u00ae Puppy (t\u00fcm \u0131rklar) - Prof Pet Corporation","robots":{"index":"index","follow":"follow","max-snippet":"max-snippet:-1","max-image-preview":"max-image-preview:large","max-video-preview":"max-video-preview:-1"},"canonical":"https:\/\/www.profpetcorporation.com\/tr\/urun\/pet-star-puppy-all-breeds\/","og_locale":"tr_TR","og_type":"article","og_title":"PET STAR\u00ae Puppy (t\u00fcm \u0131rklar) - Prof Pet Corporation","og_description":"premium kalite   t\u00fcm \u0131rklardan yeti\u015fkin k\u00f6pek i\u00e7in;  GDO\u2019suz Sertifikal\u0131d\u0131r Y\u00fcksek Sindirilebilir Proteinler","og_url":"https:\/\/www.profpetcorporation.com\/tr\/urun\/pet-star-puppy-all-breeds\/","og_site_name":"Prof Pet Corporation","article_modified_time":"2025-04-18T12:26:56+00:00","og_image":[{"width":2560,"height":2560,"url":"https:\/\/www.profpetcorporation.com\/wp-content\/uploads\/2024\/07\/PET-STAR-Puppy-scaled.jpg","type":"image\/jpeg"}],"twitter_card":"summary_large_image","twitter_misc":{"Tahmini okuma s\u00fcresi":"4 dakika"},"schema":{"@context":"https:\/\/schema.org","@graph":[{"@type":"WebPage","@id":"https:\/\/www.profpetcorporation.com\/tr\/urun\/pet-star-puppy-all-breeds\/","url":"https:\/\/www.profpetcorporation.com\/tr\/urun\/pet-star-puppy-all-breeds\/","name":"PET STAR\u00ae Puppy (t\u00fcm \u0131rklar) - Prof Pet Corporation","isPartOf":{"@id":"https:\/\/www.profpetcorporation.com\/tr\/#website"},"primaryImageOfPage":{"@id":"https:\/\/www.profpetcorporation.com\/tr\/urun\/pet-star-puppy-all-breeds\/#primaryimage"},"image":{"@id":"https:\/\/www.profpetcorporation.com\/tr\/urun\/pet-star-puppy-all-breeds\/#primaryimage"},"thumbnailUrl":"https:\/\/www.profpetcorporation.com\/wp-content\/uploads\/2024\/07\/PET-STAR-Puppy-scaled.jpg","datePublished":"2024-07-13T07:55:10+00:00","dateModified":"2025-04-18T12:26:56+00:00","breadcrumb":{"@id":"https:\/\/www.profpetcorporation.com\/tr\/urun\/pet-star-puppy-all-breeds\/#breadcrumb"},"inLanguage":"tr","potentialAction":[{"@type":"ReadAction","target":["https:\/\/www.profpetcorporation.com\/tr\/urun\/pet-star-puppy-all-breeds\/"]}]},{"@type":"ImageObject","inLanguage":"tr","@id":"https:\/\/www.profpetcorporation.com\/tr\/urun\/pet-star-puppy-all-breeds\/#primaryimage","url":"https:\/\/www.profpetcorporation.com\/wp-content\/uploads\/2024\/07\/PET-STAR-Puppy-scaled.jpg","contentUrl":"https:\/\/www.profpetcorporation.com\/wp-content\/uploads\/2024\/07\/PET-STAR-Puppy-scaled.jpg","width":2560,"height":2560},{"@type":"BreadcrumbList","@id":"https:\/\/www.profpetcorporation.com\/tr\/urun\/pet-star-puppy-all-breeds\/#breadcrumb","itemListElement":[{"@type":"ListItem","position":1,"name":"Home","item":"https:\/\/www.profpetcorporation.com\/tr\/"},{"@type":"ListItem","position":2,"name":"Shop","item":"https:\/\/www.profpetcorporation.com\/shop\/"},{"@type":"ListItem","position":3,"name":"PET STAR\u00ae","item":"https:\/\/www.profpetcorporation.com\/tr\/merken\/pet-star-tr\/"},{"@type":"ListItem","position":4,"name":"PET STAR\u00ae Puppy (t\u00fcm \u0131rklar)"}]},{"@type":"WebSite","@id":"https:\/\/www.profpetcorporation.com\/tr\/#website","url":"https:\/\/www.profpetcorporation.com\/tr\/","name":"Prof Pet Corporation","description":"","potentialAction":[{"@type":"SearchAction","target":{"@type":"EntryPoint","urlTemplate":"https:\/\/www.profpetcorporation.com\/tr\/?s={search_term_string}"},"query-input":{"@type":"PropertyValueSpecification","valueRequired":true,"valueName":"search_term_string"}}],"inLanguage":"tr"}]}},"_links":{"self":[{"href":"https:\/\/www.profpetcorporation.com\/tr\/wp-json\/wp\/v2\/product\/5859","targetHints":{"allow":["GET"]}}],"collection":[{"href":"https:\/\/www.profpetcorporation.com\/tr\/wp-json\/wp\/v2\/product"}],"about":[{"href":"https:\/\/www.profpetcorporation.com\/tr\/wp-json\/wp\/v2\/types\/product"}],"replies":[{"embeddable":true,"href":"https:\/\/www.profpetcorporation.com\/tr\/wp-json\/wp\/v2\/comments?post=5859"}],"wp:featuredmedia":[{"embeddable":true,"href":"https:\/\/www.profpetcorporation.com\/tr\/wp-json\/wp\/v2\/media\/2788"}],"wp:attachment":[{"href":"https:\/\/www.profpetcorporation.com\/tr\/wp-json\/wp\/v2\/media?parent=5859"}],"wp:term":[{"taxonomy":"product_brand","embeddable":true,"href":"https:\/\/www.profpetcorporation.com\/tr\/wp-json\/wp\/v2\/product_brand?post=5859"},{"taxonomy":"product_cat","embeddable":true,"href":"https:\/\/www.profpetcorporation.com\/tr\/wp-json\/wp\/v2\/product_cat?post=5859"},{"taxonomy":"product_tag","embeddable":true,"href":"https:\/\/www.profpetcorporation.com\/tr\/wp-json\/wp\/v2\/product_tag?post=5859"}],"curies":[{"name":"wp","href":"https:\/\/api.w.org\/{rel}","templated":true}]}}