{"id":5808,"date":"2024-07-12T15:17:32","date_gmt":"2024-07-12T15:17:32","guid":{"rendered":"https:\/\/www.profpetcorporation.com\/?post_type=product&#038;p=5808"},"modified":"2025-04-23T15:48:38","modified_gmt":"2025-04-23T15:48:38","slug":"pro-vet-intestinal-3","status":"publish","type":"product","link":"https:\/\/www.profpetcorporation.com\/tr\/urun\/pro-vet-intestinal-3\/","title":{"rendered":"PRO-VET\u00ae Intestinal"},"content":{"rendered":"<h3 class=\"orthodent\"><strong><span style=\"color: #3fb427;\"><span style=\"font-size: large;\">\u0130ndikasyon<\/span><\/span><\/strong><\/h3>\n<p style=\"text-align: justify;\"><span style=\"font-size: medium;\"><strong>PRO-VET<\/strong>\u00ae<strong> Intestinal ba\u011f\u0131\u015f\u0131kl\u0131k sisteminin g\u00fc\u00e7lenmesine yard\u0131mc\u0131 olur, gastrointestinal problemlerin azalmas\u0131n\u0131 sa\u011flar ve ba\u011f\u0131rsakta sa\u011fl\u0131kl\u0131 bir bakteri dengesi olu\u015ftururet<\/strong><\/span>.<\/p>\n<p>&nbsp;<\/p>\n<h3 class=\"orthodent\"><strong><span style=\"color: #3fb427;\"><span style=\"font-size: large;\">Etkinlik<\/span><\/span><\/strong><\/h3>\n<table border=\"1\" width=\"550\" cellspacing=\"1\" cellpadding=\"1\">\n<tbody>\n<tr>\n<td valign=\"top\" width=\"300\"><span style=\"font-size: medium;\"><strong>\u00d6ZELL\u0130\u011e\u0130<\/strong><\/span><\/td>\n<td valign=\"top\"><strong>ETK\u0130S\u0130<\/strong><\/td>\n<\/tr>\n<tr>\n<td valign=\"top\" width=\"300\">Mevcut Prebiyotikler.<\/td>\n<td valign=\"top\"><span style=\"font-size: medium;\">Help to promote a stronger immune system, reduce gastrointestinal problems and create a healthy balance of bacteria in the intestine.<\/span><\/td>\n<\/tr>\n<tr>\n<td valign=\"top\" width=\"300\">Bu\u011fdays\u0131z Form\u00fcl\u00fc ile Y\u00fcksek Fermente Edilebilir Lif ve Elektrolit \u0130\u00e7eri\u011fi.<\/td>\n<td valign=\"top\">\u0130shal durumunda elektrolit kayb\u0131n\u0131 telafi etmeye yard\u0131mc\u0131 olur. Ayr\u0131ca, g\u0131da alerjisi olas\u0131l\u0131\u011f\u0131n\u0131 azaltarak, iyi bir sindirime katk\u0131 sa\u011flar.<\/td>\n<\/tr>\n<tr>\n<td valign=\"top\" width=\"300\"><span style=\"font-size: medium;\">Y\u00fcksek Kaliteli ve Kolay Sindirilebilir Protein Kaynaklar\u0131.<\/span><\/td>\n<td valign=\"top\">G\u0131da intoleranslar\u0131n\u0131 azaltmaya ve ishali \u00f6nlemeye yard\u0131mc\u0131 olur.<\/td>\n<\/tr>\n<\/tbody>\n<\/table>\n<p>&nbsp;<\/p>\n<h3 class=\"orthodent\"><strong><span style=\"color: #3fb427;\"><span style=\"font-size: large;\">Bile\u015fim<\/span><\/span><\/strong><\/h3>\n<div class=\"page\" title=\"Page 2\">\n<div class=\"layoutArea\">\n<div class=\"column\">\n<p><span style=\"font-size: medium; text-align: justify;\">et ve hayvansal t\u00fcrevler (%18 tavuk), tah\u0131llar, sebzeler (%0.7 kurutulmu\u015f havu\u00e7, %5.9 havu\u00e7 e\u015fde\u011feri), bitkisel orijinli t\u00fcrevler (kurutulmu\u015f hindiba k\u00fcspesi, (do\u011fal prebiyotik): in\u00fclin %0.19), mineraller, s\u0131v\u0131 ve kat\u0131 ya\u011flar (orta zincirli ya\u011f asitleri: laurik asit %0.01, gliserol monolaurat (GML) %0.03).<\/span><\/p>\n<\/div>\n<\/div>\n<\/div>\n<p style=\"text-align: justify;\"><span style=\"font-size: medium;\"><strong>PRO-VET<\/strong>\u00ae \u00fcr\u00fcnleri NRC, AAFCO ve FEDIAF taraf\u0131ndan belirtilen gereksinimleri kar\u015f\u0131lar. Yapay tatland\u0131r\u0131c\u0131, koruyucu ve renk verici i\u00e7ermemektedir.<\/span><\/p>\n<p>&nbsp;<\/p>\n<h3 class=\"orthodent\"><strong><span style=\"color: #3fb427;\"><span style=\"font-size: large;\">Analiz<\/span><\/span><\/strong><\/h3>\n<table border=\"0\" width=\"550\" cellspacing=\"1\" cellpadding=\"1\">\n<tbody>\n<tr>\n<td valign=\"top\"><strong>Analitik bile\u015fenleri<\/strong><\/td>\n<td valign=\"top\"><\/td>\n<td valign=\"top\"><strong>Besin katkilari<\/strong><\/td>\n<td valign=\"top\"><\/td>\n<\/tr>\n<tr>\n<td valign=\"top\"><span style=\"font-size: medium;\">Nem<br \/>\nHam protein<br \/>\nDoymu\u015f ya\u011f<br \/>\nHam k\u00fcl<br \/>\nHam lif<\/span><\/td>\n<td valign=\"top\"><span style=\"font-size: medium;\">%80<br \/>\n%6.5<br \/>\n%3.0<br \/>\n%3.00<br \/>\n%0.60<\/span><\/td>\n<td valign=\"top\">A Vitamini<br \/>\nD3 Vitamini<br \/>\nE Vitamini<\/td>\n<td valign=\"top\"><span style=\"font-size: medium;\">1.400 \u0130\u00dc\/kg<br \/>\n165 \u0130\u00dc\/kg<br \/>\n150 mg\/kg<\/span><span style=\"font-size: larger;\"><br \/>\n<\/span><\/td>\n<\/tr>\n<\/tbody>\n<\/table>\n<p><span style=\"font-size: medium;\"><strong>Metabolize Edilebilir Enerji 85 Kcal\/g [6.60 MJ\/kg]<\/strong><br \/>\n<\/span><\/p>\n<p><strong>Vitaminler<\/strong><br \/>\nA Vitamini (retinil asetat)<br \/>\nD3 Vitamini (kolekalsiferol)<br \/>\nE Vitamini (t\u00fcm-rac-alfa-tokoferol)<\/p>\n<p><strong>Eser elementler<\/strong><br \/>\n\u00c7inko (Zn) (\u00c7inko(II) s\u00fclfat monohydrat) 15 mg\/kg<br \/>\nDemir (Fe) (Demir(II) s\u00fclfat monohydrat) 12 mg\/kg<br \/>\nManganez (Mn) (Manganez(II) s\u00fclfat monohydrat) 6 mg\/kg<br \/>\nBak\u0131r (Cu) (Bak\u0131r(II) s\u00fclfat pentahidrat) 2 mg\/kg<br \/>\n\u0130yot (I) (Kalsiyum iyodat) 0.30 mg\/kg<br \/>\nSelenyum (Se) (Sodyum selenit) 0.08 mg\/kg<\/p>\n<p>&nbsp;<\/p>\n<h3 class=\"orthodent\"><strong><span style=\"color: #3fb427;\"><span style=\"font-size: large;\">Besleme tavsiyesi<\/span><\/span><\/strong><\/h3>\n<p><strong>Beslenme Rehberi:<\/strong> Orta cins (10-25 kg) yeti\u015fkin k\u00f6peklerin her g\u00fcn en az iki \u00f6\u011f\u00fcnde \u00be ile 1\u00bd kutuya ihtiyac\u0131 vard\u0131r. B\u00fcy\u00fck cins yeti\u015fkin k\u00f6pek (25-45 kg), her g\u00fcn en az iki \u00f6\u011f\u00fcnde 1\u00bd ile 2\u2153 kutuya ihtiya\u00e7 duyar. \u00c7ok b\u00fcy\u00fck cins (45-70 kg) yeti\u015fkin k\u00f6pek, her g\u00fcn en az iki \u00f6\u011f\u00fcnde 2\u2153 ile 3\u00bc kutuya ihtiya\u00e7 duyar.<br \/>\n<span data-start=\"829\" data-end=\"845\">En iyi sonu\u00e7<\/span> i\u00e7in, <strong>PRO-VET\u00ae Intestinal<\/strong> ya\u015f maman\u0131n <span data-start=\"887\" data-end=\"929\">ayn\u0131 seriye ait kuru mamas\u0131 ile birlikte<\/span>\u00a0kullan\u0131lmas\u0131 \u00f6nerilir. G\u00fcnl\u00fck k\u0131sm\u0131 birka\u00e7 k\u00fc\u00e7\u00fck \u00f6\u011f\u00fcne yay\u0131n. Kullanmadan \u00f6nce ve kullan\u0131m s\u00fcresini uzatmadan \u00f6nce bir veterinerden tavsiye al\u0131nmas\u0131 \u00f6nerilir. Beslenme tablosu g\u00f6sterge niteli\u011findedir. Ger\u00e7ek besleme miktar\u0131, k\u00f6pe\u011finizin aktivite d\u00fczeyine g\u00f6re ayarlanmal\u0131d\u0131r. A\u00e7t\u0131ktan sonra, kullan\u0131lmayan i\u00e7eri\u011fi kapakl\u0131 bir kapta buzdolab\u0131nda saklay\u0131n ve 48 saat i\u00e7inde kullan\u0131n. En iyi oda s\u0131cakl\u0131\u011f\u0131nda servis edilir. K\u00f6pe\u011finiz i\u00e7in her zaman taze, temiz su sa\u011flay\u0131n.<\/p>\n<p>&nbsp;<\/p>\n<h3 class=\"orthodent\"><strong><span style=\"color: #3fb427;\"><span style=\"font-size: large;\">Paket<\/span><\/span><\/strong><\/h3>\n<p><span style=\"font-size: medium;\">415g \u00a0 EAN 8717496484178<br \/>\n<\/span><\/p>\n<p>&nbsp;<\/p>\n<h3 class=\"orthodent\"><strong><span style=\"color: #3fb427;\"><span style=\"font-size: large;\">Saklama ko\u015fullar\u0131<\/span><\/span><\/strong><\/h3>\n<p>Serin ve kuru bir yerde saklay\u0131n. A\u00e7\u0131ld\u0131ktan sonra kullan\u0131lmayan i\u00e7erikleri kapakl\u0131 bir kapta buzdolab\u0131nda saklay\u0131n ve 48 saat i\u00e7inde kullan\u0131n\u0131z. Daha lezzetli oldu\u011fu i\u00e7in oda s\u0131cakl\u0131\u011f\u0131nda servis edilmesi en iyisidir ve daha \u00e7ok keyif alacaklard\u0131r.<\/p>\n<p><span style=\"font-size: medium;\"><br \/>\n<\/span><strong><span style=\"font-size: medium;\">Sa\u011fl\u0131kl\u0131 bir k\u00f6pek, mutlu bir k\u00f6pektir.<\/span><\/strong><\/p>\n<p>&nbsp;<\/p>\n","protected":false},"excerpt":{"rendered":"<p style=\"text-align: left;\"><span style=\"font-size: x-large;\"><span style=\"color: #3fb427;\"><strong>BA\u011eIRSAK SA\u011eLI\u011eINI DESTEKLER VE DENGEL\u0130 B\u0130R BA\u011eIRSAK FLORASI OLU\u015eTURUR<\/strong><\/span><\/span><\/p>\n<p style=\"text-align: left;\"><span style=\"font-size: large;\">Do\u011fal Prebiyotik ile Zenginle\u015ftirilmi\u015f<br \/>\nArt\u0131r\u0131lm\u0131\u015f Elektrolit \u0130\u00e7eri\u011fi<br \/>\nFermente Edilebilir Lifler ile Zenginle\u015ftirilmi\u015f<br \/>\n<\/span><\/p>\n","protected":false},"featured_media":2656,"comment_status":"open","ping_status":"closed","template":"","meta":{"_acf_changed":false},"product_brand":[],"product_cat":[237,228],"product_tag":[],"class_list":{"0":"post-5808","1":"product","2":"type-product","3":"status-publish","4":"has-post-thumbnail","6":"product_cat-kopekler-icin-ozel-konserve-mama-415g","7":"product_cat-pro-vet-tr","9":"first","10":"instock","11":"shipping-taxable","12":"product-type-simple"},"acf":[],"yoast_head":"<!-- This site is optimized with the Yoast SEO plugin v27.6 - https:\/\/yoast.com\/product\/yoast-seo-wordpress\/ -->\n<title>PRO-VET\u00ae Intestinal - Prof Pet Corporation<\/title>\n<meta name=\"robots\" content=\"index, follow, max-snippet:-1, max-image-preview:large, max-video-preview:-1\" \/>\n<link rel=\"canonical\" href=\"https:\/\/www.profpetcorporation.com\/tr\/urun\/pro-vet-intestinal-3\/\" \/>\n<meta property=\"og:locale\" content=\"tr_TR\" \/>\n<meta property=\"og:type\" content=\"article\" \/>\n<meta property=\"og:title\" content=\"PRO-VET\u00ae Intestinal - Prof Pet Corporation\" \/>\n<meta property=\"og:description\" content=\"BA\u011eIRSAK SA\u011eLI\u011eINI DESTEKLER VE DENGEL\u0130 B\u0130R BA\u011eIRSAK FLORASI OLU\u015eTURUR Do\u011fal Prebiyotik ile Zenginle\u015ftirilmi\u015f Art\u0131r\u0131lm\u0131\u015f Elektrolit \u0130\u00e7eri\u011fi Fermente Edilebilir Lifler ile Zenginle\u015ftirilmi\u015f\" \/>\n<meta property=\"og:url\" content=\"https:\/\/www.profpetcorporation.com\/tr\/urun\/pro-vet-intestinal-3\/\" \/>\n<meta property=\"og:site_name\" content=\"Prof Pet Corporation\" \/>\n<meta property=\"article:modified_time\" content=\"2025-04-23T15:48:38+00:00\" \/>\n<meta property=\"og:image\" content=\"https:\/\/www.profpetcorporation.com\/wp-content\/uploads\/2024\/07\/web-PRO-VET-Intestinal-415g.jpg\" \/>\n\t<meta property=\"og:image:width\" content=\"1081\" \/>\n\t<meta property=\"og:image:height\" content=\"1079\" \/>\n\t<meta property=\"og:image:type\" content=\"image\/jpeg\" \/>\n<meta name=\"twitter:card\" content=\"summary_large_image\" \/>\n<meta name=\"twitter:label1\" content=\"Tahmini okuma s\u00fcresi\" \/>\n\t<meta name=\"twitter:data1\" content=\"3 dakika\" \/>\n<script type=\"application\/ld+json\" class=\"yoast-schema-graph\">{\"@context\":\"https:\\\/\\\/schema.org\",\"@graph\":[{\"@type\":\"WebPage\",\"@id\":\"https:\\\/\\\/www.profpetcorporation.com\\\/tr\\\/urun\\\/pro-vet-intestinal-3\\\/\",\"url\":\"https:\\\/\\\/www.profpetcorporation.com\\\/tr\\\/urun\\\/pro-vet-intestinal-3\\\/\",\"name\":\"PRO-VET\u00ae Intestinal - Prof Pet Corporation\",\"isPartOf\":{\"@id\":\"https:\\\/\\\/www.profpetcorporation.com\\\/tr\\\/#website\"},\"primaryImageOfPage\":{\"@id\":\"https:\\\/\\\/www.profpetcorporation.com\\\/tr\\\/urun\\\/pro-vet-intestinal-3\\\/#primaryimage\"},\"image\":{\"@id\":\"https:\\\/\\\/www.profpetcorporation.com\\\/tr\\\/urun\\\/pro-vet-intestinal-3\\\/#primaryimage\"},\"thumbnailUrl\":\"https:\\\/\\\/www.profpetcorporation.com\\\/wp-content\\\/uploads\\\/2024\\\/07\\\/web-PRO-VET-Intestinal-415g.jpg\",\"datePublished\":\"2024-07-12T15:17:32+00:00\",\"dateModified\":\"2025-04-23T15:48:38+00:00\",\"breadcrumb\":{\"@id\":\"https:\\\/\\\/www.profpetcorporation.com\\\/tr\\\/urun\\\/pro-vet-intestinal-3\\\/#breadcrumb\"},\"inLanguage\":\"tr\",\"potentialAction\":[{\"@type\":\"ReadAction\",\"target\":[\"https:\\\/\\\/www.profpetcorporation.com\\\/tr\\\/urun\\\/pro-vet-intestinal-3\\\/\"]}]},{\"@type\":\"ImageObject\",\"inLanguage\":\"tr\",\"@id\":\"https:\\\/\\\/www.profpetcorporation.com\\\/tr\\\/urun\\\/pro-vet-intestinal-3\\\/#primaryimage\",\"url\":\"https:\\\/\\\/www.profpetcorporation.com\\\/wp-content\\\/uploads\\\/2024\\\/07\\\/web-PRO-VET-Intestinal-415g.jpg\",\"contentUrl\":\"https:\\\/\\\/www.profpetcorporation.com\\\/wp-content\\\/uploads\\\/2024\\\/07\\\/web-PRO-VET-Intestinal-415g.jpg\",\"width\":1081,\"height\":1079},{\"@type\":\"BreadcrumbList\",\"@id\":\"https:\\\/\\\/www.profpetcorporation.com\\\/tr\\\/urun\\\/pro-vet-intestinal-3\\\/#breadcrumb\",\"itemListElement\":[{\"@type\":\"ListItem\",\"position\":1,\"name\":\"Home\",\"item\":\"https:\\\/\\\/www.profpetcorporation.com\\\/tr\\\/\"},{\"@type\":\"ListItem\",\"position\":2,\"name\":\"Shop\",\"item\":\"https:\\\/\\\/www.profpetcorporation.com\\\/shop\\\/\"},{\"@type\":\"ListItem\",\"position\":3,\"name\":\"PRO-VET\u00ae\",\"item\":\"https:\\\/\\\/www.profpetcorporation.com\\\/tr\\\/merken\\\/pro-vet-tr\\\/\"},{\"@type\":\"ListItem\",\"position\":4,\"name\":\"K\u00f6pekler i\u00e7in \u00f6zel konserve mama 415g\",\"item\":\"https:\\\/\\\/www.profpetcorporation.com\\\/tr\\\/merken\\\/pro-vet-tr\\\/kopekler-icin-ozel-konserve-mama-415g\\\/\"},{\"@type\":\"ListItem\",\"position\":5,\"name\":\"PRO-VET\u00ae Intestinal\"}]},{\"@type\":\"WebSite\",\"@id\":\"https:\\\/\\\/www.profpetcorporation.com\\\/tr\\\/#website\",\"url\":\"https:\\\/\\\/www.profpetcorporation.com\\\/tr\\\/\",\"name\":\"Prof Pet Corporation\",\"description\":\"\",\"potentialAction\":[{\"@type\":\"SearchAction\",\"target\":{\"@type\":\"EntryPoint\",\"urlTemplate\":\"https:\\\/\\\/www.profpetcorporation.com\\\/tr\\\/?s={search_term_string}\"},\"query-input\":{\"@type\":\"PropertyValueSpecification\",\"valueRequired\":true,\"valueName\":\"search_term_string\"}}],\"inLanguage\":\"tr\"}]}<\/script>\n<!-- \/ Yoast SEO plugin. -->","yoast_head_json":{"title":"PRO-VET\u00ae Intestinal - Prof Pet Corporation","robots":{"index":"index","follow":"follow","max-snippet":"max-snippet:-1","max-image-preview":"max-image-preview:large","max-video-preview":"max-video-preview:-1"},"canonical":"https:\/\/www.profpetcorporation.com\/tr\/urun\/pro-vet-intestinal-3\/","og_locale":"tr_TR","og_type":"article","og_title":"PRO-VET\u00ae Intestinal - Prof Pet Corporation","og_description":"BA\u011eIRSAK SA\u011eLI\u011eINI DESTEKLER VE DENGEL\u0130 B\u0130R BA\u011eIRSAK FLORASI OLU\u015eTURUR Do\u011fal Prebiyotik ile Zenginle\u015ftirilmi\u015f Art\u0131r\u0131lm\u0131\u015f Elektrolit \u0130\u00e7eri\u011fi Fermente Edilebilir Lifler ile Zenginle\u015ftirilmi\u015f","og_url":"https:\/\/www.profpetcorporation.com\/tr\/urun\/pro-vet-intestinal-3\/","og_site_name":"Prof Pet Corporation","article_modified_time":"2025-04-23T15:48:38+00:00","og_image":[{"width":1081,"height":1079,"url":"https:\/\/www.profpetcorporation.com\/wp-content\/uploads\/2024\/07\/web-PRO-VET-Intestinal-415g.jpg","type":"image\/jpeg"}],"twitter_card":"summary_large_image","twitter_misc":{"Tahmini okuma s\u00fcresi":"3 dakika"},"schema":{"@context":"https:\/\/schema.org","@graph":[{"@type":"WebPage","@id":"https:\/\/www.profpetcorporation.com\/tr\/urun\/pro-vet-intestinal-3\/","url":"https:\/\/www.profpetcorporation.com\/tr\/urun\/pro-vet-intestinal-3\/","name":"PRO-VET\u00ae Intestinal - Prof Pet Corporation","isPartOf":{"@id":"https:\/\/www.profpetcorporation.com\/tr\/#website"},"primaryImageOfPage":{"@id":"https:\/\/www.profpetcorporation.com\/tr\/urun\/pro-vet-intestinal-3\/#primaryimage"},"image":{"@id":"https:\/\/www.profpetcorporation.com\/tr\/urun\/pro-vet-intestinal-3\/#primaryimage"},"thumbnailUrl":"https:\/\/www.profpetcorporation.com\/wp-content\/uploads\/2024\/07\/web-PRO-VET-Intestinal-415g.jpg","datePublished":"2024-07-12T15:17:32+00:00","dateModified":"2025-04-23T15:48:38+00:00","breadcrumb":{"@id":"https:\/\/www.profpetcorporation.com\/tr\/urun\/pro-vet-intestinal-3\/#breadcrumb"},"inLanguage":"tr","potentialAction":[{"@type":"ReadAction","target":["https:\/\/www.profpetcorporation.com\/tr\/urun\/pro-vet-intestinal-3\/"]}]},{"@type":"ImageObject","inLanguage":"tr","@id":"https:\/\/www.profpetcorporation.com\/tr\/urun\/pro-vet-intestinal-3\/#primaryimage","url":"https:\/\/www.profpetcorporation.com\/wp-content\/uploads\/2024\/07\/web-PRO-VET-Intestinal-415g.jpg","contentUrl":"https:\/\/www.profpetcorporation.com\/wp-content\/uploads\/2024\/07\/web-PRO-VET-Intestinal-415g.jpg","width":1081,"height":1079},{"@type":"BreadcrumbList","@id":"https:\/\/www.profpetcorporation.com\/tr\/urun\/pro-vet-intestinal-3\/#breadcrumb","itemListElement":[{"@type":"ListItem","position":1,"name":"Home","item":"https:\/\/www.profpetcorporation.com\/tr\/"},{"@type":"ListItem","position":2,"name":"Shop","item":"https:\/\/www.profpetcorporation.com\/shop\/"},{"@type":"ListItem","position":3,"name":"PRO-VET\u00ae","item":"https:\/\/www.profpetcorporation.com\/tr\/merken\/pro-vet-tr\/"},{"@type":"ListItem","position":4,"name":"K\u00f6pekler i\u00e7in \u00f6zel konserve mama 415g","item":"https:\/\/www.profpetcorporation.com\/tr\/merken\/pro-vet-tr\/kopekler-icin-ozel-konserve-mama-415g\/"},{"@type":"ListItem","position":5,"name":"PRO-VET\u00ae Intestinal"}]},{"@type":"WebSite","@id":"https:\/\/www.profpetcorporation.com\/tr\/#website","url":"https:\/\/www.profpetcorporation.com\/tr\/","name":"Prof Pet Corporation","description":"","potentialAction":[{"@type":"SearchAction","target":{"@type":"EntryPoint","urlTemplate":"https:\/\/www.profpetcorporation.com\/tr\/?s={search_term_string}"},"query-input":{"@type":"PropertyValueSpecification","valueRequired":true,"valueName":"search_term_string"}}],"inLanguage":"tr"}]}},"_links":{"self":[{"href":"https:\/\/www.profpetcorporation.com\/tr\/wp-json\/wp\/v2\/product\/5808","targetHints":{"allow":["GET"]}}],"collection":[{"href":"https:\/\/www.profpetcorporation.com\/tr\/wp-json\/wp\/v2\/product"}],"about":[{"href":"https:\/\/www.profpetcorporation.com\/tr\/wp-json\/wp\/v2\/types\/product"}],"replies":[{"embeddable":true,"href":"https:\/\/www.profpetcorporation.com\/tr\/wp-json\/wp\/v2\/comments?post=5808"}],"wp:featuredmedia":[{"embeddable":true,"href":"https:\/\/www.profpetcorporation.com\/tr\/wp-json\/wp\/v2\/media\/2656"}],"wp:attachment":[{"href":"https:\/\/www.profpetcorporation.com\/tr\/wp-json\/wp\/v2\/media?parent=5808"}],"wp:term":[{"taxonomy":"product_brand","embeddable":true,"href":"https:\/\/www.profpetcorporation.com\/tr\/wp-json\/wp\/v2\/product_brand?post=5808"},{"taxonomy":"product_cat","embeddable":true,"href":"https:\/\/www.profpetcorporation.com\/tr\/wp-json\/wp\/v2\/product_cat?post=5808"},{"taxonomy":"product_tag","embeddable":true,"href":"https:\/\/www.profpetcorporation.com\/tr\/wp-json\/wp\/v2\/product_tag?post=5808"}],"curies":[{"name":"wp","href":"https:\/\/api.w.org\/{rel}","templated":true}]}}