{"id":5803,"date":"2024-07-12T15:36:53","date_gmt":"2024-07-12T15:36:53","guid":{"rendered":"https:\/\/www.profpetcorporation.com\/?post_type=product&#038;p=5803"},"modified":"2025-04-23T15:49:45","modified_gmt":"2025-04-23T15:49:45","slug":"pro-vet-hepatic-3","status":"publish","type":"product","link":"https:\/\/www.profpetcorporation.com\/tr\/urun\/pro-vet-hepatic-3\/","title":{"rendered":"PRO-VET\u00ae Hepatic"},"content":{"rendered":"<h3 class=\"orthodent\"><strong><span style=\"color: #6040c6;\"><span style=\"font-size: large;\">\u0130ndikasyon<\/span><\/span><\/strong><\/h3>\n<p style=\"text-align: justify;\"><span style=\"font-size: medium;\"><strong>PRO-VET<\/strong>\u00ae<strong> Hepatic<\/strong> <strong>kronik karaci\u011fer yetmezli\u011finde karaci\u011fer fonksiyonunu desteklemek i\u00e7in yeti\u015fkin k\u00f6pekler i\u00e7in eksiksiz \u00f6zel diyet.<\/strong><br \/>\n<\/span><\/p>\n<p style=\"text-align: justify;\"><span style=\"font-size: medium;\">Karaci\u011fer yetmezli\u011fi (hepatik yetmezlik), karaci\u011fer fonksiyonlar\u0131n\u0131n ciddi \u015fekilde bozulmas\u0131 durumudur. Bu durum aniden geli\u015febilir (akut karaci\u011fer yetmezli\u011fi) ya da uzun bir zaman dilimi i\u00e7inde ortaya \u00e7\u0131kabilir (kronik karaci\u011fer yetmezli\u011fi). Akut karaci\u011fer yetmezli\u011finin geli\u015fiminde, karaci\u011ferin telafi edici kapasitesinin ve fonksiyonlar\u0131n\u0131n bozulmas\u0131 rol oynar. Bu bozulma kal\u0131tsal nedenlerle (\u00f6rne\u011fin karaci\u011ferde kal\u0131tsal bak\u0131r birikimi) ya da viral enfeksiyonlar gibi edinilmi\u015f nedenlerle olu\u015fabilir. Akut karaci\u011fer yetmezli\u011fi, zaman\u0131nda te\u015fhis edildi\u011finde do\u011fru tedaviyle iyile\u015ftirilebilir. Kronik karaci\u011fer yetmezli\u011finde ise hastal\u0131k tamamen iyile\u015ftirilemez; yaln\u0131zca karaci\u011ferin mevcut durumu desteklenebilir, fonksiyonlar\u0131n daha da k\u00f6t\u00fcle\u015fmesi \u00f6nlenebilir veya geciktirilebilir.<\/span><\/p>\n<p style=\"text-align: justify;\"><strong><span style=\"font-size: medium;\">PRO-VET<\/span><\/strong><span style=\"font-size: medium;\">\u00ae<\/span><strong><span style=\"font-size: medium;\"> Hepatic, <\/span><\/strong><span style=\"font-size: medium;\">karaci\u011fer yetmezli\u011fi olan ve tedavi g\u00f6ren ya da iyile\u015fme s\u00fcrecindeki hastalar i\u00e7in d\u00fc\u015f\u00fck protein, bak\u0131r ve sodyum i\u00e7eren \u00f6zel bir diyet mamas\u0131d\u0131r.<br \/>\nAyn\u0131 zamanda sa\u011fl\u0131kl\u0131 karaci\u011fer fonksiyonlar\u0131n\u0131 koruyucu \u00f6nleyici bir diyet olarak da kullan\u0131labilir.<br \/>\n<strong>PRO-VET<\/strong>\u00ae<strong> Hepatic, <\/strong>d\u00fc\u015f\u00fck protein ve p\u00fcrin i\u00e7eri\u011fi ile ayarlanm\u0131\u015f pH seviyesi sayesinde, sistin ve \u00fcrat ta\u015flar\u0131 bulunan k\u00f6pekler i\u00e7in de ideal bir beslenme se\u00e7ene\u011fidir.<\/span><\/p>\n<p>&nbsp;<\/p>\n<h3 class=\"orthodent\"><strong><span style=\"color: #6040c6;\"><span style=\"font-size: large;\">Etkinlik<\/span><\/span><\/strong><\/h3>\n<table border=\"1\" width=\"550\" cellspacing=\"1\" cellpadding=\"1\">\n<tbody>\n<tr>\n<td valign=\"top\" width=\"300\"><strong>\u00d6ZELL\u0130\u011e\u0130<\/strong><\/td>\n<td valign=\"top\"><strong>ETK\u0130S\u0130<\/strong><\/td>\n<\/tr>\n<tr>\n<td valign=\"top\" width=\"300\">D\u00fc\u015f\u00fck Protein \u0130\u00e7eri\u011fi.<\/td>\n<td valign=\"top\"><span style=\"font-size: medium;\">Karaci\u011ferde amonyum olu\u015fumunu azalt\u0131r ve karaci\u011fer ensefalopatisi riskini azaltmaya yard\u0131mc\u0131 olur. Sistin ve \u00fcrat ta\u015f\u0131 olu\u015fumunun geli\u015fimini azaltmada olumlu bir etkiye sahiptir.<\/span><\/td>\n<\/tr>\n<tr>\n<td valign=\"top\" width=\"300\">Y\u00fcksek Fermente Edilebilir Lif \u0130\u00e7eri\u011fi.<\/td>\n<td valign=\"top\"><span style=\"font-size: medium;\">Kolonda bakteriyel proteinin nitrojene ba\u011flanmas\u0131n\u0131 sa\u011flar, b\u00f6ylece amonyum olu\u015fumunu azalt\u0131r ve karaci\u011fer fonksiyonunu destekler.<\/span><\/td>\n<\/tr>\n<tr>\n<td valign=\"top\" width=\"300\">Enginar yapraklar\u0131 eklenmi\u015ftir.<span style=\"font-size: larger;\"><br \/>\n<\/span><\/td>\n<td valign=\"top\"><span style=\"font-size: medium;\">Enginar yapra\u011f\u0131 \u00f6z\u00fc, karaci\u011feri hasardan koruyabilir ve yeni doku olu\u015fumunu destekleyebilir.<\/span><\/td>\n<\/tr>\n<tr>\n<td valign=\"top\" width=\"300\">Karahindiba k\u00f6k\u00fc tozu eklenmi\u015ftir.<span style=\"font-size: larger;\"><br \/>\n<\/span><\/td>\n<td valign=\"top\"><span style=\"font-size: medium;\">Karaci\u011fer sa\u011fl\u0131\u011f\u0131n\u0131 destekler ve enfeksiyonla sava\u015f\u0131r. Karahindiba, kolesterol\u00fc d\u00fc\u015f\u00fcrmede ve karaci\u011fer fonksiyonlar\u0131n\u0131 potansiyel olarak iyile\u015ftirmede fayda sa\u011flayabilir.<\/span><\/td>\n<\/tr>\n<tr>\n<td valign=\"top\" width=\"300\">Devedikeni tohumu eklenmi\u015ftir.<span style=\"font-size: larger;\"><br \/>\n<\/span><\/td>\n<td valign=\"top\"><span style=\"font-size: medium;\">Karaci\u011fer fonksiyonlar\u0131n\u0131 iyile\u015ftirir. Siroz veya kronik hepatiti olan k\u00f6peklerde ya\u015fam s\u00fcresini art\u0131r\u0131r.<\/span><\/td>\n<\/tr>\n<tr>\n<td valign=\"top\" width=\"300\"><span style=\"font-size: medium;\">Ayarlanm\u0131\u015f \u0130drar pH\u2019\u0131 6.7 ve D\u00fc\u015f\u00fck Purin \u0130\u00e7eri\u011fi.<\/span><\/td>\n<td valign=\"top\"><span style=\"font-size: medium;\">\u00dcrat ve sistin ta\u015flar\u0131n\u0131n olu\u015fumuna kar\u015f\u0131 koruyucu etki g\u00f6sterir, asidoz geli\u015fimini azalt\u0131r.<\/span><\/td>\n<\/tr>\n<tr>\n<td valign=\"top\" width=\"300\">D\u00fc\u015f\u00fck Bak\u0131r (Cu) \u0130\u00e7eri\u011fi.<\/td>\n<td valign=\"top\">H\u00fccrelerdeki bak\u0131r birikimini azalt\u0131r ve bu \u015fekilde karaci\u011fer fonksiyonunu destekler.<\/td>\n<\/tr>\n<tr>\n<td valign=\"top\" width=\"300\">D\u00fc\u015f\u00fck Sodyum (Na) \u0130\u00e7eri\u011fi.<\/td>\n<td valign=\"top\"><span style=\"font-size: medium;\">Portal hipertansiyon ve asit kontrol\u00fcne katk\u0131 sa\u011fla.<\/span><\/td>\n<\/tr>\n<\/tbody>\n<\/table>\n<p>&nbsp;<\/p>\n<h3 class=\"orthodent\"><strong><span style=\"color: #6040c6;\"><span style=\"font-size: large;\">Bile\u015fimi<\/span><\/span><\/strong><\/h3>\n<div class=\"page\" title=\"Page 2\">\n<div class=\"layoutArea\">\n<div class=\"column\">\n<div class=\"page\" title=\"Page 5\">\n<div class=\"layoutArea\">\n<div class=\"column\">\n<p>et ve hayvansal t\u00fcrevler (tavuk: protein kayna\u011f\u0131, en az %18), tah\u0131llar, sebzeler, bitkisel t\u00fcrevler (botanik: enginar yapra\u011f\u0131 %1, karahindiba k\u00f6k\u00fc tozu %1, devedikeni \u00f6z\u00fc %1), mineraller.<\/p>\n<\/div>\n<\/div>\n<\/div>\n<\/div>\n<\/div>\n<\/div>\n<p style=\"text-align: justify;\"><span style=\"font-size: medium;\"><strong>PRO-VET<\/strong>\u00ae \u00fcr\u00fcnleri NRC, AAFCO ve FEDIAF taraf\u0131ndan belirtilen gereksinimleri kar\u015f\u0131lar. Yapay tatland\u0131r\u0131c\u0131, koruyucu ve renk verici i\u00e7ermemektedir.<\/span><\/p>\n<p>&nbsp;<\/p>\n<h3 class=\"orthodent\"><strong><span style=\"color: #6040c6;\"><span style=\"font-size: large;\">Analiz<\/span><\/span><\/strong><\/h3>\n<table border=\"0\" width=\"550\" cellspacing=\"1\" cellpadding=\"1\">\n<tbody>\n<tr>\n<td valign=\"top\"><strong>Analitik bile\u015fenleri<\/strong><\/td>\n<td valign=\"top\"><\/td>\n<td valign=\"top\"><strong>Besin katkilari<\/strong><\/td>\n<td valign=\"top\"><\/td>\n<\/tr>\n<tr>\n<td valign=\"top\"><span style=\"font-size: medium;\">Nem<br \/>\nHam protein<br \/>\nDoymu\u015f ya\u011f<br \/>\nHam k\u00fcl<br \/>\nHam lif<\/span><\/td>\n<td valign=\"top\"><span style=\"font-size: medium;\">%80<br \/>\n%6.0<br \/>\n%3.5<br \/>\n%2.0<br \/>\n%0.5<\/span><\/td>\n<td valign=\"top\"><span style=\"font-size: medium;\"><span style=\"font-size: medium;\">A Vitamini<br \/>\nD3 Vitamini<br \/>\nE Vitamini<br \/>\n<\/span><\/span><\/td>\n<td valign=\"top\"><span style=\"font-size: medium;\">1.400 \u0130\u00dc\/kg<br \/>\n165 \u0130\u00dc\/kg<br \/>\n150 mg\/kg<br \/>\n<\/span><span style=\"font-size: larger;\"><br \/>\n<\/span><\/td>\n<\/tr>\n<\/tbody>\n<\/table>\n<p><span style=\"font-size: medium;\"><strong>Metabolize Edilebilir Enerji 88 Kcal\/g [6.78 MJ\/kg]<\/strong><br \/>\n<strong>\u0130drar pH = ca 6,5<\/strong><br \/>\n<\/span><\/p>\n<p><span style=\"font-size: medium;\"><strong>Vitaminler<\/strong><br \/>\nA Vitamini (retinil asetat)<br \/>\nD3 Vitamini (kolekalsiferol)<br \/>\nE Vitamini (t\u00fcm-rac-alfa-tokoferol)<\/span><\/p>\n<p><strong>Eser elementler:<\/strong><br \/>\n\u00c7inko (Zn) (\u00c7inko(II) s\u00fclfat monohydrat) 15 mg\/kg<br \/>\nDemir (Fe) (Demir(II) s\u00fclfat monohydrat) 12 mg\/kg<br \/>\nManganez (Mn) (Manganez(II) s\u00fclfat monohydrat) 6 mg\/kg<br \/>\nBak\u0131r (Cu) (Bak\u0131r(II) s\u00fclfat pentahidrat) 2 mg\/kg<br \/>\n\u0130yot (I) (Kalsiyum iyodat) 0.30 mg\/kg<br \/>\nSelenyum (Se) (Sodyum selenit) 0.08 mg\/kg<\/p>\n<p>&nbsp;<\/p>\n<h3 class=\"orthodent\"><strong><span style=\"color: #6040c6;\"><span style=\"font-size: large;\">Besleme tavsiyesi<\/span><\/span><\/strong><\/h3>\n<p>Beslenme Rehberi: Orta cins (10-25 kg) yeti\u015fkin k\u00f6peklerin her g\u00fcn en az iki \u00f6\u011f\u00fcnde \u00be ile 1\u00bd kutuya ihtiyac\u0131 vard\u0131r. B\u00fcy\u00fck cins yeti\u015fkin k\u00f6pek (25-45 kg), her g\u00fcn en az iki \u00f6\u011f\u00fcnde 1\u00bd ile 2\u2153 kutuya ihtiya\u00e7 duyar. \u00c7ok b\u00fcy\u00fck cins (45-70 kg) yeti\u015fkin k\u00f6pek, her g\u00fcn en az iki \u00f6\u011f\u00fcnde 2\u2153 ile 3\u00bc kutuya ihtiya\u00e7 duyar.<br \/>\nEn iyi sonu\u00e7 i\u00e7in, <strong>PRO-VET\u00ae Hepatic<\/strong> ya\u015f maman\u0131n ayn\u0131 seriye ait kuru mamas\u0131 ile birlikte kullan\u0131lmas\u0131 \u00f6nerilir. G\u00fcnl\u00fck k\u0131sm\u0131 birka\u00e7 k\u00fc\u00e7\u00fck \u00f6\u011f\u00fcne yay\u0131n. Kullanmadan \u00f6nce ve kullan\u0131m s\u00fcresini uzatmadan \u00f6nce bir veterinerden tavsiye al\u0131nmas\u0131 \u00f6nerilir. Beslenme tablosu g\u00f6sterge niteli\u011findedir. Ger\u00e7ek besleme miktar\u0131, k\u00f6pe\u011finizin aktivite d\u00fczeyine g\u00f6re ayarlanmal\u0131d\u0131r. A\u00e7t\u0131ktan sonra, kullan\u0131lmayan i\u00e7eri\u011fi kapakl\u0131 bir kapta buzdolab\u0131nda saklay\u0131n ve 48 saat i\u00e7inde kullan\u0131n. En iyi oda s\u0131cakl\u0131\u011f\u0131nda servis edilir. K\u00f6pe\u011finiz i\u00e7in her zaman taze, temiz su sa\u011flay\u0131n.<\/p>\n<p>&nbsp;<\/p>\n<h3 class=\"orthodent\"><strong><span style=\"color: #6040c6;\"><span style=\"font-size: large;\">Paket<\/span><\/span><\/strong><\/h3>\n<p><span style=\"font-size: medium;\">415g\u00a0\u00a0 EAN 8717496484154<br \/>\n<\/span><\/p>\n<p>&nbsp;<\/p>\n<h3 class=\"orthodent\"><strong><span style=\"color: #6040c6;\"><span style=\"font-size: large;\">Saklama ko\u015fullar\u0131<\/span><\/span><\/strong><\/h3>\n<p>Serin ve kuru bir yerde saklay\u0131n. A\u00e7\u0131ld\u0131ktan sonra kullan\u0131lmayan i\u00e7erikleri kapakl\u0131 bir kapta buzdolab\u0131nda saklay\u0131n ve 48 saat i\u00e7inde kullan\u0131n\u0131z. Daha lezzetli oldu\u011fu i\u00e7in oda s\u0131cakl\u0131\u011f\u0131nda servis edilmesi en iyisidir ve daha \u00e7ok keyif alacaklard\u0131r.<\/p>\n<p><span style=\"font-size: medium;\"><br \/>\n<\/span><strong><span style=\"font-size: medium;\">Sa\u011fl\u0131kl\u0131 bir k\u00f6pek, mutlu bir k\u00f6pektir.<\/span><\/strong><\/p>\n<p>&nbsp;<\/p>\n<p>&nbsp;<\/p>\n","protected":false},"excerpt":{"rendered":"<p style=\"text-align: left;\"><span style=\"font-size: x-large;\"><span style=\"color: #6040c6;\"><strong>KRONIK KARACI\u011eER YETMEZLI\u011eINDE KARACI\u011eER FONKSIYONLARINI DESTEKLEMEK I\u00c7IN \u00d6ZEL KURU MAMA<\/strong><\/span><\/span><\/p>\n<p style=\"text-align: left;\"><span style=\"font-size: large;\">D\u00fc\u015f\u00fck Protein \u0130\u00e7eri\u011fi<br \/>\nAdded Artichoke leaves<br \/>\nAdded Dandelion root powder<br \/>\nAdded Milk thistle seeds<br \/>\nY\u00fcksek Fermente Edilebilir Lif \u0130\u00e7eri\u011fi<br \/>\nAyarlanm\u0131\u015f \u0130drar pH\u2019\u0131 6.7<br \/>\nD\u00fc\u015f\u00fck P\u00fcrin \u0130\u00e7eri\u011fi<br \/>\nD\u00fc\u015f\u00fck Bak\u0131r (Cu) \u0130\u00e7eri\u011fit<br \/>\nD\u00fc\u015f\u00fck Sodyum (Na) \u0130\u00e7eri\u011fi<br \/>\n<\/span><\/p>\n","protected":false},"featured_media":2695,"comment_status":"open","ping_status":"closed","template":"","meta":{"_acf_changed":false},"product_brand":[],"product_cat":[237,228],"product_tag":[],"class_list":{"0":"post-5803","1":"product","2":"type-product","3":"status-publish","4":"has-post-thumbnail","6":"product_cat-kopekler-icin-ozel-konserve-mama-415g","7":"product_cat-pro-vet-tr","9":"first","10":"instock","11":"shipping-taxable","12":"product-type-simple"},"acf":[],"yoast_head":"<!-- This site is optimized with the Yoast SEO plugin v27.3 - https:\/\/yoast.com\/product\/yoast-seo-wordpress\/ -->\n<title>PRO-VET\u00ae Hepatic - Prof Pet Corporation<\/title>\n<meta name=\"robots\" content=\"index, follow, max-snippet:-1, max-image-preview:large, max-video-preview:-1\" \/>\n<link rel=\"canonical\" href=\"https:\/\/www.profpetcorporation.com\/tr\/urun\/pro-vet-hepatic-3\/\" \/>\n<meta property=\"og:locale\" content=\"tr_TR\" \/>\n<meta property=\"og:type\" content=\"article\" \/>\n<meta property=\"og:title\" content=\"PRO-VET\u00ae Hepatic - Prof Pet Corporation\" \/>\n<meta property=\"og:description\" content=\"KRONIK KARACI\u011eER YETMEZLI\u011eINDE KARACI\u011eER FONKSIYONLARINI DESTEKLEMEK I\u00c7IN \u00d6ZEL KURU MAMA D\u00fc\u015f\u00fck Protein \u0130\u00e7eri\u011fi Added Artichoke leaves Added Dandelion root powder Added Milk thistle seeds Y\u00fcksek Fermente Edilebilir Lif \u0130\u00e7eri\u011fi Ayarlanm\u0131\u015f \u0130drar pH\u2019\u0131 6.7 D\u00fc\u015f\u00fck P\u00fcrin \u0130\u00e7eri\u011fi D\u00fc\u015f\u00fck Bak\u0131r (Cu) \u0130\u00e7eri\u011fit D\u00fc\u015f\u00fck Sodyum (Na) \u0130\u00e7eri\u011fi\" \/>\n<meta property=\"og:url\" content=\"https:\/\/www.profpetcorporation.com\/tr\/urun\/pro-vet-hepatic-3\/\" \/>\n<meta property=\"og:site_name\" content=\"Prof Pet Corporation\" \/>\n<meta property=\"article:modified_time\" content=\"2025-04-23T15:49:45+00:00\" \/>\n<meta property=\"og:image\" content=\"https:\/\/www.profpetcorporation.com\/wp-content\/uploads\/2024\/07\/web-PRO-VET-Hepatic-415g.jpg\" \/>\n\t<meta property=\"og:image:width\" content=\"1079\" \/>\n\t<meta property=\"og:image:height\" content=\"1081\" \/>\n\t<meta property=\"og:image:type\" content=\"image\/jpeg\" \/>\n<meta name=\"twitter:card\" content=\"summary_large_image\" \/>\n<meta name=\"twitter:label1\" content=\"Tahmini okuma s\u00fcresi\" \/>\n\t<meta name=\"twitter:data1\" content=\"4 dakika\" \/>\n<script type=\"application\/ld+json\" class=\"yoast-schema-graph\">{\"@context\":\"https:\\\/\\\/schema.org\",\"@graph\":[{\"@type\":\"WebPage\",\"@id\":\"https:\\\/\\\/www.profpetcorporation.com\\\/tr\\\/urun\\\/pro-vet-hepatic-3\\\/\",\"url\":\"https:\\\/\\\/www.profpetcorporation.com\\\/tr\\\/urun\\\/pro-vet-hepatic-3\\\/\",\"name\":\"PRO-VET\u00ae Hepatic - Prof Pet Corporation\",\"isPartOf\":{\"@id\":\"https:\\\/\\\/www.profpetcorporation.com\\\/tr\\\/#website\"},\"primaryImageOfPage\":{\"@id\":\"https:\\\/\\\/www.profpetcorporation.com\\\/tr\\\/urun\\\/pro-vet-hepatic-3\\\/#primaryimage\"},\"image\":{\"@id\":\"https:\\\/\\\/www.profpetcorporation.com\\\/tr\\\/urun\\\/pro-vet-hepatic-3\\\/#primaryimage\"},\"thumbnailUrl\":\"https:\\\/\\\/www.profpetcorporation.com\\\/wp-content\\\/uploads\\\/2024\\\/07\\\/web-PRO-VET-Hepatic-415g.jpg\",\"datePublished\":\"2024-07-12T15:36:53+00:00\",\"dateModified\":\"2025-04-23T15:49:45+00:00\",\"breadcrumb\":{\"@id\":\"https:\\\/\\\/www.profpetcorporation.com\\\/tr\\\/urun\\\/pro-vet-hepatic-3\\\/#breadcrumb\"},\"inLanguage\":\"tr\",\"potentialAction\":[{\"@type\":\"ReadAction\",\"target\":[\"https:\\\/\\\/www.profpetcorporation.com\\\/tr\\\/urun\\\/pro-vet-hepatic-3\\\/\"]}]},{\"@type\":\"ImageObject\",\"inLanguage\":\"tr\",\"@id\":\"https:\\\/\\\/www.profpetcorporation.com\\\/tr\\\/urun\\\/pro-vet-hepatic-3\\\/#primaryimage\",\"url\":\"https:\\\/\\\/www.profpetcorporation.com\\\/wp-content\\\/uploads\\\/2024\\\/07\\\/web-PRO-VET-Hepatic-415g.jpg\",\"contentUrl\":\"https:\\\/\\\/www.profpetcorporation.com\\\/wp-content\\\/uploads\\\/2024\\\/07\\\/web-PRO-VET-Hepatic-415g.jpg\",\"width\":1079,\"height\":1081},{\"@type\":\"BreadcrumbList\",\"@id\":\"https:\\\/\\\/www.profpetcorporation.com\\\/tr\\\/urun\\\/pro-vet-hepatic-3\\\/#breadcrumb\",\"itemListElement\":[{\"@type\":\"ListItem\",\"position\":1,\"name\":\"Home\",\"item\":\"https:\\\/\\\/www.profpetcorporation.com\\\/tr\\\/\"},{\"@type\":\"ListItem\",\"position\":2,\"name\":\"Shop\",\"item\":\"https:\\\/\\\/www.profpetcorporation.com\\\/shop\\\/\"},{\"@type\":\"ListItem\",\"position\":3,\"name\":\"PRO-VET\u00ae\",\"item\":\"https:\\\/\\\/www.profpetcorporation.com\\\/tr\\\/merken\\\/pro-vet-tr\\\/\"},{\"@type\":\"ListItem\",\"position\":4,\"name\":\"K\u00f6pekler i\u00e7in \u00f6zel konserve mama 415g\",\"item\":\"https:\\\/\\\/www.profpetcorporation.com\\\/tr\\\/merken\\\/pro-vet-tr\\\/kopekler-icin-ozel-konserve-mama-415g\\\/\"},{\"@type\":\"ListItem\",\"position\":5,\"name\":\"PRO-VET\u00ae Hepatic\"}]},{\"@type\":\"WebSite\",\"@id\":\"https:\\\/\\\/www.profpetcorporation.com\\\/tr\\\/#website\",\"url\":\"https:\\\/\\\/www.profpetcorporation.com\\\/tr\\\/\",\"name\":\"Prof Pet Corporation\",\"description\":\"\",\"potentialAction\":[{\"@type\":\"SearchAction\",\"target\":{\"@type\":\"EntryPoint\",\"urlTemplate\":\"https:\\\/\\\/www.profpetcorporation.com\\\/tr\\\/?s={search_term_string}\"},\"query-input\":{\"@type\":\"PropertyValueSpecification\",\"valueRequired\":true,\"valueName\":\"search_term_string\"}}],\"inLanguage\":\"tr\"}]}<\/script>\n<!-- \/ Yoast SEO plugin. -->","yoast_head_json":{"title":"PRO-VET\u00ae Hepatic - Prof Pet Corporation","robots":{"index":"index","follow":"follow","max-snippet":"max-snippet:-1","max-image-preview":"max-image-preview:large","max-video-preview":"max-video-preview:-1"},"canonical":"https:\/\/www.profpetcorporation.com\/tr\/urun\/pro-vet-hepatic-3\/","og_locale":"tr_TR","og_type":"article","og_title":"PRO-VET\u00ae Hepatic - Prof Pet Corporation","og_description":"KRONIK KARACI\u011eER YETMEZLI\u011eINDE KARACI\u011eER FONKSIYONLARINI DESTEKLEMEK I\u00c7IN \u00d6ZEL KURU MAMA D\u00fc\u015f\u00fck Protein \u0130\u00e7eri\u011fi Added Artichoke leaves Added Dandelion root powder Added Milk thistle seeds Y\u00fcksek Fermente Edilebilir Lif \u0130\u00e7eri\u011fi Ayarlanm\u0131\u015f \u0130drar pH\u2019\u0131 6.7 D\u00fc\u015f\u00fck P\u00fcrin \u0130\u00e7eri\u011fi D\u00fc\u015f\u00fck Bak\u0131r (Cu) \u0130\u00e7eri\u011fit D\u00fc\u015f\u00fck Sodyum (Na) \u0130\u00e7eri\u011fi","og_url":"https:\/\/www.profpetcorporation.com\/tr\/urun\/pro-vet-hepatic-3\/","og_site_name":"Prof Pet Corporation","article_modified_time":"2025-04-23T15:49:45+00:00","og_image":[{"width":1079,"height":1081,"url":"https:\/\/www.profpetcorporation.com\/wp-content\/uploads\/2024\/07\/web-PRO-VET-Hepatic-415g.jpg","type":"image\/jpeg"}],"twitter_card":"summary_large_image","twitter_misc":{"Tahmini okuma s\u00fcresi":"4 dakika"},"schema":{"@context":"https:\/\/schema.org","@graph":[{"@type":"WebPage","@id":"https:\/\/www.profpetcorporation.com\/tr\/urun\/pro-vet-hepatic-3\/","url":"https:\/\/www.profpetcorporation.com\/tr\/urun\/pro-vet-hepatic-3\/","name":"PRO-VET\u00ae Hepatic - Prof Pet Corporation","isPartOf":{"@id":"https:\/\/www.profpetcorporation.com\/tr\/#website"},"primaryImageOfPage":{"@id":"https:\/\/www.profpetcorporation.com\/tr\/urun\/pro-vet-hepatic-3\/#primaryimage"},"image":{"@id":"https:\/\/www.profpetcorporation.com\/tr\/urun\/pro-vet-hepatic-3\/#primaryimage"},"thumbnailUrl":"https:\/\/www.profpetcorporation.com\/wp-content\/uploads\/2024\/07\/web-PRO-VET-Hepatic-415g.jpg","datePublished":"2024-07-12T15:36:53+00:00","dateModified":"2025-04-23T15:49:45+00:00","breadcrumb":{"@id":"https:\/\/www.profpetcorporation.com\/tr\/urun\/pro-vet-hepatic-3\/#breadcrumb"},"inLanguage":"tr","potentialAction":[{"@type":"ReadAction","target":["https:\/\/www.profpetcorporation.com\/tr\/urun\/pro-vet-hepatic-3\/"]}]},{"@type":"ImageObject","inLanguage":"tr","@id":"https:\/\/www.profpetcorporation.com\/tr\/urun\/pro-vet-hepatic-3\/#primaryimage","url":"https:\/\/www.profpetcorporation.com\/wp-content\/uploads\/2024\/07\/web-PRO-VET-Hepatic-415g.jpg","contentUrl":"https:\/\/www.profpetcorporation.com\/wp-content\/uploads\/2024\/07\/web-PRO-VET-Hepatic-415g.jpg","width":1079,"height":1081},{"@type":"BreadcrumbList","@id":"https:\/\/www.profpetcorporation.com\/tr\/urun\/pro-vet-hepatic-3\/#breadcrumb","itemListElement":[{"@type":"ListItem","position":1,"name":"Home","item":"https:\/\/www.profpetcorporation.com\/tr\/"},{"@type":"ListItem","position":2,"name":"Shop","item":"https:\/\/www.profpetcorporation.com\/shop\/"},{"@type":"ListItem","position":3,"name":"PRO-VET\u00ae","item":"https:\/\/www.profpetcorporation.com\/tr\/merken\/pro-vet-tr\/"},{"@type":"ListItem","position":4,"name":"K\u00f6pekler i\u00e7in \u00f6zel konserve mama 415g","item":"https:\/\/www.profpetcorporation.com\/tr\/merken\/pro-vet-tr\/kopekler-icin-ozel-konserve-mama-415g\/"},{"@type":"ListItem","position":5,"name":"PRO-VET\u00ae Hepatic"}]},{"@type":"WebSite","@id":"https:\/\/www.profpetcorporation.com\/tr\/#website","url":"https:\/\/www.profpetcorporation.com\/tr\/","name":"Prof Pet Corporation","description":"","potentialAction":[{"@type":"SearchAction","target":{"@type":"EntryPoint","urlTemplate":"https:\/\/www.profpetcorporation.com\/tr\/?s={search_term_string}"},"query-input":{"@type":"PropertyValueSpecification","valueRequired":true,"valueName":"search_term_string"}}],"inLanguage":"tr"}]}},"_links":{"self":[{"href":"https:\/\/www.profpetcorporation.com\/tr\/wp-json\/wp\/v2\/product\/5803","targetHints":{"allow":["GET"]}}],"collection":[{"href":"https:\/\/www.profpetcorporation.com\/tr\/wp-json\/wp\/v2\/product"}],"about":[{"href":"https:\/\/www.profpetcorporation.com\/tr\/wp-json\/wp\/v2\/types\/product"}],"replies":[{"embeddable":true,"href":"https:\/\/www.profpetcorporation.com\/tr\/wp-json\/wp\/v2\/comments?post=5803"}],"wp:featuredmedia":[{"embeddable":true,"href":"https:\/\/www.profpetcorporation.com\/tr\/wp-json\/wp\/v2\/media\/2695"}],"wp:attachment":[{"href":"https:\/\/www.profpetcorporation.com\/tr\/wp-json\/wp\/v2\/media?parent=5803"}],"wp:term":[{"taxonomy":"product_brand","embeddable":true,"href":"https:\/\/www.profpetcorporation.com\/tr\/wp-json\/wp\/v2\/product_brand?post=5803"},{"taxonomy":"product_cat","embeddable":true,"href":"https:\/\/www.profpetcorporation.com\/tr\/wp-json\/wp\/v2\/product_cat?post=5803"},{"taxonomy":"product_tag","embeddable":true,"href":"https:\/\/www.profpetcorporation.com\/tr\/wp-json\/wp\/v2\/product_tag?post=5803"}],"curies":[{"name":"wp","href":"https:\/\/api.w.org\/{rel}","templated":true}]}}