{"id":5783,"date":"2025-04-11T15:20:54","date_gmt":"2025-04-11T15:20:54","guid":{"rendered":"https:\/\/www.profpetcorporation.com\/?post_type=product&#038;p=5783"},"modified":"2025-04-23T15:53:35","modified_gmt":"2025-04-23T15:53:35","slug":"pro-vet-hepatic-2","status":"publish","type":"product","link":"https:\/\/www.profpetcorporation.com\/tr\/urun\/pro-vet-hepatic-2\/","title":{"rendered":"PRO-VET\u00ae Hepatic"},"content":{"rendered":"<ul>\n<li><span style=\"font-size: larger;\"><strong>%100 DO\u011eAL \u00dcR\u00dcN<br \/>\n<\/strong><\/span><\/li>\n<li><span style=\"font-size: larger;\"><strong>Baz\u0131 ila\u00e7lar da dahil olmak \u00fczere karaci\u011feri toksinlerden korur.<\/strong><\/span><\/li>\n<li><span style=\"font-size: larger;\"><strong>Karaci\u011fer ve safra kesesi fonksiyonlar\u0131n\u0131 iyile\u015ftirmeye yard\u0131mc\u0131 olabilir.<br \/>\n<\/strong><\/span><\/li>\n<li><span style=\"font-size: larger;\"><strong>Kolesterol seviyeleri \u00fczerinde faydal\u0131 etkiler sa\u011flar.<\/strong><\/span><\/li>\n<li><span style=\"font-size: larger;\"><strong>Sa\u011fl\u0131kl\u0131 bir karaci\u011feri destekler.<\/strong><\/span><\/li>\n<\/ul>\n<p><span style=\"font-size: medium;\"><strong>\u0130\u00e7indekiler:<\/strong> peynir alt\u0131 suyu tozu, pirin\u00e7 irmi\u011fi, \u00fcz\u00fcm \u015fekeri, soya unu, silisik asit, ya\u011fdan ar\u0131nd\u0131r\u0131lm\u0131\u015f deve dikeni tohumu tozu %4, buharla i\u015flenmi\u015f karahindiba k\u00f6k\u00fc tozu %4, enginar yapra\u011f\u0131 tozu, sel\u00fcloz %4, vitaminler ve mineraller. <strong>Analitik bile\u015fenleri:<\/strong> ham protein %10, ham ya\u011f %2.8, ham k\u00fcl %3.4, ham sel\u00fcloz %6.6. <strong>Besin katkilari (kg): Eser elementler:<\/strong> Demir (Fe) (3b103) 277mg, \u00c7inko (Zn) (3b605) 194mg, Magnezyum (Mg) (3b503) 152mg, Bak\u0131r (Cu) (3b405) 22mg, Selenyum (Se) (3b801) 0.69mg.<br \/>\n<strong>G\u00fcnl\u00fck t\u00fcketim:<\/strong> her 10 kg v\u00fccut a\u011f\u0131rl\u0131\u011f\u0131 i\u00e7in g\u00fcnde 3 pastil \u00f6nerilir. A\u011f\u0131zdan kullan\u0131m\u0131yla herhangi bir yan etkisi yoktur. \u00dcretim ve paketleme Hollanda\u2019da yap\u0131lm\u0131\u015ft\u0131r. Serin ve kuru yerde saklay\u0131n\u0131z. <strong>Net kilo:<\/strong> 135g. <strong>I\u00e7erik:<\/strong> \u00b1100 tablet<br \/>\n<\/span><\/p>\n<p><span style=\"font-size: medium;\"><u>di\u011fer bile\u015fenler:<\/u><\/span><\/p>\n<p><span style=\"font-size: large;\"><strong>DEVE D\u0130KEN\u0130<\/strong><\/span><\/p>\n<p><img loading=\"lazy\" decoding=\"async\" class=\" wp-image-5742 alignright\" src=\"https:\/\/www.profpetcorporation.com\/wp-content\/uploads\/2025\/04\/Hepatic-NR-1.jpg\" alt=\"\" width=\"367\" height=\"243\" srcset=\"https:\/\/www.profpetcorporation.com\/wp-content\/uploads\/2025\/04\/Hepatic-NR-1.jpg 568w, https:\/\/www.profpetcorporation.com\/wp-content\/uploads\/2025\/04\/Hepatic-NR-1-300x199.jpg 300w\" sizes=\"auto, (max-width: 367px) 100vw, 367px\" \/>Genellikle yabani bir ot olarak kabul edilse de, deve dikeni y\u00fczlerce y\u0131ld\u0131r karaci\u011fer ve safra kesesi hastal\u0131klar\u0131n\u0131n tedavisinde do\u011fal, bitkisel bir y\u00f6ntem olarak kullan\u0131lmaktad\u0131r. Zaman zaman &#8220;silimarin&#8221; olarak da adland\u0131r\u0131l\u0131r, bu da bitkinin tohumlar\u0131n\u0131n ana bile\u015fenlerinden biridir.<br \/>\nDeve dikeni ve silimarin terimleri genellikle birbirinin yerine kullan\u0131lsa da, asl\u0131nda tam olarak ayn\u0131 \u015fey de\u011fildir.<\/p>\n<p>Silimarin, antioksidan ve anti-inflamatuar (iltihap \u00f6nleyici) \u00f6zelliklere sahip oldu\u011fu kabul edilen bir bile\u015fiktir.<\/p>\n<p>Silimarin&#8217;in, toksinlerin karaci\u011fer h\u00fccrelerine ba\u011flanmas\u0131n\u0131 engelledi\u011fi d\u00fc\u015f\u00fcn\u00fclmektedir. Ayn\u0131 zamanda serbest radikalleri kontrol alt\u0131nda tutar. Serbest radikaller, v\u00fccudun normal i\u015flevlerinin yan \u00fcr\u00fcnleri olan karars\u0131z molek\u00fcllerdir. Ancak bu molek\u00fcller sa\u011fl\u0131kl\u0131 h\u00fccrelere zarar verebilir ve \u00e7e\u015fitli sa\u011fl\u0131k sorunlar\u0131na yol a\u00e7abilir. Deve dikeni ve karaci\u011fer sa\u011fl\u0131\u011f\u0131 \u00fczerine yap\u0131lan t\u0131bbi ara\u015ft\u0131rmalarda farkl\u0131 sonu\u00e7lar elde edilmi\u015ftir. Ancak baz\u0131 \u00e7al\u0131\u015fmalar, silimarin&#8217;in iltihaplanmay\u0131 hafifletmeye ve h\u00fccre onar\u0131m\u0131n\u0131 desteklemeye yard\u0131mc\u0131 olabilece\u011fini g\u00f6stermektedir. Bu da sar\u0131l\u0131k, siroz, karaci\u011fer kanseri ve ya\u011fl\u0131 karaci\u011fer hastal\u0131\u011f\u0131 gibi karaci\u011fer hastal\u0131klar\u0131n\u0131n belirtilerini hafifletmeye katk\u0131 sa\u011flayabilir<\/p>\n<p><span data-wp-editing=\"1\">Ayr\u0131ca baz\u0131 ara\u015ft\u0131rmalar, silimarin\u2019in toksinlerin v\u00fccuttan at\u0131lmas\u0131nda etkili oldu\u011funu da ortaya koymu\u015ftur.<\/span><\/p>\n<p>&nbsp;<\/p>\n<p>&nbsp;<\/p>\n<p><span style=\"font-size: large;\"><strong>AENG\u0130NAR YAPRAKLARI<\/strong><\/span><\/p>\n<p><img loading=\"lazy\" decoding=\"async\" class=\" wp-image-5729 alignright\" src=\"https:\/\/www.profpetcorporation.com\/wp-content\/uploads\/2025\/04\/Hepatic-Nr-2.jpg\" alt=\"\" width=\"367\" height=\"201\" srcset=\"https:\/\/www.profpetcorporation.com\/wp-content\/uploads\/2025\/04\/Hepatic-Nr-2.jpg 639w, https:\/\/www.profpetcorporation.com\/wp-content\/uploads\/2025\/04\/Hepatic-Nr-2-300x164.jpg 300w, https:\/\/www.profpetcorporation.com\/wp-content\/uploads\/2025\/04\/Hepatic-Nr-2-600x329.jpg 600w\" sizes=\"auto, (max-width: 367px) 100vw, 367px\" \/>Karaci\u011fer, v\u00fccudun en \u00f6nemli organlar\u0131ndan biri olarak kabul edilir ve bir\u00e7ok farkl\u0131 i\u015flevi vard\u0131r. Genellikle v\u00fccudun detoksifikasyon merkezi olarak an\u0131lsa da, sindirim s\u00fcrecine de \u00f6nemli \u00f6l\u00e7\u00fcde katk\u0131da bulunur. Ya\u011flar\u0131n par\u00e7alanmas\u0131na yard\u0131mc\u0131 olan safra s\u0131v\u0131s\u0131n\u0131 \u00fcretir. Buna ek olarak, karaci\u011fer kan\u0131 filtreleyip toksinlerden ar\u0131nd\u0131r\u0131r, kan \u015fekerini d\u00fczenler, ba\u011f\u0131\u015f\u0131kl\u0131k sistemini destekler ve temel besin \u00f6\u011felerini depolar. Karaci\u011ferin genel i\u015flevi, v\u00fccut i\u00e7 dengesini (homeostaz) korumakt\u0131r.<\/p>\n<p><strong>1. Safra \u00fcretimini destekler<\/strong><br \/>\nEnginarda bulunan sinarin adl\u0131 madde, safra \u00fcretimini art\u0131rd\u0131\u011f\u0131 d\u00fc\u015f\u00fcn\u00fclmektedir. Safra, ya\u011flar\u0131n sindirimi ve emilimi i\u00e7in kritik \u00f6neme sahiptir; diyetle al\u0131nan ya\u011flar\u0131n em\u00fclsifiye edilmesine ve par\u00e7alanmas\u0131na yard\u0131mc\u0131 olur. Ayr\u0131ca safra, karaci\u011ferdeki zararl\u0131 toksinlerin at\u0131lmas\u0131n\u0131 sa\u011flar.<\/p>\n<p><strong>2. Detoksifikasyona yard\u0131mc\u0131 olur<\/strong><br \/>\nEnginar, antioksidanlar ve fitobesinler i\u00e7erir; bu maddeler karaci\u011ferin do\u011fal detoks s\u00fcre\u00e7lerini destekleyebilir. Bu bile\u015fikler, zararl\u0131 serbest radikalleri n\u00f6tralize eder ve v\u00fccuttan toksinlerin uzakla\u015ft\u0131r\u0131lmas\u0131na yard\u0131mc\u0131 olur.<\/p>\n<p><strong>3. Karaci\u011feri koruyucudur<\/strong><br \/>\nAra\u015ft\u0131rmalar, enginar\u0131n hepatoprotektif (karaci\u011fer koruyucu) etkiler g\u00f6sterdi\u011fini ortaya koymu\u015ftur. Bu da, enginar\u0131n karaci\u011feri koruma ve genel karaci\u011fer sa\u011fl\u0131\u011f\u0131n\u0131 destekleme potansiyeline sahip oldu\u011funu g\u00f6stermektedir. Ayr\u0131ca, alkol d\u0131\u015f\u0131 ya\u011fl\u0131 karaci\u011fer hastal\u0131klar\u0131n\u0131 azaltmaya ve hatta karaci\u011fer h\u00fccrelerinin yenilenmesine yard\u0131mc\u0131 olabilir.<\/p>\n<p><strong>4. Kolesterol d\u00fc\u015f\u00fcrmeye yard\u0131mc\u0131 olabilir<\/strong><br \/>\nEnginar ekstresinin, LDL (k\u00f6t\u00fc kolesterol) seviyelerini d\u00fc\u015f\u00fcrmede etkili oldu\u011fu; ayn\u0131 zamanda HDL (iyi kolesterol) miktar\u0131n\u0131 art\u0131rabilece\u011fi g\u00f6sterilmi\u015ftir.<br \/>\nEnginar, ba\u011f\u0131rsaklarda kolesterol emilimini engelleyerek kolesterol seviyelerini d\u00fczenlemeye yard\u0131mc\u0131 olan fitosteroller i\u00e7erir. Bu sayede karaci\u011fer sa\u011fl\u0131\u011f\u0131n\u0131 destekler ve karaci\u011ferde ya\u011f birikimini \u00f6nlemeye yard\u0131mc\u0131 olabilir.<\/p>\n<p>&nbsp;<\/p>\n<p>&nbsp;<\/p>\n<p><span style=\"font-size: large;\"><strong>KARAH\u0130ND\u0130BA K\u00d6K\u00dc<br \/>\n<\/strong><\/span><\/p>\n<p><img loading=\"lazy\" decoding=\"async\" class=\" wp-image-5755 alignright\" src=\"https:\/\/www.profpetcorporation.com\/wp-content\/uploads\/2025\/04\/Hepatic-Nr-3-1.jpg\" alt=\"\" width=\"280\" height=\"363\" srcset=\"https:\/\/www.profpetcorporation.com\/wp-content\/uploads\/2025\/04\/Hepatic-Nr-3-1.jpg 407w, https:\/\/www.profpetcorporation.com\/wp-content\/uploads\/2025\/04\/Hepatic-Nr-3-1-232x300.jpg 232w\" sizes=\"auto, (max-width: 280px) 100vw, 280px\" \/>Toksinlerin filtrelenmesinden ila\u00e7lar\u0131n metabolize edilmesine kadar, karaci\u011fer sa\u011fl\u0131\u011f\u0131n\u0131n bir\u00e7ok y\u00f6n\u00fc i\u00e7in hayati \u00f6neme sahiptir.<\/p>\n<p>Karahindiba k\u00f6k\u00fc, karaci\u011fere fayda sa\u011flar; oksidatif strese kar\u015f\u0131 koruyarak etkili bir \u015fekilde \u00e7al\u0131\u015fmas\u0131na yard\u0131mc\u0131 olur.<br \/>\nAsl\u0131nda, \u00c7in, Hindistan ve Rusya gibi \u00fclkelerde geleneksel halk hekimli\u011fi, karahindiban\u0131n karaci\u011fer \u00fczerindeki olumlu etkilerini bir karaci\u011fer tonik olarak uzun zamand\u0131r kabul etmektedir. Bu etki b\u00fcy\u00fck \u00f6l\u00e7\u00fcde anti-inflamatuar (iltihap \u00f6nleyici) \u00f6zelliklerine ve oksidatif stresle sava\u015fma kabiliyetine dayanmaktad\u0131r.<\/p>\n<p>Bu koruyucu etkiler, karahindiba k\u00f6k\u00fcnde bulunan y\u00fcksek miktardaki antioksidanlardan ve h\u00fccre hasar\u0131n\u0131 \u00f6nleme yetene\u011finden kaynaklanmaktad\u0131r.<\/p>\n<p>&nbsp;<\/p>\n<p><span style=\"font-size: medium;\"><br \/>\n<\/span><strong><span style=\"font-size: medium;\">Sa\u011fl\u0131kl\u0131 bir k\u00f6pek, mutlu bir k\u00f6pektir.<\/span><\/strong><\/p>\n<p>&nbsp;<\/p>\n<p>&nbsp;<\/p>\n<p>&nbsp;<\/p>\n","protected":false},"excerpt":{"rendered":"<p>%100 DO\u011eAL \u00dcR\u00dcN Baz\u0131 ila\u00e7lar da dahil olmak \u00fczere karaci\u011feri toksinlerden korur. Karaci\u011fer ve safra kesesi fonksiyonlar\u0131n\u0131 iyile\u015ftirmeye yard\u0131mc\u0131 olabilir. Kolesterol seviyeleri \u00fczerinde faydal\u0131 etkiler sa\u011flar. Sa\u011fl\u0131kl\u0131 bir karaci\u011feri destekler. \u0130\u00e7indekiler: peynir alt\u0131 suyu tozu, pirin\u00e7 irmi\u011fi, \u00fcz\u00fcm \u015fekeri, soya unu, silisik asit, ya\u011fdan ar\u0131nd\u0131r\u0131lm\u0131\u015f deve dikeni tohumu tozu %4, buharla i\u015flenmi\u015f karahindiba k\u00f6k\u00fc tozu [&hellip;]<\/p>\n","protected":false},"featured_media":5781,"comment_status":"open","ping_status":"closed","template":"","meta":{"_acf_changed":false},"product_brand":[],"product_cat":[229,228],"product_tag":[],"class_list":{"0":"post-5783","1":"product","2":"type-product","3":"status-publish","4":"has-post-thumbnail","6":"product_cat-kopekler-icin-saglikli-oduller-135g","7":"product_cat-pro-vet-tr","9":"first","10":"instock","11":"shipping-taxable","12":"product-type-simple"},"acf":[],"yoast_head":"<!-- This site is optimized with the Yoast SEO plugin v27.3 - https:\/\/yoast.com\/product\/yoast-seo-wordpress\/ -->\n<title>PRO-VET\u00ae Hepatic - Prof Pet Corporation<\/title>\n<meta name=\"robots\" content=\"index, follow, max-snippet:-1, max-image-preview:large, max-video-preview:-1\" \/>\n<link rel=\"canonical\" href=\"https:\/\/www.profpetcorporation.com\/tr\/urun\/pro-vet-hepatic-2\/\" \/>\n<meta property=\"og:locale\" content=\"tr_TR\" \/>\n<meta property=\"og:type\" content=\"article\" \/>\n<meta property=\"og:title\" content=\"PRO-VET\u00ae Hepatic - Prof Pet Corporation\" \/>\n<meta property=\"og:description\" content=\"%100 DO\u011eAL \u00dcR\u00dcN Baz\u0131 ila\u00e7lar da dahil olmak \u00fczere karaci\u011feri toksinlerden korur. Karaci\u011fer ve safra kesesi fonksiyonlar\u0131n\u0131 iyile\u015ftirmeye yard\u0131mc\u0131 olabilir. Kolesterol seviyeleri \u00fczerinde faydal\u0131 etkiler sa\u011flar. Sa\u011fl\u0131kl\u0131 bir karaci\u011feri destekler. \u0130\u00e7indekiler: peynir alt\u0131 suyu tozu, pirin\u00e7 irmi\u011fi, \u00fcz\u00fcm \u015fekeri, soya unu, silisik asit, ya\u011fdan ar\u0131nd\u0131r\u0131lm\u0131\u015f deve dikeni tohumu tozu %4, buharla i\u015flenmi\u015f karahindiba k\u00f6k\u00fc tozu [&hellip;]\" \/>\n<meta property=\"og:url\" content=\"https:\/\/www.profpetcorporation.com\/tr\/urun\/pro-vet-hepatic-2\/\" \/>\n<meta property=\"og:site_name\" content=\"Prof Pet Corporation\" \/>\n<meta property=\"article:modified_time\" content=\"2025-04-23T15:53:35+00:00\" \/>\n<meta property=\"og:image\" content=\"https:\/\/www.profpetcorporation.com\/wp-content\/uploads\/2025\/04\/PRO-VET-Hepatic-135g.jpg\" \/>\n\t<meta property=\"og:image:width\" content=\"1080\" \/>\n\t<meta property=\"og:image:height\" content=\"1080\" \/>\n\t<meta property=\"og:image:type\" content=\"image\/jpeg\" \/>\n<meta name=\"twitter:card\" content=\"summary_large_image\" \/>\n<meta name=\"twitter:label1\" content=\"Tahmini okuma s\u00fcresi\" \/>\n\t<meta name=\"twitter:data1\" content=\"4 dakika\" \/>\n<script type=\"application\/ld+json\" class=\"yoast-schema-graph\">{\"@context\":\"https:\\\/\\\/schema.org\",\"@graph\":[{\"@type\":\"WebPage\",\"@id\":\"https:\\\/\\\/www.profpetcorporation.com\\\/tr\\\/urun\\\/pro-vet-hepatic-2\\\/\",\"url\":\"https:\\\/\\\/www.profpetcorporation.com\\\/tr\\\/urun\\\/pro-vet-hepatic-2\\\/\",\"name\":\"PRO-VET\u00ae Hepatic - Prof Pet Corporation\",\"isPartOf\":{\"@id\":\"https:\\\/\\\/www.profpetcorporation.com\\\/tr\\\/#website\"},\"primaryImageOfPage\":{\"@id\":\"https:\\\/\\\/www.profpetcorporation.com\\\/tr\\\/urun\\\/pro-vet-hepatic-2\\\/#primaryimage\"},\"image\":{\"@id\":\"https:\\\/\\\/www.profpetcorporation.com\\\/tr\\\/urun\\\/pro-vet-hepatic-2\\\/#primaryimage\"},\"thumbnailUrl\":\"https:\\\/\\\/www.profpetcorporation.com\\\/wp-content\\\/uploads\\\/2025\\\/04\\\/PRO-VET-Hepatic-135g.jpg\",\"datePublished\":\"2025-04-11T15:20:54+00:00\",\"dateModified\":\"2025-04-23T15:53:35+00:00\",\"breadcrumb\":{\"@id\":\"https:\\\/\\\/www.profpetcorporation.com\\\/tr\\\/urun\\\/pro-vet-hepatic-2\\\/#breadcrumb\"},\"inLanguage\":\"tr\",\"potentialAction\":[{\"@type\":\"ReadAction\",\"target\":[\"https:\\\/\\\/www.profpetcorporation.com\\\/tr\\\/urun\\\/pro-vet-hepatic-2\\\/\"]}]},{\"@type\":\"ImageObject\",\"inLanguage\":\"tr\",\"@id\":\"https:\\\/\\\/www.profpetcorporation.com\\\/tr\\\/urun\\\/pro-vet-hepatic-2\\\/#primaryimage\",\"url\":\"https:\\\/\\\/www.profpetcorporation.com\\\/wp-content\\\/uploads\\\/2025\\\/04\\\/PRO-VET-Hepatic-135g.jpg\",\"contentUrl\":\"https:\\\/\\\/www.profpetcorporation.com\\\/wp-content\\\/uploads\\\/2025\\\/04\\\/PRO-VET-Hepatic-135g.jpg\",\"width\":1080,\"height\":1080},{\"@type\":\"BreadcrumbList\",\"@id\":\"https:\\\/\\\/www.profpetcorporation.com\\\/tr\\\/urun\\\/pro-vet-hepatic-2\\\/#breadcrumb\",\"itemListElement\":[{\"@type\":\"ListItem\",\"position\":1,\"name\":\"Home\",\"item\":\"https:\\\/\\\/www.profpetcorporation.com\\\/tr\\\/\"},{\"@type\":\"ListItem\",\"position\":2,\"name\":\"Shop\",\"item\":\"https:\\\/\\\/www.profpetcorporation.com\\\/shop\\\/\"},{\"@type\":\"ListItem\",\"position\":3,\"name\":\"PRO-VET\u00ae\",\"item\":\"https:\\\/\\\/www.profpetcorporation.com\\\/tr\\\/merken\\\/pro-vet-tr\\\/\"},{\"@type\":\"ListItem\",\"position\":4,\"name\":\"PRO-VET\u00ae Hepatic\"}]},{\"@type\":\"WebSite\",\"@id\":\"https:\\\/\\\/www.profpetcorporation.com\\\/tr\\\/#website\",\"url\":\"https:\\\/\\\/www.profpetcorporation.com\\\/tr\\\/\",\"name\":\"Prof Pet Corporation\",\"description\":\"\",\"potentialAction\":[{\"@type\":\"SearchAction\",\"target\":{\"@type\":\"EntryPoint\",\"urlTemplate\":\"https:\\\/\\\/www.profpetcorporation.com\\\/tr\\\/?s={search_term_string}\"},\"query-input\":{\"@type\":\"PropertyValueSpecification\",\"valueRequired\":true,\"valueName\":\"search_term_string\"}}],\"inLanguage\":\"tr\"}]}<\/script>\n<!-- \/ Yoast SEO plugin. -->","yoast_head_json":{"title":"PRO-VET\u00ae Hepatic - Prof Pet Corporation","robots":{"index":"index","follow":"follow","max-snippet":"max-snippet:-1","max-image-preview":"max-image-preview:large","max-video-preview":"max-video-preview:-1"},"canonical":"https:\/\/www.profpetcorporation.com\/tr\/urun\/pro-vet-hepatic-2\/","og_locale":"tr_TR","og_type":"article","og_title":"PRO-VET\u00ae Hepatic - Prof Pet Corporation","og_description":"%100 DO\u011eAL \u00dcR\u00dcN Baz\u0131 ila\u00e7lar da dahil olmak \u00fczere karaci\u011feri toksinlerden korur. Karaci\u011fer ve safra kesesi fonksiyonlar\u0131n\u0131 iyile\u015ftirmeye yard\u0131mc\u0131 olabilir. Kolesterol seviyeleri \u00fczerinde faydal\u0131 etkiler sa\u011flar. Sa\u011fl\u0131kl\u0131 bir karaci\u011feri destekler. \u0130\u00e7indekiler: peynir alt\u0131 suyu tozu, pirin\u00e7 irmi\u011fi, \u00fcz\u00fcm \u015fekeri, soya unu, silisik asit, ya\u011fdan ar\u0131nd\u0131r\u0131lm\u0131\u015f deve dikeni tohumu tozu %4, buharla i\u015flenmi\u015f karahindiba k\u00f6k\u00fc tozu [&hellip;]","og_url":"https:\/\/www.profpetcorporation.com\/tr\/urun\/pro-vet-hepatic-2\/","og_site_name":"Prof Pet Corporation","article_modified_time":"2025-04-23T15:53:35+00:00","og_image":[{"width":1080,"height":1080,"url":"https:\/\/www.profpetcorporation.com\/wp-content\/uploads\/2025\/04\/PRO-VET-Hepatic-135g.jpg","type":"image\/jpeg"}],"twitter_card":"summary_large_image","twitter_misc":{"Tahmini okuma s\u00fcresi":"4 dakika"},"schema":{"@context":"https:\/\/schema.org","@graph":[{"@type":"WebPage","@id":"https:\/\/www.profpetcorporation.com\/tr\/urun\/pro-vet-hepatic-2\/","url":"https:\/\/www.profpetcorporation.com\/tr\/urun\/pro-vet-hepatic-2\/","name":"PRO-VET\u00ae Hepatic - Prof Pet Corporation","isPartOf":{"@id":"https:\/\/www.profpetcorporation.com\/tr\/#website"},"primaryImageOfPage":{"@id":"https:\/\/www.profpetcorporation.com\/tr\/urun\/pro-vet-hepatic-2\/#primaryimage"},"image":{"@id":"https:\/\/www.profpetcorporation.com\/tr\/urun\/pro-vet-hepatic-2\/#primaryimage"},"thumbnailUrl":"https:\/\/www.profpetcorporation.com\/wp-content\/uploads\/2025\/04\/PRO-VET-Hepatic-135g.jpg","datePublished":"2025-04-11T15:20:54+00:00","dateModified":"2025-04-23T15:53:35+00:00","breadcrumb":{"@id":"https:\/\/www.profpetcorporation.com\/tr\/urun\/pro-vet-hepatic-2\/#breadcrumb"},"inLanguage":"tr","potentialAction":[{"@type":"ReadAction","target":["https:\/\/www.profpetcorporation.com\/tr\/urun\/pro-vet-hepatic-2\/"]}]},{"@type":"ImageObject","inLanguage":"tr","@id":"https:\/\/www.profpetcorporation.com\/tr\/urun\/pro-vet-hepatic-2\/#primaryimage","url":"https:\/\/www.profpetcorporation.com\/wp-content\/uploads\/2025\/04\/PRO-VET-Hepatic-135g.jpg","contentUrl":"https:\/\/www.profpetcorporation.com\/wp-content\/uploads\/2025\/04\/PRO-VET-Hepatic-135g.jpg","width":1080,"height":1080},{"@type":"BreadcrumbList","@id":"https:\/\/www.profpetcorporation.com\/tr\/urun\/pro-vet-hepatic-2\/#breadcrumb","itemListElement":[{"@type":"ListItem","position":1,"name":"Home","item":"https:\/\/www.profpetcorporation.com\/tr\/"},{"@type":"ListItem","position":2,"name":"Shop","item":"https:\/\/www.profpetcorporation.com\/shop\/"},{"@type":"ListItem","position":3,"name":"PRO-VET\u00ae","item":"https:\/\/www.profpetcorporation.com\/tr\/merken\/pro-vet-tr\/"},{"@type":"ListItem","position":4,"name":"PRO-VET\u00ae Hepatic"}]},{"@type":"WebSite","@id":"https:\/\/www.profpetcorporation.com\/tr\/#website","url":"https:\/\/www.profpetcorporation.com\/tr\/","name":"Prof Pet Corporation","description":"","potentialAction":[{"@type":"SearchAction","target":{"@type":"EntryPoint","urlTemplate":"https:\/\/www.profpetcorporation.com\/tr\/?s={search_term_string}"},"query-input":{"@type":"PropertyValueSpecification","valueRequired":true,"valueName":"search_term_string"}}],"inLanguage":"tr"}]}},"_links":{"self":[{"href":"https:\/\/www.profpetcorporation.com\/tr\/wp-json\/wp\/v2\/product\/5783","targetHints":{"allow":["GET"]}}],"collection":[{"href":"https:\/\/www.profpetcorporation.com\/tr\/wp-json\/wp\/v2\/product"}],"about":[{"href":"https:\/\/www.profpetcorporation.com\/tr\/wp-json\/wp\/v2\/types\/product"}],"replies":[{"embeddable":true,"href":"https:\/\/www.profpetcorporation.com\/tr\/wp-json\/wp\/v2\/comments?post=5783"}],"wp:featuredmedia":[{"embeddable":true,"href":"https:\/\/www.profpetcorporation.com\/tr\/wp-json\/wp\/v2\/media\/5781"}],"wp:attachment":[{"href":"https:\/\/www.profpetcorporation.com\/tr\/wp-json\/wp\/v2\/media?parent=5783"}],"wp:term":[{"taxonomy":"product_brand","embeddable":true,"href":"https:\/\/www.profpetcorporation.com\/tr\/wp-json\/wp\/v2\/product_brand?post=5783"},{"taxonomy":"product_cat","embeddable":true,"href":"https:\/\/www.profpetcorporation.com\/tr\/wp-json\/wp\/v2\/product_cat?post=5783"},{"taxonomy":"product_tag","embeddable":true,"href":"https:\/\/www.profpetcorporation.com\/tr\/wp-json\/wp\/v2\/product_tag?post=5783"}],"curies":[{"name":"wp","href":"https:\/\/api.w.org\/{rel}","templated":true}]}}