{"id":5711,"date":"2024-07-12T09:13:21","date_gmt":"2024-07-12T09:13:21","guid":{"rendered":"https:\/\/www.profpetcorporation.com\/?post_type=product&#038;p=5711"},"modified":"2025-04-23T15:51:34","modified_gmt":"2025-04-23T15:51:34","slug":"pro-vet-anti-parasites","status":"publish","type":"product","link":"https:\/\/www.profpetcorporation.com\/tr\/urun\/pro-vet-anti-parasites\/","title":{"rendered":"PRO-VET\u00ae Anti-Parasites"},"content":{"rendered":"<p><span style=\"font-size: X-large;\"><strong>(PIRELER, BITLER, KENELER, BA\u011eIRSAK KURTLARI)<\/strong><\/span><\/p>\n<ul>\n<li style=\"list-style-type: none;\">\n<ul>\n<li><span style=\"font-size: larger;\"><strong>%100 DO\u011eAL \u00dcR\u00dcN<br \/>\n<\/strong><\/span><\/li>\n<li><span style=\"font-size: larger;\"><strong>Pire, bit, kene ve ba\u011f\u0131rsak kurtlar\u0131na kar\u015f\u0131 \u00f6nleyici etkili.<\/strong><\/span><\/li>\n<li><span style=\"font-size: larger;\"><strong>Kan bas\u0131nc\u0131 ve kalbi destekleyici.<\/strong><\/span><\/li>\n<li><span style=\"font-size: larger;\"><strong>Kolesterol seviyesini d\u00fc\u015f\u00fcr\u00fcr.<\/strong><\/span><strong><br \/>\n<\/strong><\/li>\n<\/ul>\n<\/li>\n<\/ul>\n<p><strong><br \/>\n<\/strong><span style=\"font-size: medium;\"><strong>\u0130\u00e7indekiler:<\/strong> kurutulmu\u015f peynir alt\u0131 suyu, bu\u011fday ni\u015fastas\u0131, dekstroz, kurutulmu\u015f s\u00fct mayas\u0131 ekstresi, kurutulmu\u015f deniz yosunu, bira mayas\u0131 ekstresi, alliin, allicin, baharat kar\u0131\u015f\u0131m\u0131, havu\u00e7, vitaminler. <strong>Besin katkilari: <\/strong>B1 Vitamini %0.08, B2 Vitamini %0.11, B3 Vitamini %0.059, B6 Vitamini %0.06, B12 Vitamin %0.71, A Vitamini 9.474 \u0130\u00dc\/kg, D3 Vitamini 1.053 \u0130\u00dc\/kg, E Vitamini 7mg\/kg.<strong>\u00a0<\/strong><strong>Analitik bile\u015fenleri:<\/strong> ham protein %11, ham ya\u011f %7.1, ham k\u00fcl %2.9, ham sel\u00fcloz %3.5, nem %7.<br \/>\n<strong>G\u00fcnl\u00fck t\u00fcketim: <\/strong>en az 2 tablet her 10kg a\u011f\u0131rl\u0131k i\u00e7in, g\u00fcnde 3 kez. A\u011f\u0131zdan kullan\u0131m\u0131yla herhangi bir yan etkisi yoktur. \u00dcretim ve paketleme Hollanda\u2019da yap\u0131lm\u0131\u015ft\u0131r. Serin ve kuru yerde saklay\u0131n\u0131z. <strong>Son kullanma tarihi:<\/strong> pakete bak\u0131n\u0131z. <strong>Net kilo:<\/strong> 135g. <strong>I\u00e7erik:<\/strong> \u00b1100 tablet<br \/>\n<\/span><\/p>\n<p><span style=\"font-size: medium;\"><u>di\u011fer bile\u015fenler:<\/u><\/span><\/p>\n<p><strong>ALLIIN VE ALLISIN<\/strong><\/p>\n<p><span style=\"font-size: medium;\"><strong>PRO-VET<\/strong>\u00ae<strong> Anti-Parasites <\/strong>alt\u0131 suyu Pastilleri, bit, pire, b\u00f6cek ve ba\u011f\u0131rsak kurtlar\u0131na kar\u015f\u0131 %100 do\u011fal ve etkili olan anti-parazit \u00f6zelli\u011fi ta\u015f\u0131yan preparasyonlard\u0131r.<\/span><br \/>\n<img loading=\"lazy\" decoding=\"async\" class=\"wp-image-4399 alignright\" src=\"https:\/\/www.profpetcorporation.com\/wp-content\/uploads\/2024\/11\/ANTI-PARASITES-1.jpg\" alt=\"\" width=\"300\" height=\"218\" srcset=\"https:\/\/www.profpetcorporation.com\/wp-content\/uploads\/2024\/11\/ANTI-PARASITES-1.jpg 628w, https:\/\/www.profpetcorporation.com\/wp-content\/uploads\/2024\/11\/ANTI-PARASITES-1-600x436.jpg 600w, https:\/\/www.profpetcorporation.com\/wp-content\/uploads\/2024\/11\/ANTI-PARASITES-1-300x218.jpg 300w\" sizes=\"auto, (max-width: 300px) 100vw, 300px\" \/><\/p>\n<p style=\"text-align: justify;\"><span style=\"font-size: medium;\"><strong>PRO-VET\u00ae Anti-Parasites\u00a0<\/strong>alt\u0131 suyu Pastilleri bile\u015fiminde y\u00fcksek yo\u011funlukta alliin ve alliinaz grubundan enzimler ihtiva etmektedir. Alliin\u2019de amino asitler \u00e7ok \u00f6nemlidir ve alliicin\u2019in aktif bile\u015feninin \u00fcretiminde temel say\u0131l\u0131r. Alliin\u2019in Allisin\u2019e d\u00f6n\u00fc\u015f\u00fcm\u00fc alliinaz enzimleri sayesinde olur ve bu alliin\u2019in ve alliinaz\u2019\u0131n birle\u015fme s\u00fcrecinde ger\u00e7ekle\u015fir. Sar\u0131msa\u011f\u0131n ezilmesi s\u0131ras\u0131nda kimyasal reaksiyon olu\u015fur ve aktif bile\u015fen olan Alisin olu\u015fur. Allisin, molek\u00fcler seviyede kullan\u0131l\u0131r ve bu sar\u0131msaktaki en \u00f6nemli biyolojik olarak aktif elementtir. Alliin ve alliinaz di\u015f sar\u0131msaklarda bulunur. Alliinaz grubundan enzimler, di\u015f sar\u0131msa\u011f\u0131n \u00e7eperinde ve alinine di\u015f sar\u0131msa\u011f\u0131n kendisinde bulunur. Allisin, belli enzim gruplar\u0131n\u0131 bloke eder ve onlar\u0131 enfeksiyona kar\u015f\u0131 do\u011fal silah haline getirir. Ayn\u0131 zamanda, kolestrol\u00fc sentezlemede rol oynayan baz\u0131 enzimlerin ba\u015fl\u0131ca bile\u015fenlerini de bloke eder ve b\u00f6ylece kardiyovask\u00fcler sistemin do\u011fal i\u015flemesine katk\u0131da bulunur.<strong> PRO-VET\u00ae Anti-Parasites <\/strong>to alt\u0131 suyu Pastilleri\u2019nin g\u00fcnl\u00fck kullan\u0131m\u0131 hayvanlarda kanser ve kardiyovask\u00fcler bozukluk riskini azalt\u0131r.<br \/>\nBuna ek olarak, y\u00fcksek yo\u011funlukta bulunan alliin ve allicin sayesinde<strong> PRO-VET\u00ae Anti-Parasites <\/strong>alt\u0131 suyu Pastilleri preparasyonlar\u0131 y\u00fcksek antibakteriyel, antiviral ve antifungal etkiye sahiptir: kan damarlar\u0131n\u0131 temizler ve damar sertli\u011fine iyi gelir; kan dola\u015f\u0131m\u0131n\u0131 iyile\u015ftirir; kandaki kolestrol ve ya\u011f (trigliserid) oran\u0131n\u0131 azalt\u0131r; ba\u011f\u0131\u015f\u0131kl\u0131k sistemini kuvvetlendirir ve son olarak deri hastal\u0131klar\u0131n\u0131 ve mantar enfeksiyonlar\u0131n\u0131 iyile\u015ftirir..<\/span><\/p>\n<p>&nbsp;<\/p>\n<p><span style=\"font-size: medium;\"><br \/>\n<\/span><strong><span style=\"font-size: medium;\">Sa\u011fl\u0131kl\u0131 bir k\u00f6pek, mutlu bir k\u00f6pektir.<\/span><\/strong><\/p>\n<p>&nbsp;<\/p>\n","protected":false},"excerpt":{"rendered":"<p>(PIRELER, BITLER, KENELER, BA\u011eIRSAK KURTLARI) %100 DO\u011eAL \u00dcR\u00dcN Pire, bit, kene ve ba\u011f\u0131rsak kurtlar\u0131na kar\u015f\u0131 \u00f6nleyici etkili. Kan bas\u0131nc\u0131 ve kalbi destekleyici. Kolesterol seviyesini d\u00fc\u015f\u00fcr\u00fcr. \u0130\u00e7indekiler: kurutulmu\u015f peynir alt\u0131 suyu, bu\u011fday ni\u015fastas\u0131, dekstroz, kurutulmu\u015f s\u00fct mayas\u0131 ekstresi, kurutulmu\u015f deniz yosunu, bira mayas\u0131 ekstresi, alliin, allicin, baharat kar\u0131\u015f\u0131m\u0131, havu\u00e7, vitaminler. Besin katkilari: B1 Vitamini %0.08, B2 [&hellip;]<\/p>\n","protected":false},"featured_media":5446,"comment_status":"open","ping_status":"closed","template":"","meta":{"_acf_changed":false},"product_brand":[],"product_cat":[229,228],"product_tag":[],"class_list":{"0":"post-5711","1":"product","2":"type-product","3":"status-publish","4":"has-post-thumbnail","6":"product_cat-kopekler-icin-saglikli-oduller-135g","7":"product_cat-pro-vet-tr","9":"first","10":"instock","11":"shipping-taxable","12":"product-type-simple"},"acf":[],"yoast_head":"<!-- This site is optimized with the Yoast SEO plugin v27.3 - https:\/\/yoast.com\/product\/yoast-seo-wordpress\/ -->\n<title>PRO-VET\u00ae Anti-Parasites - Prof Pet Corporation<\/title>\n<meta name=\"robots\" content=\"index, follow, max-snippet:-1, max-image-preview:large, max-video-preview:-1\" \/>\n<link rel=\"canonical\" href=\"https:\/\/www.profpetcorporation.com\/tr\/urun\/pro-vet-anti-parasites\/\" \/>\n<meta property=\"og:locale\" content=\"tr_TR\" \/>\n<meta property=\"og:type\" content=\"article\" \/>\n<meta property=\"og:title\" content=\"PRO-VET\u00ae Anti-Parasites - Prof Pet Corporation\" \/>\n<meta property=\"og:description\" content=\"(PIRELER, BITLER, KENELER, BA\u011eIRSAK KURTLARI) %100 DO\u011eAL \u00dcR\u00dcN Pire, bit, kene ve ba\u011f\u0131rsak kurtlar\u0131na kar\u015f\u0131 \u00f6nleyici etkili. Kan bas\u0131nc\u0131 ve kalbi destekleyici. Kolesterol seviyesini d\u00fc\u015f\u00fcr\u00fcr. \u0130\u00e7indekiler: kurutulmu\u015f peynir alt\u0131 suyu, bu\u011fday ni\u015fastas\u0131, dekstroz, kurutulmu\u015f s\u00fct mayas\u0131 ekstresi, kurutulmu\u015f deniz yosunu, bira mayas\u0131 ekstresi, alliin, allicin, baharat kar\u0131\u015f\u0131m\u0131, havu\u00e7, vitaminler. Besin katkilari: B1 Vitamini %0.08, B2 [&hellip;]\" \/>\n<meta property=\"og:url\" content=\"https:\/\/www.profpetcorporation.com\/tr\/urun\/pro-vet-anti-parasites\/\" \/>\n<meta property=\"og:site_name\" content=\"Prof Pet Corporation\" \/>\n<meta property=\"article:modified_time\" content=\"2025-04-23T15:51:34+00:00\" \/>\n<meta property=\"og:image\" content=\"https:\/\/www.profpetcorporation.com\/wp-content\/uploads\/2024\/12\/PRO-VET-Anti-Parasites.jpg\" \/>\n\t<meta property=\"og:image:width\" content=\"1078\" \/>\n\t<meta property=\"og:image:height\" content=\"1076\" \/>\n\t<meta property=\"og:image:type\" content=\"image\/jpeg\" \/>\n<meta name=\"twitter:card\" content=\"summary_large_image\" \/>\n<meta name=\"twitter:label1\" content=\"Tahmini okuma s\u00fcresi\" \/>\n\t<meta name=\"twitter:data1\" content=\"3 dakika\" \/>\n<script type=\"application\/ld+json\" class=\"yoast-schema-graph\">{\"@context\":\"https:\\\/\\\/schema.org\",\"@graph\":[{\"@type\":\"WebPage\",\"@id\":\"https:\\\/\\\/www.profpetcorporation.com\\\/tr\\\/urun\\\/pro-vet-anti-parasites\\\/\",\"url\":\"https:\\\/\\\/www.profpetcorporation.com\\\/tr\\\/urun\\\/pro-vet-anti-parasites\\\/\",\"name\":\"PRO-VET\u00ae Anti-Parasites - Prof Pet Corporation\",\"isPartOf\":{\"@id\":\"https:\\\/\\\/www.profpetcorporation.com\\\/tr\\\/#website\"},\"primaryImageOfPage\":{\"@id\":\"https:\\\/\\\/www.profpetcorporation.com\\\/tr\\\/urun\\\/pro-vet-anti-parasites\\\/#primaryimage\"},\"image\":{\"@id\":\"https:\\\/\\\/www.profpetcorporation.com\\\/tr\\\/urun\\\/pro-vet-anti-parasites\\\/#primaryimage\"},\"thumbnailUrl\":\"https:\\\/\\\/www.profpetcorporation.com\\\/wp-content\\\/uploads\\\/2024\\\/12\\\/PRO-VET-Anti-Parasites.jpg\",\"datePublished\":\"2024-07-12T09:13:21+00:00\",\"dateModified\":\"2025-04-23T15:51:34+00:00\",\"breadcrumb\":{\"@id\":\"https:\\\/\\\/www.profpetcorporation.com\\\/tr\\\/urun\\\/pro-vet-anti-parasites\\\/#breadcrumb\"},\"inLanguage\":\"tr\",\"potentialAction\":[{\"@type\":\"ReadAction\",\"target\":[\"https:\\\/\\\/www.profpetcorporation.com\\\/tr\\\/urun\\\/pro-vet-anti-parasites\\\/\"]}]},{\"@type\":\"ImageObject\",\"inLanguage\":\"tr\",\"@id\":\"https:\\\/\\\/www.profpetcorporation.com\\\/tr\\\/urun\\\/pro-vet-anti-parasites\\\/#primaryimage\",\"url\":\"https:\\\/\\\/www.profpetcorporation.com\\\/wp-content\\\/uploads\\\/2024\\\/12\\\/PRO-VET-Anti-Parasites.jpg\",\"contentUrl\":\"https:\\\/\\\/www.profpetcorporation.com\\\/wp-content\\\/uploads\\\/2024\\\/12\\\/PRO-VET-Anti-Parasites.jpg\",\"width\":1078,\"height\":1076},{\"@type\":\"BreadcrumbList\",\"@id\":\"https:\\\/\\\/www.profpetcorporation.com\\\/tr\\\/urun\\\/pro-vet-anti-parasites\\\/#breadcrumb\",\"itemListElement\":[{\"@type\":\"ListItem\",\"position\":1,\"name\":\"Home\",\"item\":\"https:\\\/\\\/www.profpetcorporation.com\\\/tr\\\/\"},{\"@type\":\"ListItem\",\"position\":2,\"name\":\"Shop\",\"item\":\"https:\\\/\\\/www.profpetcorporation.com\\\/shop\\\/\"},{\"@type\":\"ListItem\",\"position\":3,\"name\":\"PRO-VET\u00ae\",\"item\":\"https:\\\/\\\/www.profpetcorporation.com\\\/tr\\\/merken\\\/pro-vet-tr\\\/\"},{\"@type\":\"ListItem\",\"position\":4,\"name\":\"K\u00f6pekler \u0130\u00e7in Sa\u011fl\u0131kl\u0131 \u00d6d\u00fcller 135g\",\"item\":\"https:\\\/\\\/www.profpetcorporation.com\\\/tr\\\/merken\\\/pro-vet-tr\\\/kopekler-icin-saglikli-oduller-135g\\\/\"},{\"@type\":\"ListItem\",\"position\":5,\"name\":\"PRO-VET\u00ae Anti-Parasites\"}]},{\"@type\":\"WebSite\",\"@id\":\"https:\\\/\\\/www.profpetcorporation.com\\\/tr\\\/#website\",\"url\":\"https:\\\/\\\/www.profpetcorporation.com\\\/tr\\\/\",\"name\":\"Prof Pet Corporation\",\"description\":\"\",\"potentialAction\":[{\"@type\":\"SearchAction\",\"target\":{\"@type\":\"EntryPoint\",\"urlTemplate\":\"https:\\\/\\\/www.profpetcorporation.com\\\/tr\\\/?s={search_term_string}\"},\"query-input\":{\"@type\":\"PropertyValueSpecification\",\"valueRequired\":true,\"valueName\":\"search_term_string\"}}],\"inLanguage\":\"tr\"}]}<\/script>\n<!-- \/ Yoast SEO plugin. -->","yoast_head_json":{"title":"PRO-VET\u00ae Anti-Parasites - Prof Pet Corporation","robots":{"index":"index","follow":"follow","max-snippet":"max-snippet:-1","max-image-preview":"max-image-preview:large","max-video-preview":"max-video-preview:-1"},"canonical":"https:\/\/www.profpetcorporation.com\/tr\/urun\/pro-vet-anti-parasites\/","og_locale":"tr_TR","og_type":"article","og_title":"PRO-VET\u00ae Anti-Parasites - Prof Pet Corporation","og_description":"(PIRELER, BITLER, KENELER, BA\u011eIRSAK KURTLARI) %100 DO\u011eAL \u00dcR\u00dcN Pire, bit, kene ve ba\u011f\u0131rsak kurtlar\u0131na kar\u015f\u0131 \u00f6nleyici etkili. Kan bas\u0131nc\u0131 ve kalbi destekleyici. Kolesterol seviyesini d\u00fc\u015f\u00fcr\u00fcr. \u0130\u00e7indekiler: kurutulmu\u015f peynir alt\u0131 suyu, bu\u011fday ni\u015fastas\u0131, dekstroz, kurutulmu\u015f s\u00fct mayas\u0131 ekstresi, kurutulmu\u015f deniz yosunu, bira mayas\u0131 ekstresi, alliin, allicin, baharat kar\u0131\u015f\u0131m\u0131, havu\u00e7, vitaminler. Besin katkilari: B1 Vitamini %0.08, B2 [&hellip;]","og_url":"https:\/\/www.profpetcorporation.com\/tr\/urun\/pro-vet-anti-parasites\/","og_site_name":"Prof Pet Corporation","article_modified_time":"2025-04-23T15:51:34+00:00","og_image":[{"width":1078,"height":1076,"url":"https:\/\/www.profpetcorporation.com\/wp-content\/uploads\/2024\/12\/PRO-VET-Anti-Parasites.jpg","type":"image\/jpeg"}],"twitter_card":"summary_large_image","twitter_misc":{"Tahmini okuma s\u00fcresi":"3 dakika"},"schema":{"@context":"https:\/\/schema.org","@graph":[{"@type":"WebPage","@id":"https:\/\/www.profpetcorporation.com\/tr\/urun\/pro-vet-anti-parasites\/","url":"https:\/\/www.profpetcorporation.com\/tr\/urun\/pro-vet-anti-parasites\/","name":"PRO-VET\u00ae Anti-Parasites - Prof Pet Corporation","isPartOf":{"@id":"https:\/\/www.profpetcorporation.com\/tr\/#website"},"primaryImageOfPage":{"@id":"https:\/\/www.profpetcorporation.com\/tr\/urun\/pro-vet-anti-parasites\/#primaryimage"},"image":{"@id":"https:\/\/www.profpetcorporation.com\/tr\/urun\/pro-vet-anti-parasites\/#primaryimage"},"thumbnailUrl":"https:\/\/www.profpetcorporation.com\/wp-content\/uploads\/2024\/12\/PRO-VET-Anti-Parasites.jpg","datePublished":"2024-07-12T09:13:21+00:00","dateModified":"2025-04-23T15:51:34+00:00","breadcrumb":{"@id":"https:\/\/www.profpetcorporation.com\/tr\/urun\/pro-vet-anti-parasites\/#breadcrumb"},"inLanguage":"tr","potentialAction":[{"@type":"ReadAction","target":["https:\/\/www.profpetcorporation.com\/tr\/urun\/pro-vet-anti-parasites\/"]}]},{"@type":"ImageObject","inLanguage":"tr","@id":"https:\/\/www.profpetcorporation.com\/tr\/urun\/pro-vet-anti-parasites\/#primaryimage","url":"https:\/\/www.profpetcorporation.com\/wp-content\/uploads\/2024\/12\/PRO-VET-Anti-Parasites.jpg","contentUrl":"https:\/\/www.profpetcorporation.com\/wp-content\/uploads\/2024\/12\/PRO-VET-Anti-Parasites.jpg","width":1078,"height":1076},{"@type":"BreadcrumbList","@id":"https:\/\/www.profpetcorporation.com\/tr\/urun\/pro-vet-anti-parasites\/#breadcrumb","itemListElement":[{"@type":"ListItem","position":1,"name":"Home","item":"https:\/\/www.profpetcorporation.com\/tr\/"},{"@type":"ListItem","position":2,"name":"Shop","item":"https:\/\/www.profpetcorporation.com\/shop\/"},{"@type":"ListItem","position":3,"name":"PRO-VET\u00ae","item":"https:\/\/www.profpetcorporation.com\/tr\/merken\/pro-vet-tr\/"},{"@type":"ListItem","position":4,"name":"K\u00f6pekler \u0130\u00e7in Sa\u011fl\u0131kl\u0131 \u00d6d\u00fcller 135g","item":"https:\/\/www.profpetcorporation.com\/tr\/merken\/pro-vet-tr\/kopekler-icin-saglikli-oduller-135g\/"},{"@type":"ListItem","position":5,"name":"PRO-VET\u00ae Anti-Parasites"}]},{"@type":"WebSite","@id":"https:\/\/www.profpetcorporation.com\/tr\/#website","url":"https:\/\/www.profpetcorporation.com\/tr\/","name":"Prof Pet Corporation","description":"","potentialAction":[{"@type":"SearchAction","target":{"@type":"EntryPoint","urlTemplate":"https:\/\/www.profpetcorporation.com\/tr\/?s={search_term_string}"},"query-input":{"@type":"PropertyValueSpecification","valueRequired":true,"valueName":"search_term_string"}}],"inLanguage":"tr"}]}},"_links":{"self":[{"href":"https:\/\/www.profpetcorporation.com\/tr\/wp-json\/wp\/v2\/product\/5711","targetHints":{"allow":["GET"]}}],"collection":[{"href":"https:\/\/www.profpetcorporation.com\/tr\/wp-json\/wp\/v2\/product"}],"about":[{"href":"https:\/\/www.profpetcorporation.com\/tr\/wp-json\/wp\/v2\/types\/product"}],"replies":[{"embeddable":true,"href":"https:\/\/www.profpetcorporation.com\/tr\/wp-json\/wp\/v2\/comments?post=5711"}],"wp:featuredmedia":[{"embeddable":true,"href":"https:\/\/www.profpetcorporation.com\/tr\/wp-json\/wp\/v2\/media\/5446"}],"wp:attachment":[{"href":"https:\/\/www.profpetcorporation.com\/tr\/wp-json\/wp\/v2\/media?parent=5711"}],"wp:term":[{"taxonomy":"product_brand","embeddable":true,"href":"https:\/\/www.profpetcorporation.com\/tr\/wp-json\/wp\/v2\/product_brand?post=5711"},{"taxonomy":"product_cat","embeddable":true,"href":"https:\/\/www.profpetcorporation.com\/tr\/wp-json\/wp\/v2\/product_cat?post=5711"},{"taxonomy":"product_tag","embeddable":true,"href":"https:\/\/www.profpetcorporation.com\/tr\/wp-json\/wp\/v2\/product_tag?post=5711"}],"curies":[{"name":"wp","href":"https:\/\/api.w.org\/{rel}","templated":true}]}}