{"id":5709,"date":"2024-10-14T15:58:41","date_gmt":"2024-10-14T15:58:41","guid":{"rendered":"https:\/\/www.profpetcorporation.com\/?post_type=product&#038;p=5709"},"modified":"2025-04-23T15:54:16","modified_gmt":"2025-04-23T15:54:16","slug":"pro-vet-epilepsy-2","status":"publish","type":"product","link":"https:\/\/www.profpetcorporation.com\/tr\/urun\/pro-vet-epilepsy-2\/","title":{"rendered":"PRO-VET\u00ae Epilepsy"},"content":{"rendered":"<p><span style=\"font-size: larger;\"><strong>\u0130D\u0130YOPAT\u0130K EP\u0130LEPS\u0130 DURUMLARINDA T\u00dcM IRKLARDAK\u0130 K\u00d6PEKLER \u0130\u00c7\u0130N<\/strong><\/span><\/p>\n<ul>\n<li style=\"list-style-type: none;\">\n<ul>\n<li style=\"list-style-type: none;\">\n<ul>\n<li><span style=\"font-size: larger;\"><strong>%100 DO\u011eAL \u00dcR\u00dcN<br \/>\n<\/strong><\/span><\/li>\n<li><span style=\"font-size: larger;\"><strong>Akut ve kronik a\u011fr\u0131y\u0131 hafifletir<\/strong><\/span><strong><br \/>\n<\/strong><\/li>\n<li><span style=\"font-size: larger;\"><strong>Ba\u011f\u0131\u015f\u0131kl\u0131k sistemini g\u00fc\u00e7lendirir<\/strong><\/span><strong><br \/>\n<\/strong><\/li>\n<li><span style=\"font-size: larger;\"><strong>Egzama, akne ve sedef hastal\u0131\u011f\u0131 gibi cilt problemlerini y\u00f6netmeye yard\u0131mc\u0131 olur<\/strong><\/span><strong><br \/>\n<\/strong><\/li>\n<li><span style=\"font-size: larger;\"><strong>Moralini y\u00fckseltir<\/strong><\/span><strong><br \/>\n<\/strong><\/li>\n<li><span style=\"font-size: larger;\"><strong>Uyku kalitesini art\u0131r\u0131r<\/strong><\/span><strong><br \/>\n<\/strong><\/li>\n<li><span style=\"font-size: larger;\"><strong>Antiepileptik \u00f6zelliklere sahiptir<\/strong><\/span><strong><br \/>\n<\/strong><\/li>\n<li><span style=\"font-size: larger;\"><strong>Anksiyete ve depresyonu azalt\u0131r<\/strong><\/span><strong><br \/>\n<\/strong><\/li>\n<li><span style=\"font-size: larger;\"><strong>\u00c7oklu ila\u00e7lara diren\u00e7li bakterilerle sava\u015f\u0131r<\/strong><\/span><strong><br \/>\n<\/strong><\/li>\n<li><span style=\"font-size: larger;\"><strong>V\u00fccudun anti-inflamatuar (iltihap \u00f6nleyici) yan\u0131t\u0131n\u0131 destekler<\/strong><\/span><strong><br \/>\n<\/strong><\/li>\n<li><span style=\"font-size: larger;\"><strong>Oksidatif stresi (serbest radikallerin y\u00fcksekli\u011fi) azalt\u0131r<\/strong><\/span><strong><br \/>\n<\/strong><\/li>\n<li><span style=\"font-size: larger;\"><strong>\u015eizofreni ile m\u00fccadelede yard\u0131mc\u0131d\u0131r<\/strong><\/span><strong><br \/>\n<\/strong><\/li>\n<li><span style=\"font-size: larger;\"><strong>Ruh hali de\u011fi\u015fimlerine kar\u015f\u0131 destek sa\u011flar<\/strong><\/span><strong><br \/>\n<\/strong><\/li>\n<li><span style=\"font-size: larger;\"><strong>Panik ataklar\u0131 \u00f6nlemeye yard\u0131mc\u0131 olur<\/strong><\/span><strong><br \/>\n<\/strong><\/li>\n<li><span style=\"font-size: larger;\"><strong>Kilo vermeyi te\u015fvik eder<\/strong><\/span><strong><br \/>\n<\/strong><\/li>\n<li><span style=\"font-size: larger;\"><strong>Kalp sa\u011fl\u0131\u011f\u0131n\u0131 destekler<\/strong><\/span><strong><br \/>\n<\/strong><\/li>\n<li><span style=\"font-size: larger;\"><strong>Cilt sa\u011fl\u0131\u011f\u0131n\u0131 iyile\u015ftirir<\/strong><\/span><\/li>\n<li><span style=\"font-size: larger;\"><strong>TSSB (Travma Sonras\u0131 Stres Bozuklu\u011fu) i\u00e7in destek sa\u011flar<\/strong><\/span><strong><br \/>\n<\/strong><\/li>\n<li><span style=\"font-size: larger;\"><strong>Metabolik bozukluklara yard\u0131mc\u0131 olur<\/strong><\/span><strong><br \/>\n<\/strong><\/li>\n<li><span style=\"font-size: larger;\"><strong>Kansere kar\u015f\u0131 sava\u015f\u0131r<\/strong><\/span><strong><br \/>\n<\/strong><\/li>\n<\/ul>\n<\/li>\n<\/ul>\n<\/li>\n<\/ul>\n<p><strong><br \/>\n<\/strong><span style=\"font-size: medium;\"><strong>\u0130\u00e7indekiler:<\/strong> peynir alt\u0131 suyu tozu, pirin\u00e7 irmi\u011fi, \u00fcz\u00fcm \u015fekeri, rendelenmi\u015f havu\u00e7, kurutulmu\u015f ye\u015fil deniz yosunu, soya unu, bitki konsantresi %0,22, silisik asit, vitaminler ve mineraller. <strong>Katk\u0131 Maddeleri:<\/strong> B1 Vitamini %0.08, B2 Vitamini %0.11, B3 Vitamini %0.059, B6 Vitamini %0.006, B12 Vitamini %0.71, A Vitamini 9.474 \u0130\u00dc\/kg, D3 Vitamini 7.72 \u0130\u00dc\/kg, E Vitamini 7 mg\/kg. <strong>Analitik bile\u015fenleri: <\/strong>ham protein %10, ham ya\u011f %2.7, ham k\u00fcl %6.27, ham sel\u00fcloz (lif) %0.68, nem oran\u0131 %6\/86. <strong>Besin katkilari (kg): Eser elementler:<\/strong> Demir (Fe &#8211; 3b103) 260mg, \u00c7inko (Zn &#8211; 3b605) 182mg, Manganez (Mn &#8211; 3b503) 143mg, Bak\u0131r (Cu &#8211; 3b405) 20.8mg, Selenyum (Se &#8211; 3b801) 0.65 mg.<br \/>\n<strong> G\u00fcnl\u00fck kullan\u0131m:<\/strong> Epileptik n\u00f6betlerin \u00f6nlenmesi amac\u0131yla, her 10 kg v\u00fccut a\u011f\u0131rl\u0131\u011f\u0131 i\u00e7in g\u00fcnde 2 pastil kullan\u0131lmal\u0131d\u0131r. Y\u00fcksek doz al\u0131m\u0131nda olumsuz yan etki g\u00f6zlenmez.<br \/>\n\u00dcretim ve paketleme Hollanda\u2019da yap\u0131lm\u0131\u015ft\u0131r. Serin ve kuru yerde saklay\u0131n\u0131z.<br \/>\n<strong>Son kullanma tarihi:<\/strong> pakete bak\u0131n\u0131z. <strong>Net kilo:<\/strong> 135g. <strong>I\u00e7erik:<\/strong> \u00b1100 tablet<br \/>\n<\/span><\/p>\n<p><span style=\"font-size: medium;\"><br \/>\n<\/span><strong><span style=\"font-size: medium;\">Sa\u011fl\u0131kl\u0131 bir k\u00f6pek, mutlu bir k\u00f6pektir.<\/span><\/strong><\/p>\n<p>&nbsp;<\/p>\n","protected":false},"excerpt":{"rendered":"<p>\u0130D\u0130YOPAT\u0130K EP\u0130LEPS\u0130 DURUMLARINDA T\u00dcM IRKLARDAK\u0130 K\u00d6PEKLER \u0130\u00c7\u0130N %100 DO\u011eAL \u00dcR\u00dcN Akut ve kronik a\u011fr\u0131y\u0131 hafifletir Ba\u011f\u0131\u015f\u0131kl\u0131k sistemini g\u00fc\u00e7lendirir Egzama, akne ve sedef hastal\u0131\u011f\u0131 gibi cilt problemlerini y\u00f6netmeye yard\u0131mc\u0131 olur Moralini y\u00fckseltir Uyku kalitesini art\u0131r\u0131r Antiepileptik \u00f6zelliklere sahiptir Anksiyete ve depresyonu azalt\u0131r \u00c7oklu ila\u00e7lara diren\u00e7li bakterilerle sava\u015f\u0131r V\u00fccudun anti-inflamatuar (iltihap \u00f6nleyici) yan\u0131t\u0131n\u0131 destekler Oksidatif stresi (serbest [&hellip;]<\/p>\n","protected":false},"featured_media":5433,"comment_status":"open","ping_status":"closed","template":"","meta":{"_acf_changed":false},"product_brand":[],"product_cat":[229,228],"product_tag":[],"class_list":{"0":"post-5709","1":"product","2":"type-product","3":"status-publish","4":"has-post-thumbnail","6":"product_cat-kopekler-icin-saglikli-oduller-135g","7":"product_cat-pro-vet-tr","9":"first","10":"instock","11":"shipping-taxable","12":"product-type-simple"},"acf":[],"yoast_head":"<!-- This site is optimized with the Yoast SEO plugin v27.3 - https:\/\/yoast.com\/product\/yoast-seo-wordpress\/ -->\n<title>PRO-VET\u00ae Epilepsy - Prof Pet Corporation<\/title>\n<meta name=\"robots\" content=\"index, follow, max-snippet:-1, max-image-preview:large, max-video-preview:-1\" \/>\n<link rel=\"canonical\" href=\"https:\/\/www.profpetcorporation.com\/tr\/urun\/pro-vet-epilepsy-2\/\" \/>\n<meta property=\"og:locale\" content=\"tr_TR\" \/>\n<meta property=\"og:type\" content=\"article\" \/>\n<meta property=\"og:title\" content=\"PRO-VET\u00ae Epilepsy - Prof Pet Corporation\" \/>\n<meta property=\"og:description\" content=\"\u0130D\u0130YOPAT\u0130K EP\u0130LEPS\u0130 DURUMLARINDA T\u00dcM IRKLARDAK\u0130 K\u00d6PEKLER \u0130\u00c7\u0130N %100 DO\u011eAL \u00dcR\u00dcN Akut ve kronik a\u011fr\u0131y\u0131 hafifletir Ba\u011f\u0131\u015f\u0131kl\u0131k sistemini g\u00fc\u00e7lendirir Egzama, akne ve sedef hastal\u0131\u011f\u0131 gibi cilt problemlerini y\u00f6netmeye yard\u0131mc\u0131 olur Moralini y\u00fckseltir Uyku kalitesini art\u0131r\u0131r Antiepileptik \u00f6zelliklere sahiptir Anksiyete ve depresyonu azalt\u0131r \u00c7oklu ila\u00e7lara diren\u00e7li bakterilerle sava\u015f\u0131r V\u00fccudun anti-inflamatuar (iltihap \u00f6nleyici) yan\u0131t\u0131n\u0131 destekler Oksidatif stresi (serbest [&hellip;]\" \/>\n<meta property=\"og:url\" content=\"https:\/\/www.profpetcorporation.com\/tr\/urun\/pro-vet-epilepsy-2\/\" \/>\n<meta property=\"og:site_name\" content=\"Prof Pet Corporation\" \/>\n<meta property=\"article:modified_time\" content=\"2025-04-23T15:54:16+00:00\" \/>\n<meta property=\"og:image\" content=\"https:\/\/www.profpetcorporation.com\/wp-content\/uploads\/2024\/12\/PRO-VET-Epilepsy-2.jpg\" \/>\n\t<meta property=\"og:image:width\" content=\"1079\" \/>\n\t<meta property=\"og:image:height\" content=\"1078\" \/>\n\t<meta property=\"og:image:type\" content=\"image\/jpeg\" \/>\n<meta name=\"twitter:card\" content=\"summary_large_image\" \/>\n<meta name=\"twitter:label1\" content=\"Tahmini okuma s\u00fcresi\" \/>\n\t<meta name=\"twitter:data1\" content=\"2 dakika\" \/>\n<script type=\"application\/ld+json\" class=\"yoast-schema-graph\">{\"@context\":\"https:\\\/\\\/schema.org\",\"@graph\":[{\"@type\":\"WebPage\",\"@id\":\"https:\\\/\\\/www.profpetcorporation.com\\\/tr\\\/urun\\\/pro-vet-epilepsy-2\\\/\",\"url\":\"https:\\\/\\\/www.profpetcorporation.com\\\/tr\\\/urun\\\/pro-vet-epilepsy-2\\\/\",\"name\":\"PRO-VET\u00ae Epilepsy - Prof Pet Corporation\",\"isPartOf\":{\"@id\":\"https:\\\/\\\/www.profpetcorporation.com\\\/tr\\\/#website\"},\"primaryImageOfPage\":{\"@id\":\"https:\\\/\\\/www.profpetcorporation.com\\\/tr\\\/urun\\\/pro-vet-epilepsy-2\\\/#primaryimage\"},\"image\":{\"@id\":\"https:\\\/\\\/www.profpetcorporation.com\\\/tr\\\/urun\\\/pro-vet-epilepsy-2\\\/#primaryimage\"},\"thumbnailUrl\":\"https:\\\/\\\/www.profpetcorporation.com\\\/wp-content\\\/uploads\\\/2024\\\/12\\\/PRO-VET-Epilepsy-2.jpg\",\"datePublished\":\"2024-10-14T15:58:41+00:00\",\"dateModified\":\"2025-04-23T15:54:16+00:00\",\"breadcrumb\":{\"@id\":\"https:\\\/\\\/www.profpetcorporation.com\\\/tr\\\/urun\\\/pro-vet-epilepsy-2\\\/#breadcrumb\"},\"inLanguage\":\"tr\",\"potentialAction\":[{\"@type\":\"ReadAction\",\"target\":[\"https:\\\/\\\/www.profpetcorporation.com\\\/tr\\\/urun\\\/pro-vet-epilepsy-2\\\/\"]}]},{\"@type\":\"ImageObject\",\"inLanguage\":\"tr\",\"@id\":\"https:\\\/\\\/www.profpetcorporation.com\\\/tr\\\/urun\\\/pro-vet-epilepsy-2\\\/#primaryimage\",\"url\":\"https:\\\/\\\/www.profpetcorporation.com\\\/wp-content\\\/uploads\\\/2024\\\/12\\\/PRO-VET-Epilepsy-2.jpg\",\"contentUrl\":\"https:\\\/\\\/www.profpetcorporation.com\\\/wp-content\\\/uploads\\\/2024\\\/12\\\/PRO-VET-Epilepsy-2.jpg\",\"width\":1079,\"height\":1078},{\"@type\":\"BreadcrumbList\",\"@id\":\"https:\\\/\\\/www.profpetcorporation.com\\\/tr\\\/urun\\\/pro-vet-epilepsy-2\\\/#breadcrumb\",\"itemListElement\":[{\"@type\":\"ListItem\",\"position\":1,\"name\":\"Home\",\"item\":\"https:\\\/\\\/www.profpetcorporation.com\\\/tr\\\/\"},{\"@type\":\"ListItem\",\"position\":2,\"name\":\"Shop\",\"item\":\"https:\\\/\\\/www.profpetcorporation.com\\\/shop\\\/\"},{\"@type\":\"ListItem\",\"position\":3,\"name\":\"PRO-VET\u00ae\",\"item\":\"https:\\\/\\\/www.profpetcorporation.com\\\/tr\\\/merken\\\/pro-vet-tr\\\/\"},{\"@type\":\"ListItem\",\"position\":4,\"name\":\"PRO-VET\u00ae Epilepsy\"}]},{\"@type\":\"WebSite\",\"@id\":\"https:\\\/\\\/www.profpetcorporation.com\\\/tr\\\/#website\",\"url\":\"https:\\\/\\\/www.profpetcorporation.com\\\/tr\\\/\",\"name\":\"Prof Pet Corporation\",\"description\":\"\",\"potentialAction\":[{\"@type\":\"SearchAction\",\"target\":{\"@type\":\"EntryPoint\",\"urlTemplate\":\"https:\\\/\\\/www.profpetcorporation.com\\\/tr\\\/?s={search_term_string}\"},\"query-input\":{\"@type\":\"PropertyValueSpecification\",\"valueRequired\":true,\"valueName\":\"search_term_string\"}}],\"inLanguage\":\"tr\"}]}<\/script>\n<!-- \/ Yoast SEO plugin. -->","yoast_head_json":{"title":"PRO-VET\u00ae Epilepsy - Prof Pet Corporation","robots":{"index":"index","follow":"follow","max-snippet":"max-snippet:-1","max-image-preview":"max-image-preview:large","max-video-preview":"max-video-preview:-1"},"canonical":"https:\/\/www.profpetcorporation.com\/tr\/urun\/pro-vet-epilepsy-2\/","og_locale":"tr_TR","og_type":"article","og_title":"PRO-VET\u00ae Epilepsy - Prof Pet Corporation","og_description":"\u0130D\u0130YOPAT\u0130K EP\u0130LEPS\u0130 DURUMLARINDA T\u00dcM IRKLARDAK\u0130 K\u00d6PEKLER \u0130\u00c7\u0130N %100 DO\u011eAL \u00dcR\u00dcN Akut ve kronik a\u011fr\u0131y\u0131 hafifletir Ba\u011f\u0131\u015f\u0131kl\u0131k sistemini g\u00fc\u00e7lendirir Egzama, akne ve sedef hastal\u0131\u011f\u0131 gibi cilt problemlerini y\u00f6netmeye yard\u0131mc\u0131 olur Moralini y\u00fckseltir Uyku kalitesini art\u0131r\u0131r Antiepileptik \u00f6zelliklere sahiptir Anksiyete ve depresyonu azalt\u0131r \u00c7oklu ila\u00e7lara diren\u00e7li bakterilerle sava\u015f\u0131r V\u00fccudun anti-inflamatuar (iltihap \u00f6nleyici) yan\u0131t\u0131n\u0131 destekler Oksidatif stresi (serbest [&hellip;]","og_url":"https:\/\/www.profpetcorporation.com\/tr\/urun\/pro-vet-epilepsy-2\/","og_site_name":"Prof Pet Corporation","article_modified_time":"2025-04-23T15:54:16+00:00","og_image":[{"width":1079,"height":1078,"url":"https:\/\/www.profpetcorporation.com\/wp-content\/uploads\/2024\/12\/PRO-VET-Epilepsy-2.jpg","type":"image\/jpeg"}],"twitter_card":"summary_large_image","twitter_misc":{"Tahmini okuma s\u00fcresi":"2 dakika"},"schema":{"@context":"https:\/\/schema.org","@graph":[{"@type":"WebPage","@id":"https:\/\/www.profpetcorporation.com\/tr\/urun\/pro-vet-epilepsy-2\/","url":"https:\/\/www.profpetcorporation.com\/tr\/urun\/pro-vet-epilepsy-2\/","name":"PRO-VET\u00ae Epilepsy - Prof Pet Corporation","isPartOf":{"@id":"https:\/\/www.profpetcorporation.com\/tr\/#website"},"primaryImageOfPage":{"@id":"https:\/\/www.profpetcorporation.com\/tr\/urun\/pro-vet-epilepsy-2\/#primaryimage"},"image":{"@id":"https:\/\/www.profpetcorporation.com\/tr\/urun\/pro-vet-epilepsy-2\/#primaryimage"},"thumbnailUrl":"https:\/\/www.profpetcorporation.com\/wp-content\/uploads\/2024\/12\/PRO-VET-Epilepsy-2.jpg","datePublished":"2024-10-14T15:58:41+00:00","dateModified":"2025-04-23T15:54:16+00:00","breadcrumb":{"@id":"https:\/\/www.profpetcorporation.com\/tr\/urun\/pro-vet-epilepsy-2\/#breadcrumb"},"inLanguage":"tr","potentialAction":[{"@type":"ReadAction","target":["https:\/\/www.profpetcorporation.com\/tr\/urun\/pro-vet-epilepsy-2\/"]}]},{"@type":"ImageObject","inLanguage":"tr","@id":"https:\/\/www.profpetcorporation.com\/tr\/urun\/pro-vet-epilepsy-2\/#primaryimage","url":"https:\/\/www.profpetcorporation.com\/wp-content\/uploads\/2024\/12\/PRO-VET-Epilepsy-2.jpg","contentUrl":"https:\/\/www.profpetcorporation.com\/wp-content\/uploads\/2024\/12\/PRO-VET-Epilepsy-2.jpg","width":1079,"height":1078},{"@type":"BreadcrumbList","@id":"https:\/\/www.profpetcorporation.com\/tr\/urun\/pro-vet-epilepsy-2\/#breadcrumb","itemListElement":[{"@type":"ListItem","position":1,"name":"Home","item":"https:\/\/www.profpetcorporation.com\/tr\/"},{"@type":"ListItem","position":2,"name":"Shop","item":"https:\/\/www.profpetcorporation.com\/shop\/"},{"@type":"ListItem","position":3,"name":"PRO-VET\u00ae","item":"https:\/\/www.profpetcorporation.com\/tr\/merken\/pro-vet-tr\/"},{"@type":"ListItem","position":4,"name":"PRO-VET\u00ae Epilepsy"}]},{"@type":"WebSite","@id":"https:\/\/www.profpetcorporation.com\/tr\/#website","url":"https:\/\/www.profpetcorporation.com\/tr\/","name":"Prof Pet Corporation","description":"","potentialAction":[{"@type":"SearchAction","target":{"@type":"EntryPoint","urlTemplate":"https:\/\/www.profpetcorporation.com\/tr\/?s={search_term_string}"},"query-input":{"@type":"PropertyValueSpecification","valueRequired":true,"valueName":"search_term_string"}}],"inLanguage":"tr"}]}},"_links":{"self":[{"href":"https:\/\/www.profpetcorporation.com\/tr\/wp-json\/wp\/v2\/product\/5709","targetHints":{"allow":["GET"]}}],"collection":[{"href":"https:\/\/www.profpetcorporation.com\/tr\/wp-json\/wp\/v2\/product"}],"about":[{"href":"https:\/\/www.profpetcorporation.com\/tr\/wp-json\/wp\/v2\/types\/product"}],"replies":[{"embeddable":true,"href":"https:\/\/www.profpetcorporation.com\/tr\/wp-json\/wp\/v2\/comments?post=5709"}],"wp:featuredmedia":[{"embeddable":true,"href":"https:\/\/www.profpetcorporation.com\/tr\/wp-json\/wp\/v2\/media\/5433"}],"wp:attachment":[{"href":"https:\/\/www.profpetcorporation.com\/tr\/wp-json\/wp\/v2\/media?parent=5709"}],"wp:term":[{"taxonomy":"product_brand","embeddable":true,"href":"https:\/\/www.profpetcorporation.com\/tr\/wp-json\/wp\/v2\/product_brand?post=5709"},{"taxonomy":"product_cat","embeddable":true,"href":"https:\/\/www.profpetcorporation.com\/tr\/wp-json\/wp\/v2\/product_cat?post=5709"},{"taxonomy":"product_tag","embeddable":true,"href":"https:\/\/www.profpetcorporation.com\/tr\/wp-json\/wp\/v2\/product_tag?post=5709"}],"curies":[{"name":"wp","href":"https:\/\/api.w.org\/{rel}","templated":true}]}}