{"id":5704,"date":"2024-07-12T09:03:11","date_gmt":"2024-07-12T09:03:11","guid":{"rendered":"https:\/\/www.profpetcorporation.com\/?post_type=product&#038;p=5704"},"modified":"2025-04-23T15:55:12","modified_gmt":"2025-04-23T15:55:12","slug":"pro-vet-mobility-2","status":"publish","type":"product","link":"https:\/\/www.profpetcorporation.com\/tr\/urun\/pro-vet-mobility-2\/","title":{"rendered":"PRO-VET\u00ae Mobility"},"content":{"rendered":"<ul>\n<li><span style=\"font-size: larger;\"><strong>%100 DO\u011eAL \u00dcR\u00dcN<br \/>\n<\/strong><\/span><\/li>\n<li><span style=\"font-size: larger;\"><strong>Eklemleri yang\u0131sal hastal\u0131klardan korur.<\/strong><\/span><\/li>\n<li><span style=\"font-size: larger;\"><strong>Eklem yap\u0131lar\u0131n\u0131n onar\u0131m\u0131na yard\u0131mc\u0131 olur.<\/strong><\/span><\/li>\n<li><span style=\"font-size: larger;\"><strong>Anti-inflamatuar (iltihap \u00f6nleyici) etki g\u00f6sterir.<\/strong><\/span><\/li>\n<li><span style=\"font-size: larger;\"><strong>Eklem yaralanmalar\u0131ndan daha h\u0131zl\u0131 iyile\u015fmeyi destekler ve iltihapl\u0131 hastal\u0131klar\u0131 olanlara yard\u0131mc\u0131 olur.<\/strong><\/span><\/li>\n<li><span style=\"font-size: larger;\"><strong>Kalp sa\u011fl\u0131\u011f\u0131, beyin, sinir sistemi ve g\u00f6z fonksiyonlar\u0131n\u0131 iyile\u015ftirir.<\/strong><\/span><\/li>\n<\/ul>\n<p><span style=\"font-size: medium;\"><strong>\u0130\u00e7indekiler:<\/strong> peynir alt\u0131 suyu tozu, pirin\u00e7 irmi\u011fi, \u00fcz\u00fcm \u015fekeri, Yeni Zelanda ye\u015fil midyes, kondroitin s\u00fclfat ve glukozamin, soya unu, silisik asit, vitaminler ve mineraller. <strong>Besin katkilari:<\/strong> B1 Vitamini %0.08, B2 Vitamini %0.11, B3 Vitamini %0.059, B6 Vitamini %0.006, B12 Vitamini %0.71, A vitamini 6.025 \u0130\u00dc\/kg, D3 vitamini 668 \u0130\u00dc\/kg, E vitamini 185 mg\/kg. <strong>Analitik bile\u015fenleri:<\/strong> ham protein %11, ham ya\u011f %3, ham k\u00fcl %5, ham sel\u00fcloz %0.29, nem %2.3. <strong>G\u00fcnl\u00fck t\u00fcketim:<\/strong> en az 4 tablet her 10kg a\u011f\u0131rl\u0131k i\u00e7in, g\u00fcnde 3 kez. A\u011f\u0131zdan kullan\u0131m\u0131yla herhangi bir yan etkisi yoktur. \u00dcretim ve paketleme Hollanda\u2019da yap\u0131lm\u0131\u015ft\u0131r. Serin ve kuru yerde saklay\u0131n\u0131z. <strong>Son kullanma tarihi:<\/strong> pakete bak\u0131n\u0131z. <strong>Net kilo:<\/strong> 135g. <strong>I\u00e7erik:<\/strong> \u00b1100 tablet<br \/>\n<\/span><\/p>\n<p><span style=\"font-size: medium;\"><u>di\u011fer bile\u015fenler:<\/u><\/span><\/p>\n<p><span style=\"font-size: large;\"><strong>YEN\u0130 ZELANDA YE\u015e\u0130L M\u0130DYES\u0130<br \/>\n<\/strong><\/span><\/p>\n<p><img loading=\"lazy\" decoding=\"async\" class=\" wp-image-4133 alignright\" src=\"https:\/\/www.profpetcorporation.com\/wp-content\/uploads\/2024\/11\/Mossel.jpg\" alt=\"\" width=\"301\" height=\"200\" srcset=\"https:\/\/www.profpetcorporation.com\/wp-content\/uploads\/2024\/11\/Mossel.jpg 516w, https:\/\/www.profpetcorporation.com\/wp-content\/uploads\/2024\/11\/Mossel-300x199.jpg 300w\" sizes=\"auto, (max-width: 301px) 100vw, 301px\" \/><span style=\"font-size: medium;\"><strong>PRO-VET<\/strong>\u00ae<strong> Mobility,\u00a0<\/strong> Yeni Zelanda&#8217;n\u0131n kirlenmemi\u015f k\u0131y\u0131 sular\u0131ndan elde edilen Ye\u015fil Midye (Perna Canaliculus) deniz lipid ekstrakt\u0131n\u0131 i\u00e7erir. Yeni Zelanda Ye\u015fil Midyesi \u00f6z\u00fc, eklem sa\u011fl\u0131\u011f\u0131na katk\u0131lar\u0131 ve v\u00fccut hareketlili\u011fini desteklemesiyle bilinen, y\u00fcksek kaliteli bir besin kayna\u011f\u0131d\u0131r.<\/span><\/p>\n<p style=\"text-align: justify;\"><span style=\"font-size: medium;\">Ye\u015fil Midye \u00f6z\u00fc do\u011fal olarak Glukozamin, Kondroitin S\u00fclfat ve Omega 3 ya\u011f asitleri a\u00e7\u0131s\u0131ndan zengindir \u2013 bunlar\u0131n tamam\u0131 eklem a\u011fr\u0131s\u0131n\u0131n y\u00f6netiminde etkili oldu\u011fu bilinen maddelerdir.<br \/>\nGlukozamin ve Kondroitin, k\u0131k\u0131rda\u011f\u0131n do\u011fal yap\u0131 ta\u015flar\u0131d\u0131r ve v\u00fccut taraf\u0131ndan k\u0131k\u0131rdak \u00fcretiminde kullan\u0131l\u0131r.<br \/>\nKondroitin, ayn\u0131 zamanda k\u0131k\u0131rda\u011f\u0131 par\u00e7alayan enzimleri engelleyerek, eklemleri iltihapl\u0131 hastal\u0131klardan koruyabilir.<br \/>\nYe\u015fil Midye&#8217;nin bu bile\u015fenleri, eklem yap\u0131lar\u0131n\u0131 onarmaya yard\u0131mc\u0131 olabilir.<br \/>\nAyr\u0131ca antioksidan olarak \u00e7al\u0131\u015f\u0131r ve anti-inflamatuar etkisiyle eklem yaralanmalar\u0131n\u0131n daha h\u0131zl\u0131 iyile\u015fmesini destekler. Osteoartrit, Romatoid artrit, Juvenil artrit, Psoriatik artrit ve ba\u011f\u0131rsak hastal\u0131klar\u0131 gibi iltihapl\u0131 rahats\u0131zl\u0131klar\u0131 olanlar i\u00e7in faydal\u0131d\u0131r.<br \/>\nYe\u015fil Midye\u2019deki Omega 3 ya\u011f asitleri; kalp sa\u011fl\u0131\u011f\u0131, beyin, sinir sistemi ve g\u00f6z fonksiyonlar\u0131n\u0131n geli\u015fimine katk\u0131 sa\u011flayabilir.<\/span><\/p>\n<p>&nbsp;<\/p>\n<p><span style=\"font-size: large;\"><strong>KONDROITIN S\u00dcLFAT VE GLUKOZAM\u0130N<\/strong><\/span><br \/>\n<img loading=\"lazy\" decoding=\"async\" class=\" wp-image-4120 alignright\" src=\"https:\/\/www.profpetcorporation.com\/wp-content\/uploads\/2024\/11\/Haaienkraakbeen.jpg\" alt=\"\" width=\"305\" height=\"212\" srcset=\"https:\/\/www.profpetcorporation.com\/wp-content\/uploads\/2024\/11\/Haaienkraakbeen.jpg 700w, https:\/\/www.profpetcorporation.com\/wp-content\/uploads\/2024\/11\/Haaienkraakbeen-600x417.jpg 600w, https:\/\/www.profpetcorporation.com\/wp-content\/uploads\/2024\/11\/Haaienkraakbeen-300x208.jpg 300w\" sizes=\"auto, (max-width: 305px) 100vw, 305px\" \/><\/p>\n<p style=\"text-align: justify;\"><span style=\"font-size: medium;\"><strong>PRO-VET<\/strong>\u00ae<strong> Mobility, <\/strong>artrit ve iltihaplanmalara kar\u015f\u0131 etkili bir takviye olarak \u00f6ne \u00e7\u0131kar.<\/span><\/p>\n<p style=\"text-align: justify;\"><span style=\"font-size: medium;\">Kondroitin S\u00fclfat ve Glukozamin, k\u0131k\u0131rda\u011f\u0131n temel yap\u0131sal bile\u015fenleridir ve do\u011fal eklem deste\u011fi sa\u011flar.<br \/>\nBu maddeler, eklem k\u0131k\u0131rda\u011f\u0131nda uygun bir ortam olu\u015fmas\u0131n\u0131 sa\u011flayan anjiyogenez (damar olu\u015fumu) \u00f6nleyici proteinler sa\u011flar.<br \/>\nAyr\u0131ca, eklemlerdeki a\u011fr\u0131 ve iltihab\u0131n azalt\u0131lmas\u0131na yard\u0131mc\u0131 olmas\u0131 nedeniyle tavsiye edilmektedir.<\/span><\/p>\n<p>&nbsp;<\/p>\n<p><span style=\"font-size: medium;\"><br \/>\n<\/span><strong><span style=\"font-size: medium;\">Sa\u011fl\u0131kl\u0131 bir k\u00f6pek, mutlu bir k\u00f6pektir.<\/span><\/strong><\/p>\n<p>&nbsp;<\/p>\n","protected":false},"excerpt":{"rendered":"<p>%100 DO\u011eAL \u00dcR\u00dcN Eklemleri yang\u0131sal hastal\u0131klardan korur. Eklem yap\u0131lar\u0131n\u0131n onar\u0131m\u0131na yard\u0131mc\u0131 olur. Anti-inflamatuar (iltihap \u00f6nleyici) etki g\u00f6sterir. Eklem yaralanmalar\u0131ndan daha h\u0131zl\u0131 iyile\u015fmeyi destekler ve iltihapl\u0131 hastal\u0131klar\u0131 olanlara yard\u0131mc\u0131 olur. Kalp sa\u011fl\u0131\u011f\u0131, beyin, sinir sistemi ve g\u00f6z fonksiyonlar\u0131n\u0131 iyile\u015ftirir. \u0130\u00e7indekiler: peynir alt\u0131 suyu tozu, pirin\u00e7 irmi\u011fi, \u00fcz\u00fcm \u015fekeri, Yeni Zelanda ye\u015fil midyes, kondroitin s\u00fclfat ve glukozamin, [&hellip;]<\/p>\n","protected":false},"featured_media":2567,"comment_status":"open","ping_status":"closed","template":"","meta":{"_acf_changed":false},"product_brand":[],"product_cat":[229,228],"product_tag":[],"class_list":{"0":"post-5704","1":"product","2":"type-product","3":"status-publish","4":"has-post-thumbnail","6":"product_cat-kopekler-icin-saglikli-oduller-135g","7":"product_cat-pro-vet-tr","9":"first","10":"instock","11":"shipping-taxable","12":"product-type-simple"},"acf":[],"yoast_head":"<!-- This site is optimized with the Yoast SEO plugin v27.5 - https:\/\/yoast.com\/product\/yoast-seo-wordpress\/ -->\n<title>PRO-VET\u00ae Mobility - Prof Pet Corporation<\/title>\n<meta name=\"robots\" content=\"index, follow, max-snippet:-1, max-image-preview:large, max-video-preview:-1\" \/>\n<link rel=\"canonical\" href=\"https:\/\/www.profpetcorporation.com\/tr\/urun\/pro-vet-mobility-2\/\" \/>\n<meta property=\"og:locale\" content=\"tr_TR\" \/>\n<meta property=\"og:type\" content=\"article\" \/>\n<meta property=\"og:title\" content=\"PRO-VET\u00ae Mobility - Prof Pet Corporation\" \/>\n<meta property=\"og:description\" content=\"%100 DO\u011eAL \u00dcR\u00dcN Eklemleri yang\u0131sal hastal\u0131klardan korur. Eklem yap\u0131lar\u0131n\u0131n onar\u0131m\u0131na yard\u0131mc\u0131 olur. Anti-inflamatuar (iltihap \u00f6nleyici) etki g\u00f6sterir. Eklem yaralanmalar\u0131ndan daha h\u0131zl\u0131 iyile\u015fmeyi destekler ve iltihapl\u0131 hastal\u0131klar\u0131 olanlara yard\u0131mc\u0131 olur. Kalp sa\u011fl\u0131\u011f\u0131, beyin, sinir sistemi ve g\u00f6z fonksiyonlar\u0131n\u0131 iyile\u015ftirir. \u0130\u00e7indekiler: peynir alt\u0131 suyu tozu, pirin\u00e7 irmi\u011fi, \u00fcz\u00fcm \u015fekeri, Yeni Zelanda ye\u015fil midyes, kondroitin s\u00fclfat ve glukozamin, [&hellip;]\" \/>\n<meta property=\"og:url\" content=\"https:\/\/www.profpetcorporation.com\/tr\/urun\/pro-vet-mobility-2\/\" \/>\n<meta property=\"og:site_name\" content=\"Prof Pet Corporation\" \/>\n<meta property=\"article:modified_time\" content=\"2025-04-23T15:55:12+00:00\" \/>\n<meta property=\"og:image\" content=\"https:\/\/www.profpetcorporation.com\/wp-content\/uploads\/2024\/07\/PRO-VET-135gr-Mobility-scaled.jpg\" \/>\n\t<meta property=\"og:image:width\" content=\"2560\" \/>\n\t<meta property=\"og:image:height\" content=\"2555\" \/>\n\t<meta property=\"og:image:type\" content=\"image\/jpeg\" \/>\n<meta name=\"twitter:card\" content=\"summary_large_image\" \/>\n<meta name=\"twitter:label1\" content=\"Tahmini okuma s\u00fcresi\" \/>\n\t<meta name=\"twitter:data1\" content=\"3 dakika\" \/>\n<script type=\"application\/ld+json\" class=\"yoast-schema-graph\">{\"@context\":\"https:\\\/\\\/schema.org\",\"@graph\":[{\"@type\":\"WebPage\",\"@id\":\"https:\\\/\\\/www.profpetcorporation.com\\\/tr\\\/urun\\\/pro-vet-mobility-2\\\/\",\"url\":\"https:\\\/\\\/www.profpetcorporation.com\\\/tr\\\/urun\\\/pro-vet-mobility-2\\\/\",\"name\":\"PRO-VET\u00ae Mobility - Prof Pet Corporation\",\"isPartOf\":{\"@id\":\"https:\\\/\\\/www.profpetcorporation.com\\\/tr\\\/#website\"},\"primaryImageOfPage\":{\"@id\":\"https:\\\/\\\/www.profpetcorporation.com\\\/tr\\\/urun\\\/pro-vet-mobility-2\\\/#primaryimage\"},\"image\":{\"@id\":\"https:\\\/\\\/www.profpetcorporation.com\\\/tr\\\/urun\\\/pro-vet-mobility-2\\\/#primaryimage\"},\"thumbnailUrl\":\"https:\\\/\\\/www.profpetcorporation.com\\\/wp-content\\\/uploads\\\/2024\\\/07\\\/PRO-VET-135gr-Mobility-scaled.jpg\",\"datePublished\":\"2024-07-12T09:03:11+00:00\",\"dateModified\":\"2025-04-23T15:55:12+00:00\",\"breadcrumb\":{\"@id\":\"https:\\\/\\\/www.profpetcorporation.com\\\/tr\\\/urun\\\/pro-vet-mobility-2\\\/#breadcrumb\"},\"inLanguage\":\"tr\",\"potentialAction\":[{\"@type\":\"ReadAction\",\"target\":[\"https:\\\/\\\/www.profpetcorporation.com\\\/tr\\\/urun\\\/pro-vet-mobility-2\\\/\"]}]},{\"@type\":\"ImageObject\",\"inLanguage\":\"tr\",\"@id\":\"https:\\\/\\\/www.profpetcorporation.com\\\/tr\\\/urun\\\/pro-vet-mobility-2\\\/#primaryimage\",\"url\":\"https:\\\/\\\/www.profpetcorporation.com\\\/wp-content\\\/uploads\\\/2024\\\/07\\\/PRO-VET-135gr-Mobility-scaled.jpg\",\"contentUrl\":\"https:\\\/\\\/www.profpetcorporation.com\\\/wp-content\\\/uploads\\\/2024\\\/07\\\/PRO-VET-135gr-Mobility-scaled.jpg\",\"width\":2560,\"height\":2555},{\"@type\":\"BreadcrumbList\",\"@id\":\"https:\\\/\\\/www.profpetcorporation.com\\\/tr\\\/urun\\\/pro-vet-mobility-2\\\/#breadcrumb\",\"itemListElement\":[{\"@type\":\"ListItem\",\"position\":1,\"name\":\"Home\",\"item\":\"https:\\\/\\\/www.profpetcorporation.com\\\/tr\\\/\"},{\"@type\":\"ListItem\",\"position\":2,\"name\":\"Shop\",\"item\":\"https:\\\/\\\/www.profpetcorporation.com\\\/shop\\\/\"},{\"@type\":\"ListItem\",\"position\":3,\"name\":\"PRO-VET\u00ae\",\"item\":\"https:\\\/\\\/www.profpetcorporation.com\\\/tr\\\/merken\\\/pro-vet-tr\\\/\"},{\"@type\":\"ListItem\",\"position\":4,\"name\":\"K\u00f6pekler \u0130\u00e7in Sa\u011fl\u0131kl\u0131 \u00d6d\u00fcller 135g\",\"item\":\"https:\\\/\\\/www.profpetcorporation.com\\\/tr\\\/merken\\\/pro-vet-tr\\\/kopekler-icin-saglikli-oduller-135g\\\/\"},{\"@type\":\"ListItem\",\"position\":5,\"name\":\"PRO-VET\u00ae Mobility\"}]},{\"@type\":\"WebSite\",\"@id\":\"https:\\\/\\\/www.profpetcorporation.com\\\/tr\\\/#website\",\"url\":\"https:\\\/\\\/www.profpetcorporation.com\\\/tr\\\/\",\"name\":\"Prof Pet Corporation\",\"description\":\"\",\"potentialAction\":[{\"@type\":\"SearchAction\",\"target\":{\"@type\":\"EntryPoint\",\"urlTemplate\":\"https:\\\/\\\/www.profpetcorporation.com\\\/tr\\\/?s={search_term_string}\"},\"query-input\":{\"@type\":\"PropertyValueSpecification\",\"valueRequired\":true,\"valueName\":\"search_term_string\"}}],\"inLanguage\":\"tr\"}]}<\/script>\n<!-- \/ Yoast SEO plugin. -->","yoast_head_json":{"title":"PRO-VET\u00ae Mobility - Prof Pet Corporation","robots":{"index":"index","follow":"follow","max-snippet":"max-snippet:-1","max-image-preview":"max-image-preview:large","max-video-preview":"max-video-preview:-1"},"canonical":"https:\/\/www.profpetcorporation.com\/tr\/urun\/pro-vet-mobility-2\/","og_locale":"tr_TR","og_type":"article","og_title":"PRO-VET\u00ae Mobility - Prof Pet Corporation","og_description":"%100 DO\u011eAL \u00dcR\u00dcN Eklemleri yang\u0131sal hastal\u0131klardan korur. Eklem yap\u0131lar\u0131n\u0131n onar\u0131m\u0131na yard\u0131mc\u0131 olur. Anti-inflamatuar (iltihap \u00f6nleyici) etki g\u00f6sterir. Eklem yaralanmalar\u0131ndan daha h\u0131zl\u0131 iyile\u015fmeyi destekler ve iltihapl\u0131 hastal\u0131klar\u0131 olanlara yard\u0131mc\u0131 olur. Kalp sa\u011fl\u0131\u011f\u0131, beyin, sinir sistemi ve g\u00f6z fonksiyonlar\u0131n\u0131 iyile\u015ftirir. \u0130\u00e7indekiler: peynir alt\u0131 suyu tozu, pirin\u00e7 irmi\u011fi, \u00fcz\u00fcm \u015fekeri, Yeni Zelanda ye\u015fil midyes, kondroitin s\u00fclfat ve glukozamin, [&hellip;]","og_url":"https:\/\/www.profpetcorporation.com\/tr\/urun\/pro-vet-mobility-2\/","og_site_name":"Prof Pet Corporation","article_modified_time":"2025-04-23T15:55:12+00:00","og_image":[{"width":2560,"height":2555,"url":"https:\/\/www.profpetcorporation.com\/wp-content\/uploads\/2024\/07\/PRO-VET-135gr-Mobility-scaled.jpg","type":"image\/jpeg"}],"twitter_card":"summary_large_image","twitter_misc":{"Tahmini okuma s\u00fcresi":"3 dakika"},"schema":{"@context":"https:\/\/schema.org","@graph":[{"@type":"WebPage","@id":"https:\/\/www.profpetcorporation.com\/tr\/urun\/pro-vet-mobility-2\/","url":"https:\/\/www.profpetcorporation.com\/tr\/urun\/pro-vet-mobility-2\/","name":"PRO-VET\u00ae Mobility - Prof Pet Corporation","isPartOf":{"@id":"https:\/\/www.profpetcorporation.com\/tr\/#website"},"primaryImageOfPage":{"@id":"https:\/\/www.profpetcorporation.com\/tr\/urun\/pro-vet-mobility-2\/#primaryimage"},"image":{"@id":"https:\/\/www.profpetcorporation.com\/tr\/urun\/pro-vet-mobility-2\/#primaryimage"},"thumbnailUrl":"https:\/\/www.profpetcorporation.com\/wp-content\/uploads\/2024\/07\/PRO-VET-135gr-Mobility-scaled.jpg","datePublished":"2024-07-12T09:03:11+00:00","dateModified":"2025-04-23T15:55:12+00:00","breadcrumb":{"@id":"https:\/\/www.profpetcorporation.com\/tr\/urun\/pro-vet-mobility-2\/#breadcrumb"},"inLanguage":"tr","potentialAction":[{"@type":"ReadAction","target":["https:\/\/www.profpetcorporation.com\/tr\/urun\/pro-vet-mobility-2\/"]}]},{"@type":"ImageObject","inLanguage":"tr","@id":"https:\/\/www.profpetcorporation.com\/tr\/urun\/pro-vet-mobility-2\/#primaryimage","url":"https:\/\/www.profpetcorporation.com\/wp-content\/uploads\/2024\/07\/PRO-VET-135gr-Mobility-scaled.jpg","contentUrl":"https:\/\/www.profpetcorporation.com\/wp-content\/uploads\/2024\/07\/PRO-VET-135gr-Mobility-scaled.jpg","width":2560,"height":2555},{"@type":"BreadcrumbList","@id":"https:\/\/www.profpetcorporation.com\/tr\/urun\/pro-vet-mobility-2\/#breadcrumb","itemListElement":[{"@type":"ListItem","position":1,"name":"Home","item":"https:\/\/www.profpetcorporation.com\/tr\/"},{"@type":"ListItem","position":2,"name":"Shop","item":"https:\/\/www.profpetcorporation.com\/shop\/"},{"@type":"ListItem","position":3,"name":"PRO-VET\u00ae","item":"https:\/\/www.profpetcorporation.com\/tr\/merken\/pro-vet-tr\/"},{"@type":"ListItem","position":4,"name":"K\u00f6pekler \u0130\u00e7in Sa\u011fl\u0131kl\u0131 \u00d6d\u00fcller 135g","item":"https:\/\/www.profpetcorporation.com\/tr\/merken\/pro-vet-tr\/kopekler-icin-saglikli-oduller-135g\/"},{"@type":"ListItem","position":5,"name":"PRO-VET\u00ae Mobility"}]},{"@type":"WebSite","@id":"https:\/\/www.profpetcorporation.com\/tr\/#website","url":"https:\/\/www.profpetcorporation.com\/tr\/","name":"Prof Pet Corporation","description":"","potentialAction":[{"@type":"SearchAction","target":{"@type":"EntryPoint","urlTemplate":"https:\/\/www.profpetcorporation.com\/tr\/?s={search_term_string}"},"query-input":{"@type":"PropertyValueSpecification","valueRequired":true,"valueName":"search_term_string"}}],"inLanguage":"tr"}]}},"_links":{"self":[{"href":"https:\/\/www.profpetcorporation.com\/tr\/wp-json\/wp\/v2\/product\/5704","targetHints":{"allow":["GET"]}}],"collection":[{"href":"https:\/\/www.profpetcorporation.com\/tr\/wp-json\/wp\/v2\/product"}],"about":[{"href":"https:\/\/www.profpetcorporation.com\/tr\/wp-json\/wp\/v2\/types\/product"}],"replies":[{"embeddable":true,"href":"https:\/\/www.profpetcorporation.com\/tr\/wp-json\/wp\/v2\/comments?post=5704"}],"wp:featuredmedia":[{"embeddable":true,"href":"https:\/\/www.profpetcorporation.com\/tr\/wp-json\/wp\/v2\/media\/2567"}],"wp:attachment":[{"href":"https:\/\/www.profpetcorporation.com\/tr\/wp-json\/wp\/v2\/media?parent=5704"}],"wp:term":[{"taxonomy":"product_brand","embeddable":true,"href":"https:\/\/www.profpetcorporation.com\/tr\/wp-json\/wp\/v2\/product_brand?post=5704"},{"taxonomy":"product_cat","embeddable":true,"href":"https:\/\/www.profpetcorporation.com\/tr\/wp-json\/wp\/v2\/product_cat?post=5704"},{"taxonomy":"product_tag","embeddable":true,"href":"https:\/\/www.profpetcorporation.com\/tr\/wp-json\/wp\/v2\/product_tag?post=5704"}],"curies":[{"name":"wp","href":"https:\/\/api.w.org\/{rel}","templated":true}]}}