{"id":5701,"date":"2024-07-12T08:56:08","date_gmt":"2024-07-12T08:56:08","guid":{"rendered":"https:\/\/www.profpetcorporation.com\/?post_type=product&#038;p=5701"},"modified":"2025-04-23T15:55:36","modified_gmt":"2025-04-23T15:55:36","slug":"pro-vet-de-toxin","status":"publish","type":"product","link":"https:\/\/www.profpetcorporation.com\/tr\/urun\/pro-vet-de-toxin\/","title":{"rendered":"PRO-VET\u00ae De-Toxin"},"content":{"rendered":"<ul>\n<li><span style=\"font-size: larger;\"><strong>%100 DO\u011eAL \u00dcR\u00dcN<br \/>\n<\/strong><\/span><\/li>\n<li><span style=\"font-size: larger;\"><strong>Kronik zehirlenmelerde, toksinlere ba\u011fl\u0131 zehirlenmelerde, ev tipi alkaloidler, \u00e7e\u015fitli di\u011fer toksik bile\u015fikler, farmakolojik ila\u00e7lar ve yiyecek kaynakl\u0131 zehirlenmelerde yard\u0131mc\u0131 olur.<\/strong><\/span><\/li>\n<li><span style=\"font-size: larger;\"><strong>Sindirim problemleri ve ba\u011f\u0131rsak enfeksiyon hastal\u0131klar\u0131nda, ishal, ba\u011f\u0131rsak enfeksiyonlar\u0131, gaz, viral hepatit gibi durumlarda destek sa\u011flar.<\/strong><\/span><\/li>\n<li><span style=\"font-size: larger;\"><strong>Endojen (v\u00fccut i\u00e7i) zehirlenmeler, b\u00f6brek yetmezli\u011fi, karaci\u011fer hasar\u0131 ve y\u00fcksek kolesterol d\u00fczeylerinde kullan\u0131l\u0131r.<\/strong><\/span><\/li>\n<\/ul>\n<p style=\"text-align: justify;\"><span style=\"font-size: medium;\"><strong>\u0130\u00e7indekiler:<\/strong> peynir alt\u0131 suyu tozu, pirin\u00e7 irmi\u011fi, \u00fcz\u00fcm \u015fekeri, actif karbon, soya unu, silisik asit, vitaminler ve mineraller. <strong>Besin katkilari:<\/strong> B1 Vitamini B1 %0.08, B2 Vitamini B2 %0.11, B3 Vitamini %0.059, B6 Vitamini %0.006%, B12 Vitamini %0.71%, A Vitamini 6.025 \u0130\u00dc\/kg, D3 Vitamini 668 \u0130\u00dc\/kg, E Vitamini 7 mg\/kg. <strong>Analitik bile\u015fenleri:<\/strong> ham protein %11, ham ya\u011f %3, ham k\u00fcl %5, ham sel\u00fcloz %0.29, nem %7. <strong>G\u00fcnl\u00fck kullan\u0131m:<\/strong> a\u00e7 karn\u0131na, en fazla 15 g\u00fcn boyunca, g\u00fcnde 3-4 kez, her 10 kg v\u00fccut a\u011f\u0131rl\u0131\u011f\u0131 i\u00e7in 1 tablettir. 15 g\u00fcnl\u00fck kullan\u0131m s\u00fcresinden sonra al\u0131m\u0131 durdurun. A\u011f\u0131zdan kullan\u0131m\u0131yla herhangi bir yan etkisi yoktur. \u00dcretim ve paketleme Hollanda\u2019da yap\u0131lm\u0131\u015ft\u0131r. Serin ve kuru yerde saklay\u0131n\u0131z. <strong>Son kullanma tarihi:<\/strong> pakete bak\u0131n\u0131z. <strong>Net kilo:<\/strong> 135g. <strong>I\u00e7erik:<\/strong> \u00b1100 tablet<br \/>\n<\/span><\/p>\n<p><span style=\"font-size: medium;\"><u>di\u011fer bile\u015fenler:<\/u><\/span><\/p>\n<p><strong><span style=\"font-size: medium;\">AKT\u0130F KARBON<\/span><\/strong><\/p>\n<p style=\"text-align: justify;\"><span style=\"font-size: medium;\"><strong>PRO-VET<\/strong>\u00ae <strong>De-Toxin <\/strong>detoks etkisine sahiptir. Ana etken maddesi, y\u00fcksek y\u00fczey aktifli\u011fine sahip, \u00e7o\u011funlukla bitkisel k\u00f6kenli do\u011fal bir madde olan Aktif Karbondur.<img loading=\"lazy\" decoding=\"async\" class=\" wp-image-4107 alignright\" src=\"https:\/\/www.profpetcorporation.com\/wp-content\/uploads\/2024\/11\/Carbon.jpg\" alt=\"\" width=\"301\" height=\"245\" srcset=\"https:\/\/www.profpetcorporation.com\/wp-content\/uploads\/2024\/11\/Carbon.jpg 1170w, https:\/\/www.profpetcorporation.com\/wp-content\/uploads\/2024\/11\/Carbon-600x488.jpg 600w, https:\/\/www.profpetcorporation.com\/wp-content\/uploads\/2024\/11\/Carbon-300x244.jpg 300w, https:\/\/www.profpetcorporation.com\/wp-content\/uploads\/2024\/11\/Carbon-1024x832.jpg 1024w, https:\/\/www.profpetcorporation.com\/wp-content\/uploads\/2024\/11\/Carbon-768x624.jpg 768w\" sizes=\"auto, (max-width: 301px) 100vw, 301px\" \/> <strong>PRO-VET<\/strong>\u00ae<strong> De-Toxin,\u00a0<\/strong> akut ve kronik hastal\u0131klar sonucu ya da a\u011f\u0131z yoluyla al\u0131nan maddelerle v\u00fccutta biriken ya da fazla miktarda olu\u015fan gaz ve s\u0131v\u0131 maddeleri adsorbe etme (emme) yetene\u011fine sahiptir. Do\u011fal bir karbon emici madde olarak aktif karbon, t\u0131bbi ama\u00e7la da kullan\u0131lmaktad\u0131r<\/span><span style=\"font-size: larger;\">.<\/span><\/p>\n<p style=\"text-align: justify;\"><span style=\"font-size: medium;\"><strong>PRO-VET<\/strong>\u00ae<strong> De-Toxin,\u00a0<\/strong> zehirleri, toksinleri, bozulmu\u015f maddeleri adsorbe eder ve n\u00f6tralize eder. Bu y\u00fczden zehirlenme durumlar\u0131nda vazge\u00e7ilmezdir. \u0130shal, salmonella, kronik b\u00f6brek yetmezli\u011fi, karaci\u011fer sirozu, alerjiler, dermatit ve daha bir\u00e7ok hastal\u0131kta etkili bir \u015fekilde yard\u0131mc\u0131 olur.<br \/>\n<strong>PRO-VET<\/strong>\u00ae<strong> De-Toxin,\u00a0<\/strong> kronik end\u00fcstriyel zehirlenmeleri, toksinlerle zehirlenme, evsel alkaloidler, tuzlar ve a\u011f\u0131r metaller, \u00e7e\u015fitli toksik bile\u015fikler ve farmakolojik ila\u00e7larla zehirlenme durumlar\u0131n\u0131n tedavisinde etkili oldu\u011fu g\u00f6sterilmi\u015ftir.<br \/>\nAktif karbon ayr\u0131ca g\u0131da zehirlenmelerinde ve di\u011fer toksik maddelerin al\u0131nmas\u0131 durumlar\u0131nda da kullan\u0131labilir. Bu, emilim y\u00fczeyini azaltmak, toksinlerin v\u00fccuda ge\u00e7mesini \u00f6nlemek ve at\u0131l\u0131m\u0131n\u0131 h\u0131zland\u0131rmak amac\u0131yla yap\u0131l\u0131r.<\/span><\/p>\n<p>&nbsp;<\/p>\n<p><span style=\"font-size: medium;\"><br \/>\n<\/span><strong><span style=\"font-size: medium;\">Sa\u011fl\u0131kl\u0131 bir k\u00f6pek, mutlu bir k\u00f6pektir.<\/span><\/strong><\/p>\n<p>&nbsp;<\/p>\n","protected":false},"excerpt":{"rendered":"<p>%100 DO\u011eAL \u00dcR\u00dcN Kronik zehirlenmelerde, toksinlere ba\u011fl\u0131 zehirlenmelerde, ev tipi alkaloidler, \u00e7e\u015fitli di\u011fer toksik bile\u015fikler, farmakolojik ila\u00e7lar ve yiyecek kaynakl\u0131 zehirlenmelerde yard\u0131mc\u0131 olur. Sindirim problemleri ve ba\u011f\u0131rsak enfeksiyon hastal\u0131klar\u0131nda, ishal, ba\u011f\u0131rsak enfeksiyonlar\u0131, gaz, viral hepatit gibi durumlarda destek sa\u011flar. Endojen (v\u00fccut i\u00e7i) zehirlenmeler, b\u00f6brek yetmezli\u011fi, karaci\u011fer hasar\u0131 ve y\u00fcksek kolesterol d\u00fczeylerinde kullan\u0131l\u0131r. \u0130\u00e7indekiler: peynir alt\u0131 [&hellip;]<\/p>\n","protected":false},"featured_media":2554,"comment_status":"open","ping_status":"closed","template":"","meta":{"_acf_changed":false},"product_brand":[],"product_cat":[229,228],"product_tag":[],"class_list":{"0":"post-5701","1":"product","2":"type-product","3":"status-publish","4":"has-post-thumbnail","6":"product_cat-kopekler-icin-saglikli-oduller-135g","7":"product_cat-pro-vet-tr","9":"first","10":"instock","11":"shipping-taxable","12":"product-type-simple"},"acf":[],"yoast_head":"<!-- This site is optimized with the Yoast SEO plugin v27.5 - https:\/\/yoast.com\/product\/yoast-seo-wordpress\/ -->\n<title>PRO-VET\u00ae De-Toxin - Prof Pet Corporation<\/title>\n<meta name=\"robots\" content=\"index, follow, max-snippet:-1, max-image-preview:large, max-video-preview:-1\" \/>\n<link rel=\"canonical\" href=\"https:\/\/www.profpetcorporation.com\/tr\/urun\/pro-vet-de-toxin\/\" \/>\n<meta property=\"og:locale\" content=\"tr_TR\" \/>\n<meta property=\"og:type\" content=\"article\" \/>\n<meta property=\"og:title\" content=\"PRO-VET\u00ae De-Toxin - Prof Pet Corporation\" \/>\n<meta property=\"og:description\" content=\"%100 DO\u011eAL \u00dcR\u00dcN Kronik zehirlenmelerde, toksinlere ba\u011fl\u0131 zehirlenmelerde, ev tipi alkaloidler, \u00e7e\u015fitli di\u011fer toksik bile\u015fikler, farmakolojik ila\u00e7lar ve yiyecek kaynakl\u0131 zehirlenmelerde yard\u0131mc\u0131 olur. Sindirim problemleri ve ba\u011f\u0131rsak enfeksiyon hastal\u0131klar\u0131nda, ishal, ba\u011f\u0131rsak enfeksiyonlar\u0131, gaz, viral hepatit gibi durumlarda destek sa\u011flar. Endojen (v\u00fccut i\u00e7i) zehirlenmeler, b\u00f6brek yetmezli\u011fi, karaci\u011fer hasar\u0131 ve y\u00fcksek kolesterol d\u00fczeylerinde kullan\u0131l\u0131r. \u0130\u00e7indekiler: peynir alt\u0131 [&hellip;]\" \/>\n<meta property=\"og:url\" content=\"https:\/\/www.profpetcorporation.com\/tr\/urun\/pro-vet-de-toxin\/\" \/>\n<meta property=\"og:site_name\" content=\"Prof Pet Corporation\" \/>\n<meta property=\"article:modified_time\" content=\"2025-04-23T15:55:36+00:00\" \/>\n<meta property=\"og:image\" content=\"https:\/\/www.profpetcorporation.com\/wp-content\/uploads\/2024\/07\/PRO-VET-135gr-De-Toxin-scaled.jpg\" \/>\n\t<meta property=\"og:image:width\" content=\"2560\" \/>\n\t<meta property=\"og:image:height\" content=\"2555\" \/>\n\t<meta property=\"og:image:type\" content=\"image\/jpeg\" \/>\n<meta name=\"twitter:card\" content=\"summary_large_image\" \/>\n<meta name=\"twitter:label1\" content=\"Tahmini okuma s\u00fcresi\" \/>\n\t<meta name=\"twitter:data1\" content=\"3 dakika\" \/>\n<script type=\"application\/ld+json\" class=\"yoast-schema-graph\">{\"@context\":\"https:\\\/\\\/schema.org\",\"@graph\":[{\"@type\":\"WebPage\",\"@id\":\"https:\\\/\\\/www.profpetcorporation.com\\\/tr\\\/urun\\\/pro-vet-de-toxin\\\/\",\"url\":\"https:\\\/\\\/www.profpetcorporation.com\\\/tr\\\/urun\\\/pro-vet-de-toxin\\\/\",\"name\":\"PRO-VET\u00ae De-Toxin - Prof Pet Corporation\",\"isPartOf\":{\"@id\":\"https:\\\/\\\/www.profpetcorporation.com\\\/tr\\\/#website\"},\"primaryImageOfPage\":{\"@id\":\"https:\\\/\\\/www.profpetcorporation.com\\\/tr\\\/urun\\\/pro-vet-de-toxin\\\/#primaryimage\"},\"image\":{\"@id\":\"https:\\\/\\\/www.profpetcorporation.com\\\/tr\\\/urun\\\/pro-vet-de-toxin\\\/#primaryimage\"},\"thumbnailUrl\":\"https:\\\/\\\/www.profpetcorporation.com\\\/wp-content\\\/uploads\\\/2024\\\/07\\\/PRO-VET-135gr-De-Toxin-scaled.jpg\",\"datePublished\":\"2024-07-12T08:56:08+00:00\",\"dateModified\":\"2025-04-23T15:55:36+00:00\",\"breadcrumb\":{\"@id\":\"https:\\\/\\\/www.profpetcorporation.com\\\/tr\\\/urun\\\/pro-vet-de-toxin\\\/#breadcrumb\"},\"inLanguage\":\"tr\",\"potentialAction\":[{\"@type\":\"ReadAction\",\"target\":[\"https:\\\/\\\/www.profpetcorporation.com\\\/tr\\\/urun\\\/pro-vet-de-toxin\\\/\"]}]},{\"@type\":\"ImageObject\",\"inLanguage\":\"tr\",\"@id\":\"https:\\\/\\\/www.profpetcorporation.com\\\/tr\\\/urun\\\/pro-vet-de-toxin\\\/#primaryimage\",\"url\":\"https:\\\/\\\/www.profpetcorporation.com\\\/wp-content\\\/uploads\\\/2024\\\/07\\\/PRO-VET-135gr-De-Toxin-scaled.jpg\",\"contentUrl\":\"https:\\\/\\\/www.profpetcorporation.com\\\/wp-content\\\/uploads\\\/2024\\\/07\\\/PRO-VET-135gr-De-Toxin-scaled.jpg\",\"width\":2560,\"height\":2555},{\"@type\":\"BreadcrumbList\",\"@id\":\"https:\\\/\\\/www.profpetcorporation.com\\\/tr\\\/urun\\\/pro-vet-de-toxin\\\/#breadcrumb\",\"itemListElement\":[{\"@type\":\"ListItem\",\"position\":1,\"name\":\"Home\",\"item\":\"https:\\\/\\\/www.profpetcorporation.com\\\/tr\\\/\"},{\"@type\":\"ListItem\",\"position\":2,\"name\":\"Shop\",\"item\":\"https:\\\/\\\/www.profpetcorporation.com\\\/shop\\\/\"},{\"@type\":\"ListItem\",\"position\":3,\"name\":\"PRO-VET\u00ae\",\"item\":\"https:\\\/\\\/www.profpetcorporation.com\\\/tr\\\/merken\\\/pro-vet-tr\\\/\"},{\"@type\":\"ListItem\",\"position\":4,\"name\":\"K\u00f6pekler \u0130\u00e7in Sa\u011fl\u0131kl\u0131 \u00d6d\u00fcller 135g\",\"item\":\"https:\\\/\\\/www.profpetcorporation.com\\\/tr\\\/merken\\\/pro-vet-tr\\\/kopekler-icin-saglikli-oduller-135g\\\/\"},{\"@type\":\"ListItem\",\"position\":5,\"name\":\"PRO-VET\u00ae De-Toxin\"}]},{\"@type\":\"WebSite\",\"@id\":\"https:\\\/\\\/www.profpetcorporation.com\\\/tr\\\/#website\",\"url\":\"https:\\\/\\\/www.profpetcorporation.com\\\/tr\\\/\",\"name\":\"Prof Pet Corporation\",\"description\":\"\",\"potentialAction\":[{\"@type\":\"SearchAction\",\"target\":{\"@type\":\"EntryPoint\",\"urlTemplate\":\"https:\\\/\\\/www.profpetcorporation.com\\\/tr\\\/?s={search_term_string}\"},\"query-input\":{\"@type\":\"PropertyValueSpecification\",\"valueRequired\":true,\"valueName\":\"search_term_string\"}}],\"inLanguage\":\"tr\"}]}<\/script>\n<!-- \/ Yoast SEO plugin. -->","yoast_head_json":{"title":"PRO-VET\u00ae De-Toxin - Prof Pet Corporation","robots":{"index":"index","follow":"follow","max-snippet":"max-snippet:-1","max-image-preview":"max-image-preview:large","max-video-preview":"max-video-preview:-1"},"canonical":"https:\/\/www.profpetcorporation.com\/tr\/urun\/pro-vet-de-toxin\/","og_locale":"tr_TR","og_type":"article","og_title":"PRO-VET\u00ae De-Toxin - Prof Pet Corporation","og_description":"%100 DO\u011eAL \u00dcR\u00dcN Kronik zehirlenmelerde, toksinlere ba\u011fl\u0131 zehirlenmelerde, ev tipi alkaloidler, \u00e7e\u015fitli di\u011fer toksik bile\u015fikler, farmakolojik ila\u00e7lar ve yiyecek kaynakl\u0131 zehirlenmelerde yard\u0131mc\u0131 olur. Sindirim problemleri ve ba\u011f\u0131rsak enfeksiyon hastal\u0131klar\u0131nda, ishal, ba\u011f\u0131rsak enfeksiyonlar\u0131, gaz, viral hepatit gibi durumlarda destek sa\u011flar. Endojen (v\u00fccut i\u00e7i) zehirlenmeler, b\u00f6brek yetmezli\u011fi, karaci\u011fer hasar\u0131 ve y\u00fcksek kolesterol d\u00fczeylerinde kullan\u0131l\u0131r. \u0130\u00e7indekiler: peynir alt\u0131 [&hellip;]","og_url":"https:\/\/www.profpetcorporation.com\/tr\/urun\/pro-vet-de-toxin\/","og_site_name":"Prof Pet Corporation","article_modified_time":"2025-04-23T15:55:36+00:00","og_image":[{"width":2560,"height":2555,"url":"https:\/\/www.profpetcorporation.com\/wp-content\/uploads\/2024\/07\/PRO-VET-135gr-De-Toxin-scaled.jpg","type":"image\/jpeg"}],"twitter_card":"summary_large_image","twitter_misc":{"Tahmini okuma s\u00fcresi":"3 dakika"},"schema":{"@context":"https:\/\/schema.org","@graph":[{"@type":"WebPage","@id":"https:\/\/www.profpetcorporation.com\/tr\/urun\/pro-vet-de-toxin\/","url":"https:\/\/www.profpetcorporation.com\/tr\/urun\/pro-vet-de-toxin\/","name":"PRO-VET\u00ae De-Toxin - Prof Pet Corporation","isPartOf":{"@id":"https:\/\/www.profpetcorporation.com\/tr\/#website"},"primaryImageOfPage":{"@id":"https:\/\/www.profpetcorporation.com\/tr\/urun\/pro-vet-de-toxin\/#primaryimage"},"image":{"@id":"https:\/\/www.profpetcorporation.com\/tr\/urun\/pro-vet-de-toxin\/#primaryimage"},"thumbnailUrl":"https:\/\/www.profpetcorporation.com\/wp-content\/uploads\/2024\/07\/PRO-VET-135gr-De-Toxin-scaled.jpg","datePublished":"2024-07-12T08:56:08+00:00","dateModified":"2025-04-23T15:55:36+00:00","breadcrumb":{"@id":"https:\/\/www.profpetcorporation.com\/tr\/urun\/pro-vet-de-toxin\/#breadcrumb"},"inLanguage":"tr","potentialAction":[{"@type":"ReadAction","target":["https:\/\/www.profpetcorporation.com\/tr\/urun\/pro-vet-de-toxin\/"]}]},{"@type":"ImageObject","inLanguage":"tr","@id":"https:\/\/www.profpetcorporation.com\/tr\/urun\/pro-vet-de-toxin\/#primaryimage","url":"https:\/\/www.profpetcorporation.com\/wp-content\/uploads\/2024\/07\/PRO-VET-135gr-De-Toxin-scaled.jpg","contentUrl":"https:\/\/www.profpetcorporation.com\/wp-content\/uploads\/2024\/07\/PRO-VET-135gr-De-Toxin-scaled.jpg","width":2560,"height":2555},{"@type":"BreadcrumbList","@id":"https:\/\/www.profpetcorporation.com\/tr\/urun\/pro-vet-de-toxin\/#breadcrumb","itemListElement":[{"@type":"ListItem","position":1,"name":"Home","item":"https:\/\/www.profpetcorporation.com\/tr\/"},{"@type":"ListItem","position":2,"name":"Shop","item":"https:\/\/www.profpetcorporation.com\/shop\/"},{"@type":"ListItem","position":3,"name":"PRO-VET\u00ae","item":"https:\/\/www.profpetcorporation.com\/tr\/merken\/pro-vet-tr\/"},{"@type":"ListItem","position":4,"name":"K\u00f6pekler \u0130\u00e7in Sa\u011fl\u0131kl\u0131 \u00d6d\u00fcller 135g","item":"https:\/\/www.profpetcorporation.com\/tr\/merken\/pro-vet-tr\/kopekler-icin-saglikli-oduller-135g\/"},{"@type":"ListItem","position":5,"name":"PRO-VET\u00ae De-Toxin"}]},{"@type":"WebSite","@id":"https:\/\/www.profpetcorporation.com\/tr\/#website","url":"https:\/\/www.profpetcorporation.com\/tr\/","name":"Prof Pet Corporation","description":"","potentialAction":[{"@type":"SearchAction","target":{"@type":"EntryPoint","urlTemplate":"https:\/\/www.profpetcorporation.com\/tr\/?s={search_term_string}"},"query-input":{"@type":"PropertyValueSpecification","valueRequired":true,"valueName":"search_term_string"}}],"inLanguage":"tr"}]}},"_links":{"self":[{"href":"https:\/\/www.profpetcorporation.com\/tr\/wp-json\/wp\/v2\/product\/5701","targetHints":{"allow":["GET"]}}],"collection":[{"href":"https:\/\/www.profpetcorporation.com\/tr\/wp-json\/wp\/v2\/product"}],"about":[{"href":"https:\/\/www.profpetcorporation.com\/tr\/wp-json\/wp\/v2\/types\/product"}],"replies":[{"embeddable":true,"href":"https:\/\/www.profpetcorporation.com\/tr\/wp-json\/wp\/v2\/comments?post=5701"}],"wp:featuredmedia":[{"embeddable":true,"href":"https:\/\/www.profpetcorporation.com\/tr\/wp-json\/wp\/v2\/media\/2554"}],"wp:attachment":[{"href":"https:\/\/www.profpetcorporation.com\/tr\/wp-json\/wp\/v2\/media?parent=5701"}],"wp:term":[{"taxonomy":"product_brand","embeddable":true,"href":"https:\/\/www.profpetcorporation.com\/tr\/wp-json\/wp\/v2\/product_brand?post=5701"},{"taxonomy":"product_cat","embeddable":true,"href":"https:\/\/www.profpetcorporation.com\/tr\/wp-json\/wp\/v2\/product_cat?post=5701"},{"taxonomy":"product_tag","embeddable":true,"href":"https:\/\/www.profpetcorporation.com\/tr\/wp-json\/wp\/v2\/product_tag?post=5701"}],"curies":[{"name":"wp","href":"https:\/\/api.w.org\/{rel}","templated":true}]}}