{"id":5649,"date":"2024-07-12T08:37:15","date_gmt":"2024-07-12T08:37:15","guid":{"rendered":"https:\/\/www.profpetcorporation.com\/?post_type=product&#038;p=5649"},"modified":"2025-04-17T16:16:31","modified_gmt":"2025-04-17T16:16:31","slug":"pro-vet-weight-control-2","status":"publish","type":"product","link":"https:\/\/www.profpetcorporation.com\/tr\/urun\/pro-vet-weight-control-2\/","title":{"rendered":"PRO-VET\u00ae Weight Control"},"content":{"rendered":"<p style=\"text-align: justify;\"><span style=\"color: #76b4a8;\"><span style=\"font-size: large;\"><strong>\u0130ndikasyon<\/strong><\/span><\/span><\/p>\n<p style=\"text-align: justify;\"><span style=\"font-size: medium;\"><strong>PRO-VET<\/strong>\u00ae<strong> Weight Control h<\/strong><\/span><strong>er \u0131rktan ve ya\u015ftan k\u00f6pekler i\u00e7in tam ve dengeli d\u00fc\u015f\u00fck kalorili kuru mama. A\u015f\u0131r\u0131 kilolu veya kilo almaya yatk\u0131n olan k\u00f6peklerin v\u00fccut sa\u011fl\u0131\u011f\u0131n\u0131 korumak amac\u0131yla \u00f6zel olarak form\u00fcle edilmi\u015ftir. Kilo vermek ve kilo al\u0131m\u0131n\u0131 \u00f6nlemek i\u00e7in d\u00fc\u015f\u00fck enerji de\u011ferine sahiptir. Metabolize Edilebilir Enerji 2786 kcal\/kg<\/strong><\/p>\n<p style=\"text-align: justify;\"><span style=\"font-size: medium;\"><strong>PRO-VET<\/strong>\u00ae<strong> Weight Control, <\/strong>fazla kilolu olma e\u011filimi olan k\u00f6peklerin v\u00fccut formunu kontrol etmek ve kanser, \u015feker hastal\u0131\u011f\u0131 ve kalp yetmezli\u011fi riskini azaltmak i\u00e7in \u00f6zel olarak form\u00fcle edilmi\u015ftir.<\/span><\/p>\n<p style=\"text-align: justify;\"><span style=\"font-size: medium;\"><strong>PRO-VET<\/strong>\u00ae<strong> Weight Control, <\/strong>d\u00fc\u015f\u00fck enerji i\u00e7eri\u011fi ile fazla kilolu olma e\u011filimi olan k\u00f6peklerin v\u00fccut formlar\u0131n\u0131 kontrol eder. A\u015f\u0131r\u0131 kilolu v\u00fccut yap\u0131s\u0131, kanser, \u015feker hastal\u0131\u011f\u0131 ve kalp yetersizli\u011fi riskini artt\u0131rd\u0131\u011f\u0131 i\u00e7in ortalama \u00f6mr\u00fc azalt\u0131r. <strong>PRO-VET<\/strong>\u00ae<strong> Weight Control<\/strong>&#8216;in \u00f6zel birle\u015fimi bu hastal\u0131klar\u0131n riskini azalt\u0131r ve kilo kontrol\u00fcn\u00fc kolayla\u015ft\u0131r\u0131r. V\u00fccut formu, g\u0131da al\u0131m\u0131na ve daha d\u00fc\u015f\u00fck bir \u00f6l\u00e7\u00fcde fiziksel aktivitelere ba\u011fl\u0131d\u0131r. \u0130deal bir v\u00fccut formu \u00f6mr\u00fc uzat\u0131r ve temel hastal\u0131klar\u0131n olu\u015fmas\u0131 riskini azalt\u0131r. <strong>PRO-VET<\/strong>\u00ae<strong> Weight Control<\/strong>&#8216;den kendi kedinize verilecek miktar ideal v\u00fccut formunu sa\u011flayacak ve koruyacak kadar olmal\u0131d\u0131r. Kilo kayb\u0131n\u0131 desteklemek ve kilo almay\u0131 engellemek i\u00e7in <strong>PRO-VET<\/strong>\u00ae<strong> Weight Control<\/strong>&#8216;\u00fcn d\u00fc\u015f\u00fck enerji de\u011feri d\u00fc\u015f\u00fckt\u00fcr.<\/span><\/p>\n<p>&nbsp;<\/p>\n<p style=\"text-align: justify;\"><span style=\"color: #76b4a8;\"><span style=\"font-size: large;\"><strong>Etkinlik<\/strong><\/span><\/span><\/p>\n<table border=\"1\" width=\"550\" cellspacing=\"1\" cellpadding=\"1\">\n<tbody>\n<tr>\n<td style=\"text-align: left;\" valign=\"top\" width=\"300\"><strong>\u00d6ZELL\u0130\u011e\u0130<\/strong><\/td>\n<td valign=\"top\"><strong>ETK\u0130S\u0130<\/strong><\/td>\n<\/tr>\n<tr>\n<td valign=\"top\" width=\"300\">D\u00fc\u015f\u00fck Enerji de\u011feri.<\/td>\n<td valign=\"top\"><span style=\"font-size: medium;\">A\u015f\u0131r\u0131 kilolu k\u00f6peklerde v\u00fccut a\u011f\u0131rl\u0131\u011f\u0131n\u0131 azaltmak i\u00e7indir, ancak kilo verme rejimini devam ettirmek i\u00e7in ve a\u015f\u0131r\u0131 kilo alma e\u011filimi olan k\u00f6pekler i\u00e7in de kullan\u0131labilir.<\/span><\/td>\n<\/tr>\n<tr>\n<td valign=\"top\" width=\"300\">Y\u00fcksek Protein i\u00e7erik.<\/td>\n<td valign=\"top\"><span style=\"font-size: medium;\">Kas k\u00fctlesini korumak i\u00e7in.<\/span><\/td>\n<\/tr>\n<tr>\n<td valign=\"top\" width=\"300\">Yonca (Medikago sativa).<\/td>\n<td valign=\"top\"><span style=\"font-size: medium;\">Anemi ve \u015feker hastal\u0131\u011f\u0131 tedavisinde diyet homeopatik tamamlay\u0131c\u0131d\u0131r, i\u015ftah\u0131 bast\u0131r\u0131r ve a\u011f\u0131rl\u0131k kayb\u0131 ve korunmas\u0131nda katk\u0131da bulunur, kan kolesterol d\u00fczeylerini d\u00fc\u015f\u00fcr\u00fcr ve kalp yetmezli\u011fi riskini azalt\u0131r.<\/span><\/td>\n<\/tr>\n<tr>\n<td valign=\"top\" width=\"300\">Optimal yo\u011funlukta besinler.<\/td>\n<td valign=\"top\">V\u00fccut i\u015flevlerinin bak\u0131m\u0131. Deri sa\u011fl\u0131\u011f\u0131na destek.<\/td>\n<\/tr>\n<tr>\n<td valign=\"top\" width=\"300\">Y\u00fcksek protein, ya\u011f ve karbonhidrat sindirimi.<\/td>\n<td valign=\"top\">D\u0131\u015fk\u0131n\u0131n iyi k\u0131vamda olmas\u0131n\u0131 sa\u011flar.<\/td>\n<\/tr>\n<tr>\n<td valign=\"top\" width=\"300\">Omega3 ailesinden doymam\u0131\u015f ya\u011f asitleri y\u00f6n\u00fcnden zengin (EPA+DHA).<\/td>\n<td valign=\"top\">Ba\u011f\u0131\u015f\u0131kl\u0131k fonksiyonlar\u0131n stim\u00fclasyonunda. Atopik hastal\u0131\u011f\u0131nda cildin iyile\u015fmesini sa\u011flar. Kanser, b\u00f6brek yetmezli\u011fi ve arterit riskini azalt\u0131r.<\/td>\n<\/tr>\n<tr>\n<td valign=\"top\" width=\"300\">Do\u011fal anti-oksidanlar y\u00f6n\u00fcnden zengin.<\/td>\n<td valign=\"top\">Azalm\u0131\u015f kanser riski ve b\u00f6brek yetmezli\u011fi riski.<\/td>\n<\/tr>\n<tr>\n<td valign=\"top\" width=\"300\"><span style=\"font-size: medium;\">D\u00fc\u015f\u00fck fosfor (P).<\/span><\/td>\n<td valign=\"top\">Daha az b\u00f6brek yetmezli\u011fi riski.<\/td>\n<\/tr>\n<tr>\n<td valign=\"top\" width=\"300\">Y\u00fcksek k\u0131vaml\u0131 lifler y\u00f6n\u00fcnden zengin (FHV).<\/td>\n<td valign=\"top\">Azalm\u0131\u015f diyabet riski ve k\u0131l yuma\u011f\u0131 olu\u015fumu. Ba\u011f\u0131rsaklar\u0131 harekete ge\u00e7irir, d\u0131\u015fk\u0131n\u0131n k\u0131vam\u0131nda ilerleme sa\u011flar.<\/td>\n<\/tr>\n<tr>\n<td valign=\"top\" width=\"300\">Y\u00fcksek k\u0131vaml\u0131 lifler y\u00f6n\u00fcnden az (FLV).<\/td>\n<td valign=\"top\">Ba\u011f\u0131rsaklar\u0131 harekete ge\u00e7irir ve k\u0131l yuma\u011f\u0131 olu\u015fumunu azaltir.<\/td>\n<\/tr>\n<tr>\n<td valign=\"top\" width=\"300\"><span style=\"font-size: medium;\">Prebiyotik ekli:<br \/>\n&#8211; Mannanoligosakkarid (MOS)<br \/>\n&#8211; Fruktooligosakkarid (FOS)<\/span><\/td>\n<td valign=\"top\">Ba\u011f\u0131rsaklarda faydal\u0131 bakterilerin b\u00fcy\u00fcmesini destekler. Peristaltik hareketlenmeyi te\u015fvik ederek ba\u011f\u0131rsak faaliyetlerine ve bo\u015faltmaya pozitif etki sa\u011flar. Ba\u011f\u0131rsaklar\u0131 patojenik bakterilere kar\u015f\u0131 korur.<\/td>\n<\/tr>\n<\/tbody>\n<\/table>\n<p>&nbsp;<\/p>\n<p>&nbsp;<\/p>\n<p style=\"text-align: justify;\"><span style=\"color: #76b4a8;\"><span style=\"font-size: large;\"><strong>Bile\u015fimi<\/strong><\/span><\/span><\/p>\n<p style=\"text-align: justify;\"><span style=\"font-size: medium;\">suyu al\u0131nm\u0131\u015f k\u00fcmes hayvan\u0131 eti, ar\u0131t\u0131lm\u0131\u015f sebze lifi (sel\u00fcl\u00f6z), hayvansal protein, kurutulmu\u015f pancar k\u00fcspesi, arpa, susuz patates gevre\u011fi, pirin\u00e7, suyu al\u0131nm\u0131\u015f soya fas\u00fclyesi proteinleri, bezelye, yonca, ke\u00e7i boynuzu yemek (Ceratonia siliqua), m\u0131s\u0131r gluten, suyu al\u0131nm\u0131\u015f bira mayas\u0131 \u00f6z\u00fct\u00fc, tavuk ya\u011f\u0131, keten tohumu, hidrolize tavuk karaci\u011feri, mannanoligosakkarid, dl-metionin, L-karnitin, L-lizin, inulin (fructooligosakkarid kayna\u011f\u0131).<\/span><\/p>\n<p style=\"text-align: justify;\"><strong>Antioksidanlar:<\/strong> Do\u011fal kaynakl\u0131 (bitkisel ya\u011flardan elde edilen) antioksidan, g\u00fc\u00e7l\u00fc tokoferol a\u00e7\u0131s\u0131ndan zengin \u00f6z\u00fct (E vitamini) ile zenginle\u015ftirilmi\u015ftir. Yapay tatland\u0131r\u0131c\u0131, koruyucu ve renk verici i\u00e7ermemektedir.<br \/>\n<strong>PRO-VET<\/strong>\u00ae \u00fcr\u00fcnleri NRC, AAFCO ve FEDIAF taraf\u0131ndan belirtilen gereksinimleri kar\u015f\u0131lar.<\/p>\n<p>&nbsp;<\/p>\n<p style=\"text-align: justify;\"><span style=\"color: #76b4a8;\"><span style=\"font-size: large;\"><strong>Analiz<\/strong><\/span><\/span><\/p>\n<table border=\"0\" width=\"550\" cellspacing=\"1\" cellpadding=\"1\">\n<tbody>\n<tr>\n<td valign=\"top\"><strong>Analitik bile\u015fenleri<\/strong><\/td>\n<td valign=\"top\"><\/td>\n<td valign=\"top\"><strong>Besin katkilari<\/strong><\/td>\n<td valign=\"top\"><\/td>\n<\/tr>\n<tr>\n<td valign=\"top\"><span style=\"font-size: medium;\">Hem<br \/>\nHam protein<br \/>\nDoymu\u015f ya\u011f<br \/>\nHam k\u00fcl<br \/>\nHam lif<br \/>\nKalsiyum (Ca)<br \/>\nFosfor (P)<br \/>\nSodyum (Na)<br \/>\nMagnezyum (Mg)<br \/>\nPotasyum (K)<br \/>\nLizin<br \/>\nMetionin<br \/>\nSistin<br \/>\nTreonin<br \/>\nTriptofan<br \/>\nKarbonhidratlars<\/span><\/td>\n<td valign=\"top\">8.00 %<br \/>\n30.0 %<br \/>\n6.00 %<br \/>\n5.90 %<br \/>\n12.0 %<br \/>\n1.00 %<br \/>\n0.80 %<br \/>\n2.20 g\/kg<br \/>\n1.30 g\/kg<br \/>\n7.40 g\/kg<br \/>\n6.00 g\/kg<br \/>\n3.30 g\/kg<br \/>\n9.60 g\/kg<br \/>\n2.50 g\/kg<br \/>\n11.8 g\/kg<br \/>\n30.70 %<\/td>\n<td valign=\"top\"><span style=\"font-size: medium;\">Vitamin A<br \/>\nVitamin D3<br \/>\nVitamin E<br \/>\nVitamin K3<br \/>\nVitamin B1<br \/>\nVitamin B2<br \/>\nNiacin<br \/>\nPantothenic acid<br \/>\nVitamin B6<br \/>\nVitamin B12<br \/>\nBiotin<br \/>\nCholine<br \/>\nFolic acid<br \/>\nVitamin C<br \/>\nL-Lizin<br \/>\ndl-Metionin<br \/>\nL-Karnitin<\/span><\/td>\n<td valign=\"top\"><span style=\"font-size: medium;\">20.000 \u0130\u00dc\/kg<br \/>\n1.500 \u0130\u00dc\/kg<br \/>\n600 mg\/kg<br \/>\n1.30 mg\/kg<br \/>\n6.00 mg\/kg<br \/>\n9.00 mg\/kg<br \/>\n37.0 mg\/kg<br \/>\n17.0 mg\/kg<br \/>\n3.30 mg\/kg<br \/>\n50.0 \u03bcg\/kg<br \/>\n330 \u03bcg\/kg<br \/>\n660 mg\/kg<br \/>\n0.80 mg\/kg<br \/>\n195 mg\/kg<br \/>\n13.000 mg\/kg<br \/>\n5.000 mg\/kg<br \/>\n300 mg\/kg<\/span><\/td>\n<\/tr>\n<\/tbody>\n<\/table>\n<p><span style=\"font-size: medium;\"><strong>Metabolize Edilebilir Enerji 2786 Kcal\/kg [11.6 MJ\/kg]<\/strong><\/span><span style=\"font-size: larger;\"><strong><br \/>\n<\/strong><\/span><\/p>\n<p><strong>Vitaminler<\/strong><br \/>\nA Vitamini (retinil asetat)<br \/>\nD3 Vitamin D3 (kolekalsiferol)<br \/>\nE Vitamini (t\u00fcm-rac-alfa-tokoferol)<br \/>\nK3 Vitamini (menadion nikotinamid bis\u00fclfit)<\/p>\n<p><strong>Eser elementler<\/strong><br \/>\n(Zn) \u00c7inko 63 mg\/kg<br \/>\n(\u00e7inko s\u00fclfat monohidrat \/ amino asitlerin \u00e7inko \u015felat\u0131, hidrat)<br \/>\n(Fe) Demir 50 mg\/kg<br \/>\n(demir(II)s\u00fclfat monohidrat \/ amino asitlerin demir(II)\u015felat\u0131, hidrat)<br \/>\n(Mn) Manganez 30 mg\/kg<br \/>\n(manganez(II)s\u00fclfat monohidrat) \/ amino asit hidrat manganez(II)\u015felat\u0131)<br \/>\n(Cu) Bak\u0131r 13 mg\/kg<br \/>\n(bak\u0131r(II) s\u00fclfat pentahidrat \/ amino asit hidrat bak\u0131r(II)\u015felat\u0131)<br \/>\n(I) Iyot (kalsiyum iyodat, susuz) 1.50 mg\/kg<br \/>\n(Se) Selenyum (sodyum selenit) 0.20 mg\/kg<\/p>\n<p>&nbsp;<\/p>\n<p style=\"text-align: justify;\"><span style=\"color: #76b4a8;\"><span style=\"font-size: large;\"><strong>Besleme tavsivesi<\/strong><\/span><\/span><\/p>\n<p><strong>Beslenme talimat\u0131:<\/strong> Kuru mama yemeye haz\u0131rd\u0131r. K\u00f6pe\u011finiz i\u00e7in her zaman bol miktarda taze i\u00e7me suyu sa\u011flad\u0131\u011f\u0131n\u0131zdan emin olun. Yiyecek ve su kaselerini d\u00fczenli olarak temizleyin.<br \/>\n<strong>Beslenme kurallar\u0131:<\/strong> K\u00f6pe\u011finizin ideal v\u00fccut a\u011f\u0131rl\u0131\u011f\u0131 i\u00e7in ambalaj \u00fczerindeki besleme k\u0131lavuzunda bulunan g\u00fcnl\u00fck yem miktar\u0131 \u00f6nerilir. Bununla birlikte, \u00f6nerilen g\u00fcnl\u00fck miktarlar yaln\u0131zca bir k\u0131lavuz olarak kullan\u0131lmal\u0131d\u0131r \u00e7\u00fcnk\u00fc bir k\u00f6pe\u011fin gereksinimleri, cins, k\u00f6pe\u011fin boyutu, aktivite seviyesi, metabolizma, ya\u015f ve \u00e7evre gibi \u00e7e\u015fitli fakt\u00f6rlere ba\u011fl\u0131 olarak de\u011fi\u015fecektir. Beslenme miktarlar\u0131, k\u00f6pe\u011finizin g\u00fcnl\u00fck beslenme gereksinimlerine uyacak \u015fekilde ayarlanmal\u0131d\u0131r. Beslemeye ilk kez ba\u015flarken <strong>PRO-VET<\/strong>\u00ae, g4 ile 10 g\u00fcnl\u00fck bir s\u00fcre i\u00e7erisinde kademeli olarak ge\u00e7i\u015f yap\u0131n. \u00d6nerilen yem miktar\u0131n\u0131 g\u00fcnde iki \u00f6\u011f\u00fcne b\u00f6lerek veriniz.<\/p>\n<table style=\"width: 401px; height: 268px;\" border=\"1\" cellspacing=\"1\" cellpadding=\"1\">\n<tbody>\n<tr>\n<td style=\"text-align: center;\"><strong>V\u00fccut a\u011f\u0131rl\u0131\u011f\u0131<\/strong><\/td>\n<td style=\"text-align: center;\"><strong>G\u00fcnl\u00fck porsiyon<\/strong><\/td>\n<td style=\"text-align: center;\" rowspan=\"9\"><\/td>\n<\/tr>\n<tr>\n<td style=\"text-align: center;\"><span style=\"font-size: medium;\">2 kg<\/span><\/td>\n<td style=\"text-align: center;\"><span style=\"font-size: medium;\">71 g<\/span><\/td>\n<\/tr>\n<tr>\n<td style=\"text-align: center;\"><span style=\"font-size: medium;\">5 kg<\/span><\/td>\n<td style=\"text-align: center;\"><span style=\"font-size: medium;\">141 g<\/span><\/td>\n<\/tr>\n<tr>\n<td style=\"text-align: center;\"><span style=\"font-size: medium;\">10 kg<\/span><\/td>\n<td style=\"text-align: center;\"><span style=\"font-size: medium;\">237 g<\/span><\/td>\n<\/tr>\n<tr>\n<td style=\"text-align: center;\"><span style=\"font-size: medium;\">20 kg<\/span><\/td>\n<td style=\"text-align: center;\"><span style=\"font-size: medium;\">399 g<\/span><\/td>\n<\/tr>\n<tr>\n<td style=\"text-align: center;\"><span style=\"font-size: medium;\">30 kg<\/span><\/td>\n<td style=\"text-align: center;\"><span style=\"font-size: medium;\">541 g<\/span><\/td>\n<\/tr>\n<tr>\n<td style=\"text-align: center;\"><span style=\"font-size: medium;\">50 kg<\/span><\/td>\n<td style=\"text-align: center;\"><span style=\"font-size: medium;\">793 g<\/span><\/td>\n<\/tr>\n<tr>\n<td style=\"text-align: center;\"><span style=\"font-size: medium;\">70 kg<\/span><\/td>\n<td style=\"text-align: center;\"><span style=\"font-size: medium;\">1021 g<\/span><\/td>\n<\/tr>\n<tr>\n<td style=\"text-align: center;\"><span style=\"font-size: medium;\">&gt;70 kg<\/span><\/td>\n<td style=\"text-align: center;\"><span style=\"font-size: medium;\">12 g\/kg<\/span><\/td>\n<\/tr>\n<\/tbody>\n<\/table>\n<p style=\"text-align: justify;\"><span style=\"color: #76b4a8;\"><span style=\"font-size: large;\"><strong><br \/>\nPaket<\/strong><\/span><\/span><\/p>\n<p><span style=\"font-size: medium;\">2.5kg\u00a0\u00a0 EAN 8717496486325<br \/>\n7.5kg\u00a0\u00a0 EAN 8717496489937<\/span><\/p>\n<p style=\"text-align: justify;\"><span style=\"color: #76b4a8;\"><span style=\"font-size: large;\"><strong><br \/>\nDepolma tavsiyesi<\/strong><\/span><\/span><\/p>\n<p style=\"text-align: justify;\"><span style=\"font-size: medium;\">Kuru mama, di\u011fer g\u0131da t\u00fcrleri kadar h\u0131zl\u0131 bozulmayacak olsa da, s\u00fcresiz olarak dayanmaz. Bu t\u00fcr yiyecekleri her zaman son kullanma tarihinden \u00f6nce kulland\u0131\u011f\u0131n\u0131zdan emin olun. Yiyecekleri kuru tutun ve geldi\u011fi torban\u0131n i\u00e7inde saklay\u0131n; torbalar\u0131 neme ve hava ak\u0131\u015f\u0131na kar\u015f\u0131 koyacak \u015fekilde tasarl\u0131yoruz. B\u00fcy\u00fck bir k\u00f6pek ya da kedi mamas\u0131n\u0131 saklaman\u0131n en iyi yolu, orijinal \u00e7antay\u0131 temiz bir plastik kova ya da g\u00fcvenli kapakl\u0131 bir kap i\u00e7ine yerle\u015ftirmektir. Nemli ortamlar bozulmay\u0131 h\u0131zland\u0131raca\u011f\u0131ndan kuru g\u0131dalar\u0131 nemli odalarda saklamay\u0131n. Torban\u0131n \u00fcst k\u0131sm\u0131n\u0131 her zaman s\u0131k\u0131ca a\u015fa\u011f\u0131 do\u011fru yuvarlay\u0131n ve bir klipsle kapat\u0131n. Hastal\u0131k Kontrol ve \u00d6nleme Merkezi, evcil hayvan sahiplerinin kuru mamalar\u0131 23\u00b0 C (santigrat derece) veya 74\u00b0 F (Fahrenhayt derece) a\u015fmayan yerlerde tutmalar\u0131n\u0131 \u00f6nerir. \u00a0<\/span><\/p>\n<p><span style=\"font-size: medium;\"><br \/>\n<\/span><strong><span style=\"font-size: medium;\">Sa\u011fl\u0131kl\u0131 bir k\u00f6pek, mutlu bir k\u00f6pektir.<\/span><\/strong><\/p>\n<p>&nbsp;<\/p>\n","protected":false},"excerpt":{"rendered":"<p style=\"text-align: left;\"><span style=\"font-size: x-large;\"><span style=\"color: #76b4a8;\"><strong>KILO KAYBETMEK VE KORUMAK \u0130\u00c7\u0130N D\u00dc\u015e\u00dcK-ENERJ\u0130L\u0130 Y\u0130YEKCEK<\/strong><\/span><\/span><span style=\"font-size: large;\"><br \/>\n<\/span><\/p>\n<p style=\"text-align: left;\"><span style=\"font-size: large;\">D\u00fc\u015f\u00fck enerji de\u011feri<br \/>\nY\u00fcksek protein i\u00e7eri\u011fi<br \/>\nL-karnitin<br \/>\nDo\u011fal antioksidan kar\u0131\u015f\u0131m<br \/>\nPrebiyotikler (MOS+FOS)<br \/>\nY\u00fcksek-Vizkoziteli-Lif (VHV)<br \/>\nD\u00fc\u015f\u00fck-Vizkoziteli-Lif (FLV)<\/span><\/p>\n","protected":false},"featured_media":2473,"comment_status":"open","ping_status":"closed","template":"","meta":{"_acf_changed":false},"product_brand":[],"product_cat":[238,228],"product_tag":[],"class_list":{"0":"post-5649","1":"product","2":"type-product","3":"status-publish","4":"has-post-thumbnail","6":"product_cat-kopekler-icin-ozel-kuru-beslenme","7":"product_cat-pro-vet-tr","9":"first","10":"instock","11":"shipping-taxable","12":"product-type-simple"},"acf":[],"yoast_head":"<!-- This site is optimized with the Yoast SEO plugin v27.3 - https:\/\/yoast.com\/product\/yoast-seo-wordpress\/ -->\n<title>PRO-VET\u00ae Weight Control - Prof Pet Corporation<\/title>\n<meta name=\"robots\" content=\"index, follow, max-snippet:-1, max-image-preview:large, max-video-preview:-1\" \/>\n<link rel=\"canonical\" href=\"https:\/\/www.profpetcorporation.com\/tr\/urun\/pro-vet-weight-control-2\/\" \/>\n<meta property=\"og:locale\" content=\"tr_TR\" \/>\n<meta property=\"og:type\" content=\"article\" \/>\n<meta property=\"og:title\" content=\"PRO-VET\u00ae Weight Control - Prof Pet Corporation\" \/>\n<meta property=\"og:description\" content=\"KILO KAYBETMEK VE KORUMAK \u0130\u00c7\u0130N D\u00dc\u015e\u00dcK-ENERJ\u0130L\u0130 Y\u0130YEKCEK  D\u00fc\u015f\u00fck enerji de\u011feri Y\u00fcksek protein i\u00e7eri\u011fi L-karnitin Do\u011fal antioksidan kar\u0131\u015f\u0131m Prebiyotikler (MOS+FOS) Y\u00fcksek-Vizkoziteli-Lif (VHV) D\u00fc\u015f\u00fck-Vizkoziteli-Lif (FLV)\" \/>\n<meta property=\"og:url\" content=\"https:\/\/www.profpetcorporation.com\/tr\/urun\/pro-vet-weight-control-2\/\" \/>\n<meta property=\"og:site_name\" content=\"Prof Pet Corporation\" \/>\n<meta property=\"article:modified_time\" content=\"2025-04-17T16:16:31+00:00\" \/>\n<meta property=\"og:image\" content=\"https:\/\/www.profpetcorporation.com\/wp-content\/uploads\/2024\/07\/PRO-VET-Weight-Control-25kg.jpg\" \/>\n\t<meta property=\"og:image:width\" content=\"2362\" \/>\n\t<meta property=\"og:image:height\" content=\"2362\" \/>\n\t<meta property=\"og:image:type\" content=\"image\/jpeg\" \/>\n<meta name=\"twitter:card\" content=\"summary_large_image\" \/>\n<meta name=\"twitter:label1\" content=\"Tahmini okuma s\u00fcresi\" \/>\n\t<meta name=\"twitter:data1\" content=\"5 dakika\" \/>\n<script type=\"application\/ld+json\" class=\"yoast-schema-graph\">{\"@context\":\"https:\\\/\\\/schema.org\",\"@graph\":[{\"@type\":\"WebPage\",\"@id\":\"https:\\\/\\\/www.profpetcorporation.com\\\/tr\\\/urun\\\/pro-vet-weight-control-2\\\/\",\"url\":\"https:\\\/\\\/www.profpetcorporation.com\\\/tr\\\/urun\\\/pro-vet-weight-control-2\\\/\",\"name\":\"PRO-VET\u00ae Weight Control - Prof Pet Corporation\",\"isPartOf\":{\"@id\":\"https:\\\/\\\/www.profpetcorporation.com\\\/tr\\\/#website\"},\"primaryImageOfPage\":{\"@id\":\"https:\\\/\\\/www.profpetcorporation.com\\\/tr\\\/urun\\\/pro-vet-weight-control-2\\\/#primaryimage\"},\"image\":{\"@id\":\"https:\\\/\\\/www.profpetcorporation.com\\\/tr\\\/urun\\\/pro-vet-weight-control-2\\\/#primaryimage\"},\"thumbnailUrl\":\"https:\\\/\\\/www.profpetcorporation.com\\\/wp-content\\\/uploads\\\/2024\\\/07\\\/PRO-VET-Weight-Control-25kg.jpg\",\"datePublished\":\"2024-07-12T08:37:15+00:00\",\"dateModified\":\"2025-04-17T16:16:31+00:00\",\"breadcrumb\":{\"@id\":\"https:\\\/\\\/www.profpetcorporation.com\\\/tr\\\/urun\\\/pro-vet-weight-control-2\\\/#breadcrumb\"},\"inLanguage\":\"tr\",\"potentialAction\":[{\"@type\":\"ReadAction\",\"target\":[\"https:\\\/\\\/www.profpetcorporation.com\\\/tr\\\/urun\\\/pro-vet-weight-control-2\\\/\"]}]},{\"@type\":\"ImageObject\",\"inLanguage\":\"tr\",\"@id\":\"https:\\\/\\\/www.profpetcorporation.com\\\/tr\\\/urun\\\/pro-vet-weight-control-2\\\/#primaryimage\",\"url\":\"https:\\\/\\\/www.profpetcorporation.com\\\/wp-content\\\/uploads\\\/2024\\\/07\\\/PRO-VET-Weight-Control-25kg.jpg\",\"contentUrl\":\"https:\\\/\\\/www.profpetcorporation.com\\\/wp-content\\\/uploads\\\/2024\\\/07\\\/PRO-VET-Weight-Control-25kg.jpg\",\"width\":2362,\"height\":2362},{\"@type\":\"BreadcrumbList\",\"@id\":\"https:\\\/\\\/www.profpetcorporation.com\\\/tr\\\/urun\\\/pro-vet-weight-control-2\\\/#breadcrumb\",\"itemListElement\":[{\"@type\":\"ListItem\",\"position\":1,\"name\":\"Home\",\"item\":\"https:\\\/\\\/www.profpetcorporation.com\\\/tr\\\/\"},{\"@type\":\"ListItem\",\"position\":2,\"name\":\"Shop\",\"item\":\"https:\\\/\\\/www.profpetcorporation.com\\\/shop\\\/\"},{\"@type\":\"ListItem\",\"position\":3,\"name\":\"PRO-VET\u00ae\",\"item\":\"https:\\\/\\\/www.profpetcorporation.com\\\/tr\\\/merken\\\/pro-vet-tr\\\/\"},{\"@type\":\"ListItem\",\"position\":4,\"name\":\"K\u00f6pekler \u0130\u00e7in \u00d6zel Kuru Beslenme\",\"item\":\"https:\\\/\\\/www.profpetcorporation.com\\\/tr\\\/merken\\\/pro-vet-tr\\\/kopekler-icin-ozel-kuru-beslenme\\\/\"},{\"@type\":\"ListItem\",\"position\":5,\"name\":\"PRO-VET\u00ae Weight Control\"}]},{\"@type\":\"WebSite\",\"@id\":\"https:\\\/\\\/www.profpetcorporation.com\\\/tr\\\/#website\",\"url\":\"https:\\\/\\\/www.profpetcorporation.com\\\/tr\\\/\",\"name\":\"Prof Pet Corporation\",\"description\":\"\",\"potentialAction\":[{\"@type\":\"SearchAction\",\"target\":{\"@type\":\"EntryPoint\",\"urlTemplate\":\"https:\\\/\\\/www.profpetcorporation.com\\\/tr\\\/?s={search_term_string}\"},\"query-input\":{\"@type\":\"PropertyValueSpecification\",\"valueRequired\":true,\"valueName\":\"search_term_string\"}}],\"inLanguage\":\"tr\"}]}<\/script>\n<!-- \/ Yoast SEO plugin. -->","yoast_head_json":{"title":"PRO-VET\u00ae Weight Control - Prof Pet Corporation","robots":{"index":"index","follow":"follow","max-snippet":"max-snippet:-1","max-image-preview":"max-image-preview:large","max-video-preview":"max-video-preview:-1"},"canonical":"https:\/\/www.profpetcorporation.com\/tr\/urun\/pro-vet-weight-control-2\/","og_locale":"tr_TR","og_type":"article","og_title":"PRO-VET\u00ae Weight Control - Prof Pet Corporation","og_description":"KILO KAYBETMEK VE KORUMAK \u0130\u00c7\u0130N D\u00dc\u015e\u00dcK-ENERJ\u0130L\u0130 Y\u0130YEKCEK  D\u00fc\u015f\u00fck enerji de\u011feri Y\u00fcksek protein i\u00e7eri\u011fi L-karnitin Do\u011fal antioksidan kar\u0131\u015f\u0131m Prebiyotikler (MOS+FOS) Y\u00fcksek-Vizkoziteli-Lif (VHV) D\u00fc\u015f\u00fck-Vizkoziteli-Lif (FLV)","og_url":"https:\/\/www.profpetcorporation.com\/tr\/urun\/pro-vet-weight-control-2\/","og_site_name":"Prof Pet Corporation","article_modified_time":"2025-04-17T16:16:31+00:00","og_image":[{"width":2362,"height":2362,"url":"https:\/\/www.profpetcorporation.com\/wp-content\/uploads\/2024\/07\/PRO-VET-Weight-Control-25kg.jpg","type":"image\/jpeg"}],"twitter_card":"summary_large_image","twitter_misc":{"Tahmini okuma s\u00fcresi":"5 dakika"},"schema":{"@context":"https:\/\/schema.org","@graph":[{"@type":"WebPage","@id":"https:\/\/www.profpetcorporation.com\/tr\/urun\/pro-vet-weight-control-2\/","url":"https:\/\/www.profpetcorporation.com\/tr\/urun\/pro-vet-weight-control-2\/","name":"PRO-VET\u00ae Weight Control - Prof Pet Corporation","isPartOf":{"@id":"https:\/\/www.profpetcorporation.com\/tr\/#website"},"primaryImageOfPage":{"@id":"https:\/\/www.profpetcorporation.com\/tr\/urun\/pro-vet-weight-control-2\/#primaryimage"},"image":{"@id":"https:\/\/www.profpetcorporation.com\/tr\/urun\/pro-vet-weight-control-2\/#primaryimage"},"thumbnailUrl":"https:\/\/www.profpetcorporation.com\/wp-content\/uploads\/2024\/07\/PRO-VET-Weight-Control-25kg.jpg","datePublished":"2024-07-12T08:37:15+00:00","dateModified":"2025-04-17T16:16:31+00:00","breadcrumb":{"@id":"https:\/\/www.profpetcorporation.com\/tr\/urun\/pro-vet-weight-control-2\/#breadcrumb"},"inLanguage":"tr","potentialAction":[{"@type":"ReadAction","target":["https:\/\/www.profpetcorporation.com\/tr\/urun\/pro-vet-weight-control-2\/"]}]},{"@type":"ImageObject","inLanguage":"tr","@id":"https:\/\/www.profpetcorporation.com\/tr\/urun\/pro-vet-weight-control-2\/#primaryimage","url":"https:\/\/www.profpetcorporation.com\/wp-content\/uploads\/2024\/07\/PRO-VET-Weight-Control-25kg.jpg","contentUrl":"https:\/\/www.profpetcorporation.com\/wp-content\/uploads\/2024\/07\/PRO-VET-Weight-Control-25kg.jpg","width":2362,"height":2362},{"@type":"BreadcrumbList","@id":"https:\/\/www.profpetcorporation.com\/tr\/urun\/pro-vet-weight-control-2\/#breadcrumb","itemListElement":[{"@type":"ListItem","position":1,"name":"Home","item":"https:\/\/www.profpetcorporation.com\/tr\/"},{"@type":"ListItem","position":2,"name":"Shop","item":"https:\/\/www.profpetcorporation.com\/shop\/"},{"@type":"ListItem","position":3,"name":"PRO-VET\u00ae","item":"https:\/\/www.profpetcorporation.com\/tr\/merken\/pro-vet-tr\/"},{"@type":"ListItem","position":4,"name":"K\u00f6pekler \u0130\u00e7in \u00d6zel Kuru Beslenme","item":"https:\/\/www.profpetcorporation.com\/tr\/merken\/pro-vet-tr\/kopekler-icin-ozel-kuru-beslenme\/"},{"@type":"ListItem","position":5,"name":"PRO-VET\u00ae Weight Control"}]},{"@type":"WebSite","@id":"https:\/\/www.profpetcorporation.com\/tr\/#website","url":"https:\/\/www.profpetcorporation.com\/tr\/","name":"Prof Pet Corporation","description":"","potentialAction":[{"@type":"SearchAction","target":{"@type":"EntryPoint","urlTemplate":"https:\/\/www.profpetcorporation.com\/tr\/?s={search_term_string}"},"query-input":{"@type":"PropertyValueSpecification","valueRequired":true,"valueName":"search_term_string"}}],"inLanguage":"tr"}]}},"_links":{"self":[{"href":"https:\/\/www.profpetcorporation.com\/tr\/wp-json\/wp\/v2\/product\/5649","targetHints":{"allow":["GET"]}}],"collection":[{"href":"https:\/\/www.profpetcorporation.com\/tr\/wp-json\/wp\/v2\/product"}],"about":[{"href":"https:\/\/www.profpetcorporation.com\/tr\/wp-json\/wp\/v2\/types\/product"}],"replies":[{"embeddable":true,"href":"https:\/\/www.profpetcorporation.com\/tr\/wp-json\/wp\/v2\/comments?post=5649"}],"wp:featuredmedia":[{"embeddable":true,"href":"https:\/\/www.profpetcorporation.com\/tr\/wp-json\/wp\/v2\/media\/2473"}],"wp:attachment":[{"href":"https:\/\/www.profpetcorporation.com\/tr\/wp-json\/wp\/v2\/media?parent=5649"}],"wp:term":[{"taxonomy":"product_brand","embeddable":true,"href":"https:\/\/www.profpetcorporation.com\/tr\/wp-json\/wp\/v2\/product_brand?post=5649"},{"taxonomy":"product_cat","embeddable":true,"href":"https:\/\/www.profpetcorporation.com\/tr\/wp-json\/wp\/v2\/product_cat?post=5649"},{"taxonomy":"product_tag","embeddable":true,"href":"https:\/\/www.profpetcorporation.com\/tr\/wp-json\/wp\/v2\/product_tag?post=5649"}],"curies":[{"name":"wp","href":"https:\/\/api.w.org\/{rel}","templated":true}]}}