{"id":5624,"date":"2024-07-10T19:01:03","date_gmt":"2024-07-10T19:01:03","guid":{"rendered":"https:\/\/www.profpetcorporation.com\/?post_type=product&#038;p=5624"},"modified":"2025-04-14T06:49:49","modified_gmt":"2025-04-14T06:49:49","slug":"pro-vet-weight-control","status":"publish","type":"product","link":"https:\/\/www.profpetcorporation.com\/tr\/urun\/pro-vet-weight-control\/","title":{"rendered":"PRO-VET\u00ae Weight Control"},"content":{"rendered":"<p style=\"text-align: justify;\"><span style=\"color: #82d2b8;\"><span style=\"font-size: large;\"><strong>\u0130ndikasyon<\/strong><\/span><\/span><\/p>\n<p style=\"text-align: justify;\"><span style=\"font-size: medium;\"><strong>PRO-VET<\/strong>\u00ae<strong> Weight Control<\/strong>, kilo almaya meyilli olan kedilerin v\u00fccut sa\u011fl\u0131\u011f\u0131n\u0131 korumak ve kanser, diyabet, kalp yetmezli\u011fi riskini azaltmak amac\u0131yla \u00f6zel olarak form\u00fcle edilmi\u015ftir.<\/span><\/p>\n<p style=\"text-align: justify;\"><span style=\"font-size: medium;\"><strong>PRO-VET<\/strong>\u00ae<strong> Weight Control<\/strong> kilo almaya meyilli olan kedilerin v\u00fccut sa\u011fl\u0131\u011f\u0131n\u0131 korumak i\u00e7in d\u00fc\u015f\u00fck enerji i\u00e7eri\u011fine sahiptir. A\u015f\u0131r\u0131 bir durum, diyabet, kanser, osteoartirit ve kalp yetmezli\u011fi riskini art\u0131rmas\u0131yla \u00f6mr\u00fc k\u0131salt\u0131r. <strong>PRO-VET<\/strong>\u00ae<strong> Weight Control<\/strong>&#8216;in \u00f6zel birle\u015fimi belirtilen hastal\u0131k risklerini azalt\u0131r ve v\u00fccut a\u011f\u0131rl\u0131\u011f\u0131n\u0131 korumay\u0131 kolayla\u015ft\u0131r\u0131r. V\u00fccut sa\u011fl\u0131\u011f\u0131, al\u0131nan besine ve yap\u0131lan egzersize ba\u011fl\u0131d\u0131r. \u0130deal v\u00fccut sa\u011fl\u0131\u011f\u0131 \u00f6mr\u00fc uzat\u0131r ve belli ba\u015fl\u0131 hastal\u0131k risklerini azalt\u0131r. Verilecek <strong>PRO-VET<\/strong>\u00ae<strong> Weight Control <\/strong>ideal v\u00fccut sa\u011fl\u0131\u011f\u0131na eri\u015fecek ve bu durumu muhafaza edecek oranda olmal\u0131d\u0131r. Kilo kayb\u0131n\u0131 desteklemek ve kilo al\u0131m\u0131n\u0131 \u00f6nlemek i\u00e7in <strong>PRO-VET<\/strong>\u00ae<strong> Weight Control<\/strong> d\u00fc\u015f\u00fck enerji de\u011ferine sahiptir.<\/span><\/p>\n<p>&nbsp;<\/p>\n<p style=\"text-align: justify;\"><span style=\"color: #82d2b8;\"><span style=\"font-size: large;\"><strong>Etkinlik<\/strong><\/span><\/span><\/p>\n<table border=\"1\" width=\"550\" cellspacing=\"1\" cellpadding=\"1\">\n<tbody>\n<tr>\n<td valign=\"top\" width=\"300\"><strong>\u00d6ZELL\u0130\u011e\u0130<\/strong><\/td>\n<td valign=\"top\"><strong>ETK\u0130S\u0130<\/strong><\/td>\n<\/tr>\n<tr>\n<td valign=\"top\" width=\"300\"><span style=\"font-size: medium;\">Azalt\u0131lm\u0131\u015f enerji i\u00e7eri\u011fi.<\/span><\/td>\n<td valign=\"top\">V\u00fccut a\u011f\u0131rl\u0131n\u0131n kontrol\u00fc.<\/td>\n<\/tr>\n<tr>\n<td valign=\"top\" width=\"300\">Optimal yo\u011funlukta besinler.<\/td>\n<td valign=\"top\">V\u00fccut i\u015flevlerinin bak\u0131m\u0131. Cilt ve kaplama sa\u011fl\u0131\u011f\u0131na destek.<\/td>\n<\/tr>\n<tr>\n<td valign=\"top\" width=\"300\">Proteinlerin, ya\u011flar\u0131n ve karbonhidratlar\u0131n y\u00fcksek sindirimi.<\/td>\n<td valign=\"top\">D\u0131\u015fk\u0131n\u0131n iyi k\u0131vamda olmas\u0131n\u0131 sa\u011flar.<\/td>\n<\/tr>\n<tr>\n<td valign=\"top\" width=\"300\">Omega-3 ailesinden doymam\u0131\u015f ya\u011f asitleri y\u00f6n\u00fcnden zengin (EPA+DHA)<\/td>\n<td valign=\"top\">Ba\u011f\u0131\u015f\u0131kl\u0131k fonksiyonlar\u0131n stim\u00fclasyonunda. Atopik hastal\u0131\u011f\u0131nda cildin iyile\u015fmesini sa\u011flar. Kanser, b\u00f6brek yetmezli\u011fi ve arterit riskini azalt\u0131r.<\/td>\n<\/tr>\n<tr>\n<td valign=\"top\" width=\"300\">\u0130drar asiditesinin y\u00f6nlendirilmesi ve str\u00fcvit olu\u015fturan i\u00e7eri\u011fin oran\u0131n\u0131 d\u00fc\u015f\u00fcr\u00fclmesi.<\/td>\n<td valign=\"top\">Azalt\u0131lm\u0131\u015f str\u00fcvit olu\u015fum riski.<\/td>\n<\/tr>\n<tr>\n<td valign=\"top\" width=\"300\">Do\u011fal anti-oksidanlar y\u00f6n\u00fcnden zengin.<\/td>\n<td valign=\"top\">Azalm\u0131\u015f kanser riski ve b\u00f6brek yetmezli\u011fi riski.<\/td>\n<\/tr>\n<tr>\n<td valign=\"top\" width=\"300\"><span style=\"font-size: medium;\">D\u00fc\u015f\u00fck fosfor (P)<\/span><\/td>\n<td valign=\"top\">Daha az b\u00f6brek yetmezli\u011fi riski.<\/td>\n<\/tr>\n<tr>\n<td valign=\"top\" width=\"300\">Y\u00fcksek k\u0131vaml\u0131 lifler y\u00f6n\u00fcnden zengin (FHV)<\/td>\n<td valign=\"top\">Azalm\u0131\u015f diyabet riski ve k\u0131l yuma\u011f\u0131 olu\u015fumu. Ba\u011f\u0131rsaklar\u0131 harekete ge\u00e7irir, d\u0131\u015fk\u0131n\u0131n k\u0131vam\u0131nda ilerleme sa\u011flar.<\/td>\n<\/tr>\n<tr>\n<td valign=\"top\" width=\"300\">Y\u00fcksek k\u0131vaml\u0131 lifler y\u00f6n\u00fcnden az (FLV)<\/td>\n<td valign=\"top\">Ba\u011f\u0131rsak hareketlenmesi sa\u011flar ve t\u00fcy yuma\u011f\u0131 olu\u015fumunu kontrol eder.<\/td>\n<\/tr>\n<tr>\n<td valign=\"top\" width=\"300\">Yuka ekstresi eklenmi\u015f.<\/td>\n<td valign=\"top\"><span style=\"font-size: medium;\">Yucca Schidigera \u00f6z\u00fct\u00fc eklenmesi, nitrik bile\u015fik olu\u015fumunu (amonyum, \u00fcre, nitrit ve nitratlar) olu\u015fumunu azaltarak zararl\u0131 gaz \u00e7\u0131kart\u0131lmas\u0131n\u0131 ve d\u0131\u015fk\u0131 ve idrardaki ho\u015f olmayan kokular\u0131 azalt\u0131r..<\/span><\/td>\n<\/tr>\n<tr>\n<td valign=\"top\" width=\"300\">Prebiyotik ekli:<br \/>\n&#8211; mannanoligosakkarid (MOS)<br \/>\n&#8211; fruktooligosakkarid (FOS)<\/td>\n<td valign=\"top\">Ba\u011f\u0131rsaklarda faydal\u0131 bakteri-lerin b\u00fcy\u00fcmesini destekler. Peristaltik hareketlenmeyi te\u015fvik ederek ba\u011f\u0131rsak faaliyetlerine ve bo\u015faltmaya pozitif etki sa\u011flar. Ba\u011f\u0131rsaklar\u0131 patojenik bakterilere kar\u015f\u0131 korur.<\/td>\n<\/tr>\n<\/tbody>\n<\/table>\n<p>&nbsp;<\/p>\n<p style=\"text-align: justify;\"><span style=\"color: #82d2b8;\"><span style=\"font-size: large;\"><strong>Bile\u015fimi<\/strong><\/span><\/span><\/p>\n<p style=\"text-align: justify;\"><span style=\"font-size: medium;\">kurutulmu\u015f tavuk proteini, kurutulmu\u015f somon, m\u0131s\u0131r, pirin\u00e7, m\u0131s\u0131r gl\u00fcteni, bezelye, tavuk ya\u011f\u0131 (kar\u0131\u015f\u0131k tokoferollerle korunmu\u015f, do\u011fal E vitamini kayna\u011f\u0131), hidrolize tavuk proteini, keten tohumu, mineraller, kurutulmu\u015f pancar posas\u0131, kurutulmu\u015f hindiba k\u00f6k\u00fc ekstrakt\u0131 (in\u00fclin ve fruktooligosakkaritler (prebiyotik (FOS)) do\u011fal kayna\u011f\u0131), maya hidrolizat\u0131 (beta-glukanlar ve mannanoligosakkaritler (prebiyotik (MOS)) do\u011fal kayna\u011f\u0131), birinci kalite saf somon ya\u011f\u0131, ar\u0131t\u0131lm\u0131\u015f bitkisel lif (lignosel\u00fcloz), kurutulmu\u015f elmalar, psyllium kabuklar\u0131, kurutulmu\u015f otlar, soyulmu\u015f kabak \u00e7ekirdekleri.<\/span><\/p>\n<p style=\"text-align: justify;\"><span style=\"font-size: medium;\"><strong>Antioksidanlar:<\/strong> Do\u011fal kaynakl\u0131 (bitkisel ya\u011flardan elde edilen) antioksidan, g\u00fc\u00e7l\u00fc tokoferol a\u00e7\u0131s\u0131ndan zengin \u00f6z\u00fct (E vitamini) ile zenginle\u015ftirilmi\u015ftir. Yapay tatland\u0131r\u0131c\u0131, koruyucu ve renk verici i\u00e7ermemektedir.<br \/>\n<strong>PRO-VET<\/strong>\u00ae \u00fcr\u00fcnleri NRC, AAFCO ve FEDIAF taraf\u0131ndan belirtilen gereksinimleri kar\u015f\u0131lar. Yapay tatland\u0131r\u0131c\u0131 ve renklendirici i\u00e7ermez.<\/span><\/p>\n<p>&nbsp;<\/p>\n<p style=\"text-align: justify;\"><span style=\"color: #82d2b8;\"><span style=\"font-size: large;\"><strong>Analiz<\/strong><\/span><\/span><\/p>\n<table border=\"0\" width=\"550\" cellspacing=\"1\" cellpadding=\"1\">\n<tbody>\n<tr>\n<td valign=\"top\"><span style=\"font-size: medium;\"><strong>Analitik bile\u015fenleri<\/strong><\/span><\/td>\n<td valign=\"top\"><\/td>\n<td valign=\"top\"><span style=\"font-size: medium;\"><strong>Besin katkilari<\/strong><\/span><\/td>\n<td valign=\"top\"><\/td>\n<td valign=\"top\"><\/td>\n<\/tr>\n<tr>\n<td valign=\"top\"><span style=\"font-size: medium;\">Nem<br \/>\nHam protein<br \/>\nDoymu\u015f ya\u011f<br \/>\nHam k\u00fcl<br \/>\nHam sel\u00fcloz<br \/>\nKalsiyum (Ca)<br \/>\nFosfor (P)<br \/>\nSodyum (Na)<br \/>\nMagnezyum (Mg)<br \/>\nPotasyum (K)<br \/>\nLizin<br \/>\nMetionin<br \/>\nSistin<br \/>\nTreonin<br \/>\nTriptofan<br \/>\nLinoleik asit (\u03c96)<br \/>\n\u03b1-Linolenik asit (\u03c93)<br \/>\nAra\u015fidonik asit (\u03c96)<br \/>\nEPA (\u03c93)<br \/>\neikosapentaenoik asit<br \/>\nDHA (\u03c93)<br \/>\ndokosaheksaenoik asit<br \/>\nKarbonhidratlar<\/span><\/td>\n<td valign=\"top\"><span style=\"font-size: medium;\">8.00 %<br \/>\n30.0 %<br \/>\n11.0%<br \/>\n6.00 %<br \/>\n5.00 %<br \/>\n0.80 %<br \/>\n0.70 %<br \/>\n6.00 g\/kg<br \/>\n0.80 g\/kg<br \/>\n9.00 g\/kg<br \/>\n12.2 g\/kg<br \/>\n5.10 g\/kg<br \/>\n3.20 g\/kg<br \/>\n9.10 g\/kg<br \/>\n2.10 g\/kg<br \/>\n15.0 g\/kg<br \/>\n1.30 g\/kg<br \/>\n0.20 g\/kg<br \/>\n1.50 g\/kg<br \/>\n<\/span><br \/>\n1.50 g\/kg<br \/>\n<span style=\"color: #f2f3f0;\">Y<\/span><br \/>\n41.9 %<\/td>\n<td valign=\"top\"><span style=\"font-size: medium;\">A Vitamini<br \/>\nD3 Vitamini<br \/>\nE Vitamini<br \/>\nK3 Vitamini<br \/>\nB1 Vitamini<br \/>\nB2 Vitamini<br \/>\nNiasin<br \/>\nPantotenik asit<br \/>\nB6 Vitamini<br \/>\nB12 Vitamini<br \/>\nBiyotin<br \/>\nKolin klor\u00fcr<br \/>\nFolik asit<br \/>\nC Vitamini<br \/>\nL-Karnitin<br \/>\n\u00df-Karoten<br \/>\nTaurin<br \/>\nDL\u2013Metiyonin<br \/>\n<\/span><\/td>\n<td valign=\"top\"><span style=\"font-size: medium;\">20.000 \u0130\u00dc\/kg<br \/>\n1.500 \u0130\u00dc\/kg<br \/>\n150 mg\/kg<br \/>\n0.80 mg\/kg<br \/>\n9.80 mg\/kg<br \/>\n8.50 mg\/kg<br \/>\n53.0 mg\/kg<br \/>\n23.0 mg\/kg<br \/>\n6.00 mg\/kg<br \/>\n45.0 \u03bcg\/kg<br \/>\n225 \u03bcg\/kg<br \/>\n750 mg\/kg<br \/>\n4.50 mg\/kg<br \/>\n100 mg\/kg<br \/>\n100 mg\/kg<br \/>\n100 mg\/kg<br \/>\n1500 mg\/kg<br \/>\n5000 mg\/kg<br \/>\n<\/span><\/td>\n<\/tr>\n<\/tbody>\n<\/table>\n<p><span style=\"font-size: medium;\"><strong>Metabolize Edilebilir Enerji 3787 Kcal\/kg [15.8 MJ\/kg] <\/strong><br \/>\n<strong>\u0130drar pH = ca 6<\/strong><\/span><\/p>\n<p><span style=\"font-size: medium;\"><strong>Vitaminler<\/strong><br \/>\nA Vitamini (retinil asetat))<br \/>\nD3 Vitamin D3 (kolekalsiferol)<br \/>\nE Vitamini (t\u00fcm-rac-alfa-tokoferol)<br \/>\nK3 Vitamini (menadion nikotinamid bis\u00fclfit)<br \/>\n<\/span><\/p>\n<p><strong>Eser elementler<\/strong><br \/>\n(Zn) \u00c7inko 63 mg\/kg<br \/>\n(\u00e7inko s\u00fclfat monohidrat \/ amino asitlerin \u00e7inko \u015felat\u0131, hidrat)<br \/>\n(Fe) Demir 50 mg\/kg<br \/>\n(demir(II)s\u00fclfat monohidrat \/ amino asitlerin demir(II)\u015felat\u0131, hidrat)<br \/>\n(Mn) Manganez 30 mg\/kg<br \/>\n(manganez(II)s\u00fclfat monohidrat) \/ amino asit hidrat manganez(II)\u015felat\u0131)<br \/>\n(Cu) Bak\u0131r 13 mg\/kg<br \/>\n(bak\u0131r(II) s\u00fclfat pentahidrat \/ amino asit hidrat bak\u0131r(II)\u015felat\u0131)<br \/>\n(I) Iyot (kalsiyum iyodat, susuz) 1.50 mg\/kg<br \/>\n(Se) Selenyum (sodyum selenit) 0.20 mg\/kg<\/p>\n<p>&nbsp;<\/p>\n<p style=\"text-align: justify;\"><span style=\"color: #82d2b8;\"><span style=\"font-size: large;\"><strong>Beslenme rehberi<\/strong><\/span><\/span><\/p>\n<p><strong>Kullan\u0131m \u015fekli:<\/strong> Mamalar yemeye haz\u0131rd\u0131r. Kediler s\u0131k s\u0131k ve az miktarda yer, bu nedenle her zaman mama kab\u0131nda mama olmal\u0131d\u0131r. Bu \u015fekilde kedi ne kadar ve ne zaman yiyebilece\u011fini se\u00e7ebilir. Her g\u00fcn mama kab\u0131na mama eklenmesi tavsiye edilir. Kediniz i\u00e7in her zaman bol miktarda taze ve temiz i\u00e7me suyu sa\u011flad\u0131\u011f\u0131n\u0131zdan emin olun. Yiyecek ve su kaplar\u0131n\u0131 d\u00fczenli olarak temizleyin.<br \/>\n<strong>Besleme talimatlar\u0131:<\/strong> Kedinizin ideal v\u00fccut a\u011f\u0131rl\u0131\u011f\u0131 i\u00e7in ambalaj \u00fczerindeki besleme k\u0131lavuzunda yer alan g\u00fcnl\u00fck mama miktar\u0131 \u00f6nerilir. Bununla birlikte, her bir kedinin gereksinimleri cins, kedinin b\u00fcy\u00fckl\u00fc\u011f\u00fc, aktivite d\u00fczeyi, metabolizmas\u0131, ya\u015f\u0131 ve ortam\u0131 gibi \u00e7e\u015fitli fakt\u00f6rlere ba\u011fl\u0131 olarak de\u011fi\u015fece\u011finden, \u00f6nerilen g\u00fcnl\u00fck miktarlar yaln\u0131zca bir rehber olarak kullan\u0131lmal\u0131d\u0131r. Besleme miktarlar\u0131, kedinizin bireysel g\u00fcnl\u00fck beslenme gereksinimlerine g\u00f6re ayarlanmal\u0131d\u0131r.<\/p>\n<table style=\"width: 410px; height: 192px;\" border=\"1\" cellspacing=\"1\" cellpadding=\"1\">\n<tbody>\n<tr>\n<td style=\"text-align: center;\"><span style=\"font-size: medium;\"><strong>\u00a0 V\u00fccut a\u011f\u0131rl\u0131\u011f\u0131<br \/>\n<\/strong><\/span><\/td>\n<td style=\"text-align: center;\"><span style=\"font-size: medium;\"><strong> G\u00fcnl\u00fck porsiyon<br \/>\n<\/strong><\/span><\/td>\n<td rowspan=\"6\"><\/td>\n<\/tr>\n<tr>\n<td style=\"text-align: center;\"><span style=\"font-size: medium;\">2 kg<\/span><\/td>\n<td style=\"text-align: center;\"><span style=\"font-size: medium;\">30 &#8211; 40 g<\/span><\/td>\n<\/tr>\n<tr>\n<td style=\"text-align: center;\"><span style=\"font-size: medium;\">3 kg<\/span><\/td>\n<td style=\"text-align: center;\"><span style=\"font-size: medium;\">40 &#8211; 55 g<\/span><\/td>\n<\/tr>\n<tr>\n<td style=\"text-align: center;\"><span style=\"font-size: medium;\">4 kg<\/span><\/td>\n<td style=\"text-align: center;\"><span style=\"font-size: medium;\">50 &#8211; 70 g<\/span><\/td>\n<\/tr>\n<tr>\n<td style=\"text-align: center;\"><span style=\"font-size: medium;\">5 kg<\/span><\/td>\n<td style=\"text-align: center;\"><span style=\"font-size: medium;\">60 &#8211; 85 g<\/span><\/td>\n<\/tr>\n<tr>\n<td style=\"text-align: center;\"><span style=\"font-size: medium;\">&gt;6 kg<\/span><\/td>\n<td style=\"text-align: center;\"><span style=\"font-size: medium;\">10 &#8211; 15 g\/kg<\/span><\/td>\n<\/tr>\n<\/tbody>\n<\/table>\n<p>&nbsp;<\/p>\n<p style=\"text-align: justify;\"><span style=\"color: #82d2b8;\"><span style=\"font-size: large;\"><strong>Paket<\/strong><\/span><\/span><\/p>\n<p><span style=\"font-size: medium;\">750 g \u00a0 EAN\u00a0 8717496485311<br \/>\n3 kg\u00a0\u00a0\u00a0\u00a0\u00a0 EAN\u00a0 8717496485335<\/span><\/p>\n<p>&nbsp;<\/p>\n<p style=\"text-align: justify;\"><span style=\"color: #82d2b8;\"><span style=\"font-size: large;\"><strong>Depolama tavsiyesi<\/strong><\/span><\/span><\/p>\n<p style=\"text-align: justify;\"><span style=\"font-size: medium;\">Kuru mama, di\u011fer g\u0131da t\u00fcrleri kadar h\u0131zl\u0131 bozulmayacak olsa da, s\u00fcresiz olarak dayanmaz. Bu t\u00fcr yiyecekleri her zaman son kullanma tarihinden \u00f6nce kulland\u0131\u011f\u0131n\u0131zdan emin olun. Yiyecekleri kuru tutun ve geldi\u011fi torban\u0131n i\u00e7inde saklay\u0131n; torbalar\u0131 neme ve hava ak\u0131\u015f\u0131na kar\u015f\u0131 koyacak \u015fekilde tasarl\u0131yoruz. B\u00fcy\u00fck bir k\u00f6pek ya da kedi mamas\u0131n\u0131 saklaman\u0131n en iyi yolu, orijinal \u00e7antay\u0131 temiz bir plastik kova ya da g\u00fcvenli kapakl\u0131 bir kap i\u00e7ine yerle\u015ftirmektir. Nemli ortamlar bozulmay\u0131 h\u0131zland\u0131raca\u011f\u0131ndan kuru g\u0131dalar\u0131 nemli odalarda saklamay\u0131n. Torban\u0131n \u00fcst k\u0131sm\u0131n\u0131 her zaman s\u0131k\u0131ca a\u015fa\u011f\u0131 do\u011fru yuvarlay\u0131n ve bir klipsle kapat\u0131n. Hastal\u0131k Kontrol ve \u00d6nleme Merkezi, evcil hayvan sahiplerinin kuru mamalar\u0131 23\u00b0 C (santigrat derece) veya 74\u00b0 F (Fahrenhayt derece) a\u015fmayan yerlerde tutmalar\u0131n\u0131 \u00f6nerir. \u00a0<\/span><\/p>\n<p><span style=\"font-size: medium;\"><br \/>\n<\/span><strong><span style=\"font-size: medium;\">Sa\u011fl\u0131kl\u0131 bir kedi, mutlu bir kedidir.<\/span><\/strong><\/p>\n<p>&nbsp;<\/p>\n","protected":false},"excerpt":{"rendered":"<p style=\"text-align: left;\"><span style=\"font-size: x-large;\"><span style=\"color: #82d2b8;\"><strong>KILO KAYBETMEK VE KORUMAK \u0130\u00c7\u0130N D\u00dc\u015e\u00dcK-ENERJ\u0130L\u0130 Y\u0130YEKCEK<\/strong><\/span><\/span><\/p>\n<p style=\"text-align: left;\"><span style=\"font-size: large;\">Idrar pH kontrol\u00fc<br \/>\n(EPA+DHA) + Hodon tohumu ya\u011f\u0131<br \/>\nL-Karnitin<br \/>\nDo\u011fal antioksidan kar\u0131\u015f\u0131m<br \/>\nSindirim Sa\u011fl\u0131\u011f\u0131 (MOS+FOS)<br \/>\nY\u00fcksek-Vizkoziteli-Lif (VHV)<br \/>\nD\u00fc\u015f\u00fck-Vizkoziteli-Lif (FLV)<br \/>\nKoku kontrol\u00fc<\/span><\/p>\n","protected":false},"featured_media":2361,"comment_status":"open","ping_status":"closed","template":"","meta":{"_acf_changed":false},"product_brand":[],"product_cat":[220,228],"product_tag":[],"class_list":{"0":"post-5624","1":"product","2":"type-product","3":"status-publish","4":"has-post-thumbnail","6":"product_cat-kediler-icin-ozel-kuru-beslenme","7":"product_cat-pro-vet-tr","9":"first","10":"instock","11":"shipping-taxable","12":"product-type-simple"},"acf":[],"yoast_head":"<!-- This site is optimized with the Yoast SEO plugin v27.5 - https:\/\/yoast.com\/product\/yoast-seo-wordpress\/ -->\n<title>PRO-VET\u00ae Weight Control - Prof Pet Corporation<\/title>\n<meta name=\"robots\" content=\"index, follow, max-snippet:-1, max-image-preview:large, max-video-preview:-1\" \/>\n<link rel=\"canonical\" href=\"https:\/\/www.profpetcorporation.com\/tr\/urun\/pro-vet-weight-control\/\" \/>\n<meta property=\"og:locale\" content=\"tr_TR\" \/>\n<meta property=\"og:type\" content=\"article\" \/>\n<meta property=\"og:title\" content=\"PRO-VET\u00ae Weight Control - Prof Pet Corporation\" \/>\n<meta property=\"og:description\" content=\"KILO KAYBETMEK VE KORUMAK \u0130\u00c7\u0130N D\u00dc\u015e\u00dcK-ENERJ\u0130L\u0130 Y\u0130YEKCEK Idrar pH kontrol\u00fc (EPA+DHA) + Hodon tohumu ya\u011f\u0131 L-Karnitin Do\u011fal antioksidan kar\u0131\u015f\u0131m Sindirim Sa\u011fl\u0131\u011f\u0131 (MOS+FOS) Y\u00fcksek-Vizkoziteli-Lif (VHV) D\u00fc\u015f\u00fck-Vizkoziteli-Lif (FLV) Koku kontrol\u00fc\" \/>\n<meta property=\"og:url\" content=\"https:\/\/www.profpetcorporation.com\/tr\/urun\/pro-vet-weight-control\/\" \/>\n<meta property=\"og:site_name\" content=\"Prof Pet Corporation\" \/>\n<meta property=\"article:modified_time\" content=\"2025-04-14T06:49:49+00:00\" \/>\n<meta property=\"og:image\" content=\"https:\/\/www.profpetcorporation.com\/wp-content\/uploads\/2024\/04\/PRO-VET-Weight-Control-3kg.jpg\" \/>\n\t<meta property=\"og:image:width\" content=\"2362\" \/>\n\t<meta property=\"og:image:height\" content=\"2362\" \/>\n\t<meta property=\"og:image:type\" content=\"image\/jpeg\" \/>\n<meta name=\"twitter:card\" content=\"summary_large_image\" \/>\n<meta name=\"twitter:label1\" content=\"Tahmini okuma s\u00fcresi\" \/>\n\t<meta name=\"twitter:data1\" content=\"5 dakika\" \/>\n<script type=\"application\/ld+json\" class=\"yoast-schema-graph\">{\"@context\":\"https:\\\/\\\/schema.org\",\"@graph\":[{\"@type\":\"WebPage\",\"@id\":\"https:\\\/\\\/www.profpetcorporation.com\\\/tr\\\/urun\\\/pro-vet-weight-control\\\/\",\"url\":\"https:\\\/\\\/www.profpetcorporation.com\\\/tr\\\/urun\\\/pro-vet-weight-control\\\/\",\"name\":\"PRO-VET\u00ae Weight Control - Prof Pet Corporation\",\"isPartOf\":{\"@id\":\"https:\\\/\\\/www.profpetcorporation.com\\\/tr\\\/#website\"},\"primaryImageOfPage\":{\"@id\":\"https:\\\/\\\/www.profpetcorporation.com\\\/tr\\\/urun\\\/pro-vet-weight-control\\\/#primaryimage\"},\"image\":{\"@id\":\"https:\\\/\\\/www.profpetcorporation.com\\\/tr\\\/urun\\\/pro-vet-weight-control\\\/#primaryimage\"},\"thumbnailUrl\":\"https:\\\/\\\/www.profpetcorporation.com\\\/wp-content\\\/uploads\\\/2024\\\/04\\\/PRO-VET-Weight-Control-3kg.jpg\",\"datePublished\":\"2024-07-10T19:01:03+00:00\",\"dateModified\":\"2025-04-14T06:49:49+00:00\",\"breadcrumb\":{\"@id\":\"https:\\\/\\\/www.profpetcorporation.com\\\/tr\\\/urun\\\/pro-vet-weight-control\\\/#breadcrumb\"},\"inLanguage\":\"tr\",\"potentialAction\":[{\"@type\":\"ReadAction\",\"target\":[\"https:\\\/\\\/www.profpetcorporation.com\\\/tr\\\/urun\\\/pro-vet-weight-control\\\/\"]}]},{\"@type\":\"ImageObject\",\"inLanguage\":\"tr\",\"@id\":\"https:\\\/\\\/www.profpetcorporation.com\\\/tr\\\/urun\\\/pro-vet-weight-control\\\/#primaryimage\",\"url\":\"https:\\\/\\\/www.profpetcorporation.com\\\/wp-content\\\/uploads\\\/2024\\\/04\\\/PRO-VET-Weight-Control-3kg.jpg\",\"contentUrl\":\"https:\\\/\\\/www.profpetcorporation.com\\\/wp-content\\\/uploads\\\/2024\\\/04\\\/PRO-VET-Weight-Control-3kg.jpg\",\"width\":2362,\"height\":2362},{\"@type\":\"BreadcrumbList\",\"@id\":\"https:\\\/\\\/www.profpetcorporation.com\\\/tr\\\/urun\\\/pro-vet-weight-control\\\/#breadcrumb\",\"itemListElement\":[{\"@type\":\"ListItem\",\"position\":1,\"name\":\"Home\",\"item\":\"https:\\\/\\\/www.profpetcorporation.com\\\/tr\\\/\"},{\"@type\":\"ListItem\",\"position\":2,\"name\":\"Shop\",\"item\":\"https:\\\/\\\/www.profpetcorporation.com\\\/shop\\\/\"},{\"@type\":\"ListItem\",\"position\":3,\"name\":\"PRO-VET\u00ae\",\"item\":\"https:\\\/\\\/www.profpetcorporation.com\\\/tr\\\/merken\\\/pro-vet-tr\\\/\"},{\"@type\":\"ListItem\",\"position\":4,\"name\":\"Kediler \u0130\u00e7in \u00d6zel Kuru Beslenme\",\"item\":\"https:\\\/\\\/www.profpetcorporation.com\\\/tr\\\/merken\\\/pro-vet-tr\\\/kediler-icin-ozel-kuru-beslenme\\\/\"},{\"@type\":\"ListItem\",\"position\":5,\"name\":\"PRO-VET\u00ae Weight Control\"}]},{\"@type\":\"WebSite\",\"@id\":\"https:\\\/\\\/www.profpetcorporation.com\\\/tr\\\/#website\",\"url\":\"https:\\\/\\\/www.profpetcorporation.com\\\/tr\\\/\",\"name\":\"Prof Pet Corporation\",\"description\":\"\",\"potentialAction\":[{\"@type\":\"SearchAction\",\"target\":{\"@type\":\"EntryPoint\",\"urlTemplate\":\"https:\\\/\\\/www.profpetcorporation.com\\\/tr\\\/?s={search_term_string}\"},\"query-input\":{\"@type\":\"PropertyValueSpecification\",\"valueRequired\":true,\"valueName\":\"search_term_string\"}}],\"inLanguage\":\"tr\"}]}<\/script>\n<!-- \/ Yoast SEO plugin. -->","yoast_head_json":{"title":"PRO-VET\u00ae Weight Control - Prof Pet Corporation","robots":{"index":"index","follow":"follow","max-snippet":"max-snippet:-1","max-image-preview":"max-image-preview:large","max-video-preview":"max-video-preview:-1"},"canonical":"https:\/\/www.profpetcorporation.com\/tr\/urun\/pro-vet-weight-control\/","og_locale":"tr_TR","og_type":"article","og_title":"PRO-VET\u00ae Weight Control - Prof Pet Corporation","og_description":"KILO KAYBETMEK VE KORUMAK \u0130\u00c7\u0130N D\u00dc\u015e\u00dcK-ENERJ\u0130L\u0130 Y\u0130YEKCEK Idrar pH kontrol\u00fc (EPA+DHA) + Hodon tohumu ya\u011f\u0131 L-Karnitin Do\u011fal antioksidan kar\u0131\u015f\u0131m Sindirim Sa\u011fl\u0131\u011f\u0131 (MOS+FOS) Y\u00fcksek-Vizkoziteli-Lif (VHV) D\u00fc\u015f\u00fck-Vizkoziteli-Lif (FLV) Koku kontrol\u00fc","og_url":"https:\/\/www.profpetcorporation.com\/tr\/urun\/pro-vet-weight-control\/","og_site_name":"Prof Pet Corporation","article_modified_time":"2025-04-14T06:49:49+00:00","og_image":[{"width":2362,"height":2362,"url":"https:\/\/www.profpetcorporation.com\/wp-content\/uploads\/2024\/04\/PRO-VET-Weight-Control-3kg.jpg","type":"image\/jpeg"}],"twitter_card":"summary_large_image","twitter_misc":{"Tahmini okuma s\u00fcresi":"5 dakika"},"schema":{"@context":"https:\/\/schema.org","@graph":[{"@type":"WebPage","@id":"https:\/\/www.profpetcorporation.com\/tr\/urun\/pro-vet-weight-control\/","url":"https:\/\/www.profpetcorporation.com\/tr\/urun\/pro-vet-weight-control\/","name":"PRO-VET\u00ae Weight Control - Prof Pet Corporation","isPartOf":{"@id":"https:\/\/www.profpetcorporation.com\/tr\/#website"},"primaryImageOfPage":{"@id":"https:\/\/www.profpetcorporation.com\/tr\/urun\/pro-vet-weight-control\/#primaryimage"},"image":{"@id":"https:\/\/www.profpetcorporation.com\/tr\/urun\/pro-vet-weight-control\/#primaryimage"},"thumbnailUrl":"https:\/\/www.profpetcorporation.com\/wp-content\/uploads\/2024\/04\/PRO-VET-Weight-Control-3kg.jpg","datePublished":"2024-07-10T19:01:03+00:00","dateModified":"2025-04-14T06:49:49+00:00","breadcrumb":{"@id":"https:\/\/www.profpetcorporation.com\/tr\/urun\/pro-vet-weight-control\/#breadcrumb"},"inLanguage":"tr","potentialAction":[{"@type":"ReadAction","target":["https:\/\/www.profpetcorporation.com\/tr\/urun\/pro-vet-weight-control\/"]}]},{"@type":"ImageObject","inLanguage":"tr","@id":"https:\/\/www.profpetcorporation.com\/tr\/urun\/pro-vet-weight-control\/#primaryimage","url":"https:\/\/www.profpetcorporation.com\/wp-content\/uploads\/2024\/04\/PRO-VET-Weight-Control-3kg.jpg","contentUrl":"https:\/\/www.profpetcorporation.com\/wp-content\/uploads\/2024\/04\/PRO-VET-Weight-Control-3kg.jpg","width":2362,"height":2362},{"@type":"BreadcrumbList","@id":"https:\/\/www.profpetcorporation.com\/tr\/urun\/pro-vet-weight-control\/#breadcrumb","itemListElement":[{"@type":"ListItem","position":1,"name":"Home","item":"https:\/\/www.profpetcorporation.com\/tr\/"},{"@type":"ListItem","position":2,"name":"Shop","item":"https:\/\/www.profpetcorporation.com\/shop\/"},{"@type":"ListItem","position":3,"name":"PRO-VET\u00ae","item":"https:\/\/www.profpetcorporation.com\/tr\/merken\/pro-vet-tr\/"},{"@type":"ListItem","position":4,"name":"Kediler \u0130\u00e7in \u00d6zel Kuru Beslenme","item":"https:\/\/www.profpetcorporation.com\/tr\/merken\/pro-vet-tr\/kediler-icin-ozel-kuru-beslenme\/"},{"@type":"ListItem","position":5,"name":"PRO-VET\u00ae Weight Control"}]},{"@type":"WebSite","@id":"https:\/\/www.profpetcorporation.com\/tr\/#website","url":"https:\/\/www.profpetcorporation.com\/tr\/","name":"Prof Pet Corporation","description":"","potentialAction":[{"@type":"SearchAction","target":{"@type":"EntryPoint","urlTemplate":"https:\/\/www.profpetcorporation.com\/tr\/?s={search_term_string}"},"query-input":{"@type":"PropertyValueSpecification","valueRequired":true,"valueName":"search_term_string"}}],"inLanguage":"tr"}]}},"_links":{"self":[{"href":"https:\/\/www.profpetcorporation.com\/tr\/wp-json\/wp\/v2\/product\/5624","targetHints":{"allow":["GET"]}}],"collection":[{"href":"https:\/\/www.profpetcorporation.com\/tr\/wp-json\/wp\/v2\/product"}],"about":[{"href":"https:\/\/www.profpetcorporation.com\/tr\/wp-json\/wp\/v2\/types\/product"}],"replies":[{"embeddable":true,"href":"https:\/\/www.profpetcorporation.com\/tr\/wp-json\/wp\/v2\/comments?post=5624"}],"wp:featuredmedia":[{"embeddable":true,"href":"https:\/\/www.profpetcorporation.com\/tr\/wp-json\/wp\/v2\/media\/2361"}],"wp:attachment":[{"href":"https:\/\/www.profpetcorporation.com\/tr\/wp-json\/wp\/v2\/media?parent=5624"}],"wp:term":[{"taxonomy":"product_brand","embeddable":true,"href":"https:\/\/www.profpetcorporation.com\/tr\/wp-json\/wp\/v2\/product_brand?post=5624"},{"taxonomy":"product_cat","embeddable":true,"href":"https:\/\/www.profpetcorporation.com\/tr\/wp-json\/wp\/v2\/product_cat?post=5624"},{"taxonomy":"product_tag","embeddable":true,"href":"https:\/\/www.profpetcorporation.com\/tr\/wp-json\/wp\/v2\/product_tag?post=5624"}],"curies":[{"name":"wp","href":"https:\/\/api.w.org\/{rel}","templated":true}]}}