{"id":5601,"date":"2024-10-23T13:55:26","date_gmt":"2024-10-23T13:55:26","guid":{"rendered":"https:\/\/www.profpetcorporation.com\/?post_type=product&#038;p=5601"},"modified":"2025-04-12T13:27:46","modified_gmt":"2025-04-12T13:27:46","slug":"kis-kis-green-seaweed","status":"publish","type":"product","link":"https:\/\/www.profpetcorporation.com\/tr\/urun\/kis-kis-green-seaweed\/","title":{"rendered":"KiS-KiS\u00ae Green Seaweed"},"content":{"rendered":"<p><strong>\u0130\u00e7indekiler:<\/strong> peynir alt\u0131 suyu tozu, pirin\u00e7 gl\u00fcteni, dekstroz, bitkisel \u00fcr\u00fcnler, vitaminler ve mineraller, kurutulmu\u015f ye\u015fil deniz yosunu, maya. <strong>Besin katkilari:<\/strong> A vitamini 2.357 \u0130\u00dc\/kg. <strong>Analitik bile\u015fenleri:<\/strong> ham protein %10.3, doymu\u015f ya\u011f %2.64, ham k\u00fcl %6.4<br \/>\n<strong>G\u00fcnl\u00fck t\u00fcketim:<\/strong> en az 2-3 tablet, d\u00fczenli olarak. A\u011f\u0131zdan kullan\u0131m\u0131yla herhangi bir yan etkisi yoktur. \u00dcretim ve paketleme Hollanda\u2019da yap\u0131lm\u0131\u015ft\u0131r. Serin ve kuru yerde saklay\u0131n\u0131z.<br \/>\n<strong>Net a\u011f\u0131rl\u0131k:<\/strong> 60g. <strong>I\u00e7erik:<\/strong> \u00b1100 tablet<\/p>\n<p>&nbsp;<\/p>\n<p><span style=\"font-size: medium;\"><u>di\u011fer bile\u015fenler:<\/u><\/span><\/p>\n<p><span style=\"font-size: medium;\"><strong><span style=\"font-size: large;\">DEN\u0130Z YOSUNU (YE\u015e\u0130L DEN\u0130Z OTU)<\/span><br \/>\n<\/strong><\/span><\/p>\n<p><span style=\"font-size: medium;\">Deniz yosununun \u00fc\u00e7 \u00e7e\u015fidi bulunur: kahverengi, k\u0131rm\u0131z\u0131 ve ye\u015fil. Kimyasal kar\u0131\u015f\u0131mlar her bir \u00e7e\u015fit i\u00e7in farkl\u0131d\u0131r. <strong>KiS-KiS<\/strong>\u00ae Peynir alt\u0131 suyu pastilleri \u0130zlanda&#8217;dan ye\u015fil deniz bitkileri kullan\u0131larak yap\u0131l\u0131r.<\/span><\/p>\n<p style=\"text-align: justify;\"><span style=\"font-size: medium;\"><img loading=\"lazy\" decoding=\"async\" class=\" wp-image-4068 alignright\" src=\"https:\/\/www.profpetcorporation.com\/wp-content\/uploads\/2024\/11\/Zeaweer.jpg\" alt=\"\" width=\"301\" height=\"207\" srcset=\"https:\/\/www.profpetcorporation.com\/wp-content\/uploads\/2024\/11\/Zeaweer.jpg 321w, https:\/\/www.profpetcorporation.com\/wp-content\/uploads\/2024\/11\/Zeaweer-300x207.jpg 300w\" sizes=\"auto, (max-width: 301px) 100vw, 301px\" \/>Ye\u015fil deniz yosunun en \u00f6nemli \u00f6zelli\u011fi y\u00fcksek protein i\u00e7eri\u011fidir, %40-45,ve i\u00e7inde bikarboksilik asit, alanin ve alginin bulunur. Ye\u015fil deniz yosunu %30-35 oran\u0131nda karbonhidrat ve %10 ya\u011f i\u00e7erir, y\u00fcksek miktarda \u00e7inko, kobalt ve di\u011fer baz\u0131 maddeler i\u00e7erir. B\u00f6ylece ye\u015fil deniz yosunun besin de\u011feri \u015f\u00fcphesiz artm\u0131\u015f olacakt\u0131r. Ye\u015fil deniz yosununda bir\u00e7ok vitamin (\u00f6zellikle B grubu vitaminler) makro ve mikro elementler bulunur. Ye\u015fil deniz yosununun i\u00e7inde suda \u00e7ok nadir g\u00f6r\u00fclen elementler bulunur. Ye\u015fil deniz yosununun i\u00e7inde b\u00fcy\u00fck oranda aktif biyolojik maddeler; doymam\u0131\u015f \u00e7oklu ya\u011f asitleri, klorofil, polisakkaritler, fusoidan, glukan, pektin, alsinik asit, bitkisel steroller ve karotenoidler vard\u0131r.<br \/>\nDeniz yosunu i\u00e7eri\u011findeki bir miktar iyotla, \u00e7ok b\u00fcy\u00fck \u00f6nemi olan tiroit bezinin fonksiyonlar\u0131n\u0131n yerine getirmesinde yard\u0131m\u0131 olur.<br \/>\nDeniz yosununun zengin do\u011fal kaynakl\u0131 bir\u00e7ok mineral ve eser elementleri; metabolizmay\u0131 uyar\u0131r ve canland\u0131r\u0131r.<\/span><\/p>\n<p>&nbsp;<\/p>\n<p><span style=\"font-size: medium;\"><br \/>\n<\/span><strong><span style=\"font-size: medium;\">Sa\u011fl\u0131kl\u0131 bir kedi, mutlu bir kedidir.<\/span><\/strong><\/p>\n<p>&nbsp;<\/p>\n<p>&nbsp;<\/p>\n","protected":false},"excerpt":{"rendered":"<p><em><strong><span style=\"font-size: large;\">\u2022\u00a0 %100 DO\u011eAL \u00dcR\u00dcN\u00a0\u00a0<\/span><\/strong><\/em><br \/>\n<span style=\"font-size: large;\"><em><strong>\u2022\u00a0 Metabolizmay\u0131 destekler<\/strong><\/em><\/span><br \/>\n<span style=\"font-size: large;\"><em><strong>\u2022\u00a0 Deri ve t\u00fcylerle olumlu etkile\u015fim sa\u011flar<\/strong><\/em><\/span><br \/>\n<span style=\"font-size: large;\"><em><strong>\u2022\u00a0 Sinir sistemine olumlu etkileri vard\u0131 \u00a0<\/strong><\/em><\/span><br \/>\n<span style=\"font-size: large;\"><em><strong>\u2022\u00a0 Canl\u0131l\u0131\u011f\u0131 art\u0131r\u0131r ve ya\u015fama kapasitesini harekete ge\u00e7irir\u00a0\u00a0<\/strong><\/em><strong><br \/>\n<\/strong><\/span><\/p>\n<p><i><img loading=\"lazy\" decoding=\"async\" class=\"alignnone size-full wp-image-5283\" src=\"https:\/\/www.profpetcorporation.com\/wp-content\/uploads\/2024\/12\/TR-for-the-most-picky-cats.jpg\" alt=\"\" width=\"1379\" height=\"232\" srcset=\"https:\/\/www.profpetcorporation.com\/wp-content\/uploads\/2024\/12\/TR-for-the-most-picky-cats.jpg 1379w, https:\/\/www.profpetcorporation.com\/wp-content\/uploads\/2024\/12\/TR-for-the-most-picky-cats-300x50.jpg 300w, https:\/\/www.profpetcorporation.com\/wp-content\/uploads\/2024\/12\/TR-for-the-most-picky-cats-1024x172.jpg 1024w, https:\/\/www.profpetcorporation.com\/wp-content\/uploads\/2024\/12\/TR-for-the-most-picky-cats-768x129.jpg 768w, https:\/\/www.profpetcorporation.com\/wp-content\/uploads\/2024\/12\/TR-for-the-most-picky-cats-600x101.jpg 600w\" sizes=\"auto, (max-width: 1379px) 100vw, 1379px\" \/><\/i><\/p>\n","protected":false},"featured_media":3596,"comment_status":"open","ping_status":"closed","template":"","meta":{"_acf_changed":false},"product_brand":[],"product_cat":[232,227],"product_tag":[],"class_list":{"0":"post-5601","1":"product","2":"type-product","3":"status-publish","4":"has-post-thumbnail","6":"product_cat-kediler-icin-peynir-alti-suyu-pastilleri","7":"product_cat-kis-kis-tr","9":"first","10":"instock","11":"shipping-taxable","12":"product-type-simple"},"acf":[],"yoast_head":"<!-- This site is optimized with the Yoast SEO plugin v27.3 - https:\/\/yoast.com\/product\/yoast-seo-wordpress\/ -->\n<title>KiS-KiS\u00ae Green Seaweed - Prof Pet Corporation<\/title>\n<meta name=\"robots\" content=\"index, follow, max-snippet:-1, max-image-preview:large, max-video-preview:-1\" \/>\n<link rel=\"canonical\" href=\"https:\/\/www.profpetcorporation.com\/tr\/urun\/kis-kis-green-seaweed\/\" \/>\n<meta property=\"og:locale\" content=\"tr_TR\" \/>\n<meta property=\"og:type\" content=\"article\" \/>\n<meta property=\"og:title\" content=\"KiS-KiS\u00ae Green Seaweed - Prof Pet Corporation\" \/>\n<meta property=\"og:description\" content=\"\u2022\u00a0 %100 DO\u011eAL \u00dcR\u00dcN\u00a0\u00a0 \u2022\u00a0 Metabolizmay\u0131 destekler \u2022\u00a0 Deri ve t\u00fcylerle olumlu etkile\u015fim sa\u011flar \u2022\u00a0 Sinir sistemine olumlu etkileri vard\u0131 \u00a0 \u2022\u00a0 Canl\u0131l\u0131\u011f\u0131 art\u0131r\u0131r ve ya\u015fama kapasitesini harekete ge\u00e7irir\u00a0\u00a0\" \/>\n<meta property=\"og:url\" content=\"https:\/\/www.profpetcorporation.com\/tr\/urun\/kis-kis-green-seaweed\/\" \/>\n<meta property=\"og:site_name\" content=\"Prof Pet Corporation\" \/>\n<meta property=\"article:modified_time\" content=\"2025-04-12T13:27:46+00:00\" \/>\n<meta property=\"og:image\" content=\"https:\/\/www.profpetcorporation.com\/wp-content\/uploads\/2024\/10\/KiS-KiS-Green-Seaweed-60g.jpg\" \/>\n\t<meta property=\"og:image:width\" content=\"1080\" \/>\n\t<meta property=\"og:image:height\" content=\"1079\" \/>\n\t<meta property=\"og:image:type\" content=\"image\/jpeg\" \/>\n<meta name=\"twitter:card\" content=\"summary_large_image\" \/>\n<meta name=\"twitter:label1\" content=\"Tahmini okuma s\u00fcresi\" \/>\n\t<meta name=\"twitter:data1\" content=\"2 dakika\" \/>\n<script type=\"application\/ld+json\" class=\"yoast-schema-graph\">{\"@context\":\"https:\\\/\\\/schema.org\",\"@graph\":[{\"@type\":\"WebPage\",\"@id\":\"https:\\\/\\\/www.profpetcorporation.com\\\/tr\\\/urun\\\/kis-kis-green-seaweed\\\/\",\"url\":\"https:\\\/\\\/www.profpetcorporation.com\\\/tr\\\/urun\\\/kis-kis-green-seaweed\\\/\",\"name\":\"KiS-KiS\u00ae Green Seaweed - Prof Pet Corporation\",\"isPartOf\":{\"@id\":\"https:\\\/\\\/www.profpetcorporation.com\\\/tr\\\/#website\"},\"primaryImageOfPage\":{\"@id\":\"https:\\\/\\\/www.profpetcorporation.com\\\/tr\\\/urun\\\/kis-kis-green-seaweed\\\/#primaryimage\"},\"image\":{\"@id\":\"https:\\\/\\\/www.profpetcorporation.com\\\/tr\\\/urun\\\/kis-kis-green-seaweed\\\/#primaryimage\"},\"thumbnailUrl\":\"https:\\\/\\\/www.profpetcorporation.com\\\/wp-content\\\/uploads\\\/2024\\\/10\\\/KiS-KiS-Green-Seaweed-60g.jpg\",\"datePublished\":\"2024-10-23T13:55:26+00:00\",\"dateModified\":\"2025-04-12T13:27:46+00:00\",\"breadcrumb\":{\"@id\":\"https:\\\/\\\/www.profpetcorporation.com\\\/tr\\\/urun\\\/kis-kis-green-seaweed\\\/#breadcrumb\"},\"inLanguage\":\"tr\",\"potentialAction\":[{\"@type\":\"ReadAction\",\"target\":[\"https:\\\/\\\/www.profpetcorporation.com\\\/tr\\\/urun\\\/kis-kis-green-seaweed\\\/\"]}]},{\"@type\":\"ImageObject\",\"inLanguage\":\"tr\",\"@id\":\"https:\\\/\\\/www.profpetcorporation.com\\\/tr\\\/urun\\\/kis-kis-green-seaweed\\\/#primaryimage\",\"url\":\"https:\\\/\\\/www.profpetcorporation.com\\\/wp-content\\\/uploads\\\/2024\\\/10\\\/KiS-KiS-Green-Seaweed-60g.jpg\",\"contentUrl\":\"https:\\\/\\\/www.profpetcorporation.com\\\/wp-content\\\/uploads\\\/2024\\\/10\\\/KiS-KiS-Green-Seaweed-60g.jpg\",\"width\":1080,\"height\":1079},{\"@type\":\"BreadcrumbList\",\"@id\":\"https:\\\/\\\/www.profpetcorporation.com\\\/tr\\\/urun\\\/kis-kis-green-seaweed\\\/#breadcrumb\",\"itemListElement\":[{\"@type\":\"ListItem\",\"position\":1,\"name\":\"Home\",\"item\":\"https:\\\/\\\/www.profpetcorporation.com\\\/tr\\\/\"},{\"@type\":\"ListItem\",\"position\":2,\"name\":\"Shop\",\"item\":\"https:\\\/\\\/www.profpetcorporation.com\\\/shop\\\/\"},{\"@type\":\"ListItem\",\"position\":3,\"name\":\"KiS-KiS\u00ae\",\"item\":\"https:\\\/\\\/www.profpetcorporation.com\\\/tr\\\/merken\\\/kis-kis-tr\\\/\"},{\"@type\":\"ListItem\",\"position\":4,\"name\":\"Kediler \u0130\u00e7in Peynir Alt\u0131 Suyu Pastilleri\",\"item\":\"https:\\\/\\\/www.profpetcorporation.com\\\/tr\\\/merken\\\/kis-kis-tr\\\/kediler-icin-peynir-alti-suyu-pastilleri\\\/\"},{\"@type\":\"ListItem\",\"position\":5,\"name\":\"KiS-KiS\u00ae Green Seaweed\"}]},{\"@type\":\"WebSite\",\"@id\":\"https:\\\/\\\/www.profpetcorporation.com\\\/tr\\\/#website\",\"url\":\"https:\\\/\\\/www.profpetcorporation.com\\\/tr\\\/\",\"name\":\"Prof Pet Corporation\",\"description\":\"\",\"potentialAction\":[{\"@type\":\"SearchAction\",\"target\":{\"@type\":\"EntryPoint\",\"urlTemplate\":\"https:\\\/\\\/www.profpetcorporation.com\\\/tr\\\/?s={search_term_string}\"},\"query-input\":{\"@type\":\"PropertyValueSpecification\",\"valueRequired\":true,\"valueName\":\"search_term_string\"}}],\"inLanguage\":\"tr\"}]}<\/script>\n<!-- \/ Yoast SEO plugin. -->","yoast_head_json":{"title":"KiS-KiS\u00ae Green Seaweed - Prof Pet Corporation","robots":{"index":"index","follow":"follow","max-snippet":"max-snippet:-1","max-image-preview":"max-image-preview:large","max-video-preview":"max-video-preview:-1"},"canonical":"https:\/\/www.profpetcorporation.com\/tr\/urun\/kis-kis-green-seaweed\/","og_locale":"tr_TR","og_type":"article","og_title":"KiS-KiS\u00ae Green Seaweed - Prof Pet Corporation","og_description":"\u2022\u00a0 %100 DO\u011eAL \u00dcR\u00dcN\u00a0\u00a0 \u2022\u00a0 Metabolizmay\u0131 destekler \u2022\u00a0 Deri ve t\u00fcylerle olumlu etkile\u015fim sa\u011flar \u2022\u00a0 Sinir sistemine olumlu etkileri vard\u0131 \u00a0 \u2022\u00a0 Canl\u0131l\u0131\u011f\u0131 art\u0131r\u0131r ve ya\u015fama kapasitesini harekete ge\u00e7irir\u00a0\u00a0","og_url":"https:\/\/www.profpetcorporation.com\/tr\/urun\/kis-kis-green-seaweed\/","og_site_name":"Prof Pet Corporation","article_modified_time":"2025-04-12T13:27:46+00:00","og_image":[{"width":1080,"height":1079,"url":"https:\/\/www.profpetcorporation.com\/wp-content\/uploads\/2024\/10\/KiS-KiS-Green-Seaweed-60g.jpg","type":"image\/jpeg"}],"twitter_card":"summary_large_image","twitter_misc":{"Tahmini okuma s\u00fcresi":"2 dakika"},"schema":{"@context":"https:\/\/schema.org","@graph":[{"@type":"WebPage","@id":"https:\/\/www.profpetcorporation.com\/tr\/urun\/kis-kis-green-seaweed\/","url":"https:\/\/www.profpetcorporation.com\/tr\/urun\/kis-kis-green-seaweed\/","name":"KiS-KiS\u00ae Green Seaweed - Prof Pet Corporation","isPartOf":{"@id":"https:\/\/www.profpetcorporation.com\/tr\/#website"},"primaryImageOfPage":{"@id":"https:\/\/www.profpetcorporation.com\/tr\/urun\/kis-kis-green-seaweed\/#primaryimage"},"image":{"@id":"https:\/\/www.profpetcorporation.com\/tr\/urun\/kis-kis-green-seaweed\/#primaryimage"},"thumbnailUrl":"https:\/\/www.profpetcorporation.com\/wp-content\/uploads\/2024\/10\/KiS-KiS-Green-Seaweed-60g.jpg","datePublished":"2024-10-23T13:55:26+00:00","dateModified":"2025-04-12T13:27:46+00:00","breadcrumb":{"@id":"https:\/\/www.profpetcorporation.com\/tr\/urun\/kis-kis-green-seaweed\/#breadcrumb"},"inLanguage":"tr","potentialAction":[{"@type":"ReadAction","target":["https:\/\/www.profpetcorporation.com\/tr\/urun\/kis-kis-green-seaweed\/"]}]},{"@type":"ImageObject","inLanguage":"tr","@id":"https:\/\/www.profpetcorporation.com\/tr\/urun\/kis-kis-green-seaweed\/#primaryimage","url":"https:\/\/www.profpetcorporation.com\/wp-content\/uploads\/2024\/10\/KiS-KiS-Green-Seaweed-60g.jpg","contentUrl":"https:\/\/www.profpetcorporation.com\/wp-content\/uploads\/2024\/10\/KiS-KiS-Green-Seaweed-60g.jpg","width":1080,"height":1079},{"@type":"BreadcrumbList","@id":"https:\/\/www.profpetcorporation.com\/tr\/urun\/kis-kis-green-seaweed\/#breadcrumb","itemListElement":[{"@type":"ListItem","position":1,"name":"Home","item":"https:\/\/www.profpetcorporation.com\/tr\/"},{"@type":"ListItem","position":2,"name":"Shop","item":"https:\/\/www.profpetcorporation.com\/shop\/"},{"@type":"ListItem","position":3,"name":"KiS-KiS\u00ae","item":"https:\/\/www.profpetcorporation.com\/tr\/merken\/kis-kis-tr\/"},{"@type":"ListItem","position":4,"name":"Kediler \u0130\u00e7in Peynir Alt\u0131 Suyu Pastilleri","item":"https:\/\/www.profpetcorporation.com\/tr\/merken\/kis-kis-tr\/kediler-icin-peynir-alti-suyu-pastilleri\/"},{"@type":"ListItem","position":5,"name":"KiS-KiS\u00ae Green Seaweed"}]},{"@type":"WebSite","@id":"https:\/\/www.profpetcorporation.com\/tr\/#website","url":"https:\/\/www.profpetcorporation.com\/tr\/","name":"Prof Pet Corporation","description":"","potentialAction":[{"@type":"SearchAction","target":{"@type":"EntryPoint","urlTemplate":"https:\/\/www.profpetcorporation.com\/tr\/?s={search_term_string}"},"query-input":{"@type":"PropertyValueSpecification","valueRequired":true,"valueName":"search_term_string"}}],"inLanguage":"tr"}]}},"_links":{"self":[{"href":"https:\/\/www.profpetcorporation.com\/tr\/wp-json\/wp\/v2\/product\/5601","targetHints":{"allow":["GET"]}}],"collection":[{"href":"https:\/\/www.profpetcorporation.com\/tr\/wp-json\/wp\/v2\/product"}],"about":[{"href":"https:\/\/www.profpetcorporation.com\/tr\/wp-json\/wp\/v2\/types\/product"}],"replies":[{"embeddable":true,"href":"https:\/\/www.profpetcorporation.com\/tr\/wp-json\/wp\/v2\/comments?post=5601"}],"wp:featuredmedia":[{"embeddable":true,"href":"https:\/\/www.profpetcorporation.com\/tr\/wp-json\/wp\/v2\/media\/3596"}],"wp:attachment":[{"href":"https:\/\/www.profpetcorporation.com\/tr\/wp-json\/wp\/v2\/media?parent=5601"}],"wp:term":[{"taxonomy":"product_brand","embeddable":true,"href":"https:\/\/www.profpetcorporation.com\/tr\/wp-json\/wp\/v2\/product_brand?post=5601"},{"taxonomy":"product_cat","embeddable":true,"href":"https:\/\/www.profpetcorporation.com\/tr\/wp-json\/wp\/v2\/product_cat?post=5601"},{"taxonomy":"product_tag","embeddable":true,"href":"https:\/\/www.profpetcorporation.com\/tr\/wp-json\/wp\/v2\/product_tag?post=5601"}],"curies":[{"name":"wp","href":"https:\/\/api.w.org\/{rel}","templated":true}]}}