{"id":5575,"date":"2024-07-12T12:04:01","date_gmt":"2024-07-12T12:04:01","guid":{"rendered":"https:\/\/www.profpetcorporation.com\/?post_type=product&#038;p=5575"},"modified":"2025-04-23T15:51:07","modified_gmt":"2025-04-23T15:51:07","slug":"pro-vet-salmon-oil","status":"publish","type":"product","link":"https:\/\/www.profpetcorporation.com\/tr\/urun\/pro-vet-salmon-oil\/","title":{"rendered":"PRO-VET\u00ae Salmon Oil"},"content":{"rendered":"<p><span style=\"font-size: medium;\"><strong>PRO-VET<\/strong>\u00ae<strong> Salmon Oil,<\/strong> k\u00f6pek mamas\u0131 i\u00e7in bir takviyedir.<br \/>\nSomon ya\u011f\u0131, yaln\u0131zca \u0130sko\u00e7 deniz g\u00f6llerinde, dikkatle kontrol edilen do\u011fal ve \u00e7evre dostu ko\u015fullarda yeti\u015ftirilen Atlantik Somonu (Salmo salar) bal\u0131klar\u0131ndan \u00fcretilmektedir. <\/span><\/p>\n<p><span style=\"font-size: medium;\"><strong>PRO-VET<\/strong>\u00ae<strong> Salmon Oil,<\/strong> en y\u00fcksek kalitede \u2013 EPA ve DHA a\u00e7\u0131s\u0131ndan zengin, temel Omega-3-6-9 ya\u011f asitlerinin do\u011fal bir kayna\u011f\u0131d\u0131r. Bu ya\u011flar \u00e7e\u015fitli hastal\u0131k risklerini azaltmaya yard\u0131mc\u0131 olabilir ve kalp sa\u011fl\u0131\u011f\u0131 \u00fczerinde olumlu etkiler sa\u011flar. DHA, iyi bir g\u00f6rme yetisini korumaya ve beyin fonksiyonlar\u0131n\u0131 desteklemeye yard\u0131mc\u0131 olur. Ya\u011f, taze bal\u0131k dokular\u0131ndan yeni bir do\u011fal y\u00f6ntemle, sert kimyasallar veya y\u00fcksek s\u0131cakl\u0131k kullan\u0131lmadan nazik\u00e7e \u00e7\u0131kar\u0131l\u0131r. Kimyasal veya fiziksel &#8220;ar\u0131tma&#8221; i\u015flemlerine maruz b\u0131rak\u0131lmaz ve kendi i\u00e7 antioksidan sistemi sayesinde oksidasyona kar\u015f\u0131 korunur. Dioxin seviyeleri, \u00f6zel dioxin filtreleme sistemi sayesinde ihmal edilecek d\u00fczeydedir. D\u00fc\u015f\u00fck s\u0131cakl\u0131kl\u0131 i\u015flem, do\u011fal antioksidanlar\u0131 ve vitaminleri korur.<\/span><\/p>\n<p><span style=\"font-size: medium;\"><strong>PRO-VET<\/strong>\u00ae<strong> Salmon Oil,<\/strong> do\u011fal antioksidan olan tokoferol (E vitamini) a\u00e7\u0131s\u0131ndan zengin bir \u00f6z\u00fctle korunur.<br \/>\n<strong><br \/>\n<\/strong><b>\u0130\u00e7erik:<\/b>\u00a0%99,5 somon ya\u011f\u0131, %0,5 d-kar\u0131\u015f\u0131m tokoferol<br \/>\n<strong><br \/>\nAnaliz: <\/strong><\/span><\/p>\n<table border=\"1\" width=\"335\" cellspacing=\"1\" cellpadding=\"1\">\n<tbody>\n<tr>\n<td style=\"text-align: left;\">Doymu\u015f ya\u011f<\/td>\n<td align=\"center\"><span style=\"font-size: medium;\">17.2 %<\/span><span style=\"font-size: larger;\"><br \/>\n<\/span><\/td>\n<\/tr>\n<tr>\n<td style=\"text-align: left;\">Tekli doymam\u0131\u015f ya\u011f<\/td>\n<td align=\"center\"><span style=\"font-size: medium;\">48.9 %<\/span><span style=\"font-size: larger;\"><br \/>\n<\/span><\/td>\n<\/tr>\n<tr>\n<td style=\"text-align: left;\">\u00c7oklu doymam\u0131\u015f ya\u011f<\/td>\n<td align=\"center\"><span style=\"font-size: medium;\">33.9 %<\/span><span style=\"font-size: larger;\"><br \/>\n<\/span><\/td>\n<\/tr>\n<tr>\n<td style=\"text-align: left;\">Omega-3 ya\u011f asitleri<\/td>\n<td align=\"center\"><span style=\"font-size: medium;\">19.0 %<\/span><span style=\"font-size: larger;\"><br \/>\n<\/span><\/td>\n<\/tr>\n<tr>\n<td style=\"text-align: left;\">Omega-6 ya\u011f asitleri<\/td>\n<td align=\"center\"><span style=\"font-size: medium;\">18.7 %<\/span><span style=\"font-size: larger;\"><br \/>\n<\/span><\/td>\n<\/tr>\n<tr>\n<td style=\"text-align: left;\">Omega-9 ya\u011f asitleri<\/td>\n<td align=\"center\"><span style=\"font-size: medium;\">39.7 %<\/span><span style=\"font-size: larger;\"><br \/>\n<\/span><\/td>\n<\/tr>\n<tr>\n<td style=\"text-align: left;\"><span style=\"font-size: medium;\"><strong>EPA<\/strong> (eikosapentaenoik asit)<br \/>\n<\/span><\/td>\n<td align=\"center\"><span style=\"font-size: medium;\"><strong>47.0 g\/kg<\/strong><\/span><span style=\"font-size: larger;\"><br \/>\n<\/span><\/td>\n<\/tr>\n<tr>\n<td style=\"text-align: left;\"><span style=\"font-size: medium;\"><strong>DHA <\/strong><\/span><span style=\"font-size: medium;\">(dokosaheksaenoik asit)<\/span><\/td>\n<td align=\"center\"><span style=\"font-size: medium;\"><strong>6.0 g\/kg<\/strong><\/span><\/td>\n<\/tr>\n<\/tbody>\n<\/table>\n<p><span style=\"font-size: medium;\"><em><sup>*<\/sup>Ya\u011f asidi metil esterleri olarak \u00f6l\u00e7\u00fclm\u00fc\u015f toplam ya\u011f asitleri y\u00fczdesi<\/em><\/span><\/p>\n<p><span style=\"font-size: medium;\"><strong>Omega 6:3 <b>Oranlar\u0131<\/b>:<\/strong><\/span><span style=\"font-size: larger;\"><strong><br \/>\n<\/strong><\/span><\/p>\n<table border=\"1\" width=\"530\" cellspacing=\"1\" cellpadding=\"1\">\n<tbody>\n<tr>\n<td style=\"text-align: left;\"><span style=\"font-size: medium;\">kaynak :<\/span><span style=\"font-size: larger;\"><br \/>\n<\/span><\/td>\n<td style=\"text-align: center;\"><span style=\"font-size: medium;\">LA<\/span><\/td>\n<td style=\"text-align: center;\"><span style=\"font-size: medium;\">AA<\/span><\/td>\n<td style=\"text-align: center;\"><span style=\"font-size: medium;\">LNA<\/span><span style=\"font-size: larger;\"><sup>*<\/sup><\/span><\/td>\n<td style=\"text-align: center;\"><span style=\"font-size: medium;\"><strong>EPA<\/strong><\/span><\/td>\n<td style=\"text-align: center;\"><span style=\"font-size: medium;\"><strong>DHA<\/strong><\/span><\/td>\n<td style=\"text-align: center;\"><span style=\"font-size: medium;\"><strong>Omega 6:3<\/strong><\/span><\/td>\n<\/tr>\n<tr>\n<td style=\"text-align: left;\"><strong>M\u0131s\u0131r Ya\u011f\u0131<\/strong><span style=\"font-size: larger;\"><br \/>\n<\/span><\/td>\n<td style=\"text-align: center;\"><span style=\"font-size: medium;\">60<\/span><\/td>\n<td style=\"text-align: center;\"><span style=\"font-size: medium;\">0.3<\/span><\/td>\n<td style=\"text-align: center;\"><span style=\"font-size: medium;\">1<\/span><\/td>\n<td style=\"text-align: center;\"><span style=\"font-size: larger;\">&#8211;<\/span><\/td>\n<td style=\"text-align: center;\"><span style=\"font-size: larger;\">&#8211;<\/span><\/td>\n<td style=\"text-align: center;\"><span style=\"font-size: medium;\"><strong>60:1<\/strong><\/span><\/td>\n<\/tr>\n<tr>\n<td style=\"text-align: left;\"><span style=\"font-size: medium;\"><strong>Ay\u00e7i\u00e7ek Ya\u011f\u0131<\/strong><br \/>\n<\/span><\/td>\n<td style=\"text-align: center;\"><span style=\"font-size: medium;\">67<\/span><\/td>\n<td style=\"text-align: center;\"><span style=\"font-size: medium;\">0.3<\/span><\/td>\n<td style=\"text-align: center;\"><span style=\"font-size: medium;\">0.7<\/span><\/td>\n<td style=\"text-align: center;\"><span style=\"font-size: medium;\">0.4<\/span><\/td>\n<td style=\"text-align: center;\"><span style=\"font-size: medium;\">0.1<\/span><\/td>\n<td style=\"text-align: center;\"><span style=\"font-size: medium;\"><strong>56:1<\/strong><\/span><\/td>\n<\/tr>\n<tr>\n<td style=\"text-align: left;\"><span style=\"font-size: medium;\"><strong>Tavuk Ya\u011f\u0131<\/strong><\/span><\/td>\n<td style=\"text-align: center;\"><span style=\"font-size: medium;\">19.8<\/span><\/td>\n<td style=\"text-align: center;\"><span style=\"font-size: medium;\">0.2<\/span><\/td>\n<td style=\"text-align: center;\"><span style=\"font-size: medium;\">1<\/span><\/td>\n<td style=\"text-align: center;\"><span style=\"font-size: larger;\">&#8211;<\/span><\/td>\n<td style=\"text-align: center;\"><span style=\"font-size: larger;\">&#8211;<\/span><\/td>\n<td style=\"text-align: center;\"><span style=\"font-size: medium;\"><strong>20:1<\/strong><\/span><\/td>\n<\/tr>\n<tr>\n<td style=\"text-align: left;\"><span style=\"font-size: medium;\"><strong>Soya Ya\u011f\u0131<br \/>\n<\/strong><\/span><\/td>\n<td style=\"text-align: center;\"><span style=\"font-size: medium;\">54<\/span><\/td>\n<td style=\"text-align: center;\"><span style=\"font-size: medium;\">0.3<\/span><\/td>\n<td style=\"text-align: center;\"><span style=\"font-size: medium;\">7<\/span><\/td>\n<td style=\"text-align: center;\"><span style=\"font-size: larger;\">&#8211;<\/span><\/td>\n<td style=\"text-align: center;\"><span style=\"font-size: larger;\">&#8211;<\/span><\/td>\n<td style=\"text-align: center;\"><span style=\"font-size: medium;\"><strong>8:1<\/strong><\/span><\/td>\n<\/tr>\n<tr>\n<td style=\"text-align: left;\"><span style=\"font-size: medium;\"><strong>S\u0131\u011f\u0131r \u0130\u00e7 Ya\u011f\u0131<\/strong><\/span><span style=\"font-size: larger;\"><br \/>\n<\/span><\/td>\n<td style=\"text-align: center;\"><span style=\"font-size: medium;\">3<\/span><\/td>\n<td style=\"text-align: center;\"><span style=\"font-size: medium;\">0.2<\/span><\/td>\n<td style=\"text-align: center;\"><span style=\"font-size: medium;\">0.6<\/span><\/td>\n<td style=\"text-align: center;\"><span style=\"font-size: larger;\">&#8211;<\/span><\/td>\n<td style=\"text-align: center;\"><span style=\"font-size: larger;\">&#8211;<\/span><\/td>\n<td style=\"text-align: center;\"><span style=\"font-size: medium;\"><strong>5:1<\/strong><\/span><\/td>\n<\/tr>\n<tr>\n<td style=\"text-align: left;\"><strong><span style=\"font-size: medium;\">Keten Tohumu Ya\u011f\u0131<\/span><\/strong><\/td>\n<td style=\"text-align: center;\"><span style=\"font-size: medium;\">32<\/span><\/td>\n<td style=\"text-align: center;\"><span style=\"font-size: larger;\">&#8211;<\/span><\/td>\n<td style=\"text-align: center;\"><span style=\"font-size: medium;\">29<\/span><\/td>\n<td style=\"text-align: center;\"><span style=\"font-size: medium;\">0.6<\/span><\/td>\n<td style=\"text-align: center;\"><span style=\"font-size: medium;\">0.2<\/span><\/td>\n<td style=\"text-align: center;\"><span style=\"font-size: medium;\"><strong>1:1<\/strong><\/span><\/td>\n<\/tr>\n<tr>\n<td style=\"text-align: left;\"><span style=\"font-size: medium;\"><strong>Bal\u0131k Ya\u011f\u0131<br \/>\n<\/strong><\/span><\/td>\n<td style=\"text-align: center;\"><span style=\"font-size: medium;\">5<\/span><\/td>\n<td style=\"text-align: center;\"><span style=\"font-size: medium;\">0.5<\/span><\/td>\n<td style=\"text-align: center;\"><span style=\"font-size: medium;\">1.5<\/span><\/td>\n<td style=\"text-align: center;\"><span style=\"font-size: medium;\">5<\/span><\/td>\n<td style=\"text-align: center;\"><span style=\"font-size: medium;\">7<\/span><\/td>\n<td style=\"text-align: center;\"><span style=\"font-size: medium;\"><strong>0.4:1<\/strong><\/span><\/td>\n<\/tr>\n<tr>\n<td style=\"text-align: left;\"><span style=\"font-size: medium;\"><strong>PRO-VET<\/strong>\u00ae<strong> Somon Oil<\/strong><\/span><span style=\"font-size: larger;\"><br \/>\n<\/span><\/td>\n<td style=\"text-align: center;\"><span style=\"font-size: medium;\">4<\/span><\/td>\n<td style=\"text-align: center;\"><span style=\"font-size: medium;\">2<\/span><\/td>\n<td style=\"text-align: center;\"><span style=\"font-size: medium;\">2<\/span><\/td>\n<td style=\"text-align: center;\"><span style=\"font-size: medium;\"><strong>7<\/strong><\/span><\/td>\n<td style=\"text-align: center;\"><span style=\"font-size: medium;\"><strong>12<\/strong><\/span><\/td>\n<td style=\"text-align: center;\"><span style=\"font-size: medium;\"><strong>0.3:1<\/strong><\/span><\/td>\n<\/tr>\n<\/tbody>\n<\/table>\n<p><span style=\"font-size: medium;\"><em><sup>*<\/sup>Linolenik asit, EPA\/DHA&#8217;ya zay\u0131f d\u00f6n\u00fc\u015f\u00fcr<\/em><\/span><strong><br \/>\n<\/strong><\/p>\n<p><span style=\"font-size: medium;\"><strong><b>Enerji de\u011feri\/kg<\/b>: <\/strong>9400 kcal, 37 mJ<\/span><\/p>\n<p><strong><b>G\u00fcnl\u00fck \u00f6nerilen dozaj<\/b>:<\/strong><br \/>\n3 aydan b\u00fcy\u00fck yavru k\u00f6pekler i\u00e7in: 2 ml (\u00b1 2 pompa)<br \/>\n12 kg yeti\u015fkin k\u00f6pekler i\u00e7in: 4 ml (\u00b1 3 pompa)<br \/>\n12\u201324 kg aras\u0131 yeti\u015fkin k\u00f6pekler i\u00e7in: 8 ml (\u00b1 5 pompa)<br \/>\n24\u201348 kg aras\u0131 yeti\u015fkin k\u00f6pekler i\u00e7in: 12 ml (\u00b1 8 pompa)<br \/>\n48 kg \u00fczeri yeti\u015fkin k\u00f6pekler i\u00e7in: 16 ml (\u00b1 11 pompa)<\/p>\n<p><span style=\"font-size: medium;\"><b>Kullan\u0131m Talimat\u0131: <\/b>Pompay\u0131 sola \u00e7evirerek a\u00e7\u0131n, \u00f6nerilen miktar\u0131 kuru ya da ya\u015f mamaya ekleyin. Kulland\u0131ktan sonra pompay\u0131 kapat\u0131n ve \u015fi\u015feyi buzdolab\u0131nda saklay\u0131n. \u015ei\u015fe her zaman dikey konumda olmal\u0131d\u0131r. Her pompa yakla\u015f\u0131k \u00b1 1.40 ml \u00fcr\u00fcn verir. G\u00fcnl\u00fck somon ya\u011f\u0131 kullan\u0131m\u0131, k\u00f6pe\u011finizin enerjik ve sa\u011fl\u0131kl\u0131 kalmas\u0131na yard\u0131mc\u0131 olur. <\/span><\/p>\n<p><strong>Not:<\/strong>\u00a0Somon ya\u011f\u0131n\u0131 belirli bir sa\u011fl\u0131k durumu i\u00e7in kullan\u0131yorsan\u0131z veteriner hekiminize veya hayvan beslenme uzman\u0131n\u0131za bilgi verin. Halihaz\u0131rda ila\u00e7 kullan\u0131l\u0131yorsa dan\u0131\u015f\u0131lmas\u0131 \u00f6nerilir. A\u015f\u0131r\u0131 t\u00fcketim m\u00fcshil etkisi yaratabilir. Hollanda\u2019da \u015fi\u015felenmi\u015ftir.<\/p>\n<p><strong>Net a\u011f\u0131rl\u0131k: <\/strong>500 ml<\/p>\n<p><span style=\"font-size: medium;\">Di\u011fer somon (bal\u0131k) ya\u011flar\u0131yla kar\u015f\u0131la\u015ft\u0131r\u0131ld\u0131\u011f\u0131nda <\/span><strong><span style=\"font-size: medium;\"><strong>PRO-VET<\/strong><\/span><\/strong><span style=\"font-size: medium;\">\u00ae<\/span><strong><span style=\"font-size: medium;\"><strong> Somon Oil <\/strong><\/span><\/strong><span style=\"font-size: medium;\"> hakk\u0131nda dikkat edilmesi gerekenler:<\/span><br \/>\n<span style=\"font-size: medium;\">\u2022 <strong>Kalite garantisi:<\/strong> T\u00fcm partiler, dioxin\/PCB\u2019ler ve ya\u011f asidi bile\u015fimi a\u00e7\u0131s\u0131ndan analiz edilmi\u015ftir. Sevkiyattan \u00f6nce kalite kontrol yap\u0131l\u0131r.<br \/>\n\u2022 <strong>Tutarl\u0131l\u0131k:<\/strong> \u00dcr\u00fcn, \u00e7iftlikte yeti\u015ftirilen somondan elde edildi\u011fi i\u00e7in y\u0131l boyunca sabit DHA\/EPA oran\u0131 sunar. Vah\u015fi somon ya da di\u011fer bal\u0131klar de\u011fi\u015fken kompozisyon sergiler.<br \/>\n\u2022 <strong>Serbest ya\u011f asidi oran\u0131:<\/strong> %5\u2019in alt\u0131nda garanti edilir (ortalama %2-2,5)<br \/>\n\u2022 <strong>\u0130zlenebilirlik:<\/strong> \u00dcretim s\u00fcreci tamamen izlenebilir ve yasalara uygundur.<br \/>\n\u2022 <strong>G\u00fcvenli ambalaj:<\/strong> Oksijenle temas etmeyen vakum teknolojili \u00f6zel \u015fi\u015fe sayesinde \u00fcr\u00fcn 20 ay minimum raf \u00f6mr\u00fcne sahiptir.<br \/>\n\u2022 <\/span><span style=\"font-size: medium;\"><strong>Kapsaml\u0131 veri taban\u0131:<\/strong> \u00dcr\u00fcn hakk\u0131nda t\u00fcm hayvan t\u00fcrlerine y\u00f6nelik bal\u0131k ya\u011f\u0131 bilgileri i\u00e7eren geni\u015f bir veri taban\u0131 mevcuttur..<\/span><\/p>\n<p><span style=\"font-size: medium;\"><br \/>\n<\/span><strong><span style=\"font-size: medium;\"><b>Sa\u011fl\u0131kl\u0131 k\u00f6pek, mutlu k\u00f6pektir<\/b>.<\/span><\/strong><\/p>\n<p>&nbsp;<\/p>\n<p><span style=\"font-size: medium;\">Vakum sistemi sunumu :<\/span><\/p>\n<p><img loading=\"lazy\" decoding=\"async\" class=\"alignnone size-full wp-image-5577\" src=\"https:\/\/www.profpetcorporation.com\/wp-content\/uploads\/2025\/04\/TR-flacon.jpg\" alt=\"\" width=\"1441\" height=\"1335\" srcset=\"https:\/\/www.profpetcorporation.com\/wp-content\/uploads\/2025\/04\/TR-flacon.jpg 1441w, https:\/\/www.profpetcorporation.com\/wp-content\/uploads\/2025\/04\/TR-flacon-300x278.jpg 300w, https:\/\/www.profpetcorporation.com\/wp-content\/uploads\/2025\/04\/TR-flacon-1024x949.jpg 1024w, https:\/\/www.profpetcorporation.com\/wp-content\/uploads\/2025\/04\/TR-flacon-768x712.jpg 768w, https:\/\/www.profpetcorporation.com\/wp-content\/uploads\/2025\/04\/TR-flacon-600x556.jpg 600w\" sizes=\"auto, (max-width: 1441px) 100vw, 1441px\" \/><\/p>\n<p>&nbsp;<\/p>\n","protected":false},"excerpt":{"rendered":"<p style=\"text-align: left;\"><span style=\"font-size: x-large;\"><span style=\"color: #e65d05;\"><strong>TAMAMEN TAZE ATLANT\u0130K SOMONDAN \u00dcRET\u0130LM\u0130\u015e.<\/strong><\/span><br \/>\n<span style=\"color: #e65d05;\"><strong>G\u00dcVENL\u0130 VE TUTARLI KAL\u0130TE.<\/strong><\/span><\/span><\/p>\n<p style=\"text-align: left;\"><span style=\"font-size: large;\"><strong><img loading=\"lazy\" decoding=\"async\" class=\"alignnone wp-image-4665\" src=\"https:\/\/www.profpetcorporation.com\/wp-content\/uploads\/2024\/11\/OMEGA.jpg\" alt=\"\" width=\"486\" height=\"175\" srcset=\"https:\/\/www.profpetcorporation.com\/wp-content\/uploads\/2024\/11\/OMEGA.jpg 1008w, https:\/\/www.profpetcorporation.com\/wp-content\/uploads\/2024\/11\/OMEGA-600x216.jpg 600w, https:\/\/www.profpetcorporation.com\/wp-content\/uploads\/2024\/11\/OMEGA-300x108.jpg 300w, https:\/\/www.profpetcorporation.com\/wp-content\/uploads\/2024\/11\/OMEGA-768x277.jpg 768w\" sizes=\"auto, (max-width: 486px) 100vw, 486px\" \/><\/strong><\/span><\/p>\n<p style=\"text-align: left;\"><span style=\"font-size: large;\"><strong>Sa\u011fl\u0131kl\u0131 Deri ve T\u00fcy Yap\u0131s\u0131<br \/>\nBeyin Geli\u015fimi<br \/>\n\u00dcreme Sa\u011fl\u0131\u011f\u0131n\u0131n Desteklenmesi<br \/>\nBa\u011f\u0131\u015f\u0131kl\u0131k Sisteminin G\u00fc\u00e7lendirilmesi<br \/>\nKalp Hastal\u0131klar\u0131n\u0131n Azalt\u0131lmas\u0131<br \/>\nArtrit Rahatlamas\u0131<\/strong><\/span><\/p>\n","protected":false},"featured_media":2614,"comment_status":"open","ping_status":"closed","template":"","meta":{"_acf_changed":false},"product_brand":[],"product_cat":[228,239],"product_tag":[],"class_list":{"0":"post-5575","1":"product","2":"type-product","3":"status-publish","4":"has-post-thumbnail","6":"product_cat-pro-vet-tr","7":"product_cat-somon-yagi","9":"first","10":"instock","11":"shipping-taxable","12":"product-type-simple"},"acf":[],"yoast_head":"<!-- This site is optimized with the Yoast SEO plugin v27.5 - https:\/\/yoast.com\/product\/yoast-seo-wordpress\/ -->\n<title>PRO-VET\u00ae Salmon Oil - Prof Pet Corporation<\/title>\n<meta name=\"robots\" content=\"index, follow, max-snippet:-1, max-image-preview:large, max-video-preview:-1\" \/>\n<link rel=\"canonical\" href=\"https:\/\/www.profpetcorporation.com\/tr\/urun\/pro-vet-salmon-oil\/\" \/>\n<meta property=\"og:locale\" content=\"tr_TR\" \/>\n<meta property=\"og:type\" content=\"article\" \/>\n<meta property=\"og:title\" content=\"PRO-VET\u00ae Salmon Oil - Prof Pet Corporation\" \/>\n<meta property=\"og:description\" content=\"TAMAMEN TAZE ATLANT\u0130K SOMONDAN \u00dcRET\u0130LM\u0130\u015e. G\u00dcVENL\u0130 VE TUTARLI KAL\u0130TE.  Sa\u011fl\u0131kl\u0131 Deri ve T\u00fcy Yap\u0131s\u0131 Beyin Geli\u015fimi \u00dcreme Sa\u011fl\u0131\u011f\u0131n\u0131n Desteklenmesi Ba\u011f\u0131\u015f\u0131kl\u0131k Sisteminin G\u00fc\u00e7lendirilmesi Kalp Hastal\u0131klar\u0131n\u0131n Azalt\u0131lmas\u0131 Artrit Rahatlamas\u0131\" \/>\n<meta property=\"og:url\" content=\"https:\/\/www.profpetcorporation.com\/tr\/urun\/pro-vet-salmon-oil\/\" \/>\n<meta property=\"og:site_name\" content=\"Prof Pet Corporation\" \/>\n<meta property=\"article:modified_time\" content=\"2025-04-23T15:51:07+00:00\" \/>\n<meta property=\"og:image\" content=\"https:\/\/www.profpetcorporation.com\/wp-content\/uploads\/2024\/07\/PRO-VET-Salmon-OIl-500ml-scaled.jpg\" \/>\n\t<meta property=\"og:image:width\" content=\"2560\" \/>\n\t<meta property=\"og:image:height\" content=\"2560\" \/>\n\t<meta property=\"og:image:type\" content=\"image\/jpeg\" \/>\n<meta name=\"twitter:card\" content=\"summary_large_image\" \/>\n<meta name=\"twitter:label1\" content=\"Tahmini okuma s\u00fcresi\" \/>\n\t<meta name=\"twitter:data1\" content=\"4 dakika\" \/>\n<script type=\"application\/ld+json\" class=\"yoast-schema-graph\">{\"@context\":\"https:\\\/\\\/schema.org\",\"@graph\":[{\"@type\":\"WebPage\",\"@id\":\"https:\\\/\\\/www.profpetcorporation.com\\\/tr\\\/urun\\\/pro-vet-salmon-oil\\\/\",\"url\":\"https:\\\/\\\/www.profpetcorporation.com\\\/tr\\\/urun\\\/pro-vet-salmon-oil\\\/\",\"name\":\"PRO-VET\u00ae Salmon Oil - Prof Pet Corporation\",\"isPartOf\":{\"@id\":\"https:\\\/\\\/www.profpetcorporation.com\\\/tr\\\/#website\"},\"primaryImageOfPage\":{\"@id\":\"https:\\\/\\\/www.profpetcorporation.com\\\/tr\\\/urun\\\/pro-vet-salmon-oil\\\/#primaryimage\"},\"image\":{\"@id\":\"https:\\\/\\\/www.profpetcorporation.com\\\/tr\\\/urun\\\/pro-vet-salmon-oil\\\/#primaryimage\"},\"thumbnailUrl\":\"https:\\\/\\\/www.profpetcorporation.com\\\/wp-content\\\/uploads\\\/2024\\\/07\\\/PRO-VET-Salmon-OIl-500ml-scaled.jpg\",\"datePublished\":\"2024-07-12T12:04:01+00:00\",\"dateModified\":\"2025-04-23T15:51:07+00:00\",\"breadcrumb\":{\"@id\":\"https:\\\/\\\/www.profpetcorporation.com\\\/tr\\\/urun\\\/pro-vet-salmon-oil\\\/#breadcrumb\"},\"inLanguage\":\"tr\",\"potentialAction\":[{\"@type\":\"ReadAction\",\"target\":[\"https:\\\/\\\/www.profpetcorporation.com\\\/tr\\\/urun\\\/pro-vet-salmon-oil\\\/\"]}]},{\"@type\":\"ImageObject\",\"inLanguage\":\"tr\",\"@id\":\"https:\\\/\\\/www.profpetcorporation.com\\\/tr\\\/urun\\\/pro-vet-salmon-oil\\\/#primaryimage\",\"url\":\"https:\\\/\\\/www.profpetcorporation.com\\\/wp-content\\\/uploads\\\/2024\\\/07\\\/PRO-VET-Salmon-OIl-500ml-scaled.jpg\",\"contentUrl\":\"https:\\\/\\\/www.profpetcorporation.com\\\/wp-content\\\/uploads\\\/2024\\\/07\\\/PRO-VET-Salmon-OIl-500ml-scaled.jpg\",\"width\":2560,\"height\":2560},{\"@type\":\"BreadcrumbList\",\"@id\":\"https:\\\/\\\/www.profpetcorporation.com\\\/tr\\\/urun\\\/pro-vet-salmon-oil\\\/#breadcrumb\",\"itemListElement\":[{\"@type\":\"ListItem\",\"position\":1,\"name\":\"Home\",\"item\":\"https:\\\/\\\/www.profpetcorporation.com\\\/tr\\\/\"},{\"@type\":\"ListItem\",\"position\":2,\"name\":\"Shop\",\"item\":\"https:\\\/\\\/www.profpetcorporation.com\\\/shop\\\/\"},{\"@type\":\"ListItem\",\"position\":3,\"name\":\"PRO-VET\u00ae\",\"item\":\"https:\\\/\\\/www.profpetcorporation.com\\\/tr\\\/merken\\\/pro-vet-tr\\\/\"},{\"@type\":\"ListItem\",\"position\":4,\"name\":\"Somon Ya\u011f\u0131 500ml\",\"item\":\"https:\\\/\\\/www.profpetcorporation.com\\\/tr\\\/merken\\\/pro-vet-tr\\\/somon-yagi\\\/\"},{\"@type\":\"ListItem\",\"position\":5,\"name\":\"PRO-VET\u00ae Salmon Oil\"}]},{\"@type\":\"WebSite\",\"@id\":\"https:\\\/\\\/www.profpetcorporation.com\\\/tr\\\/#website\",\"url\":\"https:\\\/\\\/www.profpetcorporation.com\\\/tr\\\/\",\"name\":\"Prof Pet Corporation\",\"description\":\"\",\"potentialAction\":[{\"@type\":\"SearchAction\",\"target\":{\"@type\":\"EntryPoint\",\"urlTemplate\":\"https:\\\/\\\/www.profpetcorporation.com\\\/tr\\\/?s={search_term_string}\"},\"query-input\":{\"@type\":\"PropertyValueSpecification\",\"valueRequired\":true,\"valueName\":\"search_term_string\"}}],\"inLanguage\":\"tr\"}]}<\/script>\n<!-- \/ Yoast SEO plugin. -->","yoast_head_json":{"title":"PRO-VET\u00ae Salmon Oil - Prof Pet Corporation","robots":{"index":"index","follow":"follow","max-snippet":"max-snippet:-1","max-image-preview":"max-image-preview:large","max-video-preview":"max-video-preview:-1"},"canonical":"https:\/\/www.profpetcorporation.com\/tr\/urun\/pro-vet-salmon-oil\/","og_locale":"tr_TR","og_type":"article","og_title":"PRO-VET\u00ae Salmon Oil - Prof Pet Corporation","og_description":"TAMAMEN TAZE ATLANT\u0130K SOMONDAN \u00dcRET\u0130LM\u0130\u015e. G\u00dcVENL\u0130 VE TUTARLI KAL\u0130TE.  Sa\u011fl\u0131kl\u0131 Deri ve T\u00fcy Yap\u0131s\u0131 Beyin Geli\u015fimi \u00dcreme Sa\u011fl\u0131\u011f\u0131n\u0131n Desteklenmesi Ba\u011f\u0131\u015f\u0131kl\u0131k Sisteminin G\u00fc\u00e7lendirilmesi Kalp Hastal\u0131klar\u0131n\u0131n Azalt\u0131lmas\u0131 Artrit Rahatlamas\u0131","og_url":"https:\/\/www.profpetcorporation.com\/tr\/urun\/pro-vet-salmon-oil\/","og_site_name":"Prof Pet Corporation","article_modified_time":"2025-04-23T15:51:07+00:00","og_image":[{"width":2560,"height":2560,"url":"https:\/\/www.profpetcorporation.com\/wp-content\/uploads\/2024\/07\/PRO-VET-Salmon-OIl-500ml-scaled.jpg","type":"image\/jpeg"}],"twitter_card":"summary_large_image","twitter_misc":{"Tahmini okuma s\u00fcresi":"4 dakika"},"schema":{"@context":"https:\/\/schema.org","@graph":[{"@type":"WebPage","@id":"https:\/\/www.profpetcorporation.com\/tr\/urun\/pro-vet-salmon-oil\/","url":"https:\/\/www.profpetcorporation.com\/tr\/urun\/pro-vet-salmon-oil\/","name":"PRO-VET\u00ae Salmon Oil - Prof Pet Corporation","isPartOf":{"@id":"https:\/\/www.profpetcorporation.com\/tr\/#website"},"primaryImageOfPage":{"@id":"https:\/\/www.profpetcorporation.com\/tr\/urun\/pro-vet-salmon-oil\/#primaryimage"},"image":{"@id":"https:\/\/www.profpetcorporation.com\/tr\/urun\/pro-vet-salmon-oil\/#primaryimage"},"thumbnailUrl":"https:\/\/www.profpetcorporation.com\/wp-content\/uploads\/2024\/07\/PRO-VET-Salmon-OIl-500ml-scaled.jpg","datePublished":"2024-07-12T12:04:01+00:00","dateModified":"2025-04-23T15:51:07+00:00","breadcrumb":{"@id":"https:\/\/www.profpetcorporation.com\/tr\/urun\/pro-vet-salmon-oil\/#breadcrumb"},"inLanguage":"tr","potentialAction":[{"@type":"ReadAction","target":["https:\/\/www.profpetcorporation.com\/tr\/urun\/pro-vet-salmon-oil\/"]}]},{"@type":"ImageObject","inLanguage":"tr","@id":"https:\/\/www.profpetcorporation.com\/tr\/urun\/pro-vet-salmon-oil\/#primaryimage","url":"https:\/\/www.profpetcorporation.com\/wp-content\/uploads\/2024\/07\/PRO-VET-Salmon-OIl-500ml-scaled.jpg","contentUrl":"https:\/\/www.profpetcorporation.com\/wp-content\/uploads\/2024\/07\/PRO-VET-Salmon-OIl-500ml-scaled.jpg","width":2560,"height":2560},{"@type":"BreadcrumbList","@id":"https:\/\/www.profpetcorporation.com\/tr\/urun\/pro-vet-salmon-oil\/#breadcrumb","itemListElement":[{"@type":"ListItem","position":1,"name":"Home","item":"https:\/\/www.profpetcorporation.com\/tr\/"},{"@type":"ListItem","position":2,"name":"Shop","item":"https:\/\/www.profpetcorporation.com\/shop\/"},{"@type":"ListItem","position":3,"name":"PRO-VET\u00ae","item":"https:\/\/www.profpetcorporation.com\/tr\/merken\/pro-vet-tr\/"},{"@type":"ListItem","position":4,"name":"Somon Ya\u011f\u0131 500ml","item":"https:\/\/www.profpetcorporation.com\/tr\/merken\/pro-vet-tr\/somon-yagi\/"},{"@type":"ListItem","position":5,"name":"PRO-VET\u00ae Salmon Oil"}]},{"@type":"WebSite","@id":"https:\/\/www.profpetcorporation.com\/tr\/#website","url":"https:\/\/www.profpetcorporation.com\/tr\/","name":"Prof Pet Corporation","description":"","potentialAction":[{"@type":"SearchAction","target":{"@type":"EntryPoint","urlTemplate":"https:\/\/www.profpetcorporation.com\/tr\/?s={search_term_string}"},"query-input":{"@type":"PropertyValueSpecification","valueRequired":true,"valueName":"search_term_string"}}],"inLanguage":"tr"}]}},"_links":{"self":[{"href":"https:\/\/www.profpetcorporation.com\/tr\/wp-json\/wp\/v2\/product\/5575","targetHints":{"allow":["GET"]}}],"collection":[{"href":"https:\/\/www.profpetcorporation.com\/tr\/wp-json\/wp\/v2\/product"}],"about":[{"href":"https:\/\/www.profpetcorporation.com\/tr\/wp-json\/wp\/v2\/types\/product"}],"replies":[{"embeddable":true,"href":"https:\/\/www.profpetcorporation.com\/tr\/wp-json\/wp\/v2\/comments?post=5575"}],"wp:featuredmedia":[{"embeddable":true,"href":"https:\/\/www.profpetcorporation.com\/tr\/wp-json\/wp\/v2\/media\/2614"}],"wp:attachment":[{"href":"https:\/\/www.profpetcorporation.com\/tr\/wp-json\/wp\/v2\/media?parent=5575"}],"wp:term":[{"taxonomy":"product_brand","embeddable":true,"href":"https:\/\/www.profpetcorporation.com\/tr\/wp-json\/wp\/v2\/product_brand?post=5575"},{"taxonomy":"product_cat","embeddable":true,"href":"https:\/\/www.profpetcorporation.com\/tr\/wp-json\/wp\/v2\/product_cat?post=5575"},{"taxonomy":"product_tag","embeddable":true,"href":"https:\/\/www.profpetcorporation.com\/tr\/wp-json\/wp\/v2\/product_tag?post=5575"}],"curies":[{"name":"wp","href":"https:\/\/api.w.org\/{rel}","templated":true}]}}