{"id":5544,"date":"2024-07-10T13:17:55","date_gmt":"2024-07-10T13:17:55","guid":{"rendered":"https:\/\/www.profpetcorporation.com\/?post_type=product&#038;p=5544"},"modified":"2025-04-12T13:18:27","modified_gmt":"2025-04-12T13:18:27","slug":"kis-kis-odourless","status":"publish","type":"product","link":"https:\/\/www.profpetcorporation.com\/tr\/urun\/kis-kis-odourless\/","title":{"rendered":"KiS-KiS\u00ae OdourLess"},"content":{"rendered":"<p><span style=\"font-size: medium;\"><strong>\u0130\u00e7indekiler:<\/strong> peynir alt\u0131 suyu tozu, pirin\u00e7 gluteni, dekstroz, bitkisel \u00fcr\u00fcnler, vitamin ve mineraller, Yucca Schidigera \u00f6z\u00fct\u00fc, Aktif Karbon, maya. <strong>Besin katkilari (kg):<\/strong> A vitamini 2.375 \u0130\u00dc. <strong>Analitik bile\u015fenleri:<\/strong> ham protein %10.3, doymu\u015f ya\u011f %2.6, ham k\u00fcl %6.4.<br \/>\n<strong>G\u00fcnl\u00fck t\u00fcketim:<\/strong> en az 2-3 tablet, d\u00fczenli olarak. A\u011f\u0131zdan kullan\u0131m\u0131yla herhangi bir yan etkisi yoktur. \u00dcretim ve paketleme Hollanda\u2019da yap\u0131lm\u0131\u015ft\u0131r. Serin ve kuru yerde saklay\u0131n\u0131z. <strong>Net a\u011f\u0131rl\u0131k:<\/strong> 60g. <strong>I\u00e7erik:<\/strong> \u00b1100 tablet<\/span><\/p>\n<p>&nbsp;<\/p>\n<p><span style=\"font-size: medium;\"><u>di\u011fer bile\u015fenler:<\/u><\/span><\/p>\n<p><span style=\"font-size: large;\"><strong>YUCCA SCHIDIGERA<\/strong><\/span> <span style=\"font-size: larger;\"><br \/>\n<\/span><\/p>\n<p style=\"text-align: left;\"><span style=\"font-size: medium;\"><strong>G\u00fcney Amerika k\u00f6kenli Yucca, g\u00fcn\u00fcm\u00fczde Afrika, G\u00fcney Asya ve Karayipler\u2019de de yayg\u0131n \u015fekilde t\u00fcketilmektedir.<br \/>\n<img loading=\"lazy\" decoding=\"async\" class=\" wp-image-4685 alignright\" src=\"https:\/\/www.profpetcorporation.com\/wp-content\/uploads\/2024\/11\/Yucca.jpg\" alt=\"\" width=\"302\" height=\"279\" srcset=\"https:\/\/www.profpetcorporation.com\/wp-content\/uploads\/2024\/11\/Yucca.jpg 599w, https:\/\/www.profpetcorporation.com\/wp-content\/uploads\/2024\/11\/Yucca-300x277.jpg 300w\" sizes=\"auto, (max-width: 302px) 100vw, 302px\" \/><\/strong>Do\u011fal saponinler i\u00e7eren yucca, nitrat (potasyum nitrat KNO3) olu\u015fumunu (amonyak, \u00fcre, nitrit ve nitratlar) azalt\u0131r ve d\u0131\u015fk\u0131 ile idrardaki k\u00f6t\u00fc koku olu\u015fumunu engeller. Ayr\u0131ca yucca sayesinde besin emilimi artar, bu da ba\u011f\u0131rsak floras\u0131n\u0131 olumlu y\u00f6nde etkiler.<br \/>\nYucca&#8217;n\u0131n do\u011fal i\u00e7eri\u011fi artrit kar\u015f\u0131t\u0131, anti-enflamatuar ve antifungal \u00f6zellikler ta\u015f\u0131r ve disbakteriyoz, ba\u011f\u0131rsak bozukluklar\u0131 ve a\u015f\u0131r\u0131 gaz olu\u015fumunu \u00f6nlemek i\u00e7in \u00f6nerilir.<br \/>\nYucca \u00f6z\u00fc, C vitamini, beta-karoten (A provitamini), kalsiyum (Ca), niasin (B3 vitamini), fosfor (P) ve B vitaminleri a\u00e7\u0131s\u0131ndan zengindir. Ayr\u0131ca \u00e7inko, magnezyum, bak\u0131r, demir ve manganez gibi temel minerallerin de \u00f6nemli bir kayna\u011f\u0131d\u0131r. <\/span><\/p>\n<p><strong>Yucca\u2019daki Potasyum<\/strong><br \/>\nPotasyum, v\u00fccutta dola\u015f\u0131r; kas kas\u0131lmalar\u0131 ve elektrik iletimi i\u00e7in \u00f6nemlidir. Potasyum a\u00e7\u0131s\u0131ndan zengin bir diyet, osteoporoz riskini azaltabilir.<\/p>\n<p><span style=\"font-size: medium;\"><strong>Yucca\u2019daki C Vitamini<\/strong><br \/>\nC vitamini, sadece bir antioksidan de\u011fil ayn\u0131 zamanda ba\u011f dokusu olu\u015fumu, cilt, sa\u00e7, ba\u011flar ve kan damarlar\u0131n\u0131n sa\u011fl\u0131\u011f\u0131 i\u00e7in de gereklidir.. <\/span><\/p>\n<p><span style=\"font-size: medium;\"><strong>Yucca\u2019daki Folat<\/strong><br \/>\nB grubu vitaminlerden olan folat, \u00f6zellikle hamile kedilerde fet\u00fcs geli\u015fimi i\u00e7in \u00f6nemlidir. Kans\u0131zl\u0131\u011f\u0131 \u00f6nler ve ba\u011f\u0131\u015f\u0131kl\u0131k sistemine destek olur..<\/span><\/p>\n<p><span style=\"font-size: medium;\"><strong>Yucca\u2019daki K Vitamini<\/strong><br \/>\nKemik h\u00fccrelerini (osteoblastlar\u0131) uyararak kemik sa\u011fl\u0131\u011f\u0131nda rol oynar. Alzheimer hastalar\u0131nda sinir hasar\u0131n\u0131 azaltmada da etkili olabilir..<\/span><span style=\"font-size: large;\"><br \/>\n<\/span><\/p>\n<p>&nbsp;<\/p>\n<p><span style=\"font-size: large;\"><strong>AKT\u0130F KARBON<\/strong><\/span><strong><br \/>\n<\/strong><\/p>\n<p><span style=\"font-size: medium;\"><strong>Aktif karbonun<\/strong> detoks etkisi vard\u0131r. Ana etken madde, genellikle bitkisel k\u00f6kenli do\u011fal bir kaynak olan aktif karbondur ve y\u00fcksek y\u00fczey alan\u0131yla \u00f6ne \u00e7\u0131kar.<br \/>\n<strong><img loading=\"lazy\" decoding=\"async\" class=\" wp-image-4107 alignright\" src=\"https:\/\/www.profpetcorporation.com\/wp-content\/uploads\/2024\/11\/Carbon.jpg\" alt=\"\" width=\"301\" height=\"245\" srcset=\"https:\/\/www.profpetcorporation.com\/wp-content\/uploads\/2024\/11\/Carbon.jpg 1170w, https:\/\/www.profpetcorporation.com\/wp-content\/uploads\/2024\/11\/Carbon-600x488.jpg 600w, https:\/\/www.profpetcorporation.com\/wp-content\/uploads\/2024\/11\/Carbon-300x244.jpg 300w, https:\/\/www.profpetcorporation.com\/wp-content\/uploads\/2024\/11\/Carbon-1024x832.jpg 1024w, https:\/\/www.profpetcorporation.com\/wp-content\/uploads\/2024\/11\/Carbon-768x624.jpg 768w\" sizes=\"auto, (max-width: 301px) 100vw, 301px\" \/>Aktif karbon; <\/strong>akut ve kronik hastal\u0131klar sonucunda v\u00fccutta biriken veya a\u011f\u0131z yoluyla al\u0131nan gazlar\u0131 ve s\u0131v\u0131 maddeleri adsorbe etme (\u00fczerine \u00e7ekme) \u00f6zelli\u011fine sahiptir. Do\u011fal bir karbon emici olarak t\u0131bbi ama\u00e7larla kullan\u0131l\u0131r.<\/span><\/p>\n<p style=\"text-align: justify;\"><span style=\"font-size: medium;\"><strong>Aktif karbon,<\/strong> zehirleri, toksinleri ve bozulmu\u015f \u00fcr\u00fcnleri emerek etkisiz hale getirir. Bu y\u00fczden zehirlenme durumlar\u0131nda vazge\u00e7ilmezdir; ishal, salmonella, kronik b\u00f6brek yetmezli\u011fi, karaci\u011fer sirozu, alerji, dermatit ve daha bir\u00e7ok hastal\u0131kta m\u00fckemmel destek sa\u011flar.<br \/>\n<strong>Aktif karbon,<\/strong> kronik sanayi kaynakl\u0131 zehirlenmeler, toksinler, ev tipi alkaloidler, tuzlar ve a\u011f\u0131r metaller, \u00e7e\u015fitli zararl\u0131 kimyasallar, ila\u00e7lar ve yiyecekler nedeniyle olu\u015fan zehirlenmelerin tedavisinde kullan\u0131l\u0131r.<br \/>\nG\u0131da zehirlenmelerinde ve di\u011fer toksik maddelerin al\u0131m\u0131nda da kullan\u0131labilir. Bu kullan\u0131m\u0131n amac\u0131, y\u00fczeydeki adsorpsiyonu azaltarak maddelerin emilimini engellemek ve v\u00fccuttan daha h\u0131zl\u0131 at\u0131l\u0131m\u0131n\u0131 sa\u011flamakt\u0131r.<\/span><\/p>\n<p><span style=\"font-size: large;\">\u00a0<\/span><\/p>\n<p><span style=\"font-size: medium;\"><br \/>\n<\/span><strong><span style=\"font-size: medium;\">Sa\u011fl\u0131kl\u0131 bir kedi, mutlu bir kedidir.<\/span><\/strong><\/p>\n<p>&nbsp;<\/p>\n<p>&nbsp;<\/p>\n","protected":false},"excerpt":{"rendered":"<p><em><strong><span style=\"font-size: medium;\"> \u2022 <\/span><span style=\"font-size: large;\">%100 DO\u011eAL \u00dcR\u00dcN \u00a0 <\/span><\/strong><\/em><br \/>\n<span style=\"font-size: large;\"><em><strong> \u2022 K\u00f6t\u00fc kokulu gazlar\u0131 azalt\u0131r<\/strong><\/em><\/span><br \/>\n<span style=\"font-size: large;\"><em><strong> \u2022 Sindirim fonksiyonunu iyile\u015ftirir <\/strong><\/em><\/span><br \/>\n<span style=\"font-size: large;\"><em><strong> \u2022 Toksinleri temizler<\/strong><\/em><\/span><br \/>\n<img loading=\"lazy\" decoding=\"async\" class=\"alignnone size-full wp-image-5283\" src=\"https:\/\/www.profpetcorporation.com\/wp-content\/uploads\/2024\/12\/TR-for-the-most-picky-cats.jpg\" alt=\"\" width=\"1379\" height=\"232\" srcset=\"https:\/\/www.profpetcorporation.com\/wp-content\/uploads\/2024\/12\/TR-for-the-most-picky-cats.jpg 1379w, https:\/\/www.profpetcorporation.com\/wp-content\/uploads\/2024\/12\/TR-for-the-most-picky-cats-300x50.jpg 300w, https:\/\/www.profpetcorporation.com\/wp-content\/uploads\/2024\/12\/TR-for-the-most-picky-cats-1024x172.jpg 1024w, https:\/\/www.profpetcorporation.com\/wp-content\/uploads\/2024\/12\/TR-for-the-most-picky-cats-768x129.jpg 768w, https:\/\/www.profpetcorporation.com\/wp-content\/uploads\/2024\/12\/TR-for-the-most-picky-cats-600x101.jpg 600w\" sizes=\"auto, (max-width: 1379px) 100vw, 1379px\" \/><\/p>\n","protected":false},"featured_media":3531,"comment_status":"open","ping_status":"closed","template":"","meta":{"_acf_changed":false},"product_brand":[],"product_cat":[232,227],"product_tag":[],"class_list":{"0":"post-5544","1":"product","2":"type-product","3":"status-publish","4":"has-post-thumbnail","6":"product_cat-kediler-icin-peynir-alti-suyu-pastilleri","7":"product_cat-kis-kis-tr","9":"first","10":"instock","11":"shipping-taxable","12":"product-type-simple"},"acf":[],"yoast_head":"<!-- This site is optimized with the Yoast SEO plugin v27.3 - https:\/\/yoast.com\/product\/yoast-seo-wordpress\/ -->\n<title>KiS-KiS\u00ae OdourLess - Prof Pet Corporation<\/title>\n<meta name=\"robots\" content=\"index, follow, max-snippet:-1, max-image-preview:large, max-video-preview:-1\" \/>\n<link rel=\"canonical\" href=\"https:\/\/www.profpetcorporation.com\/tr\/urun\/kis-kis-odourless\/\" \/>\n<meta property=\"og:locale\" content=\"tr_TR\" \/>\n<meta property=\"og:type\" content=\"article\" \/>\n<meta property=\"og:title\" content=\"KiS-KiS\u00ae OdourLess - Prof Pet Corporation\" \/>\n<meta property=\"og:description\" content=\"\u2022 %100 DO\u011eAL \u00dcR\u00dcN \u00a0  \u2022 K\u00f6t\u00fc kokulu gazlar\u0131 azalt\u0131r  \u2022 Sindirim fonksiyonunu iyile\u015ftirir  \u2022 Toksinleri temizler\" \/>\n<meta property=\"og:url\" content=\"https:\/\/www.profpetcorporation.com\/tr\/urun\/kis-kis-odourless\/\" \/>\n<meta property=\"og:site_name\" content=\"Prof Pet Corporation\" \/>\n<meta property=\"article:modified_time\" content=\"2025-04-12T13:18:27+00:00\" \/>\n<meta property=\"og:image\" content=\"https:\/\/www.profpetcorporation.com\/wp-content\/uploads\/2024\/10\/KiS-KiS-Odourless-60g.jpg\" \/>\n\t<meta property=\"og:image:width\" content=\"1079\" \/>\n\t<meta property=\"og:image:height\" content=\"1080\" \/>\n\t<meta property=\"og:image:type\" content=\"image\/jpeg\" \/>\n<meta name=\"twitter:card\" content=\"summary_large_image\" \/>\n<meta name=\"twitter:label1\" content=\"Tahmini okuma s\u00fcresi\" \/>\n\t<meta name=\"twitter:data1\" content=\"3 dakika\" \/>\n<script type=\"application\/ld+json\" class=\"yoast-schema-graph\">{\"@context\":\"https:\\\/\\\/schema.org\",\"@graph\":[{\"@type\":\"WebPage\",\"@id\":\"https:\\\/\\\/www.profpetcorporation.com\\\/tr\\\/urun\\\/kis-kis-odourless\\\/\",\"url\":\"https:\\\/\\\/www.profpetcorporation.com\\\/tr\\\/urun\\\/kis-kis-odourless\\\/\",\"name\":\"KiS-KiS\u00ae OdourLess - Prof Pet Corporation\",\"isPartOf\":{\"@id\":\"https:\\\/\\\/www.profpetcorporation.com\\\/tr\\\/#website\"},\"primaryImageOfPage\":{\"@id\":\"https:\\\/\\\/www.profpetcorporation.com\\\/tr\\\/urun\\\/kis-kis-odourless\\\/#primaryimage\"},\"image\":{\"@id\":\"https:\\\/\\\/www.profpetcorporation.com\\\/tr\\\/urun\\\/kis-kis-odourless\\\/#primaryimage\"},\"thumbnailUrl\":\"https:\\\/\\\/www.profpetcorporation.com\\\/wp-content\\\/uploads\\\/2024\\\/10\\\/KiS-KiS-Odourless-60g.jpg\",\"datePublished\":\"2024-07-10T13:17:55+00:00\",\"dateModified\":\"2025-04-12T13:18:27+00:00\",\"breadcrumb\":{\"@id\":\"https:\\\/\\\/www.profpetcorporation.com\\\/tr\\\/urun\\\/kis-kis-odourless\\\/#breadcrumb\"},\"inLanguage\":\"tr\",\"potentialAction\":[{\"@type\":\"ReadAction\",\"target\":[\"https:\\\/\\\/www.profpetcorporation.com\\\/tr\\\/urun\\\/kis-kis-odourless\\\/\"]}]},{\"@type\":\"ImageObject\",\"inLanguage\":\"tr\",\"@id\":\"https:\\\/\\\/www.profpetcorporation.com\\\/tr\\\/urun\\\/kis-kis-odourless\\\/#primaryimage\",\"url\":\"https:\\\/\\\/www.profpetcorporation.com\\\/wp-content\\\/uploads\\\/2024\\\/10\\\/KiS-KiS-Odourless-60g.jpg\",\"contentUrl\":\"https:\\\/\\\/www.profpetcorporation.com\\\/wp-content\\\/uploads\\\/2024\\\/10\\\/KiS-KiS-Odourless-60g.jpg\",\"width\":1079,\"height\":1080},{\"@type\":\"BreadcrumbList\",\"@id\":\"https:\\\/\\\/www.profpetcorporation.com\\\/tr\\\/urun\\\/kis-kis-odourless\\\/#breadcrumb\",\"itemListElement\":[{\"@type\":\"ListItem\",\"position\":1,\"name\":\"Home\",\"item\":\"https:\\\/\\\/www.profpetcorporation.com\\\/tr\\\/\"},{\"@type\":\"ListItem\",\"position\":2,\"name\":\"Shop\",\"item\":\"https:\\\/\\\/www.profpetcorporation.com\\\/shop\\\/\"},{\"@type\":\"ListItem\",\"position\":3,\"name\":\"KiS-KiS\u00ae\",\"item\":\"https:\\\/\\\/www.profpetcorporation.com\\\/tr\\\/merken\\\/kis-kis-tr\\\/\"},{\"@type\":\"ListItem\",\"position\":4,\"name\":\"Kediler \u0130\u00e7in Peynir Alt\u0131 Suyu Pastilleri\",\"item\":\"https:\\\/\\\/www.profpetcorporation.com\\\/tr\\\/merken\\\/kis-kis-tr\\\/kediler-icin-peynir-alti-suyu-pastilleri\\\/\"},{\"@type\":\"ListItem\",\"position\":5,\"name\":\"KiS-KiS\u00ae OdourLess\"}]},{\"@type\":\"WebSite\",\"@id\":\"https:\\\/\\\/www.profpetcorporation.com\\\/tr\\\/#website\",\"url\":\"https:\\\/\\\/www.profpetcorporation.com\\\/tr\\\/\",\"name\":\"Prof Pet Corporation\",\"description\":\"\",\"potentialAction\":[{\"@type\":\"SearchAction\",\"target\":{\"@type\":\"EntryPoint\",\"urlTemplate\":\"https:\\\/\\\/www.profpetcorporation.com\\\/tr\\\/?s={search_term_string}\"},\"query-input\":{\"@type\":\"PropertyValueSpecification\",\"valueRequired\":true,\"valueName\":\"search_term_string\"}}],\"inLanguage\":\"tr\"}]}<\/script>\n<!-- \/ Yoast SEO plugin. -->","yoast_head_json":{"title":"KiS-KiS\u00ae OdourLess - Prof Pet Corporation","robots":{"index":"index","follow":"follow","max-snippet":"max-snippet:-1","max-image-preview":"max-image-preview:large","max-video-preview":"max-video-preview:-1"},"canonical":"https:\/\/www.profpetcorporation.com\/tr\/urun\/kis-kis-odourless\/","og_locale":"tr_TR","og_type":"article","og_title":"KiS-KiS\u00ae OdourLess - Prof Pet Corporation","og_description":"\u2022 %100 DO\u011eAL \u00dcR\u00dcN \u00a0  \u2022 K\u00f6t\u00fc kokulu gazlar\u0131 azalt\u0131r  \u2022 Sindirim fonksiyonunu iyile\u015ftirir  \u2022 Toksinleri temizler","og_url":"https:\/\/www.profpetcorporation.com\/tr\/urun\/kis-kis-odourless\/","og_site_name":"Prof Pet Corporation","article_modified_time":"2025-04-12T13:18:27+00:00","og_image":[{"width":1079,"height":1080,"url":"https:\/\/www.profpetcorporation.com\/wp-content\/uploads\/2024\/10\/KiS-KiS-Odourless-60g.jpg","type":"image\/jpeg"}],"twitter_card":"summary_large_image","twitter_misc":{"Tahmini okuma s\u00fcresi":"3 dakika"},"schema":{"@context":"https:\/\/schema.org","@graph":[{"@type":"WebPage","@id":"https:\/\/www.profpetcorporation.com\/tr\/urun\/kis-kis-odourless\/","url":"https:\/\/www.profpetcorporation.com\/tr\/urun\/kis-kis-odourless\/","name":"KiS-KiS\u00ae OdourLess - Prof Pet Corporation","isPartOf":{"@id":"https:\/\/www.profpetcorporation.com\/tr\/#website"},"primaryImageOfPage":{"@id":"https:\/\/www.profpetcorporation.com\/tr\/urun\/kis-kis-odourless\/#primaryimage"},"image":{"@id":"https:\/\/www.profpetcorporation.com\/tr\/urun\/kis-kis-odourless\/#primaryimage"},"thumbnailUrl":"https:\/\/www.profpetcorporation.com\/wp-content\/uploads\/2024\/10\/KiS-KiS-Odourless-60g.jpg","datePublished":"2024-07-10T13:17:55+00:00","dateModified":"2025-04-12T13:18:27+00:00","breadcrumb":{"@id":"https:\/\/www.profpetcorporation.com\/tr\/urun\/kis-kis-odourless\/#breadcrumb"},"inLanguage":"tr","potentialAction":[{"@type":"ReadAction","target":["https:\/\/www.profpetcorporation.com\/tr\/urun\/kis-kis-odourless\/"]}]},{"@type":"ImageObject","inLanguage":"tr","@id":"https:\/\/www.profpetcorporation.com\/tr\/urun\/kis-kis-odourless\/#primaryimage","url":"https:\/\/www.profpetcorporation.com\/wp-content\/uploads\/2024\/10\/KiS-KiS-Odourless-60g.jpg","contentUrl":"https:\/\/www.profpetcorporation.com\/wp-content\/uploads\/2024\/10\/KiS-KiS-Odourless-60g.jpg","width":1079,"height":1080},{"@type":"BreadcrumbList","@id":"https:\/\/www.profpetcorporation.com\/tr\/urun\/kis-kis-odourless\/#breadcrumb","itemListElement":[{"@type":"ListItem","position":1,"name":"Home","item":"https:\/\/www.profpetcorporation.com\/tr\/"},{"@type":"ListItem","position":2,"name":"Shop","item":"https:\/\/www.profpetcorporation.com\/shop\/"},{"@type":"ListItem","position":3,"name":"KiS-KiS\u00ae","item":"https:\/\/www.profpetcorporation.com\/tr\/merken\/kis-kis-tr\/"},{"@type":"ListItem","position":4,"name":"Kediler \u0130\u00e7in Peynir Alt\u0131 Suyu Pastilleri","item":"https:\/\/www.profpetcorporation.com\/tr\/merken\/kis-kis-tr\/kediler-icin-peynir-alti-suyu-pastilleri\/"},{"@type":"ListItem","position":5,"name":"KiS-KiS\u00ae OdourLess"}]},{"@type":"WebSite","@id":"https:\/\/www.profpetcorporation.com\/tr\/#website","url":"https:\/\/www.profpetcorporation.com\/tr\/","name":"Prof Pet Corporation","description":"","potentialAction":[{"@type":"SearchAction","target":{"@type":"EntryPoint","urlTemplate":"https:\/\/www.profpetcorporation.com\/tr\/?s={search_term_string}"},"query-input":{"@type":"PropertyValueSpecification","valueRequired":true,"valueName":"search_term_string"}}],"inLanguage":"tr"}]}},"_links":{"self":[{"href":"https:\/\/www.profpetcorporation.com\/tr\/wp-json\/wp\/v2\/product\/5544","targetHints":{"allow":["GET"]}}],"collection":[{"href":"https:\/\/www.profpetcorporation.com\/tr\/wp-json\/wp\/v2\/product"}],"about":[{"href":"https:\/\/www.profpetcorporation.com\/tr\/wp-json\/wp\/v2\/types\/product"}],"replies":[{"embeddable":true,"href":"https:\/\/www.profpetcorporation.com\/tr\/wp-json\/wp\/v2\/comments?post=5544"}],"wp:featuredmedia":[{"embeddable":true,"href":"https:\/\/www.profpetcorporation.com\/tr\/wp-json\/wp\/v2\/media\/3531"}],"wp:attachment":[{"href":"https:\/\/www.profpetcorporation.com\/tr\/wp-json\/wp\/v2\/media?parent=5544"}],"wp:term":[{"taxonomy":"product_brand","embeddable":true,"href":"https:\/\/www.profpetcorporation.com\/tr\/wp-json\/wp\/v2\/product_brand?post=5544"},{"taxonomy":"product_cat","embeddable":true,"href":"https:\/\/www.profpetcorporation.com\/tr\/wp-json\/wp\/v2\/product_cat?post=5544"},{"taxonomy":"product_tag","embeddable":true,"href":"https:\/\/www.profpetcorporation.com\/tr\/wp-json\/wp\/v2\/product_tag?post=5544"}],"curies":[{"name":"wp","href":"https:\/\/api.w.org\/{rel}","templated":true}]}}