{"id":5542,"date":"2024-07-10T13:13:01","date_gmt":"2024-07-10T13:13:01","guid":{"rendered":"https:\/\/www.profpetcorporation.com\/?post_type=product&#038;p=5542"},"modified":"2025-04-12T13:16:42","modified_gmt":"2025-04-12T13:16:42","slug":"kis-kis-yeast-calcium","status":"publish","type":"product","link":"https:\/\/www.profpetcorporation.com\/tr\/urun\/kis-kis-yeast-calcium\/","title":{"rendered":"KiS-KiS\u00ae Yeast &#038; Calcium"},"content":{"rendered":"<p><span style=\"font-size: medium;\"><strong>\u0130\u00e7indekiler:\u00a0<\/strong>peynir alt\u0131 suyu tozu, pirin\u00e7 gluteni, dekstroz, bitkisel \u00fcr\u00fcnler, vitamin ve mineraller, kalsiyum 330mg\/kg, maya 330mg\/kg. <strong>Besin katkilari:<\/strong> A vitamini A 3.326 \u0130\u00dc\/kg. <strong>Analitik bile\u015fenleri:<\/strong> ham protein %12.2, doymu\u015f ya\u011f %3.0, ham k\u00fcl %6.4 <strong>G\u00fcnl\u00fck t\u00fcketim:<\/strong> en az 2-3 tablet, d\u00fczenli olarak. A\u011f\u0131zdan kullan\u0131m\u0131yla herhangi bir yan etkisi yoktur. \u00dcretim ve paketleme Hollanda\u2019da yap\u0131lm\u0131\u015ft\u0131r. Serin ve kuru yerde saklay\u0131n\u0131z. <strong>Net a\u011f\u0131rl\u0131k:<\/strong> 60g. <strong>I\u00e7erik:<\/strong> \u00b1100 tablet<\/span><\/p>\n<p>&nbsp;<\/p>\n<p><span style=\"font-size: medium;\"><u>di\u011fer bile\u015fenler:<\/u><\/span><\/p>\n<p><span style=\"font-size: large;\"><strong>MAYA<\/strong><\/span><\/p>\n<p style=\"text-align: justify;\"><span style=\"font-size: medium;\">Peynir alt\u0131 suyu tabletleri s\u00fct mayas\u0131 (peynir alt\u0131 suyundan elde edilen) ile zenginle\u015ftirilmi\u015ftir ve vitaminlere \u00f6zel bir aroma ve lezzet kazand\u0131r\u0131r. S\u00fct mayas\u0131 protein bak\u0131m\u0131ndan zengindir ve B vitamini kompleksi ile di\u011fer vitaminlerle zenginle\u015ftirilmi\u015ftir. \u0130\u015ftah\u0131 art\u0131r\u0131r ve dolgun, parlak bir k\u00fcrke katk\u0131 sa\u011flar. En \u00f6nemlisi: s\u00fct mayas\u0131, zararl\u0131 mikroorganizmalar\u0131n b\u00fcy\u00fcmesini engelleyen ve ba\u011f\u0131rsak floras\u0131 i\u00e7in hayati \u00f6neme sahip olan \u00e7ok say\u0131da faydal\u0131 canl\u0131 mikroorganizma i\u00e7erir. S\u00fct mayas\u0131 mikroplar\u0131, \u00e7\u00fcr\u00fct\u00fcc\u00fc bakterilerin b\u00fcy\u00fcmesini \u00f6nemli \u00f6l\u00e7\u00fcde engelleme yetene\u011fine sahiptir. Bilimsel testler, s\u00fct mayas\u0131n\u0131n asidofilik bakteriler taraf\u0131ndan \u00fcretilen antibiyotik benzeri bir madde salg\u0131lad\u0131\u011f\u0131n\u0131 kan\u0131tlam\u0131\u015ft\u0131r. S\u00fct mayas\u0131, zararl\u0131 bakterilere kar\u015f\u0131 direnci art\u0131rarak v\u00fccudun sa\u011fl\u0131\u011fa zararl\u0131 maddelere kar\u015f\u0131 sava\u015fmas\u0131na yard\u0131mc\u0131 olur ve erken ya\u015flanmay\u0131 \u00f6nler. Ayn\u0131 zamanda kan ve sinir sistemi \u00fczerinde son derece faydal\u0131 bir etkisi vard\u0131r. S\u00fct mayas\u0131 (peynir alt\u0131 suyundan elde edilen), y\u00fcksek oranda E vitamini, nikotinik asit, pantotenik asit, H vitamini (biotin), B12 vitamini, folik asit ve C vitamini i\u00e7erir. Bu t\u00fcr bile\u015fim, kedinizin dengeli ve aktif bir metabolizmaya sahip olmas\u0131n\u0131 destekler.<\/span><\/p>\n<p>&nbsp;<\/p>\n<p><span style=\"font-size: large;\"><strong>KALS\u0130YUM<\/strong><\/span><br \/>\n<span style=\"font-size: larger;\"><em>Bilimsel ad\u0131: Kalsiyum (Ca)<\/em><\/span><\/p>\n<p style=\"text-align: justify;\"><span style=\"font-size: medium;\">Kalsiyum organizmadaki en do\u011fal mineraldir. Kalsiyumun yakla\u015f\u0131k %99&#8217;u kemik ve di\u015flerde kalsiyum fosfat olarak bulunur. Kalsiyum kemik ve di\u015flerin en \u00f6nemli yap\u0131 ta\u015f\u0131d\u0131r ve sinir sisteminin uyar\u0131lmas\u0131na yard\u0131m eder, kaslar\u0131n kas\u0131lmas\u0131 ve kan\u0131n p\u0131ht\u0131la\u015fmas\u0131nda, s\u0131v\u0131 h\u00fccre b\u00f6l\u00fcmleriyle beraber h\u00fccre \u00e7eperi ve \u00e7ekirde\u011finin yap\u0131m\u0131n\u0131n bir b\u00f6l\u00fcm\u00fcnde, anti alerjik ve anti inflamatuar etkileriyle beraber asit zehirlenmesini ve baz\u0131 mayalar\u0131 ve hormonlar\u0131 engellemede etkilidir. Kalsiyum sodyumdan farkl\u0131 olarak h\u00fccre \u00e7eperlerinden ge\u00e7ebilir.<br \/>\nEk olarak, kalsiyumun strese kar\u015f\u0131 etkileri vard\u0131r; tuzun a\u011f\u0131r metallerin ve radyon\u00fcklidlerin organizmadan at\u0131m\u0131nda yard\u0131mc\u0131 olur. Anti alerjik etkileri vard\u0131r, probiyotik ve antioksidan i\u015flevlerde rol oynar.<br \/>\nKalsiyum esas olarak kemik ve di\u015fleri \u015fekillendirir, h\u00fccrelerin normal \u00e7al\u0131\u015fmas\u0131n\u0131 sa\u011flar, sinir sistemi ve kas kas\u0131lmalar\u0131nda bununla beraber kan\u0131n p\u0131ht\u0131la\u015fmas\u0131nda ve ba\u011f\u0131\u015f\u0131kl\u0131k sisteminde etkileri vard\u0131r.<\/span><\/p>\n<p><span style=\"font-size: medium;\"><br \/>\n<\/span><strong><span style=\"font-size: medium;\">Sa\u011fl\u0131kl\u0131 bir kedi, mutlu bir kedidir.<\/span><\/strong><\/p>\n<p>&nbsp;<\/p>\n<p>&nbsp;<\/p>\n","protected":false},"excerpt":{"rendered":"<p><em><strong><span style=\"font-size: medium;\">\u2022\u00a0\u00a0<\/span><span style=\"font-size: large;\">%100 DO\u011eAL \u00dcR\u00dcN<\/span><\/strong><\/em><br \/>\n<span style=\"font-size: large;\"><em><strong> \u2022\u00a0 Sa\u011fl\u0131kl\u0131 di\u015fler ve kemikler i\u00e7in<\/strong><\/em><\/span><br \/>\n<span style=\"font-size: large;\"><em><strong> \u2022\u00a0 Metabolizma s\u00fcrecini iyile\u015ftirir \u00a0 <\/strong><\/em><strong><br \/>\n<\/strong><\/span><br \/>\n<i><img loading=\"lazy\" decoding=\"async\" class=\"size-full wp-image-5279 alignnone\" src=\"https:\/\/www.profpetcorporation.com\/wp-content\/uploads\/2024\/12\/TR-for-the-most-picky-cats.jpg\" alt=\"\" width=\"1379\" height=\"232\" srcset=\"https:\/\/www.profpetcorporation.com\/wp-content\/uploads\/2024\/12\/TR-for-the-most-picky-cats.jpg 1379w, https:\/\/www.profpetcorporation.com\/wp-content\/uploads\/2024\/12\/TR-for-the-most-picky-cats-300x50.jpg 300w, https:\/\/www.profpetcorporation.com\/wp-content\/uploads\/2024\/12\/TR-for-the-most-picky-cats-1024x172.jpg 1024w, https:\/\/www.profpetcorporation.com\/wp-content\/uploads\/2024\/12\/TR-for-the-most-picky-cats-768x129.jpg 768w, https:\/\/www.profpetcorporation.com\/wp-content\/uploads\/2024\/12\/TR-for-the-most-picky-cats-600x101.jpg 600w\" sizes=\"auto, (max-width: 1379px) 100vw, 1379px\" \/><\/i><\/p>\n","protected":false},"featured_media":3583,"comment_status":"open","ping_status":"closed","template":"","meta":{"_acf_changed":false},"product_brand":[],"product_cat":[232,227],"product_tag":[],"class_list":{"0":"post-5542","1":"product","2":"type-product","3":"status-publish","4":"has-post-thumbnail","6":"product_cat-kediler-icin-peynir-alti-suyu-pastilleri","7":"product_cat-kis-kis-tr","9":"first","10":"instock","11":"shipping-taxable","12":"product-type-simple"},"acf":[],"yoast_head":"<!-- This site is optimized with the Yoast SEO plugin v27.3 - https:\/\/yoast.com\/product\/yoast-seo-wordpress\/ -->\n<title>KiS-KiS\u00ae Yeast &amp; Calcium - Prof Pet Corporation<\/title>\n<meta name=\"robots\" content=\"index, follow, max-snippet:-1, max-image-preview:large, max-video-preview:-1\" \/>\n<link rel=\"canonical\" href=\"https:\/\/www.profpetcorporation.com\/tr\/urun\/kis-kis-yeast-calcium\/\" \/>\n<meta property=\"og:locale\" content=\"tr_TR\" \/>\n<meta property=\"og:type\" content=\"article\" \/>\n<meta property=\"og:title\" content=\"KiS-KiS\u00ae Yeast &amp; Calcium - Prof Pet Corporation\" \/>\n<meta property=\"og:description\" content=\"\u2022\u00a0\u00a0%100 DO\u011eAL \u00dcR\u00dcN  \u2022\u00a0 Sa\u011fl\u0131kl\u0131 di\u015fler ve kemikler i\u00e7in  \u2022\u00a0 Metabolizma s\u00fcrecini iyile\u015ftirir \u00a0\" \/>\n<meta property=\"og:url\" content=\"https:\/\/www.profpetcorporation.com\/tr\/urun\/kis-kis-yeast-calcium\/\" \/>\n<meta property=\"og:site_name\" content=\"Prof Pet Corporation\" \/>\n<meta property=\"article:modified_time\" content=\"2025-04-12T13:16:42+00:00\" \/>\n<meta property=\"og:image\" content=\"https:\/\/www.profpetcorporation.com\/wp-content\/uploads\/2024\/10\/KiS-KiS-YeastCalcium-60g.jpg\" \/>\n\t<meta property=\"og:image:width\" content=\"1079\" \/>\n\t<meta property=\"og:image:height\" content=\"1080\" \/>\n\t<meta property=\"og:image:type\" content=\"image\/jpeg\" \/>\n<meta name=\"twitter:card\" content=\"summary_large_image\" \/>\n<meta name=\"twitter:label1\" content=\"Tahmini okuma s\u00fcresi\" \/>\n\t<meta name=\"twitter:data1\" content=\"2 dakika\" \/>\n<script type=\"application\/ld+json\" class=\"yoast-schema-graph\">{\"@context\":\"https:\\\/\\\/schema.org\",\"@graph\":[{\"@type\":\"WebPage\",\"@id\":\"https:\\\/\\\/www.profpetcorporation.com\\\/tr\\\/urun\\\/kis-kis-yeast-calcium\\\/\",\"url\":\"https:\\\/\\\/www.profpetcorporation.com\\\/tr\\\/urun\\\/kis-kis-yeast-calcium\\\/\",\"name\":\"KiS-KiS\u00ae Yeast & Calcium - Prof Pet Corporation\",\"isPartOf\":{\"@id\":\"https:\\\/\\\/www.profpetcorporation.com\\\/tr\\\/#website\"},\"primaryImageOfPage\":{\"@id\":\"https:\\\/\\\/www.profpetcorporation.com\\\/tr\\\/urun\\\/kis-kis-yeast-calcium\\\/#primaryimage\"},\"image\":{\"@id\":\"https:\\\/\\\/www.profpetcorporation.com\\\/tr\\\/urun\\\/kis-kis-yeast-calcium\\\/#primaryimage\"},\"thumbnailUrl\":\"https:\\\/\\\/www.profpetcorporation.com\\\/wp-content\\\/uploads\\\/2024\\\/10\\\/KiS-KiS-YeastCalcium-60g.jpg\",\"datePublished\":\"2024-07-10T13:13:01+00:00\",\"dateModified\":\"2025-04-12T13:16:42+00:00\",\"breadcrumb\":{\"@id\":\"https:\\\/\\\/www.profpetcorporation.com\\\/tr\\\/urun\\\/kis-kis-yeast-calcium\\\/#breadcrumb\"},\"inLanguage\":\"tr\",\"potentialAction\":[{\"@type\":\"ReadAction\",\"target\":[\"https:\\\/\\\/www.profpetcorporation.com\\\/tr\\\/urun\\\/kis-kis-yeast-calcium\\\/\"]}]},{\"@type\":\"ImageObject\",\"inLanguage\":\"tr\",\"@id\":\"https:\\\/\\\/www.profpetcorporation.com\\\/tr\\\/urun\\\/kis-kis-yeast-calcium\\\/#primaryimage\",\"url\":\"https:\\\/\\\/www.profpetcorporation.com\\\/wp-content\\\/uploads\\\/2024\\\/10\\\/KiS-KiS-YeastCalcium-60g.jpg\",\"contentUrl\":\"https:\\\/\\\/www.profpetcorporation.com\\\/wp-content\\\/uploads\\\/2024\\\/10\\\/KiS-KiS-YeastCalcium-60g.jpg\",\"width\":1079,\"height\":1080},{\"@type\":\"BreadcrumbList\",\"@id\":\"https:\\\/\\\/www.profpetcorporation.com\\\/tr\\\/urun\\\/kis-kis-yeast-calcium\\\/#breadcrumb\",\"itemListElement\":[{\"@type\":\"ListItem\",\"position\":1,\"name\":\"Home\",\"item\":\"https:\\\/\\\/www.profpetcorporation.com\\\/tr\\\/\"},{\"@type\":\"ListItem\",\"position\":2,\"name\":\"Shop\",\"item\":\"https:\\\/\\\/www.profpetcorporation.com\\\/shop\\\/\"},{\"@type\":\"ListItem\",\"position\":3,\"name\":\"KiS-KiS\u00ae\",\"item\":\"https:\\\/\\\/www.profpetcorporation.com\\\/tr\\\/merken\\\/kis-kis-tr\\\/\"},{\"@type\":\"ListItem\",\"position\":4,\"name\":\"Kediler \u0130\u00e7in Peynir Alt\u0131 Suyu Pastilleri\",\"item\":\"https:\\\/\\\/www.profpetcorporation.com\\\/tr\\\/merken\\\/kis-kis-tr\\\/kediler-icin-peynir-alti-suyu-pastilleri\\\/\"},{\"@type\":\"ListItem\",\"position\":5,\"name\":\"KiS-KiS\u00ae Yeast &#038; Calcium\"}]},{\"@type\":\"WebSite\",\"@id\":\"https:\\\/\\\/www.profpetcorporation.com\\\/tr\\\/#website\",\"url\":\"https:\\\/\\\/www.profpetcorporation.com\\\/tr\\\/\",\"name\":\"Prof Pet Corporation\",\"description\":\"\",\"potentialAction\":[{\"@type\":\"SearchAction\",\"target\":{\"@type\":\"EntryPoint\",\"urlTemplate\":\"https:\\\/\\\/www.profpetcorporation.com\\\/tr\\\/?s={search_term_string}\"},\"query-input\":{\"@type\":\"PropertyValueSpecification\",\"valueRequired\":true,\"valueName\":\"search_term_string\"}}],\"inLanguage\":\"tr\"}]}<\/script>\n<!-- \/ Yoast SEO plugin. -->","yoast_head_json":{"title":"KiS-KiS\u00ae Yeast & Calcium - Prof Pet Corporation","robots":{"index":"index","follow":"follow","max-snippet":"max-snippet:-1","max-image-preview":"max-image-preview:large","max-video-preview":"max-video-preview:-1"},"canonical":"https:\/\/www.profpetcorporation.com\/tr\/urun\/kis-kis-yeast-calcium\/","og_locale":"tr_TR","og_type":"article","og_title":"KiS-KiS\u00ae Yeast & Calcium - Prof Pet Corporation","og_description":"\u2022\u00a0\u00a0%100 DO\u011eAL \u00dcR\u00dcN  \u2022\u00a0 Sa\u011fl\u0131kl\u0131 di\u015fler ve kemikler i\u00e7in  \u2022\u00a0 Metabolizma s\u00fcrecini iyile\u015ftirir \u00a0","og_url":"https:\/\/www.profpetcorporation.com\/tr\/urun\/kis-kis-yeast-calcium\/","og_site_name":"Prof Pet Corporation","article_modified_time":"2025-04-12T13:16:42+00:00","og_image":[{"width":1079,"height":1080,"url":"https:\/\/www.profpetcorporation.com\/wp-content\/uploads\/2024\/10\/KiS-KiS-YeastCalcium-60g.jpg","type":"image\/jpeg"}],"twitter_card":"summary_large_image","twitter_misc":{"Tahmini okuma s\u00fcresi":"2 dakika"},"schema":{"@context":"https:\/\/schema.org","@graph":[{"@type":"WebPage","@id":"https:\/\/www.profpetcorporation.com\/tr\/urun\/kis-kis-yeast-calcium\/","url":"https:\/\/www.profpetcorporation.com\/tr\/urun\/kis-kis-yeast-calcium\/","name":"KiS-KiS\u00ae Yeast & Calcium - Prof Pet Corporation","isPartOf":{"@id":"https:\/\/www.profpetcorporation.com\/tr\/#website"},"primaryImageOfPage":{"@id":"https:\/\/www.profpetcorporation.com\/tr\/urun\/kis-kis-yeast-calcium\/#primaryimage"},"image":{"@id":"https:\/\/www.profpetcorporation.com\/tr\/urun\/kis-kis-yeast-calcium\/#primaryimage"},"thumbnailUrl":"https:\/\/www.profpetcorporation.com\/wp-content\/uploads\/2024\/10\/KiS-KiS-YeastCalcium-60g.jpg","datePublished":"2024-07-10T13:13:01+00:00","dateModified":"2025-04-12T13:16:42+00:00","breadcrumb":{"@id":"https:\/\/www.profpetcorporation.com\/tr\/urun\/kis-kis-yeast-calcium\/#breadcrumb"},"inLanguage":"tr","potentialAction":[{"@type":"ReadAction","target":["https:\/\/www.profpetcorporation.com\/tr\/urun\/kis-kis-yeast-calcium\/"]}]},{"@type":"ImageObject","inLanguage":"tr","@id":"https:\/\/www.profpetcorporation.com\/tr\/urun\/kis-kis-yeast-calcium\/#primaryimage","url":"https:\/\/www.profpetcorporation.com\/wp-content\/uploads\/2024\/10\/KiS-KiS-YeastCalcium-60g.jpg","contentUrl":"https:\/\/www.profpetcorporation.com\/wp-content\/uploads\/2024\/10\/KiS-KiS-YeastCalcium-60g.jpg","width":1079,"height":1080},{"@type":"BreadcrumbList","@id":"https:\/\/www.profpetcorporation.com\/tr\/urun\/kis-kis-yeast-calcium\/#breadcrumb","itemListElement":[{"@type":"ListItem","position":1,"name":"Home","item":"https:\/\/www.profpetcorporation.com\/tr\/"},{"@type":"ListItem","position":2,"name":"Shop","item":"https:\/\/www.profpetcorporation.com\/shop\/"},{"@type":"ListItem","position":3,"name":"KiS-KiS\u00ae","item":"https:\/\/www.profpetcorporation.com\/tr\/merken\/kis-kis-tr\/"},{"@type":"ListItem","position":4,"name":"Kediler \u0130\u00e7in Peynir Alt\u0131 Suyu Pastilleri","item":"https:\/\/www.profpetcorporation.com\/tr\/merken\/kis-kis-tr\/kediler-icin-peynir-alti-suyu-pastilleri\/"},{"@type":"ListItem","position":5,"name":"KiS-KiS\u00ae Yeast &#038; Calcium"}]},{"@type":"WebSite","@id":"https:\/\/www.profpetcorporation.com\/tr\/#website","url":"https:\/\/www.profpetcorporation.com\/tr\/","name":"Prof Pet Corporation","description":"","potentialAction":[{"@type":"SearchAction","target":{"@type":"EntryPoint","urlTemplate":"https:\/\/www.profpetcorporation.com\/tr\/?s={search_term_string}"},"query-input":{"@type":"PropertyValueSpecification","valueRequired":true,"valueName":"search_term_string"}}],"inLanguage":"tr"}]}},"_links":{"self":[{"href":"https:\/\/www.profpetcorporation.com\/tr\/wp-json\/wp\/v2\/product\/5542","targetHints":{"allow":["GET"]}}],"collection":[{"href":"https:\/\/www.profpetcorporation.com\/tr\/wp-json\/wp\/v2\/product"}],"about":[{"href":"https:\/\/www.profpetcorporation.com\/tr\/wp-json\/wp\/v2\/types\/product"}],"replies":[{"embeddable":true,"href":"https:\/\/www.profpetcorporation.com\/tr\/wp-json\/wp\/v2\/comments?post=5542"}],"wp:featuredmedia":[{"embeddable":true,"href":"https:\/\/www.profpetcorporation.com\/tr\/wp-json\/wp\/v2\/media\/3583"}],"wp:attachment":[{"href":"https:\/\/www.profpetcorporation.com\/tr\/wp-json\/wp\/v2\/media?parent=5542"}],"wp:term":[{"taxonomy":"product_brand","embeddable":true,"href":"https:\/\/www.profpetcorporation.com\/tr\/wp-json\/wp\/v2\/product_brand?post=5542"},{"taxonomy":"product_cat","embeddable":true,"href":"https:\/\/www.profpetcorporation.com\/tr\/wp-json\/wp\/v2\/product_cat?post=5542"},{"taxonomy":"product_tag","embeddable":true,"href":"https:\/\/www.profpetcorporation.com\/tr\/wp-json\/wp\/v2\/product_tag?post=5542"}],"curies":[{"name":"wp","href":"https:\/\/api.w.org\/{rel}","templated":true}]}}