{"id":5296,"date":"2024-07-09T20:29:26","date_gmt":"2024-07-09T20:29:26","guid":{"rendered":"https:\/\/www.profpetcorporation.com\/?post_type=product&#038;p=5296"},"modified":"2025-04-12T13:36:20","modified_gmt":"2025-04-12T13:36:20","slug":"kis-kis-chicken-400g","status":"publish","type":"product","link":"https:\/\/www.profpetcorporation.com\/tr\/urun\/kis-kis-chicken-400g\/","title":{"rendered":"KiS-KiS\u00ae Chicken 400g"},"content":{"rendered":"<p><span style=\"font-size: larger;\"><em><strong><img loading=\"lazy\" decoding=\"async\" class=\"alignnone size-full wp-image-5279\" src=\"https:\/\/www.profpetcorporation.com\/wp-content\/uploads\/2024\/12\/TR-for-the-most-picky-cats.jpg\" alt=\"\" width=\"1379\" height=\"232\" srcset=\"https:\/\/www.profpetcorporation.com\/wp-content\/uploads\/2024\/12\/TR-for-the-most-picky-cats.jpg 1379w, https:\/\/www.profpetcorporation.com\/wp-content\/uploads\/2024\/12\/TR-for-the-most-picky-cats-300x50.jpg 300w, https:\/\/www.profpetcorporation.com\/wp-content\/uploads\/2024\/12\/TR-for-the-most-picky-cats-1024x172.jpg 1024w, https:\/\/www.profpetcorporation.com\/wp-content\/uploads\/2024\/12\/TR-for-the-most-picky-cats-768x129.jpg 768w, https:\/\/www.profpetcorporation.com\/wp-content\/uploads\/2024\/12\/TR-for-the-most-picky-cats-600x101.jpg 600w\" sizes=\"auto, (max-width: 1379px) 100vw, 1379px\" \/><\/strong><\/em><\/span><\/p>\n<p style=\"text-align: justify;\"><span style=\"font-size: medium;\"><strong>KiS-KiS<\/strong>\u00ae<strong> ya\u015f \u00fcr\u00fcnlerinde kullan\u0131lan t\u00fcm etler yerel tedarik\u00e7ilerden temin edilir ve men\u015feine kadar tamamen izlenebilir. <\/strong><\/span><span style=\"font-size: medium;\"><strong>KiS-KiS<\/strong>\u00ae<strong> ya\u015f \u00fcr\u00fcnleri %100 Do\u011fal \u0130\u00e7erikler i\u00e7erir. KiS-KiS<\/strong>\u00ae<strong> ya\u015f \u00fcr\u00fcnlerine herhangi bir yapay renk, tat, koruyucu veya soya eklemiyoruz. En se\u00e7ici kediler bile KiS-KiS\u00ae \u00fcr\u00fcnlerimizdeki etin do\u011fal tad\u0131na ve nefiskokusuna bay\u0131lacakt\u0131r. Siz de sahibi olarak kedinizi mutlu ve sa\u011fl\u0131kl\u0131 tutmak i\u00e7in, protein, do\u011fal ya\u011flar ve ihtiya\u00e7 duyulan ilave vitamin ve minerallerin optimal dengesine sahip oldu\u011funu takdir edeceksiniz.<\/strong><\/span><\/p>\n<p style=\"text-align: justify;\"><span style=\"font-size: medium;\"><strong>\u00dcr\u00fcnlerimizin lezzeti bizim i\u00e7in en b\u00fcy\u00fck de\u011ferdir ve kedi mamas\u0131 s\u00f6z konusu oldu\u011funda daha da \u00f6nemlidir. Herhangi bir kedi sahibinin bilece\u011fi gibi, \u0131rk, boyut veya ya\u015ftan ba\u011f\u0131ms\u0131z olarak kediler, konu mama oldu\u011funda t\u00fcm evcil hayvanlar aras\u0131nda en se\u00e7ici olanlard\u0131r.<br \/>\nKiS-KiS<\/strong>\u00ae<strong> mamalar\u0131, kedinizin et par\u00e7alar\u0131n\u0131 ilk \u0131s\u0131rmas\u0131ndan son lokmas\u0131na kadar sevmesini sa\u011flamak i\u00e7in harika bir tada ve sulu bir dokuya sahip \u00fcr\u00fcnlerdir. <\/strong><\/span><\/p>\n<p style=\"text-align: justify;\"><span style=\"font-size: medium;\"><strong><br \/>\n<\/strong><\/span><span style=\"font-size: medium;\"><strong><b><span lang=\"TR\">\u0130\u00e7indekiler<\/span><\/b>: <\/strong>et ve hayvansal t\u00fcrevler (en az %4 tavuk eti dahil), bitkisel k\u00f6kenli yan \u00fcr\u00fcnler, vitaminler ve mineraller.<\/span><\/p>\n<p>&nbsp;<\/p>\n<p><span style=\"font-size: medium;\"><strong>Besin katkilari:<\/strong> <\/span><\/p>\n<table border=\"0\" width=\"544\" cellspacing=\"1\" cellpadding=\"1\">\n<tbody>\n<tr>\n<td valign=\"top\"><span style=\"font-size: medium;\">A Vitamini<br \/>\nD3 Vitamini<br \/>\nE Vitamini<\/span><\/td>\n<td valign=\"top\"><span style=\"font-size: medium;\">1.875 \u0130\u00dc\/kg<br \/>\n250 \u0130\u00dc\/kg<br \/>\n35 mg\/kg<\/span><\/td>\n<td valign=\"top\"><span style=\"font-size: medium;\">\u00c7inko s\u00fclfat monohidrat<br \/>\nDemir(II) s\u00fclfat monohidrat<br \/>\nBak\u0131r s\u00fclfat pentahidrat<br \/>\nManganez s\u00fclfat monohidrat<br \/>\nSodyum selenit<br \/>\nKalsiyum iyodat, susuz<\/span><\/td>\n<td valign=\"top\"><span style=\"font-size: medium;\">14.0 mg\/kg<br \/>\n10.0 mg\/kg<br \/>\n1.50 mg\/kg<br \/>\n2.50 mg\/kg<br \/>\n0.25 mg\/kg<br \/>\n0.40 mg\/kg<\/span><span style=\"font-size: medium;\"><br \/>\n<\/span><\/td>\n<\/tr>\n<\/tbody>\n<\/table>\n<p><strong><br \/>\n<span style=\"font-size: medium;\">Analitik bile\u015fenleri:<\/span><\/strong><\/p>\n<table border=\"0\" width=\"544\" cellspacing=\"1\" cellpadding=\"1\">\n<tbody>\n<tr>\n<td valign=\"top\">Ham protein<br \/>\nDoymu\u015f ya\u011f<br \/>\nHam k\u00fcl<br \/>\nHam sel\u00fcloz<br \/>\nNem<\/td>\n<td valign=\"top\">%8<br \/>\n%5<br \/>\n%3<br \/>\n%0.4<br \/>\n%80<\/td>\n<td valign=\"top\"><span style=\"font-size: medium;\"><span style=\"color: #f2f3f0;\">\u00a0\u00a0\u00a0\u00a0\u00a0\u00a0\u00a0\u00a0\u00a0\u00a0\u00a0\u00a0\u00a0\u00a0\u00a0\u00a0\u00a0\u00a0\u00a0 Y<\/span><\/span><\/td>\n<td valign=\"top\"><span style=\"font-size: medium;\">\u00a0<\/span><\/td>\n<\/tr>\n<\/tbody>\n<\/table>\n<p style=\"text-align: justify;\"><strong><br \/>\n<\/strong><span style=\"font-size: medium;\"><strong>Besleme rehberi:<\/strong> Ortalama bir yeti\u015fkin kedi (4kg) her g\u00fcn en az iki \u00f6\u011f\u00fcnde \u00be ile 1 aras\u0131 konserveye ihtiya\u00e7 duyar. Kedinizi mutlu etmek i\u00e7in yeti\u015fkin bir kediyi g\u00fcnde en az iki kez istedi\u011fi kadar besleyin. Kediler beslenmelerini d\u00fczenler ve nadiren a\u015f\u0131r\u0131 yemek yerler. Kediniz hamileyse veya emziriyorsa normal miktar\u0131n 4 kat\u0131na kadar ihtiyac\u0131 olabilir. Taze i\u00e7me suyu her zaman mevcut olmal\u0131d\u0131r. <\/span><\/p>\n<p><span style=\"font-size: medium;\"><strong>Saklama ko\u015fullar\u0131:<\/strong> Serin ve kuru bir yerde saklay\u0131n. A\u00e7\u0131ld\u0131ktan sonra kullan\u0131lmayan i\u00e7erikleri kapakl\u0131 bir kapta buzdolab\u0131nda saklay\u0131n ve 48 saat i\u00e7inde kullan\u0131n. Daha lezzetli olaca\u011f\u0131 i\u00e7in oda s\u0131cakl\u0131\u011f\u0131nda servis edilmesi en iyisidir ve daha da \u00e7ok keyif alacaklard\u0131r. <\/span><\/p>\n<p><span style=\"font-size: medium;\"><strong>Net a\u011f\u0131rl\u0131k:<\/strong> 400g<br \/>\n<strong>Kolay a\u00e7\u0131labilir kapak.<\/strong><br \/>\n<strong>En iyi kullan\u0131m \u015fekli:<\/strong> bkz. kutu taban\u0131.<\/span><\/p>\n<p style=\"text-align: justify;\"><span style=\"font-size: medium;\"><em><strong>Prof Pet Corporation&#8217;da evcil hayvanlar bizim i\u00e7in \u00f6nceliklidir. Evcil hayvanlar\u0131n beslenme ihtiya\u00e7lar\u0131n\u0131 kar\u015f\u0131lamak i\u00e7in evcil hayvan mamas\u0131 \u00fcr\u00fcnlerimizin form\u00fcllerini s\u00fcrekli geli\u015ftiriyor ve Veteriner Beslenmesi alan\u0131nda uluslararas\u0131 kabul g\u00f6rm\u00fc\u015f uzmanlarla yak\u0131n i\u015fbirli\u011fi i\u00e7inde \u00e7al\u0131\u015f\u0131yoruz.<br \/>\n\u00dcr\u00fcnlerimiz i\u00e7in s\u00fcrekli olarak en kaliteli \u00fcr\u00fcnleri \u00fcretmek i\u00e7in sadece en iyi do\u011fal, yerel malzemeler tedarik edilmektedir. \u00dcr\u00fcnlerimiz, men\u015feine kadar tam izlenebilirliktedirler. Kat\u0131 kalite y\u00f6netmeliklerine g\u00f6re form\u00fcle edilmi\u015f ve \u00fcretilmi\u015ftir.<\/strong><\/em><\/span><\/p>\n<p>&nbsp;<\/p>\n<p>EAN 8717496484123<\/p>\n<p>&nbsp;<br \/>\n<span style=\"font-size: medium;\"><br \/>\n<\/span><strong><span style=\"font-size: medium;\">Sa\u011fl\u0131kl\u0131 bir kedi, mutlu bir kedidir.<\/span><\/strong><\/p>\n<p>&nbsp;<\/p>\n<p>&nbsp;<\/p>\n","protected":false},"excerpt":{"rendered":"<ul>\n<li><em><strong><span style=\"font-size: large;\"> %100 Do\u011fal Malzemeler<img loading=\"lazy\" decoding=\"async\" class=\"size-full wp-image-5121 alignright\" src=\"https:\/\/www.profpetcorporation.com\/wp-content\/uploads\/2024\/12\/TR-NO-CEREALS.jpg\" alt=\"\" width=\"220\" height=\"1096\" \/> <\/span><\/strong><\/em><\/li>\n<li><em><strong><span style=\"font-size: large;\"> Vitaminlerle Zenginle\u015ftirilmi\u015f<br \/>\n<\/span><\/strong><\/em><\/li>\n<li><em><strong><span style=\"font-size: large;\"> Eklenen Tah\u0131l YOK<\/span><\/strong><\/em><strong><span style=\"font-size: medium;\"><br \/>\n<\/span><\/strong><\/li>\n<li><em><strong><span style=\"font-size: large;\"> Yapay Renklendirici YOK<\/span><\/strong><\/em><\/li>\n<li><em><strong><span style=\"font-size: large;\"> Yapay Tatland\u0131r\u0131c\u0131 YOK <\/span><\/strong><\/em><strong><span style=\"font-size: medium;\"><br \/>\n<\/span><\/strong><\/li>\n<li><strong><em><strong><span style=\"font-size: large;\"> Soya ilavesi YOK <\/span><\/strong><\/em><\/strong><\/li>\n<li><em><strong><span style=\"font-size: large;\"> Eklenen Yumurta ve S\u00fct \u00dcr\u00fcnleri YOK <\/span><\/strong><\/em><\/li>\n<\/ul>\n<p>&nbsp;<\/p>\n<p><span style=\"font-size: large;\">100g ba\u015f\u0131na 93 Kcal<strong><br \/>\n<\/strong><\/span><\/p>\n","protected":false},"featured_media":1874,"comment_status":"open","ping_status":"closed","template":"","meta":{"_acf_changed":false},"product_brand":[],"product_cat":[227,234],"product_tag":[],"class_list":{"0":"post-5296","1":"product","2":"type-product","3":"status-publish","4":"has-post-thumbnail","6":"product_cat-kis-kis-tr","7":"product_cat-tahilsiz-konserve-mama-400g","9":"first","10":"instock","11":"shipping-taxable","12":"product-type-simple"},"acf":[],"yoast_head":"<!-- This site is optimized with the Yoast SEO plugin v27.3 - https:\/\/yoast.com\/product\/yoast-seo-wordpress\/ -->\n<title>KiS-KiS\u00ae Chicken 400g - Prof Pet Corporation<\/title>\n<meta name=\"robots\" content=\"index, follow, max-snippet:-1, max-image-preview:large, max-video-preview:-1\" \/>\n<link rel=\"canonical\" href=\"https:\/\/www.profpetcorporation.com\/tr\/urun\/kis-kis-chicken-400g\/\" \/>\n<meta property=\"og:locale\" content=\"tr_TR\" \/>\n<meta property=\"og:type\" content=\"article\" \/>\n<meta property=\"og:title\" content=\"KiS-KiS\u00ae Chicken 400g - Prof Pet Corporation\" \/>\n<meta property=\"og:description\" content=\"%100 Do\u011fal Malzemeler   Vitaminlerle Zenginle\u015ftirilmi\u015f    Eklenen Tah\u0131l YOK    Yapay Renklendirici YOK   Yapay Tatland\u0131r\u0131c\u0131 YOK    Soya ilavesi YOK   Eklenen Yumurta ve S\u00fct \u00dcr\u00fcnleri YOK   &nbsp;  100g ba\u015f\u0131na 93 Kcal\" \/>\n<meta property=\"og:url\" content=\"https:\/\/www.profpetcorporation.com\/tr\/urun\/kis-kis-chicken-400g\/\" \/>\n<meta property=\"og:site_name\" content=\"Prof Pet Corporation\" \/>\n<meta property=\"article:modified_time\" content=\"2025-04-12T13:36:20+00:00\" \/>\n<meta property=\"og:image\" content=\"https:\/\/www.profpetcorporation.com\/wp-content\/uploads\/2024\/07\/KiS-KiS-400gr-Chicken-scaled.jpg\" \/>\n\t<meta property=\"og:image:width\" content=\"2560\" \/>\n\t<meta property=\"og:image:height\" content=\"2560\" \/>\n\t<meta property=\"og:image:type\" content=\"image\/jpeg\" \/>\n<meta name=\"twitter:card\" content=\"summary_large_image\" \/>\n<meta name=\"twitter:label1\" content=\"Tahmini okuma s\u00fcresi\" \/>\n\t<meta name=\"twitter:data1\" content=\"3 dakika\" \/>\n<script type=\"application\/ld+json\" class=\"yoast-schema-graph\">{\"@context\":\"https:\\\/\\\/schema.org\",\"@graph\":[{\"@type\":\"WebPage\",\"@id\":\"https:\\\/\\\/www.profpetcorporation.com\\\/tr\\\/urun\\\/kis-kis-chicken-400g\\\/\",\"url\":\"https:\\\/\\\/www.profpetcorporation.com\\\/tr\\\/urun\\\/kis-kis-chicken-400g\\\/\",\"name\":\"KiS-KiS\u00ae Chicken 400g - Prof Pet Corporation\",\"isPartOf\":{\"@id\":\"https:\\\/\\\/www.profpetcorporation.com\\\/tr\\\/#website\"},\"primaryImageOfPage\":{\"@id\":\"https:\\\/\\\/www.profpetcorporation.com\\\/tr\\\/urun\\\/kis-kis-chicken-400g\\\/#primaryimage\"},\"image\":{\"@id\":\"https:\\\/\\\/www.profpetcorporation.com\\\/tr\\\/urun\\\/kis-kis-chicken-400g\\\/#primaryimage\"},\"thumbnailUrl\":\"https:\\\/\\\/www.profpetcorporation.com\\\/wp-content\\\/uploads\\\/2024\\\/07\\\/KiS-KiS-400gr-Chicken-scaled.jpg\",\"datePublished\":\"2024-07-09T20:29:26+00:00\",\"dateModified\":\"2025-04-12T13:36:20+00:00\",\"breadcrumb\":{\"@id\":\"https:\\\/\\\/www.profpetcorporation.com\\\/tr\\\/urun\\\/kis-kis-chicken-400g\\\/#breadcrumb\"},\"inLanguage\":\"tr\",\"potentialAction\":[{\"@type\":\"ReadAction\",\"target\":[\"https:\\\/\\\/www.profpetcorporation.com\\\/tr\\\/urun\\\/kis-kis-chicken-400g\\\/\"]}]},{\"@type\":\"ImageObject\",\"inLanguage\":\"tr\",\"@id\":\"https:\\\/\\\/www.profpetcorporation.com\\\/tr\\\/urun\\\/kis-kis-chicken-400g\\\/#primaryimage\",\"url\":\"https:\\\/\\\/www.profpetcorporation.com\\\/wp-content\\\/uploads\\\/2024\\\/07\\\/KiS-KiS-400gr-Chicken-scaled.jpg\",\"contentUrl\":\"https:\\\/\\\/www.profpetcorporation.com\\\/wp-content\\\/uploads\\\/2024\\\/07\\\/KiS-KiS-400gr-Chicken-scaled.jpg\",\"width\":2560,\"height\":2560},{\"@type\":\"BreadcrumbList\",\"@id\":\"https:\\\/\\\/www.profpetcorporation.com\\\/tr\\\/urun\\\/kis-kis-chicken-400g\\\/#breadcrumb\",\"itemListElement\":[{\"@type\":\"ListItem\",\"position\":1,\"name\":\"Home\",\"item\":\"https:\\\/\\\/www.profpetcorporation.com\\\/tr\\\/\"},{\"@type\":\"ListItem\",\"position\":2,\"name\":\"Shop\",\"item\":\"https:\\\/\\\/www.profpetcorporation.com\\\/shop\\\/\"},{\"@type\":\"ListItem\",\"position\":3,\"name\":\"KiS-KiS\u00ae\",\"item\":\"https:\\\/\\\/www.profpetcorporation.com\\\/tr\\\/merken\\\/kis-kis-tr\\\/\"},{\"@type\":\"ListItem\",\"position\":4,\"name\":\"KiS-KiS\u00ae Chicken 400g\"}]},{\"@type\":\"WebSite\",\"@id\":\"https:\\\/\\\/www.profpetcorporation.com\\\/tr\\\/#website\",\"url\":\"https:\\\/\\\/www.profpetcorporation.com\\\/tr\\\/\",\"name\":\"Prof Pet Corporation\",\"description\":\"\",\"potentialAction\":[{\"@type\":\"SearchAction\",\"target\":{\"@type\":\"EntryPoint\",\"urlTemplate\":\"https:\\\/\\\/www.profpetcorporation.com\\\/tr\\\/?s={search_term_string}\"},\"query-input\":{\"@type\":\"PropertyValueSpecification\",\"valueRequired\":true,\"valueName\":\"search_term_string\"}}],\"inLanguage\":\"tr\"}]}<\/script>\n<!-- \/ Yoast SEO plugin. -->","yoast_head_json":{"title":"KiS-KiS\u00ae Chicken 400g - Prof Pet Corporation","robots":{"index":"index","follow":"follow","max-snippet":"max-snippet:-1","max-image-preview":"max-image-preview:large","max-video-preview":"max-video-preview:-1"},"canonical":"https:\/\/www.profpetcorporation.com\/tr\/urun\/kis-kis-chicken-400g\/","og_locale":"tr_TR","og_type":"article","og_title":"KiS-KiS\u00ae Chicken 400g - Prof Pet Corporation","og_description":"%100 Do\u011fal Malzemeler   Vitaminlerle Zenginle\u015ftirilmi\u015f    Eklenen Tah\u0131l YOK    Yapay Renklendirici YOK   Yapay Tatland\u0131r\u0131c\u0131 YOK    Soya ilavesi YOK   Eklenen Yumurta ve S\u00fct \u00dcr\u00fcnleri YOK   &nbsp;  100g ba\u015f\u0131na 93 Kcal","og_url":"https:\/\/www.profpetcorporation.com\/tr\/urun\/kis-kis-chicken-400g\/","og_site_name":"Prof Pet Corporation","article_modified_time":"2025-04-12T13:36:20+00:00","og_image":[{"width":2560,"height":2560,"url":"https:\/\/www.profpetcorporation.com\/wp-content\/uploads\/2024\/07\/KiS-KiS-400gr-Chicken-scaled.jpg","type":"image\/jpeg"}],"twitter_card":"summary_large_image","twitter_misc":{"Tahmini okuma s\u00fcresi":"3 dakika"},"schema":{"@context":"https:\/\/schema.org","@graph":[{"@type":"WebPage","@id":"https:\/\/www.profpetcorporation.com\/tr\/urun\/kis-kis-chicken-400g\/","url":"https:\/\/www.profpetcorporation.com\/tr\/urun\/kis-kis-chicken-400g\/","name":"KiS-KiS\u00ae Chicken 400g - Prof Pet Corporation","isPartOf":{"@id":"https:\/\/www.profpetcorporation.com\/tr\/#website"},"primaryImageOfPage":{"@id":"https:\/\/www.profpetcorporation.com\/tr\/urun\/kis-kis-chicken-400g\/#primaryimage"},"image":{"@id":"https:\/\/www.profpetcorporation.com\/tr\/urun\/kis-kis-chicken-400g\/#primaryimage"},"thumbnailUrl":"https:\/\/www.profpetcorporation.com\/wp-content\/uploads\/2024\/07\/KiS-KiS-400gr-Chicken-scaled.jpg","datePublished":"2024-07-09T20:29:26+00:00","dateModified":"2025-04-12T13:36:20+00:00","breadcrumb":{"@id":"https:\/\/www.profpetcorporation.com\/tr\/urun\/kis-kis-chicken-400g\/#breadcrumb"},"inLanguage":"tr","potentialAction":[{"@type":"ReadAction","target":["https:\/\/www.profpetcorporation.com\/tr\/urun\/kis-kis-chicken-400g\/"]}]},{"@type":"ImageObject","inLanguage":"tr","@id":"https:\/\/www.profpetcorporation.com\/tr\/urun\/kis-kis-chicken-400g\/#primaryimage","url":"https:\/\/www.profpetcorporation.com\/wp-content\/uploads\/2024\/07\/KiS-KiS-400gr-Chicken-scaled.jpg","contentUrl":"https:\/\/www.profpetcorporation.com\/wp-content\/uploads\/2024\/07\/KiS-KiS-400gr-Chicken-scaled.jpg","width":2560,"height":2560},{"@type":"BreadcrumbList","@id":"https:\/\/www.profpetcorporation.com\/tr\/urun\/kis-kis-chicken-400g\/#breadcrumb","itemListElement":[{"@type":"ListItem","position":1,"name":"Home","item":"https:\/\/www.profpetcorporation.com\/tr\/"},{"@type":"ListItem","position":2,"name":"Shop","item":"https:\/\/www.profpetcorporation.com\/shop\/"},{"@type":"ListItem","position":3,"name":"KiS-KiS\u00ae","item":"https:\/\/www.profpetcorporation.com\/tr\/merken\/kis-kis-tr\/"},{"@type":"ListItem","position":4,"name":"KiS-KiS\u00ae Chicken 400g"}]},{"@type":"WebSite","@id":"https:\/\/www.profpetcorporation.com\/tr\/#website","url":"https:\/\/www.profpetcorporation.com\/tr\/","name":"Prof Pet Corporation","description":"","potentialAction":[{"@type":"SearchAction","target":{"@type":"EntryPoint","urlTemplate":"https:\/\/www.profpetcorporation.com\/tr\/?s={search_term_string}"},"query-input":{"@type":"PropertyValueSpecification","valueRequired":true,"valueName":"search_term_string"}}],"inLanguage":"tr"}]}},"_links":{"self":[{"href":"https:\/\/www.profpetcorporation.com\/tr\/wp-json\/wp\/v2\/product\/5296","targetHints":{"allow":["GET"]}}],"collection":[{"href":"https:\/\/www.profpetcorporation.com\/tr\/wp-json\/wp\/v2\/product"}],"about":[{"href":"https:\/\/www.profpetcorporation.com\/tr\/wp-json\/wp\/v2\/types\/product"}],"replies":[{"embeddable":true,"href":"https:\/\/www.profpetcorporation.com\/tr\/wp-json\/wp\/v2\/comments?post=5296"}],"wp:featuredmedia":[{"embeddable":true,"href":"https:\/\/www.profpetcorporation.com\/tr\/wp-json\/wp\/v2\/media\/1874"}],"wp:attachment":[{"href":"https:\/\/www.profpetcorporation.com\/tr\/wp-json\/wp\/v2\/media?parent=5296"}],"wp:term":[{"taxonomy":"product_brand","embeddable":true,"href":"https:\/\/www.profpetcorporation.com\/tr\/wp-json\/wp\/v2\/product_brand?post=5296"},{"taxonomy":"product_cat","embeddable":true,"href":"https:\/\/www.profpetcorporation.com\/tr\/wp-json\/wp\/v2\/product_cat?post=5296"},{"taxonomy":"product_tag","embeddable":true,"href":"https:\/\/www.profpetcorporation.com\/tr\/wp-json\/wp\/v2\/product_tag?post=5296"}],"curies":[{"name":"wp","href":"https:\/\/api.w.org\/{rel}","templated":true}]}}