{"id":5252,"date":"2024-07-09T19:14:17","date_gmt":"2024-07-09T19:14:17","guid":{"rendered":"https:\/\/www.profpetcorporation.com\/?post_type=product&#038;p=5252"},"modified":"2024-12-14T08:08:42","modified_gmt":"2024-12-14T08:08:42","slug":"kennels-favourite-yeast-calcium-135g","status":"publish","type":"product","link":"https:\/\/www.profpetcorporation.com\/tr\/urun\/kennels-favourite-yeast-calcium-135g\/","title":{"rendered":"Kennels` Favourite\u00ae Yeast &#038; Calcium 135g"},"content":{"rendered":"<ul>\n<li><span style=\"font-size: large;\"><strong>%100 DO\u011eAL Malzemeler<br \/>\n<\/strong><\/span><\/li>\n<li><span style=\"font-size: large;\"><strong>Di\u015f ve kemik sa\u011fl\u0131\u011f\u0131na bak\u0131m yapar<br \/>\n<\/strong><\/span><\/li>\n<li><span style=\"font-size: large;\"><strong>Organlarda metabolik s\u00fcre\u00e7leri ilerletir<br \/>\n<\/strong><\/span><\/li>\n<li><span style=\"font-size: large;\"><strong>Salg\u0131 bezlerinin ve mide fonksiyonlar\u0131n\u0131 d\u00fczenler<\/strong><\/span><\/li>\n<\/ul>\n<p><span style=\"font-size: medium;\"><strong><br \/>\nIngredients:<\/strong> Whey Powder, Rice Groats, Grape Syrup, Dehydrated Fish, Yeast 0.96%, kalsiyum (Ca) 0.48%. <strong>Besin katkilari\/kg:<\/strong> B1 Vitamini %0.04, B2 Vitamini %0.05, B3 Vitamini %0.029, B6 Vitamini %0.03, B12 Vitamin %0.35, A Vitamini A 8.086 \u0130\u00dc\/kg, D3 Vitamini 964 \u0130\u00dc\/kg, E Vitamini 6mg, kolin 240mg; <strong>Eser elementler:<\/strong> Demir (Fe) (3b103) 252mg, \u00c7inko (Zn) (3b605) 177mg, Magnezyum (Mg) (3b503) 180mg, Bak\u0131r (Cu) (3b405) 20mg. <strong>Analitik bile\u015fenleri:<\/strong> ham protein %12.3, ham ya\u011f %3.1, ham k\u00fcl %6.6%, ham sel\u00fcloz %0.42, kalsiyum (Ca) %0.15%, lisin %3.23.<br \/>\n<strong>G\u00fcnl\u00fck t\u00fcketim:<\/strong> en az 2-3 tablet, her biri 5kg a\u011f\u0131rl\u0131\u011fa, d\u00fczenli olarak. A\u011f\u0131zdan kullan\u0131m\u0131yla herhangi bir yan etkisi yoktur. \u00dcretim ve paketleme Hollanda\u2019da yap\u0131lm\u0131\u015ft\u0131r.<br \/>\nSerin ve kuru yerde depolar\u0131z. <b>Son kullanma tarihi: <\/b>pakete bak\u0131n\u0131z.<br \/>\n<strong>Net a\u011f\u0131rl\u0131k:<\/strong> 150g. <strong>\u0130\u00e7erik:<\/strong> \u00b190 tablet<br \/>\n<\/span><\/p>\n<p><span style=\"font-size: medium;\"><u>operasyonel bile\u015fen:<\/u><\/span><\/p>\n<p><span style=\"font-size: larger;\"><strong><br \/>\nKALS\u0130YUM<\/strong><\/span><br \/>\n<em>Bilimsel ad\u0131: Kalsiyum (Ca)<\/em><\/p>\n<p style=\"text-align: justify;\"><span style=\"font-size: medium;\">Kalsiyum organizmadaki en do\u011fal mineraldir. Kalsiyumun yakla\u015f\u0131k %99&#8217;u kemik ve di\u015flerde kalsiyum fosfat olarak bulunur. Kalsiyum kemik ve di\u015flerin en \u00f6nemli yap\u0131 ta\u015f\u0131d\u0131r ve sinir sisteminin uyar\u0131lmas\u0131na yard\u0131m eder, kaslar\u0131n kas\u0131lmas\u0131 ve kan\u0131n p\u0131ht\u0131la\u015fmas\u0131nda, s\u0131v\u0131 h\u00fccre b\u00f6l\u00fcmleriyle beraber h\u00fccre \u00e7eperi ve \u00e7ekirde\u011finin yap\u0131m\u0131n\u0131n bir b\u00f6l\u00fcm\u00fcnde, anti alerjik ve anti inflamatuar etkileriyle beraber asit zehirlenmesini ve baz\u0131 mayalar\u0131 ve hormonlar\u0131 engellemede etkilidir. Kalsiyum sodyumdan farkl\u0131 olarak h\u00fccre \u00e7eperlerinden ge\u00e7ebilir.<br \/>\nEk olarak, kalsiyumun strese kar\u015f\u0131 etkileri vard\u0131r; tuzun a\u011f\u0131r metallerin ve radyon\u00fcklidlerin organizmadan at\u0131m\u0131nda yard\u0131mc\u0131 olur. Anti alerjik etkileri vard\u0131r, probiyotik ve antioksidan i\u015flevlerde rol oynar.<br \/>\nKalsiyum esas olarak kemik ve di\u015fleri \u015fekillendirir, h\u00fccrelerin normal \u00e7al\u0131\u015fmas\u0131n\u0131 sa\u011flar, sinir sistemi ve kas kas\u0131lmalar\u0131nda bununla beraber kan\u0131n p\u0131ht\u0131la\u015fmas\u0131nda ve ba\u011f\u0131\u015f\u0131kl\u0131k sisteminde etkileri vard\u0131r.<\/span><\/p>\n<p>&nbsp;<\/p>\n<p>&nbsp;<\/p>\n","protected":false},"excerpt":{"rendered":"<p>%100 DO\u011eAL Malzemeler Di\u015f ve kemik sa\u011fl\u0131\u011f\u0131na bak\u0131m yapar Organlarda metabolik s\u00fcre\u00e7leri ilerletir Salg\u0131 bezlerinin ve mide fonksiyonlar\u0131n\u0131 d\u00fczenler Ingredients: Whey Powder, Rice Groats, Grape Syrup, Dehydrated Fish, Yeast 0.96%, kalsiyum (Ca) 0.48%. Besin katkilari\/kg: B1 Vitamini %0.04, B2 Vitamini %0.05, B3 Vitamini %0.029, B6 Vitamini %0.03, B12 Vitamin %0.35, A Vitamini A 8.086 \u0130\u00dc\/kg, [&hellip;]<\/p>\n","protected":false},"featured_media":1499,"comment_status":"open","ping_status":"closed","template":"","meta":{"_acf_changed":false},"product_brand":[],"product_cat":[226,219],"product_tag":[],"class_list":{"0":"post-5252","1":"product","2":"type-product","3":"status-publish","4":"has-post-thumbnail","6":"product_cat-kennels-favourite-tr","7":"product_cat-kopekler-icin-peynir-alti-suyu-pastilleri","9":"first","10":"instock","11":"shipping-taxable","12":"product-type-simple"},"acf":[],"yoast_head":"<!-- This site is optimized with the Yoast SEO plugin v27.3 - https:\/\/yoast.com\/product\/yoast-seo-wordpress\/ -->\n<title>Kennels` Favourite\u00ae Yeast &amp; Calcium 135g - Prof Pet Corporation<\/title>\n<meta name=\"robots\" content=\"index, follow, max-snippet:-1, max-image-preview:large, max-video-preview:-1\" \/>\n<link rel=\"canonical\" href=\"https:\/\/www.profpetcorporation.com\/tr\/urun\/kennels-favourite-yeast-calcium-135g\/\" \/>\n<meta property=\"og:locale\" content=\"tr_TR\" \/>\n<meta property=\"og:type\" content=\"article\" \/>\n<meta property=\"og:title\" content=\"Kennels` Favourite\u00ae Yeast &amp; Calcium 135g - Prof Pet Corporation\" \/>\n<meta property=\"og:description\" content=\"%100 DO\u011eAL Malzemeler Di\u015f ve kemik sa\u011fl\u0131\u011f\u0131na bak\u0131m yapar Organlarda metabolik s\u00fcre\u00e7leri ilerletir Salg\u0131 bezlerinin ve mide fonksiyonlar\u0131n\u0131 d\u00fczenler Ingredients: Whey Powder, Rice Groats, Grape Syrup, Dehydrated Fish, Yeast 0.96%, kalsiyum (Ca) 0.48%. Besin katkilari\/kg: B1 Vitamini %0.04, B2 Vitamini %0.05, B3 Vitamini %0.029, B6 Vitamini %0.03, B12 Vitamin %0.35, A Vitamini A 8.086 \u0130\u00dc\/kg, [&hellip;]\" \/>\n<meta property=\"og:url\" content=\"https:\/\/www.profpetcorporation.com\/tr\/urun\/kennels-favourite-yeast-calcium-135g\/\" \/>\n<meta property=\"og:site_name\" content=\"Prof Pet Corporation\" \/>\n<meta property=\"article:modified_time\" content=\"2024-12-14T08:08:42+00:00\" \/>\n<meta property=\"og:image\" content=\"https:\/\/www.profpetcorporation.com\/wp-content\/uploads\/2024\/06\/Kennels-Favourite-135gr-Yeast-Calcium-scaled.jpg\" \/>\n\t<meta property=\"og:image:width\" content=\"2560\" \/>\n\t<meta property=\"og:image:height\" content=\"2555\" \/>\n\t<meta property=\"og:image:type\" content=\"image\/jpeg\" \/>\n<meta name=\"twitter:card\" content=\"summary_large_image\" \/>\n<meta name=\"twitter:label1\" content=\"Tahmini okuma s\u00fcresi\" \/>\n\t<meta name=\"twitter:data1\" content=\"2 dakika\" \/>\n<script type=\"application\/ld+json\" class=\"yoast-schema-graph\">{\"@context\":\"https:\\\/\\\/schema.org\",\"@graph\":[{\"@type\":\"WebPage\",\"@id\":\"https:\\\/\\\/www.profpetcorporation.com\\\/tr\\\/urun\\\/kennels-favourite-yeast-calcium-135g\\\/\",\"url\":\"https:\\\/\\\/www.profpetcorporation.com\\\/tr\\\/urun\\\/kennels-favourite-yeast-calcium-135g\\\/\",\"name\":\"Kennels` Favourite\u00ae Yeast & Calcium 135g - Prof Pet Corporation\",\"isPartOf\":{\"@id\":\"https:\\\/\\\/www.profpetcorporation.com\\\/tr\\\/#website\"},\"primaryImageOfPage\":{\"@id\":\"https:\\\/\\\/www.profpetcorporation.com\\\/tr\\\/urun\\\/kennels-favourite-yeast-calcium-135g\\\/#primaryimage\"},\"image\":{\"@id\":\"https:\\\/\\\/www.profpetcorporation.com\\\/tr\\\/urun\\\/kennels-favourite-yeast-calcium-135g\\\/#primaryimage\"},\"thumbnailUrl\":\"https:\\\/\\\/www.profpetcorporation.com\\\/wp-content\\\/uploads\\\/2024\\\/06\\\/Kennels-Favourite-135gr-Yeast-Calcium-scaled.jpg\",\"datePublished\":\"2024-07-09T19:14:17+00:00\",\"dateModified\":\"2024-12-14T08:08:42+00:00\",\"breadcrumb\":{\"@id\":\"https:\\\/\\\/www.profpetcorporation.com\\\/tr\\\/urun\\\/kennels-favourite-yeast-calcium-135g\\\/#breadcrumb\"},\"inLanguage\":\"tr\",\"potentialAction\":[{\"@type\":\"ReadAction\",\"target\":[\"https:\\\/\\\/www.profpetcorporation.com\\\/tr\\\/urun\\\/kennels-favourite-yeast-calcium-135g\\\/\"]}]},{\"@type\":\"ImageObject\",\"inLanguage\":\"tr\",\"@id\":\"https:\\\/\\\/www.profpetcorporation.com\\\/tr\\\/urun\\\/kennels-favourite-yeast-calcium-135g\\\/#primaryimage\",\"url\":\"https:\\\/\\\/www.profpetcorporation.com\\\/wp-content\\\/uploads\\\/2024\\\/06\\\/Kennels-Favourite-135gr-Yeast-Calcium-scaled.jpg\",\"contentUrl\":\"https:\\\/\\\/www.profpetcorporation.com\\\/wp-content\\\/uploads\\\/2024\\\/06\\\/Kennels-Favourite-135gr-Yeast-Calcium-scaled.jpg\",\"width\":2560,\"height\":2555},{\"@type\":\"BreadcrumbList\",\"@id\":\"https:\\\/\\\/www.profpetcorporation.com\\\/tr\\\/urun\\\/kennels-favourite-yeast-calcium-135g\\\/#breadcrumb\",\"itemListElement\":[{\"@type\":\"ListItem\",\"position\":1,\"name\":\"Home\",\"item\":\"https:\\\/\\\/www.profpetcorporation.com\\\/tr\\\/\"},{\"@type\":\"ListItem\",\"position\":2,\"name\":\"Shop\",\"item\":\"https:\\\/\\\/www.profpetcorporation.com\\\/shop\\\/\"},{\"@type\":\"ListItem\",\"position\":3,\"name\":\"Kennels' Favourite\u00ae\",\"item\":\"https:\\\/\\\/www.profpetcorporation.com\\\/tr\\\/merken\\\/kennels-favourite-tr\\\/\"},{\"@type\":\"ListItem\",\"position\":4,\"name\":\"Kennels` Favourite\u00ae Yeast &#038; Calcium 135g\"}]},{\"@type\":\"WebSite\",\"@id\":\"https:\\\/\\\/www.profpetcorporation.com\\\/tr\\\/#website\",\"url\":\"https:\\\/\\\/www.profpetcorporation.com\\\/tr\\\/\",\"name\":\"Prof Pet Corporation\",\"description\":\"\",\"potentialAction\":[{\"@type\":\"SearchAction\",\"target\":{\"@type\":\"EntryPoint\",\"urlTemplate\":\"https:\\\/\\\/www.profpetcorporation.com\\\/tr\\\/?s={search_term_string}\"},\"query-input\":{\"@type\":\"PropertyValueSpecification\",\"valueRequired\":true,\"valueName\":\"search_term_string\"}}],\"inLanguage\":\"tr\"}]}<\/script>\n<!-- \/ Yoast SEO plugin. -->","yoast_head_json":{"title":"Kennels` Favourite\u00ae Yeast & Calcium 135g - Prof Pet Corporation","robots":{"index":"index","follow":"follow","max-snippet":"max-snippet:-1","max-image-preview":"max-image-preview:large","max-video-preview":"max-video-preview:-1"},"canonical":"https:\/\/www.profpetcorporation.com\/tr\/urun\/kennels-favourite-yeast-calcium-135g\/","og_locale":"tr_TR","og_type":"article","og_title":"Kennels` Favourite\u00ae Yeast & Calcium 135g - Prof Pet Corporation","og_description":"%100 DO\u011eAL Malzemeler Di\u015f ve kemik sa\u011fl\u0131\u011f\u0131na bak\u0131m yapar Organlarda metabolik s\u00fcre\u00e7leri ilerletir Salg\u0131 bezlerinin ve mide fonksiyonlar\u0131n\u0131 d\u00fczenler Ingredients: Whey Powder, Rice Groats, Grape Syrup, Dehydrated Fish, Yeast 0.96%, kalsiyum (Ca) 0.48%. Besin katkilari\/kg: B1 Vitamini %0.04, B2 Vitamini %0.05, B3 Vitamini %0.029, B6 Vitamini %0.03, B12 Vitamin %0.35, A Vitamini A 8.086 \u0130\u00dc\/kg, [&hellip;]","og_url":"https:\/\/www.profpetcorporation.com\/tr\/urun\/kennels-favourite-yeast-calcium-135g\/","og_site_name":"Prof Pet Corporation","article_modified_time":"2024-12-14T08:08:42+00:00","og_image":[{"width":2560,"height":2555,"url":"https:\/\/www.profpetcorporation.com\/wp-content\/uploads\/2024\/06\/Kennels-Favourite-135gr-Yeast-Calcium-scaled.jpg","type":"image\/jpeg"}],"twitter_card":"summary_large_image","twitter_misc":{"Tahmini okuma s\u00fcresi":"2 dakika"},"schema":{"@context":"https:\/\/schema.org","@graph":[{"@type":"WebPage","@id":"https:\/\/www.profpetcorporation.com\/tr\/urun\/kennels-favourite-yeast-calcium-135g\/","url":"https:\/\/www.profpetcorporation.com\/tr\/urun\/kennels-favourite-yeast-calcium-135g\/","name":"Kennels` Favourite\u00ae Yeast & Calcium 135g - Prof Pet Corporation","isPartOf":{"@id":"https:\/\/www.profpetcorporation.com\/tr\/#website"},"primaryImageOfPage":{"@id":"https:\/\/www.profpetcorporation.com\/tr\/urun\/kennels-favourite-yeast-calcium-135g\/#primaryimage"},"image":{"@id":"https:\/\/www.profpetcorporation.com\/tr\/urun\/kennels-favourite-yeast-calcium-135g\/#primaryimage"},"thumbnailUrl":"https:\/\/www.profpetcorporation.com\/wp-content\/uploads\/2024\/06\/Kennels-Favourite-135gr-Yeast-Calcium-scaled.jpg","datePublished":"2024-07-09T19:14:17+00:00","dateModified":"2024-12-14T08:08:42+00:00","breadcrumb":{"@id":"https:\/\/www.profpetcorporation.com\/tr\/urun\/kennels-favourite-yeast-calcium-135g\/#breadcrumb"},"inLanguage":"tr","potentialAction":[{"@type":"ReadAction","target":["https:\/\/www.profpetcorporation.com\/tr\/urun\/kennels-favourite-yeast-calcium-135g\/"]}]},{"@type":"ImageObject","inLanguage":"tr","@id":"https:\/\/www.profpetcorporation.com\/tr\/urun\/kennels-favourite-yeast-calcium-135g\/#primaryimage","url":"https:\/\/www.profpetcorporation.com\/wp-content\/uploads\/2024\/06\/Kennels-Favourite-135gr-Yeast-Calcium-scaled.jpg","contentUrl":"https:\/\/www.profpetcorporation.com\/wp-content\/uploads\/2024\/06\/Kennels-Favourite-135gr-Yeast-Calcium-scaled.jpg","width":2560,"height":2555},{"@type":"BreadcrumbList","@id":"https:\/\/www.profpetcorporation.com\/tr\/urun\/kennels-favourite-yeast-calcium-135g\/#breadcrumb","itemListElement":[{"@type":"ListItem","position":1,"name":"Home","item":"https:\/\/www.profpetcorporation.com\/tr\/"},{"@type":"ListItem","position":2,"name":"Shop","item":"https:\/\/www.profpetcorporation.com\/shop\/"},{"@type":"ListItem","position":3,"name":"Kennels' Favourite\u00ae","item":"https:\/\/www.profpetcorporation.com\/tr\/merken\/kennels-favourite-tr\/"},{"@type":"ListItem","position":4,"name":"Kennels` Favourite\u00ae Yeast &#038; Calcium 135g"}]},{"@type":"WebSite","@id":"https:\/\/www.profpetcorporation.com\/tr\/#website","url":"https:\/\/www.profpetcorporation.com\/tr\/","name":"Prof Pet Corporation","description":"","potentialAction":[{"@type":"SearchAction","target":{"@type":"EntryPoint","urlTemplate":"https:\/\/www.profpetcorporation.com\/tr\/?s={search_term_string}"},"query-input":{"@type":"PropertyValueSpecification","valueRequired":true,"valueName":"search_term_string"}}],"inLanguage":"tr"}]}},"_links":{"self":[{"href":"https:\/\/www.profpetcorporation.com\/tr\/wp-json\/wp\/v2\/product\/5252","targetHints":{"allow":["GET"]}}],"collection":[{"href":"https:\/\/www.profpetcorporation.com\/tr\/wp-json\/wp\/v2\/product"}],"about":[{"href":"https:\/\/www.profpetcorporation.com\/tr\/wp-json\/wp\/v2\/types\/product"}],"replies":[{"embeddable":true,"href":"https:\/\/www.profpetcorporation.com\/tr\/wp-json\/wp\/v2\/comments?post=5252"}],"wp:featuredmedia":[{"embeddable":true,"href":"https:\/\/www.profpetcorporation.com\/tr\/wp-json\/wp\/v2\/media\/1499"}],"wp:attachment":[{"href":"https:\/\/www.profpetcorporation.com\/tr\/wp-json\/wp\/v2\/media?parent=5252"}],"wp:term":[{"taxonomy":"product_brand","embeddable":true,"href":"https:\/\/www.profpetcorporation.com\/tr\/wp-json\/wp\/v2\/product_brand?post=5252"},{"taxonomy":"product_cat","embeddable":true,"href":"https:\/\/www.profpetcorporation.com\/tr\/wp-json\/wp\/v2\/product_cat?post=5252"},{"taxonomy":"product_tag","embeddable":true,"href":"https:\/\/www.profpetcorporation.com\/tr\/wp-json\/wp\/v2\/product_tag?post=5252"}],"curies":[{"name":"wp","href":"https:\/\/api.w.org\/{rel}","templated":true}]}}