{"id":5242,"date":"2024-07-09T19:19:31","date_gmt":"2024-07-09T19:19:31","guid":{"rendered":"https:\/\/www.profpetcorporation.com\/?post_type=product&#038;p=5242"},"modified":"2024-12-14T07:46:25","modified_gmt":"2024-12-14T07:46:25","slug":"kennels-favourite-biotin-135g","status":"publish","type":"product","link":"https:\/\/www.profpetcorporation.com\/tr\/urun\/kennels-favourite-biotin-135g\/","title":{"rendered":"Kennels` Favourite\u00ae Biotin 135g"},"content":{"rendered":"<ul>\n<li><span style=\"font-size: large;\"><strong>%100 DO\u011eAL Malzemeler<br \/>\n<\/strong><\/span><\/li>\n<li><span style=\"font-size: large;\"><strong>T\u00fcy uzamas\u0131n\u0131 harekete ge\u00e7irir ve cildi sa\u011fl\u0131kl\u0131 tutar<br \/>\n<\/strong><\/span><\/li>\n<li><span style=\"font-size: large;\"><strong>Anti seboreik etkisi vard\u0131r<br \/>\n<\/strong><\/span><\/li>\n<li><span style=\"font-size: large;\"><strong>OMEGA 6:3 ya\u011f asitlerinin metabolizmas\u0131nda \u00f6nemli rol oynar<br \/>\n<\/strong><\/span><\/li>\n<li><span style=\"font-size: large;\"><strong>Kan \u015fekeri seviyesini dengele<\/strong><\/span><\/li>\n<\/ul>\n<p><span style=\"font-size: medium;\"><strong><br \/>\n<\/strong><strong>\u0130\u00e7indekiler:<\/strong> peynir alt\u0131 suyu tozu, pirin\u00e7 irmi\u011fi, \u00fcz\u00fcm \u015fekeri, ye\u015fil deniz yosunu, havu\u00e7, saf biotin (H Vitamini) 3.10g\/kg.<br \/>\n<strong>Besin katkilari: <\/strong>A Vitamini 2,303 \u0130\u00dc\/kg, B-kompleks Vitamini 56mg\/kg, E Vitamini 461mg\/kg. <strong>Eser elementler:<\/strong> Demir (Fe) (3b103) 259mg, \u00c7inko (Zn) (3b605) 181mg, Magnezyum (Mg) (3b503) 143mg, Bak\u0131r (Cu) (3b405) 20mg, Selenyum (Se) (3b801) 0.65m. <strong>Analitik bile\u015fenleri:<\/strong> ham protein %10, ham ya\u011f %6.4, ham k\u00fcl %2.7, jambon lifi %3.4, nem %6.8.<br \/>\n<strong>G\u00fcnl\u00fck t\u00fcketim:<\/strong> en az 2-3 tablet, her biri 10kg a\u011f\u0131rl\u0131\u011fa, d\u00fczenli olarak.<br \/>\nA\u011f\u0131zdan kullan\u0131m\u0131yla herhangi bir yan etkisi yoktur. \u00dcretim ve paketleme Hollanda\u2019da yap\u0131lm\u0131\u015ft\u0131r. Serin ve kuru yerde depolar\u0131z. <strong>Son kullanma tarihi:<\/strong> pakete bak\u0131n\u0131z.<br \/>\n<strong>Net a\u011f\u0131rl\u0131k:<\/strong> 150g. <strong>\u0130\u00e7erik:<\/strong> \u00b190 tablet<br \/>\n<\/span><\/p>\n<p><span style=\"font-size: medium;\"><u>operasyonel bile\u015fen:<\/u><\/span><\/p>\n<p><span style=\"font-size: larger;\"><strong><br \/>\nBIYOT\u0130N \u2013 G\u00fczellik vitamini<br \/>\n<\/strong><em><strong>Alternatif ad\u0131: <\/strong><br \/>\n<\/em>Koenzim R veya H vitamini<\/span><\/p>\n<p style=\"text-align: justify;\"><span style=\"font-size: medium;\">Biyotin suda \u00e7\u00f6z\u00fcn\u00fcr ve B grubunda yeni say\u0131l\u0131r. Biyotin g\u00fczellik vitaminidir: sa\u00e7 ve cilt vitaminidir. Buna ek olarak biyotin, ba\u011f\u0131rsak floras\u0131n\u0131 optimize eder ve kan \u015fekeri seviyesini dengeler. Biyotindeki s\u00fclf\u00fcr, cildi ve t\u00fcyleri yumu\u015fak, esnek ve pen\u00e7eleri g\u00fc\u00e7l\u00fc yapar.<br \/>\nBiyotin, keratin \u00fcretiminde \u00f6nemli bir rol oynar. Ba\u015fka bir deyi\u015fle, keratin pen\u00e7elerin ve k\u00fcrk\u00fcn yap\u0131s\u0131n\u0131 iyile\u015ftirir. Biyotin, askorbik asit ve ya\u011f, protein normal metabolizmas\u0131 i\u00e7in gereklidir.<\/span><\/p>\n<p>&nbsp;<\/p>\n<p>&nbsp;<\/p>\n","protected":false},"excerpt":{"rendered":"<p>%100 DO\u011eAL Malzemeler T\u00fcy uzamas\u0131n\u0131 harekete ge\u00e7irir ve cildi sa\u011fl\u0131kl\u0131 tutar Anti seboreik etkisi vard\u0131r OMEGA 6:3 ya\u011f asitlerinin metabolizmas\u0131nda \u00f6nemli rol oynar Kan \u015fekeri seviyesini dengele \u0130\u00e7indekiler: peynir alt\u0131 suyu tozu, pirin\u00e7 irmi\u011fi, \u00fcz\u00fcm \u015fekeri, ye\u015fil deniz yosunu, havu\u00e7, saf biotin (H Vitamini) 3.10g\/kg. Besin katkilari: A Vitamini 2,303 \u0130\u00dc\/kg, B-kompleks Vitamini 56mg\/kg, E [&hellip;]<\/p>\n","protected":false},"featured_media":1434,"comment_status":"open","ping_status":"closed","template":"","meta":{"_acf_changed":false},"product_brand":[],"product_cat":[226,219],"product_tag":[],"class_list":{"0":"post-5242","1":"product","2":"type-product","3":"status-publish","4":"has-post-thumbnail","6":"product_cat-kennels-favourite-tr","7":"product_cat-kopekler-icin-peynir-alti-suyu-pastilleri","9":"first","10":"instock","11":"shipping-taxable","12":"product-type-simple"},"acf":[],"yoast_head":"<!-- This site is optimized with the Yoast SEO plugin v27.3 - https:\/\/yoast.com\/product\/yoast-seo-wordpress\/ -->\n<title>Kennels` Favourite\u00ae Biotin 135g - Prof Pet Corporation<\/title>\n<meta name=\"robots\" content=\"index, follow, max-snippet:-1, max-image-preview:large, max-video-preview:-1\" \/>\n<link rel=\"canonical\" href=\"https:\/\/www.profpetcorporation.com\/tr\/urun\/kennels-favourite-biotin-135g\/\" \/>\n<meta property=\"og:locale\" content=\"tr_TR\" \/>\n<meta property=\"og:type\" content=\"article\" \/>\n<meta property=\"og:title\" content=\"Kennels` Favourite\u00ae Biotin 135g - Prof Pet Corporation\" \/>\n<meta property=\"og:description\" content=\"%100 DO\u011eAL Malzemeler T\u00fcy uzamas\u0131n\u0131 harekete ge\u00e7irir ve cildi sa\u011fl\u0131kl\u0131 tutar Anti seboreik etkisi vard\u0131r OMEGA 6:3 ya\u011f asitlerinin metabolizmas\u0131nda \u00f6nemli rol oynar Kan \u015fekeri seviyesini dengele \u0130\u00e7indekiler: peynir alt\u0131 suyu tozu, pirin\u00e7 irmi\u011fi, \u00fcz\u00fcm \u015fekeri, ye\u015fil deniz yosunu, havu\u00e7, saf biotin (H Vitamini) 3.10g\/kg. Besin katkilari: A Vitamini 2,303 \u0130\u00dc\/kg, B-kompleks Vitamini 56mg\/kg, E [&hellip;]\" \/>\n<meta property=\"og:url\" content=\"https:\/\/www.profpetcorporation.com\/tr\/urun\/kennels-favourite-biotin-135g\/\" \/>\n<meta property=\"og:site_name\" content=\"Prof Pet Corporation\" \/>\n<meta property=\"article:modified_time\" content=\"2024-12-14T07:46:25+00:00\" \/>\n<meta property=\"og:image\" content=\"https:\/\/www.profpetcorporation.com\/wp-content\/uploads\/2024\/06\/Kennels-Favourite-135gr-Biotin-scaled.jpg\" \/>\n\t<meta property=\"og:image:width\" content=\"2560\" \/>\n\t<meta property=\"og:image:height\" content=\"2555\" \/>\n\t<meta property=\"og:image:type\" content=\"image\/jpeg\" \/>\n<meta name=\"twitter:card\" content=\"summary_large_image\" \/>\n<meta name=\"twitter:label1\" content=\"Tahmini okuma s\u00fcresi\" \/>\n\t<meta name=\"twitter:data1\" content=\"2 dakika\" \/>\n<script type=\"application\/ld+json\" class=\"yoast-schema-graph\">{\"@context\":\"https:\\\/\\\/schema.org\",\"@graph\":[{\"@type\":\"WebPage\",\"@id\":\"https:\\\/\\\/www.profpetcorporation.com\\\/tr\\\/urun\\\/kennels-favourite-biotin-135g\\\/\",\"url\":\"https:\\\/\\\/www.profpetcorporation.com\\\/tr\\\/urun\\\/kennels-favourite-biotin-135g\\\/\",\"name\":\"Kennels` Favourite\u00ae Biotin 135g - Prof Pet Corporation\",\"isPartOf\":{\"@id\":\"https:\\\/\\\/www.profpetcorporation.com\\\/tr\\\/#website\"},\"primaryImageOfPage\":{\"@id\":\"https:\\\/\\\/www.profpetcorporation.com\\\/tr\\\/urun\\\/kennels-favourite-biotin-135g\\\/#primaryimage\"},\"image\":{\"@id\":\"https:\\\/\\\/www.profpetcorporation.com\\\/tr\\\/urun\\\/kennels-favourite-biotin-135g\\\/#primaryimage\"},\"thumbnailUrl\":\"https:\\\/\\\/www.profpetcorporation.com\\\/wp-content\\\/uploads\\\/2024\\\/06\\\/Kennels-Favourite-135gr-Biotin-scaled.jpg\",\"datePublished\":\"2024-07-09T19:19:31+00:00\",\"dateModified\":\"2024-12-14T07:46:25+00:00\",\"breadcrumb\":{\"@id\":\"https:\\\/\\\/www.profpetcorporation.com\\\/tr\\\/urun\\\/kennels-favourite-biotin-135g\\\/#breadcrumb\"},\"inLanguage\":\"tr\",\"potentialAction\":[{\"@type\":\"ReadAction\",\"target\":[\"https:\\\/\\\/www.profpetcorporation.com\\\/tr\\\/urun\\\/kennels-favourite-biotin-135g\\\/\"]}]},{\"@type\":\"ImageObject\",\"inLanguage\":\"tr\",\"@id\":\"https:\\\/\\\/www.profpetcorporation.com\\\/tr\\\/urun\\\/kennels-favourite-biotin-135g\\\/#primaryimage\",\"url\":\"https:\\\/\\\/www.profpetcorporation.com\\\/wp-content\\\/uploads\\\/2024\\\/06\\\/Kennels-Favourite-135gr-Biotin-scaled.jpg\",\"contentUrl\":\"https:\\\/\\\/www.profpetcorporation.com\\\/wp-content\\\/uploads\\\/2024\\\/06\\\/Kennels-Favourite-135gr-Biotin-scaled.jpg\",\"width\":2560,\"height\":2555},{\"@type\":\"BreadcrumbList\",\"@id\":\"https:\\\/\\\/www.profpetcorporation.com\\\/tr\\\/urun\\\/kennels-favourite-biotin-135g\\\/#breadcrumb\",\"itemListElement\":[{\"@type\":\"ListItem\",\"position\":1,\"name\":\"Home\",\"item\":\"https:\\\/\\\/www.profpetcorporation.com\\\/tr\\\/\"},{\"@type\":\"ListItem\",\"position\":2,\"name\":\"Shop\",\"item\":\"https:\\\/\\\/www.profpetcorporation.com\\\/shop\\\/\"},{\"@type\":\"ListItem\",\"position\":3,\"name\":\"Kennels' Favourite\u00ae\",\"item\":\"https:\\\/\\\/www.profpetcorporation.com\\\/tr\\\/merken\\\/kennels-favourite-tr\\\/\"},{\"@type\":\"ListItem\",\"position\":4,\"name\":\"Kennels` Favourite\u00ae Biotin 135g\"}]},{\"@type\":\"WebSite\",\"@id\":\"https:\\\/\\\/www.profpetcorporation.com\\\/tr\\\/#website\",\"url\":\"https:\\\/\\\/www.profpetcorporation.com\\\/tr\\\/\",\"name\":\"Prof Pet Corporation\",\"description\":\"\",\"potentialAction\":[{\"@type\":\"SearchAction\",\"target\":{\"@type\":\"EntryPoint\",\"urlTemplate\":\"https:\\\/\\\/www.profpetcorporation.com\\\/tr\\\/?s={search_term_string}\"},\"query-input\":{\"@type\":\"PropertyValueSpecification\",\"valueRequired\":true,\"valueName\":\"search_term_string\"}}],\"inLanguage\":\"tr\"}]}<\/script>\n<!-- \/ Yoast SEO plugin. -->","yoast_head_json":{"title":"Kennels` Favourite\u00ae Biotin 135g - Prof Pet Corporation","robots":{"index":"index","follow":"follow","max-snippet":"max-snippet:-1","max-image-preview":"max-image-preview:large","max-video-preview":"max-video-preview:-1"},"canonical":"https:\/\/www.profpetcorporation.com\/tr\/urun\/kennels-favourite-biotin-135g\/","og_locale":"tr_TR","og_type":"article","og_title":"Kennels` Favourite\u00ae Biotin 135g - Prof Pet Corporation","og_description":"%100 DO\u011eAL Malzemeler T\u00fcy uzamas\u0131n\u0131 harekete ge\u00e7irir ve cildi sa\u011fl\u0131kl\u0131 tutar Anti seboreik etkisi vard\u0131r OMEGA 6:3 ya\u011f asitlerinin metabolizmas\u0131nda \u00f6nemli rol oynar Kan \u015fekeri seviyesini dengele \u0130\u00e7indekiler: peynir alt\u0131 suyu tozu, pirin\u00e7 irmi\u011fi, \u00fcz\u00fcm \u015fekeri, ye\u015fil deniz yosunu, havu\u00e7, saf biotin (H Vitamini) 3.10g\/kg. Besin katkilari: A Vitamini 2,303 \u0130\u00dc\/kg, B-kompleks Vitamini 56mg\/kg, E [&hellip;]","og_url":"https:\/\/www.profpetcorporation.com\/tr\/urun\/kennels-favourite-biotin-135g\/","og_site_name":"Prof Pet Corporation","article_modified_time":"2024-12-14T07:46:25+00:00","og_image":[{"width":2560,"height":2555,"url":"https:\/\/www.profpetcorporation.com\/wp-content\/uploads\/2024\/06\/Kennels-Favourite-135gr-Biotin-scaled.jpg","type":"image\/jpeg"}],"twitter_card":"summary_large_image","twitter_misc":{"Tahmini okuma s\u00fcresi":"2 dakika"},"schema":{"@context":"https:\/\/schema.org","@graph":[{"@type":"WebPage","@id":"https:\/\/www.profpetcorporation.com\/tr\/urun\/kennels-favourite-biotin-135g\/","url":"https:\/\/www.profpetcorporation.com\/tr\/urun\/kennels-favourite-biotin-135g\/","name":"Kennels` Favourite\u00ae Biotin 135g - Prof Pet Corporation","isPartOf":{"@id":"https:\/\/www.profpetcorporation.com\/tr\/#website"},"primaryImageOfPage":{"@id":"https:\/\/www.profpetcorporation.com\/tr\/urun\/kennels-favourite-biotin-135g\/#primaryimage"},"image":{"@id":"https:\/\/www.profpetcorporation.com\/tr\/urun\/kennels-favourite-biotin-135g\/#primaryimage"},"thumbnailUrl":"https:\/\/www.profpetcorporation.com\/wp-content\/uploads\/2024\/06\/Kennels-Favourite-135gr-Biotin-scaled.jpg","datePublished":"2024-07-09T19:19:31+00:00","dateModified":"2024-12-14T07:46:25+00:00","breadcrumb":{"@id":"https:\/\/www.profpetcorporation.com\/tr\/urun\/kennels-favourite-biotin-135g\/#breadcrumb"},"inLanguage":"tr","potentialAction":[{"@type":"ReadAction","target":["https:\/\/www.profpetcorporation.com\/tr\/urun\/kennels-favourite-biotin-135g\/"]}]},{"@type":"ImageObject","inLanguage":"tr","@id":"https:\/\/www.profpetcorporation.com\/tr\/urun\/kennels-favourite-biotin-135g\/#primaryimage","url":"https:\/\/www.profpetcorporation.com\/wp-content\/uploads\/2024\/06\/Kennels-Favourite-135gr-Biotin-scaled.jpg","contentUrl":"https:\/\/www.profpetcorporation.com\/wp-content\/uploads\/2024\/06\/Kennels-Favourite-135gr-Biotin-scaled.jpg","width":2560,"height":2555},{"@type":"BreadcrumbList","@id":"https:\/\/www.profpetcorporation.com\/tr\/urun\/kennels-favourite-biotin-135g\/#breadcrumb","itemListElement":[{"@type":"ListItem","position":1,"name":"Home","item":"https:\/\/www.profpetcorporation.com\/tr\/"},{"@type":"ListItem","position":2,"name":"Shop","item":"https:\/\/www.profpetcorporation.com\/shop\/"},{"@type":"ListItem","position":3,"name":"Kennels' Favourite\u00ae","item":"https:\/\/www.profpetcorporation.com\/tr\/merken\/kennels-favourite-tr\/"},{"@type":"ListItem","position":4,"name":"Kennels` Favourite\u00ae Biotin 135g"}]},{"@type":"WebSite","@id":"https:\/\/www.profpetcorporation.com\/tr\/#website","url":"https:\/\/www.profpetcorporation.com\/tr\/","name":"Prof Pet Corporation","description":"","potentialAction":[{"@type":"SearchAction","target":{"@type":"EntryPoint","urlTemplate":"https:\/\/www.profpetcorporation.com\/tr\/?s={search_term_string}"},"query-input":{"@type":"PropertyValueSpecification","valueRequired":true,"valueName":"search_term_string"}}],"inLanguage":"tr"}]}},"_links":{"self":[{"href":"https:\/\/www.profpetcorporation.com\/tr\/wp-json\/wp\/v2\/product\/5242","targetHints":{"allow":["GET"]}}],"collection":[{"href":"https:\/\/www.profpetcorporation.com\/tr\/wp-json\/wp\/v2\/product"}],"about":[{"href":"https:\/\/www.profpetcorporation.com\/tr\/wp-json\/wp\/v2\/types\/product"}],"replies":[{"embeddable":true,"href":"https:\/\/www.profpetcorporation.com\/tr\/wp-json\/wp\/v2\/comments?post=5242"}],"wp:featuredmedia":[{"embeddable":true,"href":"https:\/\/www.profpetcorporation.com\/tr\/wp-json\/wp\/v2\/media\/1434"}],"wp:attachment":[{"href":"https:\/\/www.profpetcorporation.com\/tr\/wp-json\/wp\/v2\/media?parent=5242"}],"wp:term":[{"taxonomy":"product_brand","embeddable":true,"href":"https:\/\/www.profpetcorporation.com\/tr\/wp-json\/wp\/v2\/product_brand?post=5242"},{"taxonomy":"product_cat","embeddable":true,"href":"https:\/\/www.profpetcorporation.com\/tr\/wp-json\/wp\/v2\/product_cat?post=5242"},{"taxonomy":"product_tag","embeddable":true,"href":"https:\/\/www.profpetcorporation.com\/tr\/wp-json\/wp\/v2\/product_tag?post=5242"}],"curies":[{"name":"wp","href":"https:\/\/api.w.org\/{rel}","templated":true}]}}