{"id":5240,"date":"2024-07-09T19:17:44","date_gmt":"2024-07-09T19:17:44","guid":{"rendered":"https:\/\/www.profpetcorporation.com\/?post_type=product&#038;p=5240"},"modified":"2024-12-14T07:52:26","modified_gmt":"2024-12-14T07:52:26","slug":"kennels-favourite-citrus-135g","status":"publish","type":"product","link":"https:\/\/www.profpetcorporation.com\/tr\/urun\/kennels-favourite-citrus-135g\/","title":{"rendered":"Kennels` Favourite\u00ae Citrus 135g"},"content":{"rendered":"<ul>\n<li><span style=\"font-size: large;\"><strong>%100 DO\u011eAL Malzemeler<\/strong><\/span><\/li>\n<li><span style=\"font-size: large;\"><strong>Sindirimi kolayla\u015ft\u0131r\u0131r<\/strong><\/span><\/li>\n<li><span style=\"font-size: large;\"><strong>Organizman\u0131n farkl\u0131 hastal\u0131klara ve enfeksiyonlara kar\u015f\u0131 direncini artt\u0131r\u0131r<\/strong><\/span><\/li>\n<li><span style=\"font-size: large;\"><strong>Eklemlerde elastikiyet sa\u011flar<\/strong><\/span><\/li>\n<li><span style=\"font-size: large;\"><strong>Kan ve lenflerdeki at\u0131klar\u0131n temizlenmesine yard\u0131mc\u0131 olur<\/strong><\/span><\/li>\n<\/ul>\n<p><span style=\"font-size: medium;\"><strong><br \/>\n\u0130\u00e7indekiler:<\/strong> peynir alt\u0131 suyu tozu, pirin\u00e7 irmi\u011fi, \u00fcz\u00fcm \u015fekeri, \u00f6\u011f\u00fct\u00fclm\u00fc\u015f havu\u00e7, kurutulmu\u015f ye\u015fil deniz yosunu %5, soya unu, silisik asit, vitaminler ve mineraller.<br \/>\n<strong>Besin katkilari: <\/strong>B1 Vitamini %0.04, B2 Vitamini %0.05, B3 Vitamini %0.029, B6 Vitamini %0.03, B12 Vitamin %0.35, A Vitamini 9.526 \u0130\u00dc\/kg, D3 Vitamini 1.191 \u0130\u00dc\/kg, E Vitamini 7mg\/kg. <strong>Analitik bile\u015fenleri:<\/strong> ham protein %9.9, ham ya\u011f %7.1, ham k\u00fcl %2.8, jambon lifi %3.4, nem %6.9.<br \/>\n<strong>G\u00fcnl\u00fck t\u00fcketim:<\/strong> en az 2-3 tablet, her biri 10kg a\u011f\u0131rl\u0131\u011fa, d\u00fczenli olarak.<br \/>\nA\u011f\u0131zdan kullan\u0131m\u0131yla herhangi bir yan etkisi yoktur. \u00dcretim ve paketleme Hollanda\u2019da yap\u0131lm\u0131\u015ft\u0131r. Serin ve kuru yerde depolar\u0131z. <strong>Son kullanma tarihi:<\/strong> pakete bak\u0131n\u0131z.<br \/>\n<strong>Net a\u011f\u0131rl\u0131k:<\/strong> 150g. <strong>\u0130\u00e7erik:<\/strong> \u00b190 tablet<br \/>\n<\/span><\/p>\n<p><span style=\"font-size: medium;\"><u>operasyonel bile\u015fen:<\/u><\/span><\/p>\n<p><span style=\"font-size: larger;\"><strong><br \/>\nCNARENC\u0130YE YA\u011eI <\/strong><\/span><\/p>\n<p><span style=\"font-size: medium;\">Narenciye ya\u011f\u0131nda sistem d\u0131\u015f\u0131 programlar vard\u0131r \u2013 koenzim s\u0131ralar\u0131.<br \/>\nBitkinin kullan\u0131lan k\u0131sm\u0131: kabuk.<\/span><\/p>\n<p><span style=\"font-size: medium;\">B\u00f6lgesel iyile\u015ftirici etkileri vard\u0131r. Koenzimler besinlerle beslenen lipitlerin par\u00e7alanmas\u0131na katk\u0131da bulunurlar, ba\u015fka bir deyi\u015fle narenciye ya\u011flar\u0131 kilo kayb\u0131na yard\u0131mc\u0131 olur!!<br \/>\n<img loading=\"lazy\" decoding=\"async\" class=\" wp-image-4709 alignright\" src=\"https:\/\/www.profpetcorporation.com\/wp-content\/uploads\/2024\/11\/Citrus.jpg\" alt=\"\" width=\"304\" height=\"209\" srcset=\"https:\/\/www.profpetcorporation.com\/wp-content\/uploads\/2024\/11\/Citrus.jpg 321w, https:\/\/www.profpetcorporation.com\/wp-content\/uploads\/2024\/11\/Citrus-300x207.jpg 300w\" sizes=\"auto, (max-width: 304px) 100vw, 304px\" \/>Narenciye ya\u011flar\u0131: greyfurt, limon, portakal \u2013 \u00e7ekirdek ve misket limonu. Ne kadar tuhaf olursa olsun koenzimlerin b\u00fcy\u00fck bir k\u0131sm\u0131 meyvenin suyunda de\u011fil kabu\u011fundad\u0131r. Bu nedenle narenciye meyvesinin posas\u0131nda sadece %0,5 koenzim bulunurken kabu\u011funun esans ya\u011f\u0131nda tam olarak %80 koenzim vard\u0131r.<br \/>\nNarenciye ya\u011f\u0131n\u0131n t\u00fcketimi ancak lipitlerle de ba\u015far\u0131l\u0131 bir \u015fekilde m\u00fccadele eden gibi yiyecek al\u0131m\u0131yla birlikte gereksiz ya\u011flara d\u00f6n\u00fc\u015ft\u00fcr\u00fclmeden proteinler ve lipitlerin sindirilmesine yard\u0131mc\u0131 olur. Uzmanlara g\u00f6re narenciye ya\u011f\u0131 festalan\u0131n s\u0131v\u0131 benzeridir ve iyi yiyece\u011fin par\u00e7alanmas\u0131na katk\u0131da bulunur.<br \/>\nNarenciye Ya\u011f\u0131 <strong>Kennels` Favourite<\/strong>\u00ae<strong> Peynir<\/strong> sel\u00fcloit ve a\u015f\u0131r\u0131 ya\u011f birikimleriyle de m\u00fccadele edecek. Narenciye ya\u011f\u0131 farkl\u0131 \u015fehirler ve \u015fehira kar\u015f\u0131 direncini artt\u0131rarak, sistemin g\u00fcc\u00fcn\u00fc ve kuvvetlendirme \u00f6zelli\u011fine sahiptir. Narenciye organiklerindeki de\u011fi\u015fimleri de\u011fi\u015ftirir, spazmlar\u0131n\u0131 ortadan kald\u0131r\u0131r, eklemlerin elastikiyetine faydal\u0131 olur. Narenciye ya\u011f\u0131n\u0131n ya\u011f de\u011fi\u015fimini normale indirger, kilo kayb\u0131 etkilenir. Narenciye ya\u011f\u0131n\u0131n \u00e7\u00f6z\u00fcn\u00fcrl\u00fc\u011f\u00fc ve safra kesesinin geni\u015fletilmesi, iltihapl\u0131 par\u00e7ac\u0131klar\u0131n ortadan kald\u0131r\u0131lmas\u0131 ve konkrementlerin olu\u015fmas\u0131 engellenir. Yanma tesiri ve yiyecek kullan\u0131m\u0131 artar, beslenme at\u0131l\u0131r ve ard\u0131ndan midede bir a\u011f\u0131rl\u0131k hissi olu\u015fur. Narenciye ya\u011f\u0131 kan ve lenflerdeki at\u0131klar\u0131n temizlenmesine yard\u0131mc\u0131 olur.<br \/>\nNarenciye ya\u011f\u0131n\u0131n \u00f6zellikleri sayesinde stabilite zay\u0131flamas\u0131 ile ilgili b\u00fcy\u00fcmelerin m\u00fcdahalesinde kullan\u0131l\u0131r, kan bas\u0131nc\u0131 dengeler, g\u00f6r\u00fcn\u00fcmler ve kandaki protrombin olu\u015fumlar\u0131 azal\u0131r. Narenciye ya\u011f\u0131n\u0131n orijinalinden beri gastrointestinal (mide ve \u00e7\u0131k\u0131\u015fla ilgili) rahats\u0131zl\u0131klarda, g\u0131da zehirlenmelerinde kullan\u0131lmas\u0131 tavsiye edilir. Narenciye ya\u011f\u0131 di\u015fetlerindeki \u00e7ekilmeleri azalt\u0131r, di\u015f minesini beyazlat\u0131r ve \u00e7\u00fcr\u00fcklerin b\u00fcy\u00fcmesini engelleyerek a\u011f\u0131zda ferahl\u0131k sa\u011flar.<\/span><\/p>\n<p>&nbsp;<\/p>\n<p>&nbsp;<\/p>\n","protected":false},"excerpt":{"rendered":"<p>%100 DO\u011eAL Malzemeler Sindirimi kolayla\u015ft\u0131r\u0131r Organizman\u0131n farkl\u0131 hastal\u0131klara ve enfeksiyonlara kar\u015f\u0131 direncini artt\u0131r\u0131r Eklemlerde elastikiyet sa\u011flar Kan ve lenflerdeki at\u0131klar\u0131n temizlenmesine yard\u0131mc\u0131 olur \u0130\u00e7indekiler: peynir alt\u0131 suyu tozu, pirin\u00e7 irmi\u011fi, \u00fcz\u00fcm \u015fekeri, \u00f6\u011f\u00fct\u00fclm\u00fc\u015f havu\u00e7, kurutulmu\u015f ye\u015fil deniz yosunu %5, soya unu, silisik asit, vitaminler ve mineraller. Besin katkilari: B1 Vitamini %0.04, B2 Vitamini %0.05, B3 [&hellip;]<\/p>\n","protected":false},"featured_media":1447,"comment_status":"open","ping_status":"closed","template":"","meta":{"_acf_changed":false},"product_brand":[],"product_cat":[226,219],"product_tag":[],"class_list":{"0":"post-5240","1":"product","2":"type-product","3":"status-publish","4":"has-post-thumbnail","6":"product_cat-kennels-favourite-tr","7":"product_cat-kopekler-icin-peynir-alti-suyu-pastilleri","9":"first","10":"instock","11":"shipping-taxable","12":"product-type-simple"},"acf":[],"yoast_head":"<!-- This site is optimized with the Yoast SEO plugin v27.6 - https:\/\/yoast.com\/product\/yoast-seo-wordpress\/ -->\n<title>Kennels` Favourite\u00ae Citrus 135g - Prof Pet Corporation<\/title>\n<meta name=\"robots\" content=\"index, follow, max-snippet:-1, max-image-preview:large, max-video-preview:-1\" \/>\n<link rel=\"canonical\" href=\"https:\/\/www.profpetcorporation.com\/tr\/urun\/kennels-favourite-citrus-135g\/\" \/>\n<meta property=\"og:locale\" content=\"tr_TR\" \/>\n<meta property=\"og:type\" content=\"article\" \/>\n<meta property=\"og:title\" content=\"Kennels` Favourite\u00ae Citrus 135g - Prof Pet Corporation\" \/>\n<meta property=\"og:description\" content=\"%100 DO\u011eAL Malzemeler Sindirimi kolayla\u015ft\u0131r\u0131r Organizman\u0131n farkl\u0131 hastal\u0131klara ve enfeksiyonlara kar\u015f\u0131 direncini artt\u0131r\u0131r Eklemlerde elastikiyet sa\u011flar Kan ve lenflerdeki at\u0131klar\u0131n temizlenmesine yard\u0131mc\u0131 olur \u0130\u00e7indekiler: peynir alt\u0131 suyu tozu, pirin\u00e7 irmi\u011fi, \u00fcz\u00fcm \u015fekeri, \u00f6\u011f\u00fct\u00fclm\u00fc\u015f havu\u00e7, kurutulmu\u015f ye\u015fil deniz yosunu %5, soya unu, silisik asit, vitaminler ve mineraller. Besin katkilari: B1 Vitamini %0.04, B2 Vitamini %0.05, B3 [&hellip;]\" \/>\n<meta property=\"og:url\" content=\"https:\/\/www.profpetcorporation.com\/tr\/urun\/kennels-favourite-citrus-135g\/\" \/>\n<meta property=\"og:site_name\" content=\"Prof Pet Corporation\" \/>\n<meta property=\"article:modified_time\" content=\"2024-12-14T07:52:26+00:00\" \/>\n<meta property=\"og:image\" content=\"https:\/\/www.profpetcorporation.com\/wp-content\/uploads\/2024\/06\/Kennels-Favourite-135gr-Citrus-scaled.jpg\" \/>\n\t<meta property=\"og:image:width\" content=\"2560\" \/>\n\t<meta property=\"og:image:height\" content=\"2555\" \/>\n\t<meta property=\"og:image:type\" content=\"image\/jpeg\" \/>\n<meta name=\"twitter:card\" content=\"summary_large_image\" \/>\n<meta name=\"twitter:label1\" content=\"Tahmini okuma s\u00fcresi\" \/>\n\t<meta name=\"twitter:data1\" content=\"3 dakika\" \/>\n<script type=\"application\/ld+json\" class=\"yoast-schema-graph\">{\"@context\":\"https:\\\/\\\/schema.org\",\"@graph\":[{\"@type\":\"WebPage\",\"@id\":\"https:\\\/\\\/www.profpetcorporation.com\\\/tr\\\/urun\\\/kennels-favourite-citrus-135g\\\/\",\"url\":\"https:\\\/\\\/www.profpetcorporation.com\\\/tr\\\/urun\\\/kennels-favourite-citrus-135g\\\/\",\"name\":\"Kennels` Favourite\u00ae Citrus 135g - Prof Pet Corporation\",\"isPartOf\":{\"@id\":\"https:\\\/\\\/www.profpetcorporation.com\\\/tr\\\/#website\"},\"primaryImageOfPage\":{\"@id\":\"https:\\\/\\\/www.profpetcorporation.com\\\/tr\\\/urun\\\/kennels-favourite-citrus-135g\\\/#primaryimage\"},\"image\":{\"@id\":\"https:\\\/\\\/www.profpetcorporation.com\\\/tr\\\/urun\\\/kennels-favourite-citrus-135g\\\/#primaryimage\"},\"thumbnailUrl\":\"https:\\\/\\\/www.profpetcorporation.com\\\/wp-content\\\/uploads\\\/2024\\\/06\\\/Kennels-Favourite-135gr-Citrus-scaled.jpg\",\"datePublished\":\"2024-07-09T19:17:44+00:00\",\"dateModified\":\"2024-12-14T07:52:26+00:00\",\"breadcrumb\":{\"@id\":\"https:\\\/\\\/www.profpetcorporation.com\\\/tr\\\/urun\\\/kennels-favourite-citrus-135g\\\/#breadcrumb\"},\"inLanguage\":\"tr\",\"potentialAction\":[{\"@type\":\"ReadAction\",\"target\":[\"https:\\\/\\\/www.profpetcorporation.com\\\/tr\\\/urun\\\/kennels-favourite-citrus-135g\\\/\"]}]},{\"@type\":\"ImageObject\",\"inLanguage\":\"tr\",\"@id\":\"https:\\\/\\\/www.profpetcorporation.com\\\/tr\\\/urun\\\/kennels-favourite-citrus-135g\\\/#primaryimage\",\"url\":\"https:\\\/\\\/www.profpetcorporation.com\\\/wp-content\\\/uploads\\\/2024\\\/06\\\/Kennels-Favourite-135gr-Citrus-scaled.jpg\",\"contentUrl\":\"https:\\\/\\\/www.profpetcorporation.com\\\/wp-content\\\/uploads\\\/2024\\\/06\\\/Kennels-Favourite-135gr-Citrus-scaled.jpg\",\"width\":2560,\"height\":2555},{\"@type\":\"BreadcrumbList\",\"@id\":\"https:\\\/\\\/www.profpetcorporation.com\\\/tr\\\/urun\\\/kennels-favourite-citrus-135g\\\/#breadcrumb\",\"itemListElement\":[{\"@type\":\"ListItem\",\"position\":1,\"name\":\"Home\",\"item\":\"https:\\\/\\\/www.profpetcorporation.com\\\/tr\\\/\"},{\"@type\":\"ListItem\",\"position\":2,\"name\":\"Shop\",\"item\":\"https:\\\/\\\/www.profpetcorporation.com\\\/shop\\\/\"},{\"@type\":\"ListItem\",\"position\":3,\"name\":\"Kennels' Favourite\u00ae\",\"item\":\"https:\\\/\\\/www.profpetcorporation.com\\\/tr\\\/merken\\\/kennels-favourite-tr\\\/\"},{\"@type\":\"ListItem\",\"position\":4,\"name\":\"Kennels` Favourite\u00ae Citrus 135g\"}]},{\"@type\":\"WebSite\",\"@id\":\"https:\\\/\\\/www.profpetcorporation.com\\\/tr\\\/#website\",\"url\":\"https:\\\/\\\/www.profpetcorporation.com\\\/tr\\\/\",\"name\":\"Prof Pet Corporation\",\"description\":\"\",\"potentialAction\":[{\"@type\":\"SearchAction\",\"target\":{\"@type\":\"EntryPoint\",\"urlTemplate\":\"https:\\\/\\\/www.profpetcorporation.com\\\/tr\\\/?s={search_term_string}\"},\"query-input\":{\"@type\":\"PropertyValueSpecification\",\"valueRequired\":true,\"valueName\":\"search_term_string\"}}],\"inLanguage\":\"tr\"}]}<\/script>\n<!-- \/ Yoast SEO plugin. -->","yoast_head_json":{"title":"Kennels` Favourite\u00ae Citrus 135g - Prof Pet Corporation","robots":{"index":"index","follow":"follow","max-snippet":"max-snippet:-1","max-image-preview":"max-image-preview:large","max-video-preview":"max-video-preview:-1"},"canonical":"https:\/\/www.profpetcorporation.com\/tr\/urun\/kennels-favourite-citrus-135g\/","og_locale":"tr_TR","og_type":"article","og_title":"Kennels` Favourite\u00ae Citrus 135g - Prof Pet Corporation","og_description":"%100 DO\u011eAL Malzemeler Sindirimi kolayla\u015ft\u0131r\u0131r Organizman\u0131n farkl\u0131 hastal\u0131klara ve enfeksiyonlara kar\u015f\u0131 direncini artt\u0131r\u0131r Eklemlerde elastikiyet sa\u011flar Kan ve lenflerdeki at\u0131klar\u0131n temizlenmesine yard\u0131mc\u0131 olur \u0130\u00e7indekiler: peynir alt\u0131 suyu tozu, pirin\u00e7 irmi\u011fi, \u00fcz\u00fcm \u015fekeri, \u00f6\u011f\u00fct\u00fclm\u00fc\u015f havu\u00e7, kurutulmu\u015f ye\u015fil deniz yosunu %5, soya unu, silisik asit, vitaminler ve mineraller. Besin katkilari: B1 Vitamini %0.04, B2 Vitamini %0.05, B3 [&hellip;]","og_url":"https:\/\/www.profpetcorporation.com\/tr\/urun\/kennels-favourite-citrus-135g\/","og_site_name":"Prof Pet Corporation","article_modified_time":"2024-12-14T07:52:26+00:00","og_image":[{"width":2560,"height":2555,"url":"https:\/\/www.profpetcorporation.com\/wp-content\/uploads\/2024\/06\/Kennels-Favourite-135gr-Citrus-scaled.jpg","type":"image\/jpeg"}],"twitter_card":"summary_large_image","twitter_misc":{"Tahmini okuma s\u00fcresi":"3 dakika"},"schema":{"@context":"https:\/\/schema.org","@graph":[{"@type":"WebPage","@id":"https:\/\/www.profpetcorporation.com\/tr\/urun\/kennels-favourite-citrus-135g\/","url":"https:\/\/www.profpetcorporation.com\/tr\/urun\/kennels-favourite-citrus-135g\/","name":"Kennels` Favourite\u00ae Citrus 135g - Prof Pet Corporation","isPartOf":{"@id":"https:\/\/www.profpetcorporation.com\/tr\/#website"},"primaryImageOfPage":{"@id":"https:\/\/www.profpetcorporation.com\/tr\/urun\/kennels-favourite-citrus-135g\/#primaryimage"},"image":{"@id":"https:\/\/www.profpetcorporation.com\/tr\/urun\/kennels-favourite-citrus-135g\/#primaryimage"},"thumbnailUrl":"https:\/\/www.profpetcorporation.com\/wp-content\/uploads\/2024\/06\/Kennels-Favourite-135gr-Citrus-scaled.jpg","datePublished":"2024-07-09T19:17:44+00:00","dateModified":"2024-12-14T07:52:26+00:00","breadcrumb":{"@id":"https:\/\/www.profpetcorporation.com\/tr\/urun\/kennels-favourite-citrus-135g\/#breadcrumb"},"inLanguage":"tr","potentialAction":[{"@type":"ReadAction","target":["https:\/\/www.profpetcorporation.com\/tr\/urun\/kennels-favourite-citrus-135g\/"]}]},{"@type":"ImageObject","inLanguage":"tr","@id":"https:\/\/www.profpetcorporation.com\/tr\/urun\/kennels-favourite-citrus-135g\/#primaryimage","url":"https:\/\/www.profpetcorporation.com\/wp-content\/uploads\/2024\/06\/Kennels-Favourite-135gr-Citrus-scaled.jpg","contentUrl":"https:\/\/www.profpetcorporation.com\/wp-content\/uploads\/2024\/06\/Kennels-Favourite-135gr-Citrus-scaled.jpg","width":2560,"height":2555},{"@type":"BreadcrumbList","@id":"https:\/\/www.profpetcorporation.com\/tr\/urun\/kennels-favourite-citrus-135g\/#breadcrumb","itemListElement":[{"@type":"ListItem","position":1,"name":"Home","item":"https:\/\/www.profpetcorporation.com\/tr\/"},{"@type":"ListItem","position":2,"name":"Shop","item":"https:\/\/www.profpetcorporation.com\/shop\/"},{"@type":"ListItem","position":3,"name":"Kennels' Favourite\u00ae","item":"https:\/\/www.profpetcorporation.com\/tr\/merken\/kennels-favourite-tr\/"},{"@type":"ListItem","position":4,"name":"Kennels` Favourite\u00ae Citrus 135g"}]},{"@type":"WebSite","@id":"https:\/\/www.profpetcorporation.com\/tr\/#website","url":"https:\/\/www.profpetcorporation.com\/tr\/","name":"Prof Pet Corporation","description":"","potentialAction":[{"@type":"SearchAction","target":{"@type":"EntryPoint","urlTemplate":"https:\/\/www.profpetcorporation.com\/tr\/?s={search_term_string}"},"query-input":{"@type":"PropertyValueSpecification","valueRequired":true,"valueName":"search_term_string"}}],"inLanguage":"tr"}]}},"_links":{"self":[{"href":"https:\/\/www.profpetcorporation.com\/tr\/wp-json\/wp\/v2\/product\/5240","targetHints":{"allow":["GET"]}}],"collection":[{"href":"https:\/\/www.profpetcorporation.com\/tr\/wp-json\/wp\/v2\/product"}],"about":[{"href":"https:\/\/www.profpetcorporation.com\/tr\/wp-json\/wp\/v2\/types\/product"}],"replies":[{"embeddable":true,"href":"https:\/\/www.profpetcorporation.com\/tr\/wp-json\/wp\/v2\/comments?post=5240"}],"wp:featuredmedia":[{"embeddable":true,"href":"https:\/\/www.profpetcorporation.com\/tr\/wp-json\/wp\/v2\/media\/1447"}],"wp:attachment":[{"href":"https:\/\/www.profpetcorporation.com\/tr\/wp-json\/wp\/v2\/media?parent=5240"}],"wp:term":[{"taxonomy":"product_brand","embeddable":true,"href":"https:\/\/www.profpetcorporation.com\/tr\/wp-json\/wp\/v2\/product_brand?post=5240"},{"taxonomy":"product_cat","embeddable":true,"href":"https:\/\/www.profpetcorporation.com\/tr\/wp-json\/wp\/v2\/product_cat?post=5240"},{"taxonomy":"product_tag","embeddable":true,"href":"https:\/\/www.profpetcorporation.com\/tr\/wp-json\/wp\/v2\/product_tag?post=5240"}],"curies":[{"name":"wp","href":"https:\/\/api.w.org\/{rel}","templated":true}]}}