{"id":5234,"date":"2024-07-09T19:05:36","date_gmt":"2024-07-09T19:05:36","guid":{"rendered":"https:\/\/www.profpetcorporation.com\/?post_type=product&#038;p=5234"},"modified":"2025-04-05T16:17:35","modified_gmt":"2025-04-05T16:17:35","slug":"kennels-favourite-turkey-pineapple-200g","status":"publish","type":"product","link":"https:\/\/www.profpetcorporation.com\/tr\/urun\/kennels-favourite-turkey-pineapple-200g\/","title":{"rendered":"Kennels` Favourite\u00ae Turkey &#038; Pineapple 200g"},"content":{"rendered":"<p style=\"text-align: justify;\"><span style=\"font-size: medium;\"><strong>Kennels&#8217; Favourite<\/strong>\u00ae<strong> Hindi ve Ananas,<\/strong> k\u00f6pe\u011finiz i\u00e7in eksiksiz ve dengeli %100 do\u011fal ya\u015f mama. Taze meyve ve pirin\u00e7 eklenmi\u015f b\u00fct\u00fcn et par\u00e7alar\u0131ndan haz\u0131rlan\u0131r. <strong>Kennels&#8217; Favourite<\/strong>\u00ae kutular\u0131 minimum %70 et i\u00e7eri\u011fi ile yap\u0131l\u0131r, daha y\u00fcksek et i\u00e7eri\u011fi evcil hayvan\u0131n\u0131z i\u00e7in en kaliteli, daha besleyici ve sindirilebilir bir g\u0131da sa\u011flar.<br \/>\n<strong>Kennels&#8217; Favourite<\/strong>\u00ae kutular\u0131 en kaliteli ham maddelerle doldurulur ve ard\u0131ndan besinlerin \u00fcr\u00fcn i\u00e7inde kalmas\u0131n\u0131 sa\u011flamak i\u00e7in buharda pi\u015firilir. Sa\u011fl\u0131kl\u0131 bir aktif ya\u015fam s\u00fcrd\u00fcrmeye yard\u0131mc\u0131 olmak i\u00e7in do\u011fru vitamin ve mineral dengesini i\u00e7erirler..<\/span><\/p>\n<p><strong><b><span lang=\"TR\">\u0130\u00e7indekiler:<\/span><\/b><\/strong> %65 Hindi (Kalpler, Et, Karaci\u011fer, Mide, Boyunlar), Et Suyu, %3 Ananas, Mineraller, %0.5 M\u0131s\u0131r Filizi Ya\u011f\u0131.<\/p>\n<p><strong>Besin katkilari\/kg: <\/strong><\/p>\n<table border=\"0\" width=\"500\" cellspacing=\"1\" cellpadding=\"1\">\n<tbody>\n<tr>\n<td valign=\"top\">A Vitamini<br \/>\nD3 Vitamini<br \/>\nE Vitamini<br \/>\nBiyotin<\/td>\n<td valign=\"top\"><span style=\"font-size: medium;\">3.000 \u0130\u00dc<br \/>\n200 \u0130\u00dc<br \/>\n10 mg<br \/>\n300 \u03bcg<\/span><\/td>\n<td valign=\"top\">Manganez (Mn) (manganez-(II)-monohidrat)<br \/>\n\u00c7inko (Zn) (\u00e7inko s\u00fclfat monohidrat)<br \/>\n(Cu) Copper as Copper(II) sulphate pentahydrate<br \/>\n(I) Iodine axis Calcium iodate anhydrous<\/td>\n<td valign=\"top\"><span style=\"font-size: medium;\">1.40 mg<\/span><br \/>\n25.0 mg<br \/>\n1.0mg<br \/>\n0.75mg<\/td>\n<\/tr>\n<\/tbody>\n<\/table>\n<p><span style=\"font-size: medium;\"><strong>Analitik bile\u015fenleri:<\/strong><strong><br \/>\n<\/strong><\/span><\/p>\n<table border=\"0\" width=\"544\" cellspacing=\"1\" cellpadding=\"1\">\n<tbody>\n<tr>\n<td valign=\"top\">Ham protein<br \/>\nDoymu\u015f ya\u011f<br \/>\nHam k\u00fcl<br \/>\nHam sel\u00fcloz<br \/>\nNem<\/td>\n<td valign=\"top\">%10.5<br \/>\n%5.4<br \/>\n%2.5<br \/>\n%0.4<br \/>\n%79<\/td>\n<td valign=\"top\"><span style=\"font-size: medium;\"><span style=\"color: #f2f3f0;\">\u00a0\u00a0\u00a0\u00a0\u00a0\u00a0\u00a0\u00a0\u00a0\u00a0\u00a0 \u00a0 \u00a0 \u00a0\u00a0\u00a0\u00a0\u00a0\u00a0\u00a0\u00a0\u00a0\u00a0\u00a0\u00a0\u00a0 Y<\/span><\/span><\/td>\n<td valign=\"top\"><span style=\"font-size: medium;\"><span style=\"color: #f2f3f0;\">\u00a0\u00a0\u00a0\u00a0\u00a0\u00a0\u00a0\u00a0\u00a0\u00a0\u00a0\u00a0\u00a0\u00a0\u00a0\u00a0\u00a0\u00a0\u00a0\u00a0\u00a0\u00a0\u00a0\u00a0\u00a0\u00a0\u00a0\u00a0\u00a0\u00a0\u00a0\u00a0\u00a0\u00a0\u00a0\u00a0\u00a0\u00a0\u00a0\u00a0 Y<\/span><\/span><span style=\"font-size: medium;\"><br \/>\n<\/span><\/td>\n<\/tr>\n<\/tbody>\n<\/table>\n<p><span style=\"font-size: medium;\"><strong>Enerji De\u011feri: <\/strong>100g ba\u015f\u0131na 0.46 MJ (110.4 Kcal)<br \/>\n<\/span><\/p>\n<p><strong>Beslenme rehberi:<\/strong> 5 kg v\u00fccut a\u011f\u0131rl\u0131\u011f\u0131na 200g.<br \/>\n<strong>Saklama ko\u015fullar\u0131:<\/strong> Serin ve kuru bir yerde saklay\u0131n. A\u00e7\u0131ld\u0131ktan sonra kullan\u0131lmayan i\u00e7erikleri kapakl\u0131 bir kapta buzdolab\u0131nda saklay\u0131n ve 48 saat i\u00e7inde kullan\u0131n\u0131z. Daha lezzetli oldu\u011fu i\u00e7in oda s\u0131cakl\u0131\u011f\u0131nda servis edilmesi en iyisidir ve daha \u00e7ok keyif alacaklard\u0131r. Yiyecekleri temiz bir kapta servis edin.<\/p>\n<p><strong>Net a\u011f\u0131rl\u0131k:<\/strong> 200g<\/p>\n<p>Kolay a\u00e7\u0131labilir kapak.<\/p>\n<p><span style=\"font-size: medium;\">EAN 8 717496488817<\/span><\/p>\n<p>&nbsp;<\/p>\n","protected":false},"excerpt":{"rendered":"<p><span style=\"font-size: larger;\"><strong><i><em>s\u00fcper premium kalite<\/em><\/i><\/strong><\/span><\/p>\n<ul>\n<li><span style=\"font-size: larger;\"><em>%70 et i\u00e7erir<\/em><\/span><\/li>\n<li><span style=\"font-size: larger;\"><em>Saflor Ya\u011f\u0131 eklenmi\u015ftir<\/em><\/span><\/li>\n<li><span style=\"font-size: larger;\"><em>%3 Ananas eklenmi\u015ftir<\/em><\/span><\/li>\n<li><span style=\"font-size: larger;\"><em>E Vitamini ve Biotin eklenmi\u015ftir<\/em><\/span><\/li>\n<li><span style=\"font-size: larger;\"><em>Koruyucu yoktur, soya eklenmemi\u015ftir<\/em><\/span><\/li>\n<li><span style=\"font-size: larger;\"><em>\u015eeker ve karamel eklenmemi\u015ftir<\/em><\/span><\/li>\n<\/ul>\n<p>&nbsp;<\/p>\n","protected":false},"featured_media":1233,"comment_status":"open","ping_status":"closed","template":"","meta":{"_acf_changed":false},"product_brand":[],"product_cat":[226,218],"product_tag":[],"class_list":{"0":"post-5234","1":"product","2":"type-product","3":"status-publish","4":"has-post-thumbnail","6":"product_cat-kennels-favourite-tr","7":"product_cat-meyveli-luks-et-200g","9":"first","10":"instock","11":"shipping-taxable","12":"product-type-simple"},"acf":[],"yoast_head":"<!-- This site is optimized with the Yoast SEO plugin v27.3 - https:\/\/yoast.com\/product\/yoast-seo-wordpress\/ -->\n<title>Kennels` Favourite\u00ae Turkey &amp; Pineapple 200g - Prof Pet Corporation<\/title>\n<meta name=\"robots\" content=\"index, follow, max-snippet:-1, max-image-preview:large, max-video-preview:-1\" \/>\n<link rel=\"canonical\" href=\"https:\/\/www.profpetcorporation.com\/tr\/urun\/kennels-favourite-turkey-pineapple-200g\/\" \/>\n<meta property=\"og:locale\" content=\"tr_TR\" \/>\n<meta property=\"og:type\" content=\"article\" \/>\n<meta property=\"og:title\" content=\"Kennels` Favourite\u00ae Turkey &amp; Pineapple 200g - Prof Pet Corporation\" \/>\n<meta property=\"og:description\" content=\"s\u00fcper premium kalite   %70 et i\u00e7erir  Saflor Ya\u011f\u0131 eklenmi\u015ftir  %3 Ananas eklenmi\u015ftir  E Vitamini ve Biotin eklenmi\u015ftir  Koruyucu yoktur, soya eklenmemi\u015ftir  \u015eeker ve karamel eklenmemi\u015ftir  &nbsp;\" \/>\n<meta property=\"og:url\" content=\"https:\/\/www.profpetcorporation.com\/tr\/urun\/kennels-favourite-turkey-pineapple-200g\/\" \/>\n<meta property=\"og:site_name\" content=\"Prof Pet Corporation\" \/>\n<meta property=\"article:modified_time\" content=\"2025-04-05T16:17:35+00:00\" \/>\n<meta property=\"og:image\" content=\"https:\/\/www.profpetcorporation.com\/wp-content\/uploads\/2024\/06\/Kennels-Favourite-200gr-TurkeyPineapple-scaled.jpg\" \/>\n\t<meta property=\"og:image:width\" content=\"2560\" \/>\n\t<meta property=\"og:image:height\" content=\"2560\" \/>\n\t<meta property=\"og:image:type\" content=\"image\/jpeg\" \/>\n<meta name=\"twitter:card\" content=\"summary_large_image\" \/>\n<meta name=\"twitter:label1\" content=\"Tahmini okuma s\u00fcresi\" \/>\n\t<meta name=\"twitter:data1\" content=\"2 dakika\" \/>\n<script type=\"application\/ld+json\" class=\"yoast-schema-graph\">{\"@context\":\"https:\\\/\\\/schema.org\",\"@graph\":[{\"@type\":\"WebPage\",\"@id\":\"https:\\\/\\\/www.profpetcorporation.com\\\/tr\\\/urun\\\/kennels-favourite-turkey-pineapple-200g\\\/\",\"url\":\"https:\\\/\\\/www.profpetcorporation.com\\\/tr\\\/urun\\\/kennels-favourite-turkey-pineapple-200g\\\/\",\"name\":\"Kennels` Favourite\u00ae Turkey & Pineapple 200g - Prof Pet Corporation\",\"isPartOf\":{\"@id\":\"https:\\\/\\\/www.profpetcorporation.com\\\/tr\\\/#website\"},\"primaryImageOfPage\":{\"@id\":\"https:\\\/\\\/www.profpetcorporation.com\\\/tr\\\/urun\\\/kennels-favourite-turkey-pineapple-200g\\\/#primaryimage\"},\"image\":{\"@id\":\"https:\\\/\\\/www.profpetcorporation.com\\\/tr\\\/urun\\\/kennels-favourite-turkey-pineapple-200g\\\/#primaryimage\"},\"thumbnailUrl\":\"https:\\\/\\\/www.profpetcorporation.com\\\/wp-content\\\/uploads\\\/2024\\\/06\\\/Kennels-Favourite-200gr-TurkeyPineapple-scaled.jpg\",\"datePublished\":\"2024-07-09T19:05:36+00:00\",\"dateModified\":\"2025-04-05T16:17:35+00:00\",\"breadcrumb\":{\"@id\":\"https:\\\/\\\/www.profpetcorporation.com\\\/tr\\\/urun\\\/kennels-favourite-turkey-pineapple-200g\\\/#breadcrumb\"},\"inLanguage\":\"tr\",\"potentialAction\":[{\"@type\":\"ReadAction\",\"target\":[\"https:\\\/\\\/www.profpetcorporation.com\\\/tr\\\/urun\\\/kennels-favourite-turkey-pineapple-200g\\\/\"]}]},{\"@type\":\"ImageObject\",\"inLanguage\":\"tr\",\"@id\":\"https:\\\/\\\/www.profpetcorporation.com\\\/tr\\\/urun\\\/kennels-favourite-turkey-pineapple-200g\\\/#primaryimage\",\"url\":\"https:\\\/\\\/www.profpetcorporation.com\\\/wp-content\\\/uploads\\\/2024\\\/06\\\/Kennels-Favourite-200gr-TurkeyPineapple-scaled.jpg\",\"contentUrl\":\"https:\\\/\\\/www.profpetcorporation.com\\\/wp-content\\\/uploads\\\/2024\\\/06\\\/Kennels-Favourite-200gr-TurkeyPineapple-scaled.jpg\",\"width\":2560,\"height\":2560},{\"@type\":\"BreadcrumbList\",\"@id\":\"https:\\\/\\\/www.profpetcorporation.com\\\/tr\\\/urun\\\/kennels-favourite-turkey-pineapple-200g\\\/#breadcrumb\",\"itemListElement\":[{\"@type\":\"ListItem\",\"position\":1,\"name\":\"Home\",\"item\":\"https:\\\/\\\/www.profpetcorporation.com\\\/tr\\\/\"},{\"@type\":\"ListItem\",\"position\":2,\"name\":\"Shop\",\"item\":\"https:\\\/\\\/www.profpetcorporation.com\\\/shop\\\/\"},{\"@type\":\"ListItem\",\"position\":3,\"name\":\"Kennels' Favourite\u00ae\",\"item\":\"https:\\\/\\\/www.profpetcorporation.com\\\/tr\\\/merken\\\/kennels-favourite-tr\\\/\"},{\"@type\":\"ListItem\",\"position\":4,\"name\":\"Kennels` Favourite\u00ae Turkey &#038; Pineapple 200g\"}]},{\"@type\":\"WebSite\",\"@id\":\"https:\\\/\\\/www.profpetcorporation.com\\\/tr\\\/#website\",\"url\":\"https:\\\/\\\/www.profpetcorporation.com\\\/tr\\\/\",\"name\":\"Prof Pet Corporation\",\"description\":\"\",\"potentialAction\":[{\"@type\":\"SearchAction\",\"target\":{\"@type\":\"EntryPoint\",\"urlTemplate\":\"https:\\\/\\\/www.profpetcorporation.com\\\/tr\\\/?s={search_term_string}\"},\"query-input\":{\"@type\":\"PropertyValueSpecification\",\"valueRequired\":true,\"valueName\":\"search_term_string\"}}],\"inLanguage\":\"tr\"}]}<\/script>\n<!-- \/ Yoast SEO plugin. -->","yoast_head_json":{"title":"Kennels` Favourite\u00ae Turkey & Pineapple 200g - Prof Pet Corporation","robots":{"index":"index","follow":"follow","max-snippet":"max-snippet:-1","max-image-preview":"max-image-preview:large","max-video-preview":"max-video-preview:-1"},"canonical":"https:\/\/www.profpetcorporation.com\/tr\/urun\/kennels-favourite-turkey-pineapple-200g\/","og_locale":"tr_TR","og_type":"article","og_title":"Kennels` Favourite\u00ae Turkey & Pineapple 200g - Prof Pet Corporation","og_description":"s\u00fcper premium kalite   %70 et i\u00e7erir  Saflor Ya\u011f\u0131 eklenmi\u015ftir  %3 Ananas eklenmi\u015ftir  E Vitamini ve Biotin eklenmi\u015ftir  Koruyucu yoktur, soya eklenmemi\u015ftir  \u015eeker ve karamel eklenmemi\u015ftir  &nbsp;","og_url":"https:\/\/www.profpetcorporation.com\/tr\/urun\/kennels-favourite-turkey-pineapple-200g\/","og_site_name":"Prof Pet Corporation","article_modified_time":"2025-04-05T16:17:35+00:00","og_image":[{"width":2560,"height":2560,"url":"https:\/\/www.profpetcorporation.com\/wp-content\/uploads\/2024\/06\/Kennels-Favourite-200gr-TurkeyPineapple-scaled.jpg","type":"image\/jpeg"}],"twitter_card":"summary_large_image","twitter_misc":{"Tahmini okuma s\u00fcresi":"2 dakika"},"schema":{"@context":"https:\/\/schema.org","@graph":[{"@type":"WebPage","@id":"https:\/\/www.profpetcorporation.com\/tr\/urun\/kennels-favourite-turkey-pineapple-200g\/","url":"https:\/\/www.profpetcorporation.com\/tr\/urun\/kennels-favourite-turkey-pineapple-200g\/","name":"Kennels` Favourite\u00ae Turkey & Pineapple 200g - Prof Pet Corporation","isPartOf":{"@id":"https:\/\/www.profpetcorporation.com\/tr\/#website"},"primaryImageOfPage":{"@id":"https:\/\/www.profpetcorporation.com\/tr\/urun\/kennels-favourite-turkey-pineapple-200g\/#primaryimage"},"image":{"@id":"https:\/\/www.profpetcorporation.com\/tr\/urun\/kennels-favourite-turkey-pineapple-200g\/#primaryimage"},"thumbnailUrl":"https:\/\/www.profpetcorporation.com\/wp-content\/uploads\/2024\/06\/Kennels-Favourite-200gr-TurkeyPineapple-scaled.jpg","datePublished":"2024-07-09T19:05:36+00:00","dateModified":"2025-04-05T16:17:35+00:00","breadcrumb":{"@id":"https:\/\/www.profpetcorporation.com\/tr\/urun\/kennels-favourite-turkey-pineapple-200g\/#breadcrumb"},"inLanguage":"tr","potentialAction":[{"@type":"ReadAction","target":["https:\/\/www.profpetcorporation.com\/tr\/urun\/kennels-favourite-turkey-pineapple-200g\/"]}]},{"@type":"ImageObject","inLanguage":"tr","@id":"https:\/\/www.profpetcorporation.com\/tr\/urun\/kennels-favourite-turkey-pineapple-200g\/#primaryimage","url":"https:\/\/www.profpetcorporation.com\/wp-content\/uploads\/2024\/06\/Kennels-Favourite-200gr-TurkeyPineapple-scaled.jpg","contentUrl":"https:\/\/www.profpetcorporation.com\/wp-content\/uploads\/2024\/06\/Kennels-Favourite-200gr-TurkeyPineapple-scaled.jpg","width":2560,"height":2560},{"@type":"BreadcrumbList","@id":"https:\/\/www.profpetcorporation.com\/tr\/urun\/kennels-favourite-turkey-pineapple-200g\/#breadcrumb","itemListElement":[{"@type":"ListItem","position":1,"name":"Home","item":"https:\/\/www.profpetcorporation.com\/tr\/"},{"@type":"ListItem","position":2,"name":"Shop","item":"https:\/\/www.profpetcorporation.com\/shop\/"},{"@type":"ListItem","position":3,"name":"Kennels' Favourite\u00ae","item":"https:\/\/www.profpetcorporation.com\/tr\/merken\/kennels-favourite-tr\/"},{"@type":"ListItem","position":4,"name":"Kennels` Favourite\u00ae Turkey &#038; Pineapple 200g"}]},{"@type":"WebSite","@id":"https:\/\/www.profpetcorporation.com\/tr\/#website","url":"https:\/\/www.profpetcorporation.com\/tr\/","name":"Prof Pet Corporation","description":"","potentialAction":[{"@type":"SearchAction","target":{"@type":"EntryPoint","urlTemplate":"https:\/\/www.profpetcorporation.com\/tr\/?s={search_term_string}"},"query-input":{"@type":"PropertyValueSpecification","valueRequired":true,"valueName":"search_term_string"}}],"inLanguage":"tr"}]}},"_links":{"self":[{"href":"https:\/\/www.profpetcorporation.com\/tr\/wp-json\/wp\/v2\/product\/5234","targetHints":{"allow":["GET"]}}],"collection":[{"href":"https:\/\/www.profpetcorporation.com\/tr\/wp-json\/wp\/v2\/product"}],"about":[{"href":"https:\/\/www.profpetcorporation.com\/tr\/wp-json\/wp\/v2\/types\/product"}],"replies":[{"embeddable":true,"href":"https:\/\/www.profpetcorporation.com\/tr\/wp-json\/wp\/v2\/comments?post=5234"}],"wp:featuredmedia":[{"embeddable":true,"href":"https:\/\/www.profpetcorporation.com\/tr\/wp-json\/wp\/v2\/media\/1233"}],"wp:attachment":[{"href":"https:\/\/www.profpetcorporation.com\/tr\/wp-json\/wp\/v2\/media?parent=5234"}],"wp:term":[{"taxonomy":"product_brand","embeddable":true,"href":"https:\/\/www.profpetcorporation.com\/tr\/wp-json\/wp\/v2\/product_brand?post=5234"},{"taxonomy":"product_cat","embeddable":true,"href":"https:\/\/www.profpetcorporation.com\/tr\/wp-json\/wp\/v2\/product_cat?post=5234"},{"taxonomy":"product_tag","embeddable":true,"href":"https:\/\/www.profpetcorporation.com\/tr\/wp-json\/wp\/v2\/product_tag?post=5234"}],"curies":[{"name":"wp","href":"https:\/\/api.w.org\/{rel}","templated":true}]}}