{"id":5230,"date":"2024-07-09T18:40:21","date_gmt":"2024-07-09T18:40:21","guid":{"rendered":"https:\/\/www.profpetcorporation.com\/?post_type=product&#038;p=5230"},"modified":"2024-12-15T07:37:38","modified_gmt":"2024-12-15T07:37:38","slug":"kennels-favourite-puppy-410g","status":"publish","type":"product","link":"https:\/\/www.profpetcorporation.com\/tr\/urun\/kennels-favourite-puppy-410g\/","title":{"rendered":"Kennels` Favourite\u00ae Puppy 410g"},"content":{"rendered":"<p style=\"text-align: justify;\"><span style=\"font-size: medium;\"><strong>Kennels` Favourite<\/strong>\u00ae<strong> ya\u015f \u00fcr\u00fcnleri i\u00e7in kullan\u0131lan t\u00fcm etler yerel tedarik\u00e7ilerden temin edilir ve men\u015feine kadar tamamen izlenebilir. Kennels` Favourite<\/strong>\u00ae<strong> ya\u015f \u00fcr\u00fcnleri %100 Do\u011fal \u0130\u00e7erikler i\u00e7erir. ya\u015f\u00fcr\u00fcnlerine herhangi bir yapay renklendirici, tatland\u0131r\u0131c\u0131, koruyucu veya soya i\u00e7ermez. K\u00f6pekler, etin do\u011fal tad\u0131na ve Kennels` Favourite<\/strong>\u00ae <strong>\u00fcr\u00fcnlerimizin nefis kokusuna bay\u0131l\u0131r. Siz, sahibi olarak, evcil hayvan\u0131n\u0131z\u0131 sa\u011fl\u0131kl\u0131 ve mutlu etmek i\u00e7in gereken protein, do\u011fal ya\u011flar ve ilave vitamin ve minerallerin optimal dengesine sahip oldu\u011fu ger\u00e7e\u011fini takdir edeceksiniz. <\/strong><\/span><\/p>\n<p style=\"text-align: justify;\"><span style=\"font-size: medium;\"><strong>\u00dcr\u00fcnlerimizin lezzeti bizim i\u00e7in en b\u00fcy\u00fck de\u011ferdir. Kennels` Favourite<\/strong>\u00ae<strong>, k\u00f6pe\u011finizin ilk \u0131s\u0131r\u0131ktan sonuncusuna kadar et par\u00e7alar\u0131n\u0131 sevece\u011finden emin olmak i\u00e7in do\u011fal olarak harika bir tada ve sulu dokuya sahip \u00fcr\u00fcnlerdir. <\/strong><\/span><\/p>\n<p><span style=\"font-size: medium;\"><strong><br \/>\n<\/strong><\/span><span style=\"font-size: medium;\"><b><span lang=\"TR\">\u0130\u00e7indekiler<\/span><\/b><strong>:<\/strong> et ve hayvansal t\u00fcrevler (en az %4 hindi eti dahil), bitkisel k\u00f6kenli yan \u00fcr\u00fcnler, vitaminler ve mineraller ile zenginle\u015ftirilmi\u015ftir.<\/span><\/p>\n<p>&nbsp;<\/p>\n<p><span style=\"font-size: medium;\"><strong>Besin katkilari:<\/strong> <\/span><\/p>\n<table border=\"0\" width=\"544\" cellspacing=\"1\" cellpadding=\"1\">\n<tbody>\n<tr>\n<td valign=\"top\"><span style=\"font-size: medium;\">A Vitamini<br \/>\nD3 Vitamini<br \/>\nE Vitamini<\/span><\/td>\n<td valign=\"top\"><span style=\"font-size: medium;\">2.250 \u0130\u00dc\/kg<br \/>\n328 \u0130\u00dc\/kg<br \/>\n26 mg\/kg<\/span><\/td>\n<td valign=\"top\"><span style=\"font-size: medium;\">\u00c7inko s\u00fclfat monohidrat<br \/>\nDemir(II) s\u00fclfat monohidrat<br \/>\nBak\u0131r s\u00fclfat pentahidrat<br \/>\nManganez s\u00fclfat monohidrat<br \/>\nSodyum selenit<br \/>\nKalsiyum iyodat, susuz<\/span><\/td>\n<td valign=\"top\"><span style=\"font-size: medium;\">24.0 mg\/kg<br \/>\n12.5 mg\/kg<br \/>\n2.50 mg\/kg<br \/>\n2.00 mg\/kg<br \/>\n0.04 mg\/kg<br \/>\n0.45 mg\/kg<\/span><span style=\"font-size: medium;\"><br \/>\n<\/span><\/td>\n<\/tr>\n<\/tbody>\n<\/table>\n<p><strong><br \/>\n<span style=\"font-size: medium;\">Analitik bile\u015fenleri:<\/span><\/strong><\/p>\n<table border=\"0\" width=\"544\" cellspacing=\"1\" cellpadding=\"1\">\n<tbody>\n<tr>\n<td valign=\"top\">Ham protein<br \/>\nDoymu\u015f ya\u011f<br \/>\nHam k\u00fcl<br \/>\nHam sel\u00fcloz<br \/>\nNem<\/td>\n<td valign=\"top\">%10<br \/>\n%6<br \/>\n%3<br \/>\n%0.4<br \/>\n%80<\/td>\n<td valign=\"top\"><span style=\"font-size: medium;\"><span style=\"color: #f2f3f0;\">\u00a0\u00a0\u00a0\u00a0\u00a0\u00a0\u00a0\u00a0\u00a0\u00a0\u00a0\u00a0\u00a0 \u00a0 \u00a0 \u00a0\u00a0 \u00a0\u00a0 \u00a0\u00a0\u00a0 Y<\/span><\/span><\/td>\n<td valign=\"top\"><span style=\"font-size: medium;\"><span style=\"color: #f2f3f0;\">\u00a0\u00a0\u00a0\u00a0\u00a0\u00a0\u00a0\u00a0 \u00a0 \u00a0 \u00a0\u00a0 \u00a0\u00a0 \u00a0\u00a0\u00a0\u00a0\u00a0\u00a0\u00a0\u00a0\u00a0\u00a0\u00a0 Y<\/span><\/span><span style=\"font-size: medium;\"><br \/>\n<\/span><\/td>\n<\/tr>\n<\/tbody>\n<\/table>\n<p style=\"text-align: justify;\"><span style=\"font-size: medium;\"><strong>Beslenme Rehberi:<\/strong> Orta cins (10-25 kg) yeti\u015fkin k\u00f6peklerin her g\u00fcn en az iki \u00f6\u011f\u00fcnde \u00be ile 1\u00bd kutuya ihtiyac\u0131 vard\u0131r. B\u00fcy\u00fck cins yeti\u015fkin k\u00f6pek (25-45 kg), her g\u00fcn en az iki \u00f6\u011f\u00fcnde 1\u00bd ile 2\u2153 kutuya ihtiya\u00e7 duyar. \u00c7ok b\u00fcy\u00fck cins (45-70 kg) yeti\u015fkin k\u00f6pek, her g\u00fcn en az iki \u00f6\u011f\u00fcnde 2\u2153 ile 3\u00bc kutuya ihtiya\u00e7 duyar. Taze i\u00e7me suyu her zaman mevcut olmal\u0131d\u0131r. <\/span><\/p>\n<p style=\"text-align: justify;\"><span style=\"font-size: medium;\"><strong>Saklama ko\u015fullar\u0131:<\/strong> Serin ve kuru bir yerde saklay\u0131n. A\u00e7\u0131ld\u0131ktan sonra kullan\u0131lmayan i\u00e7erikleri kapakl\u0131 bir kapta buzdolab\u0131nda saklay\u0131n ve 48 saat i\u00e7inde kullan\u0131n\u0131z. Daha lezzetli oldu\u011fu i\u00e7in oda s\u0131cakl\u0131\u011f\u0131nda servis edilmesi en iyisidir ve daha \u00e7ok keyif alacaklard\u0131r. Yiyecekleri temiz bir kapta servis edin.<br \/>\n<\/span><\/p>\n<p><span style=\"font-size: medium;\"><strong>Net a\u011f\u0131rl\u0131k:<\/strong> 410g<br \/>\n<strong>Kolay a\u00e7\u0131labilir kapak.<\/strong><br \/>\n<strong>En iyi kullan\u0131m \u015fekli:<\/strong> bkz. kutu taban\u0131.<\/span><\/p>\n<p style=\"text-align: justify;\"><span style=\"font-size: medium;\"><em><strong>Prof Pet Corporation&#8217;da evcil hayvanlar bizim i\u00e7in \u00f6nceliklidir. Evcil hayvanlar\u0131n beslenme ihtiya\u00e7lar\u0131n\u0131 kar\u015f\u0131lamak i\u00e7in evcil hayvan mamas\u0131 \u00fcr\u00fcnlerimizin form\u00fcllerini s\u00fcrekli geli\u015ftiriyor ve Veteriner Beslenmesi alan\u0131nda uluslararas\u0131 kabul g\u00f6rm\u00fc\u015f uzmanlarla yak\u0131n i\u015fbirli\u011fi i\u00e7inde \u00e7al\u0131\u015f\u0131yoruz.<br \/>\n\u00dcr\u00fcnlerimiz i\u00e7in s\u00fcrekli olarak en kaliteli \u00fcr\u00fcnleri \u00fcretmek i\u00e7in sadece en iyi do\u011fal, yerel malzemeler tedarik edilmektedir. \u00dcr\u00fcnlerimiz, men\u015feine kadar tam izlenebilirliktedirler. Kat\u0131 kalite y\u00f6netmeliklerine g\u00f6re form\u00fcle edilmi\u015f ve \u00fcretilmi\u015ftir.<\/strong><\/em><\/span><\/p>\n<p>&nbsp;<\/p>\n<p><span style=\"font-size: medium;\">EAN 8717496481856\u00a0\u00a0\u00a0 410g<br \/>\n<\/span><\/p>\n<p>&nbsp;<\/p>\n<p>&nbsp;<\/p>\n","protected":false},"excerpt":{"rendered":"<ul>\n<li><em><strong><span style=\"font-size: medium;\">%100 Do\u011fal Malzemeler<img loading=\"lazy\" decoding=\"async\" class=\"size-full wp-image-5121 alignright\" src=\"https:\/\/www.profpetcorporation.com\/wp-content\/uploads\/2024\/12\/TR-NO-CEREALS.jpg\" alt=\"\" width=\"220\" height=\"1096\" \/> <\/span><\/strong><\/em><\/li>\n<li><em><strong><span style=\"font-size: medium;\">Vitaminlerle Zenginle\u015ftirilmi\u015f<br \/>\n<\/span><\/strong><\/em><\/li>\n<li><em><strong><span style=\"font-size: medium;\">Eklenen Tah\u0131l YOK<\/span><\/strong><\/em><strong><span style=\"font-size: medium;\"><br \/>\n<\/span><\/strong><\/li>\n<li><em><strong><span style=\"font-size: medium;\">Yapay Renklendirici YOK<\/span><\/strong><\/em><\/li>\n<li><em><strong><span style=\"font-size: medium;\">Yapay Tatland\u0131r\u0131c\u0131 YOK <\/span><\/strong><\/em><strong><span style=\"font-size: medium;\"><br \/>\n<\/span><\/strong><\/li>\n<li><strong><em><strong><span style=\"font-size: medium;\">Soya ilavesi YOK <\/span><\/strong><\/em><\/strong><\/li>\n<li><em><strong><span style=\"font-size: medium;\">Eklenen Yumurta ve S\u00fct \u00dcr\u00fcnleri YOK <\/span><\/strong><\/em><strong><span style=\"font-size: medium;\"><br \/>\n<\/span><\/strong><\/li>\n<\/ul>\n<p><span style=\"font-size: large;\"><span style=\"color: #cc0000;\"><strong><br \/>\n<\/strong>100g ba\u015f\u0131na 93 Kcal<strong><br \/>\n<\/strong><\/span><\/span><\/p>\n","protected":false},"featured_media":1314,"comment_status":"open","ping_status":"closed","template":"","meta":{"_acf_changed":false},"product_brand":[],"product_cat":[226,216],"product_tag":[],"class_list":{"0":"post-5230","1":"product","2":"type-product","3":"status-publish","4":"has-post-thumbnail","6":"product_cat-kennels-favourite-tr","7":"product_cat-konserve-kopek-mamasi-410g-1240g","9":"first","10":"instock","11":"shipping-taxable","12":"product-type-simple"},"acf":[],"yoast_head":"<!-- This site is optimized with the Yoast SEO plugin v27.3 - https:\/\/yoast.com\/product\/yoast-seo-wordpress\/ -->\n<title>Kennels` Favourite\u00ae Puppy 410g - Prof Pet Corporation<\/title>\n<meta name=\"robots\" content=\"index, follow, max-snippet:-1, max-image-preview:large, max-video-preview:-1\" \/>\n<link rel=\"canonical\" href=\"https:\/\/www.profpetcorporation.com\/tr\/urun\/kennels-favourite-puppy-410g\/\" \/>\n<meta property=\"og:locale\" content=\"tr_TR\" \/>\n<meta property=\"og:type\" content=\"article\" \/>\n<meta property=\"og:title\" content=\"Kennels` Favourite\u00ae Puppy 410g - Prof Pet Corporation\" \/>\n<meta property=\"og:description\" content=\"%100 Do\u011fal Malzemeler   Vitaminlerle Zenginle\u015ftirilmi\u015f   Eklenen Tah\u0131l YOK   Yapay Renklendirici YOK  Yapay Tatland\u0131r\u0131c\u0131 YOK    Soya ilavesi YOK   Eklenen Yumurta ve S\u00fct \u00dcr\u00fcnleri YOK     100g ba\u015f\u0131na 93 Kcal\" \/>\n<meta property=\"og:url\" content=\"https:\/\/www.profpetcorporation.com\/tr\/urun\/kennels-favourite-puppy-410g\/\" \/>\n<meta property=\"og:site_name\" content=\"Prof Pet Corporation\" \/>\n<meta property=\"article:modified_time\" content=\"2024-12-15T07:37:38+00:00\" \/>\n<meta property=\"og:image\" content=\"https:\/\/www.profpetcorporation.com\/wp-content\/uploads\/2024\/06\/web-Kennels-Favourite-410g-Puppy.jpg\" \/>\n\t<meta property=\"og:image:width\" content=\"1079\" \/>\n\t<meta property=\"og:image:height\" content=\"1081\" \/>\n\t<meta property=\"og:image:type\" content=\"image\/jpeg\" \/>\n<meta name=\"twitter:card\" content=\"summary_large_image\" \/>\n<meta name=\"twitter:label1\" content=\"Tahmini okuma s\u00fcresi\" \/>\n\t<meta name=\"twitter:data1\" content=\"3 dakika\" \/>\n<script type=\"application\/ld+json\" class=\"yoast-schema-graph\">{\"@context\":\"https:\\\/\\\/schema.org\",\"@graph\":[{\"@type\":\"WebPage\",\"@id\":\"https:\\\/\\\/www.profpetcorporation.com\\\/tr\\\/urun\\\/kennels-favourite-puppy-410g\\\/\",\"url\":\"https:\\\/\\\/www.profpetcorporation.com\\\/tr\\\/urun\\\/kennels-favourite-puppy-410g\\\/\",\"name\":\"Kennels` Favourite\u00ae Puppy 410g - Prof Pet Corporation\",\"isPartOf\":{\"@id\":\"https:\\\/\\\/www.profpetcorporation.com\\\/tr\\\/#website\"},\"primaryImageOfPage\":{\"@id\":\"https:\\\/\\\/www.profpetcorporation.com\\\/tr\\\/urun\\\/kennels-favourite-puppy-410g\\\/#primaryimage\"},\"image\":{\"@id\":\"https:\\\/\\\/www.profpetcorporation.com\\\/tr\\\/urun\\\/kennels-favourite-puppy-410g\\\/#primaryimage\"},\"thumbnailUrl\":\"https:\\\/\\\/www.profpetcorporation.com\\\/wp-content\\\/uploads\\\/2024\\\/06\\\/web-Kennels-Favourite-410g-Puppy.jpg\",\"datePublished\":\"2024-07-09T18:40:21+00:00\",\"dateModified\":\"2024-12-15T07:37:38+00:00\",\"breadcrumb\":{\"@id\":\"https:\\\/\\\/www.profpetcorporation.com\\\/tr\\\/urun\\\/kennels-favourite-puppy-410g\\\/#breadcrumb\"},\"inLanguage\":\"tr\",\"potentialAction\":[{\"@type\":\"ReadAction\",\"target\":[\"https:\\\/\\\/www.profpetcorporation.com\\\/tr\\\/urun\\\/kennels-favourite-puppy-410g\\\/\"]}]},{\"@type\":\"ImageObject\",\"inLanguage\":\"tr\",\"@id\":\"https:\\\/\\\/www.profpetcorporation.com\\\/tr\\\/urun\\\/kennels-favourite-puppy-410g\\\/#primaryimage\",\"url\":\"https:\\\/\\\/www.profpetcorporation.com\\\/wp-content\\\/uploads\\\/2024\\\/06\\\/web-Kennels-Favourite-410g-Puppy.jpg\",\"contentUrl\":\"https:\\\/\\\/www.profpetcorporation.com\\\/wp-content\\\/uploads\\\/2024\\\/06\\\/web-Kennels-Favourite-410g-Puppy.jpg\",\"width\":1079,\"height\":1081},{\"@type\":\"BreadcrumbList\",\"@id\":\"https:\\\/\\\/www.profpetcorporation.com\\\/tr\\\/urun\\\/kennels-favourite-puppy-410g\\\/#breadcrumb\",\"itemListElement\":[{\"@type\":\"ListItem\",\"position\":1,\"name\":\"Home\",\"item\":\"https:\\\/\\\/www.profpetcorporation.com\\\/tr\\\/\"},{\"@type\":\"ListItem\",\"position\":2,\"name\":\"Shop\",\"item\":\"https:\\\/\\\/www.profpetcorporation.com\\\/shop\\\/\"},{\"@type\":\"ListItem\",\"position\":3,\"name\":\"Kennels' Favourite\u00ae\",\"item\":\"https:\\\/\\\/www.profpetcorporation.com\\\/tr\\\/merken\\\/kennels-favourite-tr\\\/\"},{\"@type\":\"ListItem\",\"position\":4,\"name\":\"Kennels` Favourite\u00ae Puppy 410g\"}]},{\"@type\":\"WebSite\",\"@id\":\"https:\\\/\\\/www.profpetcorporation.com\\\/tr\\\/#website\",\"url\":\"https:\\\/\\\/www.profpetcorporation.com\\\/tr\\\/\",\"name\":\"Prof Pet Corporation\",\"description\":\"\",\"potentialAction\":[{\"@type\":\"SearchAction\",\"target\":{\"@type\":\"EntryPoint\",\"urlTemplate\":\"https:\\\/\\\/www.profpetcorporation.com\\\/tr\\\/?s={search_term_string}\"},\"query-input\":{\"@type\":\"PropertyValueSpecification\",\"valueRequired\":true,\"valueName\":\"search_term_string\"}}],\"inLanguage\":\"tr\"}]}<\/script>\n<!-- \/ Yoast SEO plugin. -->","yoast_head_json":{"title":"Kennels` Favourite\u00ae Puppy 410g - Prof Pet Corporation","robots":{"index":"index","follow":"follow","max-snippet":"max-snippet:-1","max-image-preview":"max-image-preview:large","max-video-preview":"max-video-preview:-1"},"canonical":"https:\/\/www.profpetcorporation.com\/tr\/urun\/kennels-favourite-puppy-410g\/","og_locale":"tr_TR","og_type":"article","og_title":"Kennels` Favourite\u00ae Puppy 410g - Prof Pet Corporation","og_description":"%100 Do\u011fal Malzemeler   Vitaminlerle Zenginle\u015ftirilmi\u015f   Eklenen Tah\u0131l YOK   Yapay Renklendirici YOK  Yapay Tatland\u0131r\u0131c\u0131 YOK    Soya ilavesi YOK   Eklenen Yumurta ve S\u00fct \u00dcr\u00fcnleri YOK     100g ba\u015f\u0131na 93 Kcal","og_url":"https:\/\/www.profpetcorporation.com\/tr\/urun\/kennels-favourite-puppy-410g\/","og_site_name":"Prof Pet Corporation","article_modified_time":"2024-12-15T07:37:38+00:00","og_image":[{"width":1079,"height":1081,"url":"https:\/\/www.profpetcorporation.com\/wp-content\/uploads\/2024\/06\/web-Kennels-Favourite-410g-Puppy.jpg","type":"image\/jpeg"}],"twitter_card":"summary_large_image","twitter_misc":{"Tahmini okuma s\u00fcresi":"3 dakika"},"schema":{"@context":"https:\/\/schema.org","@graph":[{"@type":"WebPage","@id":"https:\/\/www.profpetcorporation.com\/tr\/urun\/kennels-favourite-puppy-410g\/","url":"https:\/\/www.profpetcorporation.com\/tr\/urun\/kennels-favourite-puppy-410g\/","name":"Kennels` Favourite\u00ae Puppy 410g - Prof Pet Corporation","isPartOf":{"@id":"https:\/\/www.profpetcorporation.com\/tr\/#website"},"primaryImageOfPage":{"@id":"https:\/\/www.profpetcorporation.com\/tr\/urun\/kennels-favourite-puppy-410g\/#primaryimage"},"image":{"@id":"https:\/\/www.profpetcorporation.com\/tr\/urun\/kennels-favourite-puppy-410g\/#primaryimage"},"thumbnailUrl":"https:\/\/www.profpetcorporation.com\/wp-content\/uploads\/2024\/06\/web-Kennels-Favourite-410g-Puppy.jpg","datePublished":"2024-07-09T18:40:21+00:00","dateModified":"2024-12-15T07:37:38+00:00","breadcrumb":{"@id":"https:\/\/www.profpetcorporation.com\/tr\/urun\/kennels-favourite-puppy-410g\/#breadcrumb"},"inLanguage":"tr","potentialAction":[{"@type":"ReadAction","target":["https:\/\/www.profpetcorporation.com\/tr\/urun\/kennels-favourite-puppy-410g\/"]}]},{"@type":"ImageObject","inLanguage":"tr","@id":"https:\/\/www.profpetcorporation.com\/tr\/urun\/kennels-favourite-puppy-410g\/#primaryimage","url":"https:\/\/www.profpetcorporation.com\/wp-content\/uploads\/2024\/06\/web-Kennels-Favourite-410g-Puppy.jpg","contentUrl":"https:\/\/www.profpetcorporation.com\/wp-content\/uploads\/2024\/06\/web-Kennels-Favourite-410g-Puppy.jpg","width":1079,"height":1081},{"@type":"BreadcrumbList","@id":"https:\/\/www.profpetcorporation.com\/tr\/urun\/kennels-favourite-puppy-410g\/#breadcrumb","itemListElement":[{"@type":"ListItem","position":1,"name":"Home","item":"https:\/\/www.profpetcorporation.com\/tr\/"},{"@type":"ListItem","position":2,"name":"Shop","item":"https:\/\/www.profpetcorporation.com\/shop\/"},{"@type":"ListItem","position":3,"name":"Kennels' Favourite\u00ae","item":"https:\/\/www.profpetcorporation.com\/tr\/merken\/kennels-favourite-tr\/"},{"@type":"ListItem","position":4,"name":"Kennels` Favourite\u00ae Puppy 410g"}]},{"@type":"WebSite","@id":"https:\/\/www.profpetcorporation.com\/tr\/#website","url":"https:\/\/www.profpetcorporation.com\/tr\/","name":"Prof Pet Corporation","description":"","potentialAction":[{"@type":"SearchAction","target":{"@type":"EntryPoint","urlTemplate":"https:\/\/www.profpetcorporation.com\/tr\/?s={search_term_string}"},"query-input":{"@type":"PropertyValueSpecification","valueRequired":true,"valueName":"search_term_string"}}],"inLanguage":"tr"}]}},"_links":{"self":[{"href":"https:\/\/www.profpetcorporation.com\/tr\/wp-json\/wp\/v2\/product\/5230","targetHints":{"allow":["GET"]}}],"collection":[{"href":"https:\/\/www.profpetcorporation.com\/tr\/wp-json\/wp\/v2\/product"}],"about":[{"href":"https:\/\/www.profpetcorporation.com\/tr\/wp-json\/wp\/v2\/types\/product"}],"replies":[{"embeddable":true,"href":"https:\/\/www.profpetcorporation.com\/tr\/wp-json\/wp\/v2\/comments?post=5230"}],"wp:featuredmedia":[{"embeddable":true,"href":"https:\/\/www.profpetcorporation.com\/tr\/wp-json\/wp\/v2\/media\/1314"}],"wp:attachment":[{"href":"https:\/\/www.profpetcorporation.com\/tr\/wp-json\/wp\/v2\/media?parent=5230"}],"wp:term":[{"taxonomy":"product_brand","embeddable":true,"href":"https:\/\/www.profpetcorporation.com\/tr\/wp-json\/wp\/v2\/product_brand?post=5230"},{"taxonomy":"product_cat","embeddable":true,"href":"https:\/\/www.profpetcorporation.com\/tr\/wp-json\/wp\/v2\/product_cat?post=5230"},{"taxonomy":"product_tag","embeddable":true,"href":"https:\/\/www.profpetcorporation.com\/tr\/wp-json\/wp\/v2\/product_tag?post=5230"}],"curies":[{"name":"wp","href":"https:\/\/api.w.org\/{rel}","templated":true}]}}