{"id":5186,"date":"2024-07-09T16:46:08","date_gmt":"2024-07-09T16:46:08","guid":{"rendered":"https:\/\/www.profpetcorporation.com\/?post_type=product&#038;p=5186"},"modified":"2025-04-12T11:13:23","modified_gmt":"2025-04-12T11:13:23","slug":"kennels-favourite-100-veggie-75kg","status":"publish","type":"product","link":"https:\/\/www.profpetcorporation.com\/tr\/urun\/kennels-favourite-100-veggie-75kg\/","title":{"rendered":"Kennels` Favourite\u00ae 100% Veggie 7,5kg"},"content":{"rendered":"<p style=\"text-align: justify;\"><span style=\"font-size: medium;\"><strong>Kennels&#8217;<span style=\"color: #ffffff;\">.<\/span>Favourite<\/strong>\u00ae<strong> Veggie<\/strong><strong>, <b>her \u0131rk ve ya\u015ftaki k\u00f6pekler i\u00e7in tam ve dengeli vejetaryen s\u00fcper premium kuru mamad\u0131r. M\u00fckemmel sindirimi desteklemek i\u00e7in eklenmi\u015f bu\u011fday i\u00e7ermeden form\u00fcle edilmi\u015ftir<\/b>. <\/strong><strong>Kennels&#8217;<span style=\"color: #ffffff;\">.<\/span>Favourite<\/strong>\u00ae<strong> Veggie<\/strong>, esansiyel vitaminler, mineraller ve ya\u011flarla zenginle\u015ftirilmi\u015ftir; renklendirici, koruyucu veya aroma eklenmemi\u015ftir.\u00a0\u00a0<\/span><span style=\"font-size: medium;\"><strong><br \/>\n<\/strong><\/span><strong><span style=\"font-size: medium;\">\u00a0<\/span><\/strong><\/p>\n<ul>\n<li style=\"text-align: justify;\"><strong>\u00ab<\/strong><strong>Hassas Sindirim\u00bb Form\u00fcl\u00fc, Bu\u011fday Glutensiz form\u00fcle edilmi\u015f: Kennels` Favourite<\/strong>\u00ae<strong> Veggie<\/strong>, bu\u011fday proteini (gluten) i\u00e7ermedi\u011fi i\u00e7in g\u0131da kaynakl\u0131 alerjik reaksiyonlardan korur. Gluten, zor bir \u015fekilde sindirilir ve ba\u011f\u0131rsaklarda zararl\u0131 bakterilerin \u00e7o\u011falmas\u0131n\u0131 sa\u011flar; bu da toksinlerin olu\u015fumuna yol a\u00e7ar<span style=\"font-size: medium;\">. <\/span><span style=\"font-size: medium;\"><br \/>\n<\/span><\/li>\n<li style=\"text-align: justify;\"><strong>\u00abSindirim Sa\u011fl\u0131\u011f\u0131\u00bb Form\u00fcl\u00fc, Prebiyotikler Mannanoligosakkaritler ve Fruktooligisakkaritler (MOS+FOS): <\/strong>Ba\u011f\u0131rsakta faydal\u0131 bakterilerin b\u00fcy\u00fcmesini destekler. Ba\u011f\u0131rsak aktivitesi ve d\u0131\u015fk\u0131lama \u00fczerinde olumlu bir etki uygulayarak peristaltik hareketi te\u015fvik eder. Ba\u011f\u0131rsaklar\u0131 patojenik bakterilere kar\u015f\u0131 korur<span style=\"font-size: medium;\">.<\/span><\/li>\n<li style=\"text-align: justify;\"><span style=\"font-size: medium;\"><strong>Hassas Sindirim\u00bb Form\u00fcl\u00fc, Bu\u011fday Glutensiz form\u00fcle edilmi\u015f:<\/strong> Y\u00fcksek taurin i\u00e7eri\u011fi sayesinde sa\u011flan\u0131r. Taurin (2-aminoetan s\u00fclfonik asit), metiyonin ve sisteinden olu\u015fan organik bir asittir ve kalbin d\u00fczg\u00fcn \u00e7al\u0131\u015fmas\u0131 i\u00e7in gereklidir. Taurin, kalp kas\u0131n\u0131n i\u015fleyi\u015finde \u00f6nemli bir rol oynar. Mama i\u00e7ine eklenmesi, hayvan\u0131 kalp hastal\u0131\u011f\u0131ndan korumaya yard\u0131mc\u0131 olur.<\/span> <span style=\"font-size: medium;\"><br \/>\n<\/span><\/li>\n<li style=\"text-align: justify;\"><span style=\"font-size: medium;\"><b>D\u00fc\u015f\u00fck Sodyum (Na):<\/b>\u00a0Hipertansiyonu \u00f6nler.<br \/>\n<\/span><\/li>\n<li style=\"text-align: justify;\"><span style=\"font-size: medium;\"><b>D\u00fc\u015f\u00fck Arachidonik Asit (\u03c96):<\/b>\u00a0Pro-inflamatuar eikosanoidlerin \u00fcretimini azalt\u0131r.<br \/>\n<\/span><\/li>\n<li style=\"text-align: justify;\"><span style=\"font-size: medium;\"><b>B\u00f6brek ve Karaci\u011fer Fonksiyonunun \u0130yile\u015ftirilmesi:<\/b> D\u00fc\u015f\u00fck protein i\u00e7eri\u011fi %23 (13g\/MJ) amonyak \u00fcretimini azalt\u0131r, b\u00f6ylece b\u00f6brek ve karaci\u011ferin i\u015flevini kolayla\u015ft\u0131r\u0131r. Ayn\u0131 zamanda kas k\u00fctlesini korur. D\u00fc\u015f\u00fck fosfor (P) seviyesi + Y\u00fcksek E vitamini seviyesi, karaci\u011fer ve b\u00f6brek yetmezli\u011fi riskini azalt\u0131r. D\u00fc\u015f\u00fck sodyum (Na) i\u00e7eri\u011fi, kan bas\u0131nc\u0131n\u0131 kontrol etmeye ve b\u00f6brek fonksiyonunun iyi bir \u015fekilde s\u00fcrd\u00fcr\u00fclmesine katk\u0131da bulunur.<\/span><\/li>\n<li style=\"text-align: justify;\"><strong>Y\u00fcksek sindirilebilir proteinler:<\/strong> Optimal sindirimi ve verimli besin d\u00f6n\u00fc\u015f\u00fcm\u00fcn\u00fc sa\u011flar, yiyeceklere kar\u015f\u0131 olumsuz reaksiyonlar\u0131 \u00f6nler<span style=\"font-size: medium;\">.<\/span><\/li>\n<li style=\"text-align: justify;\"><strong>Do\u011fal antioksidan kar\u0131\u015f\u0131m: <\/strong>Kanser ve b\u00f6brek yetmezli\u011finin geli\u015fmesinde ve ilerlemesinde rol oynayan serbest radikallerin olu\u015fumunu azalt\u0131r. Doku yap\u0131lar\u0131n\u0131n ya\u015fa ba\u011fl\u0131 d\u00fc\u015f\u00fc\u015f\u00fcn\u00fc tersine \u00e7evirir<span style=\"font-size: medium;\">.<\/span><\/li>\n<li style=\"text-align: justify;\"><span style=\"font-size: medium;\"><strong>Nem seviyesi %8: <\/strong>K\u00f6t\u00fc huylu bakterilerin \u00e7o\u011falmas\u0131n\u0131 engeller ve b\u00f6ylece mamay\u0131 \u00e7\u00fcr\u00fcmeye kar\u015f\u0131 korur, bile\u015fenlerin ayr\u0131\u015fmaya kar\u015f\u0131 maksimum dirence sahip olmas\u0131n\u0131 garanti eder.<\/span> <strong><span style=\"font-size: medium;\"><strong><br \/>\n<\/strong><\/span><\/strong><\/li>\n<\/ul>\n<p style=\"text-align: justify;\"><span style=\"font-size: medium;\"><b>Bile\u015fim<\/b><br \/>\nM\u0131s\u0131r Gluteni, Pirin\u00e7, Pirin\u00e7 Kepe\u011fi, \u0130nci Arpa, Bah\u00e7e Bezelyesi, Taze M\u0131s\u0131r, Mineral Maddeler, Ay\u00e7i\u00e7e\u011fi Ya\u011f\u0131, \u00d6\u011f\u00fct\u00fclm\u00fc\u015f Keten Tohumu, Kurutulmu\u015f Pancar P\u00fcresi (pektin a\u00e7\u0131s\u0131ndan zengin), Kurutulmu\u015f Aktif Olmayan Maya Saccharomyces Cerevisiae (Mannanoligosakaritlerin (Prebiyotik MOS %0.15) Do\u011fal Kayna\u011f\u0131), Hidrolize Maya Ekstresi, Ar\u0131nd\u0131r\u0131lm\u0131\u015f Bitkisel Lif (Sel\u00fcloz), Dehidre Cichorium K\u00f6k Ekstresi (\u0130nulin ve Fruktooligosakaritlerin (Prebiyotik FOS %0.095) Do\u011fal Kayna\u011f\u0131).<\/span><\/p>\n<p><strong><span style=\"font-size: medium;\">Antioksidanlar:<\/span><\/strong><span style=\"font-size: medium;\"> Oksidasyon azalt\u0131c\u0131 madde ile zenginle\u015ftirilmi\u015f, tokoferol bak\u0131m\u0131ndan zengin, do\u011fal bir kaynak (bitkisel ya\u011flardan ekstrakte edilmi\u015f) g\u00fc\u00e7l\u00fc ekstrakt (vitamin E).<br \/>\n<strong>Kennels` Favourite<\/strong>\u00ae \u00fcr\u00fcnleri NRC, AAFCO ve FEDIAF taraf\u0131ndan belirtilen gereksinimleri kar\u015f\u0131lar. Yapay tatland\u0131r\u0131c\u0131 ve renklendirici i\u00e7ermez.<\/span><\/p>\n<table border=\"0\" width=\"530\" cellspacing=\"1\" cellpadding=\"1\">\n<tbody>\n<tr>\n<td valign=\"top\"><span style=\"font-size: medium;\"><strong>Analitik bile\u015fenleri<\/strong><\/span><\/td>\n<td valign=\"top\"><\/td>\n<td valign=\"top\"><span style=\"font-size: medium;\"><strong>Besin katkilari<\/strong><\/span><\/td>\n<td valign=\"top\"><\/td>\n<td><span style=\"font-size: medium;\">\u00a0<\/span><\/td>\n<\/tr>\n<tr>\n<td valign=\"top\"><span style=\"font-size: medium;\">Nem<br \/>\nHam protein<br \/>\nDoymu\u015f ya\u011f<br \/>\nHam k\u00fcl<br \/>\nHam sel\u00fcloz<br \/>\nKalsiyum (Ca)<br \/>\nFosfor (P)<br \/>\nSodyum (Na)<br \/>\nMagnezyum (Mg)<br \/>\nPotasyum (K)<br \/>\nLizin<br \/>\nMetionin<br \/>\nSistin<br \/>\nTreonin<br \/>\nTriptofan<br \/>\nLinoleik asit (\u03c96)<br \/>\n\u03b1-Linolenik asit (\u03c93)<br \/>\nAra\u015fidonik asit (\u03c96)<br \/>\nKarbonhidratlar<\/span><\/td>\n<td valign=\"top\"><span style=\"font-size: medium;\">8.00 %<br \/>\n23.0 %<br \/>\n9.00 %<br \/>\n6.90 %<br \/>\n3.10 %<br \/>\n1.05 %<br \/>\n0.85 %<br \/>\n2.50 g\/kg<br \/>\n1.60 g\/kg<br \/>\n6.30 g\/kg<br \/>\n11.3 g\/kg<br \/>\n5.50 g\/kg<br \/>\n4.50 g\/kg<br \/>\n7.60 g\/kg<br \/>\n1.60 g\/kg<br \/>\n34.0 g\/kg<br \/>\n5.00 g\/kg<br \/>\n0.20 g\/kg<br \/>\n50.0 %<\/span><\/td>\n<td valign=\"top\"><span style=\"font-size: medium;\">A Vitamini<br \/>\nD3 Vitamini<br \/>\nE Vitamini<br \/>\nK3 Vitamini<br \/>\nB1 Vitamini<br \/>\nB2 Vitamini<br \/>\nNiasin<br \/>\nPantotenik asit<br \/>\nB6 Vitamini<br \/>\nB12 Vitamini<br \/>\nBiyotin<br \/>\nKolin klor\u00fcr<br \/>\nFolik asit<br \/>\nC Vitamini<br \/>\nTaurin<\/span><\/td>\n<td valign=\"top\"><span style=\"font-size: medium;\">15.000 \u0130\u00dc\/kg<br \/>\n1.500 \u0130\u00dc\/kg<br \/>\n150 mg\/kg<br \/>\n1.60 mg\/kg<br \/>\n7.20 mg\/kg<br \/>\n10.8 mg\/kg<br \/>\n45.0 mg\/kg<br \/>\n20.0 mg\/kg<br \/>\n4.10 mg\/kg<br \/>\n60.0 \u03bcg\/kg<br \/>\n400 \u03bcg\/kg<br \/>\n800 mg\/kg<br \/>\n1.00 mg\/kg<br \/>\n62.0 mg\/kg<br \/>\n500 mg\/kg <\/span><\/td>\n<\/tr>\n<\/tbody>\n<\/table>\n<p><strong><span style=\"font-size: medium;\"><strong>Metabolize Edilebilir Enerji 3628 Kcal\/kg [15.2 MJ\/kg]<\/strong><\/span><\/strong><\/p>\n<p><span style=\"font-size: medium;\"><strong>Vitaminler<\/strong><br \/>\nA Vitamini (retinil asetat)<br \/>\nD3 Vitamin D3 (kolekalsiferol)<br \/>\nE Vitamini (t\u00fcm-rac-alfa-tokoferol)<br \/>\nK3 Vitamini (menadion nikotinamid bis\u00fclfit)<\/span><\/p>\n<p><strong>Eser elementler<\/strong><br \/>\n(Zn) \u00c7inko (\u00e7inko s\u00fclfat monohidrat) 135 mg\/kg<br \/>\n(Fe) Demir (demir(II) s\u00fclfat monohidrat) 76 mg\/kg<br \/>\n(Mn) Manganez (manganez(II) s\u00fclfat monohidrat) 28 mg\/kg<br \/>\n(Cu) Bak\u0131r (bak\u0131r(II) s\u00fclfat pentahidrat) 13.5 mg\/kg<br \/>\n(I) Iyot (kalsiyum iyodat, susuz) 1.30 mg\/kg<br \/>\n(Se) Selenyum (sodyum selenit) 0.30 mg\/kg<\/p>\n<p><span style=\"font-size: medium;\">\u00a0<\/span><\/p>\n<p><span style=\"font-size: medium;\"><strong>Besleme tavsiyesi<\/strong><\/span><\/p>\n<p style=\"text-align: justify;\"><strong><span style=\"font-size: medium;\">Beslenme talimat\u0131:<\/span><\/strong><span style=\"font-size: medium;\"> Kuru mama yemeye haz\u0131rd\u0131r. K\u00f6pe\u011finiz i\u00e7in her zaman bol miktarda taze i\u00e7me suyu sa\u011flad\u0131\u011f\u0131n\u0131zdan emin olun. Yiyecek ve su kaselerini d\u00fczenli olarak temizleyin.<br \/>\n<strong>Beslenme kurallar\u0131: <\/strong>K\u00f6pe\u011finizin ideal v\u00fccut a\u011f\u0131rl\u0131\u011f\u0131 i\u00e7in ambalaj \u00fczerindeki besleme k\u0131lavuzunda bulunan g\u00fcnl\u00fck yem miktar\u0131 \u00f6nerilir. Bununla birlikte, \u00f6nerilen g\u00fcnl\u00fck miktarlar yaln\u0131zca bir k\u0131lavuz olarak kullan\u0131lmal\u0131d\u0131r \u00e7\u00fcnk\u00fc bir k\u00f6pe\u011fin gereksinimleri, cins, k\u00f6pe\u011fin boyutu, aktivite seviyesi, metabolizma, ya\u015f ve \u00e7evre gibi \u00e7e\u015fitli fakt\u00f6rlere ba\u011fl\u0131 olarak de\u011fi\u015fecektir. Beslenme miktarlar\u0131, k\u00f6pe\u011finizin g\u00fcnl\u00fck beslenme gereksinimlerine uyacak \u015fekilde ayarlanmal\u0131d\u0131r. Beslemeye ilk kez ba\u015flarken <strong>Kennels` Favourite<\/strong>\u00ae, g4 ile 10 g\u00fcnl\u00fck bir s\u00fcre i\u00e7erisinde kademeli olarak ge\u00e7i\u015f yap\u0131n. \u00d6nerilen yem miktar\u0131n\u0131 g\u00fcnde iki \u00f6\u011f\u00fcne b\u00f6lerek veriniz. <\/span><\/p>\n<table border=\"1\" width=\"350\" cellspacing=\"1\" cellpadding=\"1\">\n<tbody>\n<tr>\n<td align=\"center\"><strong><span style=\"font-size: medium;\">V\u00fccut a\u011f\u0131rl\u0131\u011f\u0131<\/span><\/strong><\/td>\n<td align=\"center\"><strong><span style=\"font-size: medium;\">G\u00fcnl\u00fck porsiyon<\/span><\/strong><\/td>\n<\/tr>\n<tr>\n<td align=\"center\"><span style=\"font-size: medium;\">2 kg<\/span><\/td>\n<td align=\"center\"><span style=\"font-size: medium;\">57 g<\/span><\/td>\n<\/tr>\n<tr>\n<td align=\"center\"><span style=\"font-size: medium;\">5 kg<\/span><\/td>\n<td align=\"center\"><span style=\"font-size: medium;\">112 g<\/span><\/td>\n<\/tr>\n<tr>\n<td align=\"center\"><span style=\"font-size: medium;\">10 kg<\/span><\/td>\n<td align=\"center\"><span style=\"font-size: medium;\">190 g<\/span><\/td>\n<\/tr>\n<tr>\n<td align=\"center\"><span style=\"font-size: medium;\">20 kg<\/span><\/td>\n<td align=\"center\"><span style=\"font-size: medium;\">320 g<\/span><\/td>\n<\/tr>\n<tr>\n<td align=\"center\"><span style=\"font-size: medium;\">30 kg<\/span><\/td>\n<td align=\"center\"><span style=\"font-size: medium;\">433 g<\/span><\/td>\n<\/tr>\n<tr>\n<td align=\"center\"><span style=\"font-size: medium;\">&gt;50 kg<\/span><\/td>\n<td align=\"center\"><span style=\"font-size: medium;\">10 g\/kg<\/span><\/td>\n<\/tr>\n<\/tbody>\n<\/table>\n<p><span style=\"font-size: medium;\">\u00a0<\/span><\/p>\n<p><span style=\"font-size: medium;\"><strong>Paket<\/strong><\/span><\/p>\n<p>EAN 8717496484208 \u00a0 7,5 kg<\/p>\n<p>&nbsp;<\/p>\n<p><span style=\"font-size: medium;\"><strong><br \/>\nDepolama tavsiyesi<br \/>\n<\/strong><\/span><\/p>\n<p style=\"text-align: justify;\"><span style=\"text-align: justify;\"><span style=\"font-size: medium;\">Kuru mama, di\u011fer g\u0131da t\u00fcrleri kadar h\u0131zl\u0131 bozulmayacak olsa da, s\u00fcresiz olarak dayanmaz. Bu t\u00fcr yiyecekleri her zaman son kullanma tarihinden \u00f6nce kulland\u0131\u011f\u0131n\u0131zdan emin olun. Yiyecekleri kuru tutun ve geldi\u011fi torban\u0131n i\u00e7inde saklay\u0131n; torbalar\u0131 neme ve hava ak\u0131\u015f\u0131na kar\u015f\u0131 koyacak \u015fekilde tasarl\u0131yoruz. B\u00fcy\u00fck bir k\u00f6pek ya da kedi mamas\u0131n\u0131 saklaman\u0131n en iyi yolu, orijinal \u00e7antay\u0131 temiz bir plastik kova ya da g\u00fcvenli kapakl\u0131 bir kap i\u00e7ine yerle\u015ftirmektir. Nemli ortamlar bozulmay\u0131 h\u0131zland\u0131raca\u011f\u0131ndan kuru g\u0131dalar\u0131 nemli odalarda saklamay\u0131n. Torban\u0131n \u00fcst k\u0131sm\u0131n\u0131 her zaman s\u0131k\u0131ca a\u015fa\u011f\u0131 do\u011fru yuvarlay\u0131n ve bir klipsle kapat\u0131n. Hastal\u0131k Kontrol ve \u00d6nleme Merkezi, evcil hayvan sahiplerinin kuru mamalar\u0131 23\u00b0 C (santigrat derece) veya 74\u00b0 F (Fahrenhayt derece) a\u015fmayan yerlerde tutmalar\u0131n\u0131 \u00f6nerir. \u00a0<\/span><\/span><\/p>\n<p>&nbsp;<\/p>\n<p>&nbsp;<\/p>\n","protected":false},"excerpt":{"rendered":"<p><img loading=\"lazy\" decoding=\"async\" class=\"w-100 alignnone wp-image-5789 size-full\" src=\"https:\/\/www.profpetcorporation.com\/wp-content\/uploads\/2025\/04\/TR-Veggie.jpg\" alt=\"\" width=\"1148\" height=\"665\" srcset=\"https:\/\/www.profpetcorporation.com\/wp-content\/uploads\/2025\/04\/TR-Veggie.jpg 1148w, https:\/\/www.profpetcorporation.com\/wp-content\/uploads\/2025\/04\/TR-Veggie-300x174.jpg 300w, https:\/\/www.profpetcorporation.com\/wp-content\/uploads\/2025\/04\/TR-Veggie-1024x593.jpg 1024w, https:\/\/www.profpetcorporation.com\/wp-content\/uploads\/2025\/04\/TR-Veggie-768x445.jpg 768w, https:\/\/www.profpetcorporation.com\/wp-content\/uploads\/2025\/04\/TR-Veggie-600x348.jpg 600w\" sizes=\"auto, (max-width: 1148px) 100vw, 1148px\" \/><\/p>\n","protected":false},"featured_media":1064,"comment_status":"open","ping_status":"closed","template":"","meta":{"_acf_changed":false},"product_brand":[],"product_cat":[226,215],"product_tag":[],"class_list":{"0":"post-5186","1":"product","2":"type-product","3":"status-publish","4":"has-post-thumbnail","6":"product_cat-kennels-favourite-tr","7":"product_cat-vejeteryan-kopek-mamasi","9":"first","10":"instock","11":"shipping-taxable","12":"product-type-simple"},"acf":[],"yoast_head":"<!-- This site is optimized with the Yoast SEO plugin v27.5 - https:\/\/yoast.com\/product\/yoast-seo-wordpress\/ -->\n<title>Kennels` Favourite\u00ae 100% Veggie 7,5kg - Prof Pet Corporation<\/title>\n<meta name=\"robots\" content=\"index, follow, max-snippet:-1, max-image-preview:large, max-video-preview:-1\" \/>\n<link rel=\"canonical\" href=\"https:\/\/www.profpetcorporation.com\/tr\/urun\/kennels-favourite-100-veggie-75kg\/\" \/>\n<meta property=\"og:locale\" content=\"tr_TR\" \/>\n<meta property=\"og:type\" content=\"article\" \/>\n<meta property=\"og:title\" content=\"Kennels` Favourite\u00ae 100% Veggie 7,5kg - Prof Pet Corporation\" \/>\n<meta property=\"og:url\" content=\"https:\/\/www.profpetcorporation.com\/tr\/urun\/kennels-favourite-100-veggie-75kg\/\" \/>\n<meta property=\"og:site_name\" content=\"Prof Pet Corporation\" \/>\n<meta property=\"article:modified_time\" content=\"2025-04-12T11:13:23+00:00\" \/>\n<meta property=\"og:image\" content=\"https:\/\/www.profpetcorporation.com\/wp-content\/uploads\/2024\/06\/Kennels-Favourite-75kg-Veggie-1-1-scaled.jpg\" \/>\n\t<meta property=\"og:image:width\" content=\"2560\" \/>\n\t<meta property=\"og:image:height\" content=\"2560\" \/>\n\t<meta property=\"og:image:type\" content=\"image\/jpeg\" \/>\n<meta name=\"twitter:card\" content=\"summary_large_image\" \/>\n<meta name=\"twitter:label1\" content=\"Tahmini okuma s\u00fcresi\" \/>\n\t<meta name=\"twitter:data1\" content=\"5 dakika\" \/>\n<script type=\"application\/ld+json\" class=\"yoast-schema-graph\">{\"@context\":\"https:\\\/\\\/schema.org\",\"@graph\":[{\"@type\":\"WebPage\",\"@id\":\"https:\\\/\\\/www.profpetcorporation.com\\\/tr\\\/urun\\\/kennels-favourite-100-veggie-75kg\\\/\",\"url\":\"https:\\\/\\\/www.profpetcorporation.com\\\/tr\\\/urun\\\/kennels-favourite-100-veggie-75kg\\\/\",\"name\":\"Kennels` Favourite\u00ae 100% Veggie 7,5kg - Prof Pet Corporation\",\"isPartOf\":{\"@id\":\"https:\\\/\\\/www.profpetcorporation.com\\\/tr\\\/#website\"},\"primaryImageOfPage\":{\"@id\":\"https:\\\/\\\/www.profpetcorporation.com\\\/tr\\\/urun\\\/kennels-favourite-100-veggie-75kg\\\/#primaryimage\"},\"image\":{\"@id\":\"https:\\\/\\\/www.profpetcorporation.com\\\/tr\\\/urun\\\/kennels-favourite-100-veggie-75kg\\\/#primaryimage\"},\"thumbnailUrl\":\"https:\\\/\\\/www.profpetcorporation.com\\\/wp-content\\\/uploads\\\/2024\\\/06\\\/Kennels-Favourite-75kg-Veggie-1-1-scaled.jpg\",\"datePublished\":\"2024-07-09T16:46:08+00:00\",\"dateModified\":\"2025-04-12T11:13:23+00:00\",\"breadcrumb\":{\"@id\":\"https:\\\/\\\/www.profpetcorporation.com\\\/tr\\\/urun\\\/kennels-favourite-100-veggie-75kg\\\/#breadcrumb\"},\"inLanguage\":\"tr\",\"potentialAction\":[{\"@type\":\"ReadAction\",\"target\":[\"https:\\\/\\\/www.profpetcorporation.com\\\/tr\\\/urun\\\/kennels-favourite-100-veggie-75kg\\\/\"]}]},{\"@type\":\"ImageObject\",\"inLanguage\":\"tr\",\"@id\":\"https:\\\/\\\/www.profpetcorporation.com\\\/tr\\\/urun\\\/kennels-favourite-100-veggie-75kg\\\/#primaryimage\",\"url\":\"https:\\\/\\\/www.profpetcorporation.com\\\/wp-content\\\/uploads\\\/2024\\\/06\\\/Kennels-Favourite-75kg-Veggie-1-1-scaled.jpg\",\"contentUrl\":\"https:\\\/\\\/www.profpetcorporation.com\\\/wp-content\\\/uploads\\\/2024\\\/06\\\/Kennels-Favourite-75kg-Veggie-1-1-scaled.jpg\",\"width\":2560,\"height\":2560},{\"@type\":\"BreadcrumbList\",\"@id\":\"https:\\\/\\\/www.profpetcorporation.com\\\/tr\\\/urun\\\/kennels-favourite-100-veggie-75kg\\\/#breadcrumb\",\"itemListElement\":[{\"@type\":\"ListItem\",\"position\":1,\"name\":\"Home\",\"item\":\"https:\\\/\\\/www.profpetcorporation.com\\\/tr\\\/\"},{\"@type\":\"ListItem\",\"position\":2,\"name\":\"Shop\",\"item\":\"https:\\\/\\\/www.profpetcorporation.com\\\/shop\\\/\"},{\"@type\":\"ListItem\",\"position\":3,\"name\":\"Kennels' Favourite\u00ae\",\"item\":\"https:\\\/\\\/www.profpetcorporation.com\\\/tr\\\/merken\\\/kennels-favourite-tr\\\/\"},{\"@type\":\"ListItem\",\"position\":4,\"name\":\"Kennels` Favourite\u00ae 100% Veggie 7,5kg\"}]},{\"@type\":\"WebSite\",\"@id\":\"https:\\\/\\\/www.profpetcorporation.com\\\/tr\\\/#website\",\"url\":\"https:\\\/\\\/www.profpetcorporation.com\\\/tr\\\/\",\"name\":\"Prof Pet Corporation\",\"description\":\"\",\"potentialAction\":[{\"@type\":\"SearchAction\",\"target\":{\"@type\":\"EntryPoint\",\"urlTemplate\":\"https:\\\/\\\/www.profpetcorporation.com\\\/tr\\\/?s={search_term_string}\"},\"query-input\":{\"@type\":\"PropertyValueSpecification\",\"valueRequired\":true,\"valueName\":\"search_term_string\"}}],\"inLanguage\":\"tr\"}]}<\/script>\n<!-- \/ Yoast SEO plugin. -->","yoast_head_json":{"title":"Kennels` Favourite\u00ae 100% Veggie 7,5kg - Prof Pet Corporation","robots":{"index":"index","follow":"follow","max-snippet":"max-snippet:-1","max-image-preview":"max-image-preview:large","max-video-preview":"max-video-preview:-1"},"canonical":"https:\/\/www.profpetcorporation.com\/tr\/urun\/kennels-favourite-100-veggie-75kg\/","og_locale":"tr_TR","og_type":"article","og_title":"Kennels` Favourite\u00ae 100% Veggie 7,5kg - Prof Pet Corporation","og_url":"https:\/\/www.profpetcorporation.com\/tr\/urun\/kennels-favourite-100-veggie-75kg\/","og_site_name":"Prof Pet Corporation","article_modified_time":"2025-04-12T11:13:23+00:00","og_image":[{"width":2560,"height":2560,"url":"https:\/\/www.profpetcorporation.com\/wp-content\/uploads\/2024\/06\/Kennels-Favourite-75kg-Veggie-1-1-scaled.jpg","type":"image\/jpeg"}],"twitter_card":"summary_large_image","twitter_misc":{"Tahmini okuma s\u00fcresi":"5 dakika"},"schema":{"@context":"https:\/\/schema.org","@graph":[{"@type":"WebPage","@id":"https:\/\/www.profpetcorporation.com\/tr\/urun\/kennels-favourite-100-veggie-75kg\/","url":"https:\/\/www.profpetcorporation.com\/tr\/urun\/kennels-favourite-100-veggie-75kg\/","name":"Kennels` Favourite\u00ae 100% Veggie 7,5kg - Prof Pet Corporation","isPartOf":{"@id":"https:\/\/www.profpetcorporation.com\/tr\/#website"},"primaryImageOfPage":{"@id":"https:\/\/www.profpetcorporation.com\/tr\/urun\/kennels-favourite-100-veggie-75kg\/#primaryimage"},"image":{"@id":"https:\/\/www.profpetcorporation.com\/tr\/urun\/kennels-favourite-100-veggie-75kg\/#primaryimage"},"thumbnailUrl":"https:\/\/www.profpetcorporation.com\/wp-content\/uploads\/2024\/06\/Kennels-Favourite-75kg-Veggie-1-1-scaled.jpg","datePublished":"2024-07-09T16:46:08+00:00","dateModified":"2025-04-12T11:13:23+00:00","breadcrumb":{"@id":"https:\/\/www.profpetcorporation.com\/tr\/urun\/kennels-favourite-100-veggie-75kg\/#breadcrumb"},"inLanguage":"tr","potentialAction":[{"@type":"ReadAction","target":["https:\/\/www.profpetcorporation.com\/tr\/urun\/kennels-favourite-100-veggie-75kg\/"]}]},{"@type":"ImageObject","inLanguage":"tr","@id":"https:\/\/www.profpetcorporation.com\/tr\/urun\/kennels-favourite-100-veggie-75kg\/#primaryimage","url":"https:\/\/www.profpetcorporation.com\/wp-content\/uploads\/2024\/06\/Kennels-Favourite-75kg-Veggie-1-1-scaled.jpg","contentUrl":"https:\/\/www.profpetcorporation.com\/wp-content\/uploads\/2024\/06\/Kennels-Favourite-75kg-Veggie-1-1-scaled.jpg","width":2560,"height":2560},{"@type":"BreadcrumbList","@id":"https:\/\/www.profpetcorporation.com\/tr\/urun\/kennels-favourite-100-veggie-75kg\/#breadcrumb","itemListElement":[{"@type":"ListItem","position":1,"name":"Home","item":"https:\/\/www.profpetcorporation.com\/tr\/"},{"@type":"ListItem","position":2,"name":"Shop","item":"https:\/\/www.profpetcorporation.com\/shop\/"},{"@type":"ListItem","position":3,"name":"Kennels' Favourite\u00ae","item":"https:\/\/www.profpetcorporation.com\/tr\/merken\/kennels-favourite-tr\/"},{"@type":"ListItem","position":4,"name":"Kennels` Favourite\u00ae 100% Veggie 7,5kg"}]},{"@type":"WebSite","@id":"https:\/\/www.profpetcorporation.com\/tr\/#website","url":"https:\/\/www.profpetcorporation.com\/tr\/","name":"Prof Pet Corporation","description":"","potentialAction":[{"@type":"SearchAction","target":{"@type":"EntryPoint","urlTemplate":"https:\/\/www.profpetcorporation.com\/tr\/?s={search_term_string}"},"query-input":{"@type":"PropertyValueSpecification","valueRequired":true,"valueName":"search_term_string"}}],"inLanguage":"tr"}]}},"_links":{"self":[{"href":"https:\/\/www.profpetcorporation.com\/tr\/wp-json\/wp\/v2\/product\/5186","targetHints":{"allow":["GET"]}}],"collection":[{"href":"https:\/\/www.profpetcorporation.com\/tr\/wp-json\/wp\/v2\/product"}],"about":[{"href":"https:\/\/www.profpetcorporation.com\/tr\/wp-json\/wp\/v2\/types\/product"}],"replies":[{"embeddable":true,"href":"https:\/\/www.profpetcorporation.com\/tr\/wp-json\/wp\/v2\/comments?post=5186"}],"wp:featuredmedia":[{"embeddable":true,"href":"https:\/\/www.profpetcorporation.com\/tr\/wp-json\/wp\/v2\/media\/1064"}],"wp:attachment":[{"href":"https:\/\/www.profpetcorporation.com\/tr\/wp-json\/wp\/v2\/media?parent=5186"}],"wp:term":[{"taxonomy":"product_brand","embeddable":true,"href":"https:\/\/www.profpetcorporation.com\/tr\/wp-json\/wp\/v2\/product_brand?post=5186"},{"taxonomy":"product_cat","embeddable":true,"href":"https:\/\/www.profpetcorporation.com\/tr\/wp-json\/wp\/v2\/product_cat?post=5186"},{"taxonomy":"product_tag","embeddable":true,"href":"https:\/\/www.profpetcorporation.com\/tr\/wp-json\/wp\/v2\/product_tag?post=5186"}],"curies":[{"name":"wp","href":"https:\/\/api.w.org\/{rel}","templated":true}]}}