{"id":5181,"date":"2024-06-17T19:12:17","date_gmt":"2024-06-17T19:12:17","guid":{"rendered":"https:\/\/www.profpetcorporation.com\/?post_type=product&#038;p=5181"},"modified":"2024-12-15T14:55:09","modified_gmt":"2024-12-15T14:55:09","slug":"kennels-favourite-100-venison","status":"publish","type":"product","link":"https:\/\/www.profpetcorporation.com\/tr\/urun\/kennels-favourite-100-venison\/","title":{"rendered":"Kennels` Favourite\u00ae 100% Venison"},"content":{"rendered":"<p><span style=\"font-size: medium;\"><strong>Kennels` Favourite<\/strong>\u00ae, %70 ger\u00e7ek b\u00f6lgesel kaynakl\u0131 s\u0131\u011f\u0131r eti i\u00e7eren, k\u00f6pekler i\u00e7in tamamen do\u011fal tah\u0131ls\u0131z bir ya\u015f mamad\u0131r. <strong>Kennels` Favourite<\/strong>\u00ae her cins ve ya\u015ftaki k\u00f6pekler i\u00e7in hafif buharda pi\u015firilmi\u015f bir mamad\u0131r. <strong>Kennels` Favourite<\/strong>\u00ae temelvitaminler, mineraller ve ya\u011flar ile desteklenir; renklendirici, koruyucu veya tatland\u0131r\u0131c\u0131 i\u00e7ermez. <\/span><\/p>\n<p><span style=\"font-size: medium;\"><strong><span lang=\"TR\">\u0130\u00e7indekiler<\/span>:<\/strong> %70 geyik eti, kuru havu\u00e7 par\u00e7alar\u0131, taze patates par\u00e7alar\u0131, kurutulmu\u015f ye\u015fil bezelye, taze domates konsantresi, ay\u00e7i\u00e7ek ya\u011f\u0131 (Omega-6 kayna\u011f\u0131), somon ya\u011f\u0131 (Omega-3 kayna\u011f\u0131), vitamin ve mineraller.<\/span><\/p>\n<p>&nbsp;<\/p>\n<p><span style=\"font-size: medium;\"><strong>Besin katkilari\/kg: <\/strong><\/span><\/p>\n<table border=\"0\" width=\"500\" cellspacing=\"1\" cellpadding=\"1\">\n<tbody>\n<tr>\n<td valign=\"top\"><span style=\"font-size: medium;\">A Vitamini<br \/>\nD3 Vitamini<br \/>\nE Vitamini<br \/>\nBiyotin <\/span><\/td>\n<td valign=\"top\"><span style=\"font-size: medium;\">2.250\u0130\u00dc<br \/>\n328 \u0130\u00dc<br \/>\n26 mg<br \/>\n60 mcg<\/span><\/td>\n<td valign=\"top\"><span style=\"font-size: medium;\">\u00c7inko s\u00fclfat monohidrat<br \/>\nDemir(II) s\u00fclfat monohidrat<br \/>\nBak\u0131r s\u00fclfat pentahidrat<br \/>\nManganez s\u00fclfat monohidrat<br \/>\nSodyum selenit<br \/>\nKalsiyum iyodat, susuz <\/span><\/td>\n<td valign=\"top\"><span style=\"font-size: medium;\">24.0mg<br \/>\n12.5mg<br \/>\n2.50mg<br \/>\n2.00mg<br \/>\n0.45mg<br \/>\n0.04mg<\/span><\/td>\n<\/tr>\n<\/tbody>\n<\/table>\n<p>&nbsp;<\/p>\n<p><span style=\"font-size: medium;\"><strong>Analitik bile\u015fenleri:<\/strong><\/span><\/p>\n<table border=\"0\" width=\"500\" cellspacing=\"1\" cellpadding=\"1\">\n<tbody>\n<tr>\n<td valign=\"top\">Ham protein<br \/>\nDoymu\u015f ya\u011f<br \/>\nHam k\u00fcl<br \/>\nHam sel\u00fcloz<br \/>\nNem<\/td>\n<td valign=\"top\">%11<br \/>\n%9<br \/>\n%2.5<br \/>\n%0.5<br \/>\n%72.5<\/td>\n<td valign=\"top\"><span style=\"color: #f2f3f0;\">\u00a0\u00a0\u00a0\u00a0\u00a0\u00a0\u00a0\u00a0 Y<\/span><\/td>\n<td valign=\"top\"><span style=\"color: #f2f3f0;\">\u00a0\u00a0\u00a0\u00a0\u00a0\u00a0\u00a0 Y<\/span><\/td>\n<\/tr>\n<\/tbody>\n<\/table>\n<p>&nbsp;<\/p>\n<p><span style=\"font-size: medium;\"><strong>G\u00fcnl\u00fck besleme rehberi:<\/strong><\/span><\/p>\n<table border=\"0\" width=\"491\" cellspacing=\"1\" cellpadding=\"1\">\n<tbody>\n<tr>\n<td style=\"border-bottom: 1px solid #b6b6b6;\">Irk Boyutu<span style=\"font-size: larger;\"><br \/>\n<\/span><\/td>\n<td style=\"border-bottom: 1px solid #b6b6b6;\">K\u00f6pe\u011fin A\u011f\u0131rl\u0131\u011f\u0131<span style=\"font-size: larger;\"><br \/>\n<\/span><\/td>\n<td style=\"border-bottom: 1px solid #b6b6b6;\">Kendi Ba\u015f\u0131na<\/td>\n<td style=\"border-bottom: 1px solid #b6b6b6;\">Kuru mama ile<span style=\"font-size: larger;\"><br \/>\n<\/span><\/td>\n<\/tr>\n<tr>\n<td style=\"border-bottom: 1px solid #b6b6b6;\"><span style=\"font-size: medium;\">Petit<\/span><\/td>\n<td style=\"border-bottom: 1px solid #b6b6b6;\"><span style=\"font-size: medium;\">Up to 5kg<br \/>\n<\/span><\/td>\n<td style=\"border-bottom: 1px solid #b6b6b6;\"><span style=\"font-size: medium;\">\u00bc &#8211; \u00bd Tepsi<\/span><\/td>\n<td style=\"border-bottom: 1px solid #b6b6b6;\"><span style=\"font-size: medium;\">\u00bc Tepsi<\/span><\/td>\n<\/tr>\n<tr>\n<td style=\"border-bottom: 1px solid #b6b6b6;\">K\u00fc\u00e7\u00fck<\/td>\n<td style=\"border-bottom: 1px solid #b6b6b6;\"><span style=\"font-size: medium;\">5kg &#8211; 10kg<\/span><span style=\"font-size: larger;\"><br \/>\n<\/span><\/td>\n<td style=\"border-bottom: 1px solid #b6b6b6;\"><span style=\"font-size: medium;\">\u00bd &#8211; \u00be Tepsi<\/span><\/td>\n<td style=\"border-bottom: 1px solid #b6b6b6;\"><span style=\"font-size: medium;\">\u2153 Tepsi<\/span><\/td>\n<\/tr>\n<tr>\n<td style=\"border-bottom: 1px solid #b6b6b6;\"><span style=\"font-size: medium;\">Orta<\/span><\/td>\n<td style=\"border-bottom: 1px solid #b6b6b6;\"><span style=\"font-size: medium;\">10kg &#8211; 15kg<\/span><span style=\"font-size: larger;\"><br \/>\n<\/span><\/td>\n<td style=\"border-bottom: 1px solid #b6b6b6;\"><span style=\"font-size: medium;\">\u00be &#8211; 1 Tepsi<\/span><\/td>\n<td style=\"border-bottom: 1px solid #b6b6b6;\"><span style=\"font-size: medium;\">\u00bd Tepsi<\/span><\/td>\n<\/tr>\n<tr>\n<td style=\"border-bottom: 1px solid #b6b6b6;\">B\u00fcy\u00fck<\/td>\n<td style=\"border-bottom: 1px solid #b6b6b6;\"><span style=\"font-size: medium;\">15kg &#8211; 25kg<\/span><span style=\"font-size: larger;\"><br \/>\n<\/span><\/td>\n<td style=\"border-bottom: 1px solid #b6b6b6;\"><span style=\"font-size: medium;\">1 &#8211; 1\u00bd Tepsi<\/span><\/td>\n<td style=\"border-bottom: 1px solid #b6b6b6;\"><span style=\"font-size: medium;\">\u00be Tepsi<\/span><\/td>\n<\/tr>\n<tr>\n<td style=\"border-bottom: 1px solid #b6b6b6;\"><span style=\"font-size: medium;\">Ekstra b\u00fcy\u00fck<\/span><span style=\"font-size: larger;\"><br \/>\n<\/span><\/td>\n<td style=\"border-bottom: 1px solid #b6b6b6;\"><span style=\"font-size: medium;\">25kg &#8211; 45kg<\/span><span style=\"font-size: larger;\"><br \/>\n<\/span><\/td>\n<td style=\"border-bottom: 1px solid #b6b6b6;\"><span style=\"font-size: medium;\">1\u00bd &#8211; 2\u2153 Tepsi<\/span><\/td>\n<td style=\"border-bottom: 1px solid #b6b6b6;\"><span style=\"font-size: medium;\">1 Tepsi<\/span><\/td>\n<\/tr>\n<\/tbody>\n<\/table>\n<p style=\"text-align: justify;\"><span style=\"font-size: larger;\"><br \/>\n<span style=\"font-size: medium;\">K\u00f6pe\u011finiz i\u00e7in her zaman bol miktarda taze i\u00e7me suyu sa\u011flad\u0131\u011f\u0131n\u0131zdan emin olun. L\u00fctfen do\u011frudan g\u00fcne\u015f \u0131\u015f\u0131\u011f\u0131ndan uzakta serin ve kuru bir yerde saklay\u0131n. A\u00e7\u0131ld\u0131ktan sonra buzdolab\u0131nda saklay\u0131n ve 48 saat i\u00e7inde t\u00fcketin. K\u0131smen kullan\u0131lm\u0131\u015f paketler de dondurulabilir. Dondurulduktan sonra yiyecekler 30-60 saniye mikrodalgada \u00e7\u00f6z\u00fclebilir\/\u0131s\u0131t\u0131labilir, ancak daha sonra 20 dakika i\u00e7inde t\u00fcketilmelidir. Daha lezzetli oldu\u011fu i\u00e7in oda s\u0131cakl\u0131\u011f\u0131nda servis edilmesi en iyisidir ve daha da \u00e7ok keyif alacaklard\u0131r. Yiyecekleri temiz bir kapta servis edin.<br \/>\n<strong>Net a\u011f\u0131rl\u0131k:<\/strong> 395g<br \/>\nAl\u00fcminyum kapakl\u0131 bir tepside paketlenmi\u015ftir.<\/span><\/span><\/p>\n<p style=\"text-align: justify;\"><span style=\"font-size: medium;\"><strong>Kennels` Favourite<\/strong>\u00ae &#8216;de t\u00fcm malzemelerimizi m\u00fcmk\u00fcn oldu\u011funca yerel olarak tedarik etmeye kararl\u0131y\u0131z ve sayg\u0131n tedarik\u00e7ilerimizin \u00e7iftliklerine kadar tam izlenebilirlik sa\u011flayabiliriz. Evcil hayvan\u0131n\u0131zla ilgilenirken \u00e7evrenize de \u00f6zen g\u00f6stermeye \u00e7al\u0131\u015f\u0131yoruz, t\u00fcm ambalajlar\u0131m\u0131z %100 geri d\u00f6n\u00fc\u015ft\u00fcr\u00fclebilir malzemelerden yap\u0131lm\u0131\u015ft\u0131r. \u00dcretim birimi, size %100 do\u011fal i\u00e7eriklerden y\u00fcksek kaliteli k\u00f6pek mamas\u0131 sunmak i\u00e7in kurulmu\u015ftur. <strong>Kennels` Favourite<\/strong>\u00ae \u00fcr\u00fcnleri en y\u00fcksek standartlarda \u00fcretilmektedir. Form\u00fclasyonlar\u0131m\u0131z\u0131n k\u00f6pe\u011finizin beslenme ihtiya\u00e7lar\u0131n\u0131 \u00f6zel olarak kar\u015f\u0131lamas\u0131n\u0131 sa\u011flamak i\u00e7in \u00f6nde gelen beslenme uzmanlar\u0131yla yak\u0131n bir \u015fekilde \u00e7al\u0131\u015f\u0131yoruz. Besleyici, do\u011fal k\u00f6pek mamas\u0131 olu\u015fturmak i\u00e7in d\u00f6rt temel g\u0131da grubunu birle\u015ftiriyoruz: Temel proteinler, Tah\u0131l ve Lifler, Vitaminler ve mineraller ile Ya\u011flar.<\/span><\/p>\n<p><span style=\"font-size: medium;\"><br \/>\n<\/span><strong><span style=\"font-size: medium;\">Sa\u011fl\u0131kl\u0131 bir evcil hayvan, mutlu bir evcil hayvand\u0131r!<\/span><\/strong><\/p>\n<p>&nbsp;<\/p>\n","protected":false},"excerpt":{"rendered":"<p><img loading=\"lazy\" decoding=\"async\" class=\"alignnone size-full wp-image-5160\" src=\"https:\/\/www.profpetcorporation.com\/wp-content\/uploads\/2024\/12\/TR-single-protein-source-2.jpg\" alt=\"\" width=\"2000\" height=\"207\" \/><\/p>\n<ul>\n<li><em><strong><span style=\"font-size: large;\">%100 Do\u011fal Malzemeler <img loading=\"lazy\" decoding=\"async\" class=\"size-full wp-image-5121 alignright\" src=\"https:\/\/www.profpetcorporation.com\/wp-content\/uploads\/2024\/12\/TR-NO-CEREALS.jpg\" alt=\"\" width=\"220\" height=\"1096\" \/><\/span><\/strong><\/em><\/li>\n<li><em><strong><span style=\"font-size: large;\">Tek Et Kayna\u011f\u0131<br \/>\n<\/span><\/strong><\/em><\/li>\n<li><em><strong><span style=\"font-size: large;\">TAHILSIZ <\/span><\/strong><\/em><strong><span style=\"font-size: medium;\"><br \/>\n<\/span><\/strong><\/li>\n<li><em><strong><span style=\"font-size: large;\">Yapay Renklendirici YOK<\/span><\/strong><\/em><\/li>\n<li><em><strong><span style=\"font-size: large;\">Yapay Tatlanland\u0131r\u0131c\u0131 YOK <\/span><\/strong><\/em><strong><span style=\"font-size: medium;\"><br \/>\n<\/span><\/strong><\/li>\n<li><strong><em><strong><span style=\"font-size: large;\">Soya ilavesi YOK <\/span><\/strong><\/em><\/strong><\/li>\n<li><em><strong><span style=\"font-size: large;\">Eklenen Yumurta veya S\u00fct \u00dcr\u00fcnleri YOK<\/span><\/strong><\/em> <strong><span style=\"font-size: medium;\"><br \/>\n<\/span><\/strong><br \/>\n<span style=\"font-size: large;\">100g ba\u015f\u0131na 114 Kcal <\/span><\/li>\n<\/ul>\n","protected":false},"featured_media":1144,"comment_status":"open","ping_status":"closed","template":"","meta":{"_acf_changed":false},"product_brand":[],"product_cat":[217,226],"product_tag":[],"class_list":{"0":"post-5181","1":"product","2":"type-product","3":"status-publish","4":"has-post-thumbnail","6":"product_cat-buharda-pisirilmis-tek-proteinli-et-395g","7":"product_cat-kennels-favourite-tr","9":"first","10":"instock","11":"shipping-taxable","12":"product-type-simple"},"acf":[],"yoast_head":"<!-- This site is optimized with the Yoast SEO plugin v27.3 - https:\/\/yoast.com\/product\/yoast-seo-wordpress\/ -->\n<title>Kennels` Favourite\u00ae 100% Venison - Prof Pet Corporation<\/title>\n<meta name=\"robots\" content=\"index, follow, max-snippet:-1, max-image-preview:large, max-video-preview:-1\" \/>\n<link rel=\"canonical\" href=\"https:\/\/www.profpetcorporation.com\/tr\/urun\/kennels-favourite-100-venison\/\" \/>\n<meta property=\"og:locale\" content=\"tr_TR\" \/>\n<meta property=\"og:type\" content=\"article\" \/>\n<meta property=\"og:title\" content=\"Kennels` Favourite\u00ae 100% Venison - Prof Pet Corporation\" \/>\n<meta property=\"og:description\" content=\"%100 Do\u011fal Malzemeler   Tek Et Kayna\u011f\u0131   TAHILSIZ    Yapay Renklendirici YOK  Yapay Tatlanland\u0131r\u0131c\u0131 YOK    Soya ilavesi YOK   Eklenen Yumurta veya S\u00fct \u00dcr\u00fcnleri YOK   100g ba\u015f\u0131na 114 Kcal\" \/>\n<meta property=\"og:url\" content=\"https:\/\/www.profpetcorporation.com\/tr\/urun\/kennels-favourite-100-venison\/\" \/>\n<meta property=\"og:site_name\" content=\"Prof Pet Corporation\" \/>\n<meta property=\"article:modified_time\" content=\"2024-12-15T14:55:09+00:00\" \/>\n<meta property=\"og:image\" content=\"https:\/\/www.profpetcorporation.com\/wp-content\/uploads\/2024\/06\/Kennels-Favourite-395gr-Venison-scaled.jpg\" \/>\n\t<meta property=\"og:image:width\" content=\"2560\" \/>\n\t<meta property=\"og:image:height\" content=\"2556\" \/>\n\t<meta property=\"og:image:type\" content=\"image\/jpeg\" \/>\n<meta name=\"twitter:card\" content=\"summary_large_image\" \/>\n<meta name=\"twitter:label1\" content=\"Tahmini okuma s\u00fcresi\" \/>\n\t<meta name=\"twitter:data1\" content=\"3 dakika\" \/>\n<script type=\"application\/ld+json\" class=\"yoast-schema-graph\">{\"@context\":\"https:\\\/\\\/schema.org\",\"@graph\":[{\"@type\":\"WebPage\",\"@id\":\"https:\\\/\\\/www.profpetcorporation.com\\\/tr\\\/urun\\\/kennels-favourite-100-venison\\\/\",\"url\":\"https:\\\/\\\/www.profpetcorporation.com\\\/tr\\\/urun\\\/kennels-favourite-100-venison\\\/\",\"name\":\"Kennels` Favourite\u00ae 100% Venison - Prof Pet Corporation\",\"isPartOf\":{\"@id\":\"https:\\\/\\\/www.profpetcorporation.com\\\/tr\\\/#website\"},\"primaryImageOfPage\":{\"@id\":\"https:\\\/\\\/www.profpetcorporation.com\\\/tr\\\/urun\\\/kennels-favourite-100-venison\\\/#primaryimage\"},\"image\":{\"@id\":\"https:\\\/\\\/www.profpetcorporation.com\\\/tr\\\/urun\\\/kennels-favourite-100-venison\\\/#primaryimage\"},\"thumbnailUrl\":\"https:\\\/\\\/www.profpetcorporation.com\\\/wp-content\\\/uploads\\\/2024\\\/06\\\/Kennels-Favourite-395gr-Venison-scaled.jpg\",\"datePublished\":\"2024-06-17T19:12:17+00:00\",\"dateModified\":\"2024-12-15T14:55:09+00:00\",\"breadcrumb\":{\"@id\":\"https:\\\/\\\/www.profpetcorporation.com\\\/tr\\\/urun\\\/kennels-favourite-100-venison\\\/#breadcrumb\"},\"inLanguage\":\"tr\",\"potentialAction\":[{\"@type\":\"ReadAction\",\"target\":[\"https:\\\/\\\/www.profpetcorporation.com\\\/tr\\\/urun\\\/kennels-favourite-100-venison\\\/\"]}]},{\"@type\":\"ImageObject\",\"inLanguage\":\"tr\",\"@id\":\"https:\\\/\\\/www.profpetcorporation.com\\\/tr\\\/urun\\\/kennels-favourite-100-venison\\\/#primaryimage\",\"url\":\"https:\\\/\\\/www.profpetcorporation.com\\\/wp-content\\\/uploads\\\/2024\\\/06\\\/Kennels-Favourite-395gr-Venison-scaled.jpg\",\"contentUrl\":\"https:\\\/\\\/www.profpetcorporation.com\\\/wp-content\\\/uploads\\\/2024\\\/06\\\/Kennels-Favourite-395gr-Venison-scaled.jpg\",\"width\":2560,\"height\":2556},{\"@type\":\"BreadcrumbList\",\"@id\":\"https:\\\/\\\/www.profpetcorporation.com\\\/tr\\\/urun\\\/kennels-favourite-100-venison\\\/#breadcrumb\",\"itemListElement\":[{\"@type\":\"ListItem\",\"position\":1,\"name\":\"Home\",\"item\":\"https:\\\/\\\/www.profpetcorporation.com\\\/tr\\\/\"},{\"@type\":\"ListItem\",\"position\":2,\"name\":\"Shop\",\"item\":\"https:\\\/\\\/www.profpetcorporation.com\\\/shop\\\/\"},{\"@type\":\"ListItem\",\"position\":3,\"name\":\"Kennels' Favourite\u00ae\",\"item\":\"https:\\\/\\\/www.profpetcorporation.com\\\/tr\\\/merken\\\/kennels-favourite-tr\\\/\"},{\"@type\":\"ListItem\",\"position\":4,\"name\":\"Kennels` Favourite\u00ae 100% Venison\"}]},{\"@type\":\"WebSite\",\"@id\":\"https:\\\/\\\/www.profpetcorporation.com\\\/tr\\\/#website\",\"url\":\"https:\\\/\\\/www.profpetcorporation.com\\\/tr\\\/\",\"name\":\"Prof Pet Corporation\",\"description\":\"\",\"potentialAction\":[{\"@type\":\"SearchAction\",\"target\":{\"@type\":\"EntryPoint\",\"urlTemplate\":\"https:\\\/\\\/www.profpetcorporation.com\\\/tr\\\/?s={search_term_string}\"},\"query-input\":{\"@type\":\"PropertyValueSpecification\",\"valueRequired\":true,\"valueName\":\"search_term_string\"}}],\"inLanguage\":\"tr\"}]}<\/script>\n<!-- \/ Yoast SEO plugin. -->","yoast_head_json":{"title":"Kennels` Favourite\u00ae 100% Venison - Prof Pet Corporation","robots":{"index":"index","follow":"follow","max-snippet":"max-snippet:-1","max-image-preview":"max-image-preview:large","max-video-preview":"max-video-preview:-1"},"canonical":"https:\/\/www.profpetcorporation.com\/tr\/urun\/kennels-favourite-100-venison\/","og_locale":"tr_TR","og_type":"article","og_title":"Kennels` Favourite\u00ae 100% Venison - Prof Pet Corporation","og_description":"%100 Do\u011fal Malzemeler   Tek Et Kayna\u011f\u0131   TAHILSIZ    Yapay Renklendirici YOK  Yapay Tatlanland\u0131r\u0131c\u0131 YOK    Soya ilavesi YOK   Eklenen Yumurta veya S\u00fct \u00dcr\u00fcnleri YOK   100g ba\u015f\u0131na 114 Kcal","og_url":"https:\/\/www.profpetcorporation.com\/tr\/urun\/kennels-favourite-100-venison\/","og_site_name":"Prof Pet Corporation","article_modified_time":"2024-12-15T14:55:09+00:00","og_image":[{"width":2560,"height":2556,"url":"https:\/\/www.profpetcorporation.com\/wp-content\/uploads\/2024\/06\/Kennels-Favourite-395gr-Venison-scaled.jpg","type":"image\/jpeg"}],"twitter_card":"summary_large_image","twitter_misc":{"Tahmini okuma s\u00fcresi":"3 dakika"},"schema":{"@context":"https:\/\/schema.org","@graph":[{"@type":"WebPage","@id":"https:\/\/www.profpetcorporation.com\/tr\/urun\/kennels-favourite-100-venison\/","url":"https:\/\/www.profpetcorporation.com\/tr\/urun\/kennels-favourite-100-venison\/","name":"Kennels` Favourite\u00ae 100% Venison - Prof Pet Corporation","isPartOf":{"@id":"https:\/\/www.profpetcorporation.com\/tr\/#website"},"primaryImageOfPage":{"@id":"https:\/\/www.profpetcorporation.com\/tr\/urun\/kennels-favourite-100-venison\/#primaryimage"},"image":{"@id":"https:\/\/www.profpetcorporation.com\/tr\/urun\/kennels-favourite-100-venison\/#primaryimage"},"thumbnailUrl":"https:\/\/www.profpetcorporation.com\/wp-content\/uploads\/2024\/06\/Kennels-Favourite-395gr-Venison-scaled.jpg","datePublished":"2024-06-17T19:12:17+00:00","dateModified":"2024-12-15T14:55:09+00:00","breadcrumb":{"@id":"https:\/\/www.profpetcorporation.com\/tr\/urun\/kennels-favourite-100-venison\/#breadcrumb"},"inLanguage":"tr","potentialAction":[{"@type":"ReadAction","target":["https:\/\/www.profpetcorporation.com\/tr\/urun\/kennels-favourite-100-venison\/"]}]},{"@type":"ImageObject","inLanguage":"tr","@id":"https:\/\/www.profpetcorporation.com\/tr\/urun\/kennels-favourite-100-venison\/#primaryimage","url":"https:\/\/www.profpetcorporation.com\/wp-content\/uploads\/2024\/06\/Kennels-Favourite-395gr-Venison-scaled.jpg","contentUrl":"https:\/\/www.profpetcorporation.com\/wp-content\/uploads\/2024\/06\/Kennels-Favourite-395gr-Venison-scaled.jpg","width":2560,"height":2556},{"@type":"BreadcrumbList","@id":"https:\/\/www.profpetcorporation.com\/tr\/urun\/kennels-favourite-100-venison\/#breadcrumb","itemListElement":[{"@type":"ListItem","position":1,"name":"Home","item":"https:\/\/www.profpetcorporation.com\/tr\/"},{"@type":"ListItem","position":2,"name":"Shop","item":"https:\/\/www.profpetcorporation.com\/shop\/"},{"@type":"ListItem","position":3,"name":"Kennels' Favourite\u00ae","item":"https:\/\/www.profpetcorporation.com\/tr\/merken\/kennels-favourite-tr\/"},{"@type":"ListItem","position":4,"name":"Kennels` Favourite\u00ae 100% Venison"}]},{"@type":"WebSite","@id":"https:\/\/www.profpetcorporation.com\/tr\/#website","url":"https:\/\/www.profpetcorporation.com\/tr\/","name":"Prof Pet Corporation","description":"","potentialAction":[{"@type":"SearchAction","target":{"@type":"EntryPoint","urlTemplate":"https:\/\/www.profpetcorporation.com\/tr\/?s={search_term_string}"},"query-input":{"@type":"PropertyValueSpecification","valueRequired":true,"valueName":"search_term_string"}}],"inLanguage":"tr"}]}},"_links":{"self":[{"href":"https:\/\/www.profpetcorporation.com\/tr\/wp-json\/wp\/v2\/product\/5181","targetHints":{"allow":["GET"]}}],"collection":[{"href":"https:\/\/www.profpetcorporation.com\/tr\/wp-json\/wp\/v2\/product"}],"about":[{"href":"https:\/\/www.profpetcorporation.com\/tr\/wp-json\/wp\/v2\/types\/product"}],"replies":[{"embeddable":true,"href":"https:\/\/www.profpetcorporation.com\/tr\/wp-json\/wp\/v2\/comments?post=5181"}],"wp:featuredmedia":[{"embeddable":true,"href":"https:\/\/www.profpetcorporation.com\/tr\/wp-json\/wp\/v2\/media\/1144"}],"wp:attachment":[{"href":"https:\/\/www.profpetcorporation.com\/tr\/wp-json\/wp\/v2\/media?parent=5181"}],"wp:term":[{"taxonomy":"product_brand","embeddable":true,"href":"https:\/\/www.profpetcorporation.com\/tr\/wp-json\/wp\/v2\/product_brand?post=5181"},{"taxonomy":"product_cat","embeddable":true,"href":"https:\/\/www.profpetcorporation.com\/tr\/wp-json\/wp\/v2\/product_cat?post=5181"},{"taxonomy":"product_tag","embeddable":true,"href":"https:\/\/www.profpetcorporation.com\/tr\/wp-json\/wp\/v2\/product_tag?post=5181"}],"curies":[{"name":"wp","href":"https:\/\/api.w.org\/{rel}","templated":true}]}}