{"id":5921,"date":"2024-04-05T13:49:48","date_gmt":"2024-04-05T13:49:48","guid":{"rendered":"https:\/\/www.profpetcorporation.com\/?page_id=5921"},"modified":"2025-04-18T18:26:40","modified_gmt":"2025-04-18T18:26:40","slug":"iletisim","status":"publish","type":"page","link":"https:\/\/www.profpetcorporation.com\/tr\/iletisim\/","title":{"rendered":"\u0130leti\u015fim"},"content":{"rendered":"<p><strong>Ho\u015f kar\u015f\u0131lama<\/strong><br \/>\n<span style=\"font-size: xx-large;\"><strong>Prof Pet Corporation T\u00fcrkiye <\/strong><br \/>\n<strong><img loading=\"lazy\" decoding=\"async\" class=\" wp-image-5892 alignleft\" style=\"font-size: medium;\" src=\"https:\/\/www.profpetcorporation.com\/wp-content\/uploads\/2025\/04\/TR-HASAN-TABAN.jpg\" alt=\"\" width=\"164\" height=\"220\" srcset=\"https:\/\/www.profpetcorporation.com\/wp-content\/uploads\/2025\/04\/TR-HASAN-TABAN.jpg 693w, https:\/\/www.profpetcorporation.com\/wp-content\/uploads\/2025\/04\/TR-HASAN-TABAN-223x300.jpg 223w, https:\/\/www.profpetcorporation.com\/wp-content\/uploads\/2025\/04\/TR-HASAN-TABAN-600x806.jpg 600w\" sizes=\"auto, (max-width: 164px) 100vw, 164px\" \/><span style=\"font-size: large;\"><strong>Temasa ge\u00e7mek : <\/strong><\/span><\/strong><\/span><\/p>\n<p><span style=\"font-size: x-large;\"><strong>Dr. Hasan Taban <\/strong><br \/>\ntel. 0544 245 68 38<\/span><\/p>\n<p>&nbsp;<\/p>\n<p>&nbsp;<\/p>\n<p><span style=\"font-size: x-large;\"><strong>e-posta : <\/strong><br \/>\n<a href=\"mailto:info@profpetcorporation.com.tr\">info@profpetcorporation.com.tr <\/a><\/span><\/p>\n","protected":false},"excerpt":{"rendered":"<p>Ho\u015f kar\u015f\u0131lama Prof Pet Corporation T\u00fcrkiye Temasa ge\u00e7mek : Dr. Hasan Taban tel. 0544 245 68 38 &nbsp; &nbsp; e-posta : info@profpetcorporation.com.tr<\/p>\n","protected":false},"author":2,"featured_media":0,"parent":0,"menu_order":0,"comment_status":"closed","ping_status":"closed","template":"contact-template.php","meta":{"_acf_changed":false,"footnotes":""},"class_list":["post-5921","page","type-page","status-publish","hentry"],"acf":[],"yoast_head":"<!-- This site is optimized with the Yoast SEO plugin v27.3 - https:\/\/yoast.com\/product\/yoast-seo-wordpress\/ -->\n<title>\u0130leti\u015fim - Prof Pet Corporation<\/title>\n<meta name=\"robots\" content=\"index, follow, max-snippet:-1, max-image-preview:large, max-video-preview:-1\" \/>\n<link rel=\"canonical\" href=\"https:\/\/www.profpetcorporation.com\/tr\/iletisim\/\" \/>\n<meta property=\"og:locale\" content=\"tr_TR\" \/>\n<meta property=\"og:type\" content=\"article\" \/>\n<meta property=\"og:title\" content=\"\u0130leti\u015fim - Prof Pet Corporation\" \/>\n<meta property=\"og:description\" content=\"Ho\u015f kar\u015f\u0131lama Prof Pet Corporation T\u00fcrkiye Temasa ge\u00e7mek : Dr. Hasan Taban tel. 0544 245 68 38 &nbsp; &nbsp; e-posta : info@profpetcorporation.com.tr\" \/>\n<meta property=\"og:url\" content=\"https:\/\/www.profpetcorporation.com\/tr\/iletisim\/\" \/>\n<meta property=\"og:site_name\" content=\"Prof Pet Corporation\" \/>\n<meta property=\"article:modified_time\" content=\"2025-04-18T18:26:40+00:00\" \/>\n<meta property=\"og:image\" content=\"https:\/\/www.profpetcorporation.com\/wp-content\/uploads\/2025\/04\/TR-HASAN-TABAN.jpg\" \/>\n\t<meta property=\"og:image:width\" content=\"693\" \/>\n\t<meta property=\"og:image:height\" content=\"931\" \/>\n\t<meta property=\"og:image:type\" content=\"image\/jpeg\" \/>\n<meta name=\"twitter:card\" content=\"summary_large_image\" \/>\n<meta name=\"twitter:label1\" content=\"Tahmini okuma s\u00fcresi\" \/>\n\t<meta name=\"twitter:data1\" content=\"1 dakika\" \/>\n<script type=\"application\/ld+json\" class=\"yoast-schema-graph\">{\"@context\":\"https:\\\/\\\/schema.org\",\"@graph\":[{\"@type\":\"WebPage\",\"@id\":\"https:\\\/\\\/www.profpetcorporation.com\\\/tr\\\/iletisim\\\/\",\"url\":\"https:\\\/\\\/www.profpetcorporation.com\\\/tr\\\/iletisim\\\/\",\"name\":\"\u0130leti\u015fim - Prof Pet Corporation\",\"isPartOf\":{\"@id\":\"https:\\\/\\\/www.profpetcorporation.com\\\/tr\\\/#website\"},\"primaryImageOfPage\":{\"@id\":\"https:\\\/\\\/www.profpetcorporation.com\\\/tr\\\/iletisim\\\/#primaryimage\"},\"image\":{\"@id\":\"https:\\\/\\\/www.profpetcorporation.com\\\/tr\\\/iletisim\\\/#primaryimage\"},\"thumbnailUrl\":\"https:\\\/\\\/www.profpetcorporation.com\\\/wp-content\\\/uploads\\\/2025\\\/04\\\/TR-HASAN-TABAN.jpg\",\"datePublished\":\"2024-04-05T13:49:48+00:00\",\"dateModified\":\"2025-04-18T18:26:40+00:00\",\"breadcrumb\":{\"@id\":\"https:\\\/\\\/www.profpetcorporation.com\\\/tr\\\/iletisim\\\/#breadcrumb\"},\"inLanguage\":\"tr\",\"potentialAction\":[{\"@type\":\"ReadAction\",\"target\":[\"https:\\\/\\\/www.profpetcorporation.com\\\/tr\\\/iletisim\\\/\"]}]},{\"@type\":\"ImageObject\",\"inLanguage\":\"tr\",\"@id\":\"https:\\\/\\\/www.profpetcorporation.com\\\/tr\\\/iletisim\\\/#primaryimage\",\"url\":\"https:\\\/\\\/www.profpetcorporation.com\\\/wp-content\\\/uploads\\\/2025\\\/04\\\/TR-HASAN-TABAN.jpg\",\"contentUrl\":\"https:\\\/\\\/www.profpetcorporation.com\\\/wp-content\\\/uploads\\\/2025\\\/04\\\/TR-HASAN-TABAN.jpg\"},{\"@type\":\"BreadcrumbList\",\"@id\":\"https:\\\/\\\/www.profpetcorporation.com\\\/tr\\\/iletisim\\\/#breadcrumb\",\"itemListElement\":[{\"@type\":\"ListItem\",\"position\":1,\"name\":\"Home\",\"item\":\"https:\\\/\\\/www.profpetcorporation.com\\\/tr\\\/\"},{\"@type\":\"ListItem\",\"position\":2,\"name\":\"\u0130leti\u015fim\"}]},{\"@type\":\"WebSite\",\"@id\":\"https:\\\/\\\/www.profpetcorporation.com\\\/tr\\\/#website\",\"url\":\"https:\\\/\\\/www.profpetcorporation.com\\\/tr\\\/\",\"name\":\"Prof Pet Corporation\",\"description\":\"\",\"potentialAction\":[{\"@type\":\"SearchAction\",\"target\":{\"@type\":\"EntryPoint\",\"urlTemplate\":\"https:\\\/\\\/www.profpetcorporation.com\\\/tr\\\/?s={search_term_string}\"},\"query-input\":{\"@type\":\"PropertyValueSpecification\",\"valueRequired\":true,\"valueName\":\"search_term_string\"}}],\"inLanguage\":\"tr\"}]}<\/script>\n<!-- \/ Yoast SEO plugin. -->","yoast_head_json":{"title":"\u0130leti\u015fim - Prof Pet Corporation","robots":{"index":"index","follow":"follow","max-snippet":"max-snippet:-1","max-image-preview":"max-image-preview:large","max-video-preview":"max-video-preview:-1"},"canonical":"https:\/\/www.profpetcorporation.com\/tr\/iletisim\/","og_locale":"tr_TR","og_type":"article","og_title":"\u0130leti\u015fim - Prof Pet Corporation","og_description":"Ho\u015f kar\u015f\u0131lama Prof Pet Corporation T\u00fcrkiye Temasa ge\u00e7mek : Dr. Hasan Taban tel. 0544 245 68 38 &nbsp; &nbsp; e-posta : info@profpetcorporation.com.tr","og_url":"https:\/\/www.profpetcorporation.com\/tr\/iletisim\/","og_site_name":"Prof Pet Corporation","article_modified_time":"2025-04-18T18:26:40+00:00","og_image":[{"width":693,"height":931,"url":"https:\/\/www.profpetcorporation.com\/wp-content\/uploads\/2025\/04\/TR-HASAN-TABAN.jpg","type":"image\/jpeg"}],"twitter_card":"summary_large_image","twitter_misc":{"Tahmini okuma s\u00fcresi":"1 dakika"},"schema":{"@context":"https:\/\/schema.org","@graph":[{"@type":"WebPage","@id":"https:\/\/www.profpetcorporation.com\/tr\/iletisim\/","url":"https:\/\/www.profpetcorporation.com\/tr\/iletisim\/","name":"\u0130leti\u015fim - Prof Pet Corporation","isPartOf":{"@id":"https:\/\/www.profpetcorporation.com\/tr\/#website"},"primaryImageOfPage":{"@id":"https:\/\/www.profpetcorporation.com\/tr\/iletisim\/#primaryimage"},"image":{"@id":"https:\/\/www.profpetcorporation.com\/tr\/iletisim\/#primaryimage"},"thumbnailUrl":"https:\/\/www.profpetcorporation.com\/wp-content\/uploads\/2025\/04\/TR-HASAN-TABAN.jpg","datePublished":"2024-04-05T13:49:48+00:00","dateModified":"2025-04-18T18:26:40+00:00","breadcrumb":{"@id":"https:\/\/www.profpetcorporation.com\/tr\/iletisim\/#breadcrumb"},"inLanguage":"tr","potentialAction":[{"@type":"ReadAction","target":["https:\/\/www.profpetcorporation.com\/tr\/iletisim\/"]}]},{"@type":"ImageObject","inLanguage":"tr","@id":"https:\/\/www.profpetcorporation.com\/tr\/iletisim\/#primaryimage","url":"https:\/\/www.profpetcorporation.com\/wp-content\/uploads\/2025\/04\/TR-HASAN-TABAN.jpg","contentUrl":"https:\/\/www.profpetcorporation.com\/wp-content\/uploads\/2025\/04\/TR-HASAN-TABAN.jpg"},{"@type":"BreadcrumbList","@id":"https:\/\/www.profpetcorporation.com\/tr\/iletisim\/#breadcrumb","itemListElement":[{"@type":"ListItem","position":1,"name":"Home","item":"https:\/\/www.profpetcorporation.com\/tr\/"},{"@type":"ListItem","position":2,"name":"\u0130leti\u015fim"}]},{"@type":"WebSite","@id":"https:\/\/www.profpetcorporation.com\/tr\/#website","url":"https:\/\/www.profpetcorporation.com\/tr\/","name":"Prof Pet Corporation","description":"","potentialAction":[{"@type":"SearchAction","target":{"@type":"EntryPoint","urlTemplate":"https:\/\/www.profpetcorporation.com\/tr\/?s={search_term_string}"},"query-input":{"@type":"PropertyValueSpecification","valueRequired":true,"valueName":"search_term_string"}}],"inLanguage":"tr"}]}},"_links":{"self":[{"href":"https:\/\/www.profpetcorporation.com\/tr\/wp-json\/wp\/v2\/pages\/5921","targetHints":{"allow":["GET"]}}],"collection":[{"href":"https:\/\/www.profpetcorporation.com\/tr\/wp-json\/wp\/v2\/pages"}],"about":[{"href":"https:\/\/www.profpetcorporation.com\/tr\/wp-json\/wp\/v2\/types\/page"}],"author":[{"embeddable":true,"href":"https:\/\/www.profpetcorporation.com\/tr\/wp-json\/wp\/v2\/users\/2"}],"replies":[{"embeddable":true,"href":"https:\/\/www.profpetcorporation.com\/tr\/wp-json\/wp\/v2\/comments?post=5921"}],"version-history":[{"count":9,"href":"https:\/\/www.profpetcorporation.com\/tr\/wp-json\/wp\/v2\/pages\/5921\/revisions"}],"predecessor-version":[{"id":5989,"href":"https:\/\/www.profpetcorporation.com\/tr\/wp-json\/wp\/v2\/pages\/5921\/revisions\/5989"}],"wp:attachment":[{"href":"https:\/\/www.profpetcorporation.com\/tr\/wp-json\/wp\/v2\/media?parent=5921"}],"curies":[{"name":"wp","href":"https:\/\/api.w.org\/{rel}","templated":true}]}}