{"id":4825,"date":"2024-04-05T13:35:27","date_gmt":"2024-04-05T13:35:27","guid":{"rendered":"https:\/\/profpetcorporation.previewready.nl\/kis-kis\/"},"modified":"2025-04-18T13:41:44","modified_gmt":"2025-04-18T13:41:44","slug":"kis-kis","status":"publish","type":"page","link":"https:\/\/www.profpetcorporation.com\/tr\/kis-kis\/","title":{"rendered":"KiS-KiS\u00ae"},"content":{"rendered":"<p style=\"text-align: center;\"><span style=\"font-size: x-large;\"><strong>HEPS\u0130 B\u0130R ARADA, LEZZETL\u0130 VE SA\u011eLIKLI<\/strong><\/span><\/p>\n<p style=\"text-align: center;\"><span style=\"font-size: large;\"><strong><img loading=\"lazy\" decoding=\"async\" class=\"alignnone size-full wp-image-5279\" src=\"https:\/\/www.profpetcorporation.com\/wp-content\/uploads\/2024\/12\/TR-for-the-most-picky-cats.jpg\" alt=\"\" width=\"1379\" height=\"232\" srcset=\"https:\/\/www.profpetcorporation.com\/wp-content\/uploads\/2024\/12\/TR-for-the-most-picky-cats.jpg 1379w, https:\/\/www.profpetcorporation.com\/wp-content\/uploads\/2024\/12\/TR-for-the-most-picky-cats-300x50.jpg 300w, https:\/\/www.profpetcorporation.com\/wp-content\/uploads\/2024\/12\/TR-for-the-most-picky-cats-1024x172.jpg 1024w, https:\/\/www.profpetcorporation.com\/wp-content\/uploads\/2024\/12\/TR-for-the-most-picky-cats-768x129.jpg 768w, https:\/\/www.profpetcorporation.com\/wp-content\/uploads\/2024\/12\/TR-for-the-most-picky-cats-600x101.jpg 600w\" sizes=\"auto, (max-width: 1379px) 100vw, 1379px\" \/>KiS-KiS<\/strong>\u00ae &#8211; en se\u00e7ici kediler i\u00e7in! Yaln\u0131zca do\u011fal antioksidanla korunmu\u015ftur, Yapay renklendirici, Yapay aroma, Koruyucu, \u0130lave soya i\u00e7ermez. S\u00fcper premium Bu\u011fday-Glutensiz kuru kedi mamas\u0131; t\u00fcm \u0131rklar ve ya\u015flar i\u00e7in uygundur. En y\u00fcksek kaliteli i\u00e7erikleri i\u00e7erir; y\u00fcksek sindirilebilirlikte proteinler, ya\u011flar ve ya\u011f asitleri; \u0130drar pH kontrol\u00fc; y\u00fcksek OMEGA 6:3 ve EPA+DHA i\u00e7eri\u011fi; FOS+MOS ile zenginle\u015ftirilmi\u015ftir; koku kontrol\u00fc i\u00e7in Yucca Schidigera \u00f6z\u00fc i\u00e7erir.<strong><br \/>\nKiS-KiS<\/strong>\u00ae &#8211; taze etten yap\u0131lan tah\u0131ls\u0131z s\u00fcper premium ya\u015f mama, %100 do\u011fal i\u00e7eriklerle ve kayna\u011fa kadar izlenebilirlik ile, Taurin ve E vitamini i\u00e7erir.<strong><br \/>\nKiS-KiS<\/strong>\u00ae &#8211; vitaminli Glutensiz peynir alt\u0131 suyu pastilleri.<\/span><span style=\"font-size: large;\"><strong><br \/>\n<\/strong><span style=\"font-size: large;\"><strong>KiS-KiS<\/strong>\u00ae &#8211; m\u00fckemmel tada sahip sa\u011fl\u0131kl\u0131 mama!<\/span><\/span><\/p>\n<p>&nbsp;<\/p>\n<p style=\"text-align: center;\"><span style=\"font-size: large;\"><strong>Kaliteyi Garantiler<\/strong><\/span><\/p>\n<p style=\"text-align: center;\"><span style=\"font-size: large;\"><strong>KiS-KiS<\/strong>\u00ae<strong> \u00fcr\u00fcnleri gereksinimleri kar\u015f\u0131lamak i\u00e7in haz\u0131rlanir:\u2028\u2028<\/strong><\/span><\/p>\n<p style=\"text-align: center;\"><span style=\"font-size: large;\"><strong>NVWA<\/strong><br \/>\nHollanda G\u0131da ve T\u00fcketici \u00dcr\u00fcnleri G\u00fcvenli\u011fi Otoritesi<\/span><\/p>\n<p style=\"text-align: center;\"><span style=\"font-size: large;\"><strong>AAFCO<\/strong><br \/>\nAmerikan beslenme kontrol yetkililerinin derne\u011fi<\/span><\/p>\n<p style=\"text-align: center;\"><span style=\"font-size: large;\"><strong>NRC<\/strong><br \/>\nUlusal Ara\u015ft\u0131rma Konseyi<\/span><\/p>\n<p style=\"text-align: center;\"><span style=\"font-size: large;\"><strong>FEDIAF<\/strong><br \/>\nAvrupa Evcil Hayvan Mamalar\u0131 End\u00fcstrisi Federasyonu<\/span><\/p>\n<p style=\"text-align: center;\"><span style=\"font-size: large;\"><strong><br \/>\nKiS-KiS\u00ae yap\u0131m\u0131; \u00fcr\u00fcnler Hollanda\u2019n\u0131n en y\u00fcksek kalite kontrol y\u00f6ntemlerine g\u00f6re onaylanm\u0131\u015ft\u0131r :<\/strong><\/span><\/p>\n<p style=\"text-align: center;\"><img loading=\"lazy\" decoding=\"async\" class=\"alignnone size-full wp-image-4930\" src=\"https:\/\/www.profpetcorporation.com\/wp-content\/uploads\/2024\/12\/NON-GMO-Certified.jpg\" alt=\"\" width=\"153\" height=\"160\" \/><\/p>\n<p style=\"text-align: center;\"><span style=\"font-size: large;\">GDO&#8217;suz<br \/>\nSGS (Soci\u00e9t\u00e9 G\u00e9n\u00e9rale de Surveillance) taraf\u0131ndan kay\u0131tl\u0131d\u0131r<br \/>\nSGS S.A., \u0130svi\u00e7re merkezli uluslararas\u0131 bir hizmet \u015firketidir,<br \/>\ndenetim, kontrol, analiz ve sertifikaland\u0131rma alanlar\u0131nda d\u00fcnya lideridir.<\/span><\/p>\n<p>&nbsp;<\/p>\n<p style=\"text-align: center;\"><strong><span style=\"font-size: large;\"><img loading=\"lazy\" decoding=\"async\" class=\"alignnone wp-image-5010\" src=\"https:\/\/www.profpetcorporation.com\/wp-content\/uploads\/2024\/12\/ISO-9001-1.jpg\" alt=\"\" width=\"200\" height=\"367\" \/><br \/>\n<strong>NEN ISO 9001<\/strong><br \/>\n<\/span><\/strong><span style=\"font-size: large;\">Uluslararas\u0131 normlarda geli\u015ftirme ve hayvan g\u0131da \u00fcretim i\u00e7in kalite y\u00f6netim sistem standartlar\u0131.<\/span><\/p>\n<p>&nbsp;<\/p>\n<p style=\"text-align: center;\"><strong><span style=\"font-size: large;\"><strong>I.F.S.<\/strong><br \/>\n<\/span><\/strong><span style=\"font-size: large;\">Uluslararas\u0131 g\u0131da standartlar\u0131<\/span><\/p>\n<p>&nbsp;<\/p>\n<p style=\"text-align: center;\"><strong><span style=\"font-size: large;\"><strong><img loading=\"lazy\" decoding=\"async\" class=\"alignnone wp-image-4997\" src=\"https:\/\/www.profpetcorporation.com\/wp-content\/uploads\/2024\/12\/GMP-1.jpg\" alt=\"\" width=\"200\" height=\"316\" \/><br \/>\n\u0130yi \u00dcretim Uygulamalar\u0131 +<\/strong><\/span><\/strong><\/p>\n<p>&nbsp;<\/p>\n<p>&nbsp;<\/p>\n<p>&nbsp;<\/p>\n<p>&nbsp;<\/p>\n<p>&nbsp;<\/p>\n","protected":false},"excerpt":{"rendered":"<p>HEPS\u0130 B\u0130R ARADA, LEZZETL\u0130 VE SA\u011eLIKLI KiS-KiS\u00ae &#8211; en se\u00e7ici kediler i\u00e7in! Yaln\u0131zca do\u011fal antioksidanla korunmu\u015ftur, Yapay renklendirici, Yapay aroma, Koruyucu, \u0130lave soya i\u00e7ermez. S\u00fcper premium Bu\u011fday-Glutensiz kuru kedi mamas\u0131; t\u00fcm \u0131rklar ve ya\u015flar i\u00e7in uygundur. En y\u00fcksek kaliteli i\u00e7erikleri i\u00e7erir; y\u00fcksek sindirilebilirlikte proteinler, ya\u011flar ve ya\u011f asitleri; \u0130drar pH kontrol\u00fc; y\u00fcksek OMEGA 6:3 ve [&hellip;]<\/p>\n","protected":false},"author":1,"featured_media":0,"parent":0,"menu_order":0,"comment_status":"closed","ping_status":"closed","template":"","meta":{"_acf_changed":false,"footnotes":""},"class_list":["post-4825","page","type-page","status-publish","hentry"],"acf":[],"yoast_head":"<!-- This site is optimized with the Yoast SEO plugin v27.3 - https:\/\/yoast.com\/product\/yoast-seo-wordpress\/ -->\n<title>KiS-KiS\u00ae - Prof Pet Corporation<\/title>\n<meta name=\"robots\" content=\"index, follow, max-snippet:-1, max-image-preview:large, max-video-preview:-1\" \/>\n<link rel=\"canonical\" href=\"https:\/\/www.profpetcorporation.com\/tr\/kis-kis\/\" \/>\n<meta property=\"og:locale\" content=\"tr_TR\" \/>\n<meta property=\"og:type\" content=\"article\" \/>\n<meta property=\"og:title\" content=\"KiS-KiS\u00ae - Prof Pet Corporation\" \/>\n<meta property=\"og:description\" content=\"HEPS\u0130 B\u0130R ARADA, LEZZETL\u0130 VE SA\u011eLIKLI KiS-KiS\u00ae &#8211; en se\u00e7ici kediler i\u00e7in! Yaln\u0131zca do\u011fal antioksidanla korunmu\u015ftur, Yapay renklendirici, Yapay aroma, Koruyucu, \u0130lave soya i\u00e7ermez. S\u00fcper premium Bu\u011fday-Glutensiz kuru kedi mamas\u0131; t\u00fcm \u0131rklar ve ya\u015flar i\u00e7in uygundur. En y\u00fcksek kaliteli i\u00e7erikleri i\u00e7erir; y\u00fcksek sindirilebilirlikte proteinler, ya\u011flar ve ya\u011f asitleri; \u0130drar pH kontrol\u00fc; y\u00fcksek OMEGA 6:3 ve [&hellip;]\" \/>\n<meta property=\"og:url\" content=\"https:\/\/www.profpetcorporation.com\/tr\/kis-kis\/\" \/>\n<meta property=\"og:site_name\" content=\"Prof Pet Corporation\" \/>\n<meta property=\"article:modified_time\" content=\"2025-04-18T13:41:44+00:00\" \/>\n<meta property=\"og:image\" content=\"https:\/\/www.profpetcorporation.com\/wp-content\/uploads\/2024\/12\/TR-for-the-most-picky-cats.jpg\" \/>\n\t<meta property=\"og:image:width\" content=\"1379\" \/>\n\t<meta property=\"og:image:height\" content=\"232\" \/>\n\t<meta property=\"og:image:type\" content=\"image\/jpeg\" \/>\n<meta name=\"twitter:card\" content=\"summary_large_image\" \/>\n<meta name=\"twitter:label1\" content=\"Tahmini okuma s\u00fcresi\" \/>\n\t<meta name=\"twitter:data1\" content=\"2 dakika\" \/>\n<script type=\"application\/ld+json\" class=\"yoast-schema-graph\">{\"@context\":\"https:\\\/\\\/schema.org\",\"@graph\":[{\"@type\":\"WebPage\",\"@id\":\"https:\\\/\\\/www.profpetcorporation.com\\\/tr\\\/kis-kis\\\/\",\"url\":\"https:\\\/\\\/www.profpetcorporation.com\\\/tr\\\/kis-kis\\\/\",\"name\":\"KiS-KiS\u00ae - Prof Pet Corporation\",\"isPartOf\":{\"@id\":\"https:\\\/\\\/www.profpetcorporation.com\\\/tr\\\/#website\"},\"primaryImageOfPage\":{\"@id\":\"https:\\\/\\\/www.profpetcorporation.com\\\/tr\\\/kis-kis\\\/#primaryimage\"},\"image\":{\"@id\":\"https:\\\/\\\/www.profpetcorporation.com\\\/tr\\\/kis-kis\\\/#primaryimage\"},\"thumbnailUrl\":\"https:\\\/\\\/www.profpetcorporation.com\\\/wp-content\\\/uploads\\\/2024\\\/12\\\/TR-for-the-most-picky-cats.jpg\",\"datePublished\":\"2024-04-05T13:35:27+00:00\",\"dateModified\":\"2025-04-18T13:41:44+00:00\",\"breadcrumb\":{\"@id\":\"https:\\\/\\\/www.profpetcorporation.com\\\/tr\\\/kis-kis\\\/#breadcrumb\"},\"inLanguage\":\"tr\",\"potentialAction\":[{\"@type\":\"ReadAction\",\"target\":[\"https:\\\/\\\/www.profpetcorporation.com\\\/tr\\\/kis-kis\\\/\"]}]},{\"@type\":\"ImageObject\",\"inLanguage\":\"tr\",\"@id\":\"https:\\\/\\\/www.profpetcorporation.com\\\/tr\\\/kis-kis\\\/#primaryimage\",\"url\":\"https:\\\/\\\/www.profpetcorporation.com\\\/wp-content\\\/uploads\\\/2024\\\/12\\\/TR-for-the-most-picky-cats.jpg\",\"contentUrl\":\"https:\\\/\\\/www.profpetcorporation.com\\\/wp-content\\\/uploads\\\/2024\\\/12\\\/TR-for-the-most-picky-cats.jpg\"},{\"@type\":\"BreadcrumbList\",\"@id\":\"https:\\\/\\\/www.profpetcorporation.com\\\/tr\\\/kis-kis\\\/#breadcrumb\",\"itemListElement\":[{\"@type\":\"ListItem\",\"position\":1,\"name\":\"Home\",\"item\":\"https:\\\/\\\/www.profpetcorporation.com\\\/tr\\\/\"},{\"@type\":\"ListItem\",\"position\":2,\"name\":\"KiS-KiS\u00ae\"}]},{\"@type\":\"WebSite\",\"@id\":\"https:\\\/\\\/www.profpetcorporation.com\\\/tr\\\/#website\",\"url\":\"https:\\\/\\\/www.profpetcorporation.com\\\/tr\\\/\",\"name\":\"Prof Pet Corporation\",\"description\":\"\",\"potentialAction\":[{\"@type\":\"SearchAction\",\"target\":{\"@type\":\"EntryPoint\",\"urlTemplate\":\"https:\\\/\\\/www.profpetcorporation.com\\\/tr\\\/?s={search_term_string}\"},\"query-input\":{\"@type\":\"PropertyValueSpecification\",\"valueRequired\":true,\"valueName\":\"search_term_string\"}}],\"inLanguage\":\"tr\"}]}<\/script>\n<!-- \/ Yoast SEO plugin. -->","yoast_head_json":{"title":"KiS-KiS\u00ae - Prof Pet Corporation","robots":{"index":"index","follow":"follow","max-snippet":"max-snippet:-1","max-image-preview":"max-image-preview:large","max-video-preview":"max-video-preview:-1"},"canonical":"https:\/\/www.profpetcorporation.com\/tr\/kis-kis\/","og_locale":"tr_TR","og_type":"article","og_title":"KiS-KiS\u00ae - Prof Pet Corporation","og_description":"HEPS\u0130 B\u0130R ARADA, LEZZETL\u0130 VE SA\u011eLIKLI KiS-KiS\u00ae &#8211; en se\u00e7ici kediler i\u00e7in! Yaln\u0131zca do\u011fal antioksidanla korunmu\u015ftur, Yapay renklendirici, Yapay aroma, Koruyucu, \u0130lave soya i\u00e7ermez. S\u00fcper premium Bu\u011fday-Glutensiz kuru kedi mamas\u0131; t\u00fcm \u0131rklar ve ya\u015flar i\u00e7in uygundur. En y\u00fcksek kaliteli i\u00e7erikleri i\u00e7erir; y\u00fcksek sindirilebilirlikte proteinler, ya\u011flar ve ya\u011f asitleri; \u0130drar pH kontrol\u00fc; y\u00fcksek OMEGA 6:3 ve [&hellip;]","og_url":"https:\/\/www.profpetcorporation.com\/tr\/kis-kis\/","og_site_name":"Prof Pet Corporation","article_modified_time":"2025-04-18T13:41:44+00:00","og_image":[{"width":1379,"height":232,"url":"https:\/\/www.profpetcorporation.com\/wp-content\/uploads\/2024\/12\/TR-for-the-most-picky-cats.jpg","type":"image\/jpeg"}],"twitter_card":"summary_large_image","twitter_misc":{"Tahmini okuma s\u00fcresi":"2 dakika"},"schema":{"@context":"https:\/\/schema.org","@graph":[{"@type":"WebPage","@id":"https:\/\/www.profpetcorporation.com\/tr\/kis-kis\/","url":"https:\/\/www.profpetcorporation.com\/tr\/kis-kis\/","name":"KiS-KiS\u00ae - Prof Pet Corporation","isPartOf":{"@id":"https:\/\/www.profpetcorporation.com\/tr\/#website"},"primaryImageOfPage":{"@id":"https:\/\/www.profpetcorporation.com\/tr\/kis-kis\/#primaryimage"},"image":{"@id":"https:\/\/www.profpetcorporation.com\/tr\/kis-kis\/#primaryimage"},"thumbnailUrl":"https:\/\/www.profpetcorporation.com\/wp-content\/uploads\/2024\/12\/TR-for-the-most-picky-cats.jpg","datePublished":"2024-04-05T13:35:27+00:00","dateModified":"2025-04-18T13:41:44+00:00","breadcrumb":{"@id":"https:\/\/www.profpetcorporation.com\/tr\/kis-kis\/#breadcrumb"},"inLanguage":"tr","potentialAction":[{"@type":"ReadAction","target":["https:\/\/www.profpetcorporation.com\/tr\/kis-kis\/"]}]},{"@type":"ImageObject","inLanguage":"tr","@id":"https:\/\/www.profpetcorporation.com\/tr\/kis-kis\/#primaryimage","url":"https:\/\/www.profpetcorporation.com\/wp-content\/uploads\/2024\/12\/TR-for-the-most-picky-cats.jpg","contentUrl":"https:\/\/www.profpetcorporation.com\/wp-content\/uploads\/2024\/12\/TR-for-the-most-picky-cats.jpg"},{"@type":"BreadcrumbList","@id":"https:\/\/www.profpetcorporation.com\/tr\/kis-kis\/#breadcrumb","itemListElement":[{"@type":"ListItem","position":1,"name":"Home","item":"https:\/\/www.profpetcorporation.com\/tr\/"},{"@type":"ListItem","position":2,"name":"KiS-KiS\u00ae"}]},{"@type":"WebSite","@id":"https:\/\/www.profpetcorporation.com\/tr\/#website","url":"https:\/\/www.profpetcorporation.com\/tr\/","name":"Prof Pet Corporation","description":"","potentialAction":[{"@type":"SearchAction","target":{"@type":"EntryPoint","urlTemplate":"https:\/\/www.profpetcorporation.com\/tr\/?s={search_term_string}"},"query-input":{"@type":"PropertyValueSpecification","valueRequired":true,"valueName":"search_term_string"}}],"inLanguage":"tr"}]}},"_links":{"self":[{"href":"https:\/\/www.profpetcorporation.com\/tr\/wp-json\/wp\/v2\/pages\/4825","targetHints":{"allow":["GET"]}}],"collection":[{"href":"https:\/\/www.profpetcorporation.com\/tr\/wp-json\/wp\/v2\/pages"}],"about":[{"href":"https:\/\/www.profpetcorporation.com\/tr\/wp-json\/wp\/v2\/types\/page"}],"author":[{"embeddable":true,"href":"https:\/\/www.profpetcorporation.com\/tr\/wp-json\/wp\/v2\/users\/1"}],"replies":[{"embeddable":true,"href":"https:\/\/www.profpetcorporation.com\/tr\/wp-json\/wp\/v2\/comments?post=4825"}],"version-history":[{"count":11,"href":"https:\/\/www.profpetcorporation.com\/tr\/wp-json\/wp\/v2\/pages\/4825\/revisions"}],"predecessor-version":[{"id":5938,"href":"https:\/\/www.profpetcorporation.com\/tr\/wp-json\/wp\/v2\/pages\/4825\/revisions\/5938"}],"wp:attachment":[{"href":"https:\/\/www.profpetcorporation.com\/tr\/wp-json\/wp\/v2\/media?parent=4825"}],"curies":[{"name":"wp","href":"https:\/\/api.w.org\/{rel}","templated":true}]}}