{"id":3988,"date":"2024-07-12T16:00:13","date_gmt":"2024-07-12T16:00:13","guid":{"rendered":"https:\/\/profpetcorporation.previewready.nl\/?post_type=product&#038;p=3988"},"modified":"2024-11-09T13:26:44","modified_gmt":"2024-11-09T13:26:44","slug":"pro-vet-ultimate-2","status":"publish","type":"product","link":"https:\/\/www.profpetcorporation.com\/nl\/product\/pro-vet-ultimate-2\/","title":{"rendered":"PRO-VET\u00ae Ultimate"},"content":{"rendered":"<p style=\"text-align: justify;\"><span style=\"color: #c0c0c0;\"><span style=\"font-size: larger;\"><strong>Indicatie<\/strong><\/span><\/span><\/p>\n<p style=\"text-align: justify;\"><span style=\"font-size: medium;\"><strong>PRO-VET<\/strong>\u00ae<strong> Ultimate<\/strong> <strong>compleet en gebalanceerd droog dieetvoer voor volwassen honden van alle rassen met een voedselallergie, voedselintolerantie (voedselovergevoeligheid) of atopie (allergische dermatitis)<\/strong>.<br \/>\nBij honden waarvan wordt vermoed dat ze voedselallergie\u00ebn hebben (ook bekend als een ongunstige voedselreactie).<br \/>\nDe overgrote meerderheid van voedselallergie\u00ebn zijn vanwege de eiwitbron (vlees) in het voedsel<strong> PRO-VET<\/strong>\u00ae<strong> Ultimate<\/strong> <span class=\"EzKURWReUAB5oZgtQNkl\" data-src-align=\"92:8\">als<\/span> <span class=\"EzKURWReUAB5oZgtQNkl\" data-src-align=\"111:129\">een 100% graanvrij en 100% vegetarisch dieet, kan worden aanbevolen bij verschillende aandoeningen bij de hond, met name voedselovergevoeligheid en atopie<\/span>.<br \/>\n<strong>PRO-VET<\/strong>\u00ae<strong> Ultimate<\/strong> <span class=\"EzKURWReUAB5oZgtQNkl\" data-src-align=\"252:181\">bevat Taurine (2-aminoethaansulfonzuur), een organisch zuur dat wordt gevormd uit methionine en cyste\u00efne en essentieel is om het hart goed te laten functioneren.<\/span> <span class=\"EzKURWReUAB5oZgtQNkl\" data-src-align=\"434:7\">Taurine<\/span> <span class=\"EzKURWReUAB5oZgtQNkl\" data-src-align=\"442:5\">speelt<\/span> <span class=\"EzKURWReUAB5oZgtQNkl\" data-src-align=\"450:47\">een belangrijke rol in de werking van de hartspier.<\/span> <span class=\"EzKURWReUAB5oZgtQNkl\" data-src-align=\"502:8\">De toevoeging<\/span> <span class=\"EzKURWReUAB5oZgtQNkl\" data-src-align=\"511:2\">ervan<\/span> <span class=\"EzKURWReUAB5oZgtQNkl\" data-src-align=\"518:52\">aan het voer helpt <span class=\"\">uw hond<\/span> te beschermen tegen hartziekten.<\/span><br \/>\n<\/span><\/p>\n<p>&nbsp;<\/p>\n<p style=\"text-align: justify;\"><span style=\"color: #c0c0c0;\"><span style=\"font-size: larger;\"><strong>Effectiviteiten<\/strong><\/span><\/span><\/p>\n<table border=\"1\" width=\"550\" cellspacing=\"1\" cellpadding=\"1\">\n<tbody>\n<tr>\n<td style=\"text-align: left;\" valign=\"top\" width=\"280\"><span style=\"font-size: medium;\"><strong>KARAKTERISTIEK<\/strong><\/span><\/td>\n<td valign=\"top\"><span style=\"font-size: medium;\"><strong>EFFECT<\/strong><\/span><\/td>\n<\/tr>\n<tr>\n<td valign=\"top\" width=\"280\"><span style=\"font-size: medium;\">Graanvrij<br \/>\n<\/span><\/td>\n<td valign=\"top\"><span style=\"font-size: medium;\">Preventie van ongunstige reacties op voedsel.<\/span><\/td>\n<\/tr>\n<tr>\n<td valign=\"top\" width=\"280\"><span style=\"font-size: medium;\">Toegevoegd hoog Taurine 0.15%<br \/>\n(2-aminoethanesulfonic zuur)<\/span><\/td>\n<td valign=\"top\"><span style=\"font-size: medium;\">Vergemakkelijkt de neurotransmissie in hartspier.<\/span><\/td>\n<\/tr>\n<tr>\n<td valign=\"top\" width=\"280\"><span style=\"font-size: medium;\">Glutenvrij<\/span><\/td>\n<td valign=\"top\">Helpt problemen met het immuunsysteem, zoals spijsverteringsstoornissen zoals inflammatoire darmziekte, te voorkomen.<\/td>\n<\/tr>\n<tr>\n<td valign=\"top\" width=\"280\"><span style=\"font-size: medium;\">Laag fosforgehalte<\/span><\/td>\n<td valign=\"top\"><span style=\"font-size: medium;\">Vermindert het risico op nierziekte.<\/span><\/td>\n<\/tr>\n<tr>\n<td valign=\"top\" width=\"280\"><span style=\"font-size: medium;\">Rijk aan vezelstoffen met hoge viscositeit (FHV)<\/span><\/td>\n<td valign=\"top\"><span style=\"font-size: medium;\">Vermindert het risico op diabetes.<br \/>\nStimuleert de darmmotiliteit en bevordert de consistentie van de ontlasting.<\/span><\/td>\n<\/tr>\n<tr>\n<td valign=\"top\" width=\"280\"><span style=\"font-size: medium;\">Rijk aan vezelstoffen met lage viscositeit (FLV)<\/span><\/td>\n<td valign=\"top\"><span style=\"font-size: medium;\">Bevordert darmmotiliteit.<\/span><\/td>\n<\/tr>\n<\/tbody>\n<\/table>\n<p><span style=\"font-size: large;\">\u00a0<\/span><\/p>\n<p style=\"text-align: justify;\"><span style=\"color: #c0c0c0;\"><span style=\"font-size: larger;\"><strong>Samenstelling<\/strong><\/span><\/span><\/p>\n<p style=\"text-align: justify;\"><span style=\"font-size: medium;\">linzen, rode bonen, kikkererwten, erwten, olijfolie, wortelen, tomaten, aardpeer, zeewier, mineralen, marjolein, tijm, rozemarijn.<\/span><\/p>\n<p style=\"text-align: justify;\"><span style=\"font-size: medium;\">PRO-VET\u00ae producten voldoen aan de standaarden van AAFCO, NRC en FEDIAF. Bevat g\u00e9\u00e9n kunstmatige smaakstoffen of kleurstoffen.\u00a0<\/span><\/p>\n<p>&nbsp;<\/p>\n<p style=\"text-align: justify;\"><span style=\"color: #c0c0c0;\"><span style=\"font-size: larger;\"><strong>Analyse<\/strong><\/span><\/span><\/p>\n<table border=\"0\" width=\"550\" cellspacing=\"1\" cellpadding=\"1\">\n<tbody>\n<tr>\n<td valign=\"top\"><span style=\"font-size: medium;\"><strong>Analytische<br \/>\nbestanddelen\/kg<\/strong><\/span><\/td>\n<td valign=\"top\"><\/td>\n<td valign=\"top\"><span style=\"font-size: medium;\"><strong>Nutritionele<br \/>\ntoevoegingsmiddelen\/kg<\/strong><\/span><\/td>\n<td valign=\"top\"><\/td>\n<\/tr>\n<tr>\n<td valign=\"top\"><span style=\"font-size: medium;\"><span style=\"font-size: medium;\">Vocht<br \/>\nRuwe prote\u00efne<br \/>\nRuw vet<br \/>\nRuwe as<br \/>\nRuw vezel<br \/>\nCalcium (Ca)<br \/>\nFosfor (P)<br \/>\nNatrium (Na)<br \/>\nKalium (K)<\/span><\/span><\/td>\n<td valign=\"top\"><span style=\"font-size: medium;\">70 %<br \/>\n5.0 %<br \/>\n4.5 %<br \/>\n2.0 %<br \/>\n0.50 %<br \/>\n0.19 %<br \/>\n0.17 %<br \/>\n1.30 g<br \/>\n2.90 g<br \/>\n<\/span><\/td>\n<td valign=\"top\"><span style=\"font-size: medium;\"><span style=\"font-size: medium;\">Vitamine A<br \/>\nVitamine D3<br \/>\nVitamine E<br \/>\nVitamine K3<br \/>\nVitamine B1<br \/>\nVitamine B2<br \/>\nVitamine B6<br \/>\nVitamine B12<\/span><\/span><\/td>\n<td valign=\"top\"><span style=\"font-size: medium;\"><span style=\"font-size: medium;\">3.500 IE<br \/>\n350 IE<br \/>\n35 mg<br \/>\n1.10 mg<br \/>\n20 mg<br \/>\n7.50 mg<br \/>\n2.50 mg<br \/>\n15.0 \u03bcg<\/span><\/span><\/td>\n<\/tr>\n<\/tbody>\n<\/table>\n<p><strong>Energie waarde 88 Kcal\/g [6 MJ\/g] <\/strong><\/p>\n<p><span style=\"font-size: medium;\"><strong>Vitaminen:<\/strong><br \/>\nVitamine A (retinylacetaat)<br \/>\nVitamine D3 (cholecalciferol)<br \/>\nVitamine E (all-rac-\u0430lfa-tocoferol)<br \/>\n<\/span><\/p>\n<p><span style=\"font-size: medium;\"><strong>Sporeelementen:<\/strong><br \/>\n(Zn) Zink (zink-(II)-sulfaat monohydraat) 83 mg\/kg<br \/>\n(Fe) Ijzer (ijzer-(II)-sulfaat monohydraat) 66 mg\/kg<br \/>\n(Mn) Mangaan (mangaan-(II)-oxide) 37 mg\/kg<br \/>\n(Cu) Koper (koper-(II)-sulfaat pentahydraat) 12 mg\/kg<br \/>\n(I) Jodium (calciumjodaat, watervrij) 0.78 mg\/kg<br \/>\n(Se) Selenium (natriumseleniet) 0.04 mg\/kg<br \/>\n<\/span><\/p>\n<p><span style=\"font-size: medium;\"><strong>Overige nutritionele toevoedingsmiddelen:<\/strong><br \/>\nTaurine 300 mg<\/span><\/p>\n<p><strong><span style=\"font-size: medium;\">Gebruiksaanwijzing: <\/span><\/strong><span style=\"font-size: medium;\">Voor het beste resultaat, voer uw hond in combinatie met droge dieetvoeding <strong>PRO-VET<\/strong>\u00ae<strong> Ultimate<\/strong>. <\/span><span style=\"font-size: medium;\">Zorg ervoor dat er altijd voldoende vers drinkwater voor uw hond staat. Bewaar op een koele en droge plaats. Het beste opgediend bij kamertemperatuur. Na het openen, bewaren in de koelkast en binnen 48 uur gebruiken. Ongebruikt deel kan ook worden ingevroren. Het bevroren product kan worden ontdooid \/ opgewarmd in de magnetron voor 30-60 seconden, en moet binnen 20 minuten geconsumeerd worden. Maak de voer- en waterbak regelmatig schoon.<br \/>\n<\/span><\/p>\n<p>&nbsp;<\/p>\n<p style=\"text-align: justify;\"><span style=\"color: #c0c0c0;\"><span style=\"font-size: larger;\"><strong>Voedingsschema<\/strong><\/span><\/span><span style=\"color: #47b4aa;\"><span style=\"font-size: larger;\"><strong><br \/>\n<\/strong><\/span><\/span><\/p>\n<table border=\"0\" width=\"491\" cellspacing=\"1\" cellpadding=\"1\">\n<tbody>\n<tr>\n<td style=\"border-bottom: 1px solid #b6b6b6;\"><span style=\"font-size: medium;\">Rasgrootte<\/span><span style=\"font-size: larger;\"><br \/>\n<\/span><\/td>\n<td style=\"border-bottom: 1px solid #b6b6b6;\"><span style=\"font-size: medium;\">Lichaamsgewicht<\/span><span style=\"font-size: larger;\"><br \/>\n<\/span><\/td>\n<td style=\"border-bottom: 1px solid #b6b6b6;\"><span style=\"font-size: medium;\">Zonder droogvoer<br \/>\n<\/span><\/td>\n<td style=\"border-bottom: 1px solid #b6b6b6;\"><span style=\"font-size: medium;\">Met droogvoer<\/span><span style=\"font-size: larger;\"><br \/>\n<\/span><\/td>\n<\/tr>\n<tr>\n<td style=\"border-bottom: 1px solid #b6b6b6;\"><span style=\"font-size: medium;\">Mini<\/span><\/td>\n<td style=\"border-bottom: 1px solid #b6b6b6;\"><span style=\"font-size: medium;\">Up to 5kg<br \/>\n<\/span><\/td>\n<td style=\"border-bottom: 1px solid #b6b6b6;\"><span style=\"font-size: medium;\">\u00bc &#8211; \u00bd bakje<\/span><\/td>\n<td style=\"border-bottom: 1px solid #b6b6b6;\"><span style=\"font-size: medium;\">\u00bc bakje<\/span><\/td>\n<\/tr>\n<tr>\n<td style=\"border-bottom: 1px solid #b6b6b6;\"><span style=\"font-size: medium;\">Klein<\/span><\/td>\n<td style=\"border-bottom: 1px solid #b6b6b6;\"><span style=\"font-size: medium;\">5kg &#8211; 10kg<\/span><span style=\"font-size: larger;\"><br \/>\n<\/span><\/td>\n<td style=\"border-bottom: 1px solid #b6b6b6;\"><span style=\"font-size: medium;\">\u00bd &#8211; \u00be bakje<\/span><\/td>\n<td style=\"border-bottom: 1px solid #b6b6b6;\"><span style=\"font-size: medium;\">\u2153 bakje<\/span><\/td>\n<\/tr>\n<tr>\n<td style=\"border-bottom: 1px solid #b6b6b6;\"><span style=\"font-size: medium;\">Middelgroot<\/span><\/td>\n<td style=\"border-bottom: 1px solid #b6b6b6;\"><span style=\"font-size: medium;\">10kg &#8211; 15kg<\/span><span style=\"font-size: larger;\"><br \/>\n<\/span><\/td>\n<td style=\"border-bottom: 1px solid #b6b6b6;\"><span style=\"font-size: medium;\">\u00be &#8211; 1 bakje<\/span><\/td>\n<td style=\"border-bottom: 1px solid #b6b6b6;\"><span style=\"font-size: medium;\">\u00bd bakje<\/span><\/td>\n<\/tr>\n<tr>\n<td style=\"border-bottom: 1px solid #b6b6b6;\"><span style=\"font-size: medium;\">Groot<\/span><\/td>\n<td style=\"border-bottom: 1px solid #b6b6b6;\"><span style=\"font-size: medium;\">15kg &#8211; 25kg<\/span><span style=\"font-size: larger;\"><br \/>\n<\/span><\/td>\n<td style=\"border-bottom: 1px solid #b6b6b6;\"><span style=\"font-size: medium;\">1 &#8211; 1\u00bd bakje<\/span><\/td>\n<td style=\"border-bottom: 1px solid #b6b6b6;\"><span style=\"font-size: medium;\">\u00be bakje<\/span><\/td>\n<\/tr>\n<tr>\n<td style=\"border-bottom: 1px solid #b6b6b6;\"><span style=\"font-size: medium;\">Extra Groot<\/span><span style=\"font-size: larger;\"><br \/>\n<\/span><\/td>\n<td style=\"border-bottom: 1px solid #b6b6b6;\"><span style=\"font-size: medium;\">25kg &#8211; 45kg<\/span><span style=\"font-size: larger;\"><br \/>\n<\/span><\/td>\n<td style=\"border-bottom: 1px solid #b6b6b6;\"><span style=\"font-size: medium;\">1\u00bd &#8211; 2\u2153 bakje<\/span><\/td>\n<td style=\"border-bottom: 1px solid #b6b6b6;\"><span style=\"font-size: medium;\">1 bakje<\/span><\/td>\n<\/tr>\n<\/tbody>\n<\/table>\n<p>&nbsp;<\/p>\n<p style=\"text-align: justify;\"><span style=\"color: #c0c0c0;\"><span style=\"font-size: larger;\"><strong>Verpakking<\/strong><\/span><\/span><\/p>\n<p><span style=\"font-size: medium;\">395 g \u00a0\u00a0 EAN\u00a0 8717496489104\u00a0\u00a0\u00a0 Packed in a tray with alu lid.<br \/>\n<\/span><\/p>\n<p>&nbsp;<\/p>\n<p style=\"text-align: justify;\"><span style=\"color: #c0c0c0;\"><span style=\"font-size: larger;\"><strong>Bewaaradvies<\/strong><\/span><\/span><\/p>\n<p style=\"text-align: justify;\"><span style=\"font-size: medium;\">Bewaar op een koele, droge plaats. Bewaar na het openen de ongebruikte inhoud in de koelkast, in een afgesloten verpakking en gebruik binnen 24 uur. Best geserveerd op kamertemperatuur. <\/span><\/p>\n<p>&nbsp;<\/p>\n<p>Bij <strong>PRO-VET<\/strong>\u00ae hebben wij ons gecommitteerd om al onze ingredi\u00ebnten zoveel mogelijk van lokale bronnen te kopen, en zo kunnen wij een volledige traceerbaarheid van boerderijen tot onze gerenommeerde leveranciers waarborgen. Gedurende de zorg voor uw huisdier zorgen wij voor uw omgeving, al onze verpakkingen zijn gemaakt van 100% recyclebaar materiaal. De productie eenheid is zo ingericht om kwalitatief hoogwaardig hondenvoeding van 100% natuurlijke ingredi\u00ebnten samen te stellen.<br \/>\n<strong>PRO-VET<\/strong>\u00ae producten worden geproduceerd volgens de hoogste normen. Wij werken samen met toonaangevende voedingsdeskundigen om te garanderen dat de eigenschappen van onze recepten aan de voedingsbehoeften van uw hond voldoen.<br \/>\nIn <strong>PRO-VET<\/strong>\u00ae combineren we de vier belangrijkste basis groepen: Essenti\u00eble Eiwitten, Granen en Vezels, Vitaminen en Mineralen, Vetten en Oli\u00ebn om deze tot een voedzaam, natuurlijk hondenvoer te cre\u00ebren.<\/p>\n<p><span style=\"font-size: medium;\"><br \/>\n<\/span><strong><span style=\"font-size: medium;\">Een gezonde hond is een gelukkige hond.<\/span><\/strong><\/p>\n<p>&nbsp;<\/p>\n","protected":false},"excerpt":{"rendered":"<p style=\"text-align: left;\"><span style=\"font-size: X-large;\"><span style=\"color: #bebebe;\"><strong>BEHEERSING VAN VOEDSEL ALLERGIE EN ATOPISCHE HUIDZIEKTEN<\/strong><\/span><\/span><span style=\"font-size: large;\"><br \/>\n<\/span><\/p>\n<p style=\"text-align: left;\"><span style=\"font-size: large;\">Verlaagd Energiegehalte<br \/>\nGehydrolyseerde Eiwit Bronnen<br \/>\nHoog Prote\u00efne Gehalte<br \/>\nVerrijkt met Zalmolie 5%<br \/>\nToegevoegde Borage Olie 0.5%<br \/>\nHoog L-Carnitine Gehalte<br \/>\nHoog Taurine Gehalte<br \/>\nRijk aan Prebiotica (MOS+FOS)<br \/>\nNatuurlijke Antioxidanten Mengsel<br \/>\n<\/span><\/p>\n","protected":false},"featured_media":2735,"comment_status":"open","ping_status":"closed","template":"","meta":{"_acf_changed":false},"product_brand":[],"product_cat":[195,175],"product_tag":[],"class_list":{"0":"post-3988","1":"product","2":"type-product","3":"status-publish","4":"has-post-thumbnail","6":"product_cat-maaltijden-voor-honden-395g","7":"product_cat-pro-vet-nl","9":"first","10":"instock","11":"shipping-taxable","12":"product-type-simple"},"acf":[],"yoast_head":"<!-- This site is optimized with the Yoast SEO plugin v27.3 - https:\/\/yoast.com\/product\/yoast-seo-wordpress\/ -->\n<title>PRO-VET\u00ae Ultimate - Prof Pet Corporation<\/title>\n<meta name=\"robots\" content=\"index, follow, max-snippet:-1, max-image-preview:large, max-video-preview:-1\" \/>\n<link rel=\"canonical\" href=\"https:\/\/www.profpetcorporation.com\/nl\/product\/pro-vet-ultimate-2\/\" \/>\n<meta property=\"og:locale\" content=\"nl_NL\" \/>\n<meta property=\"og:type\" content=\"article\" \/>\n<meta property=\"og:title\" content=\"PRO-VET\u00ae Ultimate - Prof Pet Corporation\" \/>\n<meta property=\"og:description\" content=\"BEHEERSING VAN VOEDSEL ALLERGIE EN ATOPISCHE HUIDZIEKTEN  Verlaagd Energiegehalte Gehydrolyseerde Eiwit Bronnen Hoog Prote\u00efne Gehalte Verrijkt met Zalmolie 5% Toegevoegde Borage Olie 0.5% Hoog L-Carnitine Gehalte Hoog Taurine Gehalte Rijk aan Prebiotica (MOS+FOS) Natuurlijke Antioxidanten Mengsel\" \/>\n<meta property=\"og:url\" content=\"https:\/\/www.profpetcorporation.com\/nl\/product\/pro-vet-ultimate-2\/\" \/>\n<meta property=\"og:site_name\" content=\"Prof Pet Corporation\" \/>\n<meta property=\"article:modified_time\" content=\"2024-11-09T13:26:44+00:00\" \/>\n<meta property=\"og:image\" content=\"https:\/\/www.profpetcorporation.com\/wp-content\/uploads\/2024\/07\/PRO-VET-395gr-Ultimate--scaled.jpg\" \/>\n\t<meta property=\"og:image:width\" content=\"2560\" \/>\n\t<meta property=\"og:image:height\" content=\"2498\" \/>\n\t<meta property=\"og:image:type\" content=\"image\/jpeg\" \/>\n<meta name=\"twitter:card\" content=\"summary_large_image\" \/>\n<meta name=\"twitter:label1\" content=\"Geschatte leestijd\" \/>\n\t<meta name=\"twitter:data1\" content=\"4 minuten\" \/>\n<script type=\"application\/ld+json\" class=\"yoast-schema-graph\">{\"@context\":\"https:\\\/\\\/schema.org\",\"@graph\":[{\"@type\":\"WebPage\",\"@id\":\"https:\\\/\\\/www.profpetcorporation.com\\\/nl\\\/product\\\/pro-vet-ultimate-2\\\/\",\"url\":\"https:\\\/\\\/www.profpetcorporation.com\\\/nl\\\/product\\\/pro-vet-ultimate-2\\\/\",\"name\":\"PRO-VET\u00ae Ultimate - Prof Pet Corporation\",\"isPartOf\":{\"@id\":\"https:\\\/\\\/www.profpetcorporation.com\\\/nl\\\/#website\"},\"primaryImageOfPage\":{\"@id\":\"https:\\\/\\\/www.profpetcorporation.com\\\/nl\\\/product\\\/pro-vet-ultimate-2\\\/#primaryimage\"},\"image\":{\"@id\":\"https:\\\/\\\/www.profpetcorporation.com\\\/nl\\\/product\\\/pro-vet-ultimate-2\\\/#primaryimage\"},\"thumbnailUrl\":\"https:\\\/\\\/www.profpetcorporation.com\\\/wp-content\\\/uploads\\\/2024\\\/07\\\/PRO-VET-395gr-Ultimate--scaled.jpg\",\"datePublished\":\"2024-07-12T16:00:13+00:00\",\"dateModified\":\"2024-11-09T13:26:44+00:00\",\"breadcrumb\":{\"@id\":\"https:\\\/\\\/www.profpetcorporation.com\\\/nl\\\/product\\\/pro-vet-ultimate-2\\\/#breadcrumb\"},\"inLanguage\":\"nl-NL\",\"potentialAction\":[{\"@type\":\"ReadAction\",\"target\":[\"https:\\\/\\\/www.profpetcorporation.com\\\/nl\\\/product\\\/pro-vet-ultimate-2\\\/\"]}]},{\"@type\":\"ImageObject\",\"inLanguage\":\"nl-NL\",\"@id\":\"https:\\\/\\\/www.profpetcorporation.com\\\/nl\\\/product\\\/pro-vet-ultimate-2\\\/#primaryimage\",\"url\":\"https:\\\/\\\/www.profpetcorporation.com\\\/wp-content\\\/uploads\\\/2024\\\/07\\\/PRO-VET-395gr-Ultimate--scaled.jpg\",\"contentUrl\":\"https:\\\/\\\/www.profpetcorporation.com\\\/wp-content\\\/uploads\\\/2024\\\/07\\\/PRO-VET-395gr-Ultimate--scaled.jpg\",\"width\":2560,\"height\":2498},{\"@type\":\"BreadcrumbList\",\"@id\":\"https:\\\/\\\/www.profpetcorporation.com\\\/nl\\\/product\\\/pro-vet-ultimate-2\\\/#breadcrumb\",\"itemListElement\":[{\"@type\":\"ListItem\",\"position\":1,\"name\":\"Home\",\"item\":\"https:\\\/\\\/www.profpetcorporation.com\\\/nl\\\/\"},{\"@type\":\"ListItem\",\"position\":2,\"name\":\"Winkel\",\"item\":\"https:\\\/\\\/www.profpetcorporation.com\\\/shop\\\/\"},{\"@type\":\"ListItem\",\"position\":3,\"name\":\"PRO-VET\u00ae\",\"item\":\"https:\\\/\\\/www.profpetcorporation.com\\\/nl\\\/merken\\\/pro-vet-nl\\\/\"},{\"@type\":\"ListItem\",\"position\":4,\"name\":\"PRO-VET\u00ae Ultimate\"}]},{\"@type\":\"WebSite\",\"@id\":\"https:\\\/\\\/www.profpetcorporation.com\\\/nl\\\/#website\",\"url\":\"https:\\\/\\\/www.profpetcorporation.com\\\/nl\\\/\",\"name\":\"Prof Pet Corporation\",\"description\":\"\",\"potentialAction\":[{\"@type\":\"SearchAction\",\"target\":{\"@type\":\"EntryPoint\",\"urlTemplate\":\"https:\\\/\\\/www.profpetcorporation.com\\\/nl\\\/?s={search_term_string}\"},\"query-input\":{\"@type\":\"PropertyValueSpecification\",\"valueRequired\":true,\"valueName\":\"search_term_string\"}}],\"inLanguage\":\"nl-NL\"}]}<\/script>\n<!-- \/ Yoast SEO plugin. -->","yoast_head_json":{"title":"PRO-VET\u00ae Ultimate - Prof Pet Corporation","robots":{"index":"index","follow":"follow","max-snippet":"max-snippet:-1","max-image-preview":"max-image-preview:large","max-video-preview":"max-video-preview:-1"},"canonical":"https:\/\/www.profpetcorporation.com\/nl\/product\/pro-vet-ultimate-2\/","og_locale":"nl_NL","og_type":"article","og_title":"PRO-VET\u00ae Ultimate - Prof Pet Corporation","og_description":"BEHEERSING VAN VOEDSEL ALLERGIE EN ATOPISCHE HUIDZIEKTEN  Verlaagd Energiegehalte Gehydrolyseerde Eiwit Bronnen Hoog Prote\u00efne Gehalte Verrijkt met Zalmolie 5% Toegevoegde Borage Olie 0.5% Hoog L-Carnitine Gehalte Hoog Taurine Gehalte Rijk aan Prebiotica (MOS+FOS) Natuurlijke Antioxidanten Mengsel","og_url":"https:\/\/www.profpetcorporation.com\/nl\/product\/pro-vet-ultimate-2\/","og_site_name":"Prof Pet Corporation","article_modified_time":"2024-11-09T13:26:44+00:00","og_image":[{"width":2560,"height":2498,"url":"https:\/\/www.profpetcorporation.com\/wp-content\/uploads\/2024\/07\/PRO-VET-395gr-Ultimate--scaled.jpg","type":"image\/jpeg"}],"twitter_card":"summary_large_image","twitter_misc":{"Geschatte leestijd":"4 minuten"},"schema":{"@context":"https:\/\/schema.org","@graph":[{"@type":"WebPage","@id":"https:\/\/www.profpetcorporation.com\/nl\/product\/pro-vet-ultimate-2\/","url":"https:\/\/www.profpetcorporation.com\/nl\/product\/pro-vet-ultimate-2\/","name":"PRO-VET\u00ae Ultimate - Prof Pet Corporation","isPartOf":{"@id":"https:\/\/www.profpetcorporation.com\/nl\/#website"},"primaryImageOfPage":{"@id":"https:\/\/www.profpetcorporation.com\/nl\/product\/pro-vet-ultimate-2\/#primaryimage"},"image":{"@id":"https:\/\/www.profpetcorporation.com\/nl\/product\/pro-vet-ultimate-2\/#primaryimage"},"thumbnailUrl":"https:\/\/www.profpetcorporation.com\/wp-content\/uploads\/2024\/07\/PRO-VET-395gr-Ultimate--scaled.jpg","datePublished":"2024-07-12T16:00:13+00:00","dateModified":"2024-11-09T13:26:44+00:00","breadcrumb":{"@id":"https:\/\/www.profpetcorporation.com\/nl\/product\/pro-vet-ultimate-2\/#breadcrumb"},"inLanguage":"nl-NL","potentialAction":[{"@type":"ReadAction","target":["https:\/\/www.profpetcorporation.com\/nl\/product\/pro-vet-ultimate-2\/"]}]},{"@type":"ImageObject","inLanguage":"nl-NL","@id":"https:\/\/www.profpetcorporation.com\/nl\/product\/pro-vet-ultimate-2\/#primaryimage","url":"https:\/\/www.profpetcorporation.com\/wp-content\/uploads\/2024\/07\/PRO-VET-395gr-Ultimate--scaled.jpg","contentUrl":"https:\/\/www.profpetcorporation.com\/wp-content\/uploads\/2024\/07\/PRO-VET-395gr-Ultimate--scaled.jpg","width":2560,"height":2498},{"@type":"BreadcrumbList","@id":"https:\/\/www.profpetcorporation.com\/nl\/product\/pro-vet-ultimate-2\/#breadcrumb","itemListElement":[{"@type":"ListItem","position":1,"name":"Home","item":"https:\/\/www.profpetcorporation.com\/nl\/"},{"@type":"ListItem","position":2,"name":"Winkel","item":"https:\/\/www.profpetcorporation.com\/shop\/"},{"@type":"ListItem","position":3,"name":"PRO-VET\u00ae","item":"https:\/\/www.profpetcorporation.com\/nl\/merken\/pro-vet-nl\/"},{"@type":"ListItem","position":4,"name":"PRO-VET\u00ae Ultimate"}]},{"@type":"WebSite","@id":"https:\/\/www.profpetcorporation.com\/nl\/#website","url":"https:\/\/www.profpetcorporation.com\/nl\/","name":"Prof Pet Corporation","description":"","potentialAction":[{"@type":"SearchAction","target":{"@type":"EntryPoint","urlTemplate":"https:\/\/www.profpetcorporation.com\/nl\/?s={search_term_string}"},"query-input":{"@type":"PropertyValueSpecification","valueRequired":true,"valueName":"search_term_string"}}],"inLanguage":"nl-NL"}]}},"_links":{"self":[{"href":"https:\/\/www.profpetcorporation.com\/nl\/wp-json\/wp\/v2\/product\/3988","targetHints":{"allow":["GET"]}}],"collection":[{"href":"https:\/\/www.profpetcorporation.com\/nl\/wp-json\/wp\/v2\/product"}],"about":[{"href":"https:\/\/www.profpetcorporation.com\/nl\/wp-json\/wp\/v2\/types\/product"}],"replies":[{"embeddable":true,"href":"https:\/\/www.profpetcorporation.com\/nl\/wp-json\/wp\/v2\/comments?post=3988"}],"wp:featuredmedia":[{"embeddable":true,"href":"https:\/\/www.profpetcorporation.com\/nl\/wp-json\/wp\/v2\/media\/2735"}],"wp:attachment":[{"href":"https:\/\/www.profpetcorporation.com\/nl\/wp-json\/wp\/v2\/media?parent=3988"}],"wp:term":[{"taxonomy":"product_brand","embeddable":true,"href":"https:\/\/www.profpetcorporation.com\/nl\/wp-json\/wp\/v2\/product_brand?post=3988"},{"taxonomy":"product_cat","embeddable":true,"href":"https:\/\/www.profpetcorporation.com\/nl\/wp-json\/wp\/v2\/product_cat?post=3988"},{"taxonomy":"product_tag","embeddable":true,"href":"https:\/\/www.profpetcorporation.com\/nl\/wp-json\/wp\/v2\/product_tag?post=3988"}],"curies":[{"name":"wp","href":"https:\/\/api.w.org\/{rel}","templated":true}]}}