{"id":3986,"date":"2024-07-12T16:13:33","date_gmt":"2024-07-12T16:13:33","guid":{"rendered":"https:\/\/profpetcorporation.previewready.nl\/?post_type=product&#038;p=3986"},"modified":"2024-11-09T13:25:52","modified_gmt":"2024-11-09T13:25:52","slug":"pro-vet-hepatic-3","status":"publish","type":"product","link":"https:\/\/www.profpetcorporation.com\/nl\/product\/pro-vet-hepatic-3\/","title":{"rendered":"PRO-VET\u00ae Hepatic"},"content":{"rendered":"<p style=\"text-align: justify;\"><span style=\"color: #6040c6;\"><span style=\"font-size: larger;\"><strong>Indicatie<\/strong><\/span><\/span><\/p>\n<p style=\"text-align: justify;\"><span style=\"font-size: medium;\"><strong>PRO-VET<\/strong>\u00ae<strong> Hepatic<\/strong> <strong>compleet en gebalanceerd gespecialiseerde nat diervoeder voor honden van alle rassen ter ondersteuning van de leverfunctie bij acute en chronische leverinsuffici\u00ebntie.<\/strong><\/span><\/p>\n<p style=\"text-align: justify;\"><strong>PRO-VET<\/strong>\u00ae<strong> Hepatic<\/strong><span style=\"font-size: medium;\"> is een natrium- en eiwitarm dieet voor pati\u00ebnten onder behandeling of in herstellende perioden, en kan ook als preventief dieet worden ingenomen om een \u200b\u200bgezonde leverfunctie te beschermen. <\/span><span style=\"font-size: medium;\">Door zijn laag eiwit- en purinegehalte en aangepaste pH is\u00a0<strong>PRO-VET<\/strong>\u00ae<strong> Hepatic<\/strong> ook bij uitstek geschikt voor honden die lijden aan cystine en uraatstenen.<\/span><\/p>\n<p>&nbsp;<\/p>\n<p style=\"text-align: justify;\"><span style=\"color: #6040c6;\"><span style=\"font-size: larger;\"><strong>Effectiviteiten<\/strong><\/span><\/span><\/p>\n<table border=\"1\" width=\"550\" cellspacing=\"1\" cellpadding=\"1\">\n<tbody>\n<tr>\n<td valign=\"top\" width=\"220\"><span style=\"font-size: medium;\"><strong>KENMERK<\/strong><\/span><\/td>\n<td valign=\"top\"><span style=\"font-size: medium;\"><strong>EFFECT<\/strong><\/span><\/td>\n<\/tr>\n<tr>\n<td valign=\"top\" width=\"220\"><span style=\"font-size: medium;\">Laag eiwitgehalte 4.9%<br \/>\n<\/span><\/td>\n<td valign=\"top\"><span style=\"font-size: medium;\">Vermindert de vorming van ammoniak in de lever en helpt het risico op hepatische encephalopathie verlagen. Heeft een positieve invloed op de vermindering van de ontwikkeling van cystine- en uraatsteenvorming.<\/span><\/td>\n<\/tr>\n<tr>\n<td valign=\"top\" width=\"220\"><span style=\"font-size: medium;\">Hoog gehalte aan fermenteerbare vezels<\/span><\/td>\n<td valign=\"top\"><span style=\"font-size: medium;\">Stimuleert in de dikke darm de binding van bacteri\u00ebn aan stikstof, waardoor minder ammoniak gevormd kan worden en de leverfunctie ondersteunt wordt.<\/span><\/td>\n<\/tr>\n<tr>\n<td valign=\"top\" width=\"220\"><span style=\"font-size: medium;\">Aangepaste urine pH 6.4, laag gehalte aan purine<\/span><\/td>\n<td valign=\"top\"><span style=\"font-size: medium;\">Werkt preventief ter voorkoming van uraat- en cystinesteenvorming. Vermindert de ontwikkeling van acidose.<\/span><\/td>\n<\/tr>\n<tr>\n<td valign=\"top\" width=\"220\"><span style=\"font-size: medium;\">Laag Natrium (Na) 0.13%<\/span><span style=\"font-size: larger;\"><br \/>\n<\/span><\/td>\n<td valign=\"top\"><span style=\"font-size: medium;\">Bestrijdt verhoging van bloeddruk in verband met nierfalen.<\/span><\/td>\n<\/tr>\n<tr>\n<td valign=\"top\" width=\"220\"><span style=\"font-size: medium;\">Laag Koper (Cu) 0.33%<\/span><span style=\"font-size: larger;\"><br \/>\n<\/span><\/td>\n<td valign=\"top\"><span style=\"font-size: medium;\">Vermindert koperstapeling in levercellen en ondersteunt daardoor de leverfunctie.<\/span><\/td>\n<\/tr>\n<\/tbody>\n<\/table>\n<p>&nbsp;<\/p>\n<p style=\"text-align: justify;\"><span style=\"color: #6040c6;\"><span style=\"font-size: larger;\"><strong>Samenstelling<\/strong><\/span><\/span><\/p>\n<div class=\"page\" title=\"Page 1\">\n<div class=\"layoutArea\">\n<div class=\"column\">\n<p>linzen, rode bonen, kikkererwten, groene erwten, olijfolie, wortels, tomaten, knolzonnebloem, zeewier, tuinkruiden, mineralen<span style=\"font-size: medium;\">.<\/span><\/p>\n<\/div>\n<\/div>\n<\/div>\n<p style=\"text-align: justify;\"><span style=\"font-size: medium;\">PRO-VET<\/span><span style=\"font-size: medium;\">\u00ae<strong>\u00a0<\/strong> producten voldoen aan de standaarden van AAFCO, NRC en FEDIAF. Bevat g\u00e9\u00e9n kunstmatige smaakstoffen of kleurstoffen.\u00a0<\/span><\/p>\n<p>&nbsp;<\/p>\n<p style=\"text-align: justify;\"><span style=\"color: #6040c6;\"><span style=\"font-size: larger;\"><strong>Analyse<\/strong><\/span><\/span><\/p>\n<table border=\"0\" width=\"550\" cellspacing=\"1\" cellpadding=\"1\">\n<tbody>\n<tr>\n<td valign=\"top\"><span style=\"font-size: medium;\"><strong>Analytische<br \/>\nbestanddelen<\/strong><\/span><\/td>\n<td valign=\"top\"><span style=\"font-size: medium;\">\u00a0<\/span><\/td>\n<td valign=\"top\"><span style=\"font-size: medium;\"><strong>Nutritionele<br \/>\ntoevoegingsmiddelen\/kg<\/strong><\/span><\/td>\n<td valign=\"top\"><\/td>\n<\/tr>\n<tr>\n<td valign=\"top\"><span style=\"font-size: medium;\"><span style=\"font-size: medium;\">Vocht<br \/>\nRuwe prote\u00efne<br \/>\nRuw vet<br \/>\nRuwe as<br \/>\nRuw vezel<br \/>\nCalcium (Ca)<br \/>\nFosfor (P)<br \/>\nNatrium (Na)<br \/>\nKalium (K)<br \/>\nChloride (Cl)<br \/>\nZwavel (S)<br \/>\nMethionine<br \/>\nCysteine<br \/>\n<strong>Total:<\/strong> Copper (Cu)<\/span><\/span><\/td>\n<td valign=\"top\"><span style=\"font-size: medium;\">71.4 %<br \/>\n4.90 %<br \/>\n4.40 %<br \/>\n1.90 %<br \/>\n0.49 %<br \/>\n0.19%<br \/>\n0.17%<br \/>\n0.13%<br \/>\n0.29%<br \/>\n0.65%<br \/>\n0.14%<br \/>\n0.07 %<br \/>\n0.08 %<br \/>\n0.33 %<\/span><\/td>\n<td valign=\"top\"><span style=\"font-size: medium;\"><span style=\"font-size: medium;\">Vitamine A<br \/>\nVitamine D3<br \/>\nVitamine E<br \/>\n<\/span><\/span><\/td>\n<td valign=\"top\"><span style=\"font-size: medium;\">3.500 IE<br \/>\n350 IE<br \/>\n35 mg<\/span><span style=\"font-size: larger;\"><br \/>\n<\/span><\/td>\n<\/tr>\n<\/tbody>\n<\/table>\n<p><span style=\"font-size: medium;\"><strong>Energie 88 Kcal\/g <\/strong> <strong>[6.78 MJ\/g]<br \/>\n<\/strong> <\/span><\/p>\n<p><strong><span style=\"font-size: medium;\">Vitaminen:<\/span><\/strong><span style=\"font-size: medium;\"><br \/>\nVitamine A (retinylacetaat)<br \/>\nVitamine D3 (cholecalciferol)<br \/>\nVitamine E (all-rac-\u0430lfa-tocoferolacetaat)<br \/>\n<\/span><\/p>\n<p><strong><span style=\"font-size: medium;\">Spoorelementen:<\/span><\/strong><span style=\"font-size: medium;\"><br \/>\nIjzer (Fe) (ijzer-(II)-sulfaat monohydraat) 66 mg\/kg<br \/>\nMangaan (Mn) (mangaan-(II)-oxide) 0.37 mg\/kg<br \/>\nZink (Zn) (zink-(II)-sulfaat monohydraat) 30 mg\/kg<br \/>\nJodium (I) (calciumjodaat, watervrij) 0.78 mg\/kg<br \/>\nSelenium (Se) (natriumseleniet) 0.04 mg\/kg<\/span><\/p>\n<p>&nbsp;<\/p>\n<p style=\"text-align: justify;\"><span style=\"color: #6040c6;\"><span style=\"font-size: larger;\"><strong>Gebruiksaanwijzing<\/strong><\/span><\/span><\/p>\n<p>Voor het beste resultaat, voer uw hond in combinatie met droge dieetvoeding <strong>PRO-VET<\/strong>\u00ae<strong> Hepatic<\/strong>. Zorg ervoor dat er altijd voldoende vers drinkwater voor uw hond staat. Bewaar op een koele en droge plaats. Het beste opgediend bij kamertemperatuur. Na het openen, bewaren in de koelkast en binnen 48 uur gebruiken. Ongebruikt deel kan ook worden ingevroren. Het bevroren product kan worden ontdooid \/ opgewarmd in de magnetron voor 30-60 seconden, en moet binnen 20 minuten geconsumeerd worden. Maak de voer- en waterbak regelmatig schoon.<\/p>\n<p>&nbsp;<\/p>\n<p style=\"text-align: justify;\"><span style=\"color: #6040c6;\"><span style=\"font-size: larger;\"><strong>Voedingsschema<\/strong><\/span><\/span><\/p>\n<table border=\"0\" width=\"491\" cellspacing=\"1\" cellpadding=\"1\">\n<tbody>\n<tr>\n<td style=\"border-bottom: 1px solid #b6b6b6;\"><span style=\"font-size: medium;\">Rasgrootte<\/span><span style=\"font-size: larger;\"><br \/>\n<\/span><\/td>\n<td style=\"border-bottom: 1px solid #b6b6b6;\"><span style=\"font-size: medium;\">Lichaamsgewicht<\/span><span style=\"font-size: larger;\"><br \/>\n<\/span><\/td>\n<td style=\"border-bottom: 1px solid #b6b6b6;\"><span style=\"font-size: medium;\">Zonder droogvoer<br \/>\n<\/span><\/td>\n<td style=\"border-bottom: 1px solid #b6b6b6;\"><span style=\"font-size: medium;\">Met droogvoer<\/span><span style=\"font-size: larger;\"><br \/>\n<\/span><\/td>\n<\/tr>\n<tr>\n<td style=\"border-bottom: 1px solid #b6b6b6;\"><span style=\"font-size: medium;\">Mini<\/span><\/td>\n<td style=\"border-bottom: 1px solid #b6b6b6;\"><span style=\"font-size: medium;\">Up to 5kg<br \/>\n<\/span><\/td>\n<td style=\"border-bottom: 1px solid #b6b6b6;\"><span style=\"font-size: medium;\">\u00bc &#8211; \u00bd bakje<\/span><\/td>\n<td style=\"border-bottom: 1px solid #b6b6b6;\"><span style=\"font-size: medium;\">\u00bc bakje<\/span><\/td>\n<\/tr>\n<tr>\n<td style=\"border-bottom: 1px solid #b6b6b6;\"><span style=\"font-size: medium;\">Klein<\/span><\/td>\n<td style=\"border-bottom: 1px solid #b6b6b6;\"><span style=\"font-size: medium;\">5kg &#8211; 10kg<\/span><span style=\"font-size: larger;\"><br \/>\n<\/span><\/td>\n<td style=\"border-bottom: 1px solid #b6b6b6;\"><span style=\"font-size: medium;\">\u00bd &#8211; \u00be bakje<\/span><\/td>\n<td style=\"border-bottom: 1px solid #b6b6b6;\"><span style=\"font-size: medium;\">\u2153 bakje<\/span><\/td>\n<\/tr>\n<tr>\n<td style=\"border-bottom: 1px solid #b6b6b6;\"><span style=\"font-size: medium;\">Middelgroot<\/span><\/td>\n<td style=\"border-bottom: 1px solid #b6b6b6;\"><span style=\"font-size: medium;\">10kg &#8211; 15kg<\/span><span style=\"font-size: larger;\"><br \/>\n<\/span><\/td>\n<td style=\"border-bottom: 1px solid #b6b6b6;\"><span style=\"font-size: medium;\">\u00be &#8211; 1 bakje<\/span><\/td>\n<td style=\"border-bottom: 1px solid #b6b6b6;\"><span style=\"font-size: medium;\">\u00bd bakje<\/span><\/td>\n<\/tr>\n<tr>\n<td style=\"border-bottom: 1px solid #b6b6b6;\"><span style=\"font-size: medium;\">Groot<\/span><\/td>\n<td style=\"border-bottom: 1px solid #b6b6b6;\"><span style=\"font-size: medium;\">15kg &#8211; 25kg<\/span><span style=\"font-size: larger;\"><br \/>\n<\/span><\/td>\n<td style=\"border-bottom: 1px solid #b6b6b6;\"><span style=\"font-size: medium;\">1 &#8211; 1\u00bd bakje<\/span><\/td>\n<td style=\"border-bottom: 1px solid #b6b6b6;\"><span style=\"font-size: medium;\">\u00be bakje<\/span><\/td>\n<\/tr>\n<tr>\n<td style=\"border-bottom: 1px solid #b6b6b6;\"><span style=\"font-size: medium;\">Extra Groot<\/span><span style=\"font-size: larger;\"><br \/>\n<\/span><\/td>\n<td style=\"border-bottom: 1px solid #b6b6b6;\"><span style=\"font-size: medium;\">25kg &#8211; 45kg<\/span><span style=\"font-size: larger;\"><br \/>\n<\/span><\/td>\n<td style=\"border-bottom: 1px solid #b6b6b6;\"><span style=\"font-size: medium;\">1\u00bd &#8211; 2\u2153 bakje<\/span><\/td>\n<td style=\"border-bottom: 1px solid #b6b6b6;\"><span style=\"font-size: medium;\">1 bakje<\/span><\/td>\n<\/tr>\n<\/tbody>\n<\/table>\n<p>&nbsp;<\/p>\n<p style=\"text-align: justify;\"><span style=\"color: #6040c6;\"><span style=\"font-size: larger;\"><strong>Verpakking<\/strong><\/span><\/span><\/p>\n<p><span style=\"font-size: medium;\">395 g \u00a0 EAN 8717496484154\u00a0\u00a0\u00a0\u00a0\u00a0\u00a0\u00a0 Packed in a tray with alu lid.<br \/>\n<\/span><\/p>\n<p>&nbsp;<\/p>\n<p style=\"text-align: justify;\"><span style=\"color: #6040c6;\"><span style=\"font-size: larger;\"><strong>Bewaaradvies<\/strong><\/span><\/span><\/p>\n<p style=\"text-align: justify;\"><span style=\"font-size: medium;\">Bewaar op een koele, droge plaats. Bewaar na het openen de ongebruikte inhoud in de koelkast, in een afgesloten verpakking en gebruik binnen 24 uur. Best geserveerd op kamertemperatuur. <\/span><\/p>\n<p>&nbsp;<\/p>\n<p>Bij <strong>PRO-VET<\/strong>\u00ae hebben wij ons gecommitteerd om al onze ingredi\u00ebnten zoveel mogelijk van lokale bronnen te kopen, en zo kunnen wij een volledige traceerbaarheid van boerderijen tot onze gerenommeerde leveranciers waarborgen. Gedurende de zorg voor uw huisdier zorgen wij voor uw omgeving, al onze verpakkingen zijn gemaakt van 100% recyclebaar materiaal. De productie eenheid is zo ingericht om kwalitatief hoogwaardig hondenvoeding van 100% natuurlijke ingredi\u00ebnten samen te stellen.<br \/>\n<strong>PRO-VET<\/strong>\u00ae producten worden geproduceerd volgens de hoogste normen. Wij werken samen met toonaangevende voedingsdeskundigen om te garanderen dat de eigenschappen van onze recepten aan de voedingsbehoeften van uw hond voldoen.<br \/>\nIn <strong>PRO-VET<\/strong>\u00ae combineren we de vier belangrijkste basis groepen: Essenti\u00eble Eiwitten, Granen en Vezels, Vitaminen en Mineralen, Vetten en Oli\u00ebn om deze tot een voedzaam, natuurlijk hondenvoer te cre\u00ebren.<\/p>\n<p><span style=\"font-size: medium;\"><br \/>\n<\/span><strong><span style=\"font-size: medium;\">Een gezonde hond is een gelukkige hond.<\/span><\/strong><\/p>\n<p>&nbsp;<\/p>\n","protected":false},"excerpt":{"rendered":"<p style=\"text-align: left;\"><span style=\"color: #6040c6;\"><strong><span style=\"font-size: X-large;\">ONDERSTEUNT DE LEVERFUNCTIE BIJ CHRONISCHE LEVERINSUFFICI\u00cbNTIE<br \/>\n<\/span><\/strong><\/span><\/p>\n<p style=\"text-align: left;\"><span style=\"font-size: large;\">Laag Eiwitgehalte 6%<br \/>\nRijk aan Fermenteerbare Vezels<br \/>\nAangepaste Urine pH 6.4<br \/>\nLaag gehalte aan purine<br \/>\nLaag toegevoegde Koper (Cu)<br \/>\nLaag toegevoegde Natrium (Na)<br \/>\n<\/span><\/p>\n","protected":false},"featured_media":2709,"comment_status":"open","ping_status":"closed","template":"","meta":{"_acf_changed":false},"product_brand":[],"product_cat":[195,175],"product_tag":[],"class_list":{"0":"post-3986","1":"product","2":"type-product","3":"status-publish","4":"has-post-thumbnail","6":"product_cat-maaltijden-voor-honden-395g","7":"product_cat-pro-vet-nl","9":"first","10":"instock","11":"shipping-taxable","12":"product-type-simple"},"acf":[],"yoast_head":"<!-- This site is optimized with the Yoast SEO plugin v27.3 - https:\/\/yoast.com\/product\/yoast-seo-wordpress\/ -->\n<title>PRO-VET\u00ae Hepatic - Prof Pet Corporation<\/title>\n<meta name=\"robots\" content=\"index, follow, max-snippet:-1, max-image-preview:large, max-video-preview:-1\" \/>\n<link rel=\"canonical\" href=\"https:\/\/www.profpetcorporation.com\/nl\/product\/pro-vet-hepatic-3\/\" \/>\n<meta property=\"og:locale\" content=\"nl_NL\" \/>\n<meta property=\"og:type\" content=\"article\" \/>\n<meta property=\"og:title\" content=\"PRO-VET\u00ae Hepatic - Prof Pet Corporation\" \/>\n<meta property=\"og:description\" content=\"ONDERSTEUNT DE LEVERFUNCTIE BIJ CHRONISCHE LEVERINSUFFICI\u00cbNTIE  Laag Eiwitgehalte 6% Rijk aan Fermenteerbare Vezels Aangepaste Urine pH 6.4 Laag gehalte aan purine Laag toegevoegde Koper (Cu) Laag toegevoegde Natrium (Na)\" \/>\n<meta property=\"og:url\" content=\"https:\/\/www.profpetcorporation.com\/nl\/product\/pro-vet-hepatic-3\/\" \/>\n<meta property=\"og:site_name\" content=\"Prof Pet Corporation\" \/>\n<meta property=\"article:modified_time\" content=\"2024-11-09T13:25:52+00:00\" \/>\n<meta property=\"og:image\" content=\"https:\/\/www.profpetcorporation.com\/wp-content\/uploads\/2024\/07\/PRO-VET-395gr-Hepatic-scaled.jpg\" \/>\n\t<meta property=\"og:image:width\" content=\"2560\" \/>\n\t<meta property=\"og:image:height\" content=\"2501\" \/>\n\t<meta property=\"og:image:type\" content=\"image\/jpeg\" \/>\n<meta name=\"twitter:card\" content=\"summary_large_image\" \/>\n<meta name=\"twitter:label1\" content=\"Geschatte leestijd\" \/>\n\t<meta name=\"twitter:data1\" content=\"4 minuten\" \/>\n<script type=\"application\/ld+json\" class=\"yoast-schema-graph\">{\"@context\":\"https:\\\/\\\/schema.org\",\"@graph\":[{\"@type\":\"WebPage\",\"@id\":\"https:\\\/\\\/www.profpetcorporation.com\\\/nl\\\/product\\\/pro-vet-hepatic-3\\\/\",\"url\":\"https:\\\/\\\/www.profpetcorporation.com\\\/nl\\\/product\\\/pro-vet-hepatic-3\\\/\",\"name\":\"PRO-VET\u00ae Hepatic - Prof Pet Corporation\",\"isPartOf\":{\"@id\":\"https:\\\/\\\/www.profpetcorporation.com\\\/nl\\\/#website\"},\"primaryImageOfPage\":{\"@id\":\"https:\\\/\\\/www.profpetcorporation.com\\\/nl\\\/product\\\/pro-vet-hepatic-3\\\/#primaryimage\"},\"image\":{\"@id\":\"https:\\\/\\\/www.profpetcorporation.com\\\/nl\\\/product\\\/pro-vet-hepatic-3\\\/#primaryimage\"},\"thumbnailUrl\":\"https:\\\/\\\/www.profpetcorporation.com\\\/wp-content\\\/uploads\\\/2024\\\/07\\\/PRO-VET-395gr-Hepatic-scaled.jpg\",\"datePublished\":\"2024-07-12T16:13:33+00:00\",\"dateModified\":\"2024-11-09T13:25:52+00:00\",\"breadcrumb\":{\"@id\":\"https:\\\/\\\/www.profpetcorporation.com\\\/nl\\\/product\\\/pro-vet-hepatic-3\\\/#breadcrumb\"},\"inLanguage\":\"nl-NL\",\"potentialAction\":[{\"@type\":\"ReadAction\",\"target\":[\"https:\\\/\\\/www.profpetcorporation.com\\\/nl\\\/product\\\/pro-vet-hepatic-3\\\/\"]}]},{\"@type\":\"ImageObject\",\"inLanguage\":\"nl-NL\",\"@id\":\"https:\\\/\\\/www.profpetcorporation.com\\\/nl\\\/product\\\/pro-vet-hepatic-3\\\/#primaryimage\",\"url\":\"https:\\\/\\\/www.profpetcorporation.com\\\/wp-content\\\/uploads\\\/2024\\\/07\\\/PRO-VET-395gr-Hepatic-scaled.jpg\",\"contentUrl\":\"https:\\\/\\\/www.profpetcorporation.com\\\/wp-content\\\/uploads\\\/2024\\\/07\\\/PRO-VET-395gr-Hepatic-scaled.jpg\",\"width\":2560,\"height\":2501},{\"@type\":\"BreadcrumbList\",\"@id\":\"https:\\\/\\\/www.profpetcorporation.com\\\/nl\\\/product\\\/pro-vet-hepatic-3\\\/#breadcrumb\",\"itemListElement\":[{\"@type\":\"ListItem\",\"position\":1,\"name\":\"Home\",\"item\":\"https:\\\/\\\/www.profpetcorporation.com\\\/nl\\\/\"},{\"@type\":\"ListItem\",\"position\":2,\"name\":\"Winkel\",\"item\":\"https:\\\/\\\/www.profpetcorporation.com\\\/shop\\\/\"},{\"@type\":\"ListItem\",\"position\":3,\"name\":\"PRO-VET\u00ae\",\"item\":\"https:\\\/\\\/www.profpetcorporation.com\\\/nl\\\/merken\\\/pro-vet-nl\\\/\"},{\"@type\":\"ListItem\",\"position\":4,\"name\":\"PRO-VET\u00ae Hepatic\"}]},{\"@type\":\"WebSite\",\"@id\":\"https:\\\/\\\/www.profpetcorporation.com\\\/nl\\\/#website\",\"url\":\"https:\\\/\\\/www.profpetcorporation.com\\\/nl\\\/\",\"name\":\"Prof Pet Corporation\",\"description\":\"\",\"potentialAction\":[{\"@type\":\"SearchAction\",\"target\":{\"@type\":\"EntryPoint\",\"urlTemplate\":\"https:\\\/\\\/www.profpetcorporation.com\\\/nl\\\/?s={search_term_string}\"},\"query-input\":{\"@type\":\"PropertyValueSpecification\",\"valueRequired\":true,\"valueName\":\"search_term_string\"}}],\"inLanguage\":\"nl-NL\"}]}<\/script>\n<!-- \/ Yoast SEO plugin. -->","yoast_head_json":{"title":"PRO-VET\u00ae Hepatic - Prof Pet Corporation","robots":{"index":"index","follow":"follow","max-snippet":"max-snippet:-1","max-image-preview":"max-image-preview:large","max-video-preview":"max-video-preview:-1"},"canonical":"https:\/\/www.profpetcorporation.com\/nl\/product\/pro-vet-hepatic-3\/","og_locale":"nl_NL","og_type":"article","og_title":"PRO-VET\u00ae Hepatic - Prof Pet Corporation","og_description":"ONDERSTEUNT DE LEVERFUNCTIE BIJ CHRONISCHE LEVERINSUFFICI\u00cbNTIE  Laag Eiwitgehalte 6% Rijk aan Fermenteerbare Vezels Aangepaste Urine pH 6.4 Laag gehalte aan purine Laag toegevoegde Koper (Cu) Laag toegevoegde Natrium (Na)","og_url":"https:\/\/www.profpetcorporation.com\/nl\/product\/pro-vet-hepatic-3\/","og_site_name":"Prof Pet Corporation","article_modified_time":"2024-11-09T13:25:52+00:00","og_image":[{"width":2560,"height":2501,"url":"https:\/\/www.profpetcorporation.com\/wp-content\/uploads\/2024\/07\/PRO-VET-395gr-Hepatic-scaled.jpg","type":"image\/jpeg"}],"twitter_card":"summary_large_image","twitter_misc":{"Geschatte leestijd":"4 minuten"},"schema":{"@context":"https:\/\/schema.org","@graph":[{"@type":"WebPage","@id":"https:\/\/www.profpetcorporation.com\/nl\/product\/pro-vet-hepatic-3\/","url":"https:\/\/www.profpetcorporation.com\/nl\/product\/pro-vet-hepatic-3\/","name":"PRO-VET\u00ae Hepatic - Prof Pet Corporation","isPartOf":{"@id":"https:\/\/www.profpetcorporation.com\/nl\/#website"},"primaryImageOfPage":{"@id":"https:\/\/www.profpetcorporation.com\/nl\/product\/pro-vet-hepatic-3\/#primaryimage"},"image":{"@id":"https:\/\/www.profpetcorporation.com\/nl\/product\/pro-vet-hepatic-3\/#primaryimage"},"thumbnailUrl":"https:\/\/www.profpetcorporation.com\/wp-content\/uploads\/2024\/07\/PRO-VET-395gr-Hepatic-scaled.jpg","datePublished":"2024-07-12T16:13:33+00:00","dateModified":"2024-11-09T13:25:52+00:00","breadcrumb":{"@id":"https:\/\/www.profpetcorporation.com\/nl\/product\/pro-vet-hepatic-3\/#breadcrumb"},"inLanguage":"nl-NL","potentialAction":[{"@type":"ReadAction","target":["https:\/\/www.profpetcorporation.com\/nl\/product\/pro-vet-hepatic-3\/"]}]},{"@type":"ImageObject","inLanguage":"nl-NL","@id":"https:\/\/www.profpetcorporation.com\/nl\/product\/pro-vet-hepatic-3\/#primaryimage","url":"https:\/\/www.profpetcorporation.com\/wp-content\/uploads\/2024\/07\/PRO-VET-395gr-Hepatic-scaled.jpg","contentUrl":"https:\/\/www.profpetcorporation.com\/wp-content\/uploads\/2024\/07\/PRO-VET-395gr-Hepatic-scaled.jpg","width":2560,"height":2501},{"@type":"BreadcrumbList","@id":"https:\/\/www.profpetcorporation.com\/nl\/product\/pro-vet-hepatic-3\/#breadcrumb","itemListElement":[{"@type":"ListItem","position":1,"name":"Home","item":"https:\/\/www.profpetcorporation.com\/nl\/"},{"@type":"ListItem","position":2,"name":"Winkel","item":"https:\/\/www.profpetcorporation.com\/shop\/"},{"@type":"ListItem","position":3,"name":"PRO-VET\u00ae","item":"https:\/\/www.profpetcorporation.com\/nl\/merken\/pro-vet-nl\/"},{"@type":"ListItem","position":4,"name":"PRO-VET\u00ae Hepatic"}]},{"@type":"WebSite","@id":"https:\/\/www.profpetcorporation.com\/nl\/#website","url":"https:\/\/www.profpetcorporation.com\/nl\/","name":"Prof Pet Corporation","description":"","potentialAction":[{"@type":"SearchAction","target":{"@type":"EntryPoint","urlTemplate":"https:\/\/www.profpetcorporation.com\/nl\/?s={search_term_string}"},"query-input":{"@type":"PropertyValueSpecification","valueRequired":true,"valueName":"search_term_string"}}],"inLanguage":"nl-NL"}]}},"_links":{"self":[{"href":"https:\/\/www.profpetcorporation.com\/nl\/wp-json\/wp\/v2\/product\/3986","targetHints":{"allow":["GET"]}}],"collection":[{"href":"https:\/\/www.profpetcorporation.com\/nl\/wp-json\/wp\/v2\/product"}],"about":[{"href":"https:\/\/www.profpetcorporation.com\/nl\/wp-json\/wp\/v2\/types\/product"}],"replies":[{"embeddable":true,"href":"https:\/\/www.profpetcorporation.com\/nl\/wp-json\/wp\/v2\/comments?post=3986"}],"wp:featuredmedia":[{"embeddable":true,"href":"https:\/\/www.profpetcorporation.com\/nl\/wp-json\/wp\/v2\/media\/2709"}],"wp:attachment":[{"href":"https:\/\/www.profpetcorporation.com\/nl\/wp-json\/wp\/v2\/media?parent=3986"}],"wp:term":[{"taxonomy":"product_brand","embeddable":true,"href":"https:\/\/www.profpetcorporation.com\/nl\/wp-json\/wp\/v2\/product_brand?post=3986"},{"taxonomy":"product_cat","embeddable":true,"href":"https:\/\/www.profpetcorporation.com\/nl\/wp-json\/wp\/v2\/product_cat?post=3986"},{"taxonomy":"product_tag","embeddable":true,"href":"https:\/\/www.profpetcorporation.com\/nl\/wp-json\/wp\/v2\/product_tag?post=3986"}],"curies":[{"name":"wp","href":"https:\/\/api.w.org\/{rel}","templated":true}]}}