{"id":3978,"date":"2024-07-12T15:17:32","date_gmt":"2024-07-12T15:17:32","guid":{"rendered":"https:\/\/profpetcorporation.previewready.nl\/?post_type=product&#038;p=3978"},"modified":"2024-11-09T13:27:57","modified_gmt":"2024-11-09T13:27:57","slug":"pro-vet-intestinal-3","status":"publish","type":"product","link":"https:\/\/www.profpetcorporation.com\/nl\/product\/pro-vet-intestinal-3\/","title":{"rendered":"PRO-VET\u00ae Intestinal"},"content":{"rendered":"<p style=\"text-align: justify;\"><span style=\"color: #3fb427;\"><span style=\"font-size: larger;\"><strong>Indicatie<\/strong><\/span><\/span><\/p>\n<p style=\"text-align: justify;\"><span style=\"font-size: medium;\"><strong>PRO-VET<\/strong>\u00ae<strong> Intestinal compleet en gespecialiseerd dieet voor volwassen honden van alle rassen ter ondersteuning van een gezonde darmfunctie en ter bevordering van een evenwichtige darmflora.<\/strong><\/span><\/p>\n<p>&nbsp;<\/p>\n<p style=\"text-align: justify;\"><span style=\"color: #3fb427;\"><span style=\"font-size: larger;\"><strong>Effectiviteiten<\/strong><\/span><\/span><\/p>\n<table border=\"1\" width=\"550\" cellspacing=\"1\" cellpadding=\"1\">\n<tbody>\n<tr>\n<td style=\"text-align: left;\" valign=\"top\" width=\"280\"><span style=\"font-size: medium;\"><strong>KARAKTERISTIEK<\/strong><\/span><\/td>\n<td valign=\"top\"><span style=\"font-size: medium;\"><strong>EFFECT<\/strong><\/span><\/td>\n<\/tr>\n<tr>\n<td valign=\"top\" width=\"280\"><span style=\"font-size: medium;\">Hoogwaardige en licht verteerbare eiwitbronnen<\/span><\/td>\n<td valign=\"top\"><span style=\"font-size: medium;\">Helpen voedselintoleranties te verminderen en diarree tegen te gaan.<\/span><\/td>\n<\/tr>\n<tr>\n<td valign=\"top\" width=\"280\"><span style=\"font-size: medium;\">Hoog gehalte aan prebiotica FOS<\/span><\/td>\n<td valign=\"top\"><span style=\"font-size: medium;\">Binden zich aan problematische darm-bacteri\u00ebn, waardoor deze zich niet aan de darmwand hechten. Worden gefer-menteerd door de positieve bacteri\u00ebn in de darmen, wat gunstig is voor de groei van positieve bacteri\u00ebn in de darm, waarbij de darmgezondheid ondersteund wordt.<\/span><\/td>\n<\/tr>\n<tr>\n<td valign=\"top\" width=\"280\"><span style=\"font-size: medium;\">Hoog gehalte aan fermenteerbare vezels en elektrolyten<\/span><span style=\"font-size: larger;\"><br \/>\n<\/span><\/td>\n<td valign=\"top\"><span style=\"font-size: medium;\">Helpen in geval van dunne ontlasting het verlies van elektrolyten te compenseren.<\/span><\/td>\n<\/tr>\n<tr>\n<td valign=\"top\" width=\"280\"><span style=\"font-size: medium;\">Hoge verteerbaarheid van eiwitten, vetten en koolhydraten.<\/span><\/td>\n<td valign=\"top\"><span style=\"font-size: medium;\">Goede consistentie van de ontlasting.<\/span><\/td>\n<\/tr>\n<tr>\n<td valign=\"top\" width=\"280\"><span style=\"font-size: medium;\">Gemiddeld eiwit- en vetgehalte en hoog gehalte aan koolhydraten <\/span><\/td>\n<td valign=\"top\"><span style=\"font-size: medium;\">Bevorderen de opname van voedingsstoffen.<\/span><\/td>\n<\/tr>\n<\/tbody>\n<\/table>\n<p>&nbsp;<\/p>\n<p style=\"text-align: justify;\"><span style=\"color: #3fb427;\"><span style=\"font-size: larger;\"><strong>Samenstelling<\/strong><\/span><\/span><\/p>\n<p style=\"text-align: justify;\"><span style=\"font-size: medium;\">vlees en dierlijke bijproducten (kip 18%), granen, groenten (0.7% gedroogde wortel, gelijkwaardig aan 5.9% wortel), plantaardige bijproducten (gedroogde bietenpulp, natuurlijk prebioticum: inuline 0.19%), mineralen, oli\u00ebn en vetten (Middellange vetzuurketens (MCFA): laurinezuur 0.01%, glycerolmonolauraat (GML) 0.03%).<\/span><\/p>\n<p style=\"text-align: justify;\"><span style=\"font-size: medium;\">PRO-VET<\/span><span style=\"font-size: medium;\">\u00ae producten voldoen aan de standaarden van AAFCO, NRC en FEDIAF. Bevat g\u00e9\u00e9n kunstmatige smaakstoffen of kleurstoffen.\u00a0<\/span><\/p>\n<p>&nbsp;<\/p>\n<p style=\"text-align: justify;\"><span style=\"color: #3fb427;\"><span style=\"font-size: larger;\"><strong>Analyse<\/strong><\/span><\/span><\/p>\n<table border=\"0\" width=\"550\" cellspacing=\"1\" cellpadding=\"1\">\n<tbody>\n<tr>\n<td valign=\"top\"><span style=\"font-size: medium;\"><strong>Analytische<br \/>\nbestanddelen<\/strong><\/span><\/td>\n<td valign=\"top\"><\/td>\n<td valign=\"top\"><span style=\"font-size: medium;\"><strong>Nutritionele<br \/>\ntoevoegingsmiddelen\/kg<\/strong><\/span><\/td>\n<td valign=\"top\"><\/td>\n<\/tr>\n<tr>\n<td valign=\"top\"><span style=\"font-size: medium;\"><span style=\"font-size: medium;\">Vocht<br \/>\nRuwe prote\u00efne<br \/>\nRuw vet<br \/>\nRuwe as<br \/>\nRuw vezel<\/span><\/span><\/td>\n<td valign=\"top\"><span style=\"font-size: medium;\">80 %<br \/>\n6.5 %<br \/>\n3.0 %<br \/>\n3.0 %<br \/>\n0.30 %<\/span><\/td>\n<td valign=\"top\"><span style=\"font-size: medium;\"><span style=\"font-size: medium;\">Vitamine A<br \/>\nVitamine D3<br \/>\nVitamine E<\/span><\/span><\/td>\n<td valign=\"top\"><span style=\"font-size: medium;\">1.400 IE<br \/>\n165 IE<br \/>\n16 mg<br \/>\n<\/span><span style=\"font-size: larger;\"><br \/>\n<\/span><\/td>\n<\/tr>\n<\/tbody>\n<\/table>\n<p><span style=\"font-size: medium;\"><strong>Energie 85 Kcal\/g [6.6 MJ\/g]<\/strong> <\/span><\/p>\n<p><span style=\"font-size: medium;\"><strong>Vitaminen:<\/strong><br \/>\nVitamine A (retinylacetaat)<br \/>\nVitamine D3 (cholecalciferol)<br \/>\nVitamine E (all-rac-\u0430lfa-tocoferolacetaat)<\/span><\/p>\n<p><span style=\"font-size: medium;\"><strong>Spoorelementen:<\/strong><br \/>\nKoper (Cu) (als koper(II)sulfaat pentahydraat) 2 mg\/kg<br \/>\nZink (Zn) (als zinksulfaat monohydraat) 15 mg\/kg<br \/>\nIjzer (Fe) (als ijzer(II)sulfaat monohydraat) 12 mg\/kg<br \/>\nMangaan (Mn) (als mangaan(II)oxide) 6 mg\/kg<br \/>\nJodium (I) (als calciumjodaat, watervrij) 0.30 mg\/kg<br \/>\nSelenium (Se) (als natriumseleniet) 0.10 mg\/kg<\/span><\/p>\n<p><strong><span style=\"font-size: medium;\">Gebruiksaanwijzing: <\/span><\/strong><span style=\"font-size: medium;\">Voor het beste resultaat, voer uw hond in combinatie met droge dieetvoeding <strong>PRO-VET<\/strong>\u00ae<strong> SIntestinal<\/strong>. Verspreid de dagelijkse portie over meerdere kleine maaltijden. Het is aanbevolen om een dierenarts te raadplegen alvorens het dieet te starten of de gebruiksperiode te verlengen. De dagelijkse voedingstabel is indicatief. Zorg ervoor dat uw hond altijd vers en beschikbaar drinkwater heeft. Eenmaal geopend, afdekken en in de koelkast bewaren en gebruiken binnen 48 uur. Best opgediend bij kamertemperatuur. Maak de voer- en waterbak regelmatig schoon.. <\/span><\/p>\n<p>&nbsp;<\/p>\n<p style=\"text-align: justify;\"><span style=\"color: #3fb427;\"><span style=\"font-size: larger;\"><strong>Voedingsschema<\/strong><\/span><\/span><\/p>\n<p>Adult dog of medium breed (10-25kg) needs \u00be to 1\u00bd can each day in at least two meals. Adult dog of large breed (25-45kg) needs 1\u00bd to 2\u2153 can each day in at least two meals. Adult dog of very large breed (45-70kg) needs 2\u2153 to 3\u00bc can each day in at least two meals. Fresh drinking water should always be available.<\/p>\n<p>&nbsp;<\/p>\n<p style=\"text-align: justify;\"><span style=\"color: #3fb427;\"><span style=\"font-size: larger;\"><strong>Verpakking<\/strong><\/span><\/span><\/p>\n<p><span style=\"font-size: medium;\">415 g\u00a0\u00a0 EAN\u00a0 8717496484178<br \/>\n<\/span><\/p>\n<p>&nbsp;<\/p>\n<p style=\"text-align: justify;\"><span style=\"color: #3fb427;\"><span style=\"font-size: larger;\"><strong>Bewaaradvies<\/strong><\/span><\/span><\/p>\n<p style=\"text-align: justify;\"><span style=\"font-size: medium;\">Bewaar na het openen de ongebruikte inhoud in de koelkast, in een afgesloten verpakking en gebruik binnen 24 uur. Best geserveerd op kamertemperatuur.\u00a0<\/span><\/p>\n<p>&nbsp;<\/p>\n<p>Bij <strong>PRO-VET<\/strong>\u00ae hebben wij ons gecommitteerd om al onze ingredi\u00ebnten zoveel mogelijk van lokale bronnen te kopen, en zo kunnen wij een volledige traceerbaarheid van boerderijen tot onze gerenommeerde leveranciers waarborgen. Gedurende de zorg voor uw huisdier zorgen wij voor uw omgeving, al onze verpakkingen zijn gemaakt van 100% recyclebaar materiaal. De productie eenheid is zo ingericht om kwalitatief hoogwaardig hondenvoeding van 100% natuurlijke ingredi\u00ebnten samen te stellen.<br \/>\n<strong>PRO-VET<\/strong>\u00ae producten worden geproduceerd volgens de hoogste normen. Wij werken samen met toonaangevende voedingsdeskundigen om te garanderen dat de eigenschappen van onze recepten aan de voedingsbehoeften van uw hond voldoen.<br \/>\nIn <strong>PRO-VET<\/strong>\u00ae combineren we de vier belangrijkste basis groepen: Essenti\u00eble Eiwitten, Granen en Vezels, Vitaminen en Mineralen, Vetten en Oli\u00ebn om deze tot een voedzaam, natuurlijk hondenvoer te cre\u00ebren.<\/p>\n<p><span style=\"font-size: medium;\"><br \/>\n<\/span><strong><span style=\"font-size: medium;\">Een gezonde hond is een gelukkige hond.<\/span><\/strong><\/p>\n<p>&nbsp;<\/p>\n","protected":false},"excerpt":{"rendered":"<p style=\"text-align: left;\"><span style=\"color: #3fb427;\"><sub><strong><span style=\"font-size: X-large;\">TER VERBETERING VAN EEN SLECHTE SPIJSVERTERING EN VERMINDERING VAN ACUTE INTESTINALE ABSORPTIESTOORNISSEN<\/span><\/strong><\/sub><\/span><sub><span style=\"color: #a5c345;\"><strong><span style=\"font-size: large;\"><br \/>\n<\/span><\/strong><\/span><\/sub><\/p>\n<p style=\"text-align: left;\"><span style=\"font-size: large;\">Rijk aan Prebiotica FOS<br \/>\nVerhoogde elektrolytinhoud<br \/>\nVerrijkt met fermenteerbare vezels<br \/>\n<\/span><\/p>\n","protected":false},"featured_media":2647,"comment_status":"open","ping_status":"closed","template":"","meta":{"_acf_changed":false},"product_brand":[],"product_cat":[196,175],"product_tag":[],"class_list":{"0":"post-3978","1":"product","2":"type-product","3":"status-publish","4":"has-post-thumbnail","6":"product_cat-natte-voeding-voor-honden-415g","7":"product_cat-pro-vet-nl","9":"first","10":"instock","11":"shipping-taxable","12":"product-type-simple"},"acf":[],"yoast_head":"<!-- This site is optimized with the Yoast SEO plugin v27.3 - https:\/\/yoast.com\/product\/yoast-seo-wordpress\/ -->\n<title>PRO-VET\u00ae Intestinal - Prof Pet Corporation<\/title>\n<meta name=\"robots\" content=\"index, follow, max-snippet:-1, max-image-preview:large, max-video-preview:-1\" \/>\n<link rel=\"canonical\" href=\"https:\/\/www.profpetcorporation.com\/nl\/product\/pro-vet-intestinal-3\/\" \/>\n<meta property=\"og:locale\" content=\"nl_NL\" \/>\n<meta property=\"og:type\" content=\"article\" \/>\n<meta property=\"og:title\" content=\"PRO-VET\u00ae Intestinal - Prof Pet Corporation\" \/>\n<meta property=\"og:description\" content=\"TER VERBETERING VAN EEN SLECHTE SPIJSVERTERING EN VERMINDERING VAN ACUTE INTESTINALE ABSORPTIESTOORNISSEN  Rijk aan Prebiotica FOS Verhoogde elektrolytinhoud Verrijkt met fermenteerbare vezels\" \/>\n<meta property=\"og:url\" content=\"https:\/\/www.profpetcorporation.com\/nl\/product\/pro-vet-intestinal-3\/\" \/>\n<meta property=\"og:site_name\" content=\"Prof Pet Corporation\" \/>\n<meta property=\"article:modified_time\" content=\"2024-11-09T13:27:57+00:00\" \/>\n<meta property=\"og:image\" content=\"https:\/\/www.profpetcorporation.com\/wp-content\/uploads\/2024\/07\/web-PRO-VET-Intestinal-415g.jpg\" \/>\n\t<meta property=\"og:image:width\" content=\"1081\" \/>\n\t<meta property=\"og:image:height\" content=\"1079\" \/>\n\t<meta property=\"og:image:type\" content=\"image\/jpeg\" \/>\n<meta name=\"twitter:card\" content=\"summary_large_image\" \/>\n<meta name=\"twitter:label1\" content=\"Geschatte leestijd\" \/>\n\t<meta name=\"twitter:data1\" content=\"4 minuten\" \/>\n<script type=\"application\/ld+json\" class=\"yoast-schema-graph\">{\"@context\":\"https:\\\/\\\/schema.org\",\"@graph\":[{\"@type\":\"WebPage\",\"@id\":\"https:\\\/\\\/www.profpetcorporation.com\\\/nl\\\/product\\\/pro-vet-intestinal-3\\\/\",\"url\":\"https:\\\/\\\/www.profpetcorporation.com\\\/nl\\\/product\\\/pro-vet-intestinal-3\\\/\",\"name\":\"PRO-VET\u00ae Intestinal - Prof Pet Corporation\",\"isPartOf\":{\"@id\":\"https:\\\/\\\/www.profpetcorporation.com\\\/nl\\\/#website\"},\"primaryImageOfPage\":{\"@id\":\"https:\\\/\\\/www.profpetcorporation.com\\\/nl\\\/product\\\/pro-vet-intestinal-3\\\/#primaryimage\"},\"image\":{\"@id\":\"https:\\\/\\\/www.profpetcorporation.com\\\/nl\\\/product\\\/pro-vet-intestinal-3\\\/#primaryimage\"},\"thumbnailUrl\":\"https:\\\/\\\/www.profpetcorporation.com\\\/wp-content\\\/uploads\\\/2024\\\/07\\\/web-PRO-VET-Intestinal-415g.jpg\",\"datePublished\":\"2024-07-12T15:17:32+00:00\",\"dateModified\":\"2024-11-09T13:27:57+00:00\",\"breadcrumb\":{\"@id\":\"https:\\\/\\\/www.profpetcorporation.com\\\/nl\\\/product\\\/pro-vet-intestinal-3\\\/#breadcrumb\"},\"inLanguage\":\"nl-NL\",\"potentialAction\":[{\"@type\":\"ReadAction\",\"target\":[\"https:\\\/\\\/www.profpetcorporation.com\\\/nl\\\/product\\\/pro-vet-intestinal-3\\\/\"]}]},{\"@type\":\"ImageObject\",\"inLanguage\":\"nl-NL\",\"@id\":\"https:\\\/\\\/www.profpetcorporation.com\\\/nl\\\/product\\\/pro-vet-intestinal-3\\\/#primaryimage\",\"url\":\"https:\\\/\\\/www.profpetcorporation.com\\\/wp-content\\\/uploads\\\/2024\\\/07\\\/web-PRO-VET-Intestinal-415g.jpg\",\"contentUrl\":\"https:\\\/\\\/www.profpetcorporation.com\\\/wp-content\\\/uploads\\\/2024\\\/07\\\/web-PRO-VET-Intestinal-415g.jpg\",\"width\":1081,\"height\":1079},{\"@type\":\"BreadcrumbList\",\"@id\":\"https:\\\/\\\/www.profpetcorporation.com\\\/nl\\\/product\\\/pro-vet-intestinal-3\\\/#breadcrumb\",\"itemListElement\":[{\"@type\":\"ListItem\",\"position\":1,\"name\":\"Home\",\"item\":\"https:\\\/\\\/www.profpetcorporation.com\\\/nl\\\/\"},{\"@type\":\"ListItem\",\"position\":2,\"name\":\"Winkel\",\"item\":\"https:\\\/\\\/www.profpetcorporation.com\\\/shop\\\/\"},{\"@type\":\"ListItem\",\"position\":3,\"name\":\"PRO-VET\u00ae\",\"item\":\"https:\\\/\\\/www.profpetcorporation.com\\\/nl\\\/merken\\\/pro-vet-nl\\\/\"},{\"@type\":\"ListItem\",\"position\":4,\"name\":\"PRO-VET\u00ae Intestinal\"}]},{\"@type\":\"WebSite\",\"@id\":\"https:\\\/\\\/www.profpetcorporation.com\\\/nl\\\/#website\",\"url\":\"https:\\\/\\\/www.profpetcorporation.com\\\/nl\\\/\",\"name\":\"Prof Pet Corporation\",\"description\":\"\",\"potentialAction\":[{\"@type\":\"SearchAction\",\"target\":{\"@type\":\"EntryPoint\",\"urlTemplate\":\"https:\\\/\\\/www.profpetcorporation.com\\\/nl\\\/?s={search_term_string}\"},\"query-input\":{\"@type\":\"PropertyValueSpecification\",\"valueRequired\":true,\"valueName\":\"search_term_string\"}}],\"inLanguage\":\"nl-NL\"}]}<\/script>\n<!-- \/ Yoast SEO plugin. -->","yoast_head_json":{"title":"PRO-VET\u00ae Intestinal - Prof Pet Corporation","robots":{"index":"index","follow":"follow","max-snippet":"max-snippet:-1","max-image-preview":"max-image-preview:large","max-video-preview":"max-video-preview:-1"},"canonical":"https:\/\/www.profpetcorporation.com\/nl\/product\/pro-vet-intestinal-3\/","og_locale":"nl_NL","og_type":"article","og_title":"PRO-VET\u00ae Intestinal - Prof Pet Corporation","og_description":"TER VERBETERING VAN EEN SLECHTE SPIJSVERTERING EN VERMINDERING VAN ACUTE INTESTINALE ABSORPTIESTOORNISSEN  Rijk aan Prebiotica FOS Verhoogde elektrolytinhoud Verrijkt met fermenteerbare vezels","og_url":"https:\/\/www.profpetcorporation.com\/nl\/product\/pro-vet-intestinal-3\/","og_site_name":"Prof Pet Corporation","article_modified_time":"2024-11-09T13:27:57+00:00","og_image":[{"width":1081,"height":1079,"url":"https:\/\/www.profpetcorporation.com\/wp-content\/uploads\/2024\/07\/web-PRO-VET-Intestinal-415g.jpg","type":"image\/jpeg"}],"twitter_card":"summary_large_image","twitter_misc":{"Geschatte leestijd":"4 minuten"},"schema":{"@context":"https:\/\/schema.org","@graph":[{"@type":"WebPage","@id":"https:\/\/www.profpetcorporation.com\/nl\/product\/pro-vet-intestinal-3\/","url":"https:\/\/www.profpetcorporation.com\/nl\/product\/pro-vet-intestinal-3\/","name":"PRO-VET\u00ae Intestinal - Prof Pet Corporation","isPartOf":{"@id":"https:\/\/www.profpetcorporation.com\/nl\/#website"},"primaryImageOfPage":{"@id":"https:\/\/www.profpetcorporation.com\/nl\/product\/pro-vet-intestinal-3\/#primaryimage"},"image":{"@id":"https:\/\/www.profpetcorporation.com\/nl\/product\/pro-vet-intestinal-3\/#primaryimage"},"thumbnailUrl":"https:\/\/www.profpetcorporation.com\/wp-content\/uploads\/2024\/07\/web-PRO-VET-Intestinal-415g.jpg","datePublished":"2024-07-12T15:17:32+00:00","dateModified":"2024-11-09T13:27:57+00:00","breadcrumb":{"@id":"https:\/\/www.profpetcorporation.com\/nl\/product\/pro-vet-intestinal-3\/#breadcrumb"},"inLanguage":"nl-NL","potentialAction":[{"@type":"ReadAction","target":["https:\/\/www.profpetcorporation.com\/nl\/product\/pro-vet-intestinal-3\/"]}]},{"@type":"ImageObject","inLanguage":"nl-NL","@id":"https:\/\/www.profpetcorporation.com\/nl\/product\/pro-vet-intestinal-3\/#primaryimage","url":"https:\/\/www.profpetcorporation.com\/wp-content\/uploads\/2024\/07\/web-PRO-VET-Intestinal-415g.jpg","contentUrl":"https:\/\/www.profpetcorporation.com\/wp-content\/uploads\/2024\/07\/web-PRO-VET-Intestinal-415g.jpg","width":1081,"height":1079},{"@type":"BreadcrumbList","@id":"https:\/\/www.profpetcorporation.com\/nl\/product\/pro-vet-intestinal-3\/#breadcrumb","itemListElement":[{"@type":"ListItem","position":1,"name":"Home","item":"https:\/\/www.profpetcorporation.com\/nl\/"},{"@type":"ListItem","position":2,"name":"Winkel","item":"https:\/\/www.profpetcorporation.com\/shop\/"},{"@type":"ListItem","position":3,"name":"PRO-VET\u00ae","item":"https:\/\/www.profpetcorporation.com\/nl\/merken\/pro-vet-nl\/"},{"@type":"ListItem","position":4,"name":"PRO-VET\u00ae Intestinal"}]},{"@type":"WebSite","@id":"https:\/\/www.profpetcorporation.com\/nl\/#website","url":"https:\/\/www.profpetcorporation.com\/nl\/","name":"Prof Pet Corporation","description":"","potentialAction":[{"@type":"SearchAction","target":{"@type":"EntryPoint","urlTemplate":"https:\/\/www.profpetcorporation.com\/nl\/?s={search_term_string}"},"query-input":{"@type":"PropertyValueSpecification","valueRequired":true,"valueName":"search_term_string"}}],"inLanguage":"nl-NL"}]}},"_links":{"self":[{"href":"https:\/\/www.profpetcorporation.com\/nl\/wp-json\/wp\/v2\/product\/3978","targetHints":{"allow":["GET"]}}],"collection":[{"href":"https:\/\/www.profpetcorporation.com\/nl\/wp-json\/wp\/v2\/product"}],"about":[{"href":"https:\/\/www.profpetcorporation.com\/nl\/wp-json\/wp\/v2\/types\/product"}],"replies":[{"embeddable":true,"href":"https:\/\/www.profpetcorporation.com\/nl\/wp-json\/wp\/v2\/comments?post=3978"}],"wp:featuredmedia":[{"embeddable":true,"href":"https:\/\/www.profpetcorporation.com\/nl\/wp-json\/wp\/v2\/media\/2647"}],"wp:attachment":[{"href":"https:\/\/www.profpetcorporation.com\/nl\/wp-json\/wp\/v2\/media?parent=3978"}],"wp:term":[{"taxonomy":"product_brand","embeddable":true,"href":"https:\/\/www.profpetcorporation.com\/nl\/wp-json\/wp\/v2\/product_brand?post=3978"},{"taxonomy":"product_cat","embeddable":true,"href":"https:\/\/www.profpetcorporation.com\/nl\/wp-json\/wp\/v2\/product_cat?post=3978"},{"taxonomy":"product_tag","embeddable":true,"href":"https:\/\/www.profpetcorporation.com\/nl\/wp-json\/wp\/v2\/product_tag?post=3978"}],"curies":[{"name":"wp","href":"https:\/\/api.w.org\/{rel}","templated":true}]}}