{"id":3972,"date":"2024-07-12T15:47:02","date_gmt":"2024-07-12T15:47:02","guid":{"rendered":"https:\/\/profpetcorporation.previewready.nl\/?post_type=product&#038;p=3972"},"modified":"2024-11-09T13:29:44","modified_gmt":"2024-11-09T13:29:44","slug":"pro-vet-e","status":"publish","type":"product","link":"https:\/\/www.profpetcorporation.com\/nl\/product\/pro-vet-e\/","title":{"rendered":"PRO-VET\u00ae Renal\/Oxalate"},"content":{"rendered":"<p style=\"text-align: justify;\"><span style=\"color: #cdb458;\"><span style=\"font-size: larger;\"><strong>Indicatie<\/strong><\/span><\/span><\/p>\n<p style=\"text-align: justify;\"><span style=\"font-size: medium;\"><strong>PRO-VET<\/strong>\u00ae<strong> Renal\/Oxalate<\/strong> <strong>compleet en gebalanceerd gespecialiseerd nat dieetvoer voor volwassen honden van alle rassen met een chronische nieraandoening of met een pathogenese van calciumoxalaat (CaOx) steenvorming (wanneer urine oververzadigd is met calcium- en oxalaatkristallen); vermindert oxalaatsteenvorming, alsook het risico op een recidief<\/strong><em><strong>.<\/strong><\/em><br \/>\nHet dieet voorziet in voldoende voedingsstoffen om het lichaam te onderhouden.<br \/>\nDe progressie van nierinsuffici\u00ebntie kan worden verminderd en daarmee wordt de overlevingsduur van de pati\u00ebnt verlengd, maar de ziekte kan niet genezen. Er zijn overtuigend bewijzen dat een geschikt dieet de overlevingsduur van pati\u00ebnten met nierfalen verhoogt. Een lage fosforopname leidt tot vertraging van het verlies van nierfunctie. Naast fosforarm dient een dieet voor honden met nierinsuffici\u00ebntie weinig eiwit en natrium te bevatten, rijk te zijn aan kalium, een licht basische urine pH te induceren en een hoog gehalte aan eicosapentaeenzuur (EPA) te bevatten. Een lage eiwitopname leidt tot minder ophoping van ureum in het bloed waardoor de eetlust op peil blijft. Weinig natrium in het dieet draagt bij aan controle van de bloeddruk, welke bij nierpati\u00ebnten neigt tot stijging. Bij verminderde nierfunctie is er extra kaliumverlies hetgeen wordt gecompenseerd door een verhoogde opname. Omdat bij nierziekte de uitscheiding van zuren is verminderd dient het dieet een alkalische werking te hebben. Een hoge EPA-opname vertraagt de progressie van nierziekte bij de hond.\u00a0 Het is duidelijk dat een beperking van de essenti\u00eble nutri\u00ebnten geen defici\u00ebntie mag veroorzaken en de voorziening voldoende moet zijn voor handhaving van de normale lichaamsfuncties.<\/span><\/p>\n<p style=\"text-align: justify;\"><span style=\"font-size: medium;\">Een geschikt nierdieet kan slechts het verlies aan nefronen vertragen en de overlevingsduur verlengen. Tussen verschillende commercieel verkrijgbare nierdi\u00ebten zijn er grote verschillen in effectiviteit. Het is aannemelijk dat <strong>PRO-VET<\/strong>\u00ae<strong> Renal\/Oxalate <\/strong>ook preventieve werking heeft en het risico op de ontwikkeling van chronische nierinsuffici\u00ebntie (CRF) bij gezonde honden vermindert. Het risico op nierfalen (CRF) is verminderd door de extra vitamine E, het hoge EPA-gehalte en in het bijzonder het lage gehalte aan fosfor.<\/span><\/p>\n<p>&nbsp;<\/p>\n<p style=\"text-align: justify;\"><span style=\"color: #cdb458;\"><span style=\"font-size: larger;\"><strong>Effectiviteiten<\/strong><\/span><\/span><\/p>\n<p>&nbsp;<\/p>\n<table border=\"1\" width=\"550\" cellspacing=\"1\" cellpadding=\"1\">\n<tbody>\n<tr>\n<td valign=\"top\" width=\"230\"><span style=\"font-size: larger;\"><strong>KENMERK<\/strong><\/span><\/td>\n<td valign=\"top\"><span style=\"font-size: larger;\"><strong>EFFECT<\/strong><\/span><\/td>\n<\/tr>\n<tr>\n<td valign=\"top\" width=\"230\"><span style=\"font-size: medium;\">Laag fosforgehalte (P)<br \/>\n<\/span><\/td>\n<td valign=\"top\"><span style=\"font-size: medium;\">Helpt de ontwikkeling van nierziekte te vertragen evenals de progressie van chronische nieraandoeningen.<\/span><\/td>\n<\/tr>\n<tr>\n<td valign=\"top\" width=\"230\"><span style=\"font-size: medium;\">Laag calciumgehalte (Ca), laag magnesiumgehalte (Mg) en aangepaste Urine pH 6.8<\/span><\/td>\n<td valign=\"top\"><span style=\"font-size: medium;\">Werkt preventief tegen de vorming van calciumoxalaat.<\/span><\/td>\n<\/tr>\n<tr>\n<td valign=\"top\" width=\"230\"><span style=\"font-size: medium;\">Laag Natriumgehalte (Na)<\/span><span style=\"font-size: larger;\"><br \/>\n<\/span><\/td>\n<td valign=\"top\"><span style=\"font-size: medium;\">Bestrijdt verhoging van bloeddruk in verband met nierfalen.<\/span><\/td>\n<\/tr>\n<tr>\n<td valign=\"top\" width=\"230\"><span style=\"font-size: medium;\">Hoog Kaliumgehalte (K)<\/span><span style=\"font-size: larger;\"><br \/>\n<\/span><\/td>\n<td valign=\"top\"><span style=\"font-size: medium;\">Compenseert het verlies van kalium tijdens hypokali\u00ebmie.<\/span><\/td>\n<\/tr>\n<tr>\n<td valign=\"top\" width=\"230\"><span style=\"font-size: medium;\">Laag prote\u00efnegehalte<\/span><\/td>\n<td valign=\"top\"><span style=\"font-size: medium;\">Vermindert de ontwikkeling van oxalaat-vorming. Vermindert de ophoping van schadelijke afvalstoffen (ammoniak en ureum) in het bloed.<\/span><\/td>\n<\/tr>\n<tr>\n<td valign=\"top\" width=\"230\"><span style=\"font-size: medium;\">Toegevoegde veenbessen<\/span><\/td>\n<td valign=\"top\"><span style=\"font-size: medium;\">Veenbes, oftewel de &#8220;wonder-bes&#8221;, bevat de mogelijkheid om de Genito-urinaire systeem te beschermen tegen infecties. Veenbes bevat componenten van proanthocyancdinen, die de vermenigvuldiging van bacteri\u00ebn in de cellen van Genito-urinaire systeem tegengaan. Het bevat ook krachtige fenolische antioxidanten zoals anthocyaninen, die hun geneeskrachtige eigenschappen verschaffen aan de bes. Fenolische antioxidanten verhogen ook het niveau van &#8220;goede&#8221; cholesterol en verlagen tegelijkertijd het niveau van de &#8220;slechte&#8221; cholesterol, waardoor het potenti\u00eble risico op de ziekte atherosclerose wordt verminderd. Resveratrol, gevonden in veenbessen in zijn natuurlijke vorm, heeft een anti-tumoraal effect. Het onderdrukt de verspreiding van tumorcellen. <\/span><\/td>\n<\/tr>\n<\/tbody>\n<\/table>\n<p>&nbsp;<\/p>\n<h3 class=\"orthodent\"><span style=\"color: #cdb458;\"><span style=\"font-size: large;\"><strong>Samenstelling<\/strong><\/span><\/span><\/h3>\n<p style=\"text-align: justify;\"><span style=\"font-size: medium;\">vlees en dierlijke bijproducten (kip: bron van eiwitten, ten minste 18%), granen, groenten, fruit (gemalen droge biologische Canadese cranberries 3%), mineralen. Urine alkaliserende stof: Kaliumcitraat.<br \/>\n<\/span><\/p>\n<p style=\"text-align: justify;\"><span style=\"font-size: medium;\">PRO-VET<\/span><span style=\"font-size: medium;\">\u00ae producten voldoen aan de standaarden van AAFCO, NRC en FEDIAF. Bevat g\u00e9\u00e9n kunstmatige smaakstoffen of kleurstoffen.\u00a0<\/span><\/p>\n<p>&nbsp;<\/p>\n<p style=\"text-align: justify;\"><span style=\"color: #cdb458;\"><span style=\"font-size: larger;\"><strong>Analyse<\/strong><\/span><\/span><\/p>\n<table border=\"0\" width=\"550\" cellspacing=\"1\" cellpadding=\"1\">\n<tbody>\n<tr>\n<td valign=\"top\"><span style=\"font-size: medium;\"><strong>Analytische<br \/>\nbestanddelen <\/strong><\/span><\/td>\n<td valign=\"top\"><span style=\"font-size: medium;\">\u00a0<\/span><\/td>\n<td valign=\"top\"><span style=\"font-size: medium;\"><strong>Nutritionele<br \/>\ntoevoegingsmiddelen\/kg<\/strong><\/span><\/td>\n<td valign=\"top\"><\/td>\n<\/tr>\n<tr>\n<td valign=\"top\"><span style=\"font-size: medium;\">Vocht<br \/>\nRuwe prote\u00efne<br \/>\nRuw vet<br \/>\nRuwe as<br \/>\nRuw vezel<br \/>\nCalcium (Ca)<br \/>\nFosfor (P)<br \/>\nNatrium (Na)<br \/>\nMagnesium (Mg)<br \/>\nKalium (K)<br \/>\nChloride (Cl)<br \/>\nZwavel (S)<br \/>\n<\/span><\/td>\n<td valign=\"top\"><span style=\"font-size: medium;\">80%<br \/>\n5.0 %<br \/>\n3.2 %<br \/>\n1.60 %<br \/>\n0.30 %<br \/>\n0.33%<br \/>\n0.19%<br \/>\n0.09%<br \/>\n0.02%<br \/>\n0.34%<br \/>\n0.15%<br \/>\n0.05%<\/span><\/td>\n<td valign=\"top\"><span style=\"font-size: medium;\">Vitamine A<br \/>\nVitamine D<br \/>\nHydroxyproline<br \/>\n<\/span><\/td>\n<td valign=\"top\"><span style=\"font-size: medium;\"><span style=\"font-size: medium;\">1.400 IE<br \/>\n200 IE<br \/>\n2.30 g<\/span><\/span><span style=\"font-size: larger;\">\u00a0<\/span><\/td>\n<\/tr>\n<\/tbody>\n<\/table>\n<p><span style=\"font-size: medium;\"><strong>Energie 87 Kcal\/g <\/strong> <strong>[6.78 MJ\/g]<\/strong><br \/>\n<\/span><\/p>\n<p><strong><span style=\"font-size: medium;\">Vitaminen:<\/span><\/strong><span style=\"font-size: medium;\"><br \/>\nVitamine A (retinylacetaat)<br \/>\nVitamine D3 (cholecalciferol)<br \/>\n<\/span><\/p>\n<p><strong><span style=\"font-size: medium;\">Spoorelementen:<\/span><\/strong><span style=\"font-size: medium;\"><br \/>\nIjzer (Fe) (ijzer-(II)-sulfaat monohydraat) 12 mg\/kg<br \/>\nMangaan (Mn) (mangaan-(II)-oxide) 6 mg\/kg<br \/>\nZink (Zn) (zink-(II)-sulfaat monohydraat) 15 mg\/kg<br \/>\nKoper (Cu) (Koper (koper(II)sulfaat pentahydraat) 2 mg\/kg<br \/>\nJodium (I) (calciumjodaat, watervrij) 0.30 mg\/kg<br \/>\nSelenium (Se) (natriumselenite) 0.08 mg\/kg<\/span><\/p>\n<p>&nbsp;<\/p>\n<p style=\"text-align: justify;\"><span style=\"color: #cdb458;\"><span style=\"font-size: larger;\"><strong>Gebruiksaanwijzing<\/strong><\/span><\/span><\/p>\n<p>Voor het beste resultaat, voer uw hond in combinatie met droge dieetvoeding <strong>PRO-VET<\/strong>\u00ae<strong> Renal\/Oxalate<\/strong>. Verspreid de dagelijkse portie over meerdere kleine maaltijden. Het is aanbevolen om een dierenarts te raadplegen alvorens het dieet te starten of de gebruiksperiode te verlengen. De dagelijkse voedingstabel is indicatief. Zorg ervoor dat uw hond altijd vers en beschikbaar drinkwater heeft. Eenmaal geopend, afdekken en in de koelkast bewaren en gebruiken binnen 48 uur. Best opgediend bij kamertemperatuur. Maak de voer- en waterbak regelmatig schoon.<\/p>\n<p>&nbsp;<\/p>\n<p style=\"text-align: justify;\"><span style=\"color: #cdb458;\"><span style=\"font-size: larger;\"><strong>Voedingschema<\/strong><\/span><\/span><\/p>\n<p>Adult dog of medium breed (10-25kg) needs \u00be to 1\u00bd can each day in at least two meals. Adult dog of large breed (25-45kg) needs 1\u00bd to 2\u2153 can each day in at least two meals. Adult dog of very large breed (45-70kg) needs 2\u2153 to 3\u00bc can each day in at least two meals. Fresh drinking water should always be available.<\/p>\n<p>&nbsp;<\/p>\n<p style=\"text-align: justify;\"><span style=\"color: #cdb458;\"><span style=\"font-size: larger;\"><strong>Verpakking<\/strong><\/span><\/span><\/p>\n<p><span style=\"font-size: medium;\">415 g \u00a0 EAN 8717496484185 <\/span><\/p>\n<p>&nbsp;<\/p>\n<p style=\"text-align: justify;\"><span style=\"color: #cdb458;\"><span style=\"font-size: larger;\"><strong>Bewaaradvies<\/strong><\/span><\/span><\/p>\n<p style=\"text-align: justify;\"><span style=\"font-size: medium;\">Bewaar op een koele, droge plaats. Bewaar na het openen de ongebruikte inhoud in de koelkast, in een afgesloten verpakking en gebruik binnen 24 uur. Best geserveerd op kamertemperatuur.\u00a0<\/span><\/p>\n<p>&nbsp;<\/p>\n<p>Bij <strong>PRO-VET<\/strong>\u00ae hebben wij ons gecommitteerd om al onze ingredi\u00ebnten zoveel mogelijk van lokale bronnen te kopen, en zo kunnen wij een volledige traceerbaarheid van boerderijen tot onze gerenommeerde leveranciers waarborgen. Gedurende de zorg voor uw huisdier zorgen wij voor uw omgeving, al onze verpakkingen zijn gemaakt van 100% recyclebaar materiaal. De productie eenheid is zo ingericht om kwalitatief hoogwaardig hondenvoeding van 100% natuurlijke ingredi\u00ebnten samen te stellen.<br \/>\n<strong>PRO-VET<\/strong>\u00ae producten worden geproduceerd volgens de hoogste normen. Wij werken samen met toonaangevende voedingsdeskundigen om te garanderen dat de eigenschappen van onze recepten aan de voedingsbehoeften van uw hond voldoen.<br \/>\nIn <strong>PRO-VET<\/strong>\u00ae combineren we de vier belangrijkste basis groepen: Essenti\u00eble Eiwitten, Granen en Vezels, Vitaminen en Mineralen, Vetten en Oli\u00ebn om deze tot een voedzaam, natuurlijk hondenvoer te cre\u00ebren.<\/p>\n<p><span style=\"font-size: medium;\"><br \/>\n<\/span><strong><span style=\"font-size: medium;\">Een gezonde hond is een gelukkige hond.<\/span><\/strong><\/p>\n<p>&nbsp;<\/p>\n","protected":false},"excerpt":{"rendered":"<p style=\"text-align: left;\"><span style=\"color: #cdb458;\"><strong><span style=\"font-size: X-large;\">VOOR HET ONDER CONTROLE HOUDEN VAN CHRONISCHE NIERAANDOENINGEN<\/span><\/strong><\/span><\/p>\n<p style=\"text-align: left;\"><span style=\"font-size: large;\">Aangepaste Urine pH 6.7<br \/>\nVerrijkt met Biologische Canadese Veenbessen<br \/>\nVeenbesLaag Natriumgehalte (Na) 0.09%<br \/>\nHoog Kaliumgehalte (K) 0.34%<br \/>\nLaag Fosforgehalte (P) 0.19%<br \/>\nLaag Calciumgehalte (Ca) 0.33%<br \/>\nLaag Magnesiumgehalte (Mg) 0.02%<br \/>\nLaag Eiwitgehalte 5%<br \/>\n<\/span><\/p>\n","protected":false},"featured_media":2660,"comment_status":"open","ping_status":"closed","template":"","meta":{"_acf_changed":false},"product_brand":[],"product_cat":[196,175],"product_tag":[],"class_list":{"0":"post-3972","1":"product","2":"type-product","3":"status-publish","4":"has-post-thumbnail","6":"product_cat-natte-voeding-voor-honden-415g","7":"product_cat-pro-vet-nl","9":"first","10":"instock","11":"shipping-taxable","12":"product-type-simple"},"acf":[],"yoast_head":"<!-- This site is optimized with the Yoast SEO plugin v27.3 - https:\/\/yoast.com\/product\/yoast-seo-wordpress\/ -->\n<title>PRO-VET\u00ae Renal\/Oxalate - Prof Pet Corporation<\/title>\n<meta name=\"robots\" content=\"index, follow, max-snippet:-1, max-image-preview:large, max-video-preview:-1\" \/>\n<link rel=\"canonical\" href=\"https:\/\/www.profpetcorporation.com\/nl\/product\/pro-vet-e\/\" \/>\n<meta property=\"og:locale\" content=\"nl_NL\" \/>\n<meta property=\"og:type\" content=\"article\" \/>\n<meta property=\"og:title\" content=\"PRO-VET\u00ae Renal\/Oxalate - Prof Pet Corporation\" \/>\n<meta property=\"og:description\" content=\"VOOR HET ONDER CONTROLE HOUDEN VAN CHRONISCHE NIERAANDOENINGEN Aangepaste Urine pH 6.7 Verrijkt met Biologische Canadese Veenbessen VeenbesLaag Natriumgehalte (Na) 0.09% Hoog Kaliumgehalte (K) 0.34% Laag Fosforgehalte (P) 0.19% Laag Calciumgehalte (Ca) 0.33% Laag Magnesiumgehalte (Mg) 0.02% Laag Eiwitgehalte 5%\" \/>\n<meta property=\"og:url\" content=\"https:\/\/www.profpetcorporation.com\/nl\/product\/pro-vet-e\/\" \/>\n<meta property=\"og:site_name\" content=\"Prof Pet Corporation\" \/>\n<meta property=\"article:modified_time\" content=\"2024-11-09T13:29:44+00:00\" \/>\n<meta property=\"og:image\" content=\"https:\/\/www.profpetcorporation.com\/wp-content\/uploads\/2024\/07\/web-PRO-VET-RenalOxalate-415g.jpg\" \/>\n\t<meta property=\"og:image:width\" content=\"1079\" \/>\n\t<meta property=\"og:image:height\" content=\"1083\" \/>\n\t<meta property=\"og:image:type\" content=\"image\/jpeg\" \/>\n<meta name=\"twitter:card\" content=\"summary_large_image\" \/>\n<meta name=\"twitter:label1\" content=\"Geschatte leestijd\" \/>\n\t<meta name=\"twitter:data1\" content=\"5 minuten\" \/>\n<script type=\"application\/ld+json\" class=\"yoast-schema-graph\">{\"@context\":\"https:\\\/\\\/schema.org\",\"@graph\":[{\"@type\":\"WebPage\",\"@id\":\"https:\\\/\\\/www.profpetcorporation.com\\\/nl\\\/product\\\/pro-vet-e\\\/\",\"url\":\"https:\\\/\\\/www.profpetcorporation.com\\\/nl\\\/product\\\/pro-vet-e\\\/\",\"name\":\"PRO-VET\u00ae Renal\\\/Oxalate - Prof Pet Corporation\",\"isPartOf\":{\"@id\":\"https:\\\/\\\/www.profpetcorporation.com\\\/nl\\\/#website\"},\"primaryImageOfPage\":{\"@id\":\"https:\\\/\\\/www.profpetcorporation.com\\\/nl\\\/product\\\/pro-vet-e\\\/#primaryimage\"},\"image\":{\"@id\":\"https:\\\/\\\/www.profpetcorporation.com\\\/nl\\\/product\\\/pro-vet-e\\\/#primaryimage\"},\"thumbnailUrl\":\"https:\\\/\\\/www.profpetcorporation.com\\\/wp-content\\\/uploads\\\/2024\\\/07\\\/web-PRO-VET-RenalOxalate-415g.jpg\",\"datePublished\":\"2024-07-12T15:47:02+00:00\",\"dateModified\":\"2024-11-09T13:29:44+00:00\",\"breadcrumb\":{\"@id\":\"https:\\\/\\\/www.profpetcorporation.com\\\/nl\\\/product\\\/pro-vet-e\\\/#breadcrumb\"},\"inLanguage\":\"nl-NL\",\"potentialAction\":[{\"@type\":\"ReadAction\",\"target\":[\"https:\\\/\\\/www.profpetcorporation.com\\\/nl\\\/product\\\/pro-vet-e\\\/\"]}]},{\"@type\":\"ImageObject\",\"inLanguage\":\"nl-NL\",\"@id\":\"https:\\\/\\\/www.profpetcorporation.com\\\/nl\\\/product\\\/pro-vet-e\\\/#primaryimage\",\"url\":\"https:\\\/\\\/www.profpetcorporation.com\\\/wp-content\\\/uploads\\\/2024\\\/07\\\/web-PRO-VET-RenalOxalate-415g.jpg\",\"contentUrl\":\"https:\\\/\\\/www.profpetcorporation.com\\\/wp-content\\\/uploads\\\/2024\\\/07\\\/web-PRO-VET-RenalOxalate-415g.jpg\",\"width\":1079,\"height\":1083},{\"@type\":\"BreadcrumbList\",\"@id\":\"https:\\\/\\\/www.profpetcorporation.com\\\/nl\\\/product\\\/pro-vet-e\\\/#breadcrumb\",\"itemListElement\":[{\"@type\":\"ListItem\",\"position\":1,\"name\":\"Home\",\"item\":\"https:\\\/\\\/www.profpetcorporation.com\\\/nl\\\/\"},{\"@type\":\"ListItem\",\"position\":2,\"name\":\"Winkel\",\"item\":\"https:\\\/\\\/www.profpetcorporation.com\\\/shop\\\/\"},{\"@type\":\"ListItem\",\"position\":3,\"name\":\"PRO-VET\u00ae\",\"item\":\"https:\\\/\\\/www.profpetcorporation.com\\\/nl\\\/merken\\\/pro-vet-nl\\\/\"},{\"@type\":\"ListItem\",\"position\":4,\"name\":\"PRO-VET\u00ae Renal\\\/Oxalate\"}]},{\"@type\":\"WebSite\",\"@id\":\"https:\\\/\\\/www.profpetcorporation.com\\\/nl\\\/#website\",\"url\":\"https:\\\/\\\/www.profpetcorporation.com\\\/nl\\\/\",\"name\":\"Prof Pet Corporation\",\"description\":\"\",\"potentialAction\":[{\"@type\":\"SearchAction\",\"target\":{\"@type\":\"EntryPoint\",\"urlTemplate\":\"https:\\\/\\\/www.profpetcorporation.com\\\/nl\\\/?s={search_term_string}\"},\"query-input\":{\"@type\":\"PropertyValueSpecification\",\"valueRequired\":true,\"valueName\":\"search_term_string\"}}],\"inLanguage\":\"nl-NL\"}]}<\/script>\n<!-- \/ Yoast SEO plugin. -->","yoast_head_json":{"title":"PRO-VET\u00ae Renal\/Oxalate - Prof Pet Corporation","robots":{"index":"index","follow":"follow","max-snippet":"max-snippet:-1","max-image-preview":"max-image-preview:large","max-video-preview":"max-video-preview:-1"},"canonical":"https:\/\/www.profpetcorporation.com\/nl\/product\/pro-vet-e\/","og_locale":"nl_NL","og_type":"article","og_title":"PRO-VET\u00ae Renal\/Oxalate - Prof Pet Corporation","og_description":"VOOR HET ONDER CONTROLE HOUDEN VAN CHRONISCHE NIERAANDOENINGEN Aangepaste Urine pH 6.7 Verrijkt met Biologische Canadese Veenbessen VeenbesLaag Natriumgehalte (Na) 0.09% Hoog Kaliumgehalte (K) 0.34% Laag Fosforgehalte (P) 0.19% Laag Calciumgehalte (Ca) 0.33% Laag Magnesiumgehalte (Mg) 0.02% Laag Eiwitgehalte 5%","og_url":"https:\/\/www.profpetcorporation.com\/nl\/product\/pro-vet-e\/","og_site_name":"Prof Pet Corporation","article_modified_time":"2024-11-09T13:29:44+00:00","og_image":[{"width":1079,"height":1083,"url":"https:\/\/www.profpetcorporation.com\/wp-content\/uploads\/2024\/07\/web-PRO-VET-RenalOxalate-415g.jpg","type":"image\/jpeg"}],"twitter_card":"summary_large_image","twitter_misc":{"Geschatte leestijd":"5 minuten"},"schema":{"@context":"https:\/\/schema.org","@graph":[{"@type":"WebPage","@id":"https:\/\/www.profpetcorporation.com\/nl\/product\/pro-vet-e\/","url":"https:\/\/www.profpetcorporation.com\/nl\/product\/pro-vet-e\/","name":"PRO-VET\u00ae Renal\/Oxalate - Prof Pet Corporation","isPartOf":{"@id":"https:\/\/www.profpetcorporation.com\/nl\/#website"},"primaryImageOfPage":{"@id":"https:\/\/www.profpetcorporation.com\/nl\/product\/pro-vet-e\/#primaryimage"},"image":{"@id":"https:\/\/www.profpetcorporation.com\/nl\/product\/pro-vet-e\/#primaryimage"},"thumbnailUrl":"https:\/\/www.profpetcorporation.com\/wp-content\/uploads\/2024\/07\/web-PRO-VET-RenalOxalate-415g.jpg","datePublished":"2024-07-12T15:47:02+00:00","dateModified":"2024-11-09T13:29:44+00:00","breadcrumb":{"@id":"https:\/\/www.profpetcorporation.com\/nl\/product\/pro-vet-e\/#breadcrumb"},"inLanguage":"nl-NL","potentialAction":[{"@type":"ReadAction","target":["https:\/\/www.profpetcorporation.com\/nl\/product\/pro-vet-e\/"]}]},{"@type":"ImageObject","inLanguage":"nl-NL","@id":"https:\/\/www.profpetcorporation.com\/nl\/product\/pro-vet-e\/#primaryimage","url":"https:\/\/www.profpetcorporation.com\/wp-content\/uploads\/2024\/07\/web-PRO-VET-RenalOxalate-415g.jpg","contentUrl":"https:\/\/www.profpetcorporation.com\/wp-content\/uploads\/2024\/07\/web-PRO-VET-RenalOxalate-415g.jpg","width":1079,"height":1083},{"@type":"BreadcrumbList","@id":"https:\/\/www.profpetcorporation.com\/nl\/product\/pro-vet-e\/#breadcrumb","itemListElement":[{"@type":"ListItem","position":1,"name":"Home","item":"https:\/\/www.profpetcorporation.com\/nl\/"},{"@type":"ListItem","position":2,"name":"Winkel","item":"https:\/\/www.profpetcorporation.com\/shop\/"},{"@type":"ListItem","position":3,"name":"PRO-VET\u00ae","item":"https:\/\/www.profpetcorporation.com\/nl\/merken\/pro-vet-nl\/"},{"@type":"ListItem","position":4,"name":"PRO-VET\u00ae Renal\/Oxalate"}]},{"@type":"WebSite","@id":"https:\/\/www.profpetcorporation.com\/nl\/#website","url":"https:\/\/www.profpetcorporation.com\/nl\/","name":"Prof Pet Corporation","description":"","potentialAction":[{"@type":"SearchAction","target":{"@type":"EntryPoint","urlTemplate":"https:\/\/www.profpetcorporation.com\/nl\/?s={search_term_string}"},"query-input":{"@type":"PropertyValueSpecification","valueRequired":true,"valueName":"search_term_string"}}],"inLanguage":"nl-NL"}]}},"_links":{"self":[{"href":"https:\/\/www.profpetcorporation.com\/nl\/wp-json\/wp\/v2\/product\/3972","targetHints":{"allow":["GET"]}}],"collection":[{"href":"https:\/\/www.profpetcorporation.com\/nl\/wp-json\/wp\/v2\/product"}],"about":[{"href":"https:\/\/www.profpetcorporation.com\/nl\/wp-json\/wp\/v2\/types\/product"}],"replies":[{"embeddable":true,"href":"https:\/\/www.profpetcorporation.com\/nl\/wp-json\/wp\/v2\/comments?post=3972"}],"wp:featuredmedia":[{"embeddable":true,"href":"https:\/\/www.profpetcorporation.com\/nl\/wp-json\/wp\/v2\/media\/2660"}],"wp:attachment":[{"href":"https:\/\/www.profpetcorporation.com\/nl\/wp-json\/wp\/v2\/media?parent=3972"}],"wp:term":[{"taxonomy":"product_brand","embeddable":true,"href":"https:\/\/www.profpetcorporation.com\/nl\/wp-json\/wp\/v2\/product_brand?post=3972"},{"taxonomy":"product_cat","embeddable":true,"href":"https:\/\/www.profpetcorporation.com\/nl\/wp-json\/wp\/v2\/product_cat?post=3972"},{"taxonomy":"product_tag","embeddable":true,"href":"https:\/\/www.profpetcorporation.com\/nl\/wp-json\/wp\/v2\/product_tag?post=3972"}],"curies":[{"name":"wp","href":"https:\/\/api.w.org\/{rel}","templated":true}]}}