{"id":3926,"date":"2024-07-10T19:13:30","date_gmt":"2024-07-10T19:13:30","guid":{"rendered":"https:\/\/profpetcorporation.previewready.nl\/?post_type=product&#038;p=3926"},"modified":"2024-11-09T13:24:21","modified_gmt":"2024-11-09T13:24:21","slug":"pro-vet-renal-oxalate","status":"publish","type":"product","link":"https:\/\/www.profpetcorporation.com\/nl\/product\/pro-vet-renal-oxalate\/","title":{"rendered":"PRO-VET\u00ae Renal\/Oxalate"},"content":{"rendered":"<p style=\"text-align: justify;\"><span style=\"color: #cdb458;\"><span style=\"font-size: larger;\"><strong>Indicatie<\/strong><\/span><\/span><\/p>\n<p style=\"text-align: justify;\"><span style=\"font-size: medium;\"><strong>PRO-VET<\/strong>\u00ae<strong> Renal\/Oxalate<\/strong> <strong>Compleet en gebalanceerd gespecialiseerd droog dieetvoer voor volwassen honden van alle rassen met een chronische nieraandoening of met een pathogenese van calciumoxalaat (CaOx) steenvorming (wanneer urine oververzadigd is met calcium- en oxalaatkristallen); vermindert oxalaatsteenvorming, alsook het risico op een recidief<\/strong><em><strong>.<\/strong><\/em><br \/>\nHet dieet voorziet in voldoende voedingsstoffen om het lichaam te onderhouden.<br \/>\nDe progressie van nierinsuffici\u00ebntie kan worden verminderd en daarmee wordt de overlevingsduur van de pati\u00ebnt verlengd, maar de ziekte kan niet genezen. Er zijn overtuigend bewijzen dat een geschikt dieet de overlevingsduur van pati\u00ebnten met nierfalen verhoogt. Een lage fosforopname leidt tot vertraging van het verlies van nierfunctie. Naast fosforarm dient een dieet voor honden met nierinsuffici\u00ebntie weinig eiwit en natrium te bevatten, rijk te zijn aan kalium, een licht basische urine pH te induceren en een hoog gehalte aan eicosapentaeenzuur (EPA) te bevatten. Een lage eiwitopname leidt tot minder ophoping van ureum in het bloed waardoor de eetlust op peil blijft. Weinig natrium in het dieet draagt bij aan controle van de bloeddruk, welke bij nierpati\u00ebnten neigt tot stijging. Bij verminderde nierfunctie is er extra kaliumverlies hetgeen wordt gecompenseerd door een verhoogde opname. Omdat bij nierziekte de uitscheiding van zuren is verminderd dient het dieet een alkalische werking te hebben. Een hoge EPA-opname vertraagt de progressie van nierziekte bij de hond.\u00a0 Het is duidelijk dat een beperking van de essenti\u00eble nutri\u00ebnten geen defici\u00ebntie mag veroorzaken en de voorziening voldoende moet zijn voor handhaving van de normale lichaamsfuncties.<\/span><\/p>\n<p style=\"text-align: justify;\"><span style=\"font-size: medium;\">Een geschikt nierdieet kan slechts het verlies aan nefronen vertragen en de overlevingsduur verlengen. Tussen verschillende commercieel verkrijgbare nierdi\u00ebten zijn er grote verschillen in effectiviteit. Het is aannemelijk dat <strong>PRO-VET<\/strong>\u00ae<strong> Renal\/Oxalate <\/strong>ook preventieve werking heeft en het risico op de ontwikkeling van chronische nierinsuffici\u00ebntie (CRF) bij gezonde honden vermindert. Het risico op nierfalen (CRF) is verminderd door de extra vitamine E, het hoge EPA-gehalte en in het bijzonder het lage gehalte aan fosfor.<\/span><\/p>\n<p>&nbsp;<\/p>\n<p style=\"text-align: justify;\"><span style=\"color: #cdb458;\"><span style=\"font-size: larger;\"><strong>Effectiviteiten<\/strong><\/span><\/span><\/p>\n<table border=\"1\" width=\"550\" cellspacing=\"1\" cellpadding=\"1\">\n<tbody>\n<tr>\n<td valign=\"top\" width=\"280\"><span style=\"font-size: larger;\"><strong>KENMERK<\/strong><\/span><\/td>\n<td valign=\"top\"><span style=\"font-size: larger;\"><strong>EFFECT<\/strong><\/span><\/td>\n<\/tr>\n<tr>\n<td valign=\"top\" width=\"280\"><span style=\"font-size: medium;\">Laag fosforgehalte (P) en hoog Omega-3 polyonverzadigde vetzuren gehalte (EPA+DHA)<\/span><\/td>\n<td valign=\"top\"><span style=\"font-size: medium;\">Helpt de ontwikkeling van nierziekte te vertragen evenals de progressie van chronische nieraandoeningen.<\/span><\/td>\n<\/tr>\n<tr>\n<td valign=\"top\" width=\"280\"><span style=\"font-size: medium;\">Laag calciumgehalte (Ca), laag magnesiumgehalte (Mg) en aangepaste Urine pH 6.8<\/span><\/td>\n<td valign=\"top\"><span style=\"font-size: medium;\">Werkt preventief tegen de vorming van calciumoxalaat.<\/span><\/td>\n<\/tr>\n<tr>\n<td valign=\"top\" width=\"280\"><span style=\"font-size: medium;\">Laag Natriumgehalte (Na)<\/span><span style=\"font-size: larger;\"><br \/>\n<\/span><\/td>\n<td valign=\"top\"><span style=\"font-size: medium;\">Bestrijdt verhoging van bloeddruk in verband met nierfalen.<\/span><\/td>\n<\/tr>\n<tr>\n<td valign=\"top\" width=\"280\"><span style=\"font-size: medium;\">Hoog Kaliumgehalte (K)<\/span><span style=\"font-size: larger;\"><br \/>\n<\/span><\/td>\n<td valign=\"top\"><span style=\"font-size: medium;\">Compenseert het verlies van kalium tijdens hypokali\u00ebmie.<\/span><\/td>\n<\/tr>\n<tr>\n<td valign=\"top\" width=\"280\"><span style=\"font-size: medium;\">Laag Arachidonzuurgehalte<\/span><\/td>\n<td valign=\"top\"><span style=\"font-size: medium;\">Vermindering van de productie van ontstekingsactiverende eicosano\u00efden.<\/span><\/td>\n<\/tr>\n<tr>\n<td valign=\"top\" width=\"280\"><span style=\"font-size: medium;\">Hoog gehalte aan zalmolie<\/span><\/td>\n<td valign=\"top\"><span style=\"font-size: medium;\">Ondersteunt de filterwerking van de nieren.<\/span><\/td>\n<\/tr>\n<tr>\n<td valign=\"top\" width=\"280\"><span style=\"font-size: medium;\">Laag prote\u00efnegehalte<\/span><\/td>\n<td valign=\"top\"><span style=\"font-size: medium;\">Vermindert de ontwikkeling van oxalaat-vorming. Vermindert de ophoping van schadelijke afvalstoffen (ammoniak en ureum) in het bloed.<\/span><\/td>\n<\/tr>\n<tr>\n<td valign=\"top\" width=\"280\"><span style=\"font-size: medium;\">Hoog gehalte aan natuurlijke antioxidanten (Vitami-E, Vitamine-C en \u00df-caroteen<\/span><span style=\"font-size: medium;\">)<\/span><\/td>\n<td valign=\"top\"><span style=\"font-size: medium;\">Stimulatie van immuunfunctie. Verbetering van de huidconditie met atopische dermatitis.\u00a0 Vermindert de vorming van vrije radicalen, die een rol spelen in de progressie van nierfalen.<\/span><\/td>\n<\/tr>\n<\/tbody>\n<\/table>\n<p>&nbsp;<\/p>\n<h3 class=\"orthodent\"><span style=\"color: #cdb458;\"><span style=\"font-size: large;\"><strong>Samenstelling<\/strong><\/span><\/span><\/h3>\n<p style=\"text-align: justify;\"><span style=\"font-size: medium;\">parelgerst, jonge ma\u00efs, rijst, gedehydrateerd gevogelte, premium pure zalmolie, gevogeltevet (geconserveerd met gemengde tocoferolen, natuurlijke bron van Vitamine E), gedroogde bietenpulp (rijk aan pectines), gehydrolyseerd kippeneiwit, gedroogde gist (een natuurlijke bron van mannanoligosacchariden (prebioticum MOS)), gedroogde alfalfa (ontkiemde zaden van de luzerne, spruitgroente), ma\u00efsgluten, gemalen lijnzaad, geraffineerde raapzaadolie, gezuiverde plantaardige vezels (cellulose), mineralen (kaliumchloride), gedroogde appel, carob (gedroogd vruchtvlees van mediterrane Johannesbroodboom), gedroogde cichoreiwortel extract (een natuurlijke bron van inuline en fructooligosacchariden (prebioticum FOS)).<br \/>\n<\/span><\/p>\n<p style=\"text-align: justify;\"><strong><span style=\"font-size: medium;\">Antioxidanten:<\/span><\/strong><span style=\"font-size: medium;\"> Verrijkt met oxidatie tegengaande stof, sterk tocopherol-houdend extract (vitamine E) van natuurlijke oorsprong (van plantaardige oli\u00ebn). PRO-VET<\/span><span style=\"font-size: medium;\">\u00ae producten voldoen aan de standaarden van AAFCO, NRC en FEDIAF. Bevat g\u00e9\u00e9n kunstmatige smaakstoffen of kleurstoffen.\u00a0<\/span><\/p>\n<p>&nbsp;<\/p>\n<p style=\"text-align: justify;\"><span style=\"color: #cdb458;\"><span style=\"font-size: larger;\"><strong>Analyse<\/strong><\/span><\/span><\/p>\n<table border=\"0\" width=\"550\" cellspacing=\"1\" cellpadding=\"1\">\n<tbody>\n<tr>\n<td valign=\"top\"><span style=\"font-size: medium;\"><strong>Analytische<br \/>\nbestanddelen\/kg <\/strong><\/span><\/td>\n<td valign=\"top\"><span style=\"font-size: medium;\">\u00a0<\/span><\/td>\n<td valign=\"top\"><span style=\"font-size: medium;\"><strong>Nutritionele<br \/>\ntoevoegingsmiddelen\/kg<\/strong><\/span><\/td>\n<td valign=\"top\"><\/td>\n<\/tr>\n<tr>\n<td valign=\"top\"><span style=\"font-size: medium;\">Vocht<br \/>\nRuwe prote\u00efne<br \/>\nRuw vet<br \/>\nRuwe as<br \/>\nRuw vezel<br \/>\nCalcium (Ca)<br \/>\nFosfor (P)<br \/>\nNatrium (Na)<br \/>\nMagnesium (Mg)<br \/>\nKalium (K)<br \/>\nChloride (Cl)<br \/>\nZwavel (S)<br \/>\nKoper (Cu)<br \/>\nLysine<br \/>\nMethionine<br \/>\nCystine<br \/>\nHydroxyproline<br \/>\nTreonine<br \/>\nTryptophaan<br \/>\nLinolzuur (\u03c96)<br \/>\nLinoleenzuur (\u03c93)<br \/>\nArachidonzuur (\u03c96)<br \/>\nEPA (\u03c93)<br \/>\neicosapentaeenzuur<br \/>\nDHA (\u03c93)<br \/>\ndocosahexaeenzuur<br \/>\nKoolhydraten<br \/>\n<\/span><\/td>\n<td valign=\"top\"><span style=\"font-size: medium;\">8.00%<br \/>\n15.0 %<br \/>\n18.0 %<br \/>\n4.50 %<br \/>\n3.80 %<br \/>\n0.48 %<br \/>\n0.40 %<br \/>\n0.10 %<br \/>\n0.10 g<br \/>\n7.90 g<br \/>\n5.00 g<br \/>\n2.00 g<br \/>\n0.45 g<br \/>\n10.6 g<br \/>\n5.00 g<br \/>\n2.00 g<br \/>\n4.00 g<br \/>\n5.00 g<br \/>\n1.40 g<br \/>\n22.0 g<br \/>\n3.20 g<br \/>\n0.90 g<br \/>\n5.00 g<br \/>\n<\/span><br \/>\n5.00 g<br \/>\n<span style=\"color: #f2f3f0;\">Y<\/span><br \/>\n51.6 %<\/td>\n<td valign=\"top\"><span style=\"font-size: medium;\">Vitamine A<br \/>\nVitamine D3<br \/>\nVitamine E<br \/>\nVitamine K3<br \/>\nVitamine B1<br \/>\nVitamine B2<br \/>\nVitamine B6<br \/>\nVitamine B12<br \/>\nBiotine (Vitamine H)<br \/>\nCholine<br \/>\nFoliumzuur<br \/>\nCalcium pantothenate<br \/>\nTotal Vitamine D3<br \/>\n<\/span><\/td>\n<td valign=\"top\"><span style=\"font-size: medium;\">12.500 IE<br \/>\n600 IE<br \/>\n650 mg<br \/>\n0.60 mg<br \/>\n7.50 mg<br \/>\n6.40 mg<br \/>\n4.50 mg<br \/>\n34.0 \u03bcg<br \/>\n170 \u03bcg<br \/>\n600 mg<br \/>\n3.40 mg<br \/>\n17.0 mg<br \/>\n605 IE<\/span><span style=\"font-size: larger;\"><br \/>\n<\/span><\/td>\n<\/tr>\n<\/tbody>\n<\/table>\n<p><span style=\"font-size: medium;\"><strong>Energie 4158 Kcal\/kg <\/strong> <strong>[17.41 MJ\/kg]<\/strong><br \/>\n<strong>Urine pH = ca 6,8<\/strong><\/span><\/p>\n<p><strong><span style=\"font-size: medium;\">Vitaminen:<\/span><\/strong><span style=\"font-size: medium;\"><br \/>\nVitamine A (retinylacetaat)<br \/>\nVitamine D3 (cholecalciferol)<br \/>\nVitamine E (all-rac-\u0430lfa-tocoferolacetaat)<br \/>\nVitamine K3 (menadione nicotinamide bisulfite)<\/span><\/p>\n<p><strong><span style=\"font-size: medium;\">Spoorelementen:<\/span><\/strong><span style=\"font-size: medium;\"><br \/>\nIjzer (Fe) (ijzer-(II)-sulfaat monohydraat) 76 mg\/kg<br \/>\nMangaan (Mn) (mangaan-(II)-oxide) 30 mg\/kg<br \/>\nZink (Zn) (zink-(II)-sulfaat monohydraat) 114 mg\/kg<br \/>\nJodium (I) (calciumjodaat, watervrij) 0.80 mg\/kg<\/span><\/p>\n<p><strong><span style=\"font-size: medium;\">Overige nutritionele toevoegingsmiddelen:<\/span><\/strong><span style=\"font-size: medium;\"><br \/>\nL-Lysine 3.700 mg\/kg<br \/>\nDL-Methionine 2.500 mg\/kg<br \/>\nL-Carnitine 100 mg\/kg<br \/>\n\u00df-caroteen 100 mg\/kg<br \/>\nTaurine 1.200 mg\/kg<\/span><\/p>\n<p>&nbsp;<\/p>\n<p style=\"text-align: justify;\"><span style=\"color: #cdb458;\"><span style=\"font-size: larger;\"><strong>Gebruiksaanwijzing<\/strong><\/span><\/span><\/p>\n<p>De brokken zijn klaar om zo gegeten te worden. Zorgt u ervoor dat uw hond altijd vers en beschikbaar drinkwater heeft. Maak voer- en waterbak regelmatig schoon. <strong>Voedingsrichtlijn:<\/strong> Omdat elke hond een andere voedingsbehoefte heeft, moeten de aanbevolen hoeveelheden op de verpakking als leidraad worden gebruikt. De dagelijkse voedingsbehoefte van een hond is namelijk afhankelijk van factoren zoals ras, activiteitenniveau, spijsvertering, leeftijd en omgeving. De dagelijkse portie kan het beste over twee maaltijden worden verdeeld.<\/p>\n<p><span style=\"font-size: medium;\"><em>Aangeraden wordt om v\u00f3\u00f3r gebruik of v\u00f3\u00f3r verlenging van de gebruiksduur een dierenarts te raadplegen. De aanbevolen gebruiksduur bij nierfalen en oxalaatsteenvorming (CaOx): aanvankelijk ten hoogste zes (6) maanden*<\/em><\/span><\/p>\n<p>&nbsp;<\/p>\n<p style=\"text-align: justify;\"><span style=\"color: #cdb458;\"><span style=\"font-size: larger;\"><strong>Voedingschema<\/strong><\/span><\/span><\/p>\n<table border=\"1\" width=\"300\" cellspacing=\"1\" cellpadding=\"1\">\n<tbody>\n<tr>\n<td style=\"text-align: center;\"><span style=\"font-size: medium;\">Lichaamsgewicht<\/span><\/td>\n<td style=\"text-align: center;\"><span style=\"font-size: medium;\">Dagelijkse portie<\/span><\/td>\n<\/tr>\n<tr>\n<td style=\"text-align: center;\"><span style=\"font-size: medium;\">1- 3 kg<br \/>\n<\/span><\/td>\n<td style=\"text-align: center;\"><span style=\"font-size: medium;\">40 &#8211; 55 g<\/span><span style=\"font-size: larger;\"><br \/>\n<\/span><\/td>\n<\/tr>\n<tr>\n<td style=\"text-align: center;\"><span style=\"font-size: medium;\">3 &#8211; 5 kg<br \/>\n<\/span><\/td>\n<td style=\"text-align: center;\"><span style=\"font-size: medium;\">60 &#8211; 130 g<\/span><span style=\"font-size: larger;\"><br \/>\n<\/span><\/td>\n<\/tr>\n<tr>\n<td style=\"text-align: center;\"><span style=\"font-size: medium;\">5 &#8211; 10 kg<br \/>\n<\/span><\/td>\n<td style=\"text-align: center;\"><span style=\"font-size: medium;\">150 &#8211; 210 g<\/span><span style=\"font-size: larger;\"><br \/>\n<\/span><\/td>\n<\/tr>\n<tr>\n<td style=\"text-align: center;\"><span style=\"font-size: medium;\">10 &#8211; 15 kg<br \/>\n<\/span><\/td>\n<td style=\"text-align: center;\"><span style=\"font-size: medium;\">210 &#8211; 300 g<\/span><span style=\"font-size: larger;\"><br \/>\n<\/span><\/td>\n<\/tr>\n<tr>\n<td style=\"text-align: center;\"><span style=\"font-size: medium;\">15 &#8211; 20 kg<br \/>\n<\/span><\/td>\n<td style=\"text-align: center;\"><span style=\"font-size: medium;\">300 &#8211; 320 g<\/span><span style=\"font-size: larger;\"><br \/>\n<\/span><\/td>\n<\/tr>\n<tr>\n<td style=\"text-align: center;\"><span style=\"font-size: medium;\">25 &#8211; 30 kg<br \/>\n<\/span><\/td>\n<td style=\"text-align: center;\"><span style=\"font-size: medium;\">350 &#8211; 380 g<\/span><span style=\"font-size: larger;\"><br \/>\n<\/span><\/td>\n<\/tr>\n<tr>\n<td style=\"text-align: center;\"><span style=\"font-size: medium;\">35 &#8211; 40 kg<\/span><span style=\"font-size: larger;\"><br \/>\n<\/span><\/td>\n<td style=\"text-align: center;\"><span style=\"font-size: medium;\">380 &#8211; 430 g<\/span><span style=\"font-size: larger;\"><br \/>\n<\/span><\/td>\n<\/tr>\n<tr>\n<td style=\"text-align: center;\"><span style=\"font-size: medium;\">&gt;50 kg<\/span><span style=\"font-size: larger;\"><br \/>\n<\/span><\/td>\n<td style=\"text-align: center;\"><span style=\"font-size: medium;\">10 g\/kg<\/span><\/td>\n<\/tr>\n<\/tbody>\n<\/table>\n<p>&nbsp;<\/p>\n<p style=\"text-align: justify;\"><span style=\"color: #cdb458;\"><span style=\"font-size: larger;\"><strong>Verpakking<\/strong><\/span><\/span><\/p>\n<p><span style=\"font-size: medium;\">2.5 kg \u00a0 EAN 8717496486363 <\/span><br \/>\n7.5 kg \u00a0 EAN 8717496486240<\/p>\n<p>&nbsp;<\/p>\n<p style=\"text-align: justify;\"><span style=\"color: #cdb458;\"><span style=\"font-size: larger;\"><strong>Bewaaradvies<\/strong><\/span><\/span><\/p>\n<p style=\"text-align: justify;\"><span style=\"font-size: medium;\">Hoewel droogvoer niet zo snel bederft als andere soorten voedsel, is het niet oneindig lang houdbaar. Zorg er altijd voor dat u dergelijke voedingsmiddelen voor vervaldatum gebruikt. Houd het voedsel droog en bewaar het in de zak waar u het in heeft gekocht; onze zakken zijn ontworpen om vocht en luchtstroom te weerstaan. De beste manier om een grote zak met honden- of kattenvoer op te bergen is door de originele zak in een schone plastic emmer of plastic container met een veilig deksel te plaatsen. Bewaar droog voedsel niet in vochtige ruimtes, omdat vochtige omstandigheden het bederf versnellen. Rol de bovenkant van de zak altijd strak naar beneden en sluit deze af met een clip of knijper. Het wordt aan de eigenaren van huisdieren aangeraden om droge voeding te bewaren op locaties die niet warmer zijn dan 23 \u00b0C (graden Celsius). <\/span><\/p>\n<p>&nbsp;<\/p>\n<p><strong><span style=\"font-size: medium;\">\u00a0<\/span><\/strong><\/p>\n<p><span style=\"font-size: medium;\"><br \/>\n<\/span><strong><span style=\"font-size: medium;\">Een gezonde hond is een gelukkige hond.<\/span><\/strong><\/p>\n<p>&nbsp;<\/p>\n","protected":false},"excerpt":{"rendered":"<p style=\"text-align: left;\"><span style=\"color: #cdb458;\"><strong><span style=\"font-size: X-large;\">VOOR HET ONDER CONTROLE HOUDEN VAN CHRONISCHE NIERAANDOENINGEN<\/span><\/strong><\/span><\/p>\n<p style=\"text-align: left;\"><span style=\"font-size: large;\">Aangepaste Urine pH<br \/>\nLaag Natriumgehalte (Na)<br \/>\nHoog Kaliumgehalte (K)<br \/>\nLaag Fosforgehalte (P)<br \/>\nLaag Calciumgehalte (Ca)<br \/>\nLaag Magnesiumgehalte (Mg)<br \/>\nHoog Gehalte aan Zalmolie<br \/>\nOMEGA 6:3 \/ EPA+DHA<br \/>\nNatuurlijke Antioxidanten mengsel <\/span><\/p>\n","protected":false},"featured_media":2425,"comment_status":"open","ping_status":"closed","template":"","meta":{"_acf_changed":false},"product_brand":[],"product_cat":[201,175],"product_tag":[],"class_list":{"0":"post-3926","1":"product","2":"type-product","3":"status-publish","4":"has-post-thumbnail","6":"product_cat-gespecialiseerde-droogvoeding-voor-honden","7":"product_cat-pro-vet-nl","9":"first","10":"instock","11":"shipping-taxable","12":"product-type-simple"},"acf":[],"yoast_head":"<!-- This site is optimized with the Yoast SEO plugin v27.5 - https:\/\/yoast.com\/product\/yoast-seo-wordpress\/ -->\n<title>PRO-VET\u00ae Renal\/Oxalate - Prof Pet Corporation<\/title>\n<meta name=\"robots\" content=\"index, follow, max-snippet:-1, max-image-preview:large, max-video-preview:-1\" \/>\n<link rel=\"canonical\" href=\"https:\/\/www.profpetcorporation.com\/nl\/product\/pro-vet-renal-oxalate\/\" \/>\n<meta property=\"og:locale\" content=\"nl_NL\" \/>\n<meta property=\"og:type\" content=\"article\" \/>\n<meta property=\"og:title\" content=\"PRO-VET\u00ae Renal\/Oxalate - Prof Pet Corporation\" \/>\n<meta property=\"og:description\" content=\"VOOR HET ONDER CONTROLE HOUDEN VAN CHRONISCHE NIERAANDOENINGEN Aangepaste Urine pH Laag Natriumgehalte (Na) Hoog Kaliumgehalte (K) Laag Fosforgehalte (P) Laag Calciumgehalte (Ca) Laag Magnesiumgehalte (Mg) Hoog Gehalte aan Zalmolie OMEGA 6:3 \/ EPA+DHA Natuurlijke Antioxidanten mengsel\" \/>\n<meta property=\"og:url\" content=\"https:\/\/www.profpetcorporation.com\/nl\/product\/pro-vet-renal-oxalate\/\" \/>\n<meta property=\"og:site_name\" content=\"Prof Pet Corporation\" \/>\n<meta property=\"article:modified_time\" content=\"2024-11-09T13:24:21+00:00\" \/>\n<meta property=\"og:image\" content=\"https:\/\/www.profpetcorporation.com\/wp-content\/uploads\/2024\/07\/PRO-VET-RenalOxalate-25kg-scaled.jpg\" \/>\n\t<meta property=\"og:image:width\" content=\"2560\" \/>\n\t<meta property=\"og:image:height\" content=\"2560\" \/>\n\t<meta property=\"og:image:type\" content=\"image\/jpeg\" \/>\n<meta name=\"twitter:card\" content=\"summary_large_image\" \/>\n<meta name=\"twitter:label1\" content=\"Geschatte leestijd\" \/>\n\t<meta name=\"twitter:data1\" content=\"6 minuten\" \/>\n<script type=\"application\/ld+json\" class=\"yoast-schema-graph\">{\"@context\":\"https:\\\/\\\/schema.org\",\"@graph\":[{\"@type\":\"WebPage\",\"@id\":\"https:\\\/\\\/www.profpetcorporation.com\\\/nl\\\/product\\\/pro-vet-renal-oxalate\\\/\",\"url\":\"https:\\\/\\\/www.profpetcorporation.com\\\/nl\\\/product\\\/pro-vet-renal-oxalate\\\/\",\"name\":\"PRO-VET\u00ae Renal\\\/Oxalate - Prof Pet Corporation\",\"isPartOf\":{\"@id\":\"https:\\\/\\\/www.profpetcorporation.com\\\/nl\\\/#website\"},\"primaryImageOfPage\":{\"@id\":\"https:\\\/\\\/www.profpetcorporation.com\\\/nl\\\/product\\\/pro-vet-renal-oxalate\\\/#primaryimage\"},\"image\":{\"@id\":\"https:\\\/\\\/www.profpetcorporation.com\\\/nl\\\/product\\\/pro-vet-renal-oxalate\\\/#primaryimage\"},\"thumbnailUrl\":\"https:\\\/\\\/www.profpetcorporation.com\\\/wp-content\\\/uploads\\\/2024\\\/07\\\/PRO-VET-RenalOxalate-25kg-scaled.jpg\",\"datePublished\":\"2024-07-10T19:13:30+00:00\",\"dateModified\":\"2024-11-09T13:24:21+00:00\",\"breadcrumb\":{\"@id\":\"https:\\\/\\\/www.profpetcorporation.com\\\/nl\\\/product\\\/pro-vet-renal-oxalate\\\/#breadcrumb\"},\"inLanguage\":\"nl-NL\",\"potentialAction\":[{\"@type\":\"ReadAction\",\"target\":[\"https:\\\/\\\/www.profpetcorporation.com\\\/nl\\\/product\\\/pro-vet-renal-oxalate\\\/\"]}]},{\"@type\":\"ImageObject\",\"inLanguage\":\"nl-NL\",\"@id\":\"https:\\\/\\\/www.profpetcorporation.com\\\/nl\\\/product\\\/pro-vet-renal-oxalate\\\/#primaryimage\",\"url\":\"https:\\\/\\\/www.profpetcorporation.com\\\/wp-content\\\/uploads\\\/2024\\\/07\\\/PRO-VET-RenalOxalate-25kg-scaled.jpg\",\"contentUrl\":\"https:\\\/\\\/www.profpetcorporation.com\\\/wp-content\\\/uploads\\\/2024\\\/07\\\/PRO-VET-RenalOxalate-25kg-scaled.jpg\",\"width\":2560,\"height\":2560},{\"@type\":\"BreadcrumbList\",\"@id\":\"https:\\\/\\\/www.profpetcorporation.com\\\/nl\\\/product\\\/pro-vet-renal-oxalate\\\/#breadcrumb\",\"itemListElement\":[{\"@type\":\"ListItem\",\"position\":1,\"name\":\"Home\",\"item\":\"https:\\\/\\\/www.profpetcorporation.com\\\/nl\\\/\"},{\"@type\":\"ListItem\",\"position\":2,\"name\":\"Winkel\",\"item\":\"https:\\\/\\\/www.profpetcorporation.com\\\/shop\\\/\"},{\"@type\":\"ListItem\",\"position\":3,\"name\":\"PRO-VET\u00ae\",\"item\":\"https:\\\/\\\/www.profpetcorporation.com\\\/nl\\\/merken\\\/pro-vet-nl\\\/\"},{\"@type\":\"ListItem\",\"position\":4,\"name\":\"PRO-VET\u00ae Renal\\\/Oxalate\"}]},{\"@type\":\"WebSite\",\"@id\":\"https:\\\/\\\/www.profpetcorporation.com\\\/nl\\\/#website\",\"url\":\"https:\\\/\\\/www.profpetcorporation.com\\\/nl\\\/\",\"name\":\"Prof Pet Corporation\",\"description\":\"\",\"potentialAction\":[{\"@type\":\"SearchAction\",\"target\":{\"@type\":\"EntryPoint\",\"urlTemplate\":\"https:\\\/\\\/www.profpetcorporation.com\\\/nl\\\/?s={search_term_string}\"},\"query-input\":{\"@type\":\"PropertyValueSpecification\",\"valueRequired\":true,\"valueName\":\"search_term_string\"}}],\"inLanguage\":\"nl-NL\"}]}<\/script>\n<!-- \/ Yoast SEO plugin. -->","yoast_head_json":{"title":"PRO-VET\u00ae Renal\/Oxalate - Prof Pet Corporation","robots":{"index":"index","follow":"follow","max-snippet":"max-snippet:-1","max-image-preview":"max-image-preview:large","max-video-preview":"max-video-preview:-1"},"canonical":"https:\/\/www.profpetcorporation.com\/nl\/product\/pro-vet-renal-oxalate\/","og_locale":"nl_NL","og_type":"article","og_title":"PRO-VET\u00ae Renal\/Oxalate - Prof Pet Corporation","og_description":"VOOR HET ONDER CONTROLE HOUDEN VAN CHRONISCHE NIERAANDOENINGEN Aangepaste Urine pH Laag Natriumgehalte (Na) Hoog Kaliumgehalte (K) Laag Fosforgehalte (P) Laag Calciumgehalte (Ca) Laag Magnesiumgehalte (Mg) Hoog Gehalte aan Zalmolie OMEGA 6:3 \/ EPA+DHA Natuurlijke Antioxidanten mengsel","og_url":"https:\/\/www.profpetcorporation.com\/nl\/product\/pro-vet-renal-oxalate\/","og_site_name":"Prof Pet Corporation","article_modified_time":"2024-11-09T13:24:21+00:00","og_image":[{"width":2560,"height":2560,"url":"https:\/\/www.profpetcorporation.com\/wp-content\/uploads\/2024\/07\/PRO-VET-RenalOxalate-25kg-scaled.jpg","type":"image\/jpeg"}],"twitter_card":"summary_large_image","twitter_misc":{"Geschatte leestijd":"6 minuten"},"schema":{"@context":"https:\/\/schema.org","@graph":[{"@type":"WebPage","@id":"https:\/\/www.profpetcorporation.com\/nl\/product\/pro-vet-renal-oxalate\/","url":"https:\/\/www.profpetcorporation.com\/nl\/product\/pro-vet-renal-oxalate\/","name":"PRO-VET\u00ae Renal\/Oxalate - Prof Pet Corporation","isPartOf":{"@id":"https:\/\/www.profpetcorporation.com\/nl\/#website"},"primaryImageOfPage":{"@id":"https:\/\/www.profpetcorporation.com\/nl\/product\/pro-vet-renal-oxalate\/#primaryimage"},"image":{"@id":"https:\/\/www.profpetcorporation.com\/nl\/product\/pro-vet-renal-oxalate\/#primaryimage"},"thumbnailUrl":"https:\/\/www.profpetcorporation.com\/wp-content\/uploads\/2024\/07\/PRO-VET-RenalOxalate-25kg-scaled.jpg","datePublished":"2024-07-10T19:13:30+00:00","dateModified":"2024-11-09T13:24:21+00:00","breadcrumb":{"@id":"https:\/\/www.profpetcorporation.com\/nl\/product\/pro-vet-renal-oxalate\/#breadcrumb"},"inLanguage":"nl-NL","potentialAction":[{"@type":"ReadAction","target":["https:\/\/www.profpetcorporation.com\/nl\/product\/pro-vet-renal-oxalate\/"]}]},{"@type":"ImageObject","inLanguage":"nl-NL","@id":"https:\/\/www.profpetcorporation.com\/nl\/product\/pro-vet-renal-oxalate\/#primaryimage","url":"https:\/\/www.profpetcorporation.com\/wp-content\/uploads\/2024\/07\/PRO-VET-RenalOxalate-25kg-scaled.jpg","contentUrl":"https:\/\/www.profpetcorporation.com\/wp-content\/uploads\/2024\/07\/PRO-VET-RenalOxalate-25kg-scaled.jpg","width":2560,"height":2560},{"@type":"BreadcrumbList","@id":"https:\/\/www.profpetcorporation.com\/nl\/product\/pro-vet-renal-oxalate\/#breadcrumb","itemListElement":[{"@type":"ListItem","position":1,"name":"Home","item":"https:\/\/www.profpetcorporation.com\/nl\/"},{"@type":"ListItem","position":2,"name":"Winkel","item":"https:\/\/www.profpetcorporation.com\/shop\/"},{"@type":"ListItem","position":3,"name":"PRO-VET\u00ae","item":"https:\/\/www.profpetcorporation.com\/nl\/merken\/pro-vet-nl\/"},{"@type":"ListItem","position":4,"name":"PRO-VET\u00ae Renal\/Oxalate"}]},{"@type":"WebSite","@id":"https:\/\/www.profpetcorporation.com\/nl\/#website","url":"https:\/\/www.profpetcorporation.com\/nl\/","name":"Prof Pet Corporation","description":"","potentialAction":[{"@type":"SearchAction","target":{"@type":"EntryPoint","urlTemplate":"https:\/\/www.profpetcorporation.com\/nl\/?s={search_term_string}"},"query-input":{"@type":"PropertyValueSpecification","valueRequired":true,"valueName":"search_term_string"}}],"inLanguage":"nl-NL"}]}},"_links":{"self":[{"href":"https:\/\/www.profpetcorporation.com\/nl\/wp-json\/wp\/v2\/product\/3926","targetHints":{"allow":["GET"]}}],"collection":[{"href":"https:\/\/www.profpetcorporation.com\/nl\/wp-json\/wp\/v2\/product"}],"about":[{"href":"https:\/\/www.profpetcorporation.com\/nl\/wp-json\/wp\/v2\/types\/product"}],"replies":[{"embeddable":true,"href":"https:\/\/www.profpetcorporation.com\/nl\/wp-json\/wp\/v2\/comments?post=3926"}],"wp:featuredmedia":[{"embeddable":true,"href":"https:\/\/www.profpetcorporation.com\/nl\/wp-json\/wp\/v2\/media\/2425"}],"wp:attachment":[{"href":"https:\/\/www.profpetcorporation.com\/nl\/wp-json\/wp\/v2\/media?parent=3926"}],"wp:term":[{"taxonomy":"product_brand","embeddable":true,"href":"https:\/\/www.profpetcorporation.com\/nl\/wp-json\/wp\/v2\/product_brand?post=3926"},{"taxonomy":"product_cat","embeddable":true,"href":"https:\/\/www.profpetcorporation.com\/nl\/wp-json\/wp\/v2\/product_cat?post=3926"},{"taxonomy":"product_tag","embeddable":true,"href":"https:\/\/www.profpetcorporation.com\/nl\/wp-json\/wp\/v2\/product_tag?post=3926"}],"curies":[{"name":"wp","href":"https:\/\/api.w.org\/{rel}","templated":true}]}}