{"id":3924,"date":"2024-07-10T19:08:33","date_gmt":"2024-07-10T19:08:33","guid":{"rendered":"https:\/\/profpetcorporation.previewready.nl\/?post_type=product&#038;p=3924"},"modified":"2024-11-09T13:25:13","modified_gmt":"2024-11-09T13:25:13","slug":"pro-vet-hepatic","status":"publish","type":"product","link":"https:\/\/www.profpetcorporation.com\/nl\/product\/pro-vet-hepatic\/","title":{"rendered":"PRO-VET\u00ae Hepatic"},"content":{"rendered":"<p style=\"text-align: justify;\"><span style=\"color: #6040c6;\"><span style=\"font-size: larger;\"><strong>Indicatie<\/strong><\/span><\/span><\/p>\n<p style=\"text-align: justify;\"><span style=\"font-size: medium;\"><strong>PRO-VET<\/strong>\u00ae<strong> Hepatic<\/strong> <strong>compleet en gebalanceerd gespecialiseerde droog diervoeder voor honden van alle rassen ter ondersteuning van de leverfunctie bij acute en chronische leverinsuffici\u00ebntie; tevens geschikt ter vermindering van cystine- en uraatsteenvorming.<\/strong><\/span><\/p>\n<p style=\"text-align: justify;\"><span style=\"font-size: medium;\">Leverfalen (leverinsuffici\u00ebntie) is een ernstige verslechtering van de leverfuncties. Dit kan plotseling ontstaan (acuut leverfalen) of zich over langere tijd ontwikkelen (chronisch leverfalen). De basis voor de ontwikkeling van acuut leverfalen is een schending van de compenserende vermogens en functies van de lever. De oorzaak hiervan kan erfelijk zijn, zoals een erfelijke koperstapeling in de lever, maar kan ook door een virale infectie komen.<\/span><\/p>\n<p style=\"text-align: justify;\"><span style=\"font-size: medium;\">Een tijdige diagnose van acuut leverfalen kan met een juiste behandeling worden genezen. Bij chronisch leverfalen kan alleen de huidige staat van de lever ondersteund worden om verdere verslechtering van de leverfuncties te voorkomen of te vertragen, maar kan de ziekte niet genezen worden.<\/span><\/p>\n<p style=\"text-align: justify;\"><strong>PRO-VET<\/strong>\u00ae<strong> Hepatic<\/strong><span style=\"font-size: medium;\">\u00a0is een natrium- en eiwitarm dieet voor pati\u00ebnten onder behandeling of in herstellende perioden, en kan ook als preventief dieet worden ingenomen om een \u200b\u200bgezonde leverfunctie te beschermen.<\/span><\/p>\n<p style=\"text-align: justify;\"><span style=\"font-size: medium;\">Door zijn laag eiwit- en purinegehalte en aangepaste pH is\u00a0<strong>PRO-VET<\/strong>\u00ae<strong> Hepatic<\/strong> ook bij uitstek geschikt voor honden die lijden aan cystine en uraatstenen.<\/span><\/p>\n<p>&nbsp;<\/p>\n<p style=\"text-align: justify;\"><span style=\"color: #6040c6;\"><span style=\"font-size: larger;\"><strong>Effectiviteiten<\/strong><\/span><\/span><\/p>\n<table border=\"1\" width=\"550\" cellspacing=\"1\" cellpadding=\"1\">\n<tbody>\n<tr>\n<td valign=\"top\" width=\"220\"><span style=\"font-size: medium;\"><strong>KENMERK<\/strong><\/span><\/td>\n<td valign=\"top\"><span style=\"font-size: medium;\"><strong>EFFECT<\/strong><\/span><\/td>\n<\/tr>\n<tr>\n<td valign=\"top\" width=\"220\"><span style=\"font-size: medium;\">Laag eiwitgehalte<\/span><\/td>\n<td valign=\"top\"><span style=\"font-size: medium;\">Vermindert de vorming van ammoniak in de lever en helpt het risico op hepatische encephalopathie verlagen. Heeft een positieve invloed op de vermindering van de ontwikkeling van cystine- en uraatsteenvorming.<\/span><\/td>\n<\/tr>\n<tr>\n<td valign=\"top\" width=\"220\"><span style=\"font-size: medium;\">Hoog gehalte aan fermenteerbare vezels<\/span><\/td>\n<td valign=\"top\"><span style=\"font-size: medium;\">Stimuleert in de dikke darm de binding van bacteri\u00ebn aan stikstof, waardoor minder ammoniak gevormd kan worden en de leverfunctie ondersteunt wordt.<\/span><\/td>\n<\/tr>\n<tr>\n<td valign=\"top\" width=\"220\"><span style=\"font-size: medium;\">Aangepaste urine pH 6.7, laag gehalte aan purine<\/span><\/td>\n<td valign=\"top\"><span style=\"font-size: medium;\">Werkt preventief ter voorkoming van uraat- en cystinesteenvorming. Vermindert de ontwikkeling van acidose.<\/span><\/td>\n<\/tr>\n<tr>\n<td valign=\"top\" width=\"220\"><span style=\"font-size: medium;\">Laag natriumgehalte (Na)<\/span><span style=\"font-size: larger;\"><br \/>\n<\/span><\/td>\n<td valign=\"top\"><span style=\"font-size: medium;\">Bestrijdt verhoging van bloeddruk in verband met nierfalen.<\/span><\/td>\n<\/tr>\n<tr>\n<td valign=\"top\" width=\"220\"><span style=\"font-size: medium;\">Laag kopergehalte (Cu)<\/span><span style=\"font-size: larger;\"><br \/>\n<\/span><\/td>\n<td valign=\"top\"><span style=\"font-size: medium;\">Vermindert koperstapeling in levercellen en ondersteunt daardoor de leverfunctie.<\/span><\/td>\n<\/tr>\n<tr>\n<td valign=\"top\" width=\"220\"><span style=\"font-size: medium;\">Toevoegde L-Carnitine<br \/>\n<\/span><\/td>\n<td valign=\"top\"><span style=\"font-size: medium;\">Stimuleert het gebruik van lipiden door de lever en zorgt voor een hoge energiebehoefte van dit orgaan. PRO-VET<span style=\"font-size: smaller;\"><sup><span style=\"color: #ffffff;\">.<\/span>\u00ae<\/sup><\/span> Hepatic bevat L-Carnitine van 300 mg\/kg<\/span><\/td>\n<\/tr>\n<tr>\n<td valign=\"top\" width=\"220\"><span style=\"font-size: medium;\">Extra hoog gehalte aan natuurlijke antioxidanten. <\/span><\/td>\n<td valign=\"top\"><span style=\"font-size: medium;\">Stimulatie van immuunfunctie. Verbetering van de huidconditie met atopische dermatitis.\u00a0 Vermindert de vorming van vrije radicalen.<\/span><\/td>\n<\/tr>\n<\/tbody>\n<\/table>\n<p>&nbsp;<\/p>\n<p style=\"text-align: justify;\"><span style=\"color: #6040c6;\"><span style=\"font-size: larger;\"><strong>Samenstelling<\/strong><\/span><\/span><\/p>\n<p style=\"text-align: justify;\"><span style=\"font-size: medium;\">rijst, jonge ma\u00efs, gevogeltevet, bietenpulp, gedehydreerd gevogelte, parelgerst, ma\u00efsgluten, premium Noorse pure zalmolie, gehydrolyseerde kippeneiwit, gedroogde appel, gedroogde johannesbrood.<\/span><\/p>\n<p style=\"text-align: justify;\"><strong><span style=\"font-size: medium;\">Antioxidanten:<\/span><\/strong><span style=\"font-size: medium;\"> Verrijkt met oxidatie tegengaande stof, sterk tocopherol-houdend extract (vitamine E) van natuurlijke oorsprong (van plantaardige oli\u00ebn). PRO-VET<\/span><span style=\"font-size: medium;\">\u00ae<strong>\u00a0<\/strong> producten voldoen aan de standaarden van AAFCO, NRC en FEDIAF. Bevat g\u00e9\u00e9n kunstmatige smaakstoffen of kleurstoffen.\u00a0<\/span><\/p>\n<p>&nbsp;<\/p>\n<p style=\"text-align: justify;\"><span style=\"color: #6040c6;\"><span style=\"font-size: larger;\"><strong>Analyse<\/strong><\/span><\/span><\/p>\n<table border=\"0\" width=\"550\" cellspacing=\"1\" cellpadding=\"1\">\n<tbody>\n<tr>\n<td valign=\"top\"><span style=\"font-size: medium;\"><strong>Analytische<br \/>\nbestanddelen\/kg<\/strong><\/span><\/td>\n<td valign=\"top\"><span style=\"font-size: medium;\">\u00a0<\/span><\/td>\n<td valign=\"top\"><span style=\"font-size: medium;\"><strong>Nutritionele<br \/>\ntoevoegingsmiddelen\/kg<\/strong><\/span><\/td>\n<td valign=\"top\"><\/td>\n<\/tr>\n<tr>\n<td valign=\"top\"><span style=\"font-size: medium;\">Vocht<br \/>\nRuwe prote\u00efne<br \/>\nRuw vet<br \/>\nRuwe as<br \/>\nRuw vezel<br \/>\nCalcium (Ca)<br \/>\nFosfor (P)<br \/>\nNatrium (Na)<br \/>\nMagnesium (Mg)<br \/>\nKalium (K)<br \/>\nChloride (Cl)<br \/>\nZwavel (S)<br \/>\nLysine<br \/>\nMethionine<br \/>\nCystine<br \/>\nTreonine<br \/>\nTryptophaan<br \/>\nLinolzuur (\u03c96)<br \/>\nLinoleenzuur (\u03c93)<br \/>\nArachidonzuur (\u03c96)<br \/>\nEPA (\u03c93)<br \/>\neicosapentaeenzuur<br \/>\nDHA (\u03c93)<br \/>\ndocosahexaeenzuur<br \/>\nKoolhydraten<br \/>\n<\/span><\/td>\n<td valign=\"top\"><span style=\"font-size: medium;\">8.00%<br \/>\n15.0 %<br \/>\n17.5 %<br \/>\n3.60 %<br \/>\n3.10 %<br \/>\n0.50 %<br \/>\n0.50 %<br \/>\n0.10 %<br \/>\n1.00 g<br \/>\n6.00 g<br \/>\n3.10 g<br \/>\n1.50 g<br \/>\n10.6 g<br \/>\n3.20 g<br \/>\n2.40 g<br \/>\n5.20 g<br \/>\n1.40 g<br \/>\n32.0 g<br \/>\n3.40 g<br \/>\n1.00 g<br \/>\n4.00 g<br \/>\n<\/span><br \/>\n5.20 g<br \/>\n<span style=\"color: #f2f3f0;\">Y<\/span><br \/>\n51.6 %<\/td>\n<td valign=\"top\"><span style=\"font-size: medium;\">Vitamine A<br \/>\nVitamine D3<br \/>\nVitamine E<br \/>\nVitamine EK3<br \/>\nVitamine B1<br \/>\nVitamine B2<br \/>\nVitamine B6<br \/>\nVitamine B12<br \/>\nBiotine (Vitamine H)<br \/>\nCholine<br \/>\nFoliumzuur<br \/>\nCalcium pantothenate<br \/>\nTotaal Vitamine D3<br \/>\nTotaal Koper (Cu)<br \/>\n<\/span><\/td>\n<td valign=\"top\"><span style=\"font-size: medium;\">18.500 IE<br \/>\n1.700 IE<br \/>\n650 mg<br \/>\n0.60 mg<br \/>\n7.50 mg<br \/>\n6.40 mg<br \/>\n4.50 mg<br \/>\n34.0 \u03bcg<br \/>\n170 \u03bcg<br \/>\n600 mg<br \/>\n3.40 mg<br \/>\n17.0 mg<br \/>\n2.000 IE<\/span><span style=\"font-size: larger;\"><br \/>\n<span style=\"font-size: medium;\">9.00 mg <\/span><br \/>\n<\/span><\/td>\n<\/tr>\n<\/tbody>\n<\/table>\n<p><span style=\"font-size: medium;\"><strong>Energie 4158 Kcal\/kg <\/strong> <strong>[17.41 MJ\/kg]<br \/>\nurine pH = ca 6,7<\/strong> <\/span><\/p>\n<p><strong><span style=\"font-size: medium;\">Vitaminen:<\/span><\/strong><span style=\"font-size: medium;\"><br \/>\nVitamine A (retinylacetaat)<br \/>\nVitamine D3 (cholecalciferol)<br \/>\nVitamine E (all-rac-\u0430lfa-tocoferolacetaat)<br \/>\nVitamine K3 (menadione nicotinamide bisulfite)<\/span><\/p>\n<p><strong><span style=\"font-size: medium;\">Spoorelementen\/kg:<\/span><\/strong><span style=\"font-size: medium;\"><br \/>\nIjzer (Fe) (ijzer-(II)-sulfaat monohydraat) 50 mg<br \/>\nMangaan (Mn) (mangaan-(II)-oxide) 35 mg<br \/>\nZink (Zn) (zink-(II)-sulfaat monohydraat) 65 mg<br \/>\nJodium (I) (calciumjodaat, watervrij) 1.50 mg<br \/>\n<\/span><\/p>\n<p><strong><span style=\"font-size: medium;\">Technologische additieven\/kg:<\/span><\/strong><span style=\"font-size: medium;\"><br \/>\nLecithine 3.0 g <\/span><\/p>\n<p><strong><span style=\"font-size: medium;\">Overige nutritionele toevoegingsmiddelen\/kg:<\/span><\/strong><span style=\"font-size: medium;\"><br \/>\nL-Lysine 3.700 mg<br \/>\nDL-Methionine 2.500 mg<br \/>\nL-Carnitine 100 mg<br \/>\n\u00df-caroteen 100 mg<br \/>\nTaurine 1.200 mg<\/span><\/p>\n<p>&nbsp;<\/p>\n<p style=\"text-align: justify;\"><span style=\"color: #6040c6;\"><span style=\"font-size: larger;\"><strong>Gebruiksaanwijzing<\/strong><\/span><\/span><\/p>\n<p>De brokken zijn klaar om zo gegeten te worden. Zorgt u ervoor dat uw hond altijd vers en beschikbaar drinkwater heeft. Maak voer- en waterbak regelmatig schoon. <strong>Voedingsrichtlijn: <\/strong>Omdat elke hond een andere voedingsbehoefte heeft, moeten de aanbevolen hoeveelheden op de verpakking als leidraad worden gebruikt. De dagelijkse voedingsbehoefte van een hond is namelijk afhankelijk van factoren zoals ras, activiteitenniveau, spijsvertering, leeftijd en omgeving. De dagelijkse portie kan het beste over twee maaltijden worden verdeeld.<\/p>\n<p><span style=\"font-size: medium;\"><em>U kunt v\u00f3\u00f3r gebruik of v\u00f3\u00f3r verlenging van de gebruiksduur een dierenarts raadplegen. De aanbevolen gebruiksduur ter ondersteuning van de Leverfunctie: aanvankelijk ten hoogste zes (6) maanden*<br \/>\nbij Uraat: ten hoogste zes (6) maanden, maar levenslang bij blijvende verstoring van het urinezuurmetabolisme*<br \/>\nbij Cystine: aanvankelijk ten hoogste twaalf (12) maanden*<\/em><\/span><\/p>\n<p>&nbsp;<\/p>\n<p style=\"text-align: justify;\"><span style=\"color: #6040c6;\"><span style=\"font-size: larger;\"><strong>Voedingsschema<\/strong><\/span><\/span><\/p>\n<table border=\"1\" width=\"300\" cellspacing=\"1\" cellpadding=\"1\">\n<tbody>\n<tr>\n<td style=\"text-align: center;\"><span style=\"font-size: medium;\">Lichaamsgewicht<\/span><\/td>\n<td style=\"text-align: center;\"><span style=\"font-size: medium;\">Dagelijkse portie<\/span><\/td>\n<\/tr>\n<tr>\n<td style=\"text-align: center;\"><span style=\"font-size: medium;\">1- 3 kg<br \/>\n<\/span><\/td>\n<td style=\"text-align: center;\"><span style=\"font-size: medium;\">40 &#8211; 55 g<\/span><span style=\"font-size: larger;\"><br \/>\n<\/span><\/td>\n<\/tr>\n<tr>\n<td style=\"text-align: center;\"><span style=\"font-size: medium;\">3 &#8211; 5 kg<br \/>\n<\/span><\/td>\n<td style=\"text-align: center;\"><span style=\"font-size: medium;\">60 &#8211; 130 g<\/span><span style=\"font-size: larger;\"><br \/>\n<\/span><\/td>\n<\/tr>\n<tr>\n<td style=\"text-align: center;\"><span style=\"font-size: medium;\">5 &#8211; 10 kg<br \/>\n<\/span><\/td>\n<td style=\"text-align: center;\"><span style=\"font-size: medium;\">150 &#8211; 210 g<\/span><span style=\"font-size: larger;\"><br \/>\n<\/span><\/td>\n<\/tr>\n<tr>\n<td style=\"text-align: center;\"><span style=\"font-size: medium;\">10 &#8211; 15 kg<br \/>\n<\/span><\/td>\n<td style=\"text-align: center;\"><span style=\"font-size: medium;\">210 &#8211; 300 g<\/span><span style=\"font-size: larger;\"><br \/>\n<\/span><\/td>\n<\/tr>\n<tr>\n<td style=\"text-align: center;\"><span style=\"font-size: medium;\">15 &#8211; 20 kg<br \/>\n<\/span><\/td>\n<td style=\"text-align: center;\"><span style=\"font-size: medium;\">300 &#8211; 320 g<\/span><span style=\"font-size: larger;\"><br \/>\n<\/span><\/td>\n<\/tr>\n<tr>\n<td style=\"text-align: center;\"><span style=\"font-size: medium;\">25 &#8211; 30 kg<br \/>\n<\/span><\/td>\n<td style=\"text-align: center;\"><span style=\"font-size: medium;\">350 &#8211; 380 g<\/span><span style=\"font-size: larger;\"><br \/>\n<\/span><\/td>\n<\/tr>\n<tr>\n<td style=\"text-align: center;\"><span style=\"font-size: medium;\">35 &#8211; 40 kg<\/span><span style=\"font-size: larger;\"><br \/>\n<\/span><\/td>\n<td style=\"text-align: center;\"><span style=\"font-size: medium;\">380 &#8211; 430 g<\/span><span style=\"font-size: larger;\"><br \/>\n<\/span><\/td>\n<\/tr>\n<tr>\n<td style=\"text-align: center;\"><span style=\"font-size: medium;\">&gt;50 kg<\/span><span style=\"font-size: larger;\"><br \/>\n<\/span><\/td>\n<td style=\"text-align: center;\"><span style=\"font-size: medium;\">10 g\/kg<\/span><\/td>\n<\/tr>\n<\/tbody>\n<\/table>\n<p>&nbsp;<\/p>\n<p style=\"text-align: justify;\"><span style=\"color: #6040c6;\"><span style=\"font-size: larger;\"><strong>Verpakking<\/strong><\/span><\/span><\/p>\n<p><span style=\"font-size: medium;\">2.5 kg \u00a0 EAN 8717496486356 <\/span><br \/>\n7.5 kg \u00a0 EAN 8717496486264<\/p>\n<p>&nbsp;<\/p>\n<p style=\"text-align: justify;\"><span style=\"color: #6040c6;\"><span style=\"font-size: larger;\"><strong>Bewaaradvies<\/strong><\/span><\/span><\/p>\n<p style=\"text-align: justify;\"><span style=\"font-size: medium;\">Hoewel droogvoer niet zo snel bederft als andere soorten voedsel, is het niet oneindig lang houdbaar. Zorg er altijd voor dat u dergelijke voedingsmiddelen voor vervaldatum gebruikt. Houd het voedsel droog en bewaar het in de zak waar u het in heeft gekocht; onze zakken zijn ontworpen om vocht en luchtstroom te weerstaan. De beste manier om een grote zak met honden- of kattenvoer op te bergen is door de originele zak in een schone plastic emmer of plastic container met een veilig deksel te plaatsen. Bewaar droog voedsel niet in vochtige ruimtes, omdat vochtige omstandigheden het bederf versnellen. Rol de bovenkant van de zak altijd strak naar beneden en sluit deze af met een clip of knijper. Het wordt aan de eigenaren van huisdieren aangeraden om droge voeding te bewaren op locaties die niet warmer zijn dan 23 \u00b0C (graden Celsius). <\/span><\/p>\n<p>&nbsp;<\/p>\n<p><strong><span style=\"font-size: medium;\">\u00a0<\/span><\/strong><\/p>\n<p><span style=\"font-size: medium;\"><br \/>\n<\/span><strong><span style=\"font-size: medium;\">Een gezonde hond is een gelukkige hond.<\/span><\/strong><\/p>\n<p>&nbsp;<\/p>\n","protected":false},"excerpt":{"rendered":"<p style=\"text-align: left;\"><span style=\"color: #6040c6;\"><strong><span style=\"font-size: X-large;\">ONDERSTEUNT DE LEVERFUNCTIE BIJ CHRONISCHE LEVERINSUFFICI\u00cbNTIE, VERMINDERT CYSTEINE-\u00a0 EN URAATSTEENVORMING<\/span><\/strong><\/span><\/p>\n<p style=\"text-align: left;\"><span style=\"font-size: large;\">Laag Eiwitgehalte<br \/>\nRijk aan Fermenteerbare Vezels<br \/>\nAangepaste Urine pH 6.7<br \/>\nLaag gehalte aan purine<br \/>\nLaag Kopergehalte (Cu)<br \/>\nLaag Natriumgehalte (Na)<br \/>\nHoog Essenti\u00eble Vetzuren Gehalte<br \/>\nOMEGA 6:3 \/ EPA+DHA<br \/>\nRijk aan Natuurlijke Antioxidanten<br \/>\n<\/span><\/p>\n","protected":false},"featured_media":2477,"comment_status":"open","ping_status":"closed","template":"","meta":{"_acf_changed":false},"product_brand":[],"product_cat":[201,175],"product_tag":[],"class_list":{"0":"post-3924","1":"product","2":"type-product","3":"status-publish","4":"has-post-thumbnail","6":"product_cat-gespecialiseerde-droogvoeding-voor-honden","7":"product_cat-pro-vet-nl","9":"first","10":"instock","11":"shipping-taxable","12":"product-type-simple"},"acf":[],"yoast_head":"<!-- This site is optimized with the Yoast SEO plugin v27.3 - https:\/\/yoast.com\/product\/yoast-seo-wordpress\/ -->\n<title>PRO-VET\u00ae Hepatic - Prof Pet Corporation<\/title>\n<meta name=\"robots\" content=\"index, follow, max-snippet:-1, max-image-preview:large, max-video-preview:-1\" \/>\n<link rel=\"canonical\" href=\"https:\/\/www.profpetcorporation.com\/nl\/product\/pro-vet-hepatic\/\" \/>\n<meta property=\"og:locale\" content=\"nl_NL\" \/>\n<meta property=\"og:type\" content=\"article\" \/>\n<meta property=\"og:title\" content=\"PRO-VET\u00ae Hepatic - Prof Pet Corporation\" \/>\n<meta property=\"og:description\" content=\"ONDERSTEUNT DE LEVERFUNCTIE BIJ CHRONISCHE LEVERINSUFFICI\u00cbNTIE, VERMINDERT CYSTEINE-\u00a0 EN URAATSTEENVORMING Laag Eiwitgehalte Rijk aan Fermenteerbare Vezels Aangepaste Urine pH 6.7 Laag gehalte aan purine Laag Kopergehalte (Cu) Laag Natriumgehalte (Na) Hoog Essenti\u00eble Vetzuren Gehalte OMEGA 6:3 \/ EPA+DHA Rijk aan Natuurlijke Antioxidanten\" \/>\n<meta property=\"og:url\" content=\"https:\/\/www.profpetcorporation.com\/nl\/product\/pro-vet-hepatic\/\" \/>\n<meta property=\"og:site_name\" content=\"Prof Pet Corporation\" \/>\n<meta property=\"article:modified_time\" content=\"2024-11-09T13:25:13+00:00\" \/>\n<meta property=\"og:image\" content=\"https:\/\/www.profpetcorporation.com\/wp-content\/uploads\/2024\/07\/PRO-VET-Hepatic-25kg-scaled.jpg\" \/>\n\t<meta property=\"og:image:width\" content=\"2560\" \/>\n\t<meta property=\"og:image:height\" content=\"2560\" \/>\n\t<meta property=\"og:image:type\" content=\"image\/jpeg\" \/>\n<meta name=\"twitter:card\" content=\"summary_large_image\" \/>\n<meta name=\"twitter:label1\" content=\"Geschatte leestijd\" \/>\n\t<meta name=\"twitter:data1\" content=\"5 minuten\" \/>\n<script type=\"application\/ld+json\" class=\"yoast-schema-graph\">{\"@context\":\"https:\\\/\\\/schema.org\",\"@graph\":[{\"@type\":\"WebPage\",\"@id\":\"https:\\\/\\\/www.profpetcorporation.com\\\/nl\\\/product\\\/pro-vet-hepatic\\\/\",\"url\":\"https:\\\/\\\/www.profpetcorporation.com\\\/nl\\\/product\\\/pro-vet-hepatic\\\/\",\"name\":\"PRO-VET\u00ae Hepatic - Prof Pet Corporation\",\"isPartOf\":{\"@id\":\"https:\\\/\\\/www.profpetcorporation.com\\\/nl\\\/#website\"},\"primaryImageOfPage\":{\"@id\":\"https:\\\/\\\/www.profpetcorporation.com\\\/nl\\\/product\\\/pro-vet-hepatic\\\/#primaryimage\"},\"image\":{\"@id\":\"https:\\\/\\\/www.profpetcorporation.com\\\/nl\\\/product\\\/pro-vet-hepatic\\\/#primaryimage\"},\"thumbnailUrl\":\"https:\\\/\\\/www.profpetcorporation.com\\\/wp-content\\\/uploads\\\/2024\\\/07\\\/PRO-VET-Hepatic-25kg-scaled.jpg\",\"datePublished\":\"2024-07-10T19:08:33+00:00\",\"dateModified\":\"2024-11-09T13:25:13+00:00\",\"breadcrumb\":{\"@id\":\"https:\\\/\\\/www.profpetcorporation.com\\\/nl\\\/product\\\/pro-vet-hepatic\\\/#breadcrumb\"},\"inLanguage\":\"nl-NL\",\"potentialAction\":[{\"@type\":\"ReadAction\",\"target\":[\"https:\\\/\\\/www.profpetcorporation.com\\\/nl\\\/product\\\/pro-vet-hepatic\\\/\"]}]},{\"@type\":\"ImageObject\",\"inLanguage\":\"nl-NL\",\"@id\":\"https:\\\/\\\/www.profpetcorporation.com\\\/nl\\\/product\\\/pro-vet-hepatic\\\/#primaryimage\",\"url\":\"https:\\\/\\\/www.profpetcorporation.com\\\/wp-content\\\/uploads\\\/2024\\\/07\\\/PRO-VET-Hepatic-25kg-scaled.jpg\",\"contentUrl\":\"https:\\\/\\\/www.profpetcorporation.com\\\/wp-content\\\/uploads\\\/2024\\\/07\\\/PRO-VET-Hepatic-25kg-scaled.jpg\",\"width\":2560,\"height\":2560},{\"@type\":\"BreadcrumbList\",\"@id\":\"https:\\\/\\\/www.profpetcorporation.com\\\/nl\\\/product\\\/pro-vet-hepatic\\\/#breadcrumb\",\"itemListElement\":[{\"@type\":\"ListItem\",\"position\":1,\"name\":\"Home\",\"item\":\"https:\\\/\\\/www.profpetcorporation.com\\\/nl\\\/\"},{\"@type\":\"ListItem\",\"position\":2,\"name\":\"Winkel\",\"item\":\"https:\\\/\\\/www.profpetcorporation.com\\\/shop\\\/\"},{\"@type\":\"ListItem\",\"position\":3,\"name\":\"PRO-VET\u00ae\",\"item\":\"https:\\\/\\\/www.profpetcorporation.com\\\/nl\\\/merken\\\/pro-vet-nl\\\/\"},{\"@type\":\"ListItem\",\"position\":4,\"name\":\"PRO-VET\u00ae Hepatic\"}]},{\"@type\":\"WebSite\",\"@id\":\"https:\\\/\\\/www.profpetcorporation.com\\\/nl\\\/#website\",\"url\":\"https:\\\/\\\/www.profpetcorporation.com\\\/nl\\\/\",\"name\":\"Prof Pet Corporation\",\"description\":\"\",\"potentialAction\":[{\"@type\":\"SearchAction\",\"target\":{\"@type\":\"EntryPoint\",\"urlTemplate\":\"https:\\\/\\\/www.profpetcorporation.com\\\/nl\\\/?s={search_term_string}\"},\"query-input\":{\"@type\":\"PropertyValueSpecification\",\"valueRequired\":true,\"valueName\":\"search_term_string\"}}],\"inLanguage\":\"nl-NL\"}]}<\/script>\n<!-- \/ Yoast SEO plugin. -->","yoast_head_json":{"title":"PRO-VET\u00ae Hepatic - Prof Pet Corporation","robots":{"index":"index","follow":"follow","max-snippet":"max-snippet:-1","max-image-preview":"max-image-preview:large","max-video-preview":"max-video-preview:-1"},"canonical":"https:\/\/www.profpetcorporation.com\/nl\/product\/pro-vet-hepatic\/","og_locale":"nl_NL","og_type":"article","og_title":"PRO-VET\u00ae Hepatic - Prof Pet Corporation","og_description":"ONDERSTEUNT DE LEVERFUNCTIE BIJ CHRONISCHE LEVERINSUFFICI\u00cbNTIE, VERMINDERT CYSTEINE-\u00a0 EN URAATSTEENVORMING Laag Eiwitgehalte Rijk aan Fermenteerbare Vezels Aangepaste Urine pH 6.7 Laag gehalte aan purine Laag Kopergehalte (Cu) Laag Natriumgehalte (Na) Hoog Essenti\u00eble Vetzuren Gehalte OMEGA 6:3 \/ EPA+DHA Rijk aan Natuurlijke Antioxidanten","og_url":"https:\/\/www.profpetcorporation.com\/nl\/product\/pro-vet-hepatic\/","og_site_name":"Prof Pet Corporation","article_modified_time":"2024-11-09T13:25:13+00:00","og_image":[{"width":2560,"height":2560,"url":"https:\/\/www.profpetcorporation.com\/wp-content\/uploads\/2024\/07\/PRO-VET-Hepatic-25kg-scaled.jpg","type":"image\/jpeg"}],"twitter_card":"summary_large_image","twitter_misc":{"Geschatte leestijd":"5 minuten"},"schema":{"@context":"https:\/\/schema.org","@graph":[{"@type":"WebPage","@id":"https:\/\/www.profpetcorporation.com\/nl\/product\/pro-vet-hepatic\/","url":"https:\/\/www.profpetcorporation.com\/nl\/product\/pro-vet-hepatic\/","name":"PRO-VET\u00ae Hepatic - Prof Pet Corporation","isPartOf":{"@id":"https:\/\/www.profpetcorporation.com\/nl\/#website"},"primaryImageOfPage":{"@id":"https:\/\/www.profpetcorporation.com\/nl\/product\/pro-vet-hepatic\/#primaryimage"},"image":{"@id":"https:\/\/www.profpetcorporation.com\/nl\/product\/pro-vet-hepatic\/#primaryimage"},"thumbnailUrl":"https:\/\/www.profpetcorporation.com\/wp-content\/uploads\/2024\/07\/PRO-VET-Hepatic-25kg-scaled.jpg","datePublished":"2024-07-10T19:08:33+00:00","dateModified":"2024-11-09T13:25:13+00:00","breadcrumb":{"@id":"https:\/\/www.profpetcorporation.com\/nl\/product\/pro-vet-hepatic\/#breadcrumb"},"inLanguage":"nl-NL","potentialAction":[{"@type":"ReadAction","target":["https:\/\/www.profpetcorporation.com\/nl\/product\/pro-vet-hepatic\/"]}]},{"@type":"ImageObject","inLanguage":"nl-NL","@id":"https:\/\/www.profpetcorporation.com\/nl\/product\/pro-vet-hepatic\/#primaryimage","url":"https:\/\/www.profpetcorporation.com\/wp-content\/uploads\/2024\/07\/PRO-VET-Hepatic-25kg-scaled.jpg","contentUrl":"https:\/\/www.profpetcorporation.com\/wp-content\/uploads\/2024\/07\/PRO-VET-Hepatic-25kg-scaled.jpg","width":2560,"height":2560},{"@type":"BreadcrumbList","@id":"https:\/\/www.profpetcorporation.com\/nl\/product\/pro-vet-hepatic\/#breadcrumb","itemListElement":[{"@type":"ListItem","position":1,"name":"Home","item":"https:\/\/www.profpetcorporation.com\/nl\/"},{"@type":"ListItem","position":2,"name":"Winkel","item":"https:\/\/www.profpetcorporation.com\/shop\/"},{"@type":"ListItem","position":3,"name":"PRO-VET\u00ae","item":"https:\/\/www.profpetcorporation.com\/nl\/merken\/pro-vet-nl\/"},{"@type":"ListItem","position":4,"name":"PRO-VET\u00ae Hepatic"}]},{"@type":"WebSite","@id":"https:\/\/www.profpetcorporation.com\/nl\/#website","url":"https:\/\/www.profpetcorporation.com\/nl\/","name":"Prof Pet Corporation","description":"","potentialAction":[{"@type":"SearchAction","target":{"@type":"EntryPoint","urlTemplate":"https:\/\/www.profpetcorporation.com\/nl\/?s={search_term_string}"},"query-input":{"@type":"PropertyValueSpecification","valueRequired":true,"valueName":"search_term_string"}}],"inLanguage":"nl-NL"}]}},"_links":{"self":[{"href":"https:\/\/www.profpetcorporation.com\/nl\/wp-json\/wp\/v2\/product\/3924","targetHints":{"allow":["GET"]}}],"collection":[{"href":"https:\/\/www.profpetcorporation.com\/nl\/wp-json\/wp\/v2\/product"}],"about":[{"href":"https:\/\/www.profpetcorporation.com\/nl\/wp-json\/wp\/v2\/types\/product"}],"replies":[{"embeddable":true,"href":"https:\/\/www.profpetcorporation.com\/nl\/wp-json\/wp\/v2\/comments?post=3924"}],"wp:featuredmedia":[{"embeddable":true,"href":"https:\/\/www.profpetcorporation.com\/nl\/wp-json\/wp\/v2\/media\/2477"}],"wp:attachment":[{"href":"https:\/\/www.profpetcorporation.com\/nl\/wp-json\/wp\/v2\/media?parent=3924"}],"wp:term":[{"taxonomy":"product_brand","embeddable":true,"href":"https:\/\/www.profpetcorporation.com\/nl\/wp-json\/wp\/v2\/product_brand?post=3924"},{"taxonomy":"product_cat","embeddable":true,"href":"https:\/\/www.profpetcorporation.com\/nl\/wp-json\/wp\/v2\/product_cat?post=3924"},{"taxonomy":"product_tag","embeddable":true,"href":"https:\/\/www.profpetcorporation.com\/nl\/wp-json\/wp\/v2\/product_tag?post=3924"}],"curies":[{"name":"wp","href":"https:\/\/api.w.org\/{rel}","templated":true}]}}