{"id":3922,"date":"2024-07-10T19:01:03","date_gmt":"2024-07-10T19:01:03","guid":{"rendered":"https:\/\/profpetcorporation.previewready.nl\/?post_type=product&#038;p=3922"},"modified":"2024-11-09T13:44:38","modified_gmt":"2024-11-09T13:44:38","slug":"pro-vet-weight-control","status":"publish","type":"product","link":"https:\/\/www.profpetcorporation.com\/nl\/product\/pro-vet-weight-control\/","title":{"rendered":"PRO-VET\u00ae Weight Control"},"content":{"rendered":"<p style=\"text-align: justify;\"><span style=\"color: #82d2b8;\"><span style=\"font-size: larger;\"><strong>Indicatie<\/strong><\/span><\/span><\/p>\n<p style=\"text-align: justify;\"><span style=\"font-size: medium;\"><strong>PRO-VET<\/strong>\u00ae<strong> Weight Control<\/strong> is speciaal samengesteld ter controle van de lichaamsconditie van katten met een neiging tot overgewicht. <strong>PRO-VET\u00ae Weight Control <\/strong>vermindert ook het risico op kanker, diabetes en hartfalen.<\/span><\/p>\n<p style=\"text-align: justify;\"><span style=\"font-size: medium;\"><strong>PRO-VET<\/strong>\u00ae<strong> Weight Control<\/strong>\u00a0heeft een laag energiegehalte ter controle van de lichaamsconditie van volwassen katten met een neiging tot overgewicht. Een overmatige lichaamsconditie vermindert de levensverwachting door een verhoogd risico op kanker, diabetes en hartfalen. De speciale samenstelling van\u00a0<strong>PRO-VET\u00ae Weight Control <\/strong>vermindert het risico op genoemde ziekten en vereenvoudigt de controle van het lichaamsgewicht. De lichaamsconditie hangt af van de voeropname en in mindere mate van lichamelijke activiteit. Een ideale lichaamsconditie verhoogt de levensverwachting en vermindert het risico op de belangrijkste ziekten. Van\u00a0<strong>PRO-VET<\/strong>\u00ae<strong> Weight Control<\/strong> dient aan een individuele kat een hoeveelheid verstrekt te worden opdat het ideale gewicht wordt bereikt en gehandhaafd. Om gewichtsafname te bevorderen en om gewichtstoename te voorkomen heeft<strong> PRO-VET\u00ae Weight Control <\/strong>een lage energiewaarde.<\/span><\/p>\n<p>&nbsp;<\/p>\n<p style=\"text-align: justify;\"><span style=\"color: #82d2b8;\"><span style=\"font-size: larger;\"><strong>Effectiviteiten<\/strong><\/span><\/span><\/p>\n<table border=\"1\" width=\"530\" cellspacing=\"1\" cellpadding=\"1\">\n<tbody>\n<tr>\n<td valign=\"top\" width=\"300\"><span style=\"font-size: medium;\"><strong>KENMERK<\/strong><\/span><\/td>\n<td valign=\"top\"><span style=\"font-size: medium;\"><strong>EFFECT<\/strong><\/span><\/td>\n<\/tr>\n<tr>\n<td valign=\"top\" width=\"300\"><span style=\"font-size: medium;\">Verlaagd energiegehalte.<\/span><\/td>\n<td valign=\"top\"><span style=\"font-size: medium;\">Controle lichaamsgewicht.<\/span><\/td>\n<\/tr>\n<tr>\n<td valign=\"top\" width=\"300\"><span style=\"font-size: medium;\">Voedingsstoffen in optimale gehalten.<\/span><\/td>\n<td valign=\"top\"><span style=\"font-size: medium;\">Onderhoud van lichaamsfuncties.<br \/>\nOndersteuning van de conditie van huid en vacht.<\/span><\/td>\n<\/tr>\n<tr>\n<td valign=\"top\" width=\"300\"><span style=\"font-size: medium;\">Hoge verteerbaarheid van eiwitten, vetten en koolhydraten.<\/span><\/td>\n<td valign=\"top\"><span style=\"font-size: medium;\">Goede consistentie van ontlasting.<\/span><\/td>\n<\/tr>\n<tr>\n<td valign=\"top\" width=\"300\"><span style=\"font-size: medium;\">Rijk aan meervoudig onverzadigde vetzuren van de omega-3 familie (EPA+DHA)<\/span><\/td>\n<td valign=\"top\"><span style=\"font-size: medium;\">Stimuleren van de immuunfunctie. Verbetering van de huid bij atopische aandoeningen. Vermindering van het risico op kanker, nierziekte en gewrichtsaandoeningen.<\/span><\/td>\n<\/tr>\n<tr>\n<td valign=\"top\" width=\"300\"><span style=\"font-size: medium;\">Sturing van de zuurgraad van de urine en verlaging van de concentraties van struvietvormende componenten.<\/span><\/td>\n<td valign=\"top\"><span style=\"font-size: medium;\">Vermindering van het risico op struvietvorming.<\/span><\/td>\n<\/tr>\n<tr>\n<td valign=\"top\" width=\"300\"><span style=\"font-size: medium;\">Rijk aan natuurlijke anti-oxidanten.<\/span><\/td>\n<td valign=\"top\"><span style=\"font-size: medium;\">Vermindert het risico op kanker en nierziekte.<\/span><\/td>\n<\/tr>\n<tr>\n<td valign=\"top\" width=\"300\"><span style=\"font-size: medium;\">Laag fosforgehalte<\/span><\/td>\n<td valign=\"top\"><span style=\"font-size: medium;\">Minder risico op nierziekte.<\/span><\/td>\n<\/tr>\n<tr>\n<td valign=\"top\" width=\"300\"><span style=\"font-size: medium;\">Rijk aan vezelstoffen met hoge viscositeit (FHV)<\/span><\/td>\n<td valign=\"top\"><span style=\"font-size: medium;\">Minder risico op diabetes en haarballen. Stimuleren van de darmmotiliteit en bevordering van de consistentie van de ontlasting.<\/span><\/td>\n<\/tr>\n<tr>\n<td valign=\"top\" width=\"300\"><span style=\"font-size: medium;\">Rijk aan vezelstoffen met lage viscositeit (FLV)<\/span><\/td>\n<td valign=\"top\"><span style=\"font-size: medium;\">Bevorderen de darmmotiliteit en controleren haarbalvorming.<\/span><\/td>\n<\/tr>\n<tr>\n<td valign=\"top\" width=\"300\"><span style=\"font-size: medium;\">Toegevoegde Yucca extract<\/span><\/td>\n<td valign=\"top\"><span style=\"font-size: medium;\">Minder geur van de ontlasting.<\/span><\/td>\n<\/tr>\n<tr>\n<td valign=\"top\" width=\"300\"><span style=\"font-size: medium;\">Toegevoegde prebiotics (FOS\/MOS)<\/span><\/td>\n<td valign=\"top\"><span style=\"font-size: medium;\">Toename van gunstige bacteri\u00ebn in de darm.<\/span><\/td>\n<\/tr>\n<\/tbody>\n<\/table>\n<p>&nbsp;<\/p>\n<p style=\"text-align: justify;\"><span style=\"color: #82d2b8;\"><span style=\"font-size: larger;\"><strong>Samenstelling<\/strong><\/span><\/span><\/p>\n<p style=\"text-align: justify;\"><span style=\"font-size: medium;\">gedehydreerde kipprote\u00efne, ma\u00efs, rijst, gedehydreerde zalmprote\u00efne, ma\u00efsgluten, erwtjes, kippenvet, gehydrolyseerde kipprote\u00efne, lijnzaad, mineralen, gedroogde bietenpulp, gedroogde cichoreiwortelextract (natuurlijke bron van inuline en fructooligosaccharide (prebioticum (FOS)) (5g\/kg), gehydrolyseerde gist (natuurlijke bron van b\u00e8ta-glucanen en mannanoligosacchariden (prebioticum (MOS)) (5g\/kg), zalmolie, gezuiverde plantaardige vezels (lignocellulose), gedroogde appels (rijk aan pectines), psylliumschil, gedroogde kruiden (Yucca Schidigera, peterselie, rozemarijn, brandnetel, kamille, paardenbloem, salie, koriander, zoethout, goudsbloem), pompoenpitten.\u00a0<\/span><\/p>\n<p style=\"text-align: justify;\"><span style=\"font-size: medium;\"><strong>Antioxidanten:<\/strong> Verrijkt met oxidatie tegengaande stof, sterk tocopherol-houdend extract (vitamine E) van natuurlijke oorsprong (van plantaardige oli\u00ebn). PRO-VET\u00ae producten voldoen aan de standaarden van AAFCO, NRC en FEDIAF. Bevat g\u00e9\u00e9n kunstmatige smaakstoffen of kleurstoffen.\u00a0<\/span><\/p>\n<p>&nbsp;<\/p>\n<p style=\"text-align: justify;\"><span style=\"color: #82d2b8;\"><span style=\"font-size: larger;\"><strong>Analyse<\/strong><\/span><\/span><\/p>\n<table border=\"0\" width=\"559\" cellspacing=\"1\" cellpadding=\"1\">\n<tbody>\n<tr>\n<td valign=\"top\"><span style=\"font-size: medium;\"><strong>Analytische<br \/>\nbestanddelen\/kg<\/strong><\/span><\/td>\n<td valign=\"top\"><\/td>\n<td valign=\"top\"><span style=\"font-size: medium;\"><strong>Nutritionele<br \/>\ntoevoegingsmiddelen\/kg<\/strong><\/span><\/td>\n<td valign=\"top\"><\/td>\n<\/tr>\n<tr>\n<td valign=\"top\"><span style=\"font-size: medium;\">Vocht<br \/>\nRuwe prote\u00efne<br \/>\nRuw vet<br \/>\nRuwe as<br \/>\nRuw vezel<br \/>\nCalcium (Ca)<br \/>\nFosfor (P)<br \/>\nNatrium (Na)<br \/>\nMagnesium (Mg)<br \/>\nChloride (Cl)<br \/>\nSulfur (S)<br \/>\nKalium (\u041a)<br \/>\nLysine<br \/>\nMethionine<br \/>\nCystine<br \/>\nTreonine<br \/>\nTryptophaan<br \/>\nLinolzuur (\u03c96)<br \/>\nLinoleenzuur (\u03c93)<br \/>\nArachidonzuur (\u03c93)<br \/>\nEPA (\u03c93)<br \/>\neicosapentaeenzuur<br \/>\nDHA (\u03c93)<br \/>\ndocosahexaeenzuur<br \/>\nKoolhydraten<\/span><\/td>\n<td valign=\"top\"><span style=\"font-size: medium;\">8.00 %<br \/>\n30.0 %<br \/>\n11.0 %<br \/>\n6.00 %<br \/>\n2.00 %<br \/>\n0.80 %<br \/>\n0.70 %<br \/>\n6.00 g<br \/>\n0.80 g<br \/>\n0.10 g<br \/>\n0.30 g<br \/>\n9.00 g<br \/>\n15.0 g<br \/>\n6.00 g<br \/>\n3.80 g<br \/>\n11.2 g<br \/>\n2.50 g<br \/>\n27.0 g<br \/>\n2.60 g<br \/>\n0.30 g<br \/>\n1.50 g<br \/>\n<\/span><br \/>\n1.50 g<br \/>\n<span style=\"color: #f2f3f0;\">Y<\/span><br \/>\n28.80 %<\/td>\n<td valign=\"top\"><span style=\"font-size: medium;\">Vitamine A<br \/>\nVitamine D<sub>3<\/sub><br \/>\nVitamine E<br \/>\nVitamine B1<br \/>\nVitamine B2<br \/>\nVitamine B6<br \/>\nVitamine B12<br \/>\nVitamine C<br \/>\nNiacine<br \/>\nBiotine<br \/>\nCholine<br \/>\nFolium zuur<br \/>\nPantotheenzuur <\/span><\/td>\n<td valign=\"top\"><span style=\"font-size: medium;\">20.000 IU<br \/>\n1.500 IU<br \/>\n150 mg<br \/>\n10.0 mg<br \/>\n8.50 mg<br \/>\n6.00 mg<br \/>\n45.0 \u03bcg<br \/>\n100 mg<br \/>\n53.0 mg<br \/>\n225 \u03bcg<br \/>\n750 mg<br \/>\n4.50 mg<br \/>\n23.0 mg<\/span><\/td>\n<\/tr>\n<\/tbody>\n<\/table>\n<p><span style=\"font-size: medium;\"><strong>Energie 3787 Kcal\/kg [15.9 MJ\/kg]<\/strong><br \/>\n<strong>urine pH = ca 6<\/strong><\/span><\/p>\n<p><span style=\"font-size: medium;\"><strong>Vitaminen:<\/strong><br \/>\nVitamine A (retinylacetaat)<br \/>\nVitamine D3 (cholecalciferol)<br \/>\nVitamine E (all-rac-\u0430lfa-tocoferolacetaat)<\/span><\/p>\n<p><span style=\"font-size: medium;\"><strong>Spoorelementen:<\/strong><br \/>\nZink (Zn) 63 mg\/kg<br \/>\n(zinksulfaat monohydraat \/ zinkchelaat van aminozuren hydraat)<br \/>\nIjzer (Fe) 50 mg\/kg<br \/>\n(ijzer(II)sulfaat monohydraat \/ ijzer(II) chelaat van aminozuren hydraat)<br \/>\nMangaan (Mn) 30 mg\/kg<br \/>\n(mangaan(II)sulfaat monohydraat \/ mangaan(II) chelaat van aminozuren hydraat)<br \/>\nKoper (Cu) 13 mg\/kg<br \/>\n(koper(II)sulfaat pentahydraat \/ koper(II) chelaat van aminozuren hydraat)<br \/>\nJodium (I) (calciumjodaat, watervrij) 1.50 mg\/kg<\/span><\/p>\n<p><span style=\"font-size: medium;\"><strong>Overige nutritionele toevoegingsmiddelen: <\/strong><br \/>\nL-Carnitine 100 mg\/kg<br \/>\n\u00df-Caroteen 100 mg\/kg<br \/>\nTaurine 1.500 mg\/kg<br \/>\nDL-Methionine 5.000 mg\/kg<\/span><\/p>\n<p>&nbsp;<\/p>\n<p style=\"text-align: justify;\"><span style=\"color: #82d2b8;\"><span style=\"font-size: larger;\"><strong>Voedingsschema<\/strong><\/span><\/span><\/p>\n<table border=\"1\" width=\"400\" cellspacing=\"1\" cellpadding=\"1\">\n<tbody>\n<tr>\n<td style=\"text-align: center;\"><span style=\"font-size: medium;\">\u00a0Gewicht<br \/>\n<\/span><\/td>\n<td style=\"text-align: center;\"><span style=\"font-size: medium;\">\u00a0Dagrantsoen\u00a0<\/span><\/td>\n<td rowspan=\"6\"><\/td>\n<\/tr>\n<tr>\n<td style=\"text-align: center;\"><span style=\"font-size: medium;\">2 kg<\/span><\/td>\n<td style=\"text-align: center;\"><span style=\"font-size: medium;\">30 &#8211; 40 g<\/span><\/td>\n<\/tr>\n<tr>\n<td style=\"text-align: center;\"><span style=\"font-size: medium;\">3 kg<\/span><\/td>\n<td style=\"text-align: center;\"><span style=\"font-size: medium;\">40 &#8211; 55 g<\/span><\/td>\n<\/tr>\n<tr>\n<td style=\"text-align: center;\"><span style=\"font-size: medium;\">4 kg<\/span><\/td>\n<td style=\"text-align: center;\"><span style=\"font-size: medium;\">50 &#8211; 70 g<\/span><\/td>\n<\/tr>\n<tr>\n<td style=\"text-align: center;\"><span style=\"font-size: medium;\">5 kg<\/span><\/td>\n<td style=\"text-align: center;\"><span style=\"font-size: medium;\">60 &#8211; 85 g<\/span><\/td>\n<\/tr>\n<tr>\n<td style=\"text-align: center;\"><span style=\"font-size: medium;\">&gt;6 kg<\/span><\/td>\n<td style=\"text-align: center;\"><span style=\"font-size: medium;\">10 &#8211; 15 g\/kg<\/span><\/td>\n<\/tr>\n<\/tbody>\n<\/table>\n<p>&nbsp;<\/p>\n<p style=\"text-align: justify;\"><span style=\"color: #82d2b8;\"><span style=\"font-size: larger;\"><strong>Verpakking<\/strong><\/span><\/span><\/p>\n<p><span style=\"font-size: medium;\">750 g\u00a0\u00a0\u00a0 EAN\u00a0 8717496485311<br \/>\n3 kg\u00a0\u00a0\u00a0\u00a0\u00a0\u00a0 EAN\u00a0 8717496485335<\/span><\/p>\n<p>&nbsp;<\/p>\n<p style=\"text-align: justify;\"><span style=\"color: #82d2b8;\"><span style=\"font-size: larger;\"><strong>Bewaaradvies<\/strong><\/span><\/span><\/p>\n<p style=\"text-align: justify;\"><span style=\"font-size: medium;\">Hoewel droogvoer niet zo snel bederft als andere soorten voedsel, is het niet oneindig lang houdbaar. Zorg er altijd voor dat u dergelijke voedingsmiddelen voor vervaldatum gebruikt. Houd het voedsel droog en bewaar het in de zak waar u het in heeft gekocht; onze zakken zijn ontworpen om vocht en luchtstroom te weerstaan. De beste manier om een grote zak met honden- of kattenvoer op te bergen is door de originele zak in een schone plastic emmer of plastic container met een veilig deksel te plaatsen. Bewaar droog voedsel niet in vochtige ruimtes, omdat vochtige omstandigheden het bederf versnellen. Rol de bovenkant van de zak altijd strak naar beneden en sluit deze af met een clip of knijper. Het wordt aan de eigenaren van huisdieren aangeraden om droge voeding te bewaren op locaties die niet warmer zijn dan 23 \u00b0C (graden Celsius). <\/span><\/p>\n<p><strong><span style=\"font-size: medium;\">\u00a0<\/span><\/strong><\/p>\n<p><span style=\"font-size: medium;\"><br \/>\n<\/span><strong><span style=\"font-size: medium;\">Een gezonde kat is een gelukkige kat.<\/span><\/strong><\/p>\n<p>&nbsp;<\/p>\n","protected":false},"excerpt":{"rendered":"<p style=\"text-align: left;\"><span style=\"color: #82d2b8;\"><strong><span style=\"font-size: X-large;\">LAAG-ENERGIE RATSOEN VOOR GEWICHTSVERMINDERING EN ONDERHOUD<\/span><\/strong><\/span><\/p>\n<p style=\"text-align: left;\"><span style=\"font-size: large;\">Urine pH Controle<br \/>\nLaag (Mg) Magnesiumgehalte (0.08%)<br \/>\nLaag (P) Fosforgehalte (0.7%)<br \/>\nRijk aan EPA+DHA<br \/>\nNatuurlijke Antioxidanten Mengsel<br \/>\nL-Carnitine<br \/>\nRijk aan Prebiotica (MOS+FOS)<br \/>\nFHV (Vezel-Hoog-Viscositeit)<br \/>\nFLV (Vezel-Laag-Viscositeit)<br \/>\nGeurbeheersing <\/span><\/p>\n","protected":false},"featured_media":2352,"comment_status":"open","ping_status":"closed","template":"","meta":{"_acf_changed":false},"product_brand":[],"product_cat":[199,175],"product_tag":[],"class_list":{"0":"post-3922","1":"product","2":"type-product","3":"status-publish","4":"has-post-thumbnail","6":"product_cat-gespecialiseerde-droogvoeding-voor-katten","7":"product_cat-pro-vet-nl","9":"first","10":"instock","11":"shipping-taxable","12":"product-type-simple"},"acf":[],"yoast_head":"<!-- This site is optimized with the Yoast SEO plugin v27.5 - https:\/\/yoast.com\/product\/yoast-seo-wordpress\/ -->\n<title>PRO-VET\u00ae Weight Control - Prof Pet Corporation<\/title>\n<meta name=\"robots\" content=\"index, follow, max-snippet:-1, max-image-preview:large, max-video-preview:-1\" \/>\n<link rel=\"canonical\" href=\"https:\/\/www.profpetcorporation.com\/nl\/product\/pro-vet-weight-control\/\" \/>\n<meta property=\"og:locale\" content=\"nl_NL\" \/>\n<meta property=\"og:type\" content=\"article\" \/>\n<meta property=\"og:title\" content=\"PRO-VET\u00ae Weight Control - Prof Pet Corporation\" \/>\n<meta property=\"og:description\" content=\"LAAG-ENERGIE RATSOEN VOOR GEWICHTSVERMINDERING EN ONDERHOUD Urine pH Controle Laag (Mg) Magnesiumgehalte (0.08%) Laag (P) Fosforgehalte (0.7%) Rijk aan EPA+DHA Natuurlijke Antioxidanten Mengsel L-Carnitine Rijk aan Prebiotica (MOS+FOS) FHV (Vezel-Hoog-Viscositeit) FLV (Vezel-Laag-Viscositeit) Geurbeheersing\" \/>\n<meta property=\"og:url\" content=\"https:\/\/www.profpetcorporation.com\/nl\/product\/pro-vet-weight-control\/\" \/>\n<meta property=\"og:site_name\" content=\"Prof Pet Corporation\" \/>\n<meta property=\"article:modified_time\" content=\"2024-11-09T13:44:38+00:00\" \/>\n<meta property=\"og:image\" content=\"https:\/\/www.profpetcorporation.com\/wp-content\/uploads\/2024\/04\/PRO-VET-Weight-Control-3kg.jpg\" \/>\n\t<meta property=\"og:image:width\" content=\"2362\" \/>\n\t<meta property=\"og:image:height\" content=\"2362\" \/>\n\t<meta property=\"og:image:type\" content=\"image\/jpeg\" \/>\n<meta name=\"twitter:card\" content=\"summary_large_image\" \/>\n<meta name=\"twitter:label1\" content=\"Geschatte leestijd\" \/>\n\t<meta name=\"twitter:data1\" content=\"5 minuten\" \/>\n<script type=\"application\/ld+json\" class=\"yoast-schema-graph\">{\"@context\":\"https:\\\/\\\/schema.org\",\"@graph\":[{\"@type\":\"WebPage\",\"@id\":\"https:\\\/\\\/www.profpetcorporation.com\\\/nl\\\/product\\\/pro-vet-weight-control\\\/\",\"url\":\"https:\\\/\\\/www.profpetcorporation.com\\\/nl\\\/product\\\/pro-vet-weight-control\\\/\",\"name\":\"PRO-VET\u00ae Weight Control - Prof Pet Corporation\",\"isPartOf\":{\"@id\":\"https:\\\/\\\/www.profpetcorporation.com\\\/nl\\\/#website\"},\"primaryImageOfPage\":{\"@id\":\"https:\\\/\\\/www.profpetcorporation.com\\\/nl\\\/product\\\/pro-vet-weight-control\\\/#primaryimage\"},\"image\":{\"@id\":\"https:\\\/\\\/www.profpetcorporation.com\\\/nl\\\/product\\\/pro-vet-weight-control\\\/#primaryimage\"},\"thumbnailUrl\":\"https:\\\/\\\/www.profpetcorporation.com\\\/wp-content\\\/uploads\\\/2024\\\/04\\\/PRO-VET-Weight-Control-3kg.jpg\",\"datePublished\":\"2024-07-10T19:01:03+00:00\",\"dateModified\":\"2024-11-09T13:44:38+00:00\",\"breadcrumb\":{\"@id\":\"https:\\\/\\\/www.profpetcorporation.com\\\/nl\\\/product\\\/pro-vet-weight-control\\\/#breadcrumb\"},\"inLanguage\":\"nl-NL\",\"potentialAction\":[{\"@type\":\"ReadAction\",\"target\":[\"https:\\\/\\\/www.profpetcorporation.com\\\/nl\\\/product\\\/pro-vet-weight-control\\\/\"]}]},{\"@type\":\"ImageObject\",\"inLanguage\":\"nl-NL\",\"@id\":\"https:\\\/\\\/www.profpetcorporation.com\\\/nl\\\/product\\\/pro-vet-weight-control\\\/#primaryimage\",\"url\":\"https:\\\/\\\/www.profpetcorporation.com\\\/wp-content\\\/uploads\\\/2024\\\/04\\\/PRO-VET-Weight-Control-3kg.jpg\",\"contentUrl\":\"https:\\\/\\\/www.profpetcorporation.com\\\/wp-content\\\/uploads\\\/2024\\\/04\\\/PRO-VET-Weight-Control-3kg.jpg\",\"width\":2362,\"height\":2362},{\"@type\":\"BreadcrumbList\",\"@id\":\"https:\\\/\\\/www.profpetcorporation.com\\\/nl\\\/product\\\/pro-vet-weight-control\\\/#breadcrumb\",\"itemListElement\":[{\"@type\":\"ListItem\",\"position\":1,\"name\":\"Home\",\"item\":\"https:\\\/\\\/www.profpetcorporation.com\\\/nl\\\/\"},{\"@type\":\"ListItem\",\"position\":2,\"name\":\"Winkel\",\"item\":\"https:\\\/\\\/www.profpetcorporation.com\\\/shop\\\/\"},{\"@type\":\"ListItem\",\"position\":3,\"name\":\"PRO-VET\u00ae\",\"item\":\"https:\\\/\\\/www.profpetcorporation.com\\\/nl\\\/merken\\\/pro-vet-nl\\\/\"},{\"@type\":\"ListItem\",\"position\":4,\"name\":\"PRO-VET\u00ae Weight Control\"}]},{\"@type\":\"WebSite\",\"@id\":\"https:\\\/\\\/www.profpetcorporation.com\\\/nl\\\/#website\",\"url\":\"https:\\\/\\\/www.profpetcorporation.com\\\/nl\\\/\",\"name\":\"Prof Pet Corporation\",\"description\":\"\",\"potentialAction\":[{\"@type\":\"SearchAction\",\"target\":{\"@type\":\"EntryPoint\",\"urlTemplate\":\"https:\\\/\\\/www.profpetcorporation.com\\\/nl\\\/?s={search_term_string}\"},\"query-input\":{\"@type\":\"PropertyValueSpecification\",\"valueRequired\":true,\"valueName\":\"search_term_string\"}}],\"inLanguage\":\"nl-NL\"}]}<\/script>\n<!-- \/ Yoast SEO plugin. -->","yoast_head_json":{"title":"PRO-VET\u00ae Weight Control - Prof Pet Corporation","robots":{"index":"index","follow":"follow","max-snippet":"max-snippet:-1","max-image-preview":"max-image-preview:large","max-video-preview":"max-video-preview:-1"},"canonical":"https:\/\/www.profpetcorporation.com\/nl\/product\/pro-vet-weight-control\/","og_locale":"nl_NL","og_type":"article","og_title":"PRO-VET\u00ae Weight Control - Prof Pet Corporation","og_description":"LAAG-ENERGIE RATSOEN VOOR GEWICHTSVERMINDERING EN ONDERHOUD Urine pH Controle Laag (Mg) Magnesiumgehalte (0.08%) Laag (P) Fosforgehalte (0.7%) Rijk aan EPA+DHA Natuurlijke Antioxidanten Mengsel L-Carnitine Rijk aan Prebiotica (MOS+FOS) FHV (Vezel-Hoog-Viscositeit) FLV (Vezel-Laag-Viscositeit) Geurbeheersing","og_url":"https:\/\/www.profpetcorporation.com\/nl\/product\/pro-vet-weight-control\/","og_site_name":"Prof Pet Corporation","article_modified_time":"2024-11-09T13:44:38+00:00","og_image":[{"width":2362,"height":2362,"url":"https:\/\/www.profpetcorporation.com\/wp-content\/uploads\/2024\/04\/PRO-VET-Weight-Control-3kg.jpg","type":"image\/jpeg"}],"twitter_card":"summary_large_image","twitter_misc":{"Geschatte leestijd":"5 minuten"},"schema":{"@context":"https:\/\/schema.org","@graph":[{"@type":"WebPage","@id":"https:\/\/www.profpetcorporation.com\/nl\/product\/pro-vet-weight-control\/","url":"https:\/\/www.profpetcorporation.com\/nl\/product\/pro-vet-weight-control\/","name":"PRO-VET\u00ae Weight Control - Prof Pet Corporation","isPartOf":{"@id":"https:\/\/www.profpetcorporation.com\/nl\/#website"},"primaryImageOfPage":{"@id":"https:\/\/www.profpetcorporation.com\/nl\/product\/pro-vet-weight-control\/#primaryimage"},"image":{"@id":"https:\/\/www.profpetcorporation.com\/nl\/product\/pro-vet-weight-control\/#primaryimage"},"thumbnailUrl":"https:\/\/www.profpetcorporation.com\/wp-content\/uploads\/2024\/04\/PRO-VET-Weight-Control-3kg.jpg","datePublished":"2024-07-10T19:01:03+00:00","dateModified":"2024-11-09T13:44:38+00:00","breadcrumb":{"@id":"https:\/\/www.profpetcorporation.com\/nl\/product\/pro-vet-weight-control\/#breadcrumb"},"inLanguage":"nl-NL","potentialAction":[{"@type":"ReadAction","target":["https:\/\/www.profpetcorporation.com\/nl\/product\/pro-vet-weight-control\/"]}]},{"@type":"ImageObject","inLanguage":"nl-NL","@id":"https:\/\/www.profpetcorporation.com\/nl\/product\/pro-vet-weight-control\/#primaryimage","url":"https:\/\/www.profpetcorporation.com\/wp-content\/uploads\/2024\/04\/PRO-VET-Weight-Control-3kg.jpg","contentUrl":"https:\/\/www.profpetcorporation.com\/wp-content\/uploads\/2024\/04\/PRO-VET-Weight-Control-3kg.jpg","width":2362,"height":2362},{"@type":"BreadcrumbList","@id":"https:\/\/www.profpetcorporation.com\/nl\/product\/pro-vet-weight-control\/#breadcrumb","itemListElement":[{"@type":"ListItem","position":1,"name":"Home","item":"https:\/\/www.profpetcorporation.com\/nl\/"},{"@type":"ListItem","position":2,"name":"Winkel","item":"https:\/\/www.profpetcorporation.com\/shop\/"},{"@type":"ListItem","position":3,"name":"PRO-VET\u00ae","item":"https:\/\/www.profpetcorporation.com\/nl\/merken\/pro-vet-nl\/"},{"@type":"ListItem","position":4,"name":"PRO-VET\u00ae Weight Control"}]},{"@type":"WebSite","@id":"https:\/\/www.profpetcorporation.com\/nl\/#website","url":"https:\/\/www.profpetcorporation.com\/nl\/","name":"Prof Pet Corporation","description":"","potentialAction":[{"@type":"SearchAction","target":{"@type":"EntryPoint","urlTemplate":"https:\/\/www.profpetcorporation.com\/nl\/?s={search_term_string}"},"query-input":{"@type":"PropertyValueSpecification","valueRequired":true,"valueName":"search_term_string"}}],"inLanguage":"nl-NL"}]}},"_links":{"self":[{"href":"https:\/\/www.profpetcorporation.com\/nl\/wp-json\/wp\/v2\/product\/3922","targetHints":{"allow":["GET"]}}],"collection":[{"href":"https:\/\/www.profpetcorporation.com\/nl\/wp-json\/wp\/v2\/product"}],"about":[{"href":"https:\/\/www.profpetcorporation.com\/nl\/wp-json\/wp\/v2\/types\/product"}],"replies":[{"embeddable":true,"href":"https:\/\/www.profpetcorporation.com\/nl\/wp-json\/wp\/v2\/comments?post=3922"}],"wp:featuredmedia":[{"embeddable":true,"href":"https:\/\/www.profpetcorporation.com\/nl\/wp-json\/wp\/v2\/media\/2352"}],"wp:attachment":[{"href":"https:\/\/www.profpetcorporation.com\/nl\/wp-json\/wp\/v2\/media?parent=3922"}],"wp:term":[{"taxonomy":"product_brand","embeddable":true,"href":"https:\/\/www.profpetcorporation.com\/nl\/wp-json\/wp\/v2\/product_brand?post=3922"},{"taxonomy":"product_cat","embeddable":true,"href":"https:\/\/www.profpetcorporation.com\/nl\/wp-json\/wp\/v2\/product_cat?post=3922"},{"taxonomy":"product_tag","embeddable":true,"href":"https:\/\/www.profpetcorporation.com\/nl\/wp-json\/wp\/v2\/product_tag?post=3922"}],"curies":[{"name":"wp","href":"https:\/\/api.w.org\/{rel}","templated":true}]}}