{"id":3920,"date":"2024-07-10T18:53:13","date_gmt":"2024-07-10T18:53:13","guid":{"rendered":"https:\/\/profpetcorporation.previewready.nl\/?post_type=product&#038;p=3920"},"modified":"2025-04-10T11:54:37","modified_gmt":"2025-04-10T11:54:37","slug":"pro-vet-renal","status":"publish","type":"product","link":"https:\/\/www.profpetcorporation.com\/nl\/product\/pro-vet-renal\/","title":{"rendered":"PRO-VET\u00ae Renal"},"content":{"rendered":"<p style=\"text-align: justify;\"><span style=\"color: #c36ba3;\"><span style=\"font-size: larger;\"><strong>Indicatie<\/strong><\/span><\/span><\/p>\n<p style=\"text-align: justify;\"><span style=\"font-size: medium;\"><strong>PRO-VET<\/strong>\u00ae<strong> Renal<\/strong>\u00a0is ontwikkeld voor volwassen katten met chronische nierinsuffici\u00ebntie. Het dieet voorziet in voldoende voedingsstoffen om het lichaam te onderhouden.<br \/>\nBij katten is chronische nierinsuffici\u00ebntie (CRF) een belangrijke doodsoorzaak. Nierfalen (CRF) komt voor bij 30% van de katten ouder dan 12 jaar. De progressie van nierinsuffici\u00ebntie kan worden verminderd en daarmee wordt de overlevingsduur van de pati\u00ebnt verlengd, maar de ziekte kan niet genezen. Er zijn overtuigend bewijzen dat een geschikt dieet de overlevingsduur van pati\u00ebnten met nierfalen verhoogt. Een lage fosforopname leidt tot vertraging van het verlies van nierfunctie. Naast fosforarm dient een dieet voor katten met nierinsuffici\u00ebntie weinig eiwit en natrium te bevatten, rijk te zijn aan kalium, een licht basische urine pH te induceren en een hoog gehalte aan eicosapentaeenzuur (EPA) te bevatten. Een lage eiwitopname leidt tot minder ophoping van ureum in het bloed waardoor de eetlust op peil blijft. Weinig natrium in het dieet draagt bij aan controle van de bloeddruk, welke bij nierpati\u00ebnten neigt tot stijging. Bij verminderde nierfunctie is er extra kaliumverlies hetgeen wordt gecompenseerd door een verhoogde opname. Omdat bij nierziekte de uitscheiding van zuren is verminderd dient het dieet een alkalische werking te hebben. Een hoge EPA-opname vertraagt de progressie van nierziekte bij de kat\u00a0 Het is duidelijk dat een beperking van de essenti\u00eble nutri\u00ebnten geen defici\u00ebntie mag veroorzaken en de voorziening voldoende moet zijn voor handhaving van de normale lichaamsfuncties.<\/span><\/p>\n<p style=\"text-align: justify;\"><span style=\"font-size: medium;\">Een geschikt nierdieet kan slechts het verlies aan nefronen vertragen en de overlevingsduur verlengen. Tussen verschillende commercieel verkrijgbare nierdi\u00ebten zijn er grote verschillen in effectiviteit. De verwachte effectiviteit van <strong>PRO-VET<\/strong>\u00ae<strong> Renal<\/strong>, hetgeen is gebaseerd op de ideale samenstelling, is equivalent aan een gemiddelde overlevingsduur van 30 maanden na diagnose. Het is aannemelijk dat <strong>PRO-VET<\/strong>\u00ae<strong> Renal<\/strong><strong>\u00a0<\/strong>ook preventieve werking heeft en het risico op de ontwikkeling van chronische nierinsuffici\u00ebntie (CRF) bij gezonde katten vermindert. Het risico op nierfalen (CRF) is verminderd door de extra vitamine E , het hoge EPA-gehalte en in het bijzonder het lage gehalte aan fosfor.<\/span><\/p>\n<p>&nbsp;<\/p>\n<p style=\"text-align: justify;\"><span style=\"color: #c36ba3;\"><span style=\"font-size: larger;\"><strong>Effectiviteiten<\/strong><\/span><\/span><\/p>\n<table border=\"1\" width=\"530\" cellspacing=\"1\" cellpadding=\"1\">\n<tbody>\n<tr>\n<td valign=\"top\" width=\"290\"><span style=\"font-size: medium;\"><strong>KENMERK<\/strong><\/span><\/td>\n<td valign=\"top\"><span style=\"font-size: medium;\"><strong>EFFECT<\/strong><\/span><\/td>\n<\/tr>\n<tr>\n<td valign=\"top\" width=\"290\"><span style=\"font-size: medium;\">Laag gehalte aan bischikbaar fosfor.<\/span><\/td>\n<td valign=\"top\"><span style=\"font-size: medium;\">Vertraging van de progressie van het nierfalen.<\/span><\/td>\n<\/tr>\n<tr>\n<td valign=\"top\" width=\"290\"><span style=\"font-size: medium;\">Laag eiwitgehalte.<\/span><\/td>\n<td valign=\"top\"><span style=\"font-size: medium;\">Vermindering van de uremie.<\/span><\/td>\n<\/tr>\n<tr>\n<td valign=\"top\" width=\"290\"><span style=\"font-size: medium;\">Laag natriumgehalte.<\/span><\/td>\n<td valign=\"top\"><span style=\"font-size: medium;\">Tegengaan van hoge bloeddruk<\/span><\/td>\n<\/tr>\n<tr>\n<td valign=\"top\" width=\"290\"><span style=\"font-size: medium;\">Hoog kaliumgehalte.<\/span><\/td>\n<td valign=\"top\"><span style=\"font-size: medium;\">Compensatie van het kalium verlies.<\/span><\/td>\n<\/tr>\n<tr>\n<td valign=\"top\" width=\"290\"><span style=\"font-size: medium;\">Laag arachidonzuurgehalte.<\/span><\/td>\n<td valign=\"top\"><span style=\"font-size: medium;\">Vermindering van de productie van ontstekingsactiverende eicosano\u00efden.<\/span><\/td>\n<\/tr>\n<tr>\n<td valign=\"top\" width=\"290\"><span style=\"font-size: medium;\">Hoog eicosapentaeenzuurgehalte.<\/span><\/td>\n<td valign=\"top\"><span style=\"font-size: medium;\">Verhoogde productie van bloedvatverwijdende en ontstekingsremmende eicosano\u00efden.<\/span><\/td>\n<\/tr>\n<tr>\n<td valign=\"top\" width=\"290\"><span style=\"font-size: medium;\">Licht basische urine pH<\/span><\/td>\n<td valign=\"top\"><span style=\"font-size: medium;\">Preventie van acidose.<\/span><\/td>\n<\/tr>\n<tr>\n<td valign=\"top\" width=\"290\"><span style=\"font-size: medium;\">Voedingsstoffen in optimale gehalten.<\/span><\/td>\n<td valign=\"top\"><span style=\"font-size: medium;\">Onderhoud van lichaamsfuncties. Ondersteuning van de conditie van huid en vacht.<\/span><\/td>\n<\/tr>\n<tr>\n<td valign=\"top\" width=\"290\"><span style=\"font-size: medium;\">Hoge verteerbaarheid van eiwitten, vetten en koolhydraten.<\/span><\/td>\n<td valign=\"top\"><span style=\"font-size: medium;\">Goede consistentie van ontlasting.<\/span><\/td>\n<\/tr>\n<tr>\n<td valign=\"top\" width=\"290\"><span style=\"font-size: medium;\">Rijk aan meervoudig onverzadigde vetzuren van de omega-3 familie (EPA+DHA)<\/span><\/td>\n<td valign=\"top\"><span style=\"font-size: medium;\">Stimuleren van de immuunfunctie. Verbetering van de huid bij atopische aandoeningen. Vermindering van het risico op kanker, nierziekte en gewrichtsaandoeningen.<\/span><\/td>\n<\/tr>\n<tr>\n<td valign=\"top\" width=\"290\"><span style=\"font-size: medium;\">Sturing van de zuurgraad van de urine en verlaging van de concentraties van struvietvormende componenten.<\/span><\/td>\n<td valign=\"top\"><span style=\"font-size: medium;\">Vermindering van het risico op struvietvorming.<\/span><\/td>\n<\/tr>\n<tr>\n<td valign=\"top\" width=\"290\"><span style=\"font-size: medium;\">Rijk aan natuurlijke anti-oxidanten.<\/span><\/td>\n<td valign=\"top\"><span style=\"font-size: medium;\">Vermindert het risico op kanker en nierziekte.<\/span><\/td>\n<\/tr>\n<tr>\n<td valign=\"top\" width=\"290\"><span style=\"font-size: medium;\">Laag fosforgehalte.<\/span><\/td>\n<td valign=\"top\"><span style=\"font-size: medium;\">Minder risico op nierziekte.<\/span><\/td>\n<\/tr>\n<tr>\n<td valign=\"top\" width=\"290\"><span style=\"font-size: medium;\">Rijk aan vezelstoffen met hoge viscositeit (FHV)<\/span><\/td>\n<td valign=\"top\"><span style=\"font-size: medium;\">Minder risico op diabetes en haarballen. Stimuleren van de darmmotiliteit en bevordering van de consistentie van de ontlasting.<\/span><\/td>\n<\/tr>\n<tr>\n<td valign=\"top\" width=\"290\"><span style=\"font-size: medium;\">Rijk aan vezelstoffen met lage viscositeit (FLV)<\/span><\/td>\n<td valign=\"top\"><span style=\"font-size: medium;\">Bevorderen darmmotiliteit en controleren haarbalvorming.<\/span><\/td>\n<\/tr>\n<tr>\n<td valign=\"top\" width=\"290\"><span style=\"font-size: medium;\">Toegevoegde Yucca extract<\/span><\/td>\n<td valign=\"top\"><span style=\"font-size: medium;\">Minder geur van de ontlasting.<\/span><\/td>\n<\/tr>\n<tr>\n<td valign=\"top\" width=\"290\"><span style=\"font-size: medium;\">Toegevoegde prebiotics (FOS\/MOS)<\/span><\/td>\n<td valign=\"top\"><span style=\"font-size: medium;\">Toename van gunstige bacteri\u00ebn in de darm.<\/span><\/td>\n<\/tr>\n<\/tbody>\n<\/table>\n<p>&nbsp;<\/p>\n<p style=\"text-align: justify;\"><span style=\"color: #c36ba3;\"><span style=\"font-size: larger;\"><strong>Samenstelling<\/strong><\/span><\/span><\/p>\n<p style=\"text-align: justify;\"><span style=\"font-size: medium;\">rijst, ma\u00efs, tarwe, ma\u00efsgluten, gedehydreerde kipprote\u00efne, premium pure zalmolie, kippenvet, gehydrolyseerde kipprote\u00efne, gedroogde bietenpulp, algenolie (een natuurlijke bron van EPA en DHA), gedroogde appels (rijk aan pectines), lijnzaad, leverhydrolysaat, gedehydreerde lamsprote\u00efne, mineralen, gedroogde biergist, gezuiverde plantaardige vezels (lignocellulose), gedroogde cichoreiwortelextract, goudsbloemblaadjes (Afrikaantje) (natuurlijke bron van lute\u00efne), gedroogde Yucca Schidigera pulp.<\/span><\/p>\n<p style=\"text-align: justify;\"><span style=\"font-size: medium;\"><strong>Antioxidanten:<\/strong> Verrijkt met oxidatie tegengaande stof, sterk tocopherol-houdend extract (vitamine E) van natuurlijke oorsprong (van plantaardige oli\u00ebn). <strong>PRO-VET<\/strong><span style=\"color: #ffffff;\"><sup>.<\/sup><\/span>\u00ae producten voldoen aan de standaarden van AAFCO, NRC en FEDIAF. Bevat g\u00e9\u00e9n kunstmatige smaakstoffen of kleurstoffen.\u00a0<\/span><\/p>\n<p>&nbsp;<\/p>\n<p style=\"text-align: justify;\"><span style=\"color: #c36ba3;\"><span style=\"font-size: larger;\"><strong>Analyse<\/strong><\/span><\/span><\/p>\n<table border=\"0\" width=\"530\" cellspacing=\"1\" cellpadding=\"1\">\n<tbody>\n<tr>\n<td valign=\"top\"><span style=\"font-size: medium;\"><strong>Analytische<br \/>\nbestanddelen\/kg<\/strong><\/span><\/td>\n<td valign=\"top\"><span style=\"font-size: medium;\">\u00a0<\/span><\/td>\n<td valign=\"top\"><span style=\"font-size: medium;\"><strong>Nutritionele<br \/>\ntoevoegingsmiddelen\/kg<\/strong><\/span><\/td>\n<td valign=\"top\"><span style=\"font-size: medium;\">\u00a0<\/span><\/td>\n<\/tr>\n<tr>\n<td valign=\"top\"><span style=\"font-size: medium;\">Vocht<br \/>\nRuwe prote\u00efne<br \/>\nRuw vet<br \/>\nRuwe as<br \/>\nRuw vezel<br \/>\nCalcium (Ca)<br \/>\nFosfor (P)<br \/>\nNatrium (Na)<br \/>\nMagnesium (Mg)<br \/>\nChloride (Cl)<br \/>\nZwavel (S)<br \/>\nKalium<br \/>\nLysine<br \/>\nMethionine<br \/>\nCystine<br \/>\nTreonine<br \/>\nTryptophaan<br \/>\nLinolzuur (\u03c96)<br \/>\nLinoleenzuur (\u03c93)<br \/>\nArachidonzuur (\u03c96)<br \/>\nEPA (\u03c93)<br \/>\neicosapentaeenzuur<br \/>\nDHA (\u03c93)<br \/>\ndocosahexaeenzuur<br \/>\nKoolhydraten<br \/>\n<\/span><\/td>\n<td valign=\"top\"><span style=\"font-size: medium;\">6.00%<br \/>\n24.0 %<br \/>\n20.0 %<br \/>\n4.00 %<br \/>\n3.00 %<br \/>\n0.50 %<br \/>\n0.40 %<br \/>\n1.80 g<br \/>\n0.70 g<br \/>\n9.00 g<br \/>\n7.00 g<br \/>\n6.00 g<br \/>\n14.0 g<br \/>\n7.00 g<br \/>\n3.00 g<br \/>\n8.10 g<br \/>\n2.00 g<br \/>\n20.0 g<br \/>\n3.30 g<br \/>\n0.12 g<br \/>\n6.00 g<br \/>\n<\/span><br \/>\n11.0 g<br \/>\n<span style=\"color: #f2f3f0;\">Y<\/span><br \/>\n43.0 %<\/td>\n<td valign=\"top\"><span style=\"font-size: medium;\">Vitamine A*<br \/>\nVitamine D3*<br \/>\nVitamine E*<br \/>\nVitamine B1<br \/>\nVitamine B2<br \/>\nVitamine B6<br \/>\nVitamine B12<br \/>\nVitamine C<br \/>\nBiotine<br \/>\nCholine<br \/>\nFoliumzuur<br \/>\nPantotheenzuur<br \/>\nNiacin<br \/>\n<\/span><\/td>\n<td valign=\"top\"><span style=\"font-size: medium;\"><span style=\"font-size: medium;\">20.000 IE<br \/>\n1.750 IE<br \/>\n450 mg<br \/>\n10.0 mg<br \/>\n8.00 mg<br \/>\n8.00 mg<br \/>\n0.05 mg<br \/>\n285 mg<br \/>\n200 \u03bcg<br \/>\n1.600 mg<br \/>\n9.00 mg<br \/>\n16.3 mg<br \/>\n80.0 mg<\/span><\/span><\/td>\n<\/tr>\n<\/tbody>\n<\/table>\n<p><strong>Energie 4184 Kcal\/kg [17.5 MJ\/kg]<\/strong><br \/>\n<strong>urine pH = ca 6,5<\/strong><\/p>\n<p><span style=\"font-size: medium;\"><strong>Vitaminen:<\/strong><br \/>\nVitamine A (retinylacetaat)<br \/>\nVitamine D3 (cholecalciferol)<br \/>\nVitamine E (all-rac-\u0430lfa-tocoferolacetaat)<br \/>\n<\/span><\/p>\n<p><span style=\"font-size: medium;\"><strong>Spoorelementen:<\/strong><br \/>\nMangaan (Mn) (mangaan-(II)-oxide) 15 mg\/kg<br \/>\nKoper (Cu) (koper-(II)-sulfaat pentahydraat) 5.0 mg\/kg<br \/>\nZink (Zn) (zink-(II)-sulfaat monohydraat) 100 mg\/kg<br \/>\nJodium (I) (calciumjodaat, watervrij) 1.50 mg\/kg<br \/>\nSelenium (Se) (natriumseleniet) 0.20 mg\/kg<\/span><\/p>\n<p><strong>Sensori\u00eble toevoegingsmiddelen: <\/strong><br \/>\nYucca Schidigera Extract 125 mg\/kg<br \/>\nMarigold extract (bron van lute\u00efne) 100 mg\/kg<\/p>\n<p><span style=\"font-size: medium;\"><strong>Overige nutritionele toevoegingsmiddelen: <\/strong><br \/>\nL-Carnitine 100 mg\/kg<br \/>\n\u00df-Caroteen 100 mg\/kg<br \/>\nTaurine 1500 mg\/kg<br \/>\nDL-Methionine 5000 mg\/kg<br \/>\nL-Lysine 4000 mg\/kg<\/span><\/p>\n<p>&nbsp;<\/p>\n<p style=\"text-align: justify;\"><span style=\"color: #c36ba3;\"><span style=\"font-size: larger;\"><strong>Voedingsschema<\/strong><\/span><\/span><\/p>\n<table border=\"1\" width=\"413\" cellspacing=\"1\" cellpadding=\"1\">\n<tbody>\n<tr>\n<td style=\"text-align: center;\"><span style=\"font-size: medium;\">\u00a0Gewicht<br \/>\n<\/span><\/td>\n<td style=\"text-align: center;\"><span style=\"font-size: medium;\">\u00a0 Dagrantsoen<br \/>\n<\/span><\/td>\n<td rowspan=\"6\"><\/td>\n<\/tr>\n<tr>\n<td style=\"text-align: center;\"><span style=\"font-size: medium;\">2 kg<\/span><\/td>\n<td style=\"text-align: center;\"><span style=\"font-size: medium;\">30 &#8211; 40 g<\/span><\/td>\n<\/tr>\n<tr>\n<td style=\"text-align: center;\"><span style=\"font-size: medium;\">3 kg<\/span><\/td>\n<td style=\"text-align: center;\"><span style=\"font-size: medium;\">40 &#8211; 55 g<\/span><\/td>\n<\/tr>\n<tr>\n<td style=\"text-align: center;\"><span style=\"font-size: medium;\">4 kg<\/span><\/td>\n<td style=\"text-align: center;\"><span style=\"font-size: medium;\">50 &#8211; 70 g<\/span><\/td>\n<\/tr>\n<tr>\n<td style=\"text-align: center;\"><span style=\"font-size: medium;\">5 kg<\/span><\/td>\n<td style=\"text-align: center;\"><span style=\"font-size: medium;\">60 &#8211; 85 g<\/span><\/td>\n<\/tr>\n<tr>\n<td style=\"text-align: center;\"><span style=\"font-size: medium;\">&gt;6 kg<\/span><\/td>\n<td style=\"text-align: center;\"><span style=\"font-size: medium;\">10 &#8211; 15 g\/kg<\/span><\/td>\n<\/tr>\n<\/tbody>\n<\/table>\n<p>&nbsp;<\/p>\n<p style=\"text-align: justify;\"><span style=\"color: #c36ba3;\"><span style=\"font-size: larger;\"><strong>Verpakking<\/strong><\/span><\/span><\/p>\n<p><span style=\"font-size: medium;\">750 g \u00a0 \u00a0EAN \u00a0 8717496485342<br \/>\n3 kg \u00a0\u00a0\u00a0\u00a0\u00a0 EAN\u00a0 8717496485359<\/span><\/p>\n<p>&nbsp;<\/p>\n<p style=\"text-align: justify;\"><span style=\"color: #c36ba3;\"><span style=\"font-size: larger;\"><strong>Bewaaradvies<\/strong><\/span><\/span><\/p>\n<p style=\"text-align: justify;\"><span style=\"font-size: medium;\">Hoewel droogvoer niet zo snel bederft als andere soorten voedsel, is het niet oneindig lang houdbaar. Zorg er altijd voor dat u dergelijke voedingsmiddelen voor vervaldatum gebruikt. Houd het voedsel droog en bewaar het in de zak waar u het in heeft gekocht; onze zakken zijn ontworpen om vocht en luchtstroom te weerstaan. De beste manier om een grote zak met honden- of kattenvoer op te bergen is door de originele zak in een schone plastic emmer of plastic container met een veilig deksel te plaatsen. Bewaar droog voedsel niet in vochtige ruimtes, omdat vochtige omstandigheden het bederf versnellen. Rol de bovenkant van de zak altijd strak naar beneden en sluit deze af met een clip of knijper. Het wordt aan de eigenaren van huisdieren aangeraden om droge voeding te bewaren op locaties die niet warmer zijn dan 23 \u00b0C (graden Celsius). <\/span><\/p>\n<p><strong>\u00a0<\/strong><strong><span style=\"font-size: medium;\">\u00a0<\/span><\/strong><\/p>\n<p><span style=\"font-size: medium;\"><br \/>\n<\/span><strong><span style=\"font-size: medium;\">Een gezonde kat is een gelukkige kat.<\/span><\/strong><\/p>\n<p>&nbsp;<\/p>\n","protected":false},"excerpt":{"rendered":"<p style=\"text-align: left;\"><span style=\"color: #c36ba3;\"><strong><span style=\"font-size: X-large;\">VOOR HET ONDER CONTROLE HOUDEN VAN CHRONISCHE NIERAANDOENINGEN<\/span><\/strong><\/span><\/p>\n<p style=\"text-align: left;\"><span style=\"font-size: large;\">Urine pH controle 6,5<br \/>\nLaag (Na) Natriumgehalte (0.18%)<br \/>\nLaag (P) Fosforgehalte (0.40%)<br \/>\nRijk aan EPA+DHA<br \/>\nNatuurlijke Antioxidanten mengsel<br \/>\nL-Carnitine<br \/>\nPrebiotica (MOS+FOS)<br \/>\nFHV (Vezel-Hoog-Viscositeit)<br \/>\nFLV (Vezel-Laag-Viscositeit)<br \/>\nGeurbeheersing<\/span><\/p>\n","protected":false},"featured_media":2326,"comment_status":"open","ping_status":"closed","template":"","meta":{"_acf_changed":false},"product_brand":[],"product_cat":[175,199],"product_tag":[],"class_list":{"0":"post-3920","1":"product","2":"type-product","3":"status-publish","4":"has-post-thumbnail","6":"product_cat-pro-vet-nl","7":"product_cat-gespecialiseerde-droogvoeding-voor-katten","9":"first","10":"instock","11":"shipping-taxable","12":"product-type-simple"},"acf":[],"yoast_head":"<!-- This site is optimized with the Yoast SEO plugin v27.6 - https:\/\/yoast.com\/product\/yoast-seo-wordpress\/ -->\n<title>PRO-VET\u00ae Renal - Prof Pet Corporation<\/title>\n<meta name=\"robots\" content=\"index, follow, max-snippet:-1, max-image-preview:large, max-video-preview:-1\" \/>\n<link rel=\"canonical\" href=\"https:\/\/www.profpetcorporation.com\/nl\/product\/pro-vet-renal\/\" \/>\n<meta property=\"og:locale\" content=\"nl_NL\" \/>\n<meta property=\"og:type\" content=\"article\" \/>\n<meta property=\"og:title\" content=\"PRO-VET\u00ae Renal - Prof Pet Corporation\" \/>\n<meta property=\"og:description\" content=\"VOOR HET ONDER CONTROLE HOUDEN VAN CHRONISCHE NIERAANDOENINGEN Urine pH controle 6,5 Laag (Na) Natriumgehalte (0.18%) Laag (P) Fosforgehalte (0.40%) Rijk aan EPA+DHA Natuurlijke Antioxidanten mengsel L-Carnitine Prebiotica (MOS+FOS) FHV (Vezel-Hoog-Viscositeit) FLV (Vezel-Laag-Viscositeit) Geurbeheersing\" \/>\n<meta property=\"og:url\" content=\"https:\/\/www.profpetcorporation.com\/nl\/product\/pro-vet-renal\/\" \/>\n<meta property=\"og:site_name\" content=\"Prof Pet Corporation\" \/>\n<meta property=\"article:modified_time\" content=\"2025-04-10T11:54:37+00:00\" \/>\n<meta property=\"og:image\" content=\"https:\/\/www.profpetcorporation.com\/wp-content\/uploads\/2024\/04\/PRO-VET-Renal-3kg.jpg\" \/>\n\t<meta property=\"og:image:width\" content=\"2362\" \/>\n\t<meta property=\"og:image:height\" content=\"2362\" \/>\n\t<meta property=\"og:image:type\" content=\"image\/jpeg\" \/>\n<meta name=\"twitter:card\" content=\"summary_large_image\" \/>\n<meta name=\"twitter:label1\" content=\"Geschatte leestijd\" \/>\n\t<meta name=\"twitter:data1\" content=\"6 minuten\" \/>\n<script type=\"application\/ld+json\" class=\"yoast-schema-graph\">{\"@context\":\"https:\\\/\\\/schema.org\",\"@graph\":[{\"@type\":\"WebPage\",\"@id\":\"https:\\\/\\\/www.profpetcorporation.com\\\/nl\\\/product\\\/pro-vet-renal\\\/\",\"url\":\"https:\\\/\\\/www.profpetcorporation.com\\\/nl\\\/product\\\/pro-vet-renal\\\/\",\"name\":\"PRO-VET\u00ae Renal - Prof Pet Corporation\",\"isPartOf\":{\"@id\":\"https:\\\/\\\/www.profpetcorporation.com\\\/nl\\\/#website\"},\"primaryImageOfPage\":{\"@id\":\"https:\\\/\\\/www.profpetcorporation.com\\\/nl\\\/product\\\/pro-vet-renal\\\/#primaryimage\"},\"image\":{\"@id\":\"https:\\\/\\\/www.profpetcorporation.com\\\/nl\\\/product\\\/pro-vet-renal\\\/#primaryimage\"},\"thumbnailUrl\":\"https:\\\/\\\/www.profpetcorporation.com\\\/wp-content\\\/uploads\\\/2024\\\/04\\\/PRO-VET-Renal-3kg.jpg\",\"datePublished\":\"2024-07-10T18:53:13+00:00\",\"dateModified\":\"2025-04-10T11:54:37+00:00\",\"breadcrumb\":{\"@id\":\"https:\\\/\\\/www.profpetcorporation.com\\\/nl\\\/product\\\/pro-vet-renal\\\/#breadcrumb\"},\"inLanguage\":\"nl-NL\",\"potentialAction\":[{\"@type\":\"ReadAction\",\"target\":[\"https:\\\/\\\/www.profpetcorporation.com\\\/nl\\\/product\\\/pro-vet-renal\\\/\"]}]},{\"@type\":\"ImageObject\",\"inLanguage\":\"nl-NL\",\"@id\":\"https:\\\/\\\/www.profpetcorporation.com\\\/nl\\\/product\\\/pro-vet-renal\\\/#primaryimage\",\"url\":\"https:\\\/\\\/www.profpetcorporation.com\\\/wp-content\\\/uploads\\\/2024\\\/04\\\/PRO-VET-Renal-3kg.jpg\",\"contentUrl\":\"https:\\\/\\\/www.profpetcorporation.com\\\/wp-content\\\/uploads\\\/2024\\\/04\\\/PRO-VET-Renal-3kg.jpg\",\"width\":2362,\"height\":2362},{\"@type\":\"BreadcrumbList\",\"@id\":\"https:\\\/\\\/www.profpetcorporation.com\\\/nl\\\/product\\\/pro-vet-renal\\\/#breadcrumb\",\"itemListElement\":[{\"@type\":\"ListItem\",\"position\":1,\"name\":\"Home\",\"item\":\"https:\\\/\\\/www.profpetcorporation.com\\\/nl\\\/\"},{\"@type\":\"ListItem\",\"position\":2,\"name\":\"Winkel\",\"item\":\"https:\\\/\\\/www.profpetcorporation.com\\\/shop\\\/\"},{\"@type\":\"ListItem\",\"position\":3,\"name\":\"PRO-VET\u00ae\",\"item\":\"https:\\\/\\\/www.profpetcorporation.com\\\/nl\\\/merken\\\/pro-vet-nl\\\/\"},{\"@type\":\"ListItem\",\"position\":4,\"name\":\"PRO-VET\u00ae Renal\"}]},{\"@type\":\"WebSite\",\"@id\":\"https:\\\/\\\/www.profpetcorporation.com\\\/nl\\\/#website\",\"url\":\"https:\\\/\\\/www.profpetcorporation.com\\\/nl\\\/\",\"name\":\"Prof Pet Corporation\",\"description\":\"\",\"potentialAction\":[{\"@type\":\"SearchAction\",\"target\":{\"@type\":\"EntryPoint\",\"urlTemplate\":\"https:\\\/\\\/www.profpetcorporation.com\\\/nl\\\/?s={search_term_string}\"},\"query-input\":{\"@type\":\"PropertyValueSpecification\",\"valueRequired\":true,\"valueName\":\"search_term_string\"}}],\"inLanguage\":\"nl-NL\"}]}<\/script>\n<!-- \/ Yoast SEO plugin. -->","yoast_head_json":{"title":"PRO-VET\u00ae Renal - Prof Pet Corporation","robots":{"index":"index","follow":"follow","max-snippet":"max-snippet:-1","max-image-preview":"max-image-preview:large","max-video-preview":"max-video-preview:-1"},"canonical":"https:\/\/www.profpetcorporation.com\/nl\/product\/pro-vet-renal\/","og_locale":"nl_NL","og_type":"article","og_title":"PRO-VET\u00ae Renal - Prof Pet Corporation","og_description":"VOOR HET ONDER CONTROLE HOUDEN VAN CHRONISCHE NIERAANDOENINGEN Urine pH controle 6,5 Laag (Na) Natriumgehalte (0.18%) Laag (P) Fosforgehalte (0.40%) Rijk aan EPA+DHA Natuurlijke Antioxidanten mengsel L-Carnitine Prebiotica (MOS+FOS) FHV (Vezel-Hoog-Viscositeit) FLV (Vezel-Laag-Viscositeit) Geurbeheersing","og_url":"https:\/\/www.profpetcorporation.com\/nl\/product\/pro-vet-renal\/","og_site_name":"Prof Pet Corporation","article_modified_time":"2025-04-10T11:54:37+00:00","og_image":[{"width":2362,"height":2362,"url":"https:\/\/www.profpetcorporation.com\/wp-content\/uploads\/2024\/04\/PRO-VET-Renal-3kg.jpg","type":"image\/jpeg"}],"twitter_card":"summary_large_image","twitter_misc":{"Geschatte leestijd":"6 minuten"},"schema":{"@context":"https:\/\/schema.org","@graph":[{"@type":"WebPage","@id":"https:\/\/www.profpetcorporation.com\/nl\/product\/pro-vet-renal\/","url":"https:\/\/www.profpetcorporation.com\/nl\/product\/pro-vet-renal\/","name":"PRO-VET\u00ae Renal - Prof Pet Corporation","isPartOf":{"@id":"https:\/\/www.profpetcorporation.com\/nl\/#website"},"primaryImageOfPage":{"@id":"https:\/\/www.profpetcorporation.com\/nl\/product\/pro-vet-renal\/#primaryimage"},"image":{"@id":"https:\/\/www.profpetcorporation.com\/nl\/product\/pro-vet-renal\/#primaryimage"},"thumbnailUrl":"https:\/\/www.profpetcorporation.com\/wp-content\/uploads\/2024\/04\/PRO-VET-Renal-3kg.jpg","datePublished":"2024-07-10T18:53:13+00:00","dateModified":"2025-04-10T11:54:37+00:00","breadcrumb":{"@id":"https:\/\/www.profpetcorporation.com\/nl\/product\/pro-vet-renal\/#breadcrumb"},"inLanguage":"nl-NL","potentialAction":[{"@type":"ReadAction","target":["https:\/\/www.profpetcorporation.com\/nl\/product\/pro-vet-renal\/"]}]},{"@type":"ImageObject","inLanguage":"nl-NL","@id":"https:\/\/www.profpetcorporation.com\/nl\/product\/pro-vet-renal\/#primaryimage","url":"https:\/\/www.profpetcorporation.com\/wp-content\/uploads\/2024\/04\/PRO-VET-Renal-3kg.jpg","contentUrl":"https:\/\/www.profpetcorporation.com\/wp-content\/uploads\/2024\/04\/PRO-VET-Renal-3kg.jpg","width":2362,"height":2362},{"@type":"BreadcrumbList","@id":"https:\/\/www.profpetcorporation.com\/nl\/product\/pro-vet-renal\/#breadcrumb","itemListElement":[{"@type":"ListItem","position":1,"name":"Home","item":"https:\/\/www.profpetcorporation.com\/nl\/"},{"@type":"ListItem","position":2,"name":"Winkel","item":"https:\/\/www.profpetcorporation.com\/shop\/"},{"@type":"ListItem","position":3,"name":"PRO-VET\u00ae","item":"https:\/\/www.profpetcorporation.com\/nl\/merken\/pro-vet-nl\/"},{"@type":"ListItem","position":4,"name":"PRO-VET\u00ae Renal"}]},{"@type":"WebSite","@id":"https:\/\/www.profpetcorporation.com\/nl\/#website","url":"https:\/\/www.profpetcorporation.com\/nl\/","name":"Prof Pet Corporation","description":"","potentialAction":[{"@type":"SearchAction","target":{"@type":"EntryPoint","urlTemplate":"https:\/\/www.profpetcorporation.com\/nl\/?s={search_term_string}"},"query-input":{"@type":"PropertyValueSpecification","valueRequired":true,"valueName":"search_term_string"}}],"inLanguage":"nl-NL"}]}},"_links":{"self":[{"href":"https:\/\/www.profpetcorporation.com\/nl\/wp-json\/wp\/v2\/product\/3920","targetHints":{"allow":["GET"]}}],"collection":[{"href":"https:\/\/www.profpetcorporation.com\/nl\/wp-json\/wp\/v2\/product"}],"about":[{"href":"https:\/\/www.profpetcorporation.com\/nl\/wp-json\/wp\/v2\/types\/product"}],"replies":[{"embeddable":true,"href":"https:\/\/www.profpetcorporation.com\/nl\/wp-json\/wp\/v2\/comments?post=3920"}],"wp:featuredmedia":[{"embeddable":true,"href":"https:\/\/www.profpetcorporation.com\/nl\/wp-json\/wp\/v2\/media\/2326"}],"wp:attachment":[{"href":"https:\/\/www.profpetcorporation.com\/nl\/wp-json\/wp\/v2\/media?parent=3920"}],"wp:term":[{"taxonomy":"product_brand","embeddable":true,"href":"https:\/\/www.profpetcorporation.com\/nl\/wp-json\/wp\/v2\/product_brand?post=3920"},{"taxonomy":"product_cat","embeddable":true,"href":"https:\/\/www.profpetcorporation.com\/nl\/wp-json\/wp\/v2\/product_cat?post=3920"},{"taxonomy":"product_tag","embeddable":true,"href":"https:\/\/www.profpetcorporation.com\/nl\/wp-json\/wp\/v2\/product_tag?post=3920"}],"curies":[{"name":"wp","href":"https:\/\/api.w.org\/{rel}","templated":true}]}}