{"id":3912,"date":"2024-07-10T16:56:25","date_gmt":"2024-07-10T16:56:25","guid":{"rendered":"https:\/\/profpetcorporation.previewready.nl\/?post_type=product&#038;p=3912"},"modified":"2024-11-09T13:39:21","modified_gmt":"2024-11-09T13:39:21","slug":"pro-vet-mobility","status":"publish","type":"product","link":"https:\/\/www.profpetcorporation.com\/nl\/product\/pro-vet-mobility\/","title":{"rendered":"PRO-VET\u00ae Mobility"},"content":{"rendered":"<p style=\"text-align: justify;\"><span style=\"color: #5b89cb;\"><span style=\"font-size: larger;\"><strong>Indicatie<\/strong><\/span><\/span><\/p>\n<p style=\"text-align: justify;\"><span style=\"font-size: medium;\"><strong>PRO-VET<\/strong>\u00ae<strong> Mobility\u00a0<\/strong>is speciaal ontwikkeld voor katten met een verminderde mobiliteit en osteoarthrose of met een neiging tot het ontwikkelen van deze symptomen. <strong>PRO-VET<\/strong>\u00ae<strong> Mobility<\/strong>\u00a0is verrijkt met een mengsel van chondro-beschermende agenten, namelijk zalmolie, gelatinehydrolysate, glucosamine, chondro\u00eftine sulfaat, groen-lipmossel en een speciaal melkconcentraat.<\/span><\/p>\n<p style=\"text-align: justify;\"><span style=\"font-size: medium;\">Vier recente studies in verschillende veterinaire klinieken hebben aangetoond dat een dieet met zalmolie, gelatinehydrolysaat, glucosamine, chondro\u00eftine sulfaat, groen-lipmossel en een speciale melkconcentraat de vooruitgang van osteoarthrose bij katten vertraagt. <strong>PRO-VET<\/strong>\u00ae<strong> Mobility<\/strong>\u00a0bevat een combinatie van nutraceuticals waardoor ontstekingsreacties in de gewrichten worden geremd, de pijn wordt verzacht en verdere afbraak van de kraakbeenmatrix wordt tegengegaan.<br \/>\nDe individuele nutraceaticals hebben veelal verschillende werkingsmechanismen waardoor ze mogelijk centristisch zijn.<br \/>\nEpidemiologisch onderzoek heeft een associatie aangetoond tussen overgewicht en klinische symptomen van osteoarthritis bij de kat. Omdat osteoartrose is geassocieerd met overgewicht en hogere leeftijd heeft <strong>PRO-VET<\/strong>\u00ae<strong> Mobility<\/strong>\u00a0daarom bovendien lage gehalten aan energie, eiwit en fosfor en is verrijkt met L-carnitine en vitamine E.<br \/>\n<strong>PRO-VET<\/strong>\u00ae<strong> Mobility<\/strong> vermindert bij katten met overgewicht en osteoarthritis de ernst van klinishe symptomen door gewichtsreductie. Bij katten is osteoartrose een frequente aandachtige chronische, progressieve en pijnlijke ziekte van de bewegingsapparaat. Ernstige vormen van osteoarthrose kunnen de reden zijn voor euthanasie. Naast degeneratie van kraakbeen wordt het ziektebeeld getypeerd tot onstekingsreacties in de synoviale membraan. In het licht van bovengenoemde verschillen kan <strong>PRO-VET<\/strong>\u00ae<strong> Mobility<\/strong>\u00a0een positief effect op osteoartrose geven.<\/span><\/p>\n<p>&nbsp;<\/p>\n<p style=\"text-align: justify;\"><span style=\"color: #5b89cb;\"><span style=\"font-size: larger;\"><strong>Effectiviteiten<\/strong><\/span><\/span><\/p>\n<table border=\"1\" width=\"530\" cellspacing=\"1\" cellpadding=\"1\">\n<tbody>\n<tr>\n<td style=\"text-align: left;\" valign=\"top\" width=\"280\"><span style=\"font-size: medium;\"><strong>KARAKTERISTIEK<\/strong><\/span><\/td>\n<td valign=\"top\"><span style=\"font-size: medium;\"><strong>EFFECT<\/strong><\/span><\/td>\n<\/tr>\n<tr>\n<td valign=\"top\" width=\"280\"><span style=\"font-size: medium;\">Chondrobeschermende Eigenchappen<\/span><\/td>\n<td valign=\"top\"><span style=\"font-size: medium;\">Biedt een ontstekingsremmende werking. Hindert de afbraak van het kraakbeen.<\/span><\/td>\n<\/tr>\n<tr>\n<td valign=\"top\" width=\"280\"><span style=\"font-size: medium;\">Gelatinehydrolysaat<\/span><\/td>\n<td valign=\"top\"><span style=\"font-size: medium;\">Stimuleert de synthese van collageenkraakbeen en vertraagt de progressie van artrose. Hindert de afbraak van het kraakbeen.<\/span><\/td>\n<\/tr>\n<tr>\n<td valign=\"top\" width=\"280\"><span style=\"font-size: medium;\">Toegevoegde zalmolie 5%<br \/>\n<\/span><\/td>\n<td valign=\"top\"><span style=\"font-size: medium;\">Ontstekingsremmende werking.<br \/>\nAnti-cachectische werking.<\/span><\/td>\n<\/tr>\n<tr>\n<td valign=\"top\" width=\"280\"><span style=\"font-size: medium;\">Lage energiewaarde<br \/>\n+ Hoge L-carnitine 0,075%<\/span><\/td>\n<td valign=\"top\"><span style=\"font-size: medium;\">Bevordert de controle op lichaamsgewicht en adipositas.<\/span><\/td>\n<\/tr>\n<tr>\n<td valign=\"top\" width=\"280\"><span style=\"font-size: medium;\">Hoge verteerbaarheid van eiwitten, vetten en koolhydraten.<\/span><\/td>\n<td valign=\"top\"><span style=\"font-size: medium;\">Goede consistentie van de ontlasting.<\/span><\/td>\n<\/tr>\n<tr>\n<td valign=\"top\" width=\"280\"><span style=\"font-size: medium;\">Rijk aan meervoudig onverzadigde vetzuren van de omega-3 familie (EPA+DHA)<\/span><\/td>\n<td valign=\"top\"><span style=\"font-size: medium;\">Stimuleert de immuunfunctie.<br \/>\nVerbetert de huid bij atopische aandoeningen. Vermindert het risico op kanker, nierziekte en gewrichtsaandoeningen.<\/span><\/td>\n<\/tr>\n<tr>\n<td valign=\"top\" width=\"280\"><span style=\"font-size: medium;\">Rijk aan natuurlijke anti-oxidanten.<\/span><\/td>\n<td valign=\"top\"><span style=\"font-size: medium;\">Vermindert het risico op kanker en nierziekte.<\/span><\/td>\n<\/tr>\n<tr>\n<td valign=\"top\" width=\"280\"><span style=\"font-size: medium;\">Laag beschikbare fosfor.<\/span><\/td>\n<td valign=\"top\"><span style=\"font-size: medium;\">Vermindert het risico op de ontwikkeling van nierziekte.<\/span><\/td>\n<\/tr>\n<tr>\n<td valign=\"top\" width=\"280\"><span style=\"font-size: medium;\">Rijk aan vezelstoffen met hoge viscositeit (FHV)<\/span><\/td>\n<td valign=\"top\"><span style=\"font-size: medium;\">Minder risico op diabetes en haarballen. Stimuleren de darmmotiliteit en bevorderen de consistentie van de ontlasting.<\/span><\/td>\n<\/tr>\n<tr>\n<td valign=\"top\" width=\"280\"><span style=\"font-size: medium;\">Rijk aan vezelstoffen met lage viscositeit (FLV)<\/span><\/td>\n<td valign=\"top\"><span style=\"font-size: medium;\">Bevordert darmmotiliteit en controleert haarbalvorming.<\/span><\/td>\n<\/tr>\n<tr>\n<td valign=\"top\" width=\"280\"><span style=\"font-size: medium;\">Toegevoegde Yucca extract<\/span><\/td>\n<td valign=\"top\"><span style=\"font-size: medium;\">Minder geur van de ontlasting<\/span><\/td>\n<\/tr>\n<tr>\n<td valign=\"top\" width=\"280\"><span style=\"font-size: medium;\">Toegevoegde prebiotics (FOS\/MOS)<\/span><\/td>\n<td valign=\"top\"><span style=\"font-size: medium;\">Toename van gunstige bacteri\u00ebn in de darm.<\/span><\/td>\n<\/tr>\n<\/tbody>\n<\/table>\n<p>&nbsp;<\/p>\n<p style=\"text-align: justify;\"><span style=\"color: #5b89cb;\"><span style=\"font-size: larger;\"><strong>Samenstelling<\/strong><\/span><\/span><\/p>\n<p style=\"text-align: justify;\"><span style=\"font-size: medium;\">rijst, dierlijke eitwitbronnen, gerst, dierlijk vet, ma\u00efs, tarwe, visolie (zalm), ma\u00efsgluten, gedroogde bietpulp, gedroogde aardappel, gehydrolyseerde gelatine, gedroogd gevogelte, aardappel-prote\u00efne, gedroogde gistextract, gehydrolyseerde kippenlever, mineralen, gepurificeerde groentevezels (cellulose), gehydrolyseerde extract van week- en schaaldieren (bron van glucosamine), inuline, chondro\u00eftinesulfaat.<\/span><\/p>\n<p style=\"text-align: justify;\"><span style=\"font-size: medium;\"><strong>Antioxidanten:<\/strong> Verrijkt met oxidatie tegengaande stof, sterk tocopherol-houdend extract (vitamine E) van natuurlijke oorsprong (van plantaardige oli\u00ebn). PRO-VET\u00ae producten voldoen aan de standaarden van AAFCO, NRC en FEDIAF. Bevat g\u00e9\u00e9n kunstmatige smaakstoffen of kleurstoffen.\u00a0<\/span><\/p>\n<p>&nbsp;<\/p>\n<p style=\"text-align: justify;\"><span style=\"color: #5b89cb;\"><span style=\"font-size: larger;\"><strong>Analyse<\/strong><\/span><\/span><\/p>\n<table border=\"0\" width=\"530\" cellspacing=\"1\" cellpadding=\"1\">\n<tbody>\n<tr>\n<td valign=\"top\"><span style=\"font-size: medium;\"><strong>Analytische<br \/>\nbestanddelen\/kg<\/strong><\/span><\/td>\n<td valign=\"top\"><span style=\"font-size: medium;\">\u00a0<\/span><\/td>\n<td valign=\"top\"><span style=\"font-size: medium;\"><strong>Nutritionele<br \/>\ntoevoegingsmiddelen\/kg<\/strong><\/span><\/td>\n<td valign=\"top\"><span style=\"font-size: medium;\">\u00a0<\/span><\/td>\n<\/tr>\n<tr>\n<td valign=\"top\"><span style=\"font-size: medium;\">Vocht<br \/>\nRuwe prote\u00efne<br \/>\nRuw vet<br \/>\nRuwe as<br \/>\nRuw vezel<br \/>\nCalcium (Ca)<br \/>\nFosfor (P)<br \/>\nNatrium (Na)<br \/>\nMagnesium (Mg)<br \/>\nKalium<br \/>\nLysine<br \/>\nMethionine<br \/>\nCystine<br \/>\nTreonine<br \/>\nTryptophaan<br \/>\nLinolzuur (\u03c96)<br \/>\nLinoleenzuur (\u03c93)<br \/>\nArachidonzuur (\u03c96)<br \/>\nEPA (\u03c93)<br \/>\neicosapentaeenzuur<br \/>\nDHA (\u03c93)<br \/>\ndocosahexaeenzuur<br \/>\nKoolhydraten<br \/>\n<\/span><\/td>\n<td valign=\"top\"><span style=\"font-size: medium;\">8.00%<br \/>\n24.0 %<br \/>\n20.0 %<br \/>\n5.00 %<br \/>\n3.00 %<br \/>\n0.55 %<br \/>\n0.49 %<br \/>\n2.10 g<br \/>\n0.70 g<br \/>\n8.80 g<br \/>\n14.0 g<br \/>\n7.00 g<br \/>\n3.00 g<br \/>\n8.10 g<br \/>\n2.00 g<br \/>\n20.0 g<br \/>\n3.00 g<br \/>\n0.70 g<br \/>\n7.00 g<br \/>\n<\/span><br \/>\n7.00 g<br \/>\n<span style=\"color: #f2f3f0;\">Y<\/span><br \/>\n40.0 %<\/td>\n<td valign=\"top\"><span style=\"font-size: medium;\">Vitamine A<br \/>\nVitamine D3<br \/>\nVitamine E*<br \/>\nVitamine B1<br \/>\nVitamine B2<br \/>\nVitamine B6<br \/>\nVitamine B12<br \/>\nVitamine C<br \/>\nBiotine<br \/>\nCholine<br \/>\nFoliumzuur<br \/>\nPantotheenzuur<br \/>\nTaurine<br \/>\nLutein<br \/>\nBeta-Caroteen<br \/>\nL-Carnitine<br \/>\nInuline<br \/>\nL-Lysine<br \/>\ndl-methionine<br \/>\n<\/span><\/td>\n<td valign=\"top\"><span style=\"font-size: medium;\">16.500 IE<br \/>\n1.650 IE<br \/>\n450 mg<br \/>\n7.50 mg<br \/>\n5.60 mg<br \/>\n6.00 mg<br \/>\n30.0 \u03bcg<br \/>\n125 mg<br \/>\n225 \u03bcg<br \/>\n750 mg<br \/>\n9.00 mg<br \/>\n23.0 mg<br \/>\n1.200 mg<br \/>\n100 mg<br \/>\n100 mg<br \/>\n100 mg<br \/>\n500 mg<br \/>\n370 mg<br \/>\n100 mg<br \/>\n<\/span><\/td>\n<\/tr>\n<\/tbody>\n<\/table>\n<p><strong>Energie 4360 Kcal\/kg [17.8 MJ\/kg]<\/strong><br \/>\n<strong>urine pH = ca 6,5<\/strong><\/p>\n<p><span style=\"font-size: medium;\"><strong>Vitaminen:<\/strong><br \/>\nVitamine A (retinylacetaat)<br \/>\nVitamine D3 (cholecalciferol)<br \/>\nVitamine E (all-rac-\u0430lfa-tocoferolacetaat)<br \/>\n<\/span><\/p>\n<p><span style=\"font-size: medium;\"><strong>Spoorelementen:<\/strong><br \/>\nIjzer (Fe) (ijzer-(II)-sulfaat monohydraat) 100 mg<br \/>\nMangaan (Mn) (mangaan-(II)-oxide) 40 mg<br \/>\nKoper (Cu) (koper-(II)-sulfaat pentahydraat) 5.0 mg<br \/>\nZink (Zn) (zink-(II)-sulfaat monohydraat) 150 mg<br \/>\nJodium (I) (calciumjodaat, watervrij) 1.0 mg<br \/>\nSelenium (Se) (natriumseleniet) 0.20 mg<\/span><\/p>\n<p><span style=\"font-size: medium;\"><strong>Technologische toevoegingdmiddelen: <\/strong><br \/>\nAmmoniumchloride 8.0 g\/kg<\/span><\/p>\n<p><strong>Sensori\u00eble toevoegingsmiddelen: <\/strong><br \/>\nYucca Schidigera Extract 125 mg\/kg<br \/>\nMarigold extract (bron van lute\u00efne) 100 mg<\/p>\n<p><span style=\"font-size: medium;\"><strong>Overige nutritionele toevoegingsmiddelen: <\/strong><br \/>\nL-Carnitine 100 mg\/kg<br \/>\n\u00df-Caroteen 100 mg\/kg<br \/>\nTaurine 750 mg\/kg<\/span><\/p>\n<p>&nbsp;<\/p>\n<p style=\"text-align: justify;\"><span style=\"color: #5b89cb;\"><span style=\"font-size: larger;\"><strong>Voedingsschema<\/strong><\/span><\/span><\/p>\n<table border=\"1\" width=\"413\" cellspacing=\"1\" cellpadding=\"1\">\n<tbody>\n<tr>\n<td style=\"text-align: center;\"><span style=\"font-size: medium;\">\u00a0Gewicht<br \/>\n<\/span><\/td>\n<td style=\"text-align: center;\"><span style=\"font-size: medium;\">\u00a0 Dagrantsoen<br \/>\n<\/span><\/td>\n<td rowspan=\"6\"><\/td>\n<\/tr>\n<tr>\n<td style=\"text-align: center;\"><span style=\"font-size: medium;\">2 kg<\/span><\/td>\n<td style=\"text-align: center;\"><span style=\"font-size: medium;\">30 &#8211; 40 g<\/span><\/td>\n<\/tr>\n<tr>\n<td style=\"text-align: center;\"><span style=\"font-size: medium;\">3 kg<\/span><\/td>\n<td style=\"text-align: center;\"><span style=\"font-size: medium;\">40 &#8211; 55 g<\/span><\/td>\n<\/tr>\n<tr>\n<td style=\"text-align: center;\"><span style=\"font-size: medium;\">4 kg<\/span><\/td>\n<td style=\"text-align: center;\"><span style=\"font-size: medium;\">50 &#8211; 70 g<\/span><\/td>\n<\/tr>\n<tr>\n<td style=\"text-align: center;\"><span style=\"font-size: medium;\">5 kg<\/span><\/td>\n<td style=\"text-align: center;\"><span style=\"font-size: medium;\">60 &#8211; 85 g<\/span><\/td>\n<\/tr>\n<tr>\n<td style=\"text-align: center;\"><span style=\"font-size: medium;\">&gt;6 kg<\/span><\/td>\n<td style=\"text-align: center;\"><span style=\"font-size: medium;\">10 &#8211; 15 g\/kg<\/span><\/td>\n<\/tr>\n<\/tbody>\n<\/table>\n<p>&nbsp;<\/p>\n<p style=\"text-align: justify;\"><span style=\"color: #5b89cb;\"><span style=\"font-size: larger;\"><strong>Verpakking<\/strong><\/span><\/span><\/p>\n<p><span style=\"font-size: medium;\">750g \u00a0 EAN\u00a0 8717496485014<br \/>\n3kg \u00a0 \u00a0\u00a0 EAN\u00a0 8717496485359<\/span><\/p>\n<p>&nbsp;<\/p>\n<p style=\"text-align: justify;\"><span style=\"color: #5b89cb;\"><span style=\"font-size: larger;\"><strong>Bewaaradvies<\/strong><\/span><\/span><\/p>\n<p style=\"text-align: justify;\"><span style=\"font-size: medium;\">Hoewel droogvoer niet zo snel bederft als andere soorten voedsel, is het niet oneindig lang houdbaar. Zorg er altijd voor dat u dergelijke voedingsmiddelen voor vervaldatum gebruikt. Houd het voedsel droog en bewaar het in de zak waar u het in heeft gekocht; onze zakken zijn ontworpen om vocht en luchtstroom te weerstaan. De beste manier om een grote zak met honden- of kattenvoer op te bergen is door de originele zak in een schone plastic emmer of plastic container met een veilig deksel te plaatsen. Bewaar droog voedsel niet in vochtige ruimtes, omdat vochtige omstandigheden het bederf versnellen. Rol de bovenkant van de zak altijd strak naar beneden en sluit deze af met een clip of knijper. Het wordt aan de eigenaren van huisdieren aangeraden om droge voeding te bewaren op locaties die niet warmer zijn dan 23 \u00b0C (graden Celsius). <\/span><\/p>\n<p>&nbsp;<\/p>\n<p>&nbsp;<\/p>\n<p><strong><span style=\"font-size: medium;\">\u00a0<\/span><\/strong><\/p>\n<p><span style=\"font-size: medium;\"><br \/>\n<\/span><strong><span style=\"font-size: medium;\">Een gezonde kat is een gelukkige kat.<\/span><\/strong><\/p>\n<p>&nbsp;<\/p>\n","protected":false},"excerpt":{"rendered":"<p style=\"text-align: left;\"><span style=\"color: #5b89cb;\"><strong><span style=\"font-size: X-large;\">VERBETERT MOBILITEIT EN BEHEERT OSTEOARTHROSE<\/span><\/strong><\/span><span style=\"font-size: large;\"><br \/>\n<\/span><\/p>\n<p style=\"text-align: left;\"><span style=\"font-size: large;\">Chondrobeschermende Eigenchappen<br \/>\nGelatinehydrolysaat<br \/>\nL-Carnitine<br \/>\nRij aan EPA+DHA<br \/>\nNatuurlijke Antioxidanten Mengsel<br \/>\nRijk aan Prebiotica (MOS+FOS)<br \/>\nFHV (Vezel-Hoog-Viscositeit)<br \/>\nFLV (Vezel-Laag-Viscositeit)<br \/>\nGeurbeheersing<\/span><\/p>\n","protected":false},"featured_media":2313,"comment_status":"open","ping_status":"closed","template":"","meta":{"_acf_changed":false},"product_brand":[],"product_cat":[199,175],"product_tag":[],"class_list":{"0":"post-3912","1":"product","2":"type-product","3":"status-publish","4":"has-post-thumbnail","6":"product_cat-gespecialiseerde-droogvoeding-voor-katten","7":"product_cat-pro-vet-nl","9":"first","10":"instock","11":"shipping-taxable","12":"product-type-simple"},"acf":[],"yoast_head":"<!-- This site is optimized with the Yoast SEO plugin v27.3 - https:\/\/yoast.com\/product\/yoast-seo-wordpress\/ -->\n<title>PRO-VET\u00ae Mobility - Prof Pet Corporation<\/title>\n<meta name=\"robots\" content=\"index, follow, max-snippet:-1, max-image-preview:large, max-video-preview:-1\" \/>\n<link rel=\"canonical\" href=\"https:\/\/www.profpetcorporation.com\/nl\/product\/pro-vet-mobility\/\" \/>\n<meta property=\"og:locale\" content=\"nl_NL\" \/>\n<meta property=\"og:type\" content=\"article\" \/>\n<meta property=\"og:title\" content=\"PRO-VET\u00ae Mobility - Prof Pet Corporation\" \/>\n<meta property=\"og:description\" content=\"VERBETERT MOBILITEIT EN BEHEERT OSTEOARTHROSE  Chondrobeschermende Eigenchappen Gelatinehydrolysaat L-Carnitine Rij aan EPA+DHA Natuurlijke Antioxidanten Mengsel Rijk aan Prebiotica (MOS+FOS) FHV (Vezel-Hoog-Viscositeit) FLV (Vezel-Laag-Viscositeit) Geurbeheersing\" \/>\n<meta property=\"og:url\" content=\"https:\/\/www.profpetcorporation.com\/nl\/product\/pro-vet-mobility\/\" \/>\n<meta property=\"og:site_name\" content=\"Prof Pet Corporation\" \/>\n<meta property=\"article:modified_time\" content=\"2024-11-09T13:39:21+00:00\" \/>\n<meta property=\"og:image\" content=\"https:\/\/www.profpetcorporation.com\/wp-content\/uploads\/2024\/04\/PRO-VET-Mobility-3kg-1.jpg\" \/>\n\t<meta property=\"og:image:width\" content=\"2362\" \/>\n\t<meta property=\"og:image:height\" content=\"2362\" \/>\n\t<meta property=\"og:image:type\" content=\"image\/jpeg\" \/>\n<meta name=\"twitter:card\" content=\"summary_large_image\" \/>\n<meta name=\"twitter:label1\" content=\"Geschatte leestijd\" \/>\n\t<meta name=\"twitter:data1\" content=\"5 minuten\" \/>\n<script type=\"application\/ld+json\" class=\"yoast-schema-graph\">{\"@context\":\"https:\\\/\\\/schema.org\",\"@graph\":[{\"@type\":\"WebPage\",\"@id\":\"https:\\\/\\\/www.profpetcorporation.com\\\/nl\\\/product\\\/pro-vet-mobility\\\/\",\"url\":\"https:\\\/\\\/www.profpetcorporation.com\\\/nl\\\/product\\\/pro-vet-mobility\\\/\",\"name\":\"PRO-VET\u00ae Mobility - Prof Pet Corporation\",\"isPartOf\":{\"@id\":\"https:\\\/\\\/www.profpetcorporation.com\\\/nl\\\/#website\"},\"primaryImageOfPage\":{\"@id\":\"https:\\\/\\\/www.profpetcorporation.com\\\/nl\\\/product\\\/pro-vet-mobility\\\/#primaryimage\"},\"image\":{\"@id\":\"https:\\\/\\\/www.profpetcorporation.com\\\/nl\\\/product\\\/pro-vet-mobility\\\/#primaryimage\"},\"thumbnailUrl\":\"https:\\\/\\\/www.profpetcorporation.com\\\/wp-content\\\/uploads\\\/2024\\\/04\\\/PRO-VET-Mobility-3kg-1.jpg\",\"datePublished\":\"2024-07-10T16:56:25+00:00\",\"dateModified\":\"2024-11-09T13:39:21+00:00\",\"breadcrumb\":{\"@id\":\"https:\\\/\\\/www.profpetcorporation.com\\\/nl\\\/product\\\/pro-vet-mobility\\\/#breadcrumb\"},\"inLanguage\":\"nl-NL\",\"potentialAction\":[{\"@type\":\"ReadAction\",\"target\":[\"https:\\\/\\\/www.profpetcorporation.com\\\/nl\\\/product\\\/pro-vet-mobility\\\/\"]}]},{\"@type\":\"ImageObject\",\"inLanguage\":\"nl-NL\",\"@id\":\"https:\\\/\\\/www.profpetcorporation.com\\\/nl\\\/product\\\/pro-vet-mobility\\\/#primaryimage\",\"url\":\"https:\\\/\\\/www.profpetcorporation.com\\\/wp-content\\\/uploads\\\/2024\\\/04\\\/PRO-VET-Mobility-3kg-1.jpg\",\"contentUrl\":\"https:\\\/\\\/www.profpetcorporation.com\\\/wp-content\\\/uploads\\\/2024\\\/04\\\/PRO-VET-Mobility-3kg-1.jpg\",\"width\":2362,\"height\":2362},{\"@type\":\"BreadcrumbList\",\"@id\":\"https:\\\/\\\/www.profpetcorporation.com\\\/nl\\\/product\\\/pro-vet-mobility\\\/#breadcrumb\",\"itemListElement\":[{\"@type\":\"ListItem\",\"position\":1,\"name\":\"Home\",\"item\":\"https:\\\/\\\/www.profpetcorporation.com\\\/nl\\\/\"},{\"@type\":\"ListItem\",\"position\":2,\"name\":\"Winkel\",\"item\":\"https:\\\/\\\/www.profpetcorporation.com\\\/shop\\\/\"},{\"@type\":\"ListItem\",\"position\":3,\"name\":\"PRO-VET\u00ae\",\"item\":\"https:\\\/\\\/www.profpetcorporation.com\\\/nl\\\/merken\\\/pro-vet-nl\\\/\"},{\"@type\":\"ListItem\",\"position\":4,\"name\":\"PRO-VET\u00ae Mobility\"}]},{\"@type\":\"WebSite\",\"@id\":\"https:\\\/\\\/www.profpetcorporation.com\\\/nl\\\/#website\",\"url\":\"https:\\\/\\\/www.profpetcorporation.com\\\/nl\\\/\",\"name\":\"Prof Pet Corporation\",\"description\":\"\",\"potentialAction\":[{\"@type\":\"SearchAction\",\"target\":{\"@type\":\"EntryPoint\",\"urlTemplate\":\"https:\\\/\\\/www.profpetcorporation.com\\\/nl\\\/?s={search_term_string}\"},\"query-input\":{\"@type\":\"PropertyValueSpecification\",\"valueRequired\":true,\"valueName\":\"search_term_string\"}}],\"inLanguage\":\"nl-NL\"}]}<\/script>\n<!-- \/ Yoast SEO plugin. -->","yoast_head_json":{"title":"PRO-VET\u00ae Mobility - Prof Pet Corporation","robots":{"index":"index","follow":"follow","max-snippet":"max-snippet:-1","max-image-preview":"max-image-preview:large","max-video-preview":"max-video-preview:-1"},"canonical":"https:\/\/www.profpetcorporation.com\/nl\/product\/pro-vet-mobility\/","og_locale":"nl_NL","og_type":"article","og_title":"PRO-VET\u00ae Mobility - Prof Pet Corporation","og_description":"VERBETERT MOBILITEIT EN BEHEERT OSTEOARTHROSE  Chondrobeschermende Eigenchappen Gelatinehydrolysaat L-Carnitine Rij aan EPA+DHA Natuurlijke Antioxidanten Mengsel Rijk aan Prebiotica (MOS+FOS) FHV (Vezel-Hoog-Viscositeit) FLV (Vezel-Laag-Viscositeit) Geurbeheersing","og_url":"https:\/\/www.profpetcorporation.com\/nl\/product\/pro-vet-mobility\/","og_site_name":"Prof Pet Corporation","article_modified_time":"2024-11-09T13:39:21+00:00","og_image":[{"width":2362,"height":2362,"url":"https:\/\/www.profpetcorporation.com\/wp-content\/uploads\/2024\/04\/PRO-VET-Mobility-3kg-1.jpg","type":"image\/jpeg"}],"twitter_card":"summary_large_image","twitter_misc":{"Geschatte leestijd":"5 minuten"},"schema":{"@context":"https:\/\/schema.org","@graph":[{"@type":"WebPage","@id":"https:\/\/www.profpetcorporation.com\/nl\/product\/pro-vet-mobility\/","url":"https:\/\/www.profpetcorporation.com\/nl\/product\/pro-vet-mobility\/","name":"PRO-VET\u00ae Mobility - Prof Pet Corporation","isPartOf":{"@id":"https:\/\/www.profpetcorporation.com\/nl\/#website"},"primaryImageOfPage":{"@id":"https:\/\/www.profpetcorporation.com\/nl\/product\/pro-vet-mobility\/#primaryimage"},"image":{"@id":"https:\/\/www.profpetcorporation.com\/nl\/product\/pro-vet-mobility\/#primaryimage"},"thumbnailUrl":"https:\/\/www.profpetcorporation.com\/wp-content\/uploads\/2024\/04\/PRO-VET-Mobility-3kg-1.jpg","datePublished":"2024-07-10T16:56:25+00:00","dateModified":"2024-11-09T13:39:21+00:00","breadcrumb":{"@id":"https:\/\/www.profpetcorporation.com\/nl\/product\/pro-vet-mobility\/#breadcrumb"},"inLanguage":"nl-NL","potentialAction":[{"@type":"ReadAction","target":["https:\/\/www.profpetcorporation.com\/nl\/product\/pro-vet-mobility\/"]}]},{"@type":"ImageObject","inLanguage":"nl-NL","@id":"https:\/\/www.profpetcorporation.com\/nl\/product\/pro-vet-mobility\/#primaryimage","url":"https:\/\/www.profpetcorporation.com\/wp-content\/uploads\/2024\/04\/PRO-VET-Mobility-3kg-1.jpg","contentUrl":"https:\/\/www.profpetcorporation.com\/wp-content\/uploads\/2024\/04\/PRO-VET-Mobility-3kg-1.jpg","width":2362,"height":2362},{"@type":"BreadcrumbList","@id":"https:\/\/www.profpetcorporation.com\/nl\/product\/pro-vet-mobility\/#breadcrumb","itemListElement":[{"@type":"ListItem","position":1,"name":"Home","item":"https:\/\/www.profpetcorporation.com\/nl\/"},{"@type":"ListItem","position":2,"name":"Winkel","item":"https:\/\/www.profpetcorporation.com\/shop\/"},{"@type":"ListItem","position":3,"name":"PRO-VET\u00ae","item":"https:\/\/www.profpetcorporation.com\/nl\/merken\/pro-vet-nl\/"},{"@type":"ListItem","position":4,"name":"PRO-VET\u00ae Mobility"}]},{"@type":"WebSite","@id":"https:\/\/www.profpetcorporation.com\/nl\/#website","url":"https:\/\/www.profpetcorporation.com\/nl\/","name":"Prof Pet Corporation","description":"","potentialAction":[{"@type":"SearchAction","target":{"@type":"EntryPoint","urlTemplate":"https:\/\/www.profpetcorporation.com\/nl\/?s={search_term_string}"},"query-input":{"@type":"PropertyValueSpecification","valueRequired":true,"valueName":"search_term_string"}}],"inLanguage":"nl-NL"}]}},"_links":{"self":[{"href":"https:\/\/www.profpetcorporation.com\/nl\/wp-json\/wp\/v2\/product\/3912","targetHints":{"allow":["GET"]}}],"collection":[{"href":"https:\/\/www.profpetcorporation.com\/nl\/wp-json\/wp\/v2\/product"}],"about":[{"href":"https:\/\/www.profpetcorporation.com\/nl\/wp-json\/wp\/v2\/types\/product"}],"replies":[{"embeddable":true,"href":"https:\/\/www.profpetcorporation.com\/nl\/wp-json\/wp\/v2\/comments?post=3912"}],"wp:featuredmedia":[{"embeddable":true,"href":"https:\/\/www.profpetcorporation.com\/nl\/wp-json\/wp\/v2\/media\/2313"}],"wp:attachment":[{"href":"https:\/\/www.profpetcorporation.com\/nl\/wp-json\/wp\/v2\/media?parent=3912"}],"wp:term":[{"taxonomy":"product_brand","embeddable":true,"href":"https:\/\/www.profpetcorporation.com\/nl\/wp-json\/wp\/v2\/product_brand?post=3912"},{"taxonomy":"product_cat","embeddable":true,"href":"https:\/\/www.profpetcorporation.com\/nl\/wp-json\/wp\/v2\/product_cat?post=3912"},{"taxonomy":"product_tag","embeddable":true,"href":"https:\/\/www.profpetcorporation.com\/nl\/wp-json\/wp\/v2\/product_tag?post=3912"}],"curies":[{"name":"wp","href":"https:\/\/api.w.org\/{rel}","templated":true}]}}