{"id":3910,"date":"2024-07-10T16:10:34","date_gmt":"2024-07-10T16:10:34","guid":{"rendered":"https:\/\/profpetcorporation.previewready.nl\/?post_type=product&#038;p=3910"},"modified":"2024-11-09T13:44:05","modified_gmt":"2024-11-09T13:44:05","slug":"pro-vet-struvite","status":"publish","type":"product","link":"https:\/\/www.profpetcorporation.com\/nl\/product\/pro-vet-struvite\/","title":{"rendered":"PRO-VET\u00ae Struvite"},"content":{"rendered":"<p style=\"text-align: justify;\"><span style=\"color: #81b2df;\"><span style=\"font-size: larger;\"><strong>Indicatie<\/strong><\/span><\/span><\/p>\n<p style=\"text-align: justify;\"><span style=\"font-size: medium;\"><strong>PRO-VET<\/strong>\u00ae<strong> Struvite<\/strong> is ontwikkeld voor volwassen katten met blaasstenen bestaande uit struviet. <strong>PPRO-VET\u00ae Struvite<\/strong>\u00a0lost kristallen en stenen in de urineblaas op en het voorkomt recidief van de symptomen. <strong>PRO-VET<\/strong>\u00ae<strong> Struvite<\/strong>\u00a0voorziet in voldoende voedingsstoffen om het lichaam te onderhouden.<br \/>\nDe ontwikkeling van kristallen en stenen bestaande uit struviet in de urineblaas is een veel voorkomend verschijnsel bij katten. Struvietkristallen en \u2013stenen kunnen obstructie van de urineleider veroorzaken zodat de kat niet goed kan urineren. Het urineren is pijnlijk en de ophoping van afvalstoffen in het lichaam kan leiden tot coma en de dood. Bij ongeveer 10% van de katten die bij de dierenarts worden gepresenteerd is er sprake van urinewegaandoeningen vanwege struviet. De voeding speelt een belangrijke rol bij de behandeling van katten met struviet. De dieettherapie richt zich op verlaging van de urineconcentraties van de componenten van struviet (magnesium, ammonium, fosfaat) en verlaging van de urine pH opdat aanwezig struviet oplost en nieuwe kristallen niet meer worden gevormd.<\/span><\/p>\n<p style=\"text-align: justify;\"><span style=\"font-size: medium;\">Het oplossen van aanwezig struviet in de urineblaas en preventie van de vorming van struviet is alleen mogelijk door een lage urine pH en lage concentraties van de struvietvormende componenten. <strong>PRO-VET<\/strong>\u00ae<strong> Struvite<\/strong>\u00a0bestaat uit magnesium, ammonium en fosfaat en lost op, dan wel ontstaat niet, bij een urine pH lager dan 6.5. <strong>PRO-VET<\/strong>\u00ae<strong> Struvite<\/strong>\u00a0bevat een juiste hoeveelheid urineverzuurder zodat de gemiddelde urine pH een waarde van 6.3 heeft. Deze pH werkt struviet tegen en betekent geen risico op acidose. De lage concentraties van magnesium, fosfaat en eiwit in het dieet stimuleren ook het oplossen van struviet en remmen de vorming ervan. <strong>PRO-VET<\/strong>\u00ae<strong> Struvite<\/strong>\u00a0kan derhalve worden gebruikt bij pati\u00ebnten met struviet (en zonder obstructie) en bij pati\u00ebnten die gevoelig zijn voor herhaald optreden van struvietvorming. Op basis van literatuurgegevens en de ideale samenstelling van <strong>PRO-VET<\/strong>\u00ae<strong> Struvite<\/strong>, bedraagt de verwachte tijd, die nodig is voor volledige oplossing van struviet in de urineblaas, ongeveer 4 weken.<\/span><\/p>\n<p>&nbsp;<\/p>\n<p style=\"text-align: justify;\"><span style=\"color: #81b2df;\"><span style=\"font-size: larger;\"><strong>Effectiviteiten<\/strong><\/span><\/span><\/p>\n<table border=\"1\" width=\"530\" cellspacing=\"1\" cellpadding=\"1\">\n<tbody>\n<tr>\n<td valign=\"top\" width=\"290\"><span style=\"font-size: medium;\"><strong>KENMERK<\/strong><\/span><\/td>\n<td valign=\"top\"><span style=\"font-size: medium;\"><strong>EFFECT<\/strong><\/span><\/td>\n<\/tr>\n<tr>\n<td valign=\"top\" width=\"290\"><span style=\"font-size: medium;\">Verzuring urine<\/span><\/td>\n<td valign=\"top\"><span style=\"font-size: medium;\">Oplossen van aanwezig struviet; voorkomen van struvietvorming.<\/span><\/td>\n<\/tr>\n<tr>\n<td valign=\"top\" width=\"290\"><span style=\"font-size: medium;\">Laag magnesiumgehalte (Mg)<\/span><\/td>\n<td valign=\"top\"><span style=\"font-size: medium;\">Verlaging van de magnesiumconcentratie in de urine.<\/span><\/td>\n<\/tr>\n<tr>\n<td valign=\"top\" width=\"290\"><span style=\"font-size: medium;\">Laag eiwitgehalte<\/span><\/td>\n<td valign=\"top\"><span style=\"font-size: medium;\">Verlaging van de ammoniumconcentratie in de urine.<\/span><\/td>\n<\/tr>\n<tr>\n<td valign=\"top\" width=\"290\"><span style=\"font-size: medium;\">Voedingsstoffen in optimale gehalten.<\/span><\/td>\n<td valign=\"top\"><span style=\"font-size: medium;\">Onderhoud van lichaamsfuncties. Ondersteuning van de conditie van huid en vacht.<\/span><\/td>\n<\/tr>\n<tr>\n<td valign=\"top\" width=\"290\"><span style=\"font-size: medium;\">Hoge verteerbaarheid van eiwitten, vetten en koolhydraten.<\/span><\/td>\n<td valign=\"top\"><span style=\"font-size: medium;\">Goede consistentie van ontlasting.<\/span><\/td>\n<\/tr>\n<tr>\n<td valign=\"top\" width=\"290\"><span style=\"font-size: medium;\">Rijk aan meervoudig onverzadigde vetzuren van de omega-3 familie (EPA+DHA)<\/span><\/td>\n<td valign=\"top\"><span style=\"font-size: medium;\">Stimuleert de immuunfunctie. Verbetert de huid bij atopische aandoeningen. Vermindert het risico op kanker, nierziekte en gewrichtsaandoeningen.<\/span><\/td>\n<\/tr>\n<tr>\n<td valign=\"top\" width=\"290\"><span style=\"font-size: medium;\">Rijk aan natuurlijke anti-oxidanten<\/span><\/td>\n<td valign=\"top\"><span style=\"font-size: medium;\">Vermindert het risico op kanker en nierziekte.<\/span><\/td>\n<\/tr>\n<tr>\n<td valign=\"top\" width=\"290\"><span style=\"font-size: medium;\">Laag fosforgehalte (P)<\/span><\/td>\n<td valign=\"top\"><span style=\"font-size: medium;\">Minder risico op nierziekte.<\/span><\/td>\n<\/tr>\n<tr>\n<td valign=\"top\" width=\"290\"><span style=\"font-size: medium;\">Rijk aan vezelstoffen met hoge viscositeit (FHV)<\/span><\/td>\n<td valign=\"top\"><span style=\"font-size: medium;\">Minder risico op diabetes en haarballen. Stimuleert de darmmotiliteit en bevordert\u00a0 de consistentie van de ontlasting.<\/span><\/td>\n<\/tr>\n<tr>\n<td valign=\"top\" width=\"290\"><span style=\"font-size: medium;\">Rijk aan vezelstoffen met lage viscositeit (FLV)<\/span><\/td>\n<td valign=\"top\"><span style=\"font-size: medium;\">Bevordert de darmmotiliteit en controleert haarbalvorming.<\/span><\/td>\n<\/tr>\n<tr>\n<td valign=\"top\" width=\"290\"><span style=\"font-size: medium;\">Toegevoegd Yucca extract<\/span><\/td>\n<td valign=\"top\"><span style=\"font-size: medium;\">Minder geur van de ontlasting<\/span><\/td>\n<\/tr>\n<tr>\n<td valign=\"top\" width=\"290\"><span style=\"font-size: medium;\">Toegevoegde prebiotics (FOS\/MOS)<\/span><\/td>\n<td valign=\"top\"><span style=\"font-size: medium;\">Toename van gunstige bacteri\u00ebn in de darm.<\/span><\/td>\n<\/tr>\n<\/tbody>\n<\/table>\n<p><span style=\"font-size: medium;\">\u00a0<\/span><\/p>\n<p>&nbsp;<\/p>\n<p style=\"text-align: justify;\"><span style=\"color: #81b2df;\"><span style=\"font-size: larger;\"><strong>Samenstelling<\/strong><\/span><\/span><\/p>\n<p style=\"text-align: justify;\"><span style=\"font-size: medium;\">rijst, ma\u00efs, gevogeltevet, gedehydreerd gevogelteprote\u00efne, ma\u00efsgluten, tarwe, gehydrolyseerde kippeneiwit, gedroogde appels (rijk aan pectines), premium pure zalmolie, mineralen, gedroogde cichoreiwortelextract (natuurlijke bron van inuline en fructooligosaccharide (prebioticum (FOS)), gedroogde biergist, gezuiverde plantaardige vezels (lignocellulose), gedroogde Yucca Schidigera pulp, gouds-bloemblaadjes (Afrikaantje) (natuurlijke bron van lute\u00efne).<\/span><\/p>\n<p style=\"text-align: justify;\"><span style=\"font-size: medium;\"><strong>Antioxidanten:<\/strong> Verrijkt met oxidatie tegengaande stof, sterk tocopherol-houdend extract (vitamine E) van natuurlijke oorsprong (van plantaardige oli\u00ebn). PRO-VET\u00ae producten voldoen aan de standaarden van AAFCO, NRC en FEDIAF. Bevat g\u00e9\u00e9n kunstmatige smaakstoffen of kleurstoffen.\u00a0<\/span><\/p>\n<p>&nbsp;<\/p>\n<p style=\"text-align: justify;\"><span style=\"color: #81b2df;\"><span style=\"font-size: larger;\"><strong>Analyse<\/strong><\/span><\/span><\/p>\n<table border=\"0\" width=\"530\" cellspacing=\"1\" cellpadding=\"1\">\n<tbody>\n<tr>\n<td valign=\"top\"><span style=\"font-size: medium;\"><strong>Analytische<br \/>\nbestanddelen <\/strong><\/span><\/td>\n<td valign=\"top\"><span style=\"font-size: medium;\">\u00a0<\/span><\/td>\n<td valign=\"top\"><span style=\"font-size: medium;\"><strong>Nutritionele<br \/>\ntoevoegingsmiddelen\/kg<\/strong><\/span><\/td>\n<td valign=\"top\"><span style=\"font-size: medium;\">\u00a0<\/span><\/td>\n<\/tr>\n<tr>\n<td valign=\"top\"><span style=\"font-size: medium;\">Vocht<br \/>\nRuwe prote\u00efne<br \/>\nRuw vet<br \/>\nRuwe as<br \/>\nRuw vezel<br \/>\nCalcium (Ca)<br \/>\nFosfor (P)<br \/>\nNatrium (Na)<br \/>\nMagnesium (Mg)<br \/>\nKalium<br \/>\nLysine<br \/>\nMethionine<br \/>\nCystine<br \/>\nTreonine<br \/>\nTryptophaan<br \/>\nLinolzuur (\u03c96)<br \/>\nLinoleenzuur (\u03c93)<br \/>\nArachidonzuur (\u03c96)<br \/>\nEPA (\u03c93)<br \/>\neicosapentaeenzuur<br \/>\nDHA (\u03c93)<br \/>\ndocosahexaeenzuur<br \/>\nCarbon Hydrates<\/span><\/td>\n<td valign=\"top\"><span style=\"font-size: medium;\">8.00 %<br \/>\n25.0 %<br \/>\n20.0 %<br \/>\n4.00 %<br \/>\n2.00 %<br \/>\n0.60 %<br \/>\n0.50 %<br \/>\n2.40 g<br \/>\n0.60 g<br \/>\n6.00 g<br \/>\n8.40 g<br \/>\n8.00 g<br \/>\n2.60 g<br \/>\n6.40 g<br \/>\n1.40 g<br \/>\n22.0 g<br \/>\n2.40 g<br \/>\n0.30 g<br \/>\n2.00 g<br \/>\n<\/span><br \/>\n2.00 g<br \/>\n<span style=\"color: #f2f3f0;\">Y<\/span><br \/>\n49.0 %<\/td>\n<td valign=\"top\"><span style=\"font-size: medium;\"><span style=\"font-size: medium;\">Vitamine A*<br \/>\nVitamine D3*<br \/>\nVitamine E*<br \/>\nVitamine B1<br \/>\nVitamine B2<br \/>\nVitamine B6<br \/>\nVitamine B12<br \/>\nVitamine C<br \/>\nBiotine<br \/>\nCholine chloride<br \/>\nFoliumzuur<br \/>\nPantotheenzuur<br \/>\nNiacine<\/span><\/span><\/td>\n<td valign=\"top\"><span style=\"font-size: medium;\">20.000 IE<br \/>\n1.750 IE<br \/>\n400 mg<br \/>\n10.0 mg<br \/>\n8.00 mg<br \/>\n8.00 mg<br \/>\n50.0 \u03bcg<br \/>\n100 mg<br \/>\n200 \u03bcg<br \/>\n2.000 mg<br \/>\n5.00 mg<br \/>\n15.0 mg<br \/>\n80.0 mg<br \/>\n<\/span><\/td>\n<\/tr>\n<\/tbody>\n<\/table>\n<p><strong>Energie 4237 Kcal\/kg [17.7 MJ\/kg]<\/strong><br \/>\n<strong>urine pH = ca 5,9<\/strong><\/p>\n<p><span style=\"font-size: medium;\"><strong>Vitaminen:<\/strong><br \/>\nVitamine A (retinylacetaat)<br \/>\nVitamine D3 (cholecalciferol)<br \/>\nVitamine E (all-rac-\u0430lfa-tocoferolacetaat)<br \/>\n<\/span><\/p>\n<p><span style=\"font-size: medium;\"><strong>Spoorelementen:<\/strong><br \/>\nIjzer (Fe) (ijzer-(II)-sulfaat monohydraat) 100 mg\/kg<br \/>\nMangaan (Mn) (mangaan-(II)-oxide) 40 mg\/kg<br \/>\nKoper (Cu) (koper-(II)-sulfaat pentahydraat) 10 mg\/kg<br \/>\nZink (Zn) (zink-(II)-sulfaat monohydraat) 125 mg\/kg<br \/>\nJodium (I) (calciumjodaat, watervrij) 1.50 mg\/kg<br \/>\nSelenium (Se) (natriumseleniet) 0.20 mg\/kg<\/span><\/p>\n<p><span style=\"font-size: medium;\"><strong>Technologische toevoegingdmiddelen: <\/strong><br \/>\nAmmoniumchloride 5.5 g\/kg<\/span><\/p>\n<p><strong>Sensori\u00eble toevoegingsmiddelen: <\/strong><br \/>\nYucca Schidigera Extract 125 mg\/kg<br \/>\nMarigold extract (bron van lute\u00efne) 100 mg\/kg<\/p>\n<p><span style=\"font-size: medium;\"><strong>Overige nutritionele toevoegingsmiddelen: <\/strong><br \/>\nL-Carnitine 100 mg\/kg<br \/>\n\u00df-Caroteen 100 mg\/kg<br \/>\nTaurine 1.500 mg\/kg<br \/>\nDL-Methionine 4.000 mg\/kg<br \/>\nL-Lysine 4.000 mg\/kg<br \/>\n<\/span><\/p>\n<p>&nbsp;<\/p>\n<p style=\"text-align: justify;\"><span style=\"color: #81b2df;\"><span style=\"font-size: larger;\"><strong>Voedingsschema<\/strong><\/span><\/span><\/p>\n<table border=\"1\" width=\"400\" cellspacing=\"1\" cellpadding=\"1\">\n<tbody>\n<tr>\n<td style=\"text-align: center;\"><span style=\"font-size: medium;\">\u00a0Gewicht<br \/>\n<\/span><\/td>\n<td style=\"text-align: center;\"><span style=\"font-size: medium;\">\u00a0Dagrantsoen<br \/>\n<\/span><\/td>\n<td rowspan=\"6\"><\/td>\n<\/tr>\n<tr>\n<td style=\"text-align: center;\"><span style=\"font-size: medium;\">2 kg<\/span><\/td>\n<td style=\"text-align: center;\"><span style=\"font-size: medium;\">30 &#8211; 40 g<\/span><\/td>\n<\/tr>\n<tr>\n<td style=\"text-align: center;\"><span style=\"font-size: medium;\">3 kg<\/span><\/td>\n<td style=\"text-align: center;\"><span style=\"font-size: medium;\">40 &#8211; 55 g<\/span><\/td>\n<\/tr>\n<tr>\n<td style=\"text-align: center;\"><span style=\"font-size: medium;\">4 kg<\/span><\/td>\n<td style=\"text-align: center;\"><span style=\"font-size: medium;\">50 &#8211; 70 g<\/span><\/td>\n<\/tr>\n<tr>\n<td style=\"text-align: center;\"><span style=\"font-size: medium;\">5 kg<\/span><\/td>\n<td style=\"text-align: center;\"><span style=\"font-size: medium;\">60 &#8211; 85 g<\/span><\/td>\n<\/tr>\n<tr>\n<td style=\"text-align: center;\"><span style=\"font-size: medium;\">&gt;6 kg<\/span><\/td>\n<td style=\"text-align: center;\"><span style=\"font-size: medium;\">10 &#8211; 15 g\/kg<\/span><\/td>\n<\/tr>\n<\/tbody>\n<\/table>\n<p>&nbsp;<\/p>\n<p style=\"text-align: justify;\"><span style=\"color: #81b2df;\"><span style=\"font-size: larger;\"><strong>Verpakking<\/strong><\/span><\/span><\/p>\n<p><span style=\"font-size: medium;\">750 g\u00a0\u00a0 EAN\u00a0 8717496485380<br \/>\n3 kg\u00a0\u00a0\u00a0\u00a0\u00a0 EAN \u00a0 8717496485397<\/span><\/p>\n<p>&nbsp;<\/p>\n<p style=\"text-align: justify;\"><span style=\"color: #81b2df;\"><span style=\"font-size: larger;\"><strong>Bewaaradvies<\/strong><\/span><\/span><\/p>\n<p style=\"text-align: justify;\"><span style=\"font-size: medium;\">Hoewel droogvoer niet zo snel bederft als andere soorten voedsel, is het niet oneindig lang houdbaar. Zorg er altijd voor dat u dergelijke voedingsmiddelen voor vervaldatum gebruikt. Houd het voedsel droog en bewaar het in de zak waar u het in heeft gekocht; onze zakken zijn ontworpen om vocht en luchtstroom te weerstaan. De beste manier om een grote zak met honden- of kattenvoer op te bergen is door de originele zak in een schone plastic emmer of plastic container met een veilig deksel te plaatsen. Bewaar droog voedsel niet in vochtige ruimtes, omdat vochtige omstandigheden het bederf versnellen. Rol de bovenkant van de zak altijd strak naar beneden en sluit deze af met een clip of knijper. Het wordt aan de eigenaren van huisdieren aangeraden om droge voeding te bewaren op locaties die niet warmer zijn dan 23 \u00b0C (graden Celsius). <\/span><\/p>\n<p><strong><span style=\"font-size: medium;\">\u00a0<\/span><\/strong><\/p>\n<p><span style=\"font-size: medium;\"><br \/>\n<\/span><strong><span style=\"font-size: medium;\">Een gezonde kat is een gelukkige kat.<\/span><\/strong><\/p>\n<p>&nbsp;<\/p>\n","protected":false},"excerpt":{"rendered":"<p style=\"text-align: left;\"><span style=\"color: #81b2df;\"><strong><span style=\"font-size: X-large;\">VOOR HET OPLOSSEN EN\u00a0VOORKOMEN VAN\u00a0STRUVIETSTENEN IN DE BLAAS<\/span><\/strong><\/span><\/p>\n<p style=\"text-align: left;\"><span style=\"font-size: large;\">Urine pH controle<br \/>\nLaag (Mg) Magnesiumgehalte (0.08%)<br \/>\nLaag (P) Fosforgehalte (0.60%)<br \/>\nRijk aan EPA+DHA<br \/>\nNatuurlijke Antioxidanten mengsel<br \/>\nL-Carnitine<br \/>\nPrebiotica (MOS+FOS)<br \/>\nFHV (Vezel-Hoog-Viscositeit)<br \/>\nFLV (Vezel-Laag-Viscositeit)<br \/>\nGeurbeheersing <\/span><\/p>\n","protected":false},"featured_media":2339,"comment_status":"open","ping_status":"closed","template":"","meta":{"_acf_changed":false},"product_brand":[],"product_cat":[175,199],"product_tag":[],"class_list":{"0":"post-3910","1":"product","2":"type-product","3":"status-publish","4":"has-post-thumbnail","6":"product_cat-pro-vet-nl","7":"product_cat-gespecialiseerde-droogvoeding-voor-katten","9":"first","10":"instock","11":"shipping-taxable","12":"product-type-simple"},"acf":[],"yoast_head":"<!-- This site is optimized with the Yoast SEO plugin v27.5 - https:\/\/yoast.com\/product\/yoast-seo-wordpress\/ -->\n<title>PRO-VET\u00ae Struvite - Prof Pet Corporation<\/title>\n<meta name=\"robots\" content=\"index, follow, max-snippet:-1, max-image-preview:large, max-video-preview:-1\" \/>\n<link rel=\"canonical\" href=\"https:\/\/www.profpetcorporation.com\/nl\/product\/pro-vet-struvite\/\" \/>\n<meta property=\"og:locale\" content=\"nl_NL\" \/>\n<meta property=\"og:type\" content=\"article\" \/>\n<meta property=\"og:title\" content=\"PRO-VET\u00ae Struvite - Prof Pet Corporation\" \/>\n<meta property=\"og:description\" content=\"VOOR HET OPLOSSEN EN\u00a0VOORKOMEN VAN\u00a0STRUVIETSTENEN IN DE BLAAS Urine pH controle Laag (Mg) Magnesiumgehalte (0.08%) Laag (P) Fosforgehalte (0.60%) Rijk aan EPA+DHA Natuurlijke Antioxidanten mengsel L-Carnitine Prebiotica (MOS+FOS) FHV (Vezel-Hoog-Viscositeit) FLV (Vezel-Laag-Viscositeit) Geurbeheersing\" \/>\n<meta property=\"og:url\" content=\"https:\/\/www.profpetcorporation.com\/nl\/product\/pro-vet-struvite\/\" \/>\n<meta property=\"og:site_name\" content=\"Prof Pet Corporation\" \/>\n<meta property=\"article:modified_time\" content=\"2024-11-09T13:44:05+00:00\" \/>\n<meta property=\"og:image\" content=\"https:\/\/www.profpetcorporation.com\/wp-content\/uploads\/2024\/04\/PRO-VET-Struvite-3kg.jpg\" \/>\n\t<meta property=\"og:image:width\" content=\"2362\" \/>\n\t<meta property=\"og:image:height\" content=\"2362\" \/>\n\t<meta property=\"og:image:type\" content=\"image\/jpeg\" \/>\n<meta name=\"twitter:card\" content=\"summary_large_image\" \/>\n<meta name=\"twitter:label1\" content=\"Geschatte leestijd\" \/>\n\t<meta name=\"twitter:data1\" content=\"5 minuten\" \/>\n<script type=\"application\/ld+json\" class=\"yoast-schema-graph\">{\"@context\":\"https:\\\/\\\/schema.org\",\"@graph\":[{\"@type\":\"WebPage\",\"@id\":\"https:\\\/\\\/www.profpetcorporation.com\\\/nl\\\/product\\\/pro-vet-struvite\\\/\",\"url\":\"https:\\\/\\\/www.profpetcorporation.com\\\/nl\\\/product\\\/pro-vet-struvite\\\/\",\"name\":\"PRO-VET\u00ae Struvite - Prof Pet Corporation\",\"isPartOf\":{\"@id\":\"https:\\\/\\\/www.profpetcorporation.com\\\/nl\\\/#website\"},\"primaryImageOfPage\":{\"@id\":\"https:\\\/\\\/www.profpetcorporation.com\\\/nl\\\/product\\\/pro-vet-struvite\\\/#primaryimage\"},\"image\":{\"@id\":\"https:\\\/\\\/www.profpetcorporation.com\\\/nl\\\/product\\\/pro-vet-struvite\\\/#primaryimage\"},\"thumbnailUrl\":\"https:\\\/\\\/www.profpetcorporation.com\\\/wp-content\\\/uploads\\\/2024\\\/04\\\/PRO-VET-Struvite-3kg.jpg\",\"datePublished\":\"2024-07-10T16:10:34+00:00\",\"dateModified\":\"2024-11-09T13:44:05+00:00\",\"breadcrumb\":{\"@id\":\"https:\\\/\\\/www.profpetcorporation.com\\\/nl\\\/product\\\/pro-vet-struvite\\\/#breadcrumb\"},\"inLanguage\":\"nl-NL\",\"potentialAction\":[{\"@type\":\"ReadAction\",\"target\":[\"https:\\\/\\\/www.profpetcorporation.com\\\/nl\\\/product\\\/pro-vet-struvite\\\/\"]}]},{\"@type\":\"ImageObject\",\"inLanguage\":\"nl-NL\",\"@id\":\"https:\\\/\\\/www.profpetcorporation.com\\\/nl\\\/product\\\/pro-vet-struvite\\\/#primaryimage\",\"url\":\"https:\\\/\\\/www.profpetcorporation.com\\\/wp-content\\\/uploads\\\/2024\\\/04\\\/PRO-VET-Struvite-3kg.jpg\",\"contentUrl\":\"https:\\\/\\\/www.profpetcorporation.com\\\/wp-content\\\/uploads\\\/2024\\\/04\\\/PRO-VET-Struvite-3kg.jpg\",\"width\":2362,\"height\":2362},{\"@type\":\"BreadcrumbList\",\"@id\":\"https:\\\/\\\/www.profpetcorporation.com\\\/nl\\\/product\\\/pro-vet-struvite\\\/#breadcrumb\",\"itemListElement\":[{\"@type\":\"ListItem\",\"position\":1,\"name\":\"Home\",\"item\":\"https:\\\/\\\/www.profpetcorporation.com\\\/nl\\\/\"},{\"@type\":\"ListItem\",\"position\":2,\"name\":\"Winkel\",\"item\":\"https:\\\/\\\/www.profpetcorporation.com\\\/shop\\\/\"},{\"@type\":\"ListItem\",\"position\":3,\"name\":\"PRO-VET\u00ae\",\"item\":\"https:\\\/\\\/www.profpetcorporation.com\\\/nl\\\/merken\\\/pro-vet-nl\\\/\"},{\"@type\":\"ListItem\",\"position\":4,\"name\":\"PRO-VET\u00ae Struvite\"}]},{\"@type\":\"WebSite\",\"@id\":\"https:\\\/\\\/www.profpetcorporation.com\\\/nl\\\/#website\",\"url\":\"https:\\\/\\\/www.profpetcorporation.com\\\/nl\\\/\",\"name\":\"Prof Pet Corporation\",\"description\":\"\",\"potentialAction\":[{\"@type\":\"SearchAction\",\"target\":{\"@type\":\"EntryPoint\",\"urlTemplate\":\"https:\\\/\\\/www.profpetcorporation.com\\\/nl\\\/?s={search_term_string}\"},\"query-input\":{\"@type\":\"PropertyValueSpecification\",\"valueRequired\":true,\"valueName\":\"search_term_string\"}}],\"inLanguage\":\"nl-NL\"}]}<\/script>\n<!-- \/ Yoast SEO plugin. -->","yoast_head_json":{"title":"PRO-VET\u00ae Struvite - Prof Pet Corporation","robots":{"index":"index","follow":"follow","max-snippet":"max-snippet:-1","max-image-preview":"max-image-preview:large","max-video-preview":"max-video-preview:-1"},"canonical":"https:\/\/www.profpetcorporation.com\/nl\/product\/pro-vet-struvite\/","og_locale":"nl_NL","og_type":"article","og_title":"PRO-VET\u00ae Struvite - Prof Pet Corporation","og_description":"VOOR HET OPLOSSEN EN\u00a0VOORKOMEN VAN\u00a0STRUVIETSTENEN IN DE BLAAS Urine pH controle Laag (Mg) Magnesiumgehalte (0.08%) Laag (P) Fosforgehalte (0.60%) Rijk aan EPA+DHA Natuurlijke Antioxidanten mengsel L-Carnitine Prebiotica (MOS+FOS) FHV (Vezel-Hoog-Viscositeit) FLV (Vezel-Laag-Viscositeit) Geurbeheersing","og_url":"https:\/\/www.profpetcorporation.com\/nl\/product\/pro-vet-struvite\/","og_site_name":"Prof Pet Corporation","article_modified_time":"2024-11-09T13:44:05+00:00","og_image":[{"width":2362,"height":2362,"url":"https:\/\/www.profpetcorporation.com\/wp-content\/uploads\/2024\/04\/PRO-VET-Struvite-3kg.jpg","type":"image\/jpeg"}],"twitter_card":"summary_large_image","twitter_misc":{"Geschatte leestijd":"5 minuten"},"schema":{"@context":"https:\/\/schema.org","@graph":[{"@type":"WebPage","@id":"https:\/\/www.profpetcorporation.com\/nl\/product\/pro-vet-struvite\/","url":"https:\/\/www.profpetcorporation.com\/nl\/product\/pro-vet-struvite\/","name":"PRO-VET\u00ae Struvite - Prof Pet Corporation","isPartOf":{"@id":"https:\/\/www.profpetcorporation.com\/nl\/#website"},"primaryImageOfPage":{"@id":"https:\/\/www.profpetcorporation.com\/nl\/product\/pro-vet-struvite\/#primaryimage"},"image":{"@id":"https:\/\/www.profpetcorporation.com\/nl\/product\/pro-vet-struvite\/#primaryimage"},"thumbnailUrl":"https:\/\/www.profpetcorporation.com\/wp-content\/uploads\/2024\/04\/PRO-VET-Struvite-3kg.jpg","datePublished":"2024-07-10T16:10:34+00:00","dateModified":"2024-11-09T13:44:05+00:00","breadcrumb":{"@id":"https:\/\/www.profpetcorporation.com\/nl\/product\/pro-vet-struvite\/#breadcrumb"},"inLanguage":"nl-NL","potentialAction":[{"@type":"ReadAction","target":["https:\/\/www.profpetcorporation.com\/nl\/product\/pro-vet-struvite\/"]}]},{"@type":"ImageObject","inLanguage":"nl-NL","@id":"https:\/\/www.profpetcorporation.com\/nl\/product\/pro-vet-struvite\/#primaryimage","url":"https:\/\/www.profpetcorporation.com\/wp-content\/uploads\/2024\/04\/PRO-VET-Struvite-3kg.jpg","contentUrl":"https:\/\/www.profpetcorporation.com\/wp-content\/uploads\/2024\/04\/PRO-VET-Struvite-3kg.jpg","width":2362,"height":2362},{"@type":"BreadcrumbList","@id":"https:\/\/www.profpetcorporation.com\/nl\/product\/pro-vet-struvite\/#breadcrumb","itemListElement":[{"@type":"ListItem","position":1,"name":"Home","item":"https:\/\/www.profpetcorporation.com\/nl\/"},{"@type":"ListItem","position":2,"name":"Winkel","item":"https:\/\/www.profpetcorporation.com\/shop\/"},{"@type":"ListItem","position":3,"name":"PRO-VET\u00ae","item":"https:\/\/www.profpetcorporation.com\/nl\/merken\/pro-vet-nl\/"},{"@type":"ListItem","position":4,"name":"PRO-VET\u00ae Struvite"}]},{"@type":"WebSite","@id":"https:\/\/www.profpetcorporation.com\/nl\/#website","url":"https:\/\/www.profpetcorporation.com\/nl\/","name":"Prof Pet Corporation","description":"","potentialAction":[{"@type":"SearchAction","target":{"@type":"EntryPoint","urlTemplate":"https:\/\/www.profpetcorporation.com\/nl\/?s={search_term_string}"},"query-input":{"@type":"PropertyValueSpecification","valueRequired":true,"valueName":"search_term_string"}}],"inLanguage":"nl-NL"}]}},"_links":{"self":[{"href":"https:\/\/www.profpetcorporation.com\/nl\/wp-json\/wp\/v2\/product\/3910","targetHints":{"allow":["GET"]}}],"collection":[{"href":"https:\/\/www.profpetcorporation.com\/nl\/wp-json\/wp\/v2\/product"}],"about":[{"href":"https:\/\/www.profpetcorporation.com\/nl\/wp-json\/wp\/v2\/types\/product"}],"replies":[{"embeddable":true,"href":"https:\/\/www.profpetcorporation.com\/nl\/wp-json\/wp\/v2\/comments?post=3910"}],"wp:featuredmedia":[{"embeddable":true,"href":"https:\/\/www.profpetcorporation.com\/nl\/wp-json\/wp\/v2\/media\/2339"}],"wp:attachment":[{"href":"https:\/\/www.profpetcorporation.com\/nl\/wp-json\/wp\/v2\/media?parent=3910"}],"wp:term":[{"taxonomy":"product_brand","embeddable":true,"href":"https:\/\/www.profpetcorporation.com\/nl\/wp-json\/wp\/v2\/product_brand?post=3910"},{"taxonomy":"product_cat","embeddable":true,"href":"https:\/\/www.profpetcorporation.com\/nl\/wp-json\/wp\/v2\/product_cat?post=3910"},{"taxonomy":"product_tag","embeddable":true,"href":"https:\/\/www.profpetcorporation.com\/nl\/wp-json\/wp\/v2\/product_tag?post=3910"}],"curies":[{"name":"wp","href":"https:\/\/api.w.org\/{rel}","templated":true}]}}