{"id":3908,"date":"2024-07-10T15:46:08","date_gmt":"2024-07-10T15:46:08","guid":{"rendered":"https:\/\/profpetcorporation.previewready.nl\/?post_type=product&#038;p=3908"},"modified":"2025-04-09T19:00:34","modified_gmt":"2025-04-09T19:00:34","slug":"pro-vet-hypersen","status":"publish","type":"product","link":"https:\/\/www.profpetcorporation.com\/nl\/product\/pro-vet-hypersen\/","title":{"rendered":"PRO-VET\u00ae HyperSen"},"content":{"rendered":"<p style=\"text-align: justify;\"><span style=\"color: #c0c0c0;\"><span style=\"font-size: larger;\"><strong>Indicatie<\/strong><\/span><\/span><\/p>\n<p style=\"text-align: justify;\"><span style=\"font-size: medium;\"><strong>PRO-VET<\/strong>\u00ae<strong> HyperSen<\/strong> maken dit rantsoen verdienstelijk in de behandeling van diverse kattenkwalen. De voedselovergevoeligheid en atopie co\u00ebxisteren vaak bij katten en het is daarom moeilijk om een definitief onderscheid te maken tussen die twee voorwaarden. <strong>PRO-VET<\/strong>\u00ae<strong> HyperSen<\/strong>\u00a0geeft een optimale behandeling aan pati\u00ebnten met voedselhypergevoeligheid en die met atopie.<br \/>\nHet opsplitsen van prote\u00efnen in kleinere peptiden-fragmenten leidt kennelijk tot minder ongewenste immunologische reacties. Dit principe is ook van toepassing op katten met voedselhypergevoeligheid. Katten met voedselhypergevoeligheid voor soja-prote\u00efne ontwikkelden pruritus na opname van intact soja-prote\u00efne, maar deden dit niet met gehydroliseerde soja-prote\u00efne.<br \/>\n<strong>PRO-VET<\/strong>\u00ae<strong> HyperSen<\/strong> is een therapeutisch hypoallergeen dieet die gehydroliseerde prote\u00efnen bevat en gebruikt moet worden als een eliminatiedieet. Tot dusver zijn de eliminatiedi\u00ebten met gehydroliseerde en ouderprote\u00efnen niet direct vergeleken, maar gebaseerd op gegevens voor eliminatiedi\u00ebten met intacte en gehydroliseerde prote\u00efnen, zou her er op wijzen dat een hypoallergeen dieet als <strong>PRO-VET<\/strong>\u00ae<strong> HyperSen<\/strong>\u00a0met gehydroliseerde prote\u00efnen effici\u00ebnter is dan die met intacte prote\u00efnen voor het beheer van voedselhypergevoeligheid.<\/span><\/p>\n<p style=\"text-align: justify;\"><span style=\"font-size: medium;\">Atopie en voedselovergevoeligheid gaan vaak samen en hebben gelijkwaardige klinische kenmerken, maar de huidkwaal die door ge\u00efnhaleerde allergenen wordt veroorzaakt zal niet op hypoallergenische eiwitbronnen reageren. De behandeling van atopische huidaandoeningen bestaat uit onderdrukking van de chronische ontstekingsreacties. De eicosano\u00efden in <strong>PRO-VET<\/strong>\u00ae<strong> HyperSen<\/strong> zijn gevormd uit dihomo-gamma-linoleenzuur en uit eicosapentaeenzuur (EPA) zodat <strong>PRO-VET<\/strong>\u00ae<strong> HyperSen<\/strong> anti-ontstekings eigenschappen heeft.<br \/>\nUit dubbel-blinde, placebo-gecontroleerde experimenten met katten met allergische dermatose, hebben aangetoond dat suppletie van zowel borage-olie die niet rijk is aan gamma-linoleenzuur (GLA) en visolie dat rijk is aan EPA, de ernst en omvang van pruritus, erytheem en automutilatie relevant vermindert. Goede resultaten zijn recent verkregen met een dieet die rijk is aan zowel visolie als borage-olie. <strong>PRO-VET<\/strong>\u00ae<strong> HyperSen<\/strong>\u00a0bevat ongeveer 0.5% borage-olie en 5% visolie. De werkzaamheid van <strong>PRO-VET<\/strong>\u00ae<strong> HyperSen<\/strong>\u00a0werd in viertal klinieken getoetst in een dubbel-blinde, placebo-gecontroleerde opzet. Na 10 weken op het dieet, was de score van pruritus en erytheem ongeveer gedaald met de helft, terwijl de controlebehandeling geen invloed had. Volgens de eigenaren had het dieet bij 60% van de katten de conditie verbeterd. Het is duidelijk dat een groot deel van de pati\u00ebnten met atopische dermatitis zal verbeteren na de verstrekking van <strong>PRO-VET<\/strong>\u00ae<strong> HyperSen<\/strong>\u00a0die verrijkt is met optimale hoeveelheden van borage- en vistolie. Nochtans, zullen er grote verschillen in individuele ontvankelijkheid zijn.<br \/>\nBij katten met idiopathische chronische colitis of ontstekingsdarmziekte, komt er na inname van <strong>PRO-VET<\/strong>\u00ae<strong> HyperSen<\/strong>\u00a0\u2013 op basis van gehydrolyseerd eiwit, zonder de inzet van medicijnen, een significante klinische verbetering. Van de opname van visolie kan worden verwacht dat de klinische voorwaarde door zijn anti-ontstekings activiteit verder zal verbeteren. Door humane pati\u00ebnten is een reductie met 56% van ernst van de klinische symptomen bij ulceratieve colitis vastgesteld.<\/span><\/p>\n<p>&nbsp;<\/p>\n<p style=\"text-align: justify;\"><span style=\"color: #c0c0c0;\"><span style=\"font-size: larger;\"><strong>Effectiviteiten<\/strong><\/span><\/span><\/p>\n<table border=\"1\" width=\"530\" cellspacing=\"1\" cellpadding=\"1\">\n<tbody>\n<tr>\n<td style=\"text-align: left;\" valign=\"top\" width=\"260\"><span style=\"font-size: medium;\"><strong>KENMERK<\/strong><\/span><\/td>\n<td valign=\"top\"><span style=\"font-size: medium;\"><strong>EFFECT<\/strong><\/span><\/td>\n<\/tr>\n<tr>\n<td valign=\"top\" width=\"260\"><span style=\"font-size: medium;\">Gehydrolyseerde eiwit bronnen.<\/span><\/td>\n<td valign=\"top\"><span style=\"font-size: medium;\">Preventie van ongunstige reacties op voedsel.<br \/>\n<\/span><\/td>\n<\/tr>\n<tr>\n<td valign=\"top\" width=\"260\"><span style=\"font-size: medium;\">Toegevoegde zalmolie 5%<\/span><\/td>\n<td valign=\"top\"><span style=\"font-size: medium;\">Ontstekingsremmende actie.<br \/>\nAnti-cachectische actie.<\/span><\/td>\n<\/tr>\n<tr>\n<td valign=\"top\" width=\"260\"><span style=\"font-size: medium;\">Toegevoegde borage-olie 0.5%<\/span><\/td>\n<td valign=\"top\"><span style=\"font-size: medium;\">Vermindert de heftigheid van jeuk, erytheem en zelf-trauma.\u00a0Heeft een ontstekingsremmende werking en controleert daardoor huidcondities zoals atopische dermatitis. Het actieve principe van borage-olie is omega-6 vetzuur, gamma-linoleenzuur (GLA).<\/span><\/td>\n<\/tr>\n<tr>\n<td valign=\"top\" width=\"260\"><span style=\"font-size: medium;\">Hoge verteerbaarheid van eiwitten, vetten en koolhydraten.<\/span><\/td>\n<td valign=\"top\"><span style=\"font-size: medium;\">Goede consistentie van de ontlasting.<\/span><\/td>\n<\/tr>\n<tr>\n<td valign=\"top\" width=\"260\"><span style=\"font-size: medium;\">Rijk aan meervoudig onverzadigde vetzuren van de omega-3 familie (EPA+DHA)<\/span><\/td>\n<td valign=\"top\"><span style=\"font-size: medium;\">Stimuleert de immuunfunctie.<br \/>\nVerbetert de huid bij atopische aandoeningen. Vermindert het risico op kanker, nierziekte en gewrichtsaandoeningen.<\/span><\/td>\n<\/tr>\n<tr>\n<td valign=\"top\" width=\"260\"><span style=\"font-size: medium;\">Rijk aan natuurlijke anti-oxidante.<\/span><\/td>\n<td valign=\"top\"><span style=\"font-size: medium;\">Vermindert risico op kanker en nierziekte.<\/span><\/td>\n<\/tr>\n<tr>\n<td valign=\"top\" width=\"260\"><span style=\"font-size: medium;\">Sturing van de zuurgraad van de urine en verlaging van de concentraties van struvietvormende componenten.<\/span><\/td>\n<td valign=\"top\"><span style=\"font-size: medium;\">Vermindert het risico op struvietvorming.<\/span><\/td>\n<\/tr>\n<tr>\n<td valign=\"top\" width=\"260\"><span style=\"font-size: medium;\">Laag fosforgehalte.<\/span><\/td>\n<td valign=\"top\"><span style=\"font-size: medium;\">Vermindert het risico op nierziekte.<\/span><\/td>\n<\/tr>\n<tr>\n<td valign=\"top\" width=\"260\"><span style=\"font-size: medium;\">Rijk aan vezelstoffen met hoge viscositeit (FHV)<\/span><\/td>\n<td valign=\"top\"><span style=\"font-size: medium;\">Vermindert het risico op diabetes en haarballen. Stimuleert de darmmotiliteit en bevordert de consistentie van de ontlasting.<\/span><\/td>\n<\/tr>\n<tr>\n<td valign=\"top\" width=\"260\"><span style=\"font-size: medium;\">Rijk aan vezelstoffen met lage viscositeit (FLV)<\/span><\/td>\n<td valign=\"top\"><span style=\"font-size: medium;\">Bevordert de darmmotiliteit en controleert haarbalvorming.<\/span><\/td>\n<\/tr>\n<tr>\n<td valign=\"top\" width=\"260\"><span style=\"font-size: medium;\">Toegevoegde Yucca extract<\/span><\/td>\n<td valign=\"top\"><span style=\"font-size: medium;\">Vermindert het geur van de ontlasting.<\/span><\/td>\n<\/tr>\n<tr>\n<td valign=\"top\" width=\"260\"><span style=\"font-size: medium;\">Toegevoegde prebiotica:<br \/>\nmannanoligosacchariden (MOS) fructooligosacchariden (FOS)<\/span><\/td>\n<td valign=\"top\"><span style=\"font-size: medium;\">Toegevoegde prebiotica:<br \/>\nmannanoligosacchariden fructooligosacchariden<\/span><\/td>\n<\/tr>\n<\/tbody>\n<\/table>\n<p><span style=\"font-size: large;\">\u00a0<\/span><\/p>\n<p style=\"text-align: justify;\"><span style=\"color: #c0c0c0;\"><span style=\"font-size: larger;\"><strong>Samenstelling<\/strong><\/span><\/span><\/p>\n<p style=\"text-align: justify;\"><span style=\"font-size: medium;\">rijst, gehydrolyseerde viseiwit, ma\u00efsgluten, gevogeltevet, gedroogde appels (rijk aan pectines), premium pure zalmolie, mineralen, gehydrolyseerde kippeneiwit, gezuiverde plantaardige vezels (lignocellulose), mineralen, lijnzaad, mannanoligosaccharide (prebioticum (MOS)), gedroogde cichoreiwortelextract (natuurlijke bron van inuline en fructooligosaccharide (prebioticum (FOS)), bernagie-olie (Borago officinalis), gedroogde Yucca Schidigera pulp.<\/span><\/p>\n<p style=\"text-align: justify;\"><span style=\"font-size: medium;\"><strong>Antioxidanten:<\/strong> Verrijkt met oxidatie tegengaande stof, sterk tocopherol-houdend extract (vitamine E) van natuurlijke oorsprong (van plantaardige oli\u00ebn). PRO-VET\u00ae producten voldoen aan de standaarden van AAFCO, NRC en FEDIAF. Bevat g\u00e9\u00e9n kunstmatige smaakstoffen of kleurstoffen.\u00a0<\/span><\/p>\n<p>&nbsp;<\/p>\n<p style=\"text-align: justify;\"><span style=\"color: #c0c0c0;\"><span style=\"font-size: larger;\"><strong>Analyse<\/strong><\/span><\/span><\/p>\n<table border=\"0\" width=\"530\" cellspacing=\"1\" cellpadding=\"1\">\n<tbody>\n<tr>\n<td valign=\"top\"><span style=\"font-size: medium;\"><strong>Analytische<br \/>\nbestanddelen<\/strong><\/span><\/td>\n<td valign=\"top\"><span style=\"font-size: medium;\">\u00a0<\/span><\/td>\n<td valign=\"top\"><span style=\"font-size: medium;\"><strong>Nutritionele<br \/>\ntoevoegingsmiddelen\/kg<\/strong><\/span><\/td>\n<td valign=\"top\"><span style=\"font-size: medium;\">\u00a0<\/span><\/td>\n<\/tr>\n<tr>\n<td valign=\"top\"><span style=\"font-size: medium;\">Vocht<br \/>\nRuwe prote\u00efne<br \/>\nRuw vet<br \/>\nRuwe as<br \/>\nRuw vezel<br \/>\nCalcium (Ca)<br \/>\nFosfor (P)<br \/>\nNatrium (Na)<br \/>\nMagnesium (Mg)<br \/>\nKalium<br \/>\nLysine<br \/>\nMethionine<br \/>\nCystine<br \/>\nTreonine<br \/>\nTryptophaan<br \/>\nLinolzuur (\u03c96)<br \/>\nLinoleenzuur (\u03c93)<br \/>\nArachidon zuur (\u03c96)<br \/>\nEPA (\u03c93)<br \/>\neicosapentaeenzuur<br \/>\nDHA (\u03c93)<br \/>\ndocosahexaeenzuur<br \/>\n\u03b3-Linoleenzuur (\u03c93)<br \/>\nKoolhydraten<br \/>\n<\/span><\/td>\n<td valign=\"top\"><span style=\"font-size: medium;\"><span style=\"font-size: medium;\">8.00 %<br \/>\n31.0 %<br \/>\n20.5 %<br \/>\n6.00 %<br \/>\n2.70 %<br \/>\n0.60 %<br \/>\n0.50 %<br \/>\n3.60 g<br \/>\n0.60 g<br \/>\n6.00 g<br \/>\n20.0 g<br \/>\n8.00 g<br \/>\n3.90 g<br \/>\n14.6 g<br \/>\n3.40 g<br \/>\n19.0 g<br \/>\n3.00 g<br \/>\n0.10 g<br \/>\n5.00 g<br \/>\n<\/span><br \/>\n5.00 g<br \/>\n<\/span><span style=\"color: #f2f3f0;\">Y<\/span><br \/>\n1.20 g<br \/>\n49.0 %<\/td>\n<td valign=\"top\"><span style=\"font-size: medium;\">Vitamine A*<br \/>\nVitamine D3*<br \/>\nVitamine E*<br \/>\nVitamine B1<br \/>\nVitamine B2<br \/>\nVitamine B6<br \/>\nVitamine B12<br \/>\nVitamine C<br \/>\nBiotine<br \/>\nCholine<br \/>\nFoliumzuur<br \/>\nPantotheenzuur<br \/>\n<\/span><\/td>\n<td valign=\"top\"><span style=\"font-size: medium;\">20.000 IE<br \/>\n1.750 IE<br \/>\n450 mg<br \/>\n7.50 mg<br \/>\n5.60 mg<br \/>\n6.00 mg<br \/>\n30.0 \u03bcg<br \/>\n100 mg<br \/>\n225 \u03bcg<br \/>\n750 mg<br \/>\n9.00 mg<br \/>\n23.0 mg<br \/>\n<\/span><\/td>\n<\/tr>\n<\/tbody>\n<\/table>\n<p><strong>Energie waarde 4182 Kcal\/kg [17.5 MJ\/kg] <\/strong><br \/>\n<strong>pH urinary = ca 6,3<\/strong><\/p>\n<p><span style=\"font-size: medium;\"><strong>Vitaminen:<\/strong><br \/>\nVitamine A (retinylacetaat)<br \/>\nVitamine D3 (cholecalciferol)<br \/>\nVitamine E (all-rac-\u0430lfa-tocoferol)<br \/>\n<\/span><\/p>\n<p><span style=\"font-size: medium;\"><strong>Sporeelementen:<\/strong><br \/>\n(Zn) Zink (zink-(II)-sulfaat monohydraat) 125 mg\/kg<br \/>\n(Fe) Ijzer (ijzer-(II)-sulfaat monohydraat) 100 mg\/kg<br \/>\n(Mn) Mangaan (mangaan-(II)-oxide) 40 mg\/kg<br \/>\n(Cu) Koper (koper-(II)-sulfaat pentahydraat) 10 mg\/kg<br \/>\n(I) Jodium (calciumjodaat, watervrij) 1.50 mg\/kg<br \/>\n(Se) Selenium (natriumseleniet) 0.20 mg\/kg<\/span><span style=\"font-size: larger;\"><strong><br \/>\n<\/strong><\/span><\/p>\n<p><span style=\"font-size: medium;\"><strong>Technologische toevoegingdmiddelen: <\/strong><br \/>\nAmmoniumchloride 4.50 g\/kg<\/span><\/p>\n<p><span style=\"font-size: larger;\"><span style=\"font-size: medium;\"><strong>Sensori\u00eble toevoegingsmiddelen:<\/strong><br \/>\nYucca Schidigera extract 125 mg\/kg<\/span><br \/>\n<strong><br \/>\n<\/strong><\/span><span style=\"font-size: medium;\"><strong>Overige nutritionele toevoedingsmiddelen:<\/strong><br \/>\nL-Carnitine 150 mg\/kg<br \/>\nTaurine 1.500 mg\/kg<\/span><\/p>\n<p>&nbsp;<\/p>\n<p style=\"text-align: justify;\"><span style=\"color: #c0c0c0;\"><span style=\"font-size: larger;\"><strong>Voedingsschema<\/strong><\/span><\/span><span style=\"color: #47b4aa;\"><span style=\"font-size: larger;\"><strong><br \/>\n<\/strong><\/span><\/span><\/p>\n<table border=\"1\" width=\"400\" cellspacing=\"1\" cellpadding=\"1\">\n<tbody>\n<tr>\n<td style=\"text-align: center;\"><span style=\"font-size: medium;\">\u00a0\u00a0\u00a0\u00a0 Gewicht<br \/>\n<\/span><\/td>\n<td style=\"text-align: center;\"><span style=\"font-size: medium;\">\u00a0\u00a0\u00a0\u00a0\u00a0 Dagrantsoen\u00a0<\/span><\/td>\n<td rowspan=\"6\"><\/td>\n<\/tr>\n<tr>\n<td style=\"text-align: center;\"><span style=\"font-size: medium;\">2 kg<\/span><\/td>\n<td style=\"text-align: center;\"><span style=\"font-size: medium;\">30 &#8211; 40 g<\/span><\/td>\n<\/tr>\n<tr>\n<td style=\"text-align: center;\"><span style=\"font-size: medium;\">3 kg<\/span><\/td>\n<td style=\"text-align: center;\"><span style=\"font-size: medium;\">40 &#8211; 55 g<\/span><\/td>\n<\/tr>\n<tr>\n<td style=\"text-align: center;\"><span style=\"font-size: medium;\">4 kg<\/span><\/td>\n<td style=\"text-align: center;\"><span style=\"font-size: medium;\">50 &#8211; 70 g<\/span><\/td>\n<\/tr>\n<tr>\n<td style=\"text-align: center;\"><span style=\"font-size: medium;\">5 kg<\/span><\/td>\n<td style=\"text-align: center;\"><span style=\"font-size: medium;\">60 &#8211; 85 g<\/span><\/td>\n<\/tr>\n<tr>\n<td style=\"text-align: center;\"><span style=\"font-size: medium;\">&gt;6 kg<\/span><\/td>\n<td style=\"text-align: center;\"><span style=\"font-size: medium;\">10 &#8211; 15 g\/kg<\/span><\/td>\n<\/tr>\n<\/tbody>\n<\/table>\n<p><em><span style=\"font-size: medium;\">De aanbevolen toepassing van dit rantsoen is een periode van 3 tot 8 weken; als de symptomen verdwenen zijn, kan dit rantsoen voor onbepaalde tijd worden gebruikt*<\/span><\/em><\/p>\n<p>&nbsp;<\/p>\n<p style=\"text-align: justify;\"><span style=\"color: #c0c0c0;\"><span style=\"font-size: larger;\"><strong>Verpakking<\/strong><\/span><\/span><\/p>\n<p><span style=\"font-size: medium;\">750 g\u00a0 EAN\u00a0 8717496485304<br \/>\n3 kg\u00a0\u00a0\u00a0\u00a0 EAN\u00a0 8717496485328<\/span><\/p>\n<p>&nbsp;<\/p>\n<p style=\"text-align: justify;\"><span style=\"color: #c0c0c0;\"><span style=\"font-size: larger;\"><strong>Bewaaradvies<\/strong><\/span><\/span><\/p>\n<p style=\"text-align: justify;\"><span style=\"font-size: medium;\">Hoewel droogvoer niet zo snel bederft als andere soorten voedsel, is het niet oneindig lang houdbaar. Zorg er altijd voor dat u dergelijke voedingsmiddelen voor vervaldatum gebruikt. Houd het voedsel droog en bewaar het in de zak waar u het in heeft gekocht; onze zakken zijn ontworpen om vocht en luchtstroom te weerstaan. De beste manier om een grote zak met honden- of kattenvoer op te bergen is door de originele zak in een schone plastic emmer of plastic container met een veilig deksel te plaatsen. Bewaar droog voedsel niet in vochtige ruimtes, omdat vochtige omstandigheden het bederf versnellen. Rol de bovenkant van de zak altijd strak naar beneden en sluit deze af met een clip of knijper. Het wordt aan de eigenaren van huisdieren aangeraden om droge voeding te bewaren op locaties die niet warmer zijn dan 23 \u00b0C (graden Celsius). <\/span><\/p>\n<p>&nbsp;<\/p>\n<p><span style=\"font-size: medium;\"><br \/>\n<\/span><strong><span style=\"font-size: medium;\">Een gezonde kat is een gelukkige kat.<\/span><\/strong><\/p>\n<p>&nbsp;<\/p>\n","protected":false},"excerpt":{"rendered":"<p style=\"text-align: left;\"><span style=\"color: #acaeaf;\"><strong><span style=\"font-size: X-large;\">BEHEERSING VAN VOEDSELALLERGIE\u00a0EN ATOPISCHE HUIDZIEKTEN<\/span><\/strong><\/span><span style=\"font-size: X-large;\"><br \/>\n<\/span><\/p>\n<p style=\"text-align: left;\"><span style=\"font-size: large;\">Gehydrolyseerde Visprote\u00efne<br \/>\nUrine pH Controle 6,3<br \/>\nRijk aan (EPA+DHA)<br \/>\nRijk aan Borage Olie<br \/>\nNatuurlijke Antioxidanten Mengsel<br \/>\nPrebiotica (MOS+FOS)<br \/>\nFHV (Vezel-Hoog-Viscositeit)<br \/>\nFLV (Vezel-Laag-Viscositeit)<br \/>\nGeurbeheersing<\/span><\/p>\n","protected":false},"featured_media":2376,"comment_status":"open","ping_status":"closed","template":"","meta":{"_acf_changed":false},"product_brand":[],"product_cat":[199,175],"product_tag":[],"class_list":{"0":"post-3908","1":"product","2":"type-product","3":"status-publish","4":"has-post-thumbnail","6":"product_cat-gespecialiseerde-droogvoeding-voor-katten","7":"product_cat-pro-vet-nl","9":"first","10":"instock","11":"shipping-taxable","12":"product-type-simple"},"acf":[],"yoast_head":"<!-- This site is optimized with the Yoast SEO plugin v27.5 - https:\/\/yoast.com\/product\/yoast-seo-wordpress\/ -->\n<title>PRO-VET\u00ae HyperSen - Prof Pet Corporation<\/title>\n<meta name=\"robots\" content=\"index, follow, max-snippet:-1, max-image-preview:large, max-video-preview:-1\" \/>\n<link rel=\"canonical\" href=\"https:\/\/www.profpetcorporation.com\/nl\/product\/pro-vet-hypersen\/\" \/>\n<meta property=\"og:locale\" content=\"nl_NL\" \/>\n<meta property=\"og:type\" content=\"article\" \/>\n<meta property=\"og:title\" content=\"PRO-VET\u00ae HyperSen - Prof Pet Corporation\" \/>\n<meta property=\"og:description\" content=\"BEHEERSING VAN VOEDSELALLERGIE\u00a0EN ATOPISCHE HUIDZIEKTEN  Gehydrolyseerde Visprote\u00efne Urine pH Controle 6,3 Rijk aan (EPA+DHA) Rijk aan Borage Olie Natuurlijke Antioxidanten Mengsel Prebiotica (MOS+FOS) FHV (Vezel-Hoog-Viscositeit) FLV (Vezel-Laag-Viscositeit) Geurbeheersing\" \/>\n<meta property=\"og:url\" content=\"https:\/\/www.profpetcorporation.com\/nl\/product\/pro-vet-hypersen\/\" \/>\n<meta property=\"og:site_name\" content=\"Prof Pet Corporation\" \/>\n<meta property=\"article:modified_time\" content=\"2025-04-09T19:00:34+00:00\" \/>\n<meta property=\"og:image\" content=\"https:\/\/www.profpetcorporation.com\/wp-content\/uploads\/2024\/07\/PRO-VET-HyperSen-3kg.jpg\" \/>\n\t<meta property=\"og:image:width\" content=\"2362\" \/>\n\t<meta property=\"og:image:height\" content=\"2362\" \/>\n\t<meta property=\"og:image:type\" content=\"image\/jpeg\" \/>\n<meta name=\"twitter:card\" content=\"summary_large_image\" \/>\n<meta name=\"twitter:label1\" content=\"Geschatte leestijd\" \/>\n\t<meta name=\"twitter:data1\" content=\"6 minuten\" \/>\n<script type=\"application\/ld+json\" class=\"yoast-schema-graph\">{\"@context\":\"https:\\\/\\\/schema.org\",\"@graph\":[{\"@type\":\"WebPage\",\"@id\":\"https:\\\/\\\/www.profpetcorporation.com\\\/nl\\\/product\\\/pro-vet-hypersen\\\/\",\"url\":\"https:\\\/\\\/www.profpetcorporation.com\\\/nl\\\/product\\\/pro-vet-hypersen\\\/\",\"name\":\"PRO-VET\u00ae HyperSen - Prof Pet Corporation\",\"isPartOf\":{\"@id\":\"https:\\\/\\\/www.profpetcorporation.com\\\/nl\\\/#website\"},\"primaryImageOfPage\":{\"@id\":\"https:\\\/\\\/www.profpetcorporation.com\\\/nl\\\/product\\\/pro-vet-hypersen\\\/#primaryimage\"},\"image\":{\"@id\":\"https:\\\/\\\/www.profpetcorporation.com\\\/nl\\\/product\\\/pro-vet-hypersen\\\/#primaryimage\"},\"thumbnailUrl\":\"https:\\\/\\\/www.profpetcorporation.com\\\/wp-content\\\/uploads\\\/2024\\\/07\\\/PRO-VET-HyperSen-3kg.jpg\",\"datePublished\":\"2024-07-10T15:46:08+00:00\",\"dateModified\":\"2025-04-09T19:00:34+00:00\",\"breadcrumb\":{\"@id\":\"https:\\\/\\\/www.profpetcorporation.com\\\/nl\\\/product\\\/pro-vet-hypersen\\\/#breadcrumb\"},\"inLanguage\":\"nl-NL\",\"potentialAction\":[{\"@type\":\"ReadAction\",\"target\":[\"https:\\\/\\\/www.profpetcorporation.com\\\/nl\\\/product\\\/pro-vet-hypersen\\\/\"]}]},{\"@type\":\"ImageObject\",\"inLanguage\":\"nl-NL\",\"@id\":\"https:\\\/\\\/www.profpetcorporation.com\\\/nl\\\/product\\\/pro-vet-hypersen\\\/#primaryimage\",\"url\":\"https:\\\/\\\/www.profpetcorporation.com\\\/wp-content\\\/uploads\\\/2024\\\/07\\\/PRO-VET-HyperSen-3kg.jpg\",\"contentUrl\":\"https:\\\/\\\/www.profpetcorporation.com\\\/wp-content\\\/uploads\\\/2024\\\/07\\\/PRO-VET-HyperSen-3kg.jpg\",\"width\":2362,\"height\":2362},{\"@type\":\"BreadcrumbList\",\"@id\":\"https:\\\/\\\/www.profpetcorporation.com\\\/nl\\\/product\\\/pro-vet-hypersen\\\/#breadcrumb\",\"itemListElement\":[{\"@type\":\"ListItem\",\"position\":1,\"name\":\"Home\",\"item\":\"https:\\\/\\\/www.profpetcorporation.com\\\/nl\\\/\"},{\"@type\":\"ListItem\",\"position\":2,\"name\":\"Winkel\",\"item\":\"https:\\\/\\\/www.profpetcorporation.com\\\/shop\\\/\"},{\"@type\":\"ListItem\",\"position\":3,\"name\":\"PRO-VET\u00ae\",\"item\":\"https:\\\/\\\/www.profpetcorporation.com\\\/nl\\\/merken\\\/pro-vet-nl\\\/\"},{\"@type\":\"ListItem\",\"position\":4,\"name\":\"PRO-VET\u00ae HyperSen\"}]},{\"@type\":\"WebSite\",\"@id\":\"https:\\\/\\\/www.profpetcorporation.com\\\/nl\\\/#website\",\"url\":\"https:\\\/\\\/www.profpetcorporation.com\\\/nl\\\/\",\"name\":\"Prof Pet Corporation\",\"description\":\"\",\"potentialAction\":[{\"@type\":\"SearchAction\",\"target\":{\"@type\":\"EntryPoint\",\"urlTemplate\":\"https:\\\/\\\/www.profpetcorporation.com\\\/nl\\\/?s={search_term_string}\"},\"query-input\":{\"@type\":\"PropertyValueSpecification\",\"valueRequired\":true,\"valueName\":\"search_term_string\"}}],\"inLanguage\":\"nl-NL\"}]}<\/script>\n<!-- \/ Yoast SEO plugin. -->","yoast_head_json":{"title":"PRO-VET\u00ae HyperSen - Prof Pet Corporation","robots":{"index":"index","follow":"follow","max-snippet":"max-snippet:-1","max-image-preview":"max-image-preview:large","max-video-preview":"max-video-preview:-1"},"canonical":"https:\/\/www.profpetcorporation.com\/nl\/product\/pro-vet-hypersen\/","og_locale":"nl_NL","og_type":"article","og_title":"PRO-VET\u00ae HyperSen - Prof Pet Corporation","og_description":"BEHEERSING VAN VOEDSELALLERGIE\u00a0EN ATOPISCHE HUIDZIEKTEN  Gehydrolyseerde Visprote\u00efne Urine pH Controle 6,3 Rijk aan (EPA+DHA) Rijk aan Borage Olie Natuurlijke Antioxidanten Mengsel Prebiotica (MOS+FOS) FHV (Vezel-Hoog-Viscositeit) FLV (Vezel-Laag-Viscositeit) Geurbeheersing","og_url":"https:\/\/www.profpetcorporation.com\/nl\/product\/pro-vet-hypersen\/","og_site_name":"Prof Pet Corporation","article_modified_time":"2025-04-09T19:00:34+00:00","og_image":[{"width":2362,"height":2362,"url":"https:\/\/www.profpetcorporation.com\/wp-content\/uploads\/2024\/07\/PRO-VET-HyperSen-3kg.jpg","type":"image\/jpeg"}],"twitter_card":"summary_large_image","twitter_misc":{"Geschatte leestijd":"6 minuten"},"schema":{"@context":"https:\/\/schema.org","@graph":[{"@type":"WebPage","@id":"https:\/\/www.profpetcorporation.com\/nl\/product\/pro-vet-hypersen\/","url":"https:\/\/www.profpetcorporation.com\/nl\/product\/pro-vet-hypersen\/","name":"PRO-VET\u00ae HyperSen - Prof Pet Corporation","isPartOf":{"@id":"https:\/\/www.profpetcorporation.com\/nl\/#website"},"primaryImageOfPage":{"@id":"https:\/\/www.profpetcorporation.com\/nl\/product\/pro-vet-hypersen\/#primaryimage"},"image":{"@id":"https:\/\/www.profpetcorporation.com\/nl\/product\/pro-vet-hypersen\/#primaryimage"},"thumbnailUrl":"https:\/\/www.profpetcorporation.com\/wp-content\/uploads\/2024\/07\/PRO-VET-HyperSen-3kg.jpg","datePublished":"2024-07-10T15:46:08+00:00","dateModified":"2025-04-09T19:00:34+00:00","breadcrumb":{"@id":"https:\/\/www.profpetcorporation.com\/nl\/product\/pro-vet-hypersen\/#breadcrumb"},"inLanguage":"nl-NL","potentialAction":[{"@type":"ReadAction","target":["https:\/\/www.profpetcorporation.com\/nl\/product\/pro-vet-hypersen\/"]}]},{"@type":"ImageObject","inLanguage":"nl-NL","@id":"https:\/\/www.profpetcorporation.com\/nl\/product\/pro-vet-hypersen\/#primaryimage","url":"https:\/\/www.profpetcorporation.com\/wp-content\/uploads\/2024\/07\/PRO-VET-HyperSen-3kg.jpg","contentUrl":"https:\/\/www.profpetcorporation.com\/wp-content\/uploads\/2024\/07\/PRO-VET-HyperSen-3kg.jpg","width":2362,"height":2362},{"@type":"BreadcrumbList","@id":"https:\/\/www.profpetcorporation.com\/nl\/product\/pro-vet-hypersen\/#breadcrumb","itemListElement":[{"@type":"ListItem","position":1,"name":"Home","item":"https:\/\/www.profpetcorporation.com\/nl\/"},{"@type":"ListItem","position":2,"name":"Winkel","item":"https:\/\/www.profpetcorporation.com\/shop\/"},{"@type":"ListItem","position":3,"name":"PRO-VET\u00ae","item":"https:\/\/www.profpetcorporation.com\/nl\/merken\/pro-vet-nl\/"},{"@type":"ListItem","position":4,"name":"PRO-VET\u00ae HyperSen"}]},{"@type":"WebSite","@id":"https:\/\/www.profpetcorporation.com\/nl\/#website","url":"https:\/\/www.profpetcorporation.com\/nl\/","name":"Prof Pet Corporation","description":"","potentialAction":[{"@type":"SearchAction","target":{"@type":"EntryPoint","urlTemplate":"https:\/\/www.profpetcorporation.com\/nl\/?s={search_term_string}"},"query-input":{"@type":"PropertyValueSpecification","valueRequired":true,"valueName":"search_term_string"}}],"inLanguage":"nl-NL"}]}},"_links":{"self":[{"href":"https:\/\/www.profpetcorporation.com\/nl\/wp-json\/wp\/v2\/product\/3908","targetHints":{"allow":["GET"]}}],"collection":[{"href":"https:\/\/www.profpetcorporation.com\/nl\/wp-json\/wp\/v2\/product"}],"about":[{"href":"https:\/\/www.profpetcorporation.com\/nl\/wp-json\/wp\/v2\/types\/product"}],"replies":[{"embeddable":true,"href":"https:\/\/www.profpetcorporation.com\/nl\/wp-json\/wp\/v2\/comments?post=3908"}],"wp:featuredmedia":[{"embeddable":true,"href":"https:\/\/www.profpetcorporation.com\/nl\/wp-json\/wp\/v2\/media\/2376"}],"wp:attachment":[{"href":"https:\/\/www.profpetcorporation.com\/nl\/wp-json\/wp\/v2\/media?parent=3908"}],"wp:term":[{"taxonomy":"product_brand","embeddable":true,"href":"https:\/\/www.profpetcorporation.com\/nl\/wp-json\/wp\/v2\/product_brand?post=3908"},{"taxonomy":"product_cat","embeddable":true,"href":"https:\/\/www.profpetcorporation.com\/nl\/wp-json\/wp\/v2\/product_cat?post=3908"},{"taxonomy":"product_tag","embeddable":true,"href":"https:\/\/www.profpetcorporation.com\/nl\/wp-json\/wp\/v2\/product_tag?post=3908"}],"curies":[{"name":"wp","href":"https:\/\/api.w.org\/{rel}","templated":true}]}}