{"id":3834,"date":"2024-07-09T20:32:37","date_gmt":"2024-07-09T20:32:37","guid":{"rendered":"https:\/\/profpetcorporation.previewready.nl\/?post_type=product&#038;p=3834"},"modified":"2024-12-15T05:04:59","modified_gmt":"2024-12-15T05:04:59","slug":"kis-kis-duck-400g","status":"publish","type":"product","link":"https:\/\/www.profpetcorporation.com\/nl\/product\/kis-kis-duck-400g\/","title":{"rendered":"KiS-KiS\u00ae Duck 400g"},"content":{"rendered":"<p style=\"text-align: justify;\"><span style=\"font-size: medium;\"><strong><img loading=\"lazy\" decoding=\"async\" class=\"alignnone size-full wp-image-3339\" src=\"https:\/\/www.profpetcorporation.com\/wp-content\/uploads\/2024\/10\/NL-PICKY-CATS-scaled.jpg\" alt=\"\" width=\"2560\" height=\"287\" srcset=\"https:\/\/www.profpetcorporation.com\/wp-content\/uploads\/2024\/10\/NL-PICKY-CATS-scaled.jpg 2560w, https:\/\/www.profpetcorporation.com\/wp-content\/uploads\/2024\/10\/NL-PICKY-CATS-scaled-600x67.jpg 600w, https:\/\/www.profpetcorporation.com\/wp-content\/uploads\/2024\/10\/NL-PICKY-CATS-300x34.jpg 300w, https:\/\/www.profpetcorporation.com\/wp-content\/uploads\/2024\/10\/NL-PICKY-CATS-1024x115.jpg 1024w, https:\/\/www.profpetcorporation.com\/wp-content\/uploads\/2024\/10\/NL-PICKY-CATS-768x86.jpg 768w, https:\/\/www.profpetcorporation.com\/wp-content\/uploads\/2024\/10\/NL-PICKY-CATS-1536x172.jpg 1536w, https:\/\/www.profpetcorporation.com\/wp-content\/uploads\/2024\/10\/NL-PICKY-CATS-2048x229.jpg 2048w\" sizes=\"auto, (max-width: 2560px) 100vw, 2560px\" \/>Al het vlees dat gebruikt is in KiS-KiS<\/strong><strong>\u00ae<\/strong><strong> natvoer is afkomstig van lokale leveranciers en is volledig terug te traceren tot aan de oorsprong. KiS-KiS\u00ae natvoer bevat enkel 100% Natuurlijke ingredi\u00ebnten en 100% Graanvrij. Wij voegen geen kunstmatige kleurstoffen, smaakstoffen, conserveringsmiddelen of soya toe. Zelfs de meest kieskeurige katten zullen houden van de natuurlijke vleessmaak en de smakelijke geur van onze KiS-KiS\u00ae producten en u, als de eigenaar, zult het feit kunnen waarderen dat de KiS-KiS\u00ae producten een gezonde balans bevatten van eiwit, natuurlijke oli\u00ebn en toegevoegde vitaminen en mineralen, nodig om uw kat gezond en gelukkig te houden. <\/strong><\/span><\/p>\n<p style=\"text-align: justify;\"><span style=\"font-size: medium;\"><strong>Acceptatie van onze producten is van grootste belang voor ons en des te meer belangrijk wanneer het op kattenvoeding aankomt. Zoals elke katteneigenaar zal weten, blijven katten ongeacht de leeftijd, grootte of ras, de kieskeurigste van alle huisdieren wanneer het gaat om wat voor voeding zij zullen eten. KiS-KiS\u00ae producten hebben een aantrekkelijke geur, geweldige smaak en sappig structuur om te verzekeren dat uw kat vanaf de eerste tot aan de laatste hap zal genieten van onze KiS-KiS\u00ae vleesbrokjes. <\/strong><\/span><\/p>\n<p style=\"text-align: justify;\"><span style=\"font-size: medium;\"><strong><br \/>\n<\/strong><strong>Samenstelling:<\/strong> vlees en dierlijke bijproducten (inclusief minimaal 4% eendenvlees), plantaardige bijproducten, granen, vitaminen en mineralen, diverse suikers.<\/span><\/p>\n<p><span style=\"font-size: medium;\"><strong>Additieven: Nutritionele additieven\/kg:<\/strong><\/span><\/p>\n<table border=\"0\" width=\"547\" cellspacing=\"1\" cellpadding=\"1\">\n<tbody>\n<tr>\n<td valign=\"top\"><span style=\"font-size: medium;\">Vitamine A<br \/>\nVitamine D3<br \/>\nVitamine E<br \/>\n<\/span><\/td>\n<td valign=\"top\"><span style=\"font-size: lmedium;\">1.875 IE<br \/>\n250 IE<br \/>\n35 mg<br \/>\n<\/span><\/td>\n<td valign=\"top\"><span style=\"font-size: lmedium;\">Zinksulfaat monohydraat<br \/>\nFerro(II)sulfaat monohydraat<br \/>\nKopersulfaat pentahydraat<br \/>\nMangaansulfaat monohydraat<br \/>\nSodiumseleniet<br \/>\nCalciumjodaat watervrij<\/span><span style=\"font-size: medium;\"><br \/>\n<\/span><\/td>\n<td valign=\"top\"><span style=\"font-size: medium;\">14.0 mg<br \/>\n10.0 mg<br \/>\n1.50 mg<br \/>\n2.50 mg<br \/>\n0.25 mg<br \/>\n0.40 mg<\/span><span style=\"font-size: medium;\"><br \/>\n<\/span><\/td>\n<\/tr>\n<\/tbody>\n<\/table>\n<p><strong><span style=\"font-size: medium;\">Analytische bestanddelen<\/span><\/strong><\/p>\n<table border=\"0\" width=\"512\" cellspacing=\"1\" cellpadding=\"1\">\n<tbody>\n<tr>\n<td valign=\"top\">Ruw eiwitgehalte<br \/>\nVetten en oli\u00ebn<br \/>\nAnorganische stof<br \/>\nRuwe celstof<br \/>\nVochtgehalte<\/td>\n<td valign=\"&quot;top\u201d\">8 %<br \/>\n5 %<br \/>\n3 %<br \/>\n0.4 %<br \/>\n80 %<\/td>\n<td valign=\"top\"><span style=\"font-size: medium;\"><span style=\"color: #f2f3f0;\">\u00a0\u00a0\u00a0\u00a0\u00a0\u00a0\u00a0\u00a0 \u00a0 \u00a0 \u00a0\u00a0\u00a0\u00a0\u00a0\u00a0\u00a0\u00a0\u00a0 Y<\/span><\/span><\/td>\n<td valign=\"top\"><span style=\"font-size: medium;\"><span style=\"color: #f2f3f0;\">\u00a0\u00a0\u00a0\u00a0\u00a0\u00a0\u00a0\u00a0\u00a0\u00a0\u00a0\u00a0\u00a0\u00a0\u00a0 Y<\/span><\/span><\/td>\n<\/tr>\n<\/tbody>\n<\/table>\n<p><span style=\"font-size: medium;\"><strong>Voedingsrichtlijn: <\/strong>Een gemiddelde volwassen kat (4kg) heeft \u00be tot 1 blik per dag in ten minste twee maaltijden nodig. Vers drinkwater zou altijd beschikbaar moeten zijn. <\/span><\/p>\n<p><span style=\"font-size: lmedium;\"><strong>Bewaaradvies: <\/strong>Bewaar op een koele, droge plaats. Bewaar na het openen de ongebruikte inhoud in de koelkast, in een afgesloten verpakking en gebruik binnen 24 uur. Best geserveerd op kamertemperatuur.<\/span><\/p>\n<p><span style=\"font-size: medium;\"><strong>Netto gewicht:<\/strong> 400g<br \/>\n<strong>Blik met easy opener.<\/strong><br \/>\n<strong>Ten minste houdbaar tot:<\/strong> zie blikbodem.<\/span><\/p>\n<p style=\"text-align: justify;\"><em><span style=\"font-size: medium;\"><strong>Bij Prof Pet Corporation zijn huisdieren het voornaamst. Om de huisdieren in al hun nutritionele behoeften te voorzien, zijn wij voortdurend bezig met het ontwikkelen van onze producten waarbij wij nauw samenwerken met internationaal erkende specialisten op het gebied van veterinaire voeding.<br \/>\nVoor onze producten worden voortdurend alleen de beste, natuurlijke en lokale ingredi\u00ebnten gebruikt voor het vervaardigen van producten van topkwaliteit. Onze producten zijn ontwikkeld en geproduceerd volgens strikte kwaliteitsnormen met een volledige traceerbaarheid van de ingredi\u00ebnten terug naar de oorsprong.<\/strong><\/span><\/em><\/p>\n<p>&nbsp;<\/p>\n<p>EAN 8717496484185<\/p>\n<p>&nbsp;<\/p>\n<p>&nbsp;<\/p>\n","protected":false},"excerpt":{"rendered":"<ul>\n<li><em><strong><span style=\"font-size: medium;\"> 100% Natuurlijke Ingredi\u00ebnten <img loading=\"lazy\" decoding=\"async\" class=\"alignnone size-medium wp-image-3303\" src=\"https:\/\/www.profpetcorporation.com\/wp-content\/uploads\/2024\/10\/NL-BLAAD-225x300.jpg\" alt=\"\" width=\"159\" height=\"218\" align=\"right\" \/> <\/span><\/strong><\/em><\/li>\n<li><em><strong><span style=\"font-size: medium;\"> G\u00e9\u00e9n toegevoegde graan<br \/>\n<\/span><\/strong><\/em><\/li>\n<li><em><strong><span style=\"font-size: medium;\"> Met toegevoegde Vitamine E<\/span><\/strong><\/em><strong><span style=\"font-size: medium;\"><br \/>\n<\/span><\/strong><\/li>\n<li><em><strong><span style=\"font-size: medium;\"> G\u00e9\u00e9n Kunstmatige Kleurstoffen<\/span><\/strong><\/em><\/li>\n<li><em><strong><span style=\"font-size: medium;\"> G\u00e9\u00e9n Conserveringsmiddelen <\/span><\/strong><\/em><strong><span style=\"font-size: medium;\"><br \/>\n<\/span><\/strong><\/li>\n<li><strong><em><strong><span style=\"font-size: medium;\"> G\u00e9\u00e9n Kunstmatige Smaakstoffen <\/span><\/strong><\/em><\/strong><\/li>\n<li><em><strong><span style=\"font-size: medium;\"> G\u00e9\u00e9n Toegevoegde Soya <\/span><\/strong><\/em><\/li>\n<\/ul>\n<p><span style=\"font-size: large;\">93 kcal per 100g<\/span><\/p>\n","protected":false},"featured_media":1878,"comment_status":"open","ping_status":"closed","template":"","meta":{"_acf_changed":false},"product_brand":[],"product_cat":[193,125],"product_tag":[],"class_list":{"0":"post-3834","1":"product","2":"type-product","3":"status-publish","4":"has-post-thumbnail","6":"product_cat-blikvoer-graanvrij-400g","7":"product_cat-kis-kis-nl","9":"first","10":"instock","11":"shipping-taxable","12":"product-type-simple"},"acf":[],"yoast_head":"<!-- This site is optimized with the Yoast SEO plugin v27.3 - https:\/\/yoast.com\/product\/yoast-seo-wordpress\/ -->\n<title>KiS-KiS\u00ae Duck 400g - Prof Pet Corporation<\/title>\n<meta name=\"robots\" content=\"index, follow, max-snippet:-1, max-image-preview:large, max-video-preview:-1\" \/>\n<link rel=\"canonical\" href=\"https:\/\/www.profpetcorporation.com\/nl\/product\/kis-kis-duck-400g\/\" \/>\n<meta property=\"og:locale\" content=\"nl_NL\" \/>\n<meta property=\"og:type\" content=\"article\" \/>\n<meta property=\"og:title\" content=\"KiS-KiS\u00ae Duck 400g - Prof Pet Corporation\" \/>\n<meta property=\"og:description\" content=\"100% Natuurlijke Ingredi\u00ebnten    G\u00e9\u00e9n toegevoegde graan    Met toegevoegde Vitamine E    G\u00e9\u00e9n Kunstmatige Kleurstoffen   G\u00e9\u00e9n Conserveringsmiddelen    G\u00e9\u00e9n Kunstmatige Smaakstoffen   G\u00e9\u00e9n Toegevoegde Soya   93 kcal per 100g\" \/>\n<meta property=\"og:url\" content=\"https:\/\/www.profpetcorporation.com\/nl\/product\/kis-kis-duck-400g\/\" \/>\n<meta property=\"og:site_name\" content=\"Prof Pet Corporation\" \/>\n<meta property=\"article:modified_time\" content=\"2024-12-15T05:04:59+00:00\" \/>\n<meta property=\"og:image\" content=\"https:\/\/www.profpetcorporation.com\/wp-content\/uploads\/2024\/07\/KiS-KiS-400gr-Duck-scaled.jpg\" \/>\n\t<meta property=\"og:image:width\" content=\"2560\" \/>\n\t<meta property=\"og:image:height\" content=\"2560\" \/>\n\t<meta property=\"og:image:type\" content=\"image\/jpeg\" \/>\n<meta name=\"twitter:card\" content=\"summary_large_image\" \/>\n<meta name=\"twitter:label1\" content=\"Geschatte leestijd\" \/>\n\t<meta name=\"twitter:data1\" content=\"3 minuten\" \/>\n<script type=\"application\/ld+json\" class=\"yoast-schema-graph\">{\"@context\":\"https:\\\/\\\/schema.org\",\"@graph\":[{\"@type\":\"WebPage\",\"@id\":\"https:\\\/\\\/www.profpetcorporation.com\\\/nl\\\/product\\\/kis-kis-duck-400g\\\/\",\"url\":\"https:\\\/\\\/www.profpetcorporation.com\\\/nl\\\/product\\\/kis-kis-duck-400g\\\/\",\"name\":\"KiS-KiS\u00ae Duck 400g - Prof Pet Corporation\",\"isPartOf\":{\"@id\":\"https:\\\/\\\/www.profpetcorporation.com\\\/nl\\\/#website\"},\"primaryImageOfPage\":{\"@id\":\"https:\\\/\\\/www.profpetcorporation.com\\\/nl\\\/product\\\/kis-kis-duck-400g\\\/#primaryimage\"},\"image\":{\"@id\":\"https:\\\/\\\/www.profpetcorporation.com\\\/nl\\\/product\\\/kis-kis-duck-400g\\\/#primaryimage\"},\"thumbnailUrl\":\"https:\\\/\\\/www.profpetcorporation.com\\\/wp-content\\\/uploads\\\/2024\\\/07\\\/KiS-KiS-400gr-Duck-scaled.jpg\",\"datePublished\":\"2024-07-09T20:32:37+00:00\",\"dateModified\":\"2024-12-15T05:04:59+00:00\",\"breadcrumb\":{\"@id\":\"https:\\\/\\\/www.profpetcorporation.com\\\/nl\\\/product\\\/kis-kis-duck-400g\\\/#breadcrumb\"},\"inLanguage\":\"nl-NL\",\"potentialAction\":[{\"@type\":\"ReadAction\",\"target\":[\"https:\\\/\\\/www.profpetcorporation.com\\\/nl\\\/product\\\/kis-kis-duck-400g\\\/\"]}]},{\"@type\":\"ImageObject\",\"inLanguage\":\"nl-NL\",\"@id\":\"https:\\\/\\\/www.profpetcorporation.com\\\/nl\\\/product\\\/kis-kis-duck-400g\\\/#primaryimage\",\"url\":\"https:\\\/\\\/www.profpetcorporation.com\\\/wp-content\\\/uploads\\\/2024\\\/07\\\/KiS-KiS-400gr-Duck-scaled.jpg\",\"contentUrl\":\"https:\\\/\\\/www.profpetcorporation.com\\\/wp-content\\\/uploads\\\/2024\\\/07\\\/KiS-KiS-400gr-Duck-scaled.jpg\",\"width\":2560,\"height\":2560},{\"@type\":\"BreadcrumbList\",\"@id\":\"https:\\\/\\\/www.profpetcorporation.com\\\/nl\\\/product\\\/kis-kis-duck-400g\\\/#breadcrumb\",\"itemListElement\":[{\"@type\":\"ListItem\",\"position\":1,\"name\":\"Home\",\"item\":\"https:\\\/\\\/www.profpetcorporation.com\\\/nl\\\/\"},{\"@type\":\"ListItem\",\"position\":2,\"name\":\"Winkel\",\"item\":\"https:\\\/\\\/www.profpetcorporation.com\\\/shop\\\/\"},{\"@type\":\"ListItem\",\"position\":3,\"name\":\"KiS-KiS\u00ae\",\"item\":\"https:\\\/\\\/www.profpetcorporation.com\\\/nl\\\/merken\\\/kis-kis-nl\\\/\"},{\"@type\":\"ListItem\",\"position\":4,\"name\":\"KiS-KiS\u00ae Duck 400g\"}]},{\"@type\":\"WebSite\",\"@id\":\"https:\\\/\\\/www.profpetcorporation.com\\\/nl\\\/#website\",\"url\":\"https:\\\/\\\/www.profpetcorporation.com\\\/nl\\\/\",\"name\":\"Prof Pet Corporation\",\"description\":\"\",\"potentialAction\":[{\"@type\":\"SearchAction\",\"target\":{\"@type\":\"EntryPoint\",\"urlTemplate\":\"https:\\\/\\\/www.profpetcorporation.com\\\/nl\\\/?s={search_term_string}\"},\"query-input\":{\"@type\":\"PropertyValueSpecification\",\"valueRequired\":true,\"valueName\":\"search_term_string\"}}],\"inLanguage\":\"nl-NL\"}]}<\/script>\n<!-- \/ Yoast SEO plugin. -->","yoast_head_json":{"title":"KiS-KiS\u00ae Duck 400g - Prof Pet Corporation","robots":{"index":"index","follow":"follow","max-snippet":"max-snippet:-1","max-image-preview":"max-image-preview:large","max-video-preview":"max-video-preview:-1"},"canonical":"https:\/\/www.profpetcorporation.com\/nl\/product\/kis-kis-duck-400g\/","og_locale":"nl_NL","og_type":"article","og_title":"KiS-KiS\u00ae Duck 400g - Prof Pet Corporation","og_description":"100% Natuurlijke Ingredi\u00ebnten    G\u00e9\u00e9n toegevoegde graan    Met toegevoegde Vitamine E    G\u00e9\u00e9n Kunstmatige Kleurstoffen   G\u00e9\u00e9n Conserveringsmiddelen    G\u00e9\u00e9n Kunstmatige Smaakstoffen   G\u00e9\u00e9n Toegevoegde Soya   93 kcal per 100g","og_url":"https:\/\/www.profpetcorporation.com\/nl\/product\/kis-kis-duck-400g\/","og_site_name":"Prof Pet Corporation","article_modified_time":"2024-12-15T05:04:59+00:00","og_image":[{"width":2560,"height":2560,"url":"https:\/\/www.profpetcorporation.com\/wp-content\/uploads\/2024\/07\/KiS-KiS-400gr-Duck-scaled.jpg","type":"image\/jpeg"}],"twitter_card":"summary_large_image","twitter_misc":{"Geschatte leestijd":"3 minuten"},"schema":{"@context":"https:\/\/schema.org","@graph":[{"@type":"WebPage","@id":"https:\/\/www.profpetcorporation.com\/nl\/product\/kis-kis-duck-400g\/","url":"https:\/\/www.profpetcorporation.com\/nl\/product\/kis-kis-duck-400g\/","name":"KiS-KiS\u00ae Duck 400g - Prof Pet Corporation","isPartOf":{"@id":"https:\/\/www.profpetcorporation.com\/nl\/#website"},"primaryImageOfPage":{"@id":"https:\/\/www.profpetcorporation.com\/nl\/product\/kis-kis-duck-400g\/#primaryimage"},"image":{"@id":"https:\/\/www.profpetcorporation.com\/nl\/product\/kis-kis-duck-400g\/#primaryimage"},"thumbnailUrl":"https:\/\/www.profpetcorporation.com\/wp-content\/uploads\/2024\/07\/KiS-KiS-400gr-Duck-scaled.jpg","datePublished":"2024-07-09T20:32:37+00:00","dateModified":"2024-12-15T05:04:59+00:00","breadcrumb":{"@id":"https:\/\/www.profpetcorporation.com\/nl\/product\/kis-kis-duck-400g\/#breadcrumb"},"inLanguage":"nl-NL","potentialAction":[{"@type":"ReadAction","target":["https:\/\/www.profpetcorporation.com\/nl\/product\/kis-kis-duck-400g\/"]}]},{"@type":"ImageObject","inLanguage":"nl-NL","@id":"https:\/\/www.profpetcorporation.com\/nl\/product\/kis-kis-duck-400g\/#primaryimage","url":"https:\/\/www.profpetcorporation.com\/wp-content\/uploads\/2024\/07\/KiS-KiS-400gr-Duck-scaled.jpg","contentUrl":"https:\/\/www.profpetcorporation.com\/wp-content\/uploads\/2024\/07\/KiS-KiS-400gr-Duck-scaled.jpg","width":2560,"height":2560},{"@type":"BreadcrumbList","@id":"https:\/\/www.profpetcorporation.com\/nl\/product\/kis-kis-duck-400g\/#breadcrumb","itemListElement":[{"@type":"ListItem","position":1,"name":"Home","item":"https:\/\/www.profpetcorporation.com\/nl\/"},{"@type":"ListItem","position":2,"name":"Winkel","item":"https:\/\/www.profpetcorporation.com\/shop\/"},{"@type":"ListItem","position":3,"name":"KiS-KiS\u00ae","item":"https:\/\/www.profpetcorporation.com\/nl\/merken\/kis-kis-nl\/"},{"@type":"ListItem","position":4,"name":"KiS-KiS\u00ae Duck 400g"}]},{"@type":"WebSite","@id":"https:\/\/www.profpetcorporation.com\/nl\/#website","url":"https:\/\/www.profpetcorporation.com\/nl\/","name":"Prof Pet Corporation","description":"","potentialAction":[{"@type":"SearchAction","target":{"@type":"EntryPoint","urlTemplate":"https:\/\/www.profpetcorporation.com\/nl\/?s={search_term_string}"},"query-input":{"@type":"PropertyValueSpecification","valueRequired":true,"valueName":"search_term_string"}}],"inLanguage":"nl-NL"}]}},"_links":{"self":[{"href":"https:\/\/www.profpetcorporation.com\/nl\/wp-json\/wp\/v2\/product\/3834","targetHints":{"allow":["GET"]}}],"collection":[{"href":"https:\/\/www.profpetcorporation.com\/nl\/wp-json\/wp\/v2\/product"}],"about":[{"href":"https:\/\/www.profpetcorporation.com\/nl\/wp-json\/wp\/v2\/types\/product"}],"replies":[{"embeddable":true,"href":"https:\/\/www.profpetcorporation.com\/nl\/wp-json\/wp\/v2\/comments?post=3834"}],"wp:featuredmedia":[{"embeddable":true,"href":"https:\/\/www.profpetcorporation.com\/nl\/wp-json\/wp\/v2\/media\/1878"}],"wp:attachment":[{"href":"https:\/\/www.profpetcorporation.com\/nl\/wp-json\/wp\/v2\/media?parent=3834"}],"wp:term":[{"taxonomy":"product_brand","embeddable":true,"href":"https:\/\/www.profpetcorporation.com\/nl\/wp-json\/wp\/v2\/product_brand?post=3834"},{"taxonomy":"product_cat","embeddable":true,"href":"https:\/\/www.profpetcorporation.com\/nl\/wp-json\/wp\/v2\/product_cat?post=3834"},{"taxonomy":"product_tag","embeddable":true,"href":"https:\/\/www.profpetcorporation.com\/nl\/wp-json\/wp\/v2\/product_tag?post=3834"}],"curies":[{"name":"wp","href":"https:\/\/api.w.org\/{rel}","templated":true}]}}