{"id":3815,"date":"2024-07-09T19:00:17","date_gmt":"2024-07-09T19:00:17","guid":{"rendered":"https:\/\/profpetcorporation.previewready.nl\/?post_type=product&#038;p=3815"},"modified":"2024-12-14T19:34:24","modified_gmt":"2024-12-14T19:34:24","slug":"kennels-favourite-duckblueberry-200g","status":"publish","type":"product","link":"https:\/\/www.profpetcorporation.com\/nl\/product\/kennels-favourite-duckblueberry-200g\/","title":{"rendered":"Kennels` Favourite\u00ae Duck &#038; Blueberry 200g"},"content":{"rendered":"<p style=\"text-align: justify;\"><strong>Kennels` Favourite\u00ae Duck&amp;Blueberry <\/strong>compleet en gebalanceerd 100% natuurlijk natvoer voor uw hond. Bereid uit hele vleesstukken, met toegevoegd vers fruit en rijst <strong>Kennels` Favourite<\/strong>\u00ae natvoer bevat minimaal 70% vlees, het hoge gehalte aan vlees maakt het een kwalitatief hoge, voedzame en goed verteerbare maaltijd voor uw huisdier.\u00a0<strong>Kennels` Favourite<\/strong>\u00ae natvoer blikjes zijn gevuld met hoogwaardige rauwe ingredi\u00ebnten die zijn gestoomkookt om te verzekeren dat de voedingsstoffen in het product blijven. Ze bevatten de juiste balans aan vitaminen en mineralen voor het instandhouden van een actief en gezond leven.<\/p>\n<p><strong>Ingredi\u00ebnten:<\/strong> lamsvlees, minimaal 15% eendenvlees, kippenbouillon, granen (rijst), fruit (minimaal 3% bosbessen), mineralen, oli\u00ebn en vetten (zonnebloemolie 0.5%).<\/p>\n<p><strong>Nutritionele toevoegingsmiddelen\/kg: <\/strong><\/p>\n<table border=\"0\" width=\"500\" cellspacing=\"1\" cellpadding=\"1\">\n<tbody>\n<tr>\n<td valign=\"top\"><span style=\"font-size: medium;\">Vitamine A<br \/>\nVitamine D3<br \/>\nVitamine E<br \/>\nBiotine<\/span><\/td>\n<td valign=\"top\"><span style=\"font-size: medium;\">3.000 IE<br \/>\n200 IE<br \/>\n10 mg<br \/>\n300 \u03bcg<\/span><\/td>\n<td valign=\"top\"><span style=\"font-size: medium;\">Mangaan-(II)-monohydraat<br \/>\nZinksulfaat monohydraat<br \/>\nCalciumjodaat, watervrij<br \/>\nNatriumseleniet<\/span><\/td>\n<td valign=\"top\"><span style=\"font-size: medium;\">3.00 mg<br \/>\n15.0 mg<br \/>\n0.75 mg<br \/>\n0.03 mg<\/span><\/td>\n<\/tr>\n<\/tbody>\n<\/table>\n<p>&nbsp;<\/p>\n<p><strong>Analytische bestanddelen:<\/strong><\/p>\n<table border=\"0\" width=\"512\" cellspacing=\"1\" cellpadding=\"1\">\n<tbody>\n<tr>\n<td valign=\"top\">Ruw eiwitgehalte<br \/>\nVetten en oli\u00ebn<br \/>\nAnorganische stof<br \/>\nRuwe celstof<br \/>\nVochtgehalte<\/td>\n<td valign=\"top\">10.9 %<br \/>\n6.9 %<br \/>\n2.1 %<br \/>\n0.4 %<br \/>\n75 %<\/td>\n<td valign=\"top\"><span style=\"font-size: medium;\"><span style=\"color: #f2f3f0;\">\u00a0 \u00a0\u00a0 \u00a0\u00a0\u00a0\u00a0\u00a0\u00a0\u00a0\u00a0\u00a0\u00a0\u00a0\u00a0\u00a0\u00a0 Y<\/span><\/span><\/td>\n<td valign=\"top\"><span style=\"font-size: medium;\"><span style=\"color: #f2f3f0;\">\u00a0\u00a0\u00a0\u00a0\u00a0\u00a0\u00a0\u00a0\u00a0\u00a0 Y<\/span><\/span><\/td>\n<\/tr>\n<\/tbody>\n<\/table>\n<p>&nbsp;<\/p>\n<p><span style=\"font-size: medium;\"><strong>Energiewaarde: <\/strong>0.46 MJ (110.4 Kcal) per 100gr<\/span><\/p>\n<p><span style=\"font-size: medium;\"><strong>Dagelijkse portie: <\/strong>200g per 10kg lichaamsgewicht.<br \/>\n<strong>Bij voorkeur te gebruiken voor: <\/strong>zie blik.<br \/>\nBewaar het blikje, eenmaal geopend, in de koelkast.<br \/>\nServeer op kamertemperatuur.<br \/>\n<strong>Nettogewicht: <\/strong>200g<\/span><\/p>\n<p style=\"text-align: justify;\"><span style=\"font-size: medium;\"><em><strong>Bij Prof Pet Corporation zijn huisdieren het voornaamst. Om de huisdieren in al hun nutritionele behoeften te voorzien, zijn wij voortdurend bezig met het ontwikkelen van onze producten waarbij wij nauw samenwerken met internationaal erkende specialisten op het gebied van veterinaire voeding.<br \/>\nVoor onze producten worden voortdurend alleen de beste, natuurlijke en lokale ingredi\u00ebnten gebruikt voor het vervaardigen van producten van topkwaliteit. Onze producten zijn ontwikkeld en geproduceerd volgens strikte kwaliteitsnormen met een volledige traceerbaarheid van de ingredi\u00ebnten terug naar de oorsprong.<\/strong><\/em><br \/>\n<\/span><\/p>\n<p><span style=\"font-size: medium;\"><strong>Blik met easy opener. <\/strong><br \/>\n<\/span><\/p>\n<p>&nbsp;<\/p>\n<p><span style=\"font-size: medium;\">EAN \u00a08 717496488855<\/span><\/p>\n<p>&nbsp;<\/p>\n<p>&nbsp;<\/p>\n","protected":false},"excerpt":{"rendered":"<p><span style=\"font-size: larger;\"><strong><i>super premium kwaliteit<br \/>\n<\/i><\/strong><\/span><\/p>\n<ul>\n<li><span style=\"font-size: larg;\"><em>bevat 70% vlees<br \/>\n<\/em><\/span><\/li>\n<li><span style=\"font-size: larg;\"><em>met toegevoegde Zonnebloemolie<br \/>\n<\/em><\/span><\/li>\n<li><span style=\"font-size: larg;\"><em>met toegevoegde 3% Bosbessen<br \/>\n<\/em><\/span><\/li>\n<li><span style=\"font-size: larg;\"><em>met toegevoegde Vitamine E en Biotine<\/em><\/span><\/li>\n<li><span style=\"font-size: larg;\"><em>G\u00c9\u00c9N conserveringsmiddelen<\/em><\/span><\/li>\n<li><span style=\"font-size: larg;\"><em>G\u00c9\u00c9N toegevoegde soja<br \/>\n<\/em><\/span><\/li>\n<li><span style=\"font-size: larg;\"><em>G\u00c9\u00c9N toegevoegde suiker en caramel<br \/>\n<\/em><\/span><\/li>\n<\/ul>\n","protected":false},"featured_media":1234,"comment_status":"open","ping_status":"closed","template":"","meta":{"_acf_changed":false},"product_brand":[],"product_cat":[122,187],"product_tag":[],"class_list":{"0":"post-3815","1":"product","2":"type-product","3":"status-publish","4":"has-post-thumbnail","6":"product_cat-kennels-favourite-nl","7":"product_cat-luxe-vlees-met-fruit-200g","9":"first","10":"instock","11":"shipping-taxable","12":"product-type-simple"},"acf":[],"yoast_head":"<!-- This site is optimized with the Yoast SEO plugin v27.3 - https:\/\/yoast.com\/product\/yoast-seo-wordpress\/ -->\n<title>Kennels` Favourite\u00ae Duck &amp; Blueberry 200g - Prof Pet Corporation<\/title>\n<meta name=\"robots\" content=\"index, follow, max-snippet:-1, max-image-preview:large, max-video-preview:-1\" \/>\n<link rel=\"canonical\" href=\"https:\/\/www.profpetcorporation.com\/nl\/product\/kennels-favourite-duckblueberry-200g\/\" \/>\n<meta property=\"og:locale\" content=\"nl_NL\" \/>\n<meta property=\"og:type\" content=\"article\" \/>\n<meta property=\"og:title\" content=\"Kennels` Favourite\u00ae Duck &amp; Blueberry 200g - Prof Pet Corporation\" \/>\n<meta property=\"og:description\" content=\"super premium kwaliteit    bevat 70% vlees   met toegevoegde Zonnebloemolie   met toegevoegde 3% Bosbessen   met toegevoegde Vitamine E en Biotine  G\u00c9\u00c9N conserveringsmiddelen  G\u00c9\u00c9N toegevoegde soja   G\u00c9\u00c9N toegevoegde suiker en caramel\" \/>\n<meta property=\"og:url\" content=\"https:\/\/www.profpetcorporation.com\/nl\/product\/kennels-favourite-duckblueberry-200g\/\" \/>\n<meta property=\"og:site_name\" content=\"Prof Pet Corporation\" \/>\n<meta property=\"article:modified_time\" content=\"2024-12-14T19:34:24+00:00\" \/>\n<meta property=\"og:image\" content=\"https:\/\/www.profpetcorporation.com\/wp-content\/uploads\/2024\/06\/Kennels-Favourite-200gr-DuckBlueberry-scaled.jpg\" \/>\n\t<meta property=\"og:image:width\" content=\"2560\" \/>\n\t<meta property=\"og:image:height\" content=\"2560\" \/>\n\t<meta property=\"og:image:type\" content=\"image\/jpeg\" \/>\n<meta name=\"twitter:card\" content=\"summary_large_image\" \/>\n<meta name=\"twitter:label1\" content=\"Geschatte leestijd\" \/>\n\t<meta name=\"twitter:data1\" content=\"2 minuten\" \/>\n<script type=\"application\/ld+json\" class=\"yoast-schema-graph\">{\"@context\":\"https:\\\/\\\/schema.org\",\"@graph\":[{\"@type\":\"WebPage\",\"@id\":\"https:\\\/\\\/www.profpetcorporation.com\\\/nl\\\/product\\\/kennels-favourite-duckblueberry-200g\\\/\",\"url\":\"https:\\\/\\\/www.profpetcorporation.com\\\/nl\\\/product\\\/kennels-favourite-duckblueberry-200g\\\/\",\"name\":\"Kennels` Favourite\u00ae Duck & Blueberry 200g - Prof Pet Corporation\",\"isPartOf\":{\"@id\":\"https:\\\/\\\/www.profpetcorporation.com\\\/nl\\\/#website\"},\"primaryImageOfPage\":{\"@id\":\"https:\\\/\\\/www.profpetcorporation.com\\\/nl\\\/product\\\/kennels-favourite-duckblueberry-200g\\\/#primaryimage\"},\"image\":{\"@id\":\"https:\\\/\\\/www.profpetcorporation.com\\\/nl\\\/product\\\/kennels-favourite-duckblueberry-200g\\\/#primaryimage\"},\"thumbnailUrl\":\"https:\\\/\\\/www.profpetcorporation.com\\\/wp-content\\\/uploads\\\/2024\\\/06\\\/Kennels-Favourite-200gr-DuckBlueberry-scaled.jpg\",\"datePublished\":\"2024-07-09T19:00:17+00:00\",\"dateModified\":\"2024-12-14T19:34:24+00:00\",\"breadcrumb\":{\"@id\":\"https:\\\/\\\/www.profpetcorporation.com\\\/nl\\\/product\\\/kennels-favourite-duckblueberry-200g\\\/#breadcrumb\"},\"inLanguage\":\"nl-NL\",\"potentialAction\":[{\"@type\":\"ReadAction\",\"target\":[\"https:\\\/\\\/www.profpetcorporation.com\\\/nl\\\/product\\\/kennels-favourite-duckblueberry-200g\\\/\"]}]},{\"@type\":\"ImageObject\",\"inLanguage\":\"nl-NL\",\"@id\":\"https:\\\/\\\/www.profpetcorporation.com\\\/nl\\\/product\\\/kennels-favourite-duckblueberry-200g\\\/#primaryimage\",\"url\":\"https:\\\/\\\/www.profpetcorporation.com\\\/wp-content\\\/uploads\\\/2024\\\/06\\\/Kennels-Favourite-200gr-DuckBlueberry-scaled.jpg\",\"contentUrl\":\"https:\\\/\\\/www.profpetcorporation.com\\\/wp-content\\\/uploads\\\/2024\\\/06\\\/Kennels-Favourite-200gr-DuckBlueberry-scaled.jpg\",\"width\":2560,\"height\":2560},{\"@type\":\"BreadcrumbList\",\"@id\":\"https:\\\/\\\/www.profpetcorporation.com\\\/nl\\\/product\\\/kennels-favourite-duckblueberry-200g\\\/#breadcrumb\",\"itemListElement\":[{\"@type\":\"ListItem\",\"position\":1,\"name\":\"Home\",\"item\":\"https:\\\/\\\/www.profpetcorporation.com\\\/nl\\\/\"},{\"@type\":\"ListItem\",\"position\":2,\"name\":\"Winkel\",\"item\":\"https:\\\/\\\/www.profpetcorporation.com\\\/shop\\\/\"},{\"@type\":\"ListItem\",\"position\":3,\"name\":\"Kennels' Favourite\u00ae\",\"item\":\"https:\\\/\\\/www.profpetcorporation.com\\\/nl\\\/merken\\\/kennels-favourite-nl\\\/\"},{\"@type\":\"ListItem\",\"position\":4,\"name\":\"Kennels` Favourite\u00ae Duck &#038; Blueberry 200g\"}]},{\"@type\":\"WebSite\",\"@id\":\"https:\\\/\\\/www.profpetcorporation.com\\\/nl\\\/#website\",\"url\":\"https:\\\/\\\/www.profpetcorporation.com\\\/nl\\\/\",\"name\":\"Prof Pet Corporation\",\"description\":\"\",\"potentialAction\":[{\"@type\":\"SearchAction\",\"target\":{\"@type\":\"EntryPoint\",\"urlTemplate\":\"https:\\\/\\\/www.profpetcorporation.com\\\/nl\\\/?s={search_term_string}\"},\"query-input\":{\"@type\":\"PropertyValueSpecification\",\"valueRequired\":true,\"valueName\":\"search_term_string\"}}],\"inLanguage\":\"nl-NL\"}]}<\/script>\n<!-- \/ Yoast SEO plugin. -->","yoast_head_json":{"title":"Kennels` Favourite\u00ae Duck & Blueberry 200g - Prof Pet Corporation","robots":{"index":"index","follow":"follow","max-snippet":"max-snippet:-1","max-image-preview":"max-image-preview:large","max-video-preview":"max-video-preview:-1"},"canonical":"https:\/\/www.profpetcorporation.com\/nl\/product\/kennels-favourite-duckblueberry-200g\/","og_locale":"nl_NL","og_type":"article","og_title":"Kennels` Favourite\u00ae Duck & Blueberry 200g - Prof Pet Corporation","og_description":"super premium kwaliteit    bevat 70% vlees   met toegevoegde Zonnebloemolie   met toegevoegde 3% Bosbessen   met toegevoegde Vitamine E en Biotine  G\u00c9\u00c9N conserveringsmiddelen  G\u00c9\u00c9N toegevoegde soja   G\u00c9\u00c9N toegevoegde suiker en caramel","og_url":"https:\/\/www.profpetcorporation.com\/nl\/product\/kennels-favourite-duckblueberry-200g\/","og_site_name":"Prof Pet Corporation","article_modified_time":"2024-12-14T19:34:24+00:00","og_image":[{"width":2560,"height":2560,"url":"https:\/\/www.profpetcorporation.com\/wp-content\/uploads\/2024\/06\/Kennels-Favourite-200gr-DuckBlueberry-scaled.jpg","type":"image\/jpeg"}],"twitter_card":"summary_large_image","twitter_misc":{"Geschatte leestijd":"2 minuten"},"schema":{"@context":"https:\/\/schema.org","@graph":[{"@type":"WebPage","@id":"https:\/\/www.profpetcorporation.com\/nl\/product\/kennels-favourite-duckblueberry-200g\/","url":"https:\/\/www.profpetcorporation.com\/nl\/product\/kennels-favourite-duckblueberry-200g\/","name":"Kennels` Favourite\u00ae Duck & Blueberry 200g - Prof Pet Corporation","isPartOf":{"@id":"https:\/\/www.profpetcorporation.com\/nl\/#website"},"primaryImageOfPage":{"@id":"https:\/\/www.profpetcorporation.com\/nl\/product\/kennels-favourite-duckblueberry-200g\/#primaryimage"},"image":{"@id":"https:\/\/www.profpetcorporation.com\/nl\/product\/kennels-favourite-duckblueberry-200g\/#primaryimage"},"thumbnailUrl":"https:\/\/www.profpetcorporation.com\/wp-content\/uploads\/2024\/06\/Kennels-Favourite-200gr-DuckBlueberry-scaled.jpg","datePublished":"2024-07-09T19:00:17+00:00","dateModified":"2024-12-14T19:34:24+00:00","breadcrumb":{"@id":"https:\/\/www.profpetcorporation.com\/nl\/product\/kennels-favourite-duckblueberry-200g\/#breadcrumb"},"inLanguage":"nl-NL","potentialAction":[{"@type":"ReadAction","target":["https:\/\/www.profpetcorporation.com\/nl\/product\/kennels-favourite-duckblueberry-200g\/"]}]},{"@type":"ImageObject","inLanguage":"nl-NL","@id":"https:\/\/www.profpetcorporation.com\/nl\/product\/kennels-favourite-duckblueberry-200g\/#primaryimage","url":"https:\/\/www.profpetcorporation.com\/wp-content\/uploads\/2024\/06\/Kennels-Favourite-200gr-DuckBlueberry-scaled.jpg","contentUrl":"https:\/\/www.profpetcorporation.com\/wp-content\/uploads\/2024\/06\/Kennels-Favourite-200gr-DuckBlueberry-scaled.jpg","width":2560,"height":2560},{"@type":"BreadcrumbList","@id":"https:\/\/www.profpetcorporation.com\/nl\/product\/kennels-favourite-duckblueberry-200g\/#breadcrumb","itemListElement":[{"@type":"ListItem","position":1,"name":"Home","item":"https:\/\/www.profpetcorporation.com\/nl\/"},{"@type":"ListItem","position":2,"name":"Winkel","item":"https:\/\/www.profpetcorporation.com\/shop\/"},{"@type":"ListItem","position":3,"name":"Kennels' Favourite\u00ae","item":"https:\/\/www.profpetcorporation.com\/nl\/merken\/kennels-favourite-nl\/"},{"@type":"ListItem","position":4,"name":"Kennels` Favourite\u00ae Duck &#038; Blueberry 200g"}]},{"@type":"WebSite","@id":"https:\/\/www.profpetcorporation.com\/nl\/#website","url":"https:\/\/www.profpetcorporation.com\/nl\/","name":"Prof Pet Corporation","description":"","potentialAction":[{"@type":"SearchAction","target":{"@type":"EntryPoint","urlTemplate":"https:\/\/www.profpetcorporation.com\/nl\/?s={search_term_string}"},"query-input":{"@type":"PropertyValueSpecification","valueRequired":true,"valueName":"search_term_string"}}],"inLanguage":"nl-NL"}]}},"_links":{"self":[{"href":"https:\/\/www.profpetcorporation.com\/nl\/wp-json\/wp\/v2\/product\/3815","targetHints":{"allow":["GET"]}}],"collection":[{"href":"https:\/\/www.profpetcorporation.com\/nl\/wp-json\/wp\/v2\/product"}],"about":[{"href":"https:\/\/www.profpetcorporation.com\/nl\/wp-json\/wp\/v2\/types\/product"}],"replies":[{"embeddable":true,"href":"https:\/\/www.profpetcorporation.com\/nl\/wp-json\/wp\/v2\/comments?post=3815"}],"wp:featuredmedia":[{"embeddable":true,"href":"https:\/\/www.profpetcorporation.com\/nl\/wp-json\/wp\/v2\/media\/1234"}],"wp:attachment":[{"href":"https:\/\/www.profpetcorporation.com\/nl\/wp-json\/wp\/v2\/media?parent=3815"}],"wp:term":[{"taxonomy":"product_brand","embeddable":true,"href":"https:\/\/www.profpetcorporation.com\/nl\/wp-json\/wp\/v2\/product_brand?post=3815"},{"taxonomy":"product_cat","embeddable":true,"href":"https:\/\/www.profpetcorporation.com\/nl\/wp-json\/wp\/v2\/product_cat?post=3815"},{"taxonomy":"product_tag","embeddable":true,"href":"https:\/\/www.profpetcorporation.com\/nl\/wp-json\/wp\/v2\/product_tag?post=3815"}],"curies":[{"name":"wp","href":"https:\/\/api.w.org\/{rel}","templated":true}]}}