{"id":3811,"date":"2024-07-09T18:35:05","date_gmt":"2024-07-09T18:35:05","guid":{"rendered":"https:\/\/profpetcorporation.previewready.nl\/?post_type=product&#038;p=3811"},"modified":"2024-12-14T18:16:23","modified_gmt":"2024-12-14T18:16:23","slug":"kennels-favourite-rabbit-410g-1240g","status":"publish","type":"product","link":"https:\/\/www.profpetcorporation.com\/nl\/product\/kennels-favourite-rabbit-410g-1240g\/","title":{"rendered":"Kennels` Favourite\u00ae Rabbit 410g\/1240g"},"content":{"rendered":"<p style=\"text-align: justify;\"><span style=\"font-size: larg;\"><strong>Al het vlees dat gebruikt is in Kennels&#8217; Favourite\u00ae natvoer is afkomstig van lokale leveranciers en is volledig terug te traceren tot aan de oorsprong. Kennels` Favourite\u00ae natvoer bevat enkel 100% Natuurlijke ingredi\u00ebnten en 100% Graanvrij. Wij voegen geen kunstmatige kleurstoffen, smaakstoffen, conserveringsmiddelen of soya toe. Honden zullen houden van de natuurlijke vleessmaak en de smakelijke geur van onze Kennels` Favourite\u00ae producten en u, als de eigenaar, zult het feit kunnen waarderen dat de Kennels` Favourite\u00ae producten een gezonde balans bevatten van eiwit, natuurlijke oli\u00ebn en toegevoegde vitaminen en mineralen, nodig om uw hond gezond en gelukkig te houden. <\/strong><\/span><\/p>\n<p style=\"text-align: justify;\"><span style=\"font-size: larg;\"><strong>Acceptatie van onze producten is van grootste belang voor ons. Kennels&#8217; Favourite\u00ae producten hebben een aantrekkelijke geur, geweldige smaak en sappig structuur om te verzekeren dat uw hond vanaf de eerste tot aan de laatste hap zal genieten van onze Kennels` Favourite\u00ae vleesbrokjes. <\/strong><\/span><\/p>\n<p><span style=\"font-size: larg;\"><strong><br \/>\n<\/strong><strong>Samenstelling:<\/strong> vlees en dierlijke bijproducten (inclusief minimaal 4% koenijnenvlees), plantaardige bijproducten, vitaminen en mineralen.<\/span><\/p>\n<p><span style=\"font-size: larg;\"><strong>Toevoegingsmiddelen\/kg: Nutritionele toevoegingsmiddelen:<\/strong><\/span><\/p>\n<table border=\"0\" width=\"547\" cellspacing=\"1\" cellpadding=\"1\">\n<tbody>\n<tr>\n<td valign=\"top\"><span style=\"font-size: larg;\">Vitamine A<br \/>\nVitamine D3<br \/>\nVitamine E<\/span><\/td>\n<td valign=\"top\"><span style=\"font-size: larg;\">2.250 IE<br \/>\n328 IE<br \/>\n26 mg<br \/>\n<\/span><\/td>\n<td valign=\"top\"><span style=\"font-size: larg;\">Zinksulfaat monohydraat<br \/>\nFerro(II)sulfaat monohydraat<br \/>\nKopersulfaat pentahydraat<br \/>\nMangaansulfaat<br \/>\nSodiumseleniet<\/span><br \/>\n<span style=\"font-size: larg;\">Calciumjodaat watervrij<br \/>\n<\/span><\/td>\n<td valign=\"top\"><span style=\"font-size: larg;\">24.0 mg<\/span><br \/>\n<span style=\"font-size: larg;\">12.5 mg<br \/>\n2.00 mg<br \/>\n2.50 mg<br \/>\n0.04 mg<br \/>\n0.45 mg<br \/>\n<\/span><\/td>\n<\/tr>\n<\/tbody>\n<\/table>\n<p><span style=\"font-size: larg;\"><br \/>\n<strong>Analytische bestanddelen:<\/strong><strong><br \/>\n<\/strong><\/span><\/p>\n<table border=\"0\" width=\"512\" cellspacing=\"1\" cellpadding=\"1\">\n<tbody>\n<tr>\n<td valign=\"top\">Ruw eiwitgehalte<br \/>\nVetten en oli\u00ebn<br \/>\nAnorganische stof<br \/>\nRuwe celstof<br \/>\nVochtgehalte<\/td>\n<td valign=\"top\">10 %<br \/>\n6 %<br \/>\n3 %<br \/>\n0.4 %<br \/>\n70 %<\/td>\n<td valign=\"top\"><span style=\"font-size: medium;\"><span style=\"color: #f2f3f0;\">\u00a0\u00a0\u00a0\u00a0\u00a0\u00a0\u00a0\u00a0\u00a0\u00a0\u00a0\u00a0\u00a0\u00a0\u00a0 Y<\/span><\/span><\/td>\n<td valign=\"top\"><span style=\"font-size: medium;\"><span style=\"color: #f2f3f0;\">\u00a0\u00a0\u00a0\u00a0\u00a0\u00a0\u00a0\u00a0\u00a0\u00a0\u00a0\u00a0\u00a0\u00a0\u00a0\u00a0\u00a0\u00a0\u00a0 Y<\/span><\/span><\/td>\n<\/tr>\n<\/tbody>\n<\/table>\n<p><span style=\"font-size: larg;\"><strong><br \/>\n<\/strong><strong>Voedingsrichtlijn: <\/strong>Volwassen hond van een middengroot ras (10-25kg) heeft \u00be tot 1\u00bd nodig per dag in minimaal twee maaltijden. Volwassen hond van groot ras (25-45kg) heeft 1\u00bd tot 2\u2153 nodig per dag in minimaal twee maaltijden. Volwassen hond van zeer groot ras (45-70kg) heeft elke dag minimaal 2\u2153 tot 3\u00bc blik nodig in minimaal twee maaltijden. Vers drinkwater zou altijd beschikbaar moeten zijn. <\/span><\/p>\n<p><strong>Bewaaradvies: <\/strong>Bewaar op een koele, droge plaats. Bewaar na het openen de ongebruikte inhoud in de koelkast, in een afgesloten verpakking en gebruik binnen 24 uur. Best geserveerd op kamertemperatuur.<\/p>\n<p><strong>Netto gewicht:<\/strong> 410g \/ 1240g<br \/>\n<strong>Blik met easy opener<\/strong>.<br \/>\n<strong>Ten minste houdbaar tot: <\/strong>zie blikbodem.<\/p>\n<p><em><strong><span style=\"font-size: larg;\">Bij Prof Pet Corporation zijn huisdieren het voornaamst. Om de huisdieren in al hun nutritionele behoeften te voorzien, zijn wij voortdurend bezig met het ontwikkelen van onze producten waarbij wij nauw samenwerken met internationaal erkende specialisten op het gebied van veterinaire voeding.<br \/>\nVoor onze producten worden voortdurend alleen de beste, natuurlijke en lokale ingredi\u00ebnten gebruikt voor het vervaardigen van producten van topkwaliteit. Onze producten zijn ontwikkeld en geproduceerd volgens strikte kwaliteitsnormen met een volledige traceerbaarheid van de ingredi\u00ebnten terug naar de oorsprong.<\/span><\/strong><\/em><\/p>\n<p>&nbsp;<\/p>\n<p><span style=\"font-size: larg;\">EAN 8717496481849\u00a0\u00a0\u00a0\u00a0 410g<br \/>\nEAN 8717496481740\u00a0\u00a0\u00a0\u00a0 1240g<br \/>\n<\/span><\/p>\n<p>&nbsp;<\/p>\n","protected":false},"excerpt":{"rendered":"<ul>\n<li><em><strong><span style=\"font-size: medium;\"> 100% Natuurlijke Ingredi\u00ebnten <img loading=\"lazy\" decoding=\"async\" class=\"alignnone size-medium wp-image-3303\" src=\"https:\/\/www.profpetcorporation.com\/wp-content\/uploads\/2024\/10\/NL-BLAAD-225x300.jpg\" alt=\"\" width=\"159\" height=\"218\" align=\"right\" \/> <\/span><\/strong><\/em><\/li>\n<li><em><strong><span style=\"font-size: medium;\"> G\u00e9\u00e9n toegevoegde graan<br \/>\n<\/span><\/strong><\/em><\/li>\n<li><em><strong><span style=\"font-size: medium;\"> Met toegevoegde Vitamine E<\/span><\/strong><\/em><strong><span style=\"font-size: medium;\"><br \/>\n<\/span><\/strong><\/li>\n<li><em><strong><span style=\"font-size: medium;\"> G\u00e9\u00e9n Kunstmatige Kleurstoffen<\/span><\/strong><\/em><\/li>\n<li><em><strong><span style=\"font-size: medium;\"> G\u00e9\u00e9n Conserveringsmiddelen <\/span><\/strong><\/em><strong><span style=\"font-size: medium;\"><br \/>\n<\/span><\/strong><\/li>\n<li><strong><em><strong><span style=\"font-size: medium;\"> G\u00e9\u00e9n Kunstmatige Smaakstoffen <\/span><\/strong><\/em><\/strong><\/li>\n<li><em><strong><span style=\"font-size: medium;\"> G\u00e9\u00e9n Toegevoegde Soya <\/span><\/strong><\/em><\/li>\n<\/ul>\n<p><span style=\"font-size: large;\">93 kcal per 100g<\/span><\/p>\n","protected":false},"featured_media":1315,"comment_status":"open","ping_status":"closed","template":"","meta":{"_acf_changed":false},"product_brand":[],"product_cat":[185,122],"product_tag":[],"class_list":{"0":"post-3811","1":"product","2":"type-product","3":"status-publish","4":"has-post-thumbnail","6":"product_cat-blikvoer-410g-1240g","7":"product_cat-kennels-favourite-nl","9":"first","10":"instock","11":"shipping-taxable","12":"product-type-simple"},"acf":[],"yoast_head":"<!-- This site is optimized with the Yoast SEO plugin v27.3 - https:\/\/yoast.com\/product\/yoast-seo-wordpress\/ -->\n<title>Kennels` Favourite\u00ae Rabbit 410g\/1240g - Prof Pet Corporation<\/title>\n<meta name=\"robots\" content=\"index, follow, max-snippet:-1, max-image-preview:large, max-video-preview:-1\" \/>\n<link rel=\"canonical\" href=\"https:\/\/www.profpetcorporation.com\/nl\/product\/kennels-favourite-rabbit-410g-1240g\/\" \/>\n<meta property=\"og:locale\" content=\"nl_NL\" \/>\n<meta property=\"og:type\" content=\"article\" \/>\n<meta property=\"og:title\" content=\"Kennels` Favourite\u00ae Rabbit 410g\/1240g - Prof Pet Corporation\" \/>\n<meta property=\"og:description\" content=\"100% Natuurlijke Ingredi\u00ebnten    G\u00e9\u00e9n toegevoegde graan    Met toegevoegde Vitamine E    G\u00e9\u00e9n Kunstmatige Kleurstoffen   G\u00e9\u00e9n Conserveringsmiddelen    G\u00e9\u00e9n Kunstmatige Smaakstoffen   G\u00e9\u00e9n Toegevoegde Soya   93 kcal per 100g\" \/>\n<meta property=\"og:url\" content=\"https:\/\/www.profpetcorporation.com\/nl\/product\/kennels-favourite-rabbit-410g-1240g\/\" \/>\n<meta property=\"og:site_name\" content=\"Prof Pet Corporation\" \/>\n<meta property=\"article:modified_time\" content=\"2024-12-14T18:16:23+00:00\" \/>\n<meta property=\"og:image\" content=\"https:\/\/www.profpetcorporation.com\/wp-content\/uploads\/2024\/06\/web-Kennels-Favourite-410g-Rabbit.jpg\" \/>\n\t<meta property=\"og:image:width\" content=\"1079\" \/>\n\t<meta property=\"og:image:height\" content=\"1079\" \/>\n\t<meta property=\"og:image:type\" content=\"image\/jpeg\" \/>\n<meta name=\"twitter:card\" content=\"summary_large_image\" \/>\n<meta name=\"twitter:label1\" content=\"Geschatte leestijd\" \/>\n\t<meta name=\"twitter:data1\" content=\"3 minuten\" \/>\n<script type=\"application\/ld+json\" class=\"yoast-schema-graph\">{\"@context\":\"https:\\\/\\\/schema.org\",\"@graph\":[{\"@type\":\"WebPage\",\"@id\":\"https:\\\/\\\/www.profpetcorporation.com\\\/nl\\\/product\\\/kennels-favourite-rabbit-410g-1240g\\\/\",\"url\":\"https:\\\/\\\/www.profpetcorporation.com\\\/nl\\\/product\\\/kennels-favourite-rabbit-410g-1240g\\\/\",\"name\":\"Kennels` Favourite\u00ae Rabbit 410g\\\/1240g - Prof Pet Corporation\",\"isPartOf\":{\"@id\":\"https:\\\/\\\/www.profpetcorporation.com\\\/nl\\\/#website\"},\"primaryImageOfPage\":{\"@id\":\"https:\\\/\\\/www.profpetcorporation.com\\\/nl\\\/product\\\/kennels-favourite-rabbit-410g-1240g\\\/#primaryimage\"},\"image\":{\"@id\":\"https:\\\/\\\/www.profpetcorporation.com\\\/nl\\\/product\\\/kennels-favourite-rabbit-410g-1240g\\\/#primaryimage\"},\"thumbnailUrl\":\"https:\\\/\\\/www.profpetcorporation.com\\\/wp-content\\\/uploads\\\/2024\\\/06\\\/web-Kennels-Favourite-410g-Rabbit.jpg\",\"datePublished\":\"2024-07-09T18:35:05+00:00\",\"dateModified\":\"2024-12-14T18:16:23+00:00\",\"breadcrumb\":{\"@id\":\"https:\\\/\\\/www.profpetcorporation.com\\\/nl\\\/product\\\/kennels-favourite-rabbit-410g-1240g\\\/#breadcrumb\"},\"inLanguage\":\"nl-NL\",\"potentialAction\":[{\"@type\":\"ReadAction\",\"target\":[\"https:\\\/\\\/www.profpetcorporation.com\\\/nl\\\/product\\\/kennels-favourite-rabbit-410g-1240g\\\/\"]}]},{\"@type\":\"ImageObject\",\"inLanguage\":\"nl-NL\",\"@id\":\"https:\\\/\\\/www.profpetcorporation.com\\\/nl\\\/product\\\/kennels-favourite-rabbit-410g-1240g\\\/#primaryimage\",\"url\":\"https:\\\/\\\/www.profpetcorporation.com\\\/wp-content\\\/uploads\\\/2024\\\/06\\\/web-Kennels-Favourite-410g-Rabbit.jpg\",\"contentUrl\":\"https:\\\/\\\/www.profpetcorporation.com\\\/wp-content\\\/uploads\\\/2024\\\/06\\\/web-Kennels-Favourite-410g-Rabbit.jpg\",\"width\":1079,\"height\":1079},{\"@type\":\"BreadcrumbList\",\"@id\":\"https:\\\/\\\/www.profpetcorporation.com\\\/nl\\\/product\\\/kennels-favourite-rabbit-410g-1240g\\\/#breadcrumb\",\"itemListElement\":[{\"@type\":\"ListItem\",\"position\":1,\"name\":\"Home\",\"item\":\"https:\\\/\\\/www.profpetcorporation.com\\\/nl\\\/\"},{\"@type\":\"ListItem\",\"position\":2,\"name\":\"Winkel\",\"item\":\"https:\\\/\\\/www.profpetcorporation.com\\\/shop\\\/\"},{\"@type\":\"ListItem\",\"position\":3,\"name\":\"Kennels' Favourite\u00ae\",\"item\":\"https:\\\/\\\/www.profpetcorporation.com\\\/nl\\\/merken\\\/kennels-favourite-nl\\\/\"},{\"@type\":\"ListItem\",\"position\":4,\"name\":\"Kennels` Favourite\u00ae Rabbit 410g\\\/1240g\"}]},{\"@type\":\"WebSite\",\"@id\":\"https:\\\/\\\/www.profpetcorporation.com\\\/nl\\\/#website\",\"url\":\"https:\\\/\\\/www.profpetcorporation.com\\\/nl\\\/\",\"name\":\"Prof Pet Corporation\",\"description\":\"\",\"potentialAction\":[{\"@type\":\"SearchAction\",\"target\":{\"@type\":\"EntryPoint\",\"urlTemplate\":\"https:\\\/\\\/www.profpetcorporation.com\\\/nl\\\/?s={search_term_string}\"},\"query-input\":{\"@type\":\"PropertyValueSpecification\",\"valueRequired\":true,\"valueName\":\"search_term_string\"}}],\"inLanguage\":\"nl-NL\"}]}<\/script>\n<!-- \/ Yoast SEO plugin. -->","yoast_head_json":{"title":"Kennels` Favourite\u00ae Rabbit 410g\/1240g - Prof Pet Corporation","robots":{"index":"index","follow":"follow","max-snippet":"max-snippet:-1","max-image-preview":"max-image-preview:large","max-video-preview":"max-video-preview:-1"},"canonical":"https:\/\/www.profpetcorporation.com\/nl\/product\/kennels-favourite-rabbit-410g-1240g\/","og_locale":"nl_NL","og_type":"article","og_title":"Kennels` Favourite\u00ae Rabbit 410g\/1240g - Prof Pet Corporation","og_description":"100% Natuurlijke Ingredi\u00ebnten    G\u00e9\u00e9n toegevoegde graan    Met toegevoegde Vitamine E    G\u00e9\u00e9n Kunstmatige Kleurstoffen   G\u00e9\u00e9n Conserveringsmiddelen    G\u00e9\u00e9n Kunstmatige Smaakstoffen   G\u00e9\u00e9n Toegevoegde Soya   93 kcal per 100g","og_url":"https:\/\/www.profpetcorporation.com\/nl\/product\/kennels-favourite-rabbit-410g-1240g\/","og_site_name":"Prof Pet Corporation","article_modified_time":"2024-12-14T18:16:23+00:00","og_image":[{"width":1079,"height":1079,"url":"https:\/\/www.profpetcorporation.com\/wp-content\/uploads\/2024\/06\/web-Kennels-Favourite-410g-Rabbit.jpg","type":"image\/jpeg"}],"twitter_card":"summary_large_image","twitter_misc":{"Geschatte leestijd":"3 minuten"},"schema":{"@context":"https:\/\/schema.org","@graph":[{"@type":"WebPage","@id":"https:\/\/www.profpetcorporation.com\/nl\/product\/kennels-favourite-rabbit-410g-1240g\/","url":"https:\/\/www.profpetcorporation.com\/nl\/product\/kennels-favourite-rabbit-410g-1240g\/","name":"Kennels` Favourite\u00ae Rabbit 410g\/1240g - Prof Pet Corporation","isPartOf":{"@id":"https:\/\/www.profpetcorporation.com\/nl\/#website"},"primaryImageOfPage":{"@id":"https:\/\/www.profpetcorporation.com\/nl\/product\/kennels-favourite-rabbit-410g-1240g\/#primaryimage"},"image":{"@id":"https:\/\/www.profpetcorporation.com\/nl\/product\/kennels-favourite-rabbit-410g-1240g\/#primaryimage"},"thumbnailUrl":"https:\/\/www.profpetcorporation.com\/wp-content\/uploads\/2024\/06\/web-Kennels-Favourite-410g-Rabbit.jpg","datePublished":"2024-07-09T18:35:05+00:00","dateModified":"2024-12-14T18:16:23+00:00","breadcrumb":{"@id":"https:\/\/www.profpetcorporation.com\/nl\/product\/kennels-favourite-rabbit-410g-1240g\/#breadcrumb"},"inLanguage":"nl-NL","potentialAction":[{"@type":"ReadAction","target":["https:\/\/www.profpetcorporation.com\/nl\/product\/kennels-favourite-rabbit-410g-1240g\/"]}]},{"@type":"ImageObject","inLanguage":"nl-NL","@id":"https:\/\/www.profpetcorporation.com\/nl\/product\/kennels-favourite-rabbit-410g-1240g\/#primaryimage","url":"https:\/\/www.profpetcorporation.com\/wp-content\/uploads\/2024\/06\/web-Kennels-Favourite-410g-Rabbit.jpg","contentUrl":"https:\/\/www.profpetcorporation.com\/wp-content\/uploads\/2024\/06\/web-Kennels-Favourite-410g-Rabbit.jpg","width":1079,"height":1079},{"@type":"BreadcrumbList","@id":"https:\/\/www.profpetcorporation.com\/nl\/product\/kennels-favourite-rabbit-410g-1240g\/#breadcrumb","itemListElement":[{"@type":"ListItem","position":1,"name":"Home","item":"https:\/\/www.profpetcorporation.com\/nl\/"},{"@type":"ListItem","position":2,"name":"Winkel","item":"https:\/\/www.profpetcorporation.com\/shop\/"},{"@type":"ListItem","position":3,"name":"Kennels' Favourite\u00ae","item":"https:\/\/www.profpetcorporation.com\/nl\/merken\/kennels-favourite-nl\/"},{"@type":"ListItem","position":4,"name":"Kennels` Favourite\u00ae Rabbit 410g\/1240g"}]},{"@type":"WebSite","@id":"https:\/\/www.profpetcorporation.com\/nl\/#website","url":"https:\/\/www.profpetcorporation.com\/nl\/","name":"Prof Pet Corporation","description":"","potentialAction":[{"@type":"SearchAction","target":{"@type":"EntryPoint","urlTemplate":"https:\/\/www.profpetcorporation.com\/nl\/?s={search_term_string}"},"query-input":{"@type":"PropertyValueSpecification","valueRequired":true,"valueName":"search_term_string"}}],"inLanguage":"nl-NL"}]}},"_links":{"self":[{"href":"https:\/\/www.profpetcorporation.com\/nl\/wp-json\/wp\/v2\/product\/3811","targetHints":{"allow":["GET"]}}],"collection":[{"href":"https:\/\/www.profpetcorporation.com\/nl\/wp-json\/wp\/v2\/product"}],"about":[{"href":"https:\/\/www.profpetcorporation.com\/nl\/wp-json\/wp\/v2\/types\/product"}],"replies":[{"embeddable":true,"href":"https:\/\/www.profpetcorporation.com\/nl\/wp-json\/wp\/v2\/comments?post=3811"}],"wp:featuredmedia":[{"embeddable":true,"href":"https:\/\/www.profpetcorporation.com\/nl\/wp-json\/wp\/v2\/media\/1315"}],"wp:attachment":[{"href":"https:\/\/www.profpetcorporation.com\/nl\/wp-json\/wp\/v2\/media?parent=3811"}],"wp:term":[{"taxonomy":"product_brand","embeddable":true,"href":"https:\/\/www.profpetcorporation.com\/nl\/wp-json\/wp\/v2\/product_brand?post=3811"},{"taxonomy":"product_cat","embeddable":true,"href":"https:\/\/www.profpetcorporation.com\/nl\/wp-json\/wp\/v2\/product_cat?post=3811"},{"taxonomy":"product_tag","embeddable":true,"href":"https:\/\/www.profpetcorporation.com\/nl\/wp-json\/wp\/v2\/product_tag?post=3811"}],"curies":[{"name":"wp","href":"https:\/\/api.w.org\/{rel}","templated":true}]}}