{"id":1800,"date":"2024-06-17T19:12:17","date_gmt":"2024-06-17T19:12:17","guid":{"rendered":"https:\/\/profpetcorporation.previewready.nl\/?post_type=product&#038;p=1800"},"modified":"2024-12-14T17:51:57","modified_gmt":"2024-12-14T17:51:57","slug":"kennels-favourite-100-venison","status":"publish","type":"product","link":"https:\/\/www.profpetcorporation.com\/nl\/product\/kennels-favourite-100-venison\/","title":{"rendered":"Kennels` Favourite\u00ae 100% Venison"},"content":{"rendered":"<p style=\"text-align: justify;\"><span style=\"font-size: medium;\"><strong>Kennels`<\/strong> <strong>Favourite<\/strong><strong>\u00ae Venison <\/strong>compleet en voedzaam zacht gestoomde maaltijd voor honden van alle rassen en leeftijden, bevat 70% rundvlees. <strong><br \/>\nK<\/strong><\/span><span style=\"font-size: medium;\"><strong>ennels` <\/strong><strong>Favourite<\/strong><strong>\u00ae Venison <\/strong>is een Graanvrije hondenvoeding die gemaakt is van uitsluitend natuurlijke ingredi\u00ebnten en verrijkt is met essenti\u00eble vitaminen, mineralen en goede oli\u00ebn. <strong>Kennels` <\/strong><strong>Favourite<\/strong><strong>\u00ae Venison<\/strong> bevat absoluut geen <\/span><span style=\"font-size: medium;\">kleur-, geurstoffen en conserveringsmiddelen. De goede oli<\/span><span style=\"font-size: medium;\">\u00ebn en <\/span><span style=\"font-size: medium;\">mineralen zorgen voor een gezonde huid en glanzende vacht. Door de pure en in verhouding tot elkaar volledig <\/span><span style=\"font-size: medium;\">gebalanceerde ingredi\u00ebnten, krijgt uw hond een gezonde spijsvertering en een verbeterde algemene welzijn.<\/span><\/p>\n<p><span style=\"font-size: medium;\"><strong>Samenstelling: <\/strong>70% hertenvlees, stukje<\/span><span style=\"font-size: medium;\">s van ver<\/span><span style=\"font-size: medium;\">se w<\/span><span style=\"font-size: medium;\">ortelen, b<\/span><span style=\"font-size: medium;\">l<\/span><span style=\"font-size: medium;\">okjes van verse aardappelen, tuinerwten, droog concentraat van<\/span><span style=\"font-size: medium;\"> verse<img loading=\"lazy\" decoding=\"async\" class=\"alignnone size-medium wp-image-3300\" src=\"https:\/\/www.profpetcorporation.com\/wp-content\/uploads\/2024\/10\/NL-BLAAD-225x300.jpg\" alt=\"\" width=\"106\" height=\"137\" align=\"right\" \/> tomatenpulp, mineralen, zonneblo<\/span><span style=\"font-size: medium;\">emolie (bron van Omega-6), premium zalmolie (bron van Omega-3).<\/span><\/p>\n<p><span style=\"font-size: medium;\"><strong>Nutritionele toevoegingsmiddelen\/kg: <\/strong><\/span><\/p>\n<table border=\"0\" width=\"512\" cellspacing=\"1\" cellpadding=\"1\">\n<tbody>\n<tr>\n<td valign=\"top\"><span style=\"font-size: medium;\">Vitamine A<br \/>\nVitamine D3<br \/>\nVitamine E<\/span><\/td>\n<td valign=\"top\"><span style=\"font-size: medium;\">2.250 IE<br \/>\n328 IE<br \/>\n26 mg<br \/>\n<\/span><\/td>\n<td valign=\"top\"><span style=\"font-size: medium;\">Zinksulfaat monohydraat<br \/>\nIjzer(II)sulfaat monohydraat<br \/>\nKoper(II)sulfaat pentahydraat<br \/>\nMangaansulfaat monohydraat<br \/>\nCalciumjodaat watervrij<br \/>\nNatriumseleniet<\/span><\/td>\n<td valign=\"top\"><span style=\"font-size: medium;\">24.0 mg<br \/>\n12.5 mg<br \/>\n2.50 mg<br \/>\n2.00 mg<br \/>\n0.45 mg<br \/>\n0.04 mg<\/span><\/td>\n<\/tr>\n<\/tbody>\n<\/table>\n<p><strong><span style=\"font-size: medium;\"><br \/>\nAnalytische bestanddelen:<\/span><\/strong><\/p>\n<table border=\"0\" width=\"512\" cellspacing=\"1\" cellpadding=\"1\">\n<tbody>\n<tr>\n<td valign=\"top\">Ruw eiwitgehalte<br \/>\nRuw vetgehalte<br \/>\nAnorganische stof<br \/>\nRuwe celstof<br \/>\nVochtgehalte<\/td>\n<td valign=\"top\">11 %<br \/>\n9.0 %<br \/>\n2.5 %<br \/>\n0.5 %<br \/>\n72.5 %<\/td>\n<td valign=\"top\"><span style=\"font-size: medium;\"><span style=\"color: #f2f3f0;\">\u00a0\u00a0\u00a0\u00a0\u00a0\u00a0\u00a0\u00a0\u00a0\u00a0\u00a0\u00a0\u00a0\u00a0\u00a0\u00a0\u00a0\u00a0\u00a0\u00a0\u00a0\u00a0\u00a0\u00a0\u00a0 Y<\/span><\/span><\/td>\n<td valign=\"top\"><span style=\"font-size: medium;\"><span style=\"color: #f2f3f0;\">\u00a0\u00a0\u00a0\u00a0\u00a0\u00a0\u00a0\u00a0\u00a0\u00a0\u00a0\u00a0\u00a0\u00a0\u00a0\u00a0\u00a0\u00a0\u00a0\u00a0\u00a0\u00a0\u00a0\u00a0\u00a0\u00a0 Y<\/span><\/span><\/td>\n<\/tr>\n<\/tbody>\n<\/table>\n<p><span style=\"font-size: medium;\">Zorg ervoor dat er altijd voldoende vers drinkwater voor uw hond staat.<br \/>\nBewaar op een koele en droge plaats. Het beste opgediend bij kamertemperatuur. Na het openen, bewaren in de koelkast en binnen 48 uur gebruiken. Ongebruikt deel kan ook worden ingevroren. Het bevroren product kan worden ontdooid \/ opgewarmd in de magnetron voor 30-60 seconden, en moet binnen 20 minuten geconsumeerd worden.<br \/>\n<strong><br \/>\nNettogewicht: <\/strong>395 g<br \/>\n<strong>Bakje is hermetisch afgesloten met aluminium folie.<\/strong><\/span><\/p>\n<p>&nbsp;<\/p>\n<p><span style=\"font-size: medium;\"><strong>Voedingsrichtlijn:<\/strong><\/span><\/p>\n<table border=\"0\" width=\"491\" cellspacing=\"1\" cellpadding=\"1\">\n<tbody>\n<tr>\n<td style=\"border-bottom: 1px solid #b6b6b6;\"><span style=\"font-size: medium;\">Ras-grootte<br \/>\n<\/span><\/td>\n<td style=\"border-bottom: 1px solid #b6b6b6;\"><span style=\"font-size: medium;\">Lichaamsgewicht<br \/>\n<\/span><\/td>\n<td style=\"border-bottom: 1px solid #b6b6b6;\"><span style=\"font-size: medium;\">Zonder droogvoer<\/span><\/td>\n<td style=\"border-bottom: 1px solid #b6b6b6;\"><span style=\"font-size: medium;\">Met droogvoer<br \/>\n<\/span><\/td>\n<\/tr>\n<tr>\n<td style=\"border-bottom: 1px solid #b6b6b6;\"><span style=\"font-size: medium;\">Mini<\/span><\/td>\n<td style=\"border-bottom: 1px solid #b6b6b6;\"><span style=\"font-size: medium;\">Up to 5kg<br \/>\n<\/span><\/td>\n<td style=\"border-bottom: 1px solid #b6b6b6;\"><span style=\"font-size: medium;\">\u00bc &#8211; \u00bd bakje<\/span><\/td>\n<td style=\"border-bottom: 1px solid #b6b6b6;\"><span style=\"font-size: medium;\">\u00bc bakje<\/span><\/td>\n<\/tr>\n<tr>\n<td style=\"border-bottom: 1px solid #b6b6b6;\"><span style=\"font-size: medium;\">Klein<\/span><\/td>\n<td style=\"border-bottom: 1px solid #b6b6b6;\"><span style=\"font-size: medium;\">5kg &#8211; 10kg<br \/>\n<\/span><\/td>\n<td style=\"border-bottom: 1px solid #b6b6b6;\"><span style=\"font-size: medium;\">\u00bd &#8211; \u00be bakje<\/span><\/td>\n<td style=\"border-bottom: 1px solid #b6b6b6;\"><span style=\"font-size: medium;\">\u2153 bakje<\/span><\/td>\n<\/tr>\n<tr>\n<td style=\"border-bottom: 1px solid #b6b6b6;\"><span style=\"font-size: medium;\">Middelgroot<\/span><\/td>\n<td style=\"border-bottom: 1px solid #b6b6b6;\"><span style=\"font-size: medium;\">10kg &#8211; 15 kg<br \/>\n<\/span><\/td>\n<td style=\"border-bottom: 1px solid #b6b6b6;\"><span style=\"font-size: medium;\">\u00be &#8211; 1 bakje<\/span><\/td>\n<td style=\"border-bottom: 1px solid #b6b6b6;\"><span style=\"font-size: medium;\">\u00bd bakje<\/span><\/td>\n<\/tr>\n<tr>\n<td style=\"border-bottom: 1px solid #b6b6b6;\"><span style=\"font-size: medium;\">Groot<\/span><\/td>\n<td style=\"border-bottom: 1px solid #b6b6b6;\"><span style=\"font-size: medium;\">15kg &#8211; 25kg<br \/>\n<\/span><\/td>\n<td style=\"border-bottom: 1px solid #b6b6b6;\"><span style=\"font-size: medium;\">1 &#8211; 1\u00bd bakje<\/span><\/td>\n<td style=\"border-bottom: 1px solid #b6b6b6;\"><span style=\"font-size: medium;\">\u00be bakje<\/span><\/td>\n<\/tr>\n<tr>\n<td style=\"border-bottom: 1px solid #b6b6b6;\"><span style=\"font-size: medium;\">Extra Groot<br \/>\n<\/span><\/td>\n<td style=\"border-bottom: 1px solid #b6b6b6;\"><span style=\"font-size: medium;\">25kg &#8211; 45kg<br \/>\n<\/span><\/td>\n<td style=\"border-bottom: 1px solid #b6b6b6;\"><span style=\"font-size: medium;\">1\u00bd &#8211; 2\u2153 bakje<\/span><\/td>\n<td style=\"border-bottom: 1px solid #b6b6b6;\"><span style=\"font-size: medium;\">1 bakje<\/span><\/td>\n<\/tr>\n<\/tbody>\n<\/table>\n<p>&nbsp;<\/p>\n<p style=\"text-align: justify;\"><span style=\"font-size: medium;\">Bij <strong>Kennels`<\/strong><span style=\"color: #ffffff;\">.<\/span><strong>Favourite<\/strong>\u00ae hebben wij ons gecommitteerd om al onze ingredi\u00ebnten zoveel mogelijk van lokale bronnen te kopen, en zo kunnen wij een volledige traceerbaarheid van boerderijen tot onze gerenommeerde leveranciers waarborgen. Gedurende de zorg voor uw huisdier zorgen wij voor uw omgeving, al onze verpakkingen zijn gemaakt van 100% recyclebaar materiaal. De productie eenheid is zo ingericht om kwalitatief hoogwaardig hondenvoeding van 100% natuurlijke ingredi\u00ebnten samen te stellen.<br \/>\n<strong>Kennels`<\/strong><span style=\"color: #ffffff;\">.<\/span><strong>Favourite<\/strong>\u00ae producten worden geproduceerd volgens de hoogste normen. Wij werken samen met toonaangevende voedingsdeskundigen om te garanderen dat de eigenschappen van onze recepten aan de voedingsbehoeften van uw hond voldoen.<br \/>\nIn <strong>Kennels`<\/strong><span style=\"color: #ffffff;\">.<\/span><strong>Favourite<\/strong>\u00ae combineren we de vier belangrijkste basis groepen: Essenti\u00eble Eiwitten, Granen en Vezels, Vitaminen en Mineralen, Vetten en Oli\u00ebn om deze tot een voedzaam, natuurlijk hondenvoer te cre\u00ebren. <\/span><\/p>\n<p>&nbsp;<\/p>\n<p><strong><span style=\"font-size: medium;\"><strong>Een gezonde hond &#8211; is een gelukkige hond!<\/strong><\/span><\/strong><\/p>\n<p>&nbsp;<\/p>\n<p>&nbsp;<\/p>\n","protected":false},"excerpt":{"rendered":"<p><span style=\"font-size: large;\"><img loading=\"lazy\" decoding=\"async\" class=\"alignnone size-full wp-image-3685\" src=\"https:\/\/www.profpetcorporation.com\/wp-content\/uploads\/2024\/06\/NL-SINGLE-PROTEIN.jpg\" alt=\"\" width=\"457\" height=\"59\" srcset=\"https:\/\/www.profpetcorporation.com\/wp-content\/uploads\/2024\/06\/NL-SINGLE-PROTEIN.jpg 457w, https:\/\/www.profpetcorporation.com\/wp-content\/uploads\/2024\/06\/NL-SINGLE-PROTEIN-300x39.jpg 300w\" sizes=\"auto, (max-width: 457px) 100vw, 457px\" \/><\/span><\/p>\n<ul>\n<li><em><strong><span style=\"font-size: medium;\"> 100% Pure en Natuurlijke Ingredi\u00ebnten<br \/>\n<\/span><\/strong><\/em><\/li>\n<li><em><strong><span style=\"font-size: medium;\"> \u00c9\u00e9n eiwitbron<\/span><\/strong><\/em><\/li>\n<li><em><strong><span style=\"font-size: medium;\"> Graanvrije natte hondenvoeding<\/span><\/strong><\/em><\/li>\n<li><em><strong><span style=\"font-size: medium;\"> Bereid uit alleen vers vlees <\/span><\/strong><\/em><strong><span style=\"font-size: medium;\"><br \/>\n<\/span><\/strong><\/li>\n<li><em><strong><span style=\"font-size: medium;\"> Geen <\/span><\/strong><span style=\"font-size: medium;\"><strong>conserveringsmiddelen, kleur- en smaakstoffen <\/strong><\/span><\/em><\/li>\n<li><strong><em><strong><span style=\"font-size: medium;\"> Geen toegevoegde soja<\/span><\/strong><\/em><\/strong><\/li>\n<li><em><strong><span style=\"font-size: medium;\"> Geen toegevoegde eieren of zuivelproducten<\/span><\/strong><\/em> <strong><span style=\"font-size: medium;\"><br \/>\n<\/span><\/strong><br \/>\n<span style=\"font-size: large;\">114Kcal\/100g<\/span><\/li>\n<\/ul>\n","protected":false},"featured_media":1132,"comment_status":"open","ping_status":"closed","template":"","meta":{"_acf_changed":false},"product_brand":[],"product_cat":[186,122],"product_tag":[],"class_list":{"0":"post-1800","1":"product","2":"type-product","3":"status-publish","4":"has-post-thumbnail","6":"product_cat-gestoomde-maaltijden-395g","7":"product_cat-kennels-favourite-nl","9":"first","10":"instock","11":"shipping-taxable","12":"product-type-simple"},"acf":[],"yoast_head":"<!-- This site is optimized with the Yoast SEO plugin v27.3 - https:\/\/yoast.com\/product\/yoast-seo-wordpress\/ -->\n<title>Kennels` Favourite\u00ae 100% Venison - Prof Pet Corporation<\/title>\n<meta name=\"robots\" content=\"index, follow, max-snippet:-1, max-image-preview:large, max-video-preview:-1\" \/>\n<link rel=\"canonical\" href=\"https:\/\/www.profpetcorporation.com\/nl\/product\/kennels-favourite-100-venison\/\" \/>\n<meta property=\"og:locale\" content=\"nl_NL\" \/>\n<meta property=\"og:type\" content=\"article\" \/>\n<meta property=\"og:title\" content=\"Kennels` Favourite\u00ae 100% Venison - Prof Pet Corporation\" \/>\n<meta property=\"og:description\" content=\"100% Pure en Natuurlijke Ingredi\u00ebnten    \u00c9\u00e9n eiwitbron   Graanvrije natte hondenvoeding   Bereid uit alleen vers vlees    Geen conserveringsmiddelen, kleur- en smaakstoffen   Geen toegevoegde soja   Geen toegevoegde eieren of zuivelproducten   114Kcal\/100g\" \/>\n<meta property=\"og:url\" content=\"https:\/\/www.profpetcorporation.com\/nl\/product\/kennels-favourite-100-venison\/\" \/>\n<meta property=\"og:site_name\" content=\"Prof Pet Corporation\" \/>\n<meta property=\"article:modified_time\" content=\"2024-12-14T17:51:57+00:00\" \/>\n<meta property=\"og:image\" content=\"https:\/\/www.profpetcorporation.com\/wp-content\/uploads\/2024\/06\/Kennels-Favourite-395gr-Venison-scaled.jpg\" \/>\n\t<meta property=\"og:image:width\" content=\"2560\" \/>\n\t<meta property=\"og:image:height\" content=\"2556\" \/>\n\t<meta property=\"og:image:type\" content=\"image\/jpeg\" \/>\n<meta name=\"twitter:card\" content=\"summary_large_image\" \/>\n<meta name=\"twitter:label1\" content=\"Geschatte leestijd\" \/>\n\t<meta name=\"twitter:data1\" content=\"3 minuten\" \/>\n<script type=\"application\/ld+json\" class=\"yoast-schema-graph\">{\"@context\":\"https:\\\/\\\/schema.org\",\"@graph\":[{\"@type\":\"WebPage\",\"@id\":\"https:\\\/\\\/www.profpetcorporation.com\\\/nl\\\/product\\\/kennels-favourite-100-venison\\\/\",\"url\":\"https:\\\/\\\/www.profpetcorporation.com\\\/nl\\\/product\\\/kennels-favourite-100-venison\\\/\",\"name\":\"Kennels` Favourite\u00ae 100% Venison - Prof Pet Corporation\",\"isPartOf\":{\"@id\":\"https:\\\/\\\/www.profpetcorporation.com\\\/nl\\\/#website\"},\"primaryImageOfPage\":{\"@id\":\"https:\\\/\\\/www.profpetcorporation.com\\\/nl\\\/product\\\/kennels-favourite-100-venison\\\/#primaryimage\"},\"image\":{\"@id\":\"https:\\\/\\\/www.profpetcorporation.com\\\/nl\\\/product\\\/kennels-favourite-100-venison\\\/#primaryimage\"},\"thumbnailUrl\":\"https:\\\/\\\/www.profpetcorporation.com\\\/wp-content\\\/uploads\\\/2024\\\/06\\\/Kennels-Favourite-395gr-Venison-scaled.jpg\",\"datePublished\":\"2024-06-17T19:12:17+00:00\",\"dateModified\":\"2024-12-14T17:51:57+00:00\",\"breadcrumb\":{\"@id\":\"https:\\\/\\\/www.profpetcorporation.com\\\/nl\\\/product\\\/kennels-favourite-100-venison\\\/#breadcrumb\"},\"inLanguage\":\"nl-NL\",\"potentialAction\":[{\"@type\":\"ReadAction\",\"target\":[\"https:\\\/\\\/www.profpetcorporation.com\\\/nl\\\/product\\\/kennels-favourite-100-venison\\\/\"]}]},{\"@type\":\"ImageObject\",\"inLanguage\":\"nl-NL\",\"@id\":\"https:\\\/\\\/www.profpetcorporation.com\\\/nl\\\/product\\\/kennels-favourite-100-venison\\\/#primaryimage\",\"url\":\"https:\\\/\\\/www.profpetcorporation.com\\\/wp-content\\\/uploads\\\/2024\\\/06\\\/Kennels-Favourite-395gr-Venison-scaled.jpg\",\"contentUrl\":\"https:\\\/\\\/www.profpetcorporation.com\\\/wp-content\\\/uploads\\\/2024\\\/06\\\/Kennels-Favourite-395gr-Venison-scaled.jpg\",\"width\":2560,\"height\":2556},{\"@type\":\"BreadcrumbList\",\"@id\":\"https:\\\/\\\/www.profpetcorporation.com\\\/nl\\\/product\\\/kennels-favourite-100-venison\\\/#breadcrumb\",\"itemListElement\":[{\"@type\":\"ListItem\",\"position\":1,\"name\":\"Home\",\"item\":\"https:\\\/\\\/www.profpetcorporation.com\\\/nl\\\/\"},{\"@type\":\"ListItem\",\"position\":2,\"name\":\"Winkel\",\"item\":\"https:\\\/\\\/www.profpetcorporation.com\\\/shop\\\/\"},{\"@type\":\"ListItem\",\"position\":3,\"name\":\"Kennels' Favourite\u00ae\",\"item\":\"https:\\\/\\\/www.profpetcorporation.com\\\/nl\\\/merken\\\/kennels-favourite-nl\\\/\"},{\"@type\":\"ListItem\",\"position\":4,\"name\":\"Kennels` Favourite\u00ae 100% Venison\"}]},{\"@type\":\"WebSite\",\"@id\":\"https:\\\/\\\/www.profpetcorporation.com\\\/nl\\\/#website\",\"url\":\"https:\\\/\\\/www.profpetcorporation.com\\\/nl\\\/\",\"name\":\"Prof Pet Corporation\",\"description\":\"\",\"potentialAction\":[{\"@type\":\"SearchAction\",\"target\":{\"@type\":\"EntryPoint\",\"urlTemplate\":\"https:\\\/\\\/www.profpetcorporation.com\\\/nl\\\/?s={search_term_string}\"},\"query-input\":{\"@type\":\"PropertyValueSpecification\",\"valueRequired\":true,\"valueName\":\"search_term_string\"}}],\"inLanguage\":\"nl-NL\"}]}<\/script>\n<!-- \/ Yoast SEO plugin. -->","yoast_head_json":{"title":"Kennels` Favourite\u00ae 100% Venison - Prof Pet Corporation","robots":{"index":"index","follow":"follow","max-snippet":"max-snippet:-1","max-image-preview":"max-image-preview:large","max-video-preview":"max-video-preview:-1"},"canonical":"https:\/\/www.profpetcorporation.com\/nl\/product\/kennels-favourite-100-venison\/","og_locale":"nl_NL","og_type":"article","og_title":"Kennels` Favourite\u00ae 100% Venison - Prof Pet Corporation","og_description":"100% Pure en Natuurlijke Ingredi\u00ebnten    \u00c9\u00e9n eiwitbron   Graanvrije natte hondenvoeding   Bereid uit alleen vers vlees    Geen conserveringsmiddelen, kleur- en smaakstoffen   Geen toegevoegde soja   Geen toegevoegde eieren of zuivelproducten   114Kcal\/100g","og_url":"https:\/\/www.profpetcorporation.com\/nl\/product\/kennels-favourite-100-venison\/","og_site_name":"Prof Pet Corporation","article_modified_time":"2024-12-14T17:51:57+00:00","og_image":[{"width":2560,"height":2556,"url":"https:\/\/www.profpetcorporation.com\/wp-content\/uploads\/2024\/06\/Kennels-Favourite-395gr-Venison-scaled.jpg","type":"image\/jpeg"}],"twitter_card":"summary_large_image","twitter_misc":{"Geschatte leestijd":"3 minuten"},"schema":{"@context":"https:\/\/schema.org","@graph":[{"@type":"WebPage","@id":"https:\/\/www.profpetcorporation.com\/nl\/product\/kennels-favourite-100-venison\/","url":"https:\/\/www.profpetcorporation.com\/nl\/product\/kennels-favourite-100-venison\/","name":"Kennels` Favourite\u00ae 100% Venison - Prof Pet Corporation","isPartOf":{"@id":"https:\/\/www.profpetcorporation.com\/nl\/#website"},"primaryImageOfPage":{"@id":"https:\/\/www.profpetcorporation.com\/nl\/product\/kennels-favourite-100-venison\/#primaryimage"},"image":{"@id":"https:\/\/www.profpetcorporation.com\/nl\/product\/kennels-favourite-100-venison\/#primaryimage"},"thumbnailUrl":"https:\/\/www.profpetcorporation.com\/wp-content\/uploads\/2024\/06\/Kennels-Favourite-395gr-Venison-scaled.jpg","datePublished":"2024-06-17T19:12:17+00:00","dateModified":"2024-12-14T17:51:57+00:00","breadcrumb":{"@id":"https:\/\/www.profpetcorporation.com\/nl\/product\/kennels-favourite-100-venison\/#breadcrumb"},"inLanguage":"nl-NL","potentialAction":[{"@type":"ReadAction","target":["https:\/\/www.profpetcorporation.com\/nl\/product\/kennels-favourite-100-venison\/"]}]},{"@type":"ImageObject","inLanguage":"nl-NL","@id":"https:\/\/www.profpetcorporation.com\/nl\/product\/kennels-favourite-100-venison\/#primaryimage","url":"https:\/\/www.profpetcorporation.com\/wp-content\/uploads\/2024\/06\/Kennels-Favourite-395gr-Venison-scaled.jpg","contentUrl":"https:\/\/www.profpetcorporation.com\/wp-content\/uploads\/2024\/06\/Kennels-Favourite-395gr-Venison-scaled.jpg","width":2560,"height":2556},{"@type":"BreadcrumbList","@id":"https:\/\/www.profpetcorporation.com\/nl\/product\/kennels-favourite-100-venison\/#breadcrumb","itemListElement":[{"@type":"ListItem","position":1,"name":"Home","item":"https:\/\/www.profpetcorporation.com\/nl\/"},{"@type":"ListItem","position":2,"name":"Winkel","item":"https:\/\/www.profpetcorporation.com\/shop\/"},{"@type":"ListItem","position":3,"name":"Kennels' Favourite\u00ae","item":"https:\/\/www.profpetcorporation.com\/nl\/merken\/kennels-favourite-nl\/"},{"@type":"ListItem","position":4,"name":"Kennels` Favourite\u00ae 100% Venison"}]},{"@type":"WebSite","@id":"https:\/\/www.profpetcorporation.com\/nl\/#website","url":"https:\/\/www.profpetcorporation.com\/nl\/","name":"Prof Pet Corporation","description":"","potentialAction":[{"@type":"SearchAction","target":{"@type":"EntryPoint","urlTemplate":"https:\/\/www.profpetcorporation.com\/nl\/?s={search_term_string}"},"query-input":{"@type":"PropertyValueSpecification","valueRequired":true,"valueName":"search_term_string"}}],"inLanguage":"nl-NL"}]}},"_links":{"self":[{"href":"https:\/\/www.profpetcorporation.com\/nl\/wp-json\/wp\/v2\/product\/1800","targetHints":{"allow":["GET"]}}],"collection":[{"href":"https:\/\/www.profpetcorporation.com\/nl\/wp-json\/wp\/v2\/product"}],"about":[{"href":"https:\/\/www.profpetcorporation.com\/nl\/wp-json\/wp\/v2\/types\/product"}],"replies":[{"embeddable":true,"href":"https:\/\/www.profpetcorporation.com\/nl\/wp-json\/wp\/v2\/comments?post=1800"}],"wp:featuredmedia":[{"embeddable":true,"href":"https:\/\/www.profpetcorporation.com\/nl\/wp-json\/wp\/v2\/media\/1132"}],"wp:attachment":[{"href":"https:\/\/www.profpetcorporation.com\/nl\/wp-json\/wp\/v2\/media?parent=1800"}],"wp:term":[{"taxonomy":"product_brand","embeddable":true,"href":"https:\/\/www.profpetcorporation.com\/nl\/wp-json\/wp\/v2\/product_brand?post=1800"},{"taxonomy":"product_cat","embeddable":true,"href":"https:\/\/www.profpetcorporation.com\/nl\/wp-json\/wp\/v2\/product_cat?post=1800"},{"taxonomy":"product_tag","embeddable":true,"href":"https:\/\/www.profpetcorporation.com\/nl\/wp-json\/wp\/v2\/product_tag?post=1800"}],"curies":[{"name":"wp","href":"https:\/\/api.w.org\/{rel}","templated":true}]}}