{"id":1752,"date":"2024-03-21T12:19:26","date_gmt":"2024-03-21T12:19:26","guid":{"rendered":"https:\/\/profpetcorporation.previewready.nl\/pro-vet\/"},"modified":"2024-12-10T16:05:01","modified_gmt":"2024-12-10T16:05:01","slug":"pro-vet","status":"publish","type":"page","link":"https:\/\/www.profpetcorporation.com\/nl\/pro-vet\/","title":{"rendered":"PRO-VET\u00ae"},"content":{"rendered":"<h2 style=\"text-align: center;\">VOOR EEN PERFECTE GEZONDHEID EN EEN LANG LEVEN<\/h2>\n<p style=\"text-align: center;\"><strong>PRO-VET<\/strong>\u00ae<strong> IS ONTWIKKELD DOOR INTERNATIONAAL ERKENDE EXPERTS OP HET GEBIED VAN DIERVOEDING IN NEDERLAND<\/strong><\/p>\n<p style=\"text-align: center;\"><em>bevat optimale hoeveelheden voedingsstoffen en functionele ingredi\u00ebnten die bijdragen aan een verlaagd risico op verschillende ziekten<\/em><\/p>\n<p style=\"text-align: justify;\">PRO-VET\u00ae producten zijn een op bewijsmateriaal-gebaseerd dieet en preventief voedsel voor honden en katten van alle rassen (de Nationale Raad voor Onderzoek, 2006). Alle producten van PRO-VET\u00ae zijn volledig en zullen geen voedende defici\u00ebnties veroorzaken en kunnen zo voor onbeperkte perioden aan de doelgroepen dieren worden gevoed. Het voedsel bevat slechts hoogwaardige, natuurlijke ingredi\u00ebnten zonder toevoegde synthetische geuren, kleuren en aroma&#8217;s. De bronnen van eiwitten, vetten en koolhydraten zijn van hoge kwaliteit hetgeen de vertering bevordert alsmede de consistentie van de ontlasting. Het gehalte aan vezelstoffen, waarvan een deel door darmbacteri\u00ebn wordt afgebroken, onderhoudt de structuur van de wand van de dikke darm en stimuleert de motiliteit van de darm en daarmee het afdrijven van goed gevormde ontlasting (Hallman et al., 1995).<\/p>\n<p style=\"text-align: justify;\">De optimale toevoeging van essenti\u00eble, meervoudig onverzadigde vetzuren voor dieren, linolzuur, arachidonzuur, alfa-linoleenzuur, eicosapentaeenzuur (EPA) en docosahexaeenzuur (DHA), verbetert de conditie van de huid en vacht (MacDonald et al., 1983) en de immuunfunctie (Bauer, 1994). Het hoge gehalte aan EPA leidt tot de synthese van eicosano\u00efden met ontstekingsremmende eigenschappen opdat atopische huidreacties worden onderdrukt (Harvey, 1993).<\/p>\n<p style=\"text-align: justify;\">Bij volwassen katten kan struviet zich in de blaas ontwikkelen, hetgeen aandoeningen van de urinewegen veroorzaakt. De vorming van struviet kan worden voorkomen door een lage zuurgraad van de urine en lage concentraties van de struvietvormende componenten (magnesium, ammonium, fosfaat). PRO-VET\u00ae Struvite verlaagt de urine pH tot ongeveer 6.5 en bevat relatief lage gehalten aan magnesium en fosfor om de urineconcentraties van de struvietvormende componenten te verlagen (Osborne et al., 1990).<\/p>\n<p style=\"text-align: justify;\">Bij volwassen honden kunnen tandplaque en tandsteen ontstaan. PRO-VET\u00ae OrthoDent verhindert de vorming van tandplaque om tandgezondheid te bevorderen. Dit product heeft een unieke elastische structuur die een reinigend effect op de tanden heeft. PRO-VET\u00ae OrthoDent is verrijkt met zink en bevat xylitol en eucalyptus olie die de bacteri\u00eble groei in de tandplaque remt. Om tandsteenvorming te verminderen, is PRO-VET\u00ae Orthodent laag in calcium en bevat toegevoegde natriumtripolyfosfaat.<\/p>\n<p style=\"text-align: justify;\">Bij volwassen honden kan verminderde mobiliteit (osteoarthritis) of een neiging daartoe zich ontwikkelen. PRO-VET\u00ae Mobility is verrijkt met een mengsel van chondro-beschermende eigenschappen, namelijk zalmolie, gehydrolyseerde gelatine, glucosamine, chondroitine sulfaat, groen lipmossel (Perna canaliculus) en een speciaal melkconcentraat. PRO-VET\u00ae Protest is een alternatief koud geperst voedsel dat met GAGs (glucosaminoglycans) en haaikraakbeen is verrijkt.<\/p>\n<p style=\"text-align: justify;\">Bij honden en katten kan zich voedselallergie en\/of atopische dermatitis ontwikkelen. PRO-VET\u00ae HyperSen (kat) en PRO-VET\u00ae Ultimate (hond) is gebaseerd op gehydroliseerde prote\u00efnen met molecuulgewichten van fragmenten lager dan 10.000 Daltons om elke ongewenste invloed op het immuunsysteem af te wenden, in het bijzonder gelijksoortige allergische reacties. Bovendien bevatten PRO-VET\u00ae HyperSen (kat) en PRO-VET\u00ae Ultomate (hond) hoge hoeveelheden zalmolie en borageolie om alle ontstekingsreacties bij atopische ziekteverchijnselen te verminderen. Bij honden kan zich cardiomyopathie ontwikkelen. PRO-VET\u00ae Ultimate (hond) heeft een supplementaire combinatie van taurine en L-Carnitine om cardiomyopathie te behandelen. Dankzij PRO-VET\u00ae Ultimate (hond) kunnen alle pati\u00ebnten met cardiomyopathie succesvol gevrijwaard worden van medicijnen.<\/p>\n<p style=\"text-align: justify;\">Bij honden en katten kan zwaarlijvigheid ontstaan. PRO-VET\u00ae Weight Control (kat en hond) zijn lage-energie voedsels (laag vetgehalte en hoge vezelgehalte). Om spiermassa tijdens gewichtsverlies te stabiliseren, hebben PRO-VET\u00ae Weight Control een hoge prote\u00efne gehalte en zijn verrijkt met L-Carnitine. PRO-VET\u00ae Weight Control zijn volledige voedsels die ook geschikt zijn om het lichaamsgewicht bij huisdieren na gewichtsverlies te stabiliseren of bij dieren met een neiging tot overgewicht het gewicht op peil te houden.<\/p>\n<p style=\"text-align: justify;\">Om het risico op kanker te verlagen bevat PRO-VET\u00ae extra natuurlijke anti-oxidanten in de vorm van vitamine E, lute\u00efne, b\u00e8ta-caroteen en rozemarijn extract die de vorming van vrije radicalen verminderen en daarmee ook de oxidatieve schade (Jewell et al., 2000). PRO-VET\u00ae is rijk aan EPA hetgeen ook het risico op kanker vermindert (Cowing and Saker, 2001) en bovendien de effecten van gewrichtsaandoeningen controleert. Het risico op nierfalen is verminderd door de extra vitamine E (Yu and Paetau-Robinson, 2006), het hoge EPA-gehalte(Plantinga et al., 2005) en in het bijzonder het lage gehalte aan fosfor (Beynen, 2006).<\/p>\n<p style=\"text-align: justify;\">De toegevoegde vezelstoffen met hoge viscositeit (F.H.V.) vertragen de opname van glucose, hetgeen het risico op diabetes vermindert (Kirk, 2006). De toegevoegde vezels met lage viscositeit (F.L.V.) bevorderen de darmmotiliteit en controleren haarbalvorming. De toegevoegde probiotic (fructo-oligo-sacchariden F.O.S. en mannan-oligo-sacchariden M.O.S.) stimuleren de groei van gunstige bacteri\u00ebn in de darm (Hussein et al., 1999). PRO-VET\u00ae heeft een laag natriumgehalte ter controle van de bloeddruk, hetgeen samen met de adequaat aangevulde taurine bijdraagt aan een goed onderhoud van de hartfunctie (Torin et al., 2007).<\/p>\n<p style=\"text-align: justify;\">Het hoge gehalte aan omega-3 vetzuren en natuurlijke anti-oxidanten in PRO-VET\u00ae verhoogt de levens-verwachting van volwassen katten (Cupp et al., 2006). De lichaamsconditie is echter ook een belangrijke determinant van de levensverwachting (Scarlett and Donoghue, 1998). Een verminderde conditie verhoogt het risico op kanker, diabetes, gewrichtsaandoeningen en hartfalen. De specifieke samenstelling van PRO-VET\u00ae vermindert het risico op genoemde ziekten, maar de lichaamsconditie van het huisdier moet worden gecontroleerd. De hoeveelheid PRO-VET\u00ae dient aan een individuele huisdier zodanig gevoerd te worden zodat het ideale gewicht wordt bereikt en gehandhaafd.<\/p>\n<p>&nbsp;<\/p>\n<p style=\"text-align: center;\"><strong>Kwaliteitsgaranties<\/strong><br \/>\n<strong>PRO-VET<\/strong>\u00ae producten voldoen volledig aan alle eisen<br \/>\ndie zijn opgesteld door de:<strong><br \/>\nNVWA<br \/>\n<\/strong>De Nederlandse Voedsel- en Warenautoriteit<strong><br \/>\n<\/strong><\/p>\n<p style=\"text-align: center;\"><strong>AAFCO<\/strong><br \/>\n<strong>Association of American Feed Control Officials<\/strong><br \/>\nVereniging van Amerikaanse Voeder Controle Instanties<\/p>\n<p style=\"text-align: center;\"><strong>NRC<\/strong><br \/>\n<strong>National Research Council <\/strong>&#8211; Nationaal Onderzoeksbureau<\/p>\n<p style=\"text-align: center;\"><strong>FEDIAF<\/strong><br \/>\n<strong>The European Petfood Industry Federation<\/strong><br \/>\nEuropese Federatie van de Gezelschapsdierenindustrie<\/p>\n<p>&nbsp;<\/p>\n<p style=\"text-align: center;\"><span style=\"font-size: large;\"><strong>Het productieproces van<\/strong> <strong>PRO-VET<\/strong>\u00ae <strong>producten is gecertificeerd<\/strong><br \/>\n<strong>overeenkomstig de hoogste kwaliteitscontrolesystemen :<\/strong><\/span><\/p>\n<p style=\"text-align: center;\"><img loading=\"lazy\" decoding=\"async\" class=\"alignnone size-full wp-image-4921\" src=\"https:\/\/www.profpetcorporation.com\/wp-content\/uploads\/2024\/12\/NON-GMO-Certified.jpg\" alt=\"\" width=\"153\" height=\"160\" \/><br \/>\n<strong>GMO-Vrij<\/strong><br \/>\n<strong>Geregistreerd bij SGS (Soci\u00e9t\u00e9 G\u00e9n\u00e9rale de Surveillance)<\/strong><br \/>\nSGS S.A. (Soci\u00e9t\u00e9 Anonyme) is een Zwitsers internationaal opererend<br \/>\ndienstverlenend bedrijf, is de wereldleider op het gebied van inspectie, controle, analyse en certificering.<\/p>\n<p style=\"text-align: center;\"><strong><img loading=\"lazy\" decoding=\"async\" class=\"alignnone size-full wp-image-5001\" src=\"https:\/\/www.profpetcorporation.com\/wp-content\/uploads\/2024\/12\/ISO-9001-1.jpg\" alt=\"\" width=\"160\" height=\"904\" \/><br \/>\nNEN ISO 9001<\/strong><br \/>\nInternationale normen voor het kwaliteitsbewakingssysteem voor<br \/>\nde ontwikkeling en productie van droogvoer voor huisdieren<\/p>\n<p>&nbsp;<\/p>\n<p style=\"text-align: center;\"><strong>I.F.S.<\/strong><br \/>\n<strong>International Food Standard<\/strong><br \/>\nInternationale standaard op het gebied van voedselveiligheid<\/p>\n<p>&nbsp;<\/p>\n<p style=\"text-align: center;\"><strong><img loading=\"lazy\" decoding=\"async\" class=\"alignnone size-full wp-image-4988\" src=\"https:\/\/www.profpetcorporation.com\/wp-content\/uploads\/2024\/12\/GMP-1.jpg\" alt=\"\" width=\"160\" height=\"976\" \/><br \/>\nGoede Productie Praktijk +<\/strong><\/p>\n<p>&nbsp;<\/p>\n<p>&nbsp;<\/p>\n","protected":false},"excerpt":{"rendered":"<p>VOOR EEN PERFECTE GEZONDHEID EN EEN LANG LEVEN PRO-VET\u00ae IS ONTWIKKELD DOOR INTERNATIONAAL ERKENDE EXPERTS OP HET GEBIED VAN DIERVOEDING IN NEDERLAND bevat optimale hoeveelheden voedingsstoffen en functionele ingredi\u00ebnten die bijdragen aan een verlaagd risico op verschillende ziekten PRO-VET\u00ae producten zijn een op bewijsmateriaal-gebaseerd dieet en preventief voedsel voor honden en katten van alle rassen [&hellip;]<\/p>\n","protected":false},"author":1,"featured_media":0,"parent":0,"menu_order":0,"comment_status":"closed","ping_status":"closed","template":"","meta":{"_acf_changed":false,"footnotes":""},"class_list":["post-1752","page","type-page","status-publish","hentry"],"acf":[],"yoast_head":"<!-- This site is optimized with the Yoast SEO plugin v27.5 - https:\/\/yoast.com\/product\/yoast-seo-wordpress\/ -->\n<title>PRO-VET\u00ae - Prof Pet Corporation<\/title>\n<meta name=\"robots\" content=\"index, follow, max-snippet:-1, max-image-preview:large, max-video-preview:-1\" \/>\n<link rel=\"canonical\" href=\"https:\/\/www.profpetcorporation.com\/nl\/pro-vet\/\" \/>\n<meta property=\"og:locale\" content=\"nl_NL\" \/>\n<meta property=\"og:type\" content=\"article\" \/>\n<meta property=\"og:title\" content=\"PRO-VET\u00ae - Prof Pet Corporation\" \/>\n<meta property=\"og:description\" content=\"VOOR EEN PERFECTE GEZONDHEID EN EEN LANG LEVEN PRO-VET\u00ae IS ONTWIKKELD DOOR INTERNATIONAAL ERKENDE EXPERTS OP HET GEBIED VAN DIERVOEDING IN NEDERLAND bevat optimale hoeveelheden voedingsstoffen en functionele ingredi\u00ebnten die bijdragen aan een verlaagd risico op verschillende ziekten PRO-VET\u00ae producten zijn een op bewijsmateriaal-gebaseerd dieet en preventief voedsel voor honden en katten van alle rassen [&hellip;]\" \/>\n<meta property=\"og:url\" content=\"https:\/\/www.profpetcorporation.com\/nl\/pro-vet\/\" \/>\n<meta property=\"og:site_name\" content=\"Prof Pet Corporation\" \/>\n<meta property=\"article:modified_time\" content=\"2024-12-10T16:05:01+00:00\" \/>\n<meta property=\"og:image\" content=\"https:\/\/www.profpetcorporation.com\/wp-content\/uploads\/2024\/12\/NON-GMO-Certified.jpg\" \/>\n\t<meta property=\"og:image:width\" content=\"153\" \/>\n\t<meta property=\"og:image:height\" content=\"160\" \/>\n\t<meta property=\"og:image:type\" content=\"image\/jpeg\" \/>\n<meta name=\"twitter:card\" content=\"summary_large_image\" \/>\n<meta name=\"twitter:label1\" content=\"Geschatte leestijd\" \/>\n\t<meta name=\"twitter:data1\" content=\"6 minuten\" \/>\n<script type=\"application\/ld+json\" class=\"yoast-schema-graph\">{\"@context\":\"https:\\\/\\\/schema.org\",\"@graph\":[{\"@type\":\"WebPage\",\"@id\":\"https:\\\/\\\/www.profpetcorporation.com\\\/nl\\\/pro-vet\\\/\",\"url\":\"https:\\\/\\\/www.profpetcorporation.com\\\/nl\\\/pro-vet\\\/\",\"name\":\"PRO-VET\u00ae - Prof Pet Corporation\",\"isPartOf\":{\"@id\":\"https:\\\/\\\/www.profpetcorporation.com\\\/nl\\\/#website\"},\"primaryImageOfPage\":{\"@id\":\"https:\\\/\\\/www.profpetcorporation.com\\\/nl\\\/pro-vet\\\/#primaryimage\"},\"image\":{\"@id\":\"https:\\\/\\\/www.profpetcorporation.com\\\/nl\\\/pro-vet\\\/#primaryimage\"},\"thumbnailUrl\":\"https:\\\/\\\/www.profpetcorporation.com\\\/wp-content\\\/uploads\\\/2024\\\/12\\\/NON-GMO-Certified.jpg\",\"datePublished\":\"2024-03-21T12:19:26+00:00\",\"dateModified\":\"2024-12-10T16:05:01+00:00\",\"breadcrumb\":{\"@id\":\"https:\\\/\\\/www.profpetcorporation.com\\\/nl\\\/pro-vet\\\/#breadcrumb\"},\"inLanguage\":\"nl-NL\",\"potentialAction\":[{\"@type\":\"ReadAction\",\"target\":[\"https:\\\/\\\/www.profpetcorporation.com\\\/nl\\\/pro-vet\\\/\"]}]},{\"@type\":\"ImageObject\",\"inLanguage\":\"nl-NL\",\"@id\":\"https:\\\/\\\/www.profpetcorporation.com\\\/nl\\\/pro-vet\\\/#primaryimage\",\"url\":\"https:\\\/\\\/www.profpetcorporation.com\\\/wp-content\\\/uploads\\\/2024\\\/12\\\/NON-GMO-Certified.jpg\",\"contentUrl\":\"https:\\\/\\\/www.profpetcorporation.com\\\/wp-content\\\/uploads\\\/2024\\\/12\\\/NON-GMO-Certified.jpg\"},{\"@type\":\"BreadcrumbList\",\"@id\":\"https:\\\/\\\/www.profpetcorporation.com\\\/nl\\\/pro-vet\\\/#breadcrumb\",\"itemListElement\":[{\"@type\":\"ListItem\",\"position\":1,\"name\":\"Home\",\"item\":\"https:\\\/\\\/www.profpetcorporation.com\\\/nl\\\/\"},{\"@type\":\"ListItem\",\"position\":2,\"name\":\"PRO-VET\u00ae\"}]},{\"@type\":\"WebSite\",\"@id\":\"https:\\\/\\\/www.profpetcorporation.com\\\/nl\\\/#website\",\"url\":\"https:\\\/\\\/www.profpetcorporation.com\\\/nl\\\/\",\"name\":\"Prof Pet Corporation\",\"description\":\"\",\"potentialAction\":[{\"@type\":\"SearchAction\",\"target\":{\"@type\":\"EntryPoint\",\"urlTemplate\":\"https:\\\/\\\/www.profpetcorporation.com\\\/nl\\\/?s={search_term_string}\"},\"query-input\":{\"@type\":\"PropertyValueSpecification\",\"valueRequired\":true,\"valueName\":\"search_term_string\"}}],\"inLanguage\":\"nl-NL\"}]}<\/script>\n<!-- \/ Yoast SEO plugin. -->","yoast_head_json":{"title":"PRO-VET\u00ae - Prof Pet Corporation","robots":{"index":"index","follow":"follow","max-snippet":"max-snippet:-1","max-image-preview":"max-image-preview:large","max-video-preview":"max-video-preview:-1"},"canonical":"https:\/\/www.profpetcorporation.com\/nl\/pro-vet\/","og_locale":"nl_NL","og_type":"article","og_title":"PRO-VET\u00ae - Prof Pet Corporation","og_description":"VOOR EEN PERFECTE GEZONDHEID EN EEN LANG LEVEN PRO-VET\u00ae IS ONTWIKKELD DOOR INTERNATIONAAL ERKENDE EXPERTS OP HET GEBIED VAN DIERVOEDING IN NEDERLAND bevat optimale hoeveelheden voedingsstoffen en functionele ingredi\u00ebnten die bijdragen aan een verlaagd risico op verschillende ziekten PRO-VET\u00ae producten zijn een op bewijsmateriaal-gebaseerd dieet en preventief voedsel voor honden en katten van alle rassen [&hellip;]","og_url":"https:\/\/www.profpetcorporation.com\/nl\/pro-vet\/","og_site_name":"Prof Pet Corporation","article_modified_time":"2024-12-10T16:05:01+00:00","og_image":[{"width":153,"height":160,"url":"https:\/\/www.profpetcorporation.com\/wp-content\/uploads\/2024\/12\/NON-GMO-Certified.jpg","type":"image\/jpeg"}],"twitter_card":"summary_large_image","twitter_misc":{"Geschatte leestijd":"6 minuten"},"schema":{"@context":"https:\/\/schema.org","@graph":[{"@type":"WebPage","@id":"https:\/\/www.profpetcorporation.com\/nl\/pro-vet\/","url":"https:\/\/www.profpetcorporation.com\/nl\/pro-vet\/","name":"PRO-VET\u00ae - Prof Pet Corporation","isPartOf":{"@id":"https:\/\/www.profpetcorporation.com\/nl\/#website"},"primaryImageOfPage":{"@id":"https:\/\/www.profpetcorporation.com\/nl\/pro-vet\/#primaryimage"},"image":{"@id":"https:\/\/www.profpetcorporation.com\/nl\/pro-vet\/#primaryimage"},"thumbnailUrl":"https:\/\/www.profpetcorporation.com\/wp-content\/uploads\/2024\/12\/NON-GMO-Certified.jpg","datePublished":"2024-03-21T12:19:26+00:00","dateModified":"2024-12-10T16:05:01+00:00","breadcrumb":{"@id":"https:\/\/www.profpetcorporation.com\/nl\/pro-vet\/#breadcrumb"},"inLanguage":"nl-NL","potentialAction":[{"@type":"ReadAction","target":["https:\/\/www.profpetcorporation.com\/nl\/pro-vet\/"]}]},{"@type":"ImageObject","inLanguage":"nl-NL","@id":"https:\/\/www.profpetcorporation.com\/nl\/pro-vet\/#primaryimage","url":"https:\/\/www.profpetcorporation.com\/wp-content\/uploads\/2024\/12\/NON-GMO-Certified.jpg","contentUrl":"https:\/\/www.profpetcorporation.com\/wp-content\/uploads\/2024\/12\/NON-GMO-Certified.jpg"},{"@type":"BreadcrumbList","@id":"https:\/\/www.profpetcorporation.com\/nl\/pro-vet\/#breadcrumb","itemListElement":[{"@type":"ListItem","position":1,"name":"Home","item":"https:\/\/www.profpetcorporation.com\/nl\/"},{"@type":"ListItem","position":2,"name":"PRO-VET\u00ae"}]},{"@type":"WebSite","@id":"https:\/\/www.profpetcorporation.com\/nl\/#website","url":"https:\/\/www.profpetcorporation.com\/nl\/","name":"Prof Pet Corporation","description":"","potentialAction":[{"@type":"SearchAction","target":{"@type":"EntryPoint","urlTemplate":"https:\/\/www.profpetcorporation.com\/nl\/?s={search_term_string}"},"query-input":{"@type":"PropertyValueSpecification","valueRequired":true,"valueName":"search_term_string"}}],"inLanguage":"nl-NL"}]}},"_links":{"self":[{"href":"https:\/\/www.profpetcorporation.com\/nl\/wp-json\/wp\/v2\/pages\/1752","targetHints":{"allow":["GET"]}}],"collection":[{"href":"https:\/\/www.profpetcorporation.com\/nl\/wp-json\/wp\/v2\/pages"}],"about":[{"href":"https:\/\/www.profpetcorporation.com\/nl\/wp-json\/wp\/v2\/types\/page"}],"author":[{"embeddable":true,"href":"https:\/\/www.profpetcorporation.com\/nl\/wp-json\/wp\/v2\/users\/1"}],"replies":[{"embeddable":true,"href":"https:\/\/www.profpetcorporation.com\/nl\/wp-json\/wp\/v2\/comments?post=1752"}],"version-history":[{"count":9,"href":"https:\/\/www.profpetcorporation.com\/nl\/wp-json\/wp\/v2\/pages\/1752\/revisions"}],"predecessor-version":[{"id":5073,"href":"https:\/\/www.profpetcorporation.com\/nl\/wp-json\/wp\/v2\/pages\/1752\/revisions\/5073"}],"wp:attachment":[{"href":"https:\/\/www.profpetcorporation.com\/nl\/wp-json\/wp\/v2\/media?parent=1752"}],"curies":[{"name":"wp","href":"https:\/\/api.w.org\/{rel}","templated":true}]}}