{"id":1746,"date":"2024-04-11T13:13:45","date_gmt":"2024-04-11T13:13:45","guid":{"rendered":"https:\/\/profpetcorporation.previewready.nl\/kennels-favourite\/"},"modified":"2024-12-10T15:43:55","modified_gmt":"2024-12-10T15:43:55","slug":"kennels-favourite","status":"publish","type":"page","link":"https:\/\/www.profpetcorporation.com\/nl\/kennels-favourite\/","title":{"rendered":"Kennels&#8217; Favourite\u00ae"},"content":{"rendered":"<h2 style=\"text-align: center;\">VAN PUPPY TOT SENIOR<br \/>\nVAN MINI TOT ZEER GROOT<\/h2>\n<p style=\"text-align: center;\"><strong>Kennels` Favourite<\/strong>\u00ae is een super premium Tarwe-Gluten-Vrij compleet droog diervoeder voor honden van alle rassen en leeftijden: voor puppies van kleine tot grote rassen; voor actieve honden en\/of die een extreem actief leven leiden; voor zwangere en zogende teven; voor honden met overgewichtsproblemen, zwakke gewrichten, voedselallergie of verteringsproblemen\u2026 <strong>Kennels` Favourite<\/strong>\u00ae is een super premium Graan-Vrij natte voer, zonder suiker en andere schadelijke smaakstoffen.<br \/>\n<strong>Kennels` Favourite<\/strong>\u00ae &#8211; gevitaminiseerde Gluten-Vrij wei pastilles.<\/p>\n<p>&nbsp;<\/p>\n<p style=\"text-align: center;\"><strong>Kwaliteitsgaranties<\/strong><br \/>\n<strong>Kennels` Favourite<\/strong>\u00ae producten voldoen volledig aan alle eisen<br \/>\ndie zijn opgesteld door de:<strong><br \/>\nNVWA<br \/>\n<\/strong>De Nederlandse Voedsel- en Warenautoriteit<strong><br \/>\n<\/strong><\/p>\n<p style=\"text-align: center;\"><strong>AAFCO<\/strong><br \/>\n<strong>Association of American Feed Control Officials<\/strong><br \/>\nVereniging van Amerikaanse Voeder Controle Instanties<\/p>\n<p style=\"text-align: center;\"><strong>NRC<\/strong><br \/>\n<strong>National Research Council <\/strong>&#8211; Nationaal Onderzoeksbureau<\/p>\n<p style=\"text-align: center;\"><strong>FEDIAF<\/strong><br \/>\n<strong>The European Petfood Industry Federation<\/strong><br \/>\nEuropese Federatie van de Gezelschapsdierenindustrie<\/p>\n<p>&nbsp;<\/p>\n<p style=\"text-align: center;\"><span style=\"font-size: large;\"><strong>Het productieproces van<\/strong> <strong>Kennels` Favourite<\/strong>\u00ae <strong>producten is gecertificeerd<\/strong><br \/>\n<strong>overeenkomstig de hoogste kwaliteitscontrolesystemen :<\/strong><\/span><\/p>\n<p style=\"text-align: center;\"><img loading=\"lazy\" decoding=\"async\" class=\"alignnone size-full wp-image-4921\" src=\"https:\/\/www.profpetcorporation.com\/wp-content\/uploads\/2024\/12\/NON-GMO-Certified.jpg\" alt=\"\" width=\"153\" height=\"160\" \/><br \/>\n<strong>GMO-Vrij<\/strong><br \/>\n<strong>Geregistreerd bij SGS (Soci\u00e9t\u00e9 G\u00e9n\u00e9rale de Surveillance)<\/strong><br \/>\nSGS S.A. (Soci\u00e9t\u00e9 Anonyme) is een Zwitsers internationaal opererend<br \/>\ndienstverlenend bedrijf, is de wereldleider op het gebied van inspectie, controle, analyse en certificering.<\/p>\n<p style=\"text-align: center;\"><strong><img loading=\"lazy\" decoding=\"async\" class=\"alignnone size-full wp-image-5001\" src=\"https:\/\/www.profpetcorporation.com\/wp-content\/uploads\/2024\/12\/ISO-9001-1.jpg\" alt=\"\" width=\"160\" height=\"904\" \/><br \/>\nNEN ISO 9001<\/strong><br \/>\nInternationale normen voor het kwaliteitsbewakingssysteem voor<br \/>\nde ontwikkeling en productie van droogvoer voor huisdieren<\/p>\n<p>&nbsp;<\/p>\n<p style=\"text-align: center;\"><strong>I.F.S.<\/strong><br \/>\n<strong>International Food Standard<\/strong><br \/>\nInternationale standaard op het gebied van voedselveiligheid<\/p>\n<p>&nbsp;<\/p>\n<p style=\"text-align: center;\"><strong><img loading=\"lazy\" decoding=\"async\" class=\"alignnone size-full wp-image-4988\" src=\"https:\/\/www.profpetcorporation.com\/wp-content\/uploads\/2024\/12\/GMP-1.jpg\" alt=\"\" width=\"160\" height=\"976\" \/><br \/>\nGoede Productie Praktijk +<\/strong><\/p>\n<p>&nbsp;<\/p>\n<p>&nbsp;<\/p>\n","protected":false},"excerpt":{"rendered":"<p>VAN PUPPY TOT SENIOR VAN MINI TOT ZEER GROOT Kennels` Favourite\u00ae is een super premium Tarwe-Gluten-Vrij compleet droog diervoeder voor honden van alle rassen en leeftijden: voor puppies van kleine tot grote rassen; voor actieve honden en\/of die een extreem actief leven leiden; voor zwangere en zogende teven; voor honden met overgewichtsproblemen, zwakke gewrichten, voedselallergie [&hellip;]<\/p>\n","protected":false},"author":1,"featured_media":0,"parent":0,"menu_order":0,"comment_status":"closed","ping_status":"closed","template":"","meta":{"_acf_changed":false,"footnotes":""},"class_list":["post-1746","page","type-page","status-publish","hentry"],"acf":[],"yoast_head":"<!-- This site is optimized with the Yoast SEO plugin v27.3 - https:\/\/yoast.com\/product\/yoast-seo-wordpress\/ -->\n<title>Kennels&#039; Favourite\u00ae - Prof Pet Corporation<\/title>\n<meta name=\"robots\" content=\"index, follow, max-snippet:-1, max-image-preview:large, max-video-preview:-1\" \/>\n<link rel=\"canonical\" href=\"https:\/\/www.profpetcorporation.com\/nl\/kennels-favourite\/\" \/>\n<meta property=\"og:locale\" content=\"nl_NL\" \/>\n<meta property=\"og:type\" content=\"article\" \/>\n<meta property=\"og:title\" content=\"Kennels&#039; Favourite\u00ae - Prof Pet Corporation\" \/>\n<meta property=\"og:description\" content=\"VAN PUPPY TOT SENIOR VAN MINI TOT ZEER GROOT Kennels` Favourite\u00ae is een super premium Tarwe-Gluten-Vrij compleet droog diervoeder voor honden van alle rassen en leeftijden: voor puppies van kleine tot grote rassen; voor actieve honden en\/of die een extreem actief leven leiden; voor zwangere en zogende teven; voor honden met overgewichtsproblemen, zwakke gewrichten, voedselallergie [&hellip;]\" \/>\n<meta property=\"og:url\" content=\"https:\/\/www.profpetcorporation.com\/nl\/kennels-favourite\/\" \/>\n<meta property=\"og:site_name\" content=\"Prof Pet Corporation\" \/>\n<meta property=\"article:modified_time\" content=\"2024-12-10T15:43:55+00:00\" \/>\n<meta property=\"og:image\" content=\"https:\/\/www.profpetcorporation.com\/wp-content\/uploads\/2024\/12\/NON-GMO-Certified.jpg\" \/>\n\t<meta property=\"og:image:width\" content=\"153\" \/>\n\t<meta property=\"og:image:height\" content=\"160\" \/>\n\t<meta property=\"og:image:type\" content=\"image\/jpeg\" \/>\n<meta name=\"twitter:card\" content=\"summary_large_image\" \/>\n<meta name=\"twitter:label1\" content=\"Geschatte leestijd\" \/>\n\t<meta name=\"twitter:data1\" content=\"2 minuten\" \/>\n<script type=\"application\/ld+json\" class=\"yoast-schema-graph\">{\"@context\":\"https:\\\/\\\/schema.org\",\"@graph\":[{\"@type\":\"WebPage\",\"@id\":\"https:\\\/\\\/www.profpetcorporation.com\\\/nl\\\/kennels-favourite\\\/\",\"url\":\"https:\\\/\\\/www.profpetcorporation.com\\\/nl\\\/kennels-favourite\\\/\",\"name\":\"Kennels' Favourite\u00ae - Prof Pet Corporation\",\"isPartOf\":{\"@id\":\"https:\\\/\\\/www.profpetcorporation.com\\\/nl\\\/#website\"},\"primaryImageOfPage\":{\"@id\":\"https:\\\/\\\/www.profpetcorporation.com\\\/nl\\\/kennels-favourite\\\/#primaryimage\"},\"image\":{\"@id\":\"https:\\\/\\\/www.profpetcorporation.com\\\/nl\\\/kennels-favourite\\\/#primaryimage\"},\"thumbnailUrl\":\"https:\\\/\\\/www.profpetcorporation.com\\\/wp-content\\\/uploads\\\/2024\\\/12\\\/NON-GMO-Certified.jpg\",\"datePublished\":\"2024-04-11T13:13:45+00:00\",\"dateModified\":\"2024-12-10T15:43:55+00:00\",\"breadcrumb\":{\"@id\":\"https:\\\/\\\/www.profpetcorporation.com\\\/nl\\\/kennels-favourite\\\/#breadcrumb\"},\"inLanguage\":\"nl-NL\",\"potentialAction\":[{\"@type\":\"ReadAction\",\"target\":[\"https:\\\/\\\/www.profpetcorporation.com\\\/nl\\\/kennels-favourite\\\/\"]}]},{\"@type\":\"ImageObject\",\"inLanguage\":\"nl-NL\",\"@id\":\"https:\\\/\\\/www.profpetcorporation.com\\\/nl\\\/kennels-favourite\\\/#primaryimage\",\"url\":\"https:\\\/\\\/www.profpetcorporation.com\\\/wp-content\\\/uploads\\\/2024\\\/12\\\/NON-GMO-Certified.jpg\",\"contentUrl\":\"https:\\\/\\\/www.profpetcorporation.com\\\/wp-content\\\/uploads\\\/2024\\\/12\\\/NON-GMO-Certified.jpg\"},{\"@type\":\"BreadcrumbList\",\"@id\":\"https:\\\/\\\/www.profpetcorporation.com\\\/nl\\\/kennels-favourite\\\/#breadcrumb\",\"itemListElement\":[{\"@type\":\"ListItem\",\"position\":1,\"name\":\"Home\",\"item\":\"https:\\\/\\\/www.profpetcorporation.com\\\/nl\\\/\"},{\"@type\":\"ListItem\",\"position\":2,\"name\":\"Kennels&#8217; Favourite\u00ae\"}]},{\"@type\":\"WebSite\",\"@id\":\"https:\\\/\\\/www.profpetcorporation.com\\\/nl\\\/#website\",\"url\":\"https:\\\/\\\/www.profpetcorporation.com\\\/nl\\\/\",\"name\":\"Prof Pet Corporation\",\"description\":\"\",\"potentialAction\":[{\"@type\":\"SearchAction\",\"target\":{\"@type\":\"EntryPoint\",\"urlTemplate\":\"https:\\\/\\\/www.profpetcorporation.com\\\/nl\\\/?s={search_term_string}\"},\"query-input\":{\"@type\":\"PropertyValueSpecification\",\"valueRequired\":true,\"valueName\":\"search_term_string\"}}],\"inLanguage\":\"nl-NL\"}]}<\/script>\n<!-- \/ Yoast SEO plugin. -->","yoast_head_json":{"title":"Kennels' Favourite\u00ae - Prof Pet Corporation","robots":{"index":"index","follow":"follow","max-snippet":"max-snippet:-1","max-image-preview":"max-image-preview:large","max-video-preview":"max-video-preview:-1"},"canonical":"https:\/\/www.profpetcorporation.com\/nl\/kennels-favourite\/","og_locale":"nl_NL","og_type":"article","og_title":"Kennels' Favourite\u00ae - Prof Pet Corporation","og_description":"VAN PUPPY TOT SENIOR VAN MINI TOT ZEER GROOT Kennels` Favourite\u00ae is een super premium Tarwe-Gluten-Vrij compleet droog diervoeder voor honden van alle rassen en leeftijden: voor puppies van kleine tot grote rassen; voor actieve honden en\/of die een extreem actief leven leiden; voor zwangere en zogende teven; voor honden met overgewichtsproblemen, zwakke gewrichten, voedselallergie [&hellip;]","og_url":"https:\/\/www.profpetcorporation.com\/nl\/kennels-favourite\/","og_site_name":"Prof Pet Corporation","article_modified_time":"2024-12-10T15:43:55+00:00","og_image":[{"width":153,"height":160,"url":"https:\/\/www.profpetcorporation.com\/wp-content\/uploads\/2024\/12\/NON-GMO-Certified.jpg","type":"image\/jpeg"}],"twitter_card":"summary_large_image","twitter_misc":{"Geschatte leestijd":"2 minuten"},"schema":{"@context":"https:\/\/schema.org","@graph":[{"@type":"WebPage","@id":"https:\/\/www.profpetcorporation.com\/nl\/kennels-favourite\/","url":"https:\/\/www.profpetcorporation.com\/nl\/kennels-favourite\/","name":"Kennels' Favourite\u00ae - Prof Pet Corporation","isPartOf":{"@id":"https:\/\/www.profpetcorporation.com\/nl\/#website"},"primaryImageOfPage":{"@id":"https:\/\/www.profpetcorporation.com\/nl\/kennels-favourite\/#primaryimage"},"image":{"@id":"https:\/\/www.profpetcorporation.com\/nl\/kennels-favourite\/#primaryimage"},"thumbnailUrl":"https:\/\/www.profpetcorporation.com\/wp-content\/uploads\/2024\/12\/NON-GMO-Certified.jpg","datePublished":"2024-04-11T13:13:45+00:00","dateModified":"2024-12-10T15:43:55+00:00","breadcrumb":{"@id":"https:\/\/www.profpetcorporation.com\/nl\/kennels-favourite\/#breadcrumb"},"inLanguage":"nl-NL","potentialAction":[{"@type":"ReadAction","target":["https:\/\/www.profpetcorporation.com\/nl\/kennels-favourite\/"]}]},{"@type":"ImageObject","inLanguage":"nl-NL","@id":"https:\/\/www.profpetcorporation.com\/nl\/kennels-favourite\/#primaryimage","url":"https:\/\/www.profpetcorporation.com\/wp-content\/uploads\/2024\/12\/NON-GMO-Certified.jpg","contentUrl":"https:\/\/www.profpetcorporation.com\/wp-content\/uploads\/2024\/12\/NON-GMO-Certified.jpg"},{"@type":"BreadcrumbList","@id":"https:\/\/www.profpetcorporation.com\/nl\/kennels-favourite\/#breadcrumb","itemListElement":[{"@type":"ListItem","position":1,"name":"Home","item":"https:\/\/www.profpetcorporation.com\/nl\/"},{"@type":"ListItem","position":2,"name":"Kennels&#8217; Favourite\u00ae"}]},{"@type":"WebSite","@id":"https:\/\/www.profpetcorporation.com\/nl\/#website","url":"https:\/\/www.profpetcorporation.com\/nl\/","name":"Prof Pet Corporation","description":"","potentialAction":[{"@type":"SearchAction","target":{"@type":"EntryPoint","urlTemplate":"https:\/\/www.profpetcorporation.com\/nl\/?s={search_term_string}"},"query-input":{"@type":"PropertyValueSpecification","valueRequired":true,"valueName":"search_term_string"}}],"inLanguage":"nl-NL"}]}},"_links":{"self":[{"href":"https:\/\/www.profpetcorporation.com\/nl\/wp-json\/wp\/v2\/pages\/1746","targetHints":{"allow":["GET"]}}],"collection":[{"href":"https:\/\/www.profpetcorporation.com\/nl\/wp-json\/wp\/v2\/pages"}],"about":[{"href":"https:\/\/www.profpetcorporation.com\/nl\/wp-json\/wp\/v2\/types\/page"}],"author":[{"embeddable":true,"href":"https:\/\/www.profpetcorporation.com\/nl\/wp-json\/wp\/v2\/users\/1"}],"replies":[{"embeddable":true,"href":"https:\/\/www.profpetcorporation.com\/nl\/wp-json\/wp\/v2\/comments?post=1746"}],"version-history":[{"count":10,"href":"https:\/\/www.profpetcorporation.com\/nl\/wp-json\/wp\/v2\/pages\/1746\/revisions"}],"predecessor-version":[{"id":5043,"href":"https:\/\/www.profpetcorporation.com\/nl\/wp-json\/wp\/v2\/pages\/1746\/revisions\/5043"}],"wp:attachment":[{"href":"https:\/\/www.profpetcorporation.com\/nl\/wp-json\/wp\/v2\/media?parent=1746"}],"curies":[{"name":"wp","href":"https:\/\/api.w.org\/{rel}","templated":true}]}}