{"id":2699,"date":"2024-07-12T15:17:32","date_gmt":"2024-07-12T15:17:32","guid":{"rendered":"https:\/\/profpetcorporation.previewready.nl\/?post_type=product&#038;p=2699"},"modified":"2024-11-09T13:55:14","modified_gmt":"2024-11-09T13:55:14","slug":"pro-vet-intestinal-3","status":"publish","type":"product","link":"https:\/\/www.profpetcorporation.com\/hu\/termek\/pro-vet-intestinal-3\/","title":{"rendered":"PRO-VET\u00ae Intestinal"},"content":{"rendered":"<h3 class=\"orthodent\"><strong><span style=\"color: #3fb427;\"><span style=\"font-size: large;\">Indication<\/span><\/span><\/strong><\/h3>\n<p style=\"text-align: justify;\"><span style=\"font-size: medium;\"><strong>PRO-VET<\/strong>\u00ae<strong> Intestinal complete and balanced specialized dry diet food for growing (from 3 months) and adult dogs of all breeds to improve poor digestion and reduce acute intestinal malabsorption disorders; reduces intolerances to certain ingredients and\/or nutrients<\/strong><\/span>.<\/p>\n<p>&nbsp;<\/p>\n<h3 class=\"orthodent\"><strong><span style=\"color: #3fb427;\"><span style=\"font-size: large;\">Efficacy<\/span><\/span><\/strong><\/h3>\n<table border=\"1\" width=\"550\" cellspacing=\"1\" cellpadding=\"1\">\n<tbody>\n<tr>\n<td valign=\"top\" width=\"240\"><span style=\"font-size: medium;\"><strong>CHARACTERISTIC<br \/>\n<\/strong><\/span><\/td>\n<td valign=\"top\"><span style=\"font-size: medium;\"><strong>EFFECT<\/strong><\/span><\/td>\n<\/tr>\n<tr>\n<td valign=\"top\" width=\"240\">Available Prebiotics<\/td>\n<td valign=\"top\"><span style=\"font-size: medium;\">Help to promote a stronger immune system, reduce gastrointestinal problems and create a healthy balance of bacteria in the intestine.<\/span><\/td>\n<\/tr>\n<tr>\n<td valign=\"top\" width=\"240\">High content of Fermentable Fiber and Electrolyte<\/td>\n<td valign=\"top\">Helps to compensate for the loss of electrolytes in the case of diarrhea. Help to reduce the chance of a food allergy and thus, contribute to good digestion.<\/td>\n<\/tr>\n<tr>\n<td valign=\"top\" width=\"240\"><span style=\"font-size: medium;\">High-Quality and easily digestible Protein sources.<\/span><\/td>\n<td valign=\"top\">Help to reduce food intolerances and prevent diarrhea.<\/td>\n<\/tr>\n<\/tbody>\n<\/table>\n<p>&nbsp;<\/p>\n<p>&nbsp;<\/p>\n<h3 class=\"orthodent\"><strong><span style=\"color: #3fb427;\"><span style=\"font-size: large;\">Composition<\/span><\/span><\/strong><\/h3>\n<div class=\"page\" title=\"Page 2\">\n<div class=\"layoutArea\">\n<div class=\"column\">\n<p>meat and animal derivatives (chicken 18%), cereals, vegetables (0.7% dried carrot, equivalent to 5.9% carrots), derivatives of vegetable origin (dried beet pulp, natural prebiotic: inulin 0.19%), minerals, oils and fats (medium-chain fatty acids (MCFAs): lauric acid 0.01%, glycerol monolaurate (GML) 0.03%)<span style=\"font-size: medium; text-align: justify;\">.<\/span><\/p>\n<\/div>\n<\/div>\n<\/div>\n<p style=\"text-align: justify;\"><span style=\"font-size: medium;\">PRO-VET<\/span><span style=\"font-size: larger;\">\u00ae <\/span><span style=\"font-size: medium;\">products meet the requirements as stated by AAFCO, NRC or FEDIAF. Produced and packed in Holland, production takes place under certification of: NEN ISO 9001 \/ GMP+.<br \/>\n<\/span><\/p>\n<p>&nbsp;<\/p>\n<h3><\/h3>\n<h3 class=\"orthodent\"><strong><span style=\"color: #3fb427;\"><span style=\"font-size: large;\">Analyses<\/span><\/span><\/strong><\/h3>\n<table border=\"0\" width=\"550\" cellspacing=\"1\" cellpadding=\"1\">\n<tbody>\n<tr>\n<td valign=\"top\"><span style=\"font-size: medium;\"><strong>Analytical constituents<\/strong><\/span><\/td>\n<td valign=\"top\"><\/td>\n<td valign=\"top\"><span style=\"font-size: medium;\"><strong>Nutritional additives<\/strong><\/span><\/td>\n<td valign=\"top\"><\/td>\n<\/tr>\n<tr>\n<td valign=\"top\"><span style=\"font-size: medium;\">Moisture<br \/>\nCrude protein<br \/>\nCrude fat<br \/>\nCrude ash<br \/>\nCrude fibre<br \/>\n<\/span><\/td>\n<td valign=\"top\"><span style=\"font-size: medium;\">80 %<br \/>\n6.5 %<br \/>\n3.0 %<br \/>\n3.00 %<br \/>\n0.60 %<br \/>\n<\/span><\/td>\n<td valign=\"top\"><span style=\"font-size: medium;\"><span style=\"font-size: medium;\">Vitamin A<br \/>\nVitamin D3<br \/>\nVitamin E<\/span><\/span><\/td>\n<td valign=\"top\"><span style=\"font-size: medium;\">1.400 IU\/kg<br \/>\n165 IU\/kg<br \/>\n16 mg\/kg<br \/>\n<\/span><span style=\"font-size: larger;\"><br \/>\n<\/span><\/td>\n<\/tr>\n<\/tbody>\n<\/table>\n<p><span style=\"font-size: medium;\"><strong>Energy value 85 Kcal\/g [6.60 MJ\/kg]<\/strong><br \/>\n<\/span><\/p>\n<p><span style=\"font-size: medium;\"><strong>Vitamins:<\/strong><br \/>\nVitamin A (retinyl acetate)<br \/>\nVitamin D3 (cholecalciferol)<br \/>\nVitamin E (all-rac-alpha-tocopherol)<\/span><span style=\"font-size: larger;\"><br \/>\n<\/span><\/p>\n<p><strong><span style=\"font-size: larger;\">T<\/span><\/strong><span style=\"font-size: medium;\"><strong>race elements:<\/strong><br \/>\nIron (Fe) (iron-(II)-sulphate monohydrate) 12 mg\/kg<br \/>\nManganese (Mn) (manganese sulphate monohydrate) 6 mg\/kg<br \/>\nCopper (Cu) (cupric sulphate pentahydrate) 2 mg\/kg<br \/>\nZinc (Zn) (zinc sulphate monohydrate) 15 mg\/kg<br \/>\nIodine (I) (calcium iodate anhydrous) 0.30 mg\/kg<br \/>\nSelenium (Se) (sodium selenite) 0.10 mg\/mg<\/span><\/p>\n<h3><\/h3>\n<h3><\/h3>\n<h3><\/h3>\n<h3 class=\"orthodent\"><strong><span style=\"color: #3fb427;\"><span style=\"font-size: large;\">Feeding guide<\/span><\/span><\/strong><\/h3>\n<p>Adult dog of medium breed (10-25kg) needs \u00be to 1\u00bd can each day in at least two meals. Adult dog of large breed (25-45kg) needs 1\u00bd to 2\u2153 can each day in at least two meals. Adult dog of very large breed (45-70kg) needs 2\u2153 to 3\u00bc can each day in at least two meals. Fresh drinking water should always be available.<br \/>\nFor the best result, feed your dog in combination with dry diet food <strong>PRO-VET<\/strong>\u00ae<strong> Intestinal<\/strong>. Spread the daily portion over several small meals. Recommended duration of use: 5 to 12 weeks for dissolution of struvite stones. For reduction of struvite stone recurrence: up to 6 months. It is recommended that advice from a veterinarian be sought before use and before extending the period of use. Feeding guide is indicative. Once opened, cover the unused content and store in the refrigerator and use within 48 hours. Best served at room temperature. Always provide a sufficient amount of fresh, clean water for your dog. Regularly clean food and water bowls.<\/p>\n<h3 class=\"struvite\"><\/h3>\n<p>&nbsp;<\/p>\n<h3><\/h3>\n<h3 class=\"orthodent\"><strong><span style=\"color: #3fb427;\"><span style=\"font-size: large;\">Package<\/span><\/span><\/strong><\/h3>\n<p><span style=\"font-size: medium;\">415g \u00a0 EAN 8717496484178<br \/>\n<\/span><\/p>\n<p>&nbsp;<\/p>\n<h3 class=\"orthodent\"><strong><span style=\"color: #3fb427;\"><span style=\"font-size: large;\">Storage<\/span><\/span><\/strong><\/h3>\n<p>Store in a cool dry place. After opening, keep unused contents in a lidded container, keep refrigerated and use within 48 hours. Best served at room temperature as it&#8217;s tastier and they&#8217;ll enjoy it even more. Serve the food in clean bowl.<\/p>\n<p><span style=\"font-size: medium;\"><br \/>\n<\/span><strong><span style=\"font-size: medium;\">A healthy dog is a happy dog.<\/span><\/strong><\/p>\n<p>&nbsp;<\/p>\n","protected":false},"excerpt":{"rendered":"<p style=\"text-align: left;\"><span style=\"font-size: x-large;\"><span style=\"color: #3fb427;\"><sub><strong>SUPPORTS GUT HEALTH AND PROMOTES BALANCED INTESTINAL FLORA<br \/>\n<\/strong><\/sub><\/span><\/span><\/p>\n<p style=\"text-align: left;\"><span style=\"font-size: large;\">Enriched with Natural Prebiotic<br \/>\nIncreased Electrolyte Content<br \/>\nEnriched with Fermentable Fibers<br \/>\n<\/span><\/p>\n","protected":false},"featured_media":2644,"comment_status":"open","ping_status":"closed","template":"","meta":{"_acf_changed":false},"product_brand":[],"product_cat":[145,18],"product_tag":[],"class_list":{"0":"post-2699","1":"product","2":"type-product","3":"status-publish","4":"has-post-thumbnail","6":"product_cat-canned-food-for-dogs-415g","7":"product_cat-pro-vet","9":"first","10":"instock","11":"shipping-taxable","12":"product-type-simple"},"acf":[],"yoast_head":"<!-- This site is optimized with the Yoast SEO plugin v27.3 - https:\/\/yoast.com\/product\/yoast-seo-wordpress\/ -->\n<title>PRO-VET\u00ae Intestinal - Prof Pet Corporation<\/title>\n<meta name=\"robots\" content=\"index, follow, max-snippet:-1, max-image-preview:large, max-video-preview:-1\" \/>\n<link rel=\"canonical\" href=\"https:\/\/www.profpetcorporation.com\/hu\/termek\/pro-vet-intestinal-3\/\" \/>\n<meta property=\"og:locale\" content=\"hu_HU\" \/>\n<meta property=\"og:type\" content=\"article\" \/>\n<meta property=\"og:title\" content=\"PRO-VET\u00ae Intestinal - Prof Pet Corporation\" \/>\n<meta property=\"og:description\" content=\"SUPPORTS GUT HEALTH AND PROMOTES BALANCED INTESTINAL FLORA  Enriched with Natural Prebiotic Increased Electrolyte Content Enriched with Fermentable Fibers\" \/>\n<meta property=\"og:url\" content=\"https:\/\/www.profpetcorporation.com\/hu\/termek\/pro-vet-intestinal-3\/\" \/>\n<meta property=\"og:site_name\" content=\"Prof Pet Corporation\" \/>\n<meta property=\"article:modified_time\" content=\"2024-11-09T13:55:14+00:00\" \/>\n<meta property=\"og:image\" content=\"https:\/\/www.profpetcorporation.com\/wp-content\/uploads\/2024\/07\/web-PRO-VET-Intestinal-415g.jpg\" \/>\n\t<meta property=\"og:image:width\" content=\"1081\" \/>\n\t<meta property=\"og:image:height\" content=\"1079\" \/>\n\t<meta property=\"og:image:type\" content=\"image\/jpeg\" \/>\n<meta name=\"twitter:card\" content=\"summary_large_image\" \/>\n<meta name=\"twitter:label1\" content=\"Becs\u00fclt olvas\u00e1si id\u0151\" \/>\n\t<meta name=\"twitter:data1\" content=\"3 perc\" \/>\n<script type=\"application\/ld+json\" class=\"yoast-schema-graph\">{\"@context\":\"https:\\\/\\\/schema.org\",\"@graph\":[{\"@type\":\"WebPage\",\"@id\":\"https:\\\/\\\/www.profpetcorporation.com\\\/hu\\\/termek\\\/pro-vet-intestinal-3\\\/\",\"url\":\"https:\\\/\\\/www.profpetcorporation.com\\\/hu\\\/termek\\\/pro-vet-intestinal-3\\\/\",\"name\":\"PRO-VET\u00ae Intestinal - Prof Pet Corporation\",\"isPartOf\":{\"@id\":\"https:\\\/\\\/www.profpetcorporation.com\\\/hu\\\/#website\"},\"primaryImageOfPage\":{\"@id\":\"https:\\\/\\\/www.profpetcorporation.com\\\/hu\\\/termek\\\/pro-vet-intestinal-3\\\/#primaryimage\"},\"image\":{\"@id\":\"https:\\\/\\\/www.profpetcorporation.com\\\/hu\\\/termek\\\/pro-vet-intestinal-3\\\/#primaryimage\"},\"thumbnailUrl\":\"https:\\\/\\\/www.profpetcorporation.com\\\/wp-content\\\/uploads\\\/2024\\\/07\\\/web-PRO-VET-Intestinal-415g.jpg\",\"datePublished\":\"2024-07-12T15:17:32+00:00\",\"dateModified\":\"2024-11-09T13:55:14+00:00\",\"breadcrumb\":{\"@id\":\"https:\\\/\\\/www.profpetcorporation.com\\\/hu\\\/termek\\\/pro-vet-intestinal-3\\\/#breadcrumb\"},\"inLanguage\":\"hu\",\"potentialAction\":[{\"@type\":\"ReadAction\",\"target\":[\"https:\\\/\\\/www.profpetcorporation.com\\\/hu\\\/termek\\\/pro-vet-intestinal-3\\\/\"]}]},{\"@type\":\"ImageObject\",\"inLanguage\":\"hu\",\"@id\":\"https:\\\/\\\/www.profpetcorporation.com\\\/hu\\\/termek\\\/pro-vet-intestinal-3\\\/#primaryimage\",\"url\":\"https:\\\/\\\/www.profpetcorporation.com\\\/wp-content\\\/uploads\\\/2024\\\/07\\\/web-PRO-VET-Intestinal-415g.jpg\",\"contentUrl\":\"https:\\\/\\\/www.profpetcorporation.com\\\/wp-content\\\/uploads\\\/2024\\\/07\\\/web-PRO-VET-Intestinal-415g.jpg\",\"width\":1081,\"height\":1079},{\"@type\":\"BreadcrumbList\",\"@id\":\"https:\\\/\\\/www.profpetcorporation.com\\\/hu\\\/termek\\\/pro-vet-intestinal-3\\\/#breadcrumb\",\"itemListElement\":[{\"@type\":\"ListItem\",\"position\":1,\"name\":\"Home\",\"item\":\"https:\\\/\\\/www.profpetcorporation.com\\\/hu\\\/\"},{\"@type\":\"ListItem\",\"position\":2,\"name\":\"Shop\",\"item\":\"https:\\\/\\\/www.profpetcorporation.com\\\/shop\\\/\"},{\"@type\":\"ListItem\",\"position\":3,\"name\":\"PRO-VET\u00ae\",\"item\":\"https:\\\/\\\/www.profpetcorporation.com\\\/merken\\\/pro-vet\\\/\"},{\"@type\":\"ListItem\",\"position\":4,\"name\":\"PRO-VET\u00ae Intestinal\"}]},{\"@type\":\"WebSite\",\"@id\":\"https:\\\/\\\/www.profpetcorporation.com\\\/hu\\\/#website\",\"url\":\"https:\\\/\\\/www.profpetcorporation.com\\\/hu\\\/\",\"name\":\"Prof Pet Corporation\",\"description\":\"\",\"potentialAction\":[{\"@type\":\"SearchAction\",\"target\":{\"@type\":\"EntryPoint\",\"urlTemplate\":\"https:\\\/\\\/www.profpetcorporation.com\\\/hu\\\/?s={search_term_string}\"},\"query-input\":{\"@type\":\"PropertyValueSpecification\",\"valueRequired\":true,\"valueName\":\"search_term_string\"}}],\"inLanguage\":\"hu\"}]}<\/script>\n<!-- \/ Yoast SEO plugin. -->","yoast_head_json":{"title":"PRO-VET\u00ae Intestinal - Prof Pet Corporation","robots":{"index":"index","follow":"follow","max-snippet":"max-snippet:-1","max-image-preview":"max-image-preview:large","max-video-preview":"max-video-preview:-1"},"canonical":"https:\/\/www.profpetcorporation.com\/hu\/termek\/pro-vet-intestinal-3\/","og_locale":"hu_HU","og_type":"article","og_title":"PRO-VET\u00ae Intestinal - Prof Pet Corporation","og_description":"SUPPORTS GUT HEALTH AND PROMOTES BALANCED INTESTINAL FLORA  Enriched with Natural Prebiotic Increased Electrolyte Content Enriched with Fermentable Fibers","og_url":"https:\/\/www.profpetcorporation.com\/hu\/termek\/pro-vet-intestinal-3\/","og_site_name":"Prof Pet Corporation","article_modified_time":"2024-11-09T13:55:14+00:00","og_image":[{"width":1081,"height":1079,"url":"https:\/\/www.profpetcorporation.com\/wp-content\/uploads\/2024\/07\/web-PRO-VET-Intestinal-415g.jpg","type":"image\/jpeg"}],"twitter_card":"summary_large_image","twitter_misc":{"Becs\u00fclt olvas\u00e1si id\u0151":"3 perc"},"schema":{"@context":"https:\/\/schema.org","@graph":[{"@type":"WebPage","@id":"https:\/\/www.profpetcorporation.com\/hu\/termek\/pro-vet-intestinal-3\/","url":"https:\/\/www.profpetcorporation.com\/hu\/termek\/pro-vet-intestinal-3\/","name":"PRO-VET\u00ae Intestinal - Prof Pet Corporation","isPartOf":{"@id":"https:\/\/www.profpetcorporation.com\/hu\/#website"},"primaryImageOfPage":{"@id":"https:\/\/www.profpetcorporation.com\/hu\/termek\/pro-vet-intestinal-3\/#primaryimage"},"image":{"@id":"https:\/\/www.profpetcorporation.com\/hu\/termek\/pro-vet-intestinal-3\/#primaryimage"},"thumbnailUrl":"https:\/\/www.profpetcorporation.com\/wp-content\/uploads\/2024\/07\/web-PRO-VET-Intestinal-415g.jpg","datePublished":"2024-07-12T15:17:32+00:00","dateModified":"2024-11-09T13:55:14+00:00","breadcrumb":{"@id":"https:\/\/www.profpetcorporation.com\/hu\/termek\/pro-vet-intestinal-3\/#breadcrumb"},"inLanguage":"hu","potentialAction":[{"@type":"ReadAction","target":["https:\/\/www.profpetcorporation.com\/hu\/termek\/pro-vet-intestinal-3\/"]}]},{"@type":"ImageObject","inLanguage":"hu","@id":"https:\/\/www.profpetcorporation.com\/hu\/termek\/pro-vet-intestinal-3\/#primaryimage","url":"https:\/\/www.profpetcorporation.com\/wp-content\/uploads\/2024\/07\/web-PRO-VET-Intestinal-415g.jpg","contentUrl":"https:\/\/www.profpetcorporation.com\/wp-content\/uploads\/2024\/07\/web-PRO-VET-Intestinal-415g.jpg","width":1081,"height":1079},{"@type":"BreadcrumbList","@id":"https:\/\/www.profpetcorporation.com\/hu\/termek\/pro-vet-intestinal-3\/#breadcrumb","itemListElement":[{"@type":"ListItem","position":1,"name":"Home","item":"https:\/\/www.profpetcorporation.com\/hu\/"},{"@type":"ListItem","position":2,"name":"Shop","item":"https:\/\/www.profpetcorporation.com\/shop\/"},{"@type":"ListItem","position":3,"name":"PRO-VET\u00ae","item":"https:\/\/www.profpetcorporation.com\/merken\/pro-vet\/"},{"@type":"ListItem","position":4,"name":"PRO-VET\u00ae Intestinal"}]},{"@type":"WebSite","@id":"https:\/\/www.profpetcorporation.com\/hu\/#website","url":"https:\/\/www.profpetcorporation.com\/hu\/","name":"Prof Pet Corporation","description":"","potentialAction":[{"@type":"SearchAction","target":{"@type":"EntryPoint","urlTemplate":"https:\/\/www.profpetcorporation.com\/hu\/?s={search_term_string}"},"query-input":{"@type":"PropertyValueSpecification","valueRequired":true,"valueName":"search_term_string"}}],"inLanguage":"hu"}]}},"_links":{"self":[{"href":"https:\/\/www.profpetcorporation.com\/hu\/wp-json\/wp\/v2\/product\/2699","targetHints":{"allow":["GET"]}}],"collection":[{"href":"https:\/\/www.profpetcorporation.com\/hu\/wp-json\/wp\/v2\/product"}],"about":[{"href":"https:\/\/www.profpetcorporation.com\/hu\/wp-json\/wp\/v2\/types\/product"}],"replies":[{"embeddable":true,"href":"https:\/\/www.profpetcorporation.com\/hu\/wp-json\/wp\/v2\/comments?post=2699"}],"wp:featuredmedia":[{"embeddable":true,"href":"https:\/\/www.profpetcorporation.com\/hu\/wp-json\/wp\/v2\/media\/2644"}],"wp:attachment":[{"href":"https:\/\/www.profpetcorporation.com\/hu\/wp-json\/wp\/v2\/media?parent=2699"}],"wp:term":[{"taxonomy":"product_brand","embeddable":true,"href":"https:\/\/www.profpetcorporation.com\/hu\/wp-json\/wp\/v2\/product_brand?post=2699"},{"taxonomy":"product_cat","embeddable":true,"href":"https:\/\/www.profpetcorporation.com\/hu\/wp-json\/wp\/v2\/product_cat?post=2699"},{"taxonomy":"product_tag","embeddable":true,"href":"https:\/\/www.profpetcorporation.com\/hu\/wp-json\/wp\/v2\/product_tag?post=2699"}],"curies":[{"name":"wp","href":"https:\/\/api.w.org\/{rel}","templated":true}]}}