{"id":2269,"date":"2024-07-10T13:28:50","date_gmt":"2024-07-10T13:28:50","guid":{"rendered":"https:\/\/profpetcorporation.previewready.nl\/?post_type=product&#038;p=2269"},"modified":"2024-11-11T17:42:15","modified_gmt":"2024-11-11T17:42:15","slug":"kis-kis-biotin","status":"publish","type":"product","link":"https:\/\/www.profpetcorporation.com\/hu\/termek\/kis-kis-biotin\/","title":{"rendered":"KiS-KiS\u00ae Biotin"},"content":{"rendered":"<p><span style=\"font-size: medium;\"><strong>Ingredients<\/strong>: whey powder, rice gluten, dextrose, vegetable products, vitamins and minerals, pure biotin, yeast.<br \/>\n<strong>Additives:<\/strong> vitamin A 3.471 IU\/kg.<br \/>\n<strong>Analytical constituents<\/strong>: protein 12%, fat 3%, ash 6.5%.<br \/>\n<strong>Daily consumption:<\/strong> min. 2-3 tablets, regularly.<br \/>\nA raised intake will not cause any negative side effects.<br \/>\nProduced and packed in Holland.<br \/>\nStore in a dark, cool and dry place.<br \/>\n<strong>Netto weight:<\/strong> 60g<br \/>\n<strong>Contents<\/strong>: \u00b1100 tablets<\/span><\/p>\n<p><span style=\"font-size: larger;\"><u>operative component:<\/u><\/span><\/p>\n<p><span style=\"font-size: medium;\"><strong>BIOTIN \u2013 Beauty vitamin<\/strong><\/span><br \/>\n<span style=\"font-size: medium;\">Alternative name: Coenzyme R or Vitamin H<\/span><\/p>\n<p style=\"text-align: justify;\"><span style=\"font-size: medium;\"><strong>Biotin <\/strong>is water-soluble, and is a relatively new element within the B group. <strong>Biotin <\/strong>is the vitamin of beauty: it is the vitamin for the skin and hair. In addition, <strong>biotin <\/strong>optimalises the intestinal flora and stabilises the sugar level in the blood. The sulphur in biotin makes the skin smooth and elastic, the fur soft and fluffy and the claws strong.<br \/>\n<strong>Biotin <\/strong>plays an important role in the production of keratin. In other words, keratin improves the structure of the claws and the fur. <strong>Biotin <\/strong>is necessary for a synthesis of ascorbic acid and for the normal metabolism of fats and proteins.<\/span><\/p>\n<p>&nbsp;<\/p>\n","protected":false},"excerpt":{"rendered":"<ul>\n<li><em><strong><span style=\"font-size: medium;\">\u00a0<\/span><span style=\"font-size: large;\">1<\/span><span style=\"font-size: large;\">00% Natural Ingredients \u00a0\u00a0<\/span><\/strong><\/em><\/li>\n<li><span style=\"font-size: large;\"><em><strong>\u00a0Stimulates fur growth<\/strong><\/em><\/span><\/li>\n<li><span style=\"font-size: large;\"><em><strong>\u00a0Keeps the skin healthy<\/strong><\/em><\/span><\/li>\n<li><span style=\"font-size: large;\"><em><strong>\u00a0Provides eye glow\u00a0 \u00a0\u00a0<\/strong><\/em><strong><br \/>\n<\/strong><\/span><\/li>\n<\/ul>\n<p><i><img loading=\"lazy\" decoding=\"async\" class=\"alignnone size-full wp-image-3670\" src=\"https:\/\/www.profpetcorporation.com\/wp-content\/uploads\/2024\/10\/GB-PICKY-CATS-1.jpg\" alt=\"\" width=\"529\" height=\"93\" srcset=\"https:\/\/www.profpetcorporation.com\/wp-content\/uploads\/2024\/10\/GB-PICKY-CATS-1.jpg 529w, https:\/\/www.profpetcorporation.com\/wp-content\/uploads\/2024\/10\/GB-PICKY-CATS-1-300x53.jpg 300w\" sizes=\"auto, (max-width: 529px) 100vw, 529px\" \/><\/i><\/p>\n","protected":false},"featured_media":3558,"comment_status":"open","ping_status":"closed","template":"","meta":{"_acf_changed":false},"product_brand":[],"product_cat":[87,134],"product_tag":[],"class_list":{"0":"post-2269","1":"product","2":"type-product","3":"status-publish","4":"has-post-thumbnail","6":"product_cat-kis-kis","7":"product_cat-whey-pastilles-for-cats","9":"first","10":"instock","11":"shipping-taxable","12":"product-type-simple"},"acf":[],"yoast_head":"<!-- This site is optimized with the Yoast SEO plugin v27.3 - https:\/\/yoast.com\/product\/yoast-seo-wordpress\/ -->\n<title>KiS-KiS\u00ae Biotin - Prof Pet Corporation<\/title>\n<meta name=\"robots\" content=\"index, follow, max-snippet:-1, max-image-preview:large, max-video-preview:-1\" \/>\n<link rel=\"canonical\" href=\"https:\/\/www.profpetcorporation.com\/hu\/termek\/kis-kis-biotin\/\" \/>\n<meta property=\"og:locale\" content=\"hu_HU\" \/>\n<meta property=\"og:type\" content=\"article\" \/>\n<meta property=\"og:title\" content=\"KiS-KiS\u00ae Biotin - Prof Pet Corporation\" \/>\n<meta property=\"og:description\" content=\"\u00a0100% Natural Ingredients \u00a0\u00a0  \u00a0Stimulates fur growth  \u00a0Keeps the skin healthy  \u00a0Provides eye glow\u00a0 \u00a0\u00a0\" \/>\n<meta property=\"og:url\" content=\"https:\/\/www.profpetcorporation.com\/hu\/termek\/kis-kis-biotin\/\" \/>\n<meta property=\"og:site_name\" content=\"Prof Pet Corporation\" \/>\n<meta property=\"article:modified_time\" content=\"2024-11-11T17:42:15+00:00\" \/>\n<meta property=\"og:image\" content=\"https:\/\/www.profpetcorporation.com\/wp-content\/uploads\/2024\/10\/KiS-KiS-Biotin-60g.jpg\" \/>\n\t<meta property=\"og:image:width\" content=\"1079\" \/>\n\t<meta property=\"og:image:height\" content=\"1079\" \/>\n\t<meta property=\"og:image:type\" content=\"image\/jpeg\" \/>\n<meta name=\"twitter:card\" content=\"summary_large_image\" \/>\n<meta name=\"twitter:label1\" content=\"Becs\u00fclt olvas\u00e1si id\u0151\" \/>\n\t<meta name=\"twitter:data1\" content=\"2 perc\" \/>\n<script type=\"application\/ld+json\" class=\"yoast-schema-graph\">{\"@context\":\"https:\\\/\\\/schema.org\",\"@graph\":[{\"@type\":\"WebPage\",\"@id\":\"https:\\\/\\\/www.profpetcorporation.com\\\/hu\\\/termek\\\/kis-kis-biotin\\\/\",\"url\":\"https:\\\/\\\/www.profpetcorporation.com\\\/hu\\\/termek\\\/kis-kis-biotin\\\/\",\"name\":\"KiS-KiS\u00ae Biotin - Prof Pet Corporation\",\"isPartOf\":{\"@id\":\"https:\\\/\\\/www.profpetcorporation.com\\\/hu\\\/#website\"},\"primaryImageOfPage\":{\"@id\":\"https:\\\/\\\/www.profpetcorporation.com\\\/hu\\\/termek\\\/kis-kis-biotin\\\/#primaryimage\"},\"image\":{\"@id\":\"https:\\\/\\\/www.profpetcorporation.com\\\/hu\\\/termek\\\/kis-kis-biotin\\\/#primaryimage\"},\"thumbnailUrl\":\"https:\\\/\\\/www.profpetcorporation.com\\\/wp-content\\\/uploads\\\/2024\\\/10\\\/KiS-KiS-Biotin-60g.jpg\",\"datePublished\":\"2024-07-10T13:28:50+00:00\",\"dateModified\":\"2024-11-11T17:42:15+00:00\",\"breadcrumb\":{\"@id\":\"https:\\\/\\\/www.profpetcorporation.com\\\/hu\\\/termek\\\/kis-kis-biotin\\\/#breadcrumb\"},\"inLanguage\":\"hu\",\"potentialAction\":[{\"@type\":\"ReadAction\",\"target\":[\"https:\\\/\\\/www.profpetcorporation.com\\\/hu\\\/termek\\\/kis-kis-biotin\\\/\"]}]},{\"@type\":\"ImageObject\",\"inLanguage\":\"hu\",\"@id\":\"https:\\\/\\\/www.profpetcorporation.com\\\/hu\\\/termek\\\/kis-kis-biotin\\\/#primaryimage\",\"url\":\"https:\\\/\\\/www.profpetcorporation.com\\\/wp-content\\\/uploads\\\/2024\\\/10\\\/KiS-KiS-Biotin-60g.jpg\",\"contentUrl\":\"https:\\\/\\\/www.profpetcorporation.com\\\/wp-content\\\/uploads\\\/2024\\\/10\\\/KiS-KiS-Biotin-60g.jpg\",\"width\":1079,\"height\":1079},{\"@type\":\"BreadcrumbList\",\"@id\":\"https:\\\/\\\/www.profpetcorporation.com\\\/hu\\\/termek\\\/kis-kis-biotin\\\/#breadcrumb\",\"itemListElement\":[{\"@type\":\"ListItem\",\"position\":1,\"name\":\"Home\",\"item\":\"https:\\\/\\\/www.profpetcorporation.com\\\/hu\\\/\"},{\"@type\":\"ListItem\",\"position\":2,\"name\":\"Shop\",\"item\":\"https:\\\/\\\/www.profpetcorporation.com\\\/shop\\\/\"},{\"@type\":\"ListItem\",\"position\":3,\"name\":\"KiS-KiS\u00ae\",\"item\":\"https:\\\/\\\/www.profpetcorporation.com\\\/merken\\\/kis-kis\\\/\"},{\"@type\":\"ListItem\",\"position\":4,\"name\":\"KiS-KiS\u00ae Biotin\"}]},{\"@type\":\"WebSite\",\"@id\":\"https:\\\/\\\/www.profpetcorporation.com\\\/hu\\\/#website\",\"url\":\"https:\\\/\\\/www.profpetcorporation.com\\\/hu\\\/\",\"name\":\"Prof Pet Corporation\",\"description\":\"\",\"potentialAction\":[{\"@type\":\"SearchAction\",\"target\":{\"@type\":\"EntryPoint\",\"urlTemplate\":\"https:\\\/\\\/www.profpetcorporation.com\\\/hu\\\/?s={search_term_string}\"},\"query-input\":{\"@type\":\"PropertyValueSpecification\",\"valueRequired\":true,\"valueName\":\"search_term_string\"}}],\"inLanguage\":\"hu\"}]}<\/script>\n<!-- \/ Yoast SEO plugin. -->","yoast_head_json":{"title":"KiS-KiS\u00ae Biotin - Prof Pet Corporation","robots":{"index":"index","follow":"follow","max-snippet":"max-snippet:-1","max-image-preview":"max-image-preview:large","max-video-preview":"max-video-preview:-1"},"canonical":"https:\/\/www.profpetcorporation.com\/hu\/termek\/kis-kis-biotin\/","og_locale":"hu_HU","og_type":"article","og_title":"KiS-KiS\u00ae Biotin - Prof Pet Corporation","og_description":"\u00a0100% Natural Ingredients \u00a0\u00a0  \u00a0Stimulates fur growth  \u00a0Keeps the skin healthy  \u00a0Provides eye glow\u00a0 \u00a0\u00a0","og_url":"https:\/\/www.profpetcorporation.com\/hu\/termek\/kis-kis-biotin\/","og_site_name":"Prof Pet Corporation","article_modified_time":"2024-11-11T17:42:15+00:00","og_image":[{"width":1079,"height":1079,"url":"https:\/\/www.profpetcorporation.com\/wp-content\/uploads\/2024\/10\/KiS-KiS-Biotin-60g.jpg","type":"image\/jpeg"}],"twitter_card":"summary_large_image","twitter_misc":{"Becs\u00fclt olvas\u00e1si id\u0151":"2 perc"},"schema":{"@context":"https:\/\/schema.org","@graph":[{"@type":"WebPage","@id":"https:\/\/www.profpetcorporation.com\/hu\/termek\/kis-kis-biotin\/","url":"https:\/\/www.profpetcorporation.com\/hu\/termek\/kis-kis-biotin\/","name":"KiS-KiS\u00ae Biotin - Prof Pet Corporation","isPartOf":{"@id":"https:\/\/www.profpetcorporation.com\/hu\/#website"},"primaryImageOfPage":{"@id":"https:\/\/www.profpetcorporation.com\/hu\/termek\/kis-kis-biotin\/#primaryimage"},"image":{"@id":"https:\/\/www.profpetcorporation.com\/hu\/termek\/kis-kis-biotin\/#primaryimage"},"thumbnailUrl":"https:\/\/www.profpetcorporation.com\/wp-content\/uploads\/2024\/10\/KiS-KiS-Biotin-60g.jpg","datePublished":"2024-07-10T13:28:50+00:00","dateModified":"2024-11-11T17:42:15+00:00","breadcrumb":{"@id":"https:\/\/www.profpetcorporation.com\/hu\/termek\/kis-kis-biotin\/#breadcrumb"},"inLanguage":"hu","potentialAction":[{"@type":"ReadAction","target":["https:\/\/www.profpetcorporation.com\/hu\/termek\/kis-kis-biotin\/"]}]},{"@type":"ImageObject","inLanguage":"hu","@id":"https:\/\/www.profpetcorporation.com\/hu\/termek\/kis-kis-biotin\/#primaryimage","url":"https:\/\/www.profpetcorporation.com\/wp-content\/uploads\/2024\/10\/KiS-KiS-Biotin-60g.jpg","contentUrl":"https:\/\/www.profpetcorporation.com\/wp-content\/uploads\/2024\/10\/KiS-KiS-Biotin-60g.jpg","width":1079,"height":1079},{"@type":"BreadcrumbList","@id":"https:\/\/www.profpetcorporation.com\/hu\/termek\/kis-kis-biotin\/#breadcrumb","itemListElement":[{"@type":"ListItem","position":1,"name":"Home","item":"https:\/\/www.profpetcorporation.com\/hu\/"},{"@type":"ListItem","position":2,"name":"Shop","item":"https:\/\/www.profpetcorporation.com\/shop\/"},{"@type":"ListItem","position":3,"name":"KiS-KiS\u00ae","item":"https:\/\/www.profpetcorporation.com\/merken\/kis-kis\/"},{"@type":"ListItem","position":4,"name":"KiS-KiS\u00ae Biotin"}]},{"@type":"WebSite","@id":"https:\/\/www.profpetcorporation.com\/hu\/#website","url":"https:\/\/www.profpetcorporation.com\/hu\/","name":"Prof Pet Corporation","description":"","potentialAction":[{"@type":"SearchAction","target":{"@type":"EntryPoint","urlTemplate":"https:\/\/www.profpetcorporation.com\/hu\/?s={search_term_string}"},"query-input":{"@type":"PropertyValueSpecification","valueRequired":true,"valueName":"search_term_string"}}],"inLanguage":"hu"}]}},"_links":{"self":[{"href":"https:\/\/www.profpetcorporation.com\/hu\/wp-json\/wp\/v2\/product\/2269","targetHints":{"allow":["GET"]}}],"collection":[{"href":"https:\/\/www.profpetcorporation.com\/hu\/wp-json\/wp\/v2\/product"}],"about":[{"href":"https:\/\/www.profpetcorporation.com\/hu\/wp-json\/wp\/v2\/types\/product"}],"replies":[{"embeddable":true,"href":"https:\/\/www.profpetcorporation.com\/hu\/wp-json\/wp\/v2\/comments?post=2269"}],"wp:featuredmedia":[{"embeddable":true,"href":"https:\/\/www.profpetcorporation.com\/hu\/wp-json\/wp\/v2\/media\/3558"}],"wp:attachment":[{"href":"https:\/\/www.profpetcorporation.com\/hu\/wp-json\/wp\/v2\/media?parent=2269"}],"wp:term":[{"taxonomy":"product_brand","embeddable":true,"href":"https:\/\/www.profpetcorporation.com\/hu\/wp-json\/wp\/v2\/product_brand?post=2269"},{"taxonomy":"product_cat","embeddable":true,"href":"https:\/\/www.profpetcorporation.com\/hu\/wp-json\/wp\/v2\/product_cat?post=2269"},{"taxonomy":"product_tag","embeddable":true,"href":"https:\/\/www.profpetcorporation.com\/hu\/wp-json\/wp\/v2\/product_tag?post=2269"}],"curies":[{"name":"wp","href":"https:\/\/api.w.org\/{rel}","templated":true}]}}