{"id":2255,"date":"2024-07-10T13:24:54","date_gmt":"2024-07-10T13:24:54","guid":{"rendered":"https:\/\/profpetcorporation.previewready.nl\/?post_type=product&#038;p=2255"},"modified":"2024-11-11T17:40:38","modified_gmt":"2024-11-11T17:40:38","slug":"kis-kis-anti-parasites","status":"publish","type":"product","link":"https:\/\/www.profpetcorporation.com\/hu\/termek\/kis-kis-anti-parasites\/","title":{"rendered":"KiS-KiS\u00ae Anti-Parasites"},"content":{"rendered":"<p><span style=\"font-size: medium;\"><strong>Ingredients<\/strong>: whey powder, rice gluten, dextrose, vegetable products, vitamins and minerals, aliin powder and allicin powder, yeast.<br \/>\n<strong>Additives:<\/strong> vitamin A 3.370 IU\/kg.<br \/>\n<strong>Analytical constituents<\/strong>: protein 12.4%, fat 3.0%, ash 6.5%.<br \/>\n<strong>Daily consumption:<\/strong> min. 2-3 tablets, regularly.<br \/>\nA raised intake will not cause any negative side effects.<br \/>\nProduced and packed in Holland.<br \/>\nStore in a dark, cool and dry place.<br \/>\n<strong>Netto weight:<\/strong> 60g<br \/>\n<strong>Contents<\/strong>: \u00b1100 tablets<\/span><\/p>\n<p><span style=\"font-size: larger;\"><u>operative components:<\/u><\/span><\/p>\n<p><span style=\"font-size: medium;\"><span style=\"font-size: large;\"><strong>ALLIIN AND ALLICIN<\/strong><\/span><\/span><\/p>\n<p><span style=\"font-size: medium;\"><strong>KiS-KiS<\/strong>\u00ae<strong> Anti-Parasites <\/strong>are anti-parasitic preparations which are regarded as a 100% natural and effective remedy against lice, fleas, mites and intestinal worms.<\/span><\/p>\n<p style=\"text-align: left;\"><span style=\"font-size: medium;\"><strong><img loading=\"lazy\" decoding=\"async\" class=\" wp-image-4399 alignright\" src=\"https:\/\/www.profpetcorporation.com\/wp-content\/uploads\/2024\/11\/ANTI-PARASITES-1.jpg\" alt=\"\" width=\"302\" height=\"219\" srcset=\"https:\/\/www.profpetcorporation.com\/wp-content\/uploads\/2024\/11\/ANTI-PARASITES-1.jpg 628w, https:\/\/www.profpetcorporation.com\/wp-content\/uploads\/2024\/11\/ANTI-PARASITES-1-600x436.jpg 600w, https:\/\/www.profpetcorporation.com\/wp-content\/uploads\/2024\/11\/ANTI-PARASITES-1-300x218.jpg 300w\" sizes=\"auto, (max-width: 302px) 100vw, 302px\" \/>KiS-KiS<\/strong>\u00ae<strong> Anti-Parasites<\/strong>\u00a0contains in it\u2018s composition high concentrations of alliin and enzymes of the alliinase group. Amino acid is very important in alliin, and it is at the basis of the production of the active ingredient: allicin. The transformation from <strong>alliin <\/strong>to <strong>allicin <\/strong>is possible thanks to the alliinase enzyme, and it takes place during the fusion process of alliin and alliinase. During the crushing of garlic, a chemical reaction takes place, whereby the active ingredient allicin is formed. Allicin is used at the molecular level, and it is the most important biologically active element in garlic. <strong>Alliin <\/strong>and alliinase are found in garlic cloves. Enzymes of the alliinase group are present in the membrane of the garlic clove, and alinine in the garlic clove itself. <strong>Allicin <\/strong>blocks particular enzyme groups, making it a sort of natural weapon against infections. It also blocks the main components of some enzymes that play a part in the synthesis of cholesterol, so that it can support the cardiovascular system in a natural way.<br \/>\nThe daily use of <strong>KiS-KiS<\/strong>\u00ae<strong> Anti-Parasites<\/strong> to your animals reduces the risk of cancer and cardiovascular disorders.<br \/>\nIn addition, thanks to its high concentration of <strong>alliin <\/strong>and <strong>allicin<\/strong>, the<strong>KiS-KiS<\/strong>\u00ae<strong> Anti-Parasites<\/strong> preparations has a strong antibacterial, antiviral and antifungal effect: it cleans the blood vessels and helps in cases of atherosclerosis; it improves the blood circulation; it reduces the amount of fats (triglycerides) and cholesterol in the blood; it strengthens the organism&#8217;s immunity and, finally, it cures skin diseases, as well as fungal infections etc.<\/span><\/p>\n<p>&nbsp;<\/p>\n","protected":false},"excerpt":{"rendered":"<ul>\n<li><em><strong><span style=\"font-size: medium;\">\u00a0<\/span><span style=\"font-size: large;\">1<\/span><span style=\"font-size: large;\">00% Natural Ingredients \u00a0\u00a0<\/span><\/strong><\/em><\/li>\n<li><strong style=\"font-size: large; font-style: italic;\">\u00a0Works preventative against fleas,<\/strong>\u00a0<span style=\"font-size: large;\"><em><strong>louses, ticks, worms and mosquitos<\/strong><\/em><\/span><\/li>\n<li><span style=\"font-size: large;\"><em><strong>\u00a0Supports heart and bloodvessels<\/strong><\/em><\/span><\/li>\n<li><span style=\"font-size: large;\"><em><strong>\u00a0Reduces cholesterol level\u00a0\u00a0\u00a0<\/strong><\/em><strong><br \/>\n<\/strong><\/span><\/li>\n<\/ul>\n<p><i><img loading=\"lazy\" decoding=\"async\" class=\"alignnone size-full wp-image-3670\" src=\"https:\/\/www.profpetcorporation.com\/wp-content\/uploads\/2024\/10\/GB-PICKY-CATS-1.jpg\" alt=\"\" width=\"529\" height=\"93\" srcset=\"https:\/\/www.profpetcorporation.com\/wp-content\/uploads\/2024\/10\/GB-PICKY-CATS-1.jpg 529w, https:\/\/www.profpetcorporation.com\/wp-content\/uploads\/2024\/10\/GB-PICKY-CATS-1-300x53.jpg 300w\" sizes=\"auto, (max-width: 529px) 100vw, 529px\" \/><\/i><\/p>\n","protected":false},"featured_media":3506,"comment_status":"open","ping_status":"closed","template":"","meta":{"_acf_changed":false},"product_brand":[],"product_cat":[87,134],"product_tag":[],"class_list":{"0":"post-2255","1":"product","2":"type-product","3":"status-publish","4":"has-post-thumbnail","6":"product_cat-kis-kis","7":"product_cat-whey-pastilles-for-cats","9":"first","10":"instock","11":"shipping-taxable","12":"product-type-simple"},"acf":[],"yoast_head":"<!-- This site is optimized with the Yoast SEO plugin v27.3 - https:\/\/yoast.com\/product\/yoast-seo-wordpress\/ -->\n<title>KiS-KiS\u00ae Anti-Parasites - Prof Pet Corporation<\/title>\n<meta name=\"robots\" content=\"index, follow, max-snippet:-1, max-image-preview:large, max-video-preview:-1\" \/>\n<link rel=\"canonical\" href=\"https:\/\/www.profpetcorporation.com\/hu\/termek\/kis-kis-anti-parasites\/\" \/>\n<meta property=\"og:locale\" content=\"hu_HU\" \/>\n<meta property=\"og:type\" content=\"article\" \/>\n<meta property=\"og:title\" content=\"KiS-KiS\u00ae Anti-Parasites - Prof Pet Corporation\" \/>\n<meta property=\"og:description\" content=\"\u00a0100% Natural Ingredients \u00a0\u00a0  \u00a0Works preventative against fleas,\u00a0louses, ticks, worms and mosquitos  \u00a0Supports heart and bloodvessels  \u00a0Reduces cholesterol level\u00a0\u00a0\u00a0\" \/>\n<meta property=\"og:url\" content=\"https:\/\/www.profpetcorporation.com\/hu\/termek\/kis-kis-anti-parasites\/\" \/>\n<meta property=\"og:site_name\" content=\"Prof Pet Corporation\" \/>\n<meta property=\"article:modified_time\" content=\"2024-11-11T17:40:38+00:00\" \/>\n<meta property=\"og:image\" content=\"https:\/\/www.profpetcorporation.com\/wp-content\/uploads\/2024\/10\/KiS-KiS-Anti-Parasites-60g.jpg\" \/>\n\t<meta property=\"og:image:width\" content=\"1079\" \/>\n\t<meta property=\"og:image:height\" content=\"1079\" \/>\n\t<meta property=\"og:image:type\" content=\"image\/jpeg\" \/>\n<meta name=\"twitter:card\" content=\"summary_large_image\" \/>\n<meta name=\"twitter:label1\" content=\"Becs\u00fclt olvas\u00e1si id\u0151\" \/>\n\t<meta name=\"twitter:data1\" content=\"3 perc\" \/>\n<script type=\"application\/ld+json\" class=\"yoast-schema-graph\">{\"@context\":\"https:\\\/\\\/schema.org\",\"@graph\":[{\"@type\":\"WebPage\",\"@id\":\"https:\\\/\\\/www.profpetcorporation.com\\\/hu\\\/termek\\\/kis-kis-anti-parasites\\\/\",\"url\":\"https:\\\/\\\/www.profpetcorporation.com\\\/hu\\\/termek\\\/kis-kis-anti-parasites\\\/\",\"name\":\"KiS-KiS\u00ae Anti-Parasites - Prof Pet Corporation\",\"isPartOf\":{\"@id\":\"https:\\\/\\\/www.profpetcorporation.com\\\/hu\\\/#website\"},\"primaryImageOfPage\":{\"@id\":\"https:\\\/\\\/www.profpetcorporation.com\\\/hu\\\/termek\\\/kis-kis-anti-parasites\\\/#primaryimage\"},\"image\":{\"@id\":\"https:\\\/\\\/www.profpetcorporation.com\\\/hu\\\/termek\\\/kis-kis-anti-parasites\\\/#primaryimage\"},\"thumbnailUrl\":\"https:\\\/\\\/www.profpetcorporation.com\\\/wp-content\\\/uploads\\\/2024\\\/10\\\/KiS-KiS-Anti-Parasites-60g.jpg\",\"datePublished\":\"2024-07-10T13:24:54+00:00\",\"dateModified\":\"2024-11-11T17:40:38+00:00\",\"breadcrumb\":{\"@id\":\"https:\\\/\\\/www.profpetcorporation.com\\\/hu\\\/termek\\\/kis-kis-anti-parasites\\\/#breadcrumb\"},\"inLanguage\":\"hu\",\"potentialAction\":[{\"@type\":\"ReadAction\",\"target\":[\"https:\\\/\\\/www.profpetcorporation.com\\\/hu\\\/termek\\\/kis-kis-anti-parasites\\\/\"]}]},{\"@type\":\"ImageObject\",\"inLanguage\":\"hu\",\"@id\":\"https:\\\/\\\/www.profpetcorporation.com\\\/hu\\\/termek\\\/kis-kis-anti-parasites\\\/#primaryimage\",\"url\":\"https:\\\/\\\/www.profpetcorporation.com\\\/wp-content\\\/uploads\\\/2024\\\/10\\\/KiS-KiS-Anti-Parasites-60g.jpg\",\"contentUrl\":\"https:\\\/\\\/www.profpetcorporation.com\\\/wp-content\\\/uploads\\\/2024\\\/10\\\/KiS-KiS-Anti-Parasites-60g.jpg\",\"width\":1079,\"height\":1079},{\"@type\":\"BreadcrumbList\",\"@id\":\"https:\\\/\\\/www.profpetcorporation.com\\\/hu\\\/termek\\\/kis-kis-anti-parasites\\\/#breadcrumb\",\"itemListElement\":[{\"@type\":\"ListItem\",\"position\":1,\"name\":\"Home\",\"item\":\"https:\\\/\\\/www.profpetcorporation.com\\\/hu\\\/\"},{\"@type\":\"ListItem\",\"position\":2,\"name\":\"Shop\",\"item\":\"https:\\\/\\\/www.profpetcorporation.com\\\/shop\\\/\"},{\"@type\":\"ListItem\",\"position\":3,\"name\":\"KiS-KiS\u00ae\",\"item\":\"https:\\\/\\\/www.profpetcorporation.com\\\/pl\\\/merken\\\/kis-kis\\\/\"},{\"@type\":\"ListItem\",\"position\":4,\"name\":\"KiS-KiS\u00ae Anti-Parasites\"}]},{\"@type\":\"WebSite\",\"@id\":\"https:\\\/\\\/www.profpetcorporation.com\\\/hu\\\/#website\",\"url\":\"https:\\\/\\\/www.profpetcorporation.com\\\/hu\\\/\",\"name\":\"Prof Pet Corporation\",\"description\":\"\",\"potentialAction\":[{\"@type\":\"SearchAction\",\"target\":{\"@type\":\"EntryPoint\",\"urlTemplate\":\"https:\\\/\\\/www.profpetcorporation.com\\\/hu\\\/?s={search_term_string}\"},\"query-input\":{\"@type\":\"PropertyValueSpecification\",\"valueRequired\":true,\"valueName\":\"search_term_string\"}}],\"inLanguage\":\"hu\"}]}<\/script>\n<!-- \/ Yoast SEO plugin. -->","yoast_head_json":{"title":"KiS-KiS\u00ae Anti-Parasites - Prof Pet Corporation","robots":{"index":"index","follow":"follow","max-snippet":"max-snippet:-1","max-image-preview":"max-image-preview:large","max-video-preview":"max-video-preview:-1"},"canonical":"https:\/\/www.profpetcorporation.com\/hu\/termek\/kis-kis-anti-parasites\/","og_locale":"hu_HU","og_type":"article","og_title":"KiS-KiS\u00ae Anti-Parasites - Prof Pet Corporation","og_description":"\u00a0100% Natural Ingredients \u00a0\u00a0  \u00a0Works preventative against fleas,\u00a0louses, ticks, worms and mosquitos  \u00a0Supports heart and bloodvessels  \u00a0Reduces cholesterol level\u00a0\u00a0\u00a0","og_url":"https:\/\/www.profpetcorporation.com\/hu\/termek\/kis-kis-anti-parasites\/","og_site_name":"Prof Pet Corporation","article_modified_time":"2024-11-11T17:40:38+00:00","og_image":[{"width":1079,"height":1079,"url":"https:\/\/www.profpetcorporation.com\/wp-content\/uploads\/2024\/10\/KiS-KiS-Anti-Parasites-60g.jpg","type":"image\/jpeg"}],"twitter_card":"summary_large_image","twitter_misc":{"Becs\u00fclt olvas\u00e1si id\u0151":"3 perc"},"schema":{"@context":"https:\/\/schema.org","@graph":[{"@type":"WebPage","@id":"https:\/\/www.profpetcorporation.com\/hu\/termek\/kis-kis-anti-parasites\/","url":"https:\/\/www.profpetcorporation.com\/hu\/termek\/kis-kis-anti-parasites\/","name":"KiS-KiS\u00ae Anti-Parasites - Prof Pet Corporation","isPartOf":{"@id":"https:\/\/www.profpetcorporation.com\/hu\/#website"},"primaryImageOfPage":{"@id":"https:\/\/www.profpetcorporation.com\/hu\/termek\/kis-kis-anti-parasites\/#primaryimage"},"image":{"@id":"https:\/\/www.profpetcorporation.com\/hu\/termek\/kis-kis-anti-parasites\/#primaryimage"},"thumbnailUrl":"https:\/\/www.profpetcorporation.com\/wp-content\/uploads\/2024\/10\/KiS-KiS-Anti-Parasites-60g.jpg","datePublished":"2024-07-10T13:24:54+00:00","dateModified":"2024-11-11T17:40:38+00:00","breadcrumb":{"@id":"https:\/\/www.profpetcorporation.com\/hu\/termek\/kis-kis-anti-parasites\/#breadcrumb"},"inLanguage":"hu","potentialAction":[{"@type":"ReadAction","target":["https:\/\/www.profpetcorporation.com\/hu\/termek\/kis-kis-anti-parasites\/"]}]},{"@type":"ImageObject","inLanguage":"hu","@id":"https:\/\/www.profpetcorporation.com\/hu\/termek\/kis-kis-anti-parasites\/#primaryimage","url":"https:\/\/www.profpetcorporation.com\/wp-content\/uploads\/2024\/10\/KiS-KiS-Anti-Parasites-60g.jpg","contentUrl":"https:\/\/www.profpetcorporation.com\/wp-content\/uploads\/2024\/10\/KiS-KiS-Anti-Parasites-60g.jpg","width":1079,"height":1079},{"@type":"BreadcrumbList","@id":"https:\/\/www.profpetcorporation.com\/hu\/termek\/kis-kis-anti-parasites\/#breadcrumb","itemListElement":[{"@type":"ListItem","position":1,"name":"Home","item":"https:\/\/www.profpetcorporation.com\/hu\/"},{"@type":"ListItem","position":2,"name":"Shop","item":"https:\/\/www.profpetcorporation.com\/shop\/"},{"@type":"ListItem","position":3,"name":"KiS-KiS\u00ae","item":"https:\/\/www.profpetcorporation.com\/pl\/merken\/kis-kis\/"},{"@type":"ListItem","position":4,"name":"KiS-KiS\u00ae Anti-Parasites"}]},{"@type":"WebSite","@id":"https:\/\/www.profpetcorporation.com\/hu\/#website","url":"https:\/\/www.profpetcorporation.com\/hu\/","name":"Prof Pet Corporation","description":"","potentialAction":[{"@type":"SearchAction","target":{"@type":"EntryPoint","urlTemplate":"https:\/\/www.profpetcorporation.com\/hu\/?s={search_term_string}"},"query-input":{"@type":"PropertyValueSpecification","valueRequired":true,"valueName":"search_term_string"}}],"inLanguage":"hu"}]}},"_links":{"self":[{"href":"https:\/\/www.profpetcorporation.com\/hu\/wp-json\/wp\/v2\/product\/2255","targetHints":{"allow":["GET"]}}],"collection":[{"href":"https:\/\/www.profpetcorporation.com\/hu\/wp-json\/wp\/v2\/product"}],"about":[{"href":"https:\/\/www.profpetcorporation.com\/hu\/wp-json\/wp\/v2\/types\/product"}],"replies":[{"embeddable":true,"href":"https:\/\/www.profpetcorporation.com\/hu\/wp-json\/wp\/v2\/comments?post=2255"}],"wp:featuredmedia":[{"embeddable":true,"href":"https:\/\/www.profpetcorporation.com\/hu\/wp-json\/wp\/v2\/media\/3506"}],"wp:attachment":[{"href":"https:\/\/www.profpetcorporation.com\/hu\/wp-json\/wp\/v2\/media?parent=2255"}],"wp:term":[{"taxonomy":"product_brand","embeddable":true,"href":"https:\/\/www.profpetcorporation.com\/hu\/wp-json\/wp\/v2\/product_brand?post=2255"},{"taxonomy":"product_cat","embeddable":true,"href":"https:\/\/www.profpetcorporation.com\/hu\/wp-json\/wp\/v2\/product_cat?post=2255"},{"taxonomy":"product_tag","embeddable":true,"href":"https:\/\/www.profpetcorporation.com\/hu\/wp-json\/wp\/v2\/product_tag?post=2255"}],"curies":[{"name":"wp","href":"https:\/\/api.w.org\/{rel}","templated":true}]}}