{"id":2010,"date":"2024-07-10T09:58:58","date_gmt":"2024-07-10T09:58:58","guid":{"rendered":"https:\/\/profpetcorporation.previewready.nl\/?post_type=product&#038;p=2010"},"modified":"2025-04-07T18:25:23","modified_gmt":"2025-04-07T18:25:23","slug":"kis-kis-extra-rich","status":"publish","type":"product","link":"https:\/\/www.profpetcorporation.com\/hu\/termek\/kis-kis-extra-rich\/","title":{"rendered":"KiS-KiS\u00ae Extra Rich"},"content":{"rendered":"<p style=\"text-align: justify;\"><span style=\"font-size: medium;\"><strong>KiS-KiS<\/strong>\u00ae<strong> Extra Rich super premium dry food for adult indoor and outdoor cats of all breeds, ideal nutrition for cat breeders and\/or catteries* <\/strong><br \/>\n<strong>KiS-KiS<\/strong>\u00ae<strong> Extra Rich<\/strong>\u00a0has been specially developed with assistence of internationally recognised Dutch experts of veterinary nutrition. <strong>EXTRA RICH <\/strong>is extremely tasty and easily digestible, supports by it\u2018s excellent quality protein, combined with a relatively high density of nutrients, optimal nutrition for adult cats. The large number of vitamins and trace elements strengthens the immune system and promotes the vitality of adult cats.<br \/>\n<strong>KiS-KiS<\/strong>\u00ae<strong> Extra Rich<\/strong>\u00a0simplifies the uptake of food by the ergonomics of the bits in size, shape and structure which are adopted to the jaws of the persian cat. Stimulates the intestine and helps to prevent formation of hairballs through a combination of insoluble fiber (psyllium) that helps to promote the removal of the daily swallowed hair. Contributes to a soft and glossy coat through an exclusive complex of nutrients, which stimulate pigment formation.<br \/>\n<strong>KiS-KiS<\/strong>\u00ae<strong> Extra Rich<\/strong>\u00a0is the ideal nutrition for pregnant and nursing cats of all breeds. Due to the extremely high concentration of energy in\u00a0<strong>KiS-KiS<\/strong>\u00ae<strong> Extra Rich <\/strong>are compared relatively small portions of the power supply sufficient.<\/span><\/p>\n<ul>\n<li style=\"text-align: justify;\"><span style=\"font-size: medium;\"><strong>Urinary pH control (urinary pH around 6.5 low level magnesia (Mg) and phosphorus (P)): <\/strong>Contributes to less struvite formation.<br \/>\n<\/span><\/li>\n<li style=\"text-align: justify;\"><span style=\"font-size: medium;\"> <strong>Hairball control:<\/strong> Fibers of low viscosity stimulate gut motility and controls hairball formation.<br \/>\n<\/span><\/li>\n<li><strong>Anthelmintic (Antiparasitic) Property: <\/strong>Helminths are a broad range of organisms that include intestinal parasitic worms. Infestation with helminths can cause morbidity, and sometimes death, it can damage the nutritional status, affect the cognitive processes, induce tissue reactions, such as granuloma, and provoke intestinal obstruction. Deworming of a dog is not only important for the healthcare of the pet, but also for the healthcare of the owner, for it is known that some types of worms can infect humans as well. Especially important is the treatment of worms in puppies. The plant mixture we add to our <strong>KiS-KiS<\/strong>\u00ae<strong> Extra Rich<\/strong> food, has an inhibitory effect on parasites due to the contained amino acids (one of which is cucurbitin), alkaloids, tannins and essential oils, that are known in folk medicine as an effective means to help remove tapeworms and other parasites from the gastrointestinal tract.<\/li>\n<li style=\"text-align: justify;\"><span style=\"font-size: medium;\"> <strong>Ideal weight maintenance (L-carnitine + Biotine): <\/strong>Thanks to the combination of L-carnitine and biotine <strong>KiS-KiS<\/strong>\u00ae<strong> Extra Rich<\/strong> provides outstanding assistance in maintaining an ideal weight. L-carnitine is required for mitochondrial energy metabolism and the breakdown of fats in the body. Biotine plays an important role in carbohydrate metabolism, interacting with the pancreatic hormone, insulin. It stabilises the level of sugar in the blood and is involved in the break-down of fatty acids and in burning fat.<strong><br \/>\n<\/strong><\/span><\/li>\n<li style=\"text-align: justify;\"><span style=\"font-size: medium;\"><strong> Beauty Formula: <\/strong>To make skin, hair and coat look outstanding\u00a0 sulplhur is essential. Since biotine contains sulphur, one could call it a \u2018beauty vitamin\u2019. Biotine has recommended itself as an ideal transporter which always delivers its sulphur load exactly to order. Since biotine optimises the use of fatty acids in the body and makes the skin less oily, it improves the overall structure and outward appearance of hair\/coat.<br \/>\n<\/span><\/li>\n<li style=\"text-align: justify;\"><span style=\"font-size: medium;\"> <strong>EPA+DHA (omega-3 polyunsaturated fatty acids): <\/strong>Provide the immune function and skin maintenance. Reduce inflammatory reactions that may occur during the development of atopic diseases and osteoarthritis. Omega-6 and -3 fatty acids are present in the ideal 5:1 ratio.<br \/>\n<\/span><\/li>\n<li style=\"text-align: justify;\"><span style=\"font-size: medium;\"> <strong>Digestive Health, enriched with prebiotics (MOS+FOS): <\/strong>Supports the growth of beneficial bacteria in the intestine. Encourages peristaltic motion, exerting a positive influence on bowel activity and evacuation. Protects the intestine against pathogenic bacteria.<br \/>\n<\/span><\/li>\n<li style=\"text-align: justify;\"><span style=\"font-size: medium;\"><strong>Highly Digestible Proteins: <\/strong>Ensures optimal digestion and efficient nutrient conversion, prevent of adverse reactions to food.<br \/>\n<\/span><\/li>\n<li style=\"text-align: justify;\"><span style=\"font-size: medium;\"> <strong>Natural Anti-oxidant Mixture:<\/strong> Reduces the formation of free radicals, which play a role in the development and progression of cancer and kidney failure. Reverses the age-related decline of tissue structures.<br \/>\n<\/span><\/li>\n<li style=\"text-align: justify;\"><span style=\"font-size: medium;\"> <strong>Odour Control: <\/strong>Yucca schidigera extract, which contains so-called natural saponins, reduces salt peter formation (ammonia, urea, nitrites and nitrates), and decreases the extraction of harmful gases and unpleasant odour of feces and urine. Furthermore, improves due to Yucca schidigera extract the nutritient uptake by which the intestinal flora is positively influenced. An effective combination of special vitamins supports the visual faculty and helps to prevent reducement of visual faculty by aging.<br \/>\n<\/span><\/li>\n<li style=\"text-align: justify;\"><span style=\"font-size: medium;\"> <strong>Moisture level 6%: <\/strong>Prevents the growth of malignant bacteria and thus protects the feed from rotting, guaranteeing the ingredients have maximum resistance to decomposition.<\/span><\/li>\n<\/ul>\n<p style=\"text-align: justify;\"><span style=\"font-size: medium;\"><strong>KiS-KiS<\/strong>\u00ae<strong> Extra Rich<\/strong> is characterized by good digestibility. This creates an optimal opportunity to up take the feeding. Your adult cat needs therefore only small amounts of food, what also reduces the amount of feces.<\/span><\/p>\n<p><span style=\"font-size: medium;\">\u00a0<\/span><\/p>\n<p><span style=\"font-size: medium;\"><strong>Benefits of this food <\/strong><br \/>\n&#8211; Supports maintenance of the body in the adult phase<br \/>\n&#8211; Natural prevension against parasites<br \/>\n&#8211; Reduces the risk on major diseases<br \/>\n&#8211; High nutritional value and digestibility<br \/>\n&#8211; Balanced ingredients, vitamins and minerals<br \/>\n&#8211; Vital skin and coat<br \/>\n&#8211; Healthy teeth, bones and muscles<br \/>\n&#8211; No odour problems<\/span><\/p>\n<p style=\"text-align: justify;\"><span style=\"font-size: medium;\">\u00a0<\/span><\/p>\n<p style=\"text-align: justify;\"><span style=\"font-size: medium;\"><strong>Composition<\/strong><br \/>\nextracted animal protein, animal fat, dehydrated poultry meat, broken rice, corngluten, pearled barley, corn, wheat, potato protein, dehydrated beet pulp, purified vegetable fiber (cellulose), fish oil (salmon), hydrolysed chicken liver, dehydrated brewers yeast extract (source of mannan oligosaccharides (MOS)), minerals (potassium chloride), inulin (chicory) (source of fructo-oligosaccharides (FOS)). <\/span><\/p>\n<p>With oxidation reducing substance tocopherol-rich extract of natural origin (Vitamin E) and preservatives ammonium propionate, phosphoric acid and citric acid. KiS-KiS\u00ae products meet the requirements as stated by AAFCO, NRC and\/of FEDIAF. Produced and packed in Holland, production takes place under certification of: NEN ISO 9001 &#8211; 2008 \/ GMP +.<\/p>\n<p>&nbsp;<\/p>\n<table border=\"0\" width=\"530\" cellspacing=\"1\" cellpadding=\"1\">\n<tbody>\n<tr>\n<td valign=\"top\"><span style=\"font-size: medium;\"><strong>Analytical constituents<\/strong><\/span><\/td>\n<td valign=\"top\"><\/td>\n<td valign=\"top\"><span style=\"font-size: medium;\"><strong>Nutritional additives<\/strong><\/span><\/td>\n<td valign=\"top\"><\/td>\n<\/tr>\n<tr>\n<td valign=\"top\"><span style=\"font-size: medium;\">Moisture<br \/>\nCrude protein<br \/>\nCrude fat<br \/>\nCrude ash<br \/>\nCrude fibre<br \/>\nCalcium (Ca)<br \/>\nPhosphorus (P)<br \/>\nSodium (Na)<br \/>\nMagnesium (Mg)<br \/>\nPotassium (K)<br \/>\nLysine<br \/>\nMethionine<br \/>\nCystine<br \/>\nTreonine<br \/>\nTryptophan<br \/>\nLinoleic acid (\u03c96)<br \/>\nLinolenic acid (\u03c93)<br \/>\nArachidonic acid (\u03c96)<br \/>\nEPA (\u03c93)<br \/>\neicosapentaenoic acid<br \/>\nDHA (\u03c93)<br \/>\ndocosahexaenoic acid<br \/>\nCarbohydrates<\/span><\/td>\n<td valign=\"top\"><span style=\"font-size: medium;\">6.00 %<br \/>\n34.0 %<br \/>\n20.0 %<br \/>\n5.20 %<br \/>\n4.00 %<br \/>\n0.72 %<br \/>\n0.71 %<br \/>\n3.50 g\/kg<br \/>\n0.80 g\/kg<br \/>\n6.00 g\/kg<br \/>\n15.0 g\/kg<br \/>\n6.00 g\/kg<br \/>\n3.80 g\/kg<br \/>\n11.2 g\/kg<br \/>\n2.50 g\/kg<br \/>\n27.0 g\/kg<br \/>\n2.60 g\/kg<br \/>\n0.30 g\/kg<br \/>\n1.50 g\/kg<br \/>\n<\/span><br \/>\n1.50 g\/kg<br \/>\n<span style=\"color: #f2f3f0;\">Y<\/span><br \/>\n28.8 %<\/td>\n<td valign=\"top\"><span style=\"font-size: medium;\">Vitamin A<br \/>\nVitamin D3<br \/>\nVitamin E<br \/>\nVitamin K3<br \/>\nVitamin B1<br \/>\nVitamin B2<br \/>\nNiacin<br \/>\nPantothenic acid<br \/>\nVitamin B6<br \/>\nVitamin B12<br \/>\nBiotin<br \/>\nCholine chloride<br \/>\nFolic acid<br \/>\nVitamin C<br \/>\nL-Carnitine<br \/>\n\u00df-Carotene<br \/>\nTaurine<br \/>\n<\/span><\/td>\n<td valign=\"top\"><span style=\"font-size: medium;\">16.500 IU\/kg<br \/>\n1.650 IU\/kg<br \/>\n410 mg\/kg<br \/>\n0.80 mg\/kg<br \/>\n10.0 mg\/kg<br \/>\n8.50 mg\/kg<br \/>\n53.0 mg\/kg<br \/>\n23.0 mg\/kg<br \/>\n6.00 mg\/kg<br \/>\n45.0 \u03bcg\/kg<br \/>\n225 \u03bcg\/kg<br \/>\n750 mg\/kg<br \/>\n4.50 mg\/kg<br \/>\n100.0 mg\/kg<br \/>\n100 mg\/kg<br \/>\n100 mg\/kg<br \/>\n750 mg\/kg<\/span><\/td>\n<\/tr>\n<\/tbody>\n<\/table>\n<p><span style=\"font-size: medium;\"><strong>Energy value 4235 Kcal\/kg [17.7 MJ\/kg] <\/strong><br \/>\n<strong>pH urinary = ca 6,5<\/strong><\/span><\/p>\n<p><span style=\"font-size: medium;\"><strong>Vitamins:<\/strong><br \/>\nVitamin A (retinyl acetate)<br \/>\nVitamin D3 cholecalciferol)<br \/>\nVitamin E (all-rac-alpha-tocopherol acetate)<br \/>\nVitamin K3 (menadione nicotinamide bisulfite)<\/span><\/p>\n<p><span style=\"font-size: medium;\"><strong>Trace elements:<\/strong><br \/>\n(Zn) Zinc (zinc sulphate monohydrate) 150 mg\/kg<br \/>\n(Fe) Iron (iron-(II)-sulphate monohydrate) 100 mg\/kg<br \/>\n(Mn) Manganese (manganese-(II)-oxide) 40 mg\/kg<br \/>\n(Cu) Copper (cupric-(II)-sulphate pentahydrate) 5 mg\/kg<br \/>\n(I) Iodine (potassium iodide) 1.0 mg\/kg<br \/>\n(Se) Selenium (sodium selenite) 0.20 mg\/kg<\/span><\/p>\n<p><span style=\"font-size: medium;\"><strong>Technological additives: <\/strong><br \/>\nAmmonium Chloride 8 g\/kg<br \/>\n<strong><br \/>\nSensory additives: <\/strong><br \/>\nYucca Extract 125 mg\/kg<br \/>\nMarigold Extract (Tagetes erecta) (source of lutein) 100 mg\/kg<br \/>\n<\/span><\/p>\n<p>&nbsp;<\/p>\n<p><span style=\"font-size: medium;\"><strong>Feeding tabel<\/strong><\/span><\/p>\n<table border=\"1\" width=\"453\" cellspacing=\"1\" cellpadding=\"1\">\n<tbody>\n<tr>\n<td style=\"text-align: center;\"><span style=\"font-size: medium;\">\u00a0Body weight <strong><br \/>\n<\/strong><\/span><\/td>\n<td style=\"text-align: center;\"><span style=\"font-size: medium;\">Daily portion\u00a0\u00a0<\/span><\/td>\n<td rowspan=\"6\"><\/td>\n<\/tr>\n<tr>\n<td style=\"text-align: center;\"><span style=\"font-size: medium;\">2 kg<\/span><\/td>\n<td style=\"text-align: center;\"><span style=\"font-size: medium;\">30 &#8211; 40 g<\/span><\/td>\n<\/tr>\n<tr>\n<td style=\"text-align: center;\"><span style=\"font-size: medium;\">3 kg<\/span><\/td>\n<td style=\"text-align: center;\"><span style=\"font-size: medium;\">40 &#8211; 55 g<\/span><\/td>\n<\/tr>\n<tr>\n<td style=\"text-align: center;\"><span style=\"font-size: medium;\">4 kg<\/span><\/td>\n<td style=\"text-align: center;\"><span style=\"font-size: medium;\">50 &#8211; 70 g<\/span><\/td>\n<\/tr>\n<tr>\n<td style=\"text-align: center;\"><span style=\"font-size: medium;\">5 kg<\/span><\/td>\n<td style=\"text-align: center;\"><span style=\"font-size: medium;\">60 &#8211; 85 g<\/span><\/td>\n<\/tr>\n<tr>\n<td style=\"text-align: center;\"><span style=\"font-size: medium;\">&gt;6 kg<\/span><\/td>\n<td style=\"text-align: center;\"><span style=\"font-size: medium;\">10 &#8211; 15 g\/kg<\/span><\/td>\n<\/tr>\n<\/tbody>\n<\/table>\n<p><span style=\"font-size: medium;\">Because each cat has different requirements, the recommended<br \/>\ndaily quantities (see packaging) should be used as a guide.<br \/>\nMake sure that you always provide plenty of fresh drinking water<br \/>\nfor your cat. Regularly clean food and water bowls.<\/span><\/p>\n<p><span style=\"font-size: medium;\">\u00a0<\/span><\/p>\n<p><span style=\"font-size: medium;\"><strong>Package<\/strong><\/span><\/p>\n<p><span style=\"font-size: medium;\">EAN 8717496486714 \u00a0 500 g<br \/>\nEAN 8717496487544 \u00a0 1.5 kg<br \/>\nEAN 8717496487568 \u00a0 7.5 kg<\/span><\/p>\n<p>&nbsp;<\/p>\n<p><span style=\"font-size: medium;\"><strong>Storage advice<br \/>\n<\/strong><\/span><\/p>\n<p style=\"text-align: justify;\"><span style=\"text-align: justify;\"><span style=\"font-size: medium;\">While dry food will not spoil as rapidly as other types of food, it does not last indefinitely. Always make sure that you use such foods before the expiration date. Keep the food dry and store it inside the bag it came in; we design the bags to resist moisture and airflow. The best way to store a large bag of dog or cat food is to place the original bag inside a clean plastic pail or container with a secure lid. Do not store dry food in humid rooms, as damp conditions will accelerate spoiling. Always roll the top of the bag down tightly and cinch it closed with a clip. The Center for Disease Control and Prevention recommends that pet owners keep dry foods and treats in locations that do not exceed 23\u00b0<span style=\"color: #ffffff;\">.<\/span>C (degrees Celsius) or 74\u00b0<span style=\"color: #ffffff;\">.<\/span>F (degrees Fahrenheit). <\/span><\/span><\/p>\n<p style=\"text-align: justify;\"><span style=\"text-align: justify;\"><span style=\"font-size: medium;\">\u00a0<\/span><\/span><\/p>\n","protected":false},"excerpt":{"rendered":"<p><span style=\"font-size: large;\"><em><strong>super premium quality<\/strong><\/em><\/span><\/p>\n<ul>\n<li><span style=\"font-size: larger;\"><em>for young active cats;<\/em><\/span><\/li>\n<li><span style=\"font-size: larger;\"><em>for pregnant and nursing cats;<\/em><\/span><\/li>\n<li><span style=\"font-size: larger;\"><em>for cats of breeders\/catteries;<\/em><\/span><\/li>\n<li><span style=\"font-size: larger;\"><em>for sterilized and castrated cats<\/em><\/span><span style=\"font-size: larger;\">;<br \/>\n<\/span><\/li>\n<\/ul>\n<p><span style=\"font-size: large;\"><strong>Ideal Urinary pH \u00b1 6,5<br \/>\nHairball Control<br \/>\nIdeal Weight Maintenance<br \/>\nBeauty Formula<br \/>\nOMEGA 6:3 \/ EPA+DHA<br \/>\nDigestive Health (FOS+MOS)<br \/>\nHighly Digestible Proteins<br \/>\nNatural Antioxidant Mixture<br \/>\nOdour Control<br \/>\nMoisture Level 6%<\/strong><\/span><\/p>\n<p><img loading=\"lazy\" decoding=\"async\" class=\"alignnone size-full wp-image-3670\" src=\"https:\/\/www.profpetcorporation.com\/wp-content\/uploads\/2024\/10\/GB-PICKY-CATS-1.jpg\" alt=\"\" width=\"529\" height=\"93\" srcset=\"https:\/\/www.profpetcorporation.com\/wp-content\/uploads\/2024\/10\/GB-PICKY-CATS-1.jpg 529w, https:\/\/www.profpetcorporation.com\/wp-content\/uploads\/2024\/10\/GB-PICKY-CATS-1-300x53.jpg 300w\" sizes=\"auto, (max-width: 529px) 100vw, 529px\" \/><\/p>\n","protected":false},"featured_media":1984,"comment_status":"open","ping_status":"closed","template":"","meta":{"_acf_changed":false},"product_brand":[],"product_cat":[133,87,245],"product_tag":[],"class_list":{"0":"post-2010","1":"product","2":"type-product","3":"status-publish","4":"has-post-thumbnail","6":"product_cat-dry-cat-food","7":"product_cat-kis-kis","8":"product_cat-kitten-pregnant-nursing-cat-indoor","10":"first","11":"instock","12":"shipping-taxable","13":"product-type-simple"},"acf":[],"yoast_head":"<!-- This site is optimized with the Yoast SEO plugin v27.3 - https:\/\/yoast.com\/product\/yoast-seo-wordpress\/ -->\n<title>KiS-KiS\u00ae Extra Rich - Prof Pet Corporation<\/title>\n<meta name=\"robots\" content=\"index, follow, max-snippet:-1, max-image-preview:large, max-video-preview:-1\" \/>\n<link rel=\"canonical\" href=\"https:\/\/www.profpetcorporation.com\/hu\/termek\/kis-kis-extra-rich\/\" \/>\n<meta property=\"og:locale\" content=\"hu_HU\" \/>\n<meta property=\"og:type\" content=\"article\" \/>\n<meta property=\"og:title\" content=\"KiS-KiS\u00ae Extra Rich - Prof Pet Corporation\" \/>\n<meta property=\"og:description\" content=\"super premium quality   for young active cats;  for pregnant and nursing cats;  for cats of breeders\/catteries;  for sterilized and castrated cats;   Ideal Urinary pH \u00b1 6,5 Hairball Control Ideal Weight Maintenance Beauty Formula OMEGA 6:3 \/ EPA+DHA Digestive Health (FOS+MOS) Highly Digestible Proteins Natural Antioxidant Mixture Odour Control Moisture Level 6%\" \/>\n<meta property=\"og:url\" content=\"https:\/\/www.profpetcorporation.com\/hu\/termek\/kis-kis-extra-rich\/\" \/>\n<meta property=\"og:site_name\" content=\"Prof Pet Corporation\" \/>\n<meta property=\"article:modified_time\" content=\"2025-04-07T18:25:23+00:00\" \/>\n<meta property=\"og:image\" content=\"https:\/\/www.profpetcorporation.com\/wp-content\/uploads\/2024\/07\/KiS-KiS-500GR-Extra-Rich-scaled.jpg\" \/>\n\t<meta property=\"og:image:width\" content=\"2560\" \/>\n\t<meta property=\"og:image:height\" content=\"2560\" \/>\n\t<meta property=\"og:image:type\" content=\"image\/jpeg\" \/>\n<meta name=\"twitter:card\" content=\"summary_large_image\" \/>\n<meta name=\"twitter:label1\" content=\"Becs\u00fclt olvas\u00e1si id\u0151\" \/>\n\t<meta name=\"twitter:data1\" content=\"8 perc\" \/>\n<script type=\"application\/ld+json\" class=\"yoast-schema-graph\">{\"@context\":\"https:\\\/\\\/schema.org\",\"@graph\":[{\"@type\":\"WebPage\",\"@id\":\"https:\\\/\\\/www.profpetcorporation.com\\\/hu\\\/termek\\\/kis-kis-extra-rich\\\/\",\"url\":\"https:\\\/\\\/www.profpetcorporation.com\\\/hu\\\/termek\\\/kis-kis-extra-rich\\\/\",\"name\":\"KiS-KiS\u00ae Extra Rich - Prof Pet Corporation\",\"isPartOf\":{\"@id\":\"https:\\\/\\\/www.profpetcorporation.com\\\/hu\\\/#website\"},\"primaryImageOfPage\":{\"@id\":\"https:\\\/\\\/www.profpetcorporation.com\\\/hu\\\/termek\\\/kis-kis-extra-rich\\\/#primaryimage\"},\"image\":{\"@id\":\"https:\\\/\\\/www.profpetcorporation.com\\\/hu\\\/termek\\\/kis-kis-extra-rich\\\/#primaryimage\"},\"thumbnailUrl\":\"https:\\\/\\\/www.profpetcorporation.com\\\/wp-content\\\/uploads\\\/2024\\\/07\\\/KiS-KiS-500GR-Extra-Rich-scaled.jpg\",\"datePublished\":\"2024-07-10T09:58:58+00:00\",\"dateModified\":\"2025-04-07T18:25:23+00:00\",\"breadcrumb\":{\"@id\":\"https:\\\/\\\/www.profpetcorporation.com\\\/hu\\\/termek\\\/kis-kis-extra-rich\\\/#breadcrumb\"},\"inLanguage\":\"hu\",\"potentialAction\":[{\"@type\":\"ReadAction\",\"target\":[\"https:\\\/\\\/www.profpetcorporation.com\\\/hu\\\/termek\\\/kis-kis-extra-rich\\\/\"]}]},{\"@type\":\"ImageObject\",\"inLanguage\":\"hu\",\"@id\":\"https:\\\/\\\/www.profpetcorporation.com\\\/hu\\\/termek\\\/kis-kis-extra-rich\\\/#primaryimage\",\"url\":\"https:\\\/\\\/www.profpetcorporation.com\\\/wp-content\\\/uploads\\\/2024\\\/07\\\/KiS-KiS-500GR-Extra-Rich-scaled.jpg\",\"contentUrl\":\"https:\\\/\\\/www.profpetcorporation.com\\\/wp-content\\\/uploads\\\/2024\\\/07\\\/KiS-KiS-500GR-Extra-Rich-scaled.jpg\",\"width\":2560,\"height\":2560},{\"@type\":\"BreadcrumbList\",\"@id\":\"https:\\\/\\\/www.profpetcorporation.com\\\/hu\\\/termek\\\/kis-kis-extra-rich\\\/#breadcrumb\",\"itemListElement\":[{\"@type\":\"ListItem\",\"position\":1,\"name\":\"Home\",\"item\":\"https:\\\/\\\/www.profpetcorporation.com\\\/hu\\\/\"},{\"@type\":\"ListItem\",\"position\":2,\"name\":\"Shop\",\"item\":\"https:\\\/\\\/www.profpetcorporation.com\\\/shop\\\/\"},{\"@type\":\"ListItem\",\"position\":3,\"name\":\"KiS-KiS\u00ae\",\"item\":\"https:\\\/\\\/www.profpetcorporation.com\\\/merken\\\/kis-kis\\\/\"},{\"@type\":\"ListItem\",\"position\":4,\"name\":\"KiS-KiS\u00ae Extra Rich\"}]},{\"@type\":\"WebSite\",\"@id\":\"https:\\\/\\\/www.profpetcorporation.com\\\/hu\\\/#website\",\"url\":\"https:\\\/\\\/www.profpetcorporation.com\\\/hu\\\/\",\"name\":\"Prof Pet Corporation\",\"description\":\"\",\"potentialAction\":[{\"@type\":\"SearchAction\",\"target\":{\"@type\":\"EntryPoint\",\"urlTemplate\":\"https:\\\/\\\/www.profpetcorporation.com\\\/hu\\\/?s={search_term_string}\"},\"query-input\":{\"@type\":\"PropertyValueSpecification\",\"valueRequired\":true,\"valueName\":\"search_term_string\"}}],\"inLanguage\":\"hu\"}]}<\/script>\n<!-- \/ Yoast SEO plugin. -->","yoast_head_json":{"title":"KiS-KiS\u00ae Extra Rich - Prof Pet Corporation","robots":{"index":"index","follow":"follow","max-snippet":"max-snippet:-1","max-image-preview":"max-image-preview:large","max-video-preview":"max-video-preview:-1"},"canonical":"https:\/\/www.profpetcorporation.com\/hu\/termek\/kis-kis-extra-rich\/","og_locale":"hu_HU","og_type":"article","og_title":"KiS-KiS\u00ae Extra Rich - Prof Pet Corporation","og_description":"super premium quality   for young active cats;  for pregnant and nursing cats;  for cats of breeders\/catteries;  for sterilized and castrated cats;   Ideal Urinary pH \u00b1 6,5 Hairball Control Ideal Weight Maintenance Beauty Formula OMEGA 6:3 \/ EPA+DHA Digestive Health (FOS+MOS) Highly Digestible Proteins Natural Antioxidant Mixture Odour Control Moisture Level 6%","og_url":"https:\/\/www.profpetcorporation.com\/hu\/termek\/kis-kis-extra-rich\/","og_site_name":"Prof Pet Corporation","article_modified_time":"2025-04-07T18:25:23+00:00","og_image":[{"width":2560,"height":2560,"url":"https:\/\/www.profpetcorporation.com\/wp-content\/uploads\/2024\/07\/KiS-KiS-500GR-Extra-Rich-scaled.jpg","type":"image\/jpeg"}],"twitter_card":"summary_large_image","twitter_misc":{"Becs\u00fclt olvas\u00e1si id\u0151":"8 perc"},"schema":{"@context":"https:\/\/schema.org","@graph":[{"@type":"WebPage","@id":"https:\/\/www.profpetcorporation.com\/hu\/termek\/kis-kis-extra-rich\/","url":"https:\/\/www.profpetcorporation.com\/hu\/termek\/kis-kis-extra-rich\/","name":"KiS-KiS\u00ae Extra Rich - Prof Pet Corporation","isPartOf":{"@id":"https:\/\/www.profpetcorporation.com\/hu\/#website"},"primaryImageOfPage":{"@id":"https:\/\/www.profpetcorporation.com\/hu\/termek\/kis-kis-extra-rich\/#primaryimage"},"image":{"@id":"https:\/\/www.profpetcorporation.com\/hu\/termek\/kis-kis-extra-rich\/#primaryimage"},"thumbnailUrl":"https:\/\/www.profpetcorporation.com\/wp-content\/uploads\/2024\/07\/KiS-KiS-500GR-Extra-Rich-scaled.jpg","datePublished":"2024-07-10T09:58:58+00:00","dateModified":"2025-04-07T18:25:23+00:00","breadcrumb":{"@id":"https:\/\/www.profpetcorporation.com\/hu\/termek\/kis-kis-extra-rich\/#breadcrumb"},"inLanguage":"hu","potentialAction":[{"@type":"ReadAction","target":["https:\/\/www.profpetcorporation.com\/hu\/termek\/kis-kis-extra-rich\/"]}]},{"@type":"ImageObject","inLanguage":"hu","@id":"https:\/\/www.profpetcorporation.com\/hu\/termek\/kis-kis-extra-rich\/#primaryimage","url":"https:\/\/www.profpetcorporation.com\/wp-content\/uploads\/2024\/07\/KiS-KiS-500GR-Extra-Rich-scaled.jpg","contentUrl":"https:\/\/www.profpetcorporation.com\/wp-content\/uploads\/2024\/07\/KiS-KiS-500GR-Extra-Rich-scaled.jpg","width":2560,"height":2560},{"@type":"BreadcrumbList","@id":"https:\/\/www.profpetcorporation.com\/hu\/termek\/kis-kis-extra-rich\/#breadcrumb","itemListElement":[{"@type":"ListItem","position":1,"name":"Home","item":"https:\/\/www.profpetcorporation.com\/hu\/"},{"@type":"ListItem","position":2,"name":"Shop","item":"https:\/\/www.profpetcorporation.com\/shop\/"},{"@type":"ListItem","position":3,"name":"KiS-KiS\u00ae","item":"https:\/\/www.profpetcorporation.com\/merken\/kis-kis\/"},{"@type":"ListItem","position":4,"name":"KiS-KiS\u00ae Extra Rich"}]},{"@type":"WebSite","@id":"https:\/\/www.profpetcorporation.com\/hu\/#website","url":"https:\/\/www.profpetcorporation.com\/hu\/","name":"Prof Pet Corporation","description":"","potentialAction":[{"@type":"SearchAction","target":{"@type":"EntryPoint","urlTemplate":"https:\/\/www.profpetcorporation.com\/hu\/?s={search_term_string}"},"query-input":{"@type":"PropertyValueSpecification","valueRequired":true,"valueName":"search_term_string"}}],"inLanguage":"hu"}]}},"_links":{"self":[{"href":"https:\/\/www.profpetcorporation.com\/hu\/wp-json\/wp\/v2\/product\/2010","targetHints":{"allow":["GET"]}}],"collection":[{"href":"https:\/\/www.profpetcorporation.com\/hu\/wp-json\/wp\/v2\/product"}],"about":[{"href":"https:\/\/www.profpetcorporation.com\/hu\/wp-json\/wp\/v2\/types\/product"}],"replies":[{"embeddable":true,"href":"https:\/\/www.profpetcorporation.com\/hu\/wp-json\/wp\/v2\/comments?post=2010"}],"wp:featuredmedia":[{"embeddable":true,"href":"https:\/\/www.profpetcorporation.com\/hu\/wp-json\/wp\/v2\/media\/1984"}],"wp:attachment":[{"href":"https:\/\/www.profpetcorporation.com\/hu\/wp-json\/wp\/v2\/media?parent=2010"}],"wp:term":[{"taxonomy":"product_brand","embeddable":true,"href":"https:\/\/www.profpetcorporation.com\/hu\/wp-json\/wp\/v2\/product_brand?post=2010"},{"taxonomy":"product_cat","embeddable":true,"href":"https:\/\/www.profpetcorporation.com\/hu\/wp-json\/wp\/v2\/product_cat?post=2010"},{"taxonomy":"product_tag","embeddable":true,"href":"https:\/\/www.profpetcorporation.com\/hu\/wp-json\/wp\/v2\/product_tag?post=2010"}],"curies":[{"name":"wp","href":"https:\/\/api.w.org\/{rel}","templated":true}]}}