{"id":2703,"date":"2024-07-12T15:47:02","date_gmt":"2024-07-12T15:47:02","guid":{"rendered":"https:\/\/profpetcorporation.previewready.nl\/?post_type=product&#038;p=2703"},"modified":"2024-11-09T13:56:09","modified_gmt":"2024-11-09T13:56:09","slug":"pro-vet-renal-oxalate-2","status":"publish","type":"product","link":"https:\/\/www.profpetcorporation.com\/cs\/produkt\/pro-vet-renal-oxalate-2\/","title":{"rendered":"PRO-VET\u00ae Renal\/Oxalate"},"content":{"rendered":"<h3 class=\"orthodent\"><strong><span style=\"color: #cdb458;\"><span style=\"font-size: large;\">Indication<\/span><\/span><\/strong><\/h3>\n<p style=\"text-align: justify;\"><span style=\"font-size: medium;\"><strong>PRO-VET<\/strong>\u00ae<strong> Renal\/Oxalate<\/strong> <strong>complete and balanced specialized moist diet food for adult dogs of all breeds with a chronic kidney disease or with a pathogenesis of calcium oxalate (CaOx) stone formation (when urine is over-saturated with calcium and oxalate crystals); reduces oxalate stone formation, as well as the risk of a recurrence.<\/strong><br \/>\nHet dieet voorziet in voldoende voedingsstoffen om het lichaam te onderhouden.<br \/>\nThe progression of CRF can be diminished and thus survival of the patient be extended, but the condition cannot be healed. There is now a strong evidence that appropriate dietary management will enhance survival of cats with CRF. Phosphorus restriction leads to retardation of the loss of kidney function (Beynen, 2006). Apart from phosphorus restriction, the characteristics of a dietetic food for feline kidney patients are protein restriction, low sodium content, high potassium content, a moderately basic urinary pH and a high level of eicosapentaenoic acid. Clearly, restriction of essential nutrients may not cause a deficiency and the nutrient supply should be sufficient to allow normal body functionss.<\/span><\/p>\n<p style=\"text-align: justify;\"><span style=\"font-size: medium;\">An appropriate renal diet can only delay the progression of the loss of nephrons and increase survival time. Among commercially available renal diets for cats there are great differences in efficacy. The anticipated efficacy of\u00a0<strong>PRO-VET<\/strong>\u00ae<strong> RRenal\/Oxalate, <\/strong>which is based on its ideal composition, may be equivalent to an average survival time after diagnosis of about 30 months. It is likely, that <strong>PRO-VET<\/strong>\u00ae<strong> Renal\/Oxalate<\/strong> will be very effective in reducing the risk of development of CRF by healthy cats. The risk on chronic renal failure CRF has diminished by extra vitamin E, high EPA-level and particular low level of phosphorus.<\/span><\/p>\n<p>&nbsp;<\/p>\n<h3 class=\"adult\"><\/h3>\n<h3 class=\"orthodent\"><strong><span style=\"color: #cdb458;\"><span style=\"font-size: large;\">Efficacy<\/span><\/span><\/strong><\/h3>\n<table border=\"1\" width=\"550\" cellspacing=\"1\" cellpadding=\"1\">\n<tbody>\n<tr>\n<td valign=\"top\" width=\"240\"><span style=\"font-size: larger;\"><strong>CHARACTERISTIC<\/strong><\/span><\/td>\n<td valign=\"top\"><span style=\"font-size: larger;\"><strong>EFFECT<\/strong><\/span><\/td>\n<\/tr>\n<tr>\n<td valign=\"top\" width=\"240\"><span style=\"font-size: medium;\">Low Phosphorus (P) level\u00a0<\/span><\/td>\n<td valign=\"top\"><span style=\"font-size: medium;\">Help to slow down the development of kidney disease as well as the progression of chronic kidney failure.<\/span><\/td>\n<\/tr>\n<tr>\n<td valign=\"top\" width=\"240\"><span style=\"font-size: medium;\">Low Calcium (Ca) Content, low Magnesium (Mg) Content and adjusted Urine pH 6.7<\/span><\/td>\n<td valign=\"top\"><span style=\"font-size: medium;\">Work preventive against the formation of calcium oxalate.<\/span><\/td>\n<\/tr>\n<tr>\n<td valign=\"top\" width=\"240\"><span style=\"font-size: medium;\">Low Sodium (Na) Content<\/span><span style=\"font-size: larger;\"><br \/>\n<\/span><\/td>\n<td valign=\"top\"><span style=\"font-size: medium;\">Combats the elevation of blood pressure due to renal failure.<\/span><\/td>\n<\/tr>\n<tr>\n<td valign=\"top\" width=\"240\"><span style=\"font-size: medium;\">High Potassium (K) Content<\/span><\/td>\n<td valign=\"top\"><span style=\"font-size: medium;\">Compensates for the loss of potassium during hypokalemia.<\/span><\/td>\n<\/tr>\n<tr>\n<td valign=\"top\" width=\"240\"><span style=\"font-size: medium;\">Low Protein Content<\/span><\/td>\n<td valign=\"top\"><span style=\"font-size: medium;\">Decreases the development of oxalate formation. Reduces the accumulation of harmful waste (ammonia and urea) in the blood.<\/span><\/td>\n<\/tr>\n<tr>\n<td valign=\"top\" width=\"240\"><span style=\"font-size: medium;\">High Content of Natural Antioxidants (Vitamin E)<\/span><\/td>\n<td valign=\"top\"><span style=\"font-size: medium;\">Stimulation of immune function. Improvement of skin condition with atopic dermatitis. Reduces the formation of free radicals, which play a role in the progression of renal failure.<\/span><\/td>\n<\/tr>\n<\/tbody>\n<\/table>\n<p>&nbsp;<\/p>\n<h3 class=\"orthodent\"><strong><span style=\"color: #cdb458;\"><span style=\"font-size: large;\">Composition<\/span><\/span><\/strong><\/h3>\n<div class=\"page\" title=\"Page 2\">\n<div class=\"layoutArea\">\n<div class=\"column\">\n<div class=\"page\" title=\"Page 1\">\n<div class=\"layoutArea\">\n<div class=\"column\">\n<p>meat and animal derivatives (chicken: source of protein, at least 18%), cereals, vegetables, fruits (dried ground biological Canadian cranberries 3%), minerals (calcium (Ca) 0.33% \/ phosphorus (P) 0.19% \/ sodium (Na) 0.09% \/ magnesium (Mg) 0.02% \/ potassium (K) 0.34% \/ chloride (Cl) 0.15%, sulfur (S) 0.05%)<span style=\"font-size: medium; text-align: justify;\">.<\/span><\/p>\n<\/div>\n<\/div>\n<\/div>\n<\/div>\n<\/div>\n<\/div>\n<p style=\"text-align: justify;\"><span style=\"font-size: medium;\">PRO-VET<\/span><span style=\"font-size: larger;\">\u00ae <\/span><span style=\"font-size: medium;\">products meet the requirements as stated by AAFCO, NRC or FEDIAF. Produced and packed in Holland, production takes place under certification of: NEN ISO 9001 \/ GMP+.<\/span><\/p>\n<p>&nbsp;<\/p>\n<h3><\/h3>\n<h3 class=\"orthodent\"><strong><span style=\"color: #cdb458;\"><span style=\"font-size: large;\">Analyses<\/span><\/span><\/strong><\/h3>\n<table border=\"0\" width=\"550\" cellspacing=\"1\" cellpadding=\"1\">\n<tbody>\n<tr>\n<td valign=\"top\"><span style=\"font-size: medium;\"><strong>Analytical constituents<\/strong><\/span><\/td>\n<td valign=\"top\"><\/td>\n<td valign=\"top\"><span style=\"font-size: medium;\"><strong>Nutritional additives<\/strong><\/span><\/td>\n<td valign=\"top\"><\/td>\n<\/tr>\n<tr>\n<td valign=\"top\"><span style=\"font-size: medium;\">Moisture<br \/>\nCrude protein<br \/>\nCrude fat<br \/>\nCrude ash<br \/>\nCrude fibre<br \/>\n<\/span><\/td>\n<td valign=\"top\"><span style=\"font-size: medium;\">80 %<br \/>\n5.0 %<br \/>\n3.2 %<br \/>\n1.60 %<br \/>\n0.30 %<br \/>\n<\/span><\/td>\n<td valign=\"top\"><span style=\"font-size: medium;\"><span style=\"font-size: medium;\">Vitamin A<br \/>\nVitamin E<\/span><\/span><\/td>\n<td valign=\"top\"><span style=\"font-size: medium;\">1.400 IU\/kg<br \/>\n150 mg\/kg<br \/>\n<\/span><span style=\"font-size: larger;\"><br \/>\n<\/span><\/td>\n<\/tr>\n<\/tbody>\n<\/table>\n<p><span style=\"font-size: medium;\"><strong>Energy value 87 Kcal\/g [6.78 MJ\/kg]<\/strong><br \/>\n<\/span><\/p>\n<p><span style=\"font-size: medium;\"><strong>Vitamins:<\/strong><br \/>\nVitamin A (retinyl acetate)<br \/>\nVitamin D3 (cholecalciferol)<br \/>\nVitamin E (all-rac-alpha-tocopherol)<\/span><span style=\"font-size: larger;\"><br \/>\n<\/span><\/p>\n<p><strong><span style=\"font-size: larger;\">T<\/span><\/strong><span style=\"font-size: medium;\"><strong>race elements:<\/strong><br \/>\nIron (Fe) (iron-(II)-sulphate monohydrate) 12 mg\/kg<br \/>\nManganese (Mn) (manganese sulphate monohydrate) 6 mg\/kg<br \/>\nCopper (Cu) (cupric sulphate pentahydrate) 2 mg\/kg<br \/>\nZinc (Zn) (zinc sulphate monohydrate) 15 mg\/kg<br \/>\nIodine (I) (calcium iodate anhydrous) 0.30 mg\/kg<br \/>\nSelenium (Se) (sodium selenite) 0.10 mg\/mg<\/span><\/p>\n<p>&nbsp;<\/p>\n<h3 class=\"orthodent\"><strong><span style=\"color: #cdb458;\"><span style=\"font-size: large;\">Feeding guide<\/span><\/span><\/strong><\/h3>\n<p>Adult dog of medium breed (10-25kg) needs \u00be to 1\u00bd can each day in at least two meals. Adult dog of large breed (25-45kg) needs 1\u00bd to 2\u2153 can each day in at least two meals. Adult dog of very large breed (45-70kg) needs 2\u2153 to 3\u00bc can each day in at least two meals. Fresh drinking water should always be available.<br \/>\nFor the best result, feed your dog in combination with dry diet food <strong>PRO-VET\u00ae Renal\/Oxalate<\/strong>. Spread the daily portion over several small meals. Recommended duration of use: 5 to 12 weeks for dissolution of struvite stones. For reduction of struvite stone recurrence: up to 6 months. It is recommended that advice from a veterinarian be sought before use and before extending the period of use. Feeding guide is indicative. Once opened, cover the unused content and store in the refrigerator and use within 48 hours. Best served at room temperature. Always provide a sufficient amount of fresh, clean water for your dog. Regularly clean food and water bowls.<\/p>\n<p>&nbsp;<\/p>\n<h3 class=\"orthodent\"><strong><span style=\"color: #cdb458;\"><span style=\"font-size: large;\">Package<\/span><\/span><\/strong><\/h3>\n<p><span style=\"font-size: medium;\">415g EAN 8717496484185<br \/>\n<\/span><\/p>\n<p>&nbsp;<\/p>\n<h3 class=\"orthodent\"><strong><span style=\"color: #cdb458;\"><span style=\"font-size: large;\">Storage<\/span><\/span><\/strong><\/h3>\n<p>Store in a cool dry place. After opening, keep unused contents in a lidded container, keep refrigerated and use within 48 hours. Best served at room temperature as it&#8217;s tastier and they&#8217;ll enjoy it even more. Serve the food in clean bowl.<\/p>\n<p><span style=\"font-size: medium;\"><br \/>\n<\/span><strong><span style=\"font-size: medium;\">A healthy dog is a happy dog.<\/span><\/strong><\/p>\n<p>&nbsp;<\/p>\n","protected":false},"excerpt":{"rendered":"<p style=\"text-align: left;\"><span style=\"font-size: x-large;\"><span style=\"color: #cdb458;\"><strong>TO SUPPORT BY\u00a0CHRONIC KIDNEY DISORDERS<\/strong><\/span><\/span><\/p>\n<p style=\"text-align: left;\"><span style=\"font-size: large;\">Adjusted Urine pH 6.7<br \/>\nLow Sodium (Na) Content 0.09%<br \/>\nLow Phosphorus (P) Content 0.19%<br \/>\nLow Calcium (Ca) Content 0.33%<br \/>\nLow Magnesium (Mg) Content 0.02%<br \/>\nLow Protein Content 5%<br \/>\nCanadian Cranberries<br \/>\n<\/span><\/p>\n","protected":false},"featured_media":2657,"comment_status":"open","ping_status":"closed","template":"","meta":{"_acf_changed":false},"product_brand":[],"product_cat":[145,18],"product_tag":[],"class_list":{"0":"post-2703","1":"product","2":"type-product","3":"status-publish","4":"has-post-thumbnail","6":"product_cat-canned-food-for-dogs-415g","7":"product_cat-pro-vet","9":"first","10":"instock","11":"shipping-taxable","12":"product-type-simple"},"acf":[],"yoast_head":"<!-- This site is optimized with the Yoast SEO plugin v27.3 - https:\/\/yoast.com\/product\/yoast-seo-wordpress\/ -->\n<title>PRO-VET\u00ae Renal\/Oxalate - Prof Pet Corporation<\/title>\n<meta name=\"robots\" content=\"index, follow, max-snippet:-1, max-image-preview:large, max-video-preview:-1\" \/>\n<link rel=\"canonical\" href=\"https:\/\/www.profpetcorporation.com\/cs\/produkt\/pro-vet-renal-oxalate-2\/\" \/>\n<meta property=\"og:locale\" content=\"cs_CZ\" \/>\n<meta property=\"og:type\" content=\"article\" \/>\n<meta property=\"og:title\" content=\"PRO-VET\u00ae Renal\/Oxalate - Prof Pet Corporation\" \/>\n<meta property=\"og:description\" content=\"TO SUPPORT BY\u00a0CHRONIC KIDNEY DISORDERS Adjusted Urine pH 6.7 Low Sodium (Na) Content 0.09% Low Phosphorus (P) Content 0.19% Low Calcium (Ca) Content 0.33% Low Magnesium (Mg) Content 0.02% Low Protein Content 5% Canadian Cranberries\" \/>\n<meta property=\"og:url\" content=\"https:\/\/www.profpetcorporation.com\/cs\/produkt\/pro-vet-renal-oxalate-2\/\" \/>\n<meta property=\"og:site_name\" content=\"Prof Pet Corporation\" \/>\n<meta property=\"article:modified_time\" content=\"2024-11-09T13:56:09+00:00\" \/>\n<meta property=\"og:image\" content=\"https:\/\/www.profpetcorporation.com\/wp-content\/uploads\/2024\/07\/web-PRO-VET-RenalOxalate-415g.jpg\" \/>\n\t<meta property=\"og:image:width\" content=\"1079\" \/>\n\t<meta property=\"og:image:height\" content=\"1083\" \/>\n\t<meta property=\"og:image:type\" content=\"image\/jpeg\" \/>\n<meta name=\"twitter:card\" content=\"summary_large_image\" \/>\n<meta name=\"twitter:label1\" content=\"Odhadovan\u00e1 doba \u010dten\u00ed\" \/>\n\t<meta name=\"twitter:data1\" content=\"5 minut\" \/>\n<script type=\"application\/ld+json\" class=\"yoast-schema-graph\">{\"@context\":\"https:\\\/\\\/schema.org\",\"@graph\":[{\"@type\":\"WebPage\",\"@id\":\"https:\\\/\\\/www.profpetcorporation.com\\\/cs\\\/produkt\\\/pro-vet-renal-oxalate-2\\\/\",\"url\":\"https:\\\/\\\/www.profpetcorporation.com\\\/cs\\\/produkt\\\/pro-vet-renal-oxalate-2\\\/\",\"name\":\"PRO-VET\u00ae Renal\\\/Oxalate - Prof Pet Corporation\",\"isPartOf\":{\"@id\":\"https:\\\/\\\/www.profpetcorporation.com\\\/cs\\\/#website\"},\"primaryImageOfPage\":{\"@id\":\"https:\\\/\\\/www.profpetcorporation.com\\\/cs\\\/produkt\\\/pro-vet-renal-oxalate-2\\\/#primaryimage\"},\"image\":{\"@id\":\"https:\\\/\\\/www.profpetcorporation.com\\\/cs\\\/produkt\\\/pro-vet-renal-oxalate-2\\\/#primaryimage\"},\"thumbnailUrl\":\"https:\\\/\\\/www.profpetcorporation.com\\\/wp-content\\\/uploads\\\/2024\\\/07\\\/web-PRO-VET-RenalOxalate-415g.jpg\",\"datePublished\":\"2024-07-12T15:47:02+00:00\",\"dateModified\":\"2024-11-09T13:56:09+00:00\",\"breadcrumb\":{\"@id\":\"https:\\\/\\\/www.profpetcorporation.com\\\/cs\\\/produkt\\\/pro-vet-renal-oxalate-2\\\/#breadcrumb\"},\"inLanguage\":\"cs\",\"potentialAction\":[{\"@type\":\"ReadAction\",\"target\":[\"https:\\\/\\\/www.profpetcorporation.com\\\/cs\\\/produkt\\\/pro-vet-renal-oxalate-2\\\/\"]}]},{\"@type\":\"ImageObject\",\"inLanguage\":\"cs\",\"@id\":\"https:\\\/\\\/www.profpetcorporation.com\\\/cs\\\/produkt\\\/pro-vet-renal-oxalate-2\\\/#primaryimage\",\"url\":\"https:\\\/\\\/www.profpetcorporation.com\\\/wp-content\\\/uploads\\\/2024\\\/07\\\/web-PRO-VET-RenalOxalate-415g.jpg\",\"contentUrl\":\"https:\\\/\\\/www.profpetcorporation.com\\\/wp-content\\\/uploads\\\/2024\\\/07\\\/web-PRO-VET-RenalOxalate-415g.jpg\",\"width\":1079,\"height\":1083},{\"@type\":\"BreadcrumbList\",\"@id\":\"https:\\\/\\\/www.profpetcorporation.com\\\/cs\\\/produkt\\\/pro-vet-renal-oxalate-2\\\/#breadcrumb\",\"itemListElement\":[{\"@type\":\"ListItem\",\"position\":1,\"name\":\"Home\",\"item\":\"https:\\\/\\\/www.profpetcorporation.com\\\/cs\\\/\"},{\"@type\":\"ListItem\",\"position\":2,\"name\":\"Shop\",\"item\":\"https:\\\/\\\/www.profpetcorporation.com\\\/shop\\\/\"},{\"@type\":\"ListItem\",\"position\":3,\"name\":\"PRO-VET\u00ae\",\"item\":\"https:\\\/\\\/www.profpetcorporation.com\\\/merken\\\/pro-vet\\\/\"},{\"@type\":\"ListItem\",\"position\":4,\"name\":\"PRO-VET\u00ae Renal\\\/Oxalate\"}]},{\"@type\":\"WebSite\",\"@id\":\"https:\\\/\\\/www.profpetcorporation.com\\\/cs\\\/#website\",\"url\":\"https:\\\/\\\/www.profpetcorporation.com\\\/cs\\\/\",\"name\":\"Prof Pet Corporation\",\"description\":\"\",\"potentialAction\":[{\"@type\":\"SearchAction\",\"target\":{\"@type\":\"EntryPoint\",\"urlTemplate\":\"https:\\\/\\\/www.profpetcorporation.com\\\/cs\\\/?s={search_term_string}\"},\"query-input\":{\"@type\":\"PropertyValueSpecification\",\"valueRequired\":true,\"valueName\":\"search_term_string\"}}],\"inLanguage\":\"cs\"}]}<\/script>\n<!-- \/ Yoast SEO plugin. -->","yoast_head_json":{"title":"PRO-VET\u00ae Renal\/Oxalate - Prof Pet Corporation","robots":{"index":"index","follow":"follow","max-snippet":"max-snippet:-1","max-image-preview":"max-image-preview:large","max-video-preview":"max-video-preview:-1"},"canonical":"https:\/\/www.profpetcorporation.com\/cs\/produkt\/pro-vet-renal-oxalate-2\/","og_locale":"cs_CZ","og_type":"article","og_title":"PRO-VET\u00ae Renal\/Oxalate - Prof Pet Corporation","og_description":"TO SUPPORT BY\u00a0CHRONIC KIDNEY DISORDERS Adjusted Urine pH 6.7 Low Sodium (Na) Content 0.09% Low Phosphorus (P) Content 0.19% Low Calcium (Ca) Content 0.33% Low Magnesium (Mg) Content 0.02% Low Protein Content 5% Canadian Cranberries","og_url":"https:\/\/www.profpetcorporation.com\/cs\/produkt\/pro-vet-renal-oxalate-2\/","og_site_name":"Prof Pet Corporation","article_modified_time":"2024-11-09T13:56:09+00:00","og_image":[{"width":1079,"height":1083,"url":"https:\/\/www.profpetcorporation.com\/wp-content\/uploads\/2024\/07\/web-PRO-VET-RenalOxalate-415g.jpg","type":"image\/jpeg"}],"twitter_card":"summary_large_image","twitter_misc":{"Odhadovan\u00e1 doba \u010dten\u00ed":"5 minut"},"schema":{"@context":"https:\/\/schema.org","@graph":[{"@type":"WebPage","@id":"https:\/\/www.profpetcorporation.com\/cs\/produkt\/pro-vet-renal-oxalate-2\/","url":"https:\/\/www.profpetcorporation.com\/cs\/produkt\/pro-vet-renal-oxalate-2\/","name":"PRO-VET\u00ae Renal\/Oxalate - Prof Pet Corporation","isPartOf":{"@id":"https:\/\/www.profpetcorporation.com\/cs\/#website"},"primaryImageOfPage":{"@id":"https:\/\/www.profpetcorporation.com\/cs\/produkt\/pro-vet-renal-oxalate-2\/#primaryimage"},"image":{"@id":"https:\/\/www.profpetcorporation.com\/cs\/produkt\/pro-vet-renal-oxalate-2\/#primaryimage"},"thumbnailUrl":"https:\/\/www.profpetcorporation.com\/wp-content\/uploads\/2024\/07\/web-PRO-VET-RenalOxalate-415g.jpg","datePublished":"2024-07-12T15:47:02+00:00","dateModified":"2024-11-09T13:56:09+00:00","breadcrumb":{"@id":"https:\/\/www.profpetcorporation.com\/cs\/produkt\/pro-vet-renal-oxalate-2\/#breadcrumb"},"inLanguage":"cs","potentialAction":[{"@type":"ReadAction","target":["https:\/\/www.profpetcorporation.com\/cs\/produkt\/pro-vet-renal-oxalate-2\/"]}]},{"@type":"ImageObject","inLanguage":"cs","@id":"https:\/\/www.profpetcorporation.com\/cs\/produkt\/pro-vet-renal-oxalate-2\/#primaryimage","url":"https:\/\/www.profpetcorporation.com\/wp-content\/uploads\/2024\/07\/web-PRO-VET-RenalOxalate-415g.jpg","contentUrl":"https:\/\/www.profpetcorporation.com\/wp-content\/uploads\/2024\/07\/web-PRO-VET-RenalOxalate-415g.jpg","width":1079,"height":1083},{"@type":"BreadcrumbList","@id":"https:\/\/www.profpetcorporation.com\/cs\/produkt\/pro-vet-renal-oxalate-2\/#breadcrumb","itemListElement":[{"@type":"ListItem","position":1,"name":"Home","item":"https:\/\/www.profpetcorporation.com\/cs\/"},{"@type":"ListItem","position":2,"name":"Shop","item":"https:\/\/www.profpetcorporation.com\/shop\/"},{"@type":"ListItem","position":3,"name":"PRO-VET\u00ae","item":"https:\/\/www.profpetcorporation.com\/merken\/pro-vet\/"},{"@type":"ListItem","position":4,"name":"PRO-VET\u00ae Renal\/Oxalate"}]},{"@type":"WebSite","@id":"https:\/\/www.profpetcorporation.com\/cs\/#website","url":"https:\/\/www.profpetcorporation.com\/cs\/","name":"Prof Pet Corporation","description":"","potentialAction":[{"@type":"SearchAction","target":{"@type":"EntryPoint","urlTemplate":"https:\/\/www.profpetcorporation.com\/cs\/?s={search_term_string}"},"query-input":{"@type":"PropertyValueSpecification","valueRequired":true,"valueName":"search_term_string"}}],"inLanguage":"cs"}]}},"_links":{"self":[{"href":"https:\/\/www.profpetcorporation.com\/cs\/wp-json\/wp\/v2\/product\/2703","targetHints":{"allow":["GET"]}}],"collection":[{"href":"https:\/\/www.profpetcorporation.com\/cs\/wp-json\/wp\/v2\/product"}],"about":[{"href":"https:\/\/www.profpetcorporation.com\/cs\/wp-json\/wp\/v2\/types\/product"}],"replies":[{"embeddable":true,"href":"https:\/\/www.profpetcorporation.com\/cs\/wp-json\/wp\/v2\/comments?post=2703"}],"wp:featuredmedia":[{"embeddable":true,"href":"https:\/\/www.profpetcorporation.com\/cs\/wp-json\/wp\/v2\/media\/2657"}],"wp:attachment":[{"href":"https:\/\/www.profpetcorporation.com\/cs\/wp-json\/wp\/v2\/media?parent=2703"}],"wp:term":[{"taxonomy":"product_brand","embeddable":true,"href":"https:\/\/www.profpetcorporation.com\/cs\/wp-json\/wp\/v2\/product_brand?post=2703"},{"taxonomy":"product_cat","embeddable":true,"href":"https:\/\/www.profpetcorporation.com\/cs\/wp-json\/wp\/v2\/product_cat?post=2703"},{"taxonomy":"product_tag","embeddable":true,"href":"https:\/\/www.profpetcorporation.com\/cs\/wp-json\/wp\/v2\/product_tag?post=2703"}],"curies":[{"name":"wp","href":"https:\/\/api.w.org\/{rel}","templated":true}]}}