{"id":2528,"date":"2024-07-12T08:56:08","date_gmt":"2024-07-12T08:56:08","guid":{"rendered":"https:\/\/profpetcorporation.previewready.nl\/?post_type=product&#038;p=2528"},"modified":"2024-11-11T11:51:16","modified_gmt":"2024-11-11T11:51:16","slug":"pro-vet-de-toxin","status":"publish","type":"product","link":"https:\/\/www.profpetcorporation.com\/cs\/produkt\/pro-vet-de-toxin\/","title":{"rendered":"PRO-VET\u00ae De-Toxin"},"content":{"rendered":"<ul>\n<li><span style=\"font-size: larger;\"><strong>100% NATURAL PRODUCT<br \/>\n<\/strong><\/span><\/li>\n<li><span style=\"font-size: larger;\"><strong>helps by chronic poisoning, poisoning by toxins, household alkaloids, various other toxic compounds, pharmacological medication and food.<br \/>\n<\/strong><\/span><\/li>\n<li><span style=\"font-size: larger;\"><strong>supports by digestive problems and intestinal infectious diseases, diarrheal phenomenon, intestinal infections, flatulence, viral hepatitis<br \/>\n<\/strong><\/span><\/li>\n<li><span style=\"font-size: larger;\"><strong>used by endogenous intoxication, renal failure, liver damage and high cholesterol level<\/strong><\/span><\/li>\n<\/ul>\n<p style=\"text-align: justify;\"><span style=\"font-size: medium;\"><strong>Ingredients:<\/strong> dehydrated whey, wheat starch, dekstrose, vitamins, activated carbon.<br \/>\n<strong>Additives\/kg<\/strong>: vitamin B1 0.08%, vitamin B2 0.11%, vitamin B3 0.059%, vitamin B6 0.006%, vitamin B12 0.71%, vitamin A 6.025 IE, vitamin D3 668 IE, vitamin E 7mg. <strong>Analysis: <\/strong>crude protein 11%, crude fat 3%, crude ash 5%, crude fiber 0.29%, moisture 7%.<br \/>\n<strong>Daily consumption:<\/strong> on an empty stomach, not longer than 15 days, 3-4 times a day\u00a01 tablet for each 10kg of body weight.\u00a0After 15 days of the course, stop the intake.<br \/>\nProduced and packed in Holland. Store in a cool dry place.<br \/>\n<strong>Best before:<\/strong> see package.<br \/>\n<strong>Netto weight: <\/strong>150g<br \/>\n<strong>Contents<\/strong>: \u00b1 90 tablets<\/span><\/p>\n<p><span style=\"font-size: medium;\"><u>operative component:<\/u><\/span><\/p>\n<p><strong><span style=\"font-size: medium;\">ACTIVATED CARBON<\/span><\/strong><\/p>\n<p style=\"text-align: justify;\"><span style=\"font-size: medium;\"><strong>PRO-VET<\/strong>\u00ae <strong>De-Toxin <\/strong>has a detoxifying effect.<img loading=\"lazy\" decoding=\"async\" class=\" wp-image-4107 alignright\" src=\"https:\/\/www.profpetcorporation.com\/wp-content\/uploads\/2024\/11\/Carbon.jpg\" alt=\"\" width=\"301\" height=\"245\" srcset=\"https:\/\/www.profpetcorporation.com\/wp-content\/uploads\/2024\/11\/Carbon.jpg 1170w, https:\/\/www.profpetcorporation.com\/wp-content\/uploads\/2024\/11\/Carbon-600x488.jpg 600w, https:\/\/www.profpetcorporation.com\/wp-content\/uploads\/2024\/11\/Carbon-300x244.jpg 300w, https:\/\/www.profpetcorporation.com\/wp-content\/uploads\/2024\/11\/Carbon-1024x832.jpg 1024w, https:\/\/www.profpetcorporation.com\/wp-content\/uploads\/2024\/11\/Carbon-768x624.jpg 768w\" sizes=\"auto, (max-width: 301px) 100vw, 301px\" \/> The main active substance is Activated Carbon, predominantly of vegetable natural origin, which is characterized by a high active surface. <strong>PRO-VET<\/strong>\u00ae<strong> De-Toxin\u00a0<\/strong> is characterized by its ability to adsorb gases and liquid substances that accumulate or form in excessive amounts by acute and chronic disease, or by oral ingestion. Being a natural carbon sorbent, activated carbon is used as a medication<\/span><span style=\"font-size: larger;\">.<\/span><\/p>\n<p style=\"text-align: justify;\"><span style=\"font-size: medium;\"><strong>PRO-VET<\/strong>\u00ae<strong> De-Toxin\u00a0<\/strong> adsorbs and neutralizes poisons, toxins, tainted products. That&#8217;s why it&#8217;s simply irreplaceable in case of poisoning, perfectly helps by diarrhea, salmonellosis, chronic renal failure, cirrhosis of the liver, allergies, dermatitis and many other diseases.<br \/>\n<strong>PRO-VET<\/strong>\u00ae<strong> De-Toxin\u00a0<\/strong> iis shown to be effective in the treatment of chronic industrial poisoning, poisoning by toxins, household alkaloids, salts and heavy metals, various other toxic compounds and pharmacological medication.<br \/>\nActivated carbon can also be used by food poisoning, as well as intake of other toxic substances &#8211; this with the aim to reduce surface adsorption by preventing the absorption and speeding the elimination from the body.<\/span><\/p>\n<p>&nbsp;<\/p>\n<p><span style=\"font-size: medium;\"><br \/>\n<\/span><strong><span style=\"font-size: medium;\">A healthy dog is a happy dog.<\/span><\/strong><\/p>\n<p>&nbsp;<\/p>\n","protected":false},"excerpt":{"rendered":"<p>100% NATURAL PRODUCT helps by chronic poisoning, poisoning by toxins, household alkaloids, various other toxic compounds, pharmacological medication and food. supports by digestive problems and intestinal infectious diseases, diarrheal phenomenon, intestinal infections, flatulence, viral hepatitis used by endogenous intoxication, renal failure, liver damage and high cholesterol level Ingredients: dehydrated whey, wheat starch, dekstrose, vitamins, activated [&hellip;]<\/p>\n","protected":false},"featured_media":2542,"comment_status":"open","ping_status":"closed","template":"","meta":{"_acf_changed":false},"product_brand":[],"product_cat":[141,18],"product_tag":[],"class_list":{"0":"post-2528","1":"product","2":"type-product","3":"status-publish","4":"has-post-thumbnail","6":"product_cat-healthy-treats-for-dogs","7":"product_cat-pro-vet","9":"first","10":"instock","11":"shipping-taxable","12":"product-type-simple"},"acf":[],"yoast_head":"<!-- This site is optimized with the Yoast SEO plugin v27.3 - https:\/\/yoast.com\/product\/yoast-seo-wordpress\/ -->\n<title>PRO-VET\u00ae De-Toxin - Prof Pet Corporation<\/title>\n<meta name=\"robots\" content=\"index, follow, max-snippet:-1, max-image-preview:large, max-video-preview:-1\" \/>\n<link rel=\"canonical\" href=\"https:\/\/www.profpetcorporation.com\/cs\/produkt\/pro-vet-de-toxin\/\" \/>\n<meta property=\"og:locale\" content=\"cs_CZ\" \/>\n<meta property=\"og:type\" content=\"article\" \/>\n<meta property=\"og:title\" content=\"PRO-VET\u00ae De-Toxin - Prof Pet Corporation\" \/>\n<meta property=\"og:description\" content=\"100% NATURAL PRODUCT helps by chronic poisoning, poisoning by toxins, household alkaloids, various other toxic compounds, pharmacological medication and food. supports by digestive problems and intestinal infectious diseases, diarrheal phenomenon, intestinal infections, flatulence, viral hepatitis used by endogenous intoxication, renal failure, liver damage and high cholesterol level Ingredients: dehydrated whey, wheat starch, dekstrose, vitamins, activated [&hellip;]\" \/>\n<meta property=\"og:url\" content=\"https:\/\/www.profpetcorporation.com\/cs\/produkt\/pro-vet-de-toxin\/\" \/>\n<meta property=\"og:site_name\" content=\"Prof Pet Corporation\" \/>\n<meta property=\"article:modified_time\" content=\"2024-11-11T11:51:16+00:00\" \/>\n<meta property=\"og:image\" content=\"https:\/\/www.profpetcorporation.com\/wp-content\/uploads\/2024\/07\/PRO-VET-135gr-De-Toxin-scaled.jpg\" \/>\n\t<meta property=\"og:image:width\" content=\"2560\" \/>\n\t<meta property=\"og:image:height\" content=\"2555\" \/>\n\t<meta property=\"og:image:type\" content=\"image\/jpeg\" \/>\n<meta name=\"twitter:card\" content=\"summary_large_image\" \/>\n<meta name=\"twitter:label1\" content=\"Odhadovan\u00e1 doba \u010dten\u00ed\" \/>\n\t<meta name=\"twitter:data1\" content=\"3 minuty\" \/>\n<script type=\"application\/ld+json\" class=\"yoast-schema-graph\">{\"@context\":\"https:\\\/\\\/schema.org\",\"@graph\":[{\"@type\":\"WebPage\",\"@id\":\"https:\\\/\\\/www.profpetcorporation.com\\\/cs\\\/produkt\\\/pro-vet-de-toxin\\\/\",\"url\":\"https:\\\/\\\/www.profpetcorporation.com\\\/cs\\\/produkt\\\/pro-vet-de-toxin\\\/\",\"name\":\"PRO-VET\u00ae De-Toxin - Prof Pet Corporation\",\"isPartOf\":{\"@id\":\"https:\\\/\\\/www.profpetcorporation.com\\\/cs\\\/#website\"},\"primaryImageOfPage\":{\"@id\":\"https:\\\/\\\/www.profpetcorporation.com\\\/cs\\\/produkt\\\/pro-vet-de-toxin\\\/#primaryimage\"},\"image\":{\"@id\":\"https:\\\/\\\/www.profpetcorporation.com\\\/cs\\\/produkt\\\/pro-vet-de-toxin\\\/#primaryimage\"},\"thumbnailUrl\":\"https:\\\/\\\/www.profpetcorporation.com\\\/wp-content\\\/uploads\\\/2024\\\/07\\\/PRO-VET-135gr-De-Toxin-scaled.jpg\",\"datePublished\":\"2024-07-12T08:56:08+00:00\",\"dateModified\":\"2024-11-11T11:51:16+00:00\",\"breadcrumb\":{\"@id\":\"https:\\\/\\\/www.profpetcorporation.com\\\/cs\\\/produkt\\\/pro-vet-de-toxin\\\/#breadcrumb\"},\"inLanguage\":\"cs\",\"potentialAction\":[{\"@type\":\"ReadAction\",\"target\":[\"https:\\\/\\\/www.profpetcorporation.com\\\/cs\\\/produkt\\\/pro-vet-de-toxin\\\/\"]}]},{\"@type\":\"ImageObject\",\"inLanguage\":\"cs\",\"@id\":\"https:\\\/\\\/www.profpetcorporation.com\\\/cs\\\/produkt\\\/pro-vet-de-toxin\\\/#primaryimage\",\"url\":\"https:\\\/\\\/www.profpetcorporation.com\\\/wp-content\\\/uploads\\\/2024\\\/07\\\/PRO-VET-135gr-De-Toxin-scaled.jpg\",\"contentUrl\":\"https:\\\/\\\/www.profpetcorporation.com\\\/wp-content\\\/uploads\\\/2024\\\/07\\\/PRO-VET-135gr-De-Toxin-scaled.jpg\",\"width\":2560,\"height\":2555},{\"@type\":\"BreadcrumbList\",\"@id\":\"https:\\\/\\\/www.profpetcorporation.com\\\/cs\\\/produkt\\\/pro-vet-de-toxin\\\/#breadcrumb\",\"itemListElement\":[{\"@type\":\"ListItem\",\"position\":1,\"name\":\"Home\",\"item\":\"https:\\\/\\\/www.profpetcorporation.com\\\/cs\\\/\"},{\"@type\":\"ListItem\",\"position\":2,\"name\":\"Shop\",\"item\":\"https:\\\/\\\/www.profpetcorporation.com\\\/shop\\\/\"},{\"@type\":\"ListItem\",\"position\":3,\"name\":\"PRO-VET\u00ae\",\"item\":\"https:\\\/\\\/www.profpetcorporation.com\\\/merken\\\/pro-vet\\\/\"},{\"@type\":\"ListItem\",\"position\":4,\"name\":\"PRO-VET\u00ae De-Toxin\"}]},{\"@type\":\"WebSite\",\"@id\":\"https:\\\/\\\/www.profpetcorporation.com\\\/cs\\\/#website\",\"url\":\"https:\\\/\\\/www.profpetcorporation.com\\\/cs\\\/\",\"name\":\"Prof Pet Corporation\",\"description\":\"\",\"potentialAction\":[{\"@type\":\"SearchAction\",\"target\":{\"@type\":\"EntryPoint\",\"urlTemplate\":\"https:\\\/\\\/www.profpetcorporation.com\\\/cs\\\/?s={search_term_string}\"},\"query-input\":{\"@type\":\"PropertyValueSpecification\",\"valueRequired\":true,\"valueName\":\"search_term_string\"}}],\"inLanguage\":\"cs\"}]}<\/script>\n<!-- \/ Yoast SEO plugin. -->","yoast_head_json":{"title":"PRO-VET\u00ae De-Toxin - Prof Pet Corporation","robots":{"index":"index","follow":"follow","max-snippet":"max-snippet:-1","max-image-preview":"max-image-preview:large","max-video-preview":"max-video-preview:-1"},"canonical":"https:\/\/www.profpetcorporation.com\/cs\/produkt\/pro-vet-de-toxin\/","og_locale":"cs_CZ","og_type":"article","og_title":"PRO-VET\u00ae De-Toxin - Prof Pet Corporation","og_description":"100% NATURAL PRODUCT helps by chronic poisoning, poisoning by toxins, household alkaloids, various other toxic compounds, pharmacological medication and food. supports by digestive problems and intestinal infectious diseases, diarrheal phenomenon, intestinal infections, flatulence, viral hepatitis used by endogenous intoxication, renal failure, liver damage and high cholesterol level Ingredients: dehydrated whey, wheat starch, dekstrose, vitamins, activated [&hellip;]","og_url":"https:\/\/www.profpetcorporation.com\/cs\/produkt\/pro-vet-de-toxin\/","og_site_name":"Prof Pet Corporation","article_modified_time":"2024-11-11T11:51:16+00:00","og_image":[{"width":2560,"height":2555,"url":"https:\/\/www.profpetcorporation.com\/wp-content\/uploads\/2024\/07\/PRO-VET-135gr-De-Toxin-scaled.jpg","type":"image\/jpeg"}],"twitter_card":"summary_large_image","twitter_misc":{"Odhadovan\u00e1 doba \u010dten\u00ed":"3 minuty"},"schema":{"@context":"https:\/\/schema.org","@graph":[{"@type":"WebPage","@id":"https:\/\/www.profpetcorporation.com\/cs\/produkt\/pro-vet-de-toxin\/","url":"https:\/\/www.profpetcorporation.com\/cs\/produkt\/pro-vet-de-toxin\/","name":"PRO-VET\u00ae De-Toxin - Prof Pet Corporation","isPartOf":{"@id":"https:\/\/www.profpetcorporation.com\/cs\/#website"},"primaryImageOfPage":{"@id":"https:\/\/www.profpetcorporation.com\/cs\/produkt\/pro-vet-de-toxin\/#primaryimage"},"image":{"@id":"https:\/\/www.profpetcorporation.com\/cs\/produkt\/pro-vet-de-toxin\/#primaryimage"},"thumbnailUrl":"https:\/\/www.profpetcorporation.com\/wp-content\/uploads\/2024\/07\/PRO-VET-135gr-De-Toxin-scaled.jpg","datePublished":"2024-07-12T08:56:08+00:00","dateModified":"2024-11-11T11:51:16+00:00","breadcrumb":{"@id":"https:\/\/www.profpetcorporation.com\/cs\/produkt\/pro-vet-de-toxin\/#breadcrumb"},"inLanguage":"cs","potentialAction":[{"@type":"ReadAction","target":["https:\/\/www.profpetcorporation.com\/cs\/produkt\/pro-vet-de-toxin\/"]}]},{"@type":"ImageObject","inLanguage":"cs","@id":"https:\/\/www.profpetcorporation.com\/cs\/produkt\/pro-vet-de-toxin\/#primaryimage","url":"https:\/\/www.profpetcorporation.com\/wp-content\/uploads\/2024\/07\/PRO-VET-135gr-De-Toxin-scaled.jpg","contentUrl":"https:\/\/www.profpetcorporation.com\/wp-content\/uploads\/2024\/07\/PRO-VET-135gr-De-Toxin-scaled.jpg","width":2560,"height":2555},{"@type":"BreadcrumbList","@id":"https:\/\/www.profpetcorporation.com\/cs\/produkt\/pro-vet-de-toxin\/#breadcrumb","itemListElement":[{"@type":"ListItem","position":1,"name":"Home","item":"https:\/\/www.profpetcorporation.com\/cs\/"},{"@type":"ListItem","position":2,"name":"Shop","item":"https:\/\/www.profpetcorporation.com\/shop\/"},{"@type":"ListItem","position":3,"name":"PRO-VET\u00ae","item":"https:\/\/www.profpetcorporation.com\/merken\/pro-vet\/"},{"@type":"ListItem","position":4,"name":"PRO-VET\u00ae De-Toxin"}]},{"@type":"WebSite","@id":"https:\/\/www.profpetcorporation.com\/cs\/#website","url":"https:\/\/www.profpetcorporation.com\/cs\/","name":"Prof Pet Corporation","description":"","potentialAction":[{"@type":"SearchAction","target":{"@type":"EntryPoint","urlTemplate":"https:\/\/www.profpetcorporation.com\/cs\/?s={search_term_string}"},"query-input":{"@type":"PropertyValueSpecification","valueRequired":true,"valueName":"search_term_string"}}],"inLanguage":"cs"}]}},"_links":{"self":[{"href":"https:\/\/www.profpetcorporation.com\/cs\/wp-json\/wp\/v2\/product\/2528","targetHints":{"allow":["GET"]}}],"collection":[{"href":"https:\/\/www.profpetcorporation.com\/cs\/wp-json\/wp\/v2\/product"}],"about":[{"href":"https:\/\/www.profpetcorporation.com\/cs\/wp-json\/wp\/v2\/types\/product"}],"replies":[{"embeddable":true,"href":"https:\/\/www.profpetcorporation.com\/cs\/wp-json\/wp\/v2\/comments?post=2528"}],"wp:featuredmedia":[{"embeddable":true,"href":"https:\/\/www.profpetcorporation.com\/cs\/wp-json\/wp\/v2\/media\/2542"}],"wp:attachment":[{"href":"https:\/\/www.profpetcorporation.com\/cs\/wp-json\/wp\/v2\/media?parent=2528"}],"wp:term":[{"taxonomy":"product_brand","embeddable":true,"href":"https:\/\/www.profpetcorporation.com\/cs\/wp-json\/wp\/v2\/product_brand?post=2528"},{"taxonomy":"product_cat","embeddable":true,"href":"https:\/\/www.profpetcorporation.com\/cs\/wp-json\/wp\/v2\/product_cat?post=2528"},{"taxonomy":"product_tag","embeddable":true,"href":"https:\/\/www.profpetcorporation.com\/cs\/wp-json\/wp\/v2\/product_tag?post=2528"}],"curies":[{"name":"wp","href":"https:\/\/api.w.org\/{rel}","templated":true}]}}