{"id":2253,"date":"2024-07-10T13:20:14","date_gmt":"2024-07-10T13:20:14","guid":{"rendered":"https:\/\/profpetcorporation.previewready.nl\/?post_type=product&#038;p=2253"},"modified":"2024-11-11T17:51:17","modified_gmt":"2024-11-11T17:51:17","slug":"kis-kis-plaque-off","status":"publish","type":"product","link":"https:\/\/www.profpetcorporation.com\/cs\/produkt\/kis-kis-plaque-off\/","title":{"rendered":"KiS-KiS\u00ae Plaque-Off"},"content":{"rendered":"<p><span style=\"font-size: medium;\"><strong>Ingredients<\/strong>: whey powder, rice gluten, dextrose, vegetable products, vitamins and minerals, eucalyptus extract, peppermint extract, green seaweed, yeast.<br \/>\n<strong>Additives:<\/strong> vitamin A 2.357 IU\/kg.<br \/>\n<strong>Analytical constituents<\/strong>: protein 10.8%, fat 2.6%, ash 6.63%.<br \/>\n<strong>Daily consumption:<\/strong> min. 2-3 tablets, regularly.<br \/>\nA raised intake will not cause any negative side effects.<br \/>\nProduced and packed in Holland.<br \/>\nStore in a dark, cool and dry place.<br \/>\n<strong>Netto weight:<\/strong> 60g<br \/>\n<strong>Contents<\/strong>: \u00b1100 tablets<\/span><\/p>\n<p>&nbsp;<\/p>\n<p><span style=\"font-size: medium;\"><u>operative components:<\/u><\/span><\/p>\n<p><span style=\"font-size: medium;\"><strong><span style=\"font-size: large;\">SEAWEED (GREEN SEA GRASS)<\/span><br \/>\n<\/strong><\/span><\/p>\n<p><span style=\"font-size: medium;\">There are three types of sea grass: brown, red and green. The chemical composition of each type is different. <strong>KiS-KiS\u00ae Whey Pastilles <\/strong>contain green sea grass from Iceland.<\/span><\/p>\n<p style=\"text-align: left;\"><span style=\"font-size: medium;\"><img loading=\"lazy\" decoding=\"async\" class=\" wp-image-4068 alignright\" src=\"https:\/\/www.profpetcorporation.com\/wp-content\/uploads\/2024\/11\/Zeaweer.jpg\" alt=\"\" width=\"301\" height=\"207\" srcset=\"https:\/\/www.profpetcorporation.com\/wp-content\/uploads\/2024\/11\/Zeaweer.jpg 321w, https:\/\/www.profpetcorporation.com\/wp-content\/uploads\/2024\/11\/Zeaweer-300x207.jpg 300w\" sizes=\"auto, (max-width: 301px) 100vw, 301px\" \/>The most important property of this <strong>green sea grass<\/strong> is its high protein content, 40 \u2013 45%, and in addition it also contains bicarboxylic acids, alanine and alginin. <strong>Green sea grass<\/strong> contains 30 \u2013 35% carbohydrates and 10% lipids, and there are also high levels of zinc, copper, cobalt and other substances in it. There is therefore no doubt about the high nutritional value of green sea grass. <strong>Green sea grass<\/strong> contains many vitamins (especially those from the B group), macro- and micro-elements. The sea grass can store elements that are extremely scarce in the surrounding water. <strong>Green sea grass<\/strong> contains a large number of biologically active substances: multiple unsaturated fatty acids, chlorophyll, polysaccharides, fucoidan, glucan, pectin, alginic acid, vegetable sterols and carotenoids.<br \/>\n<strong>Seaweed <\/strong>contains a lot of iodine, which is important for the proper functioning of the thyroid gland. <strong>Seaweed <\/strong>has a beneficial effect for elastic, smooth and healthy skin.<br \/>\n<strong>Seaweed <\/strong>&#8211; a rich natural source of many minerals and trace elements; it stimulates the metabolism and gives vitality.<\/span><\/p>\n<p>&nbsp;<\/p>\n<p><strong><span style=\"font-size: large;\"><span style=\"font-size: large;\">EUCALYPTUS<\/span><\/span><\/strong><br \/>\n<span style=\"font-size: larger;\"><em>Latin name: Eucalyptus<\/em><\/span><\/p>\n<p><span style=\"font-size: medium;\"><strong>Eucalyptus <\/strong>is an evergreen tree that is regarded as the highest plant in the world.<br \/>\nThe eucalyptus originates from Australia and Tasmania: there the tree is known as \u2018the diamond of the forest&#8216;, \u2018the tree of life&#8216; and \u2018the miracle tree&#8216;.<\/span><\/p>\n<p style=\"text-align: left;\"><span style=\"font-size: medium;\"><img loading=\"lazy\" decoding=\"async\" class=\" wp-image-4081 alignright\" src=\"https:\/\/www.profpetcorporation.com\/wp-content\/uploads\/2024\/11\/Eucalyptus.jpg\" alt=\"\" width=\"301\" height=\"207\" srcset=\"https:\/\/www.profpetcorporation.com\/wp-content\/uploads\/2024\/11\/Eucalyptus.jpg 321w, https:\/\/www.profpetcorporation.com\/wp-content\/uploads\/2024\/11\/Eucalyptus-300x207.jpg 300w\" sizes=\"auto, (max-width: 301px) 100vw, 301px\" \/>In recent years eucalyptus has become increasingly popular, thanks to its valuable ethereal oil, which is fatal to many microbes. <strong>Eucalyptus <\/strong>oil has a strong and aromatic odour, and its taste is spicy and bitter. <strong>Eucalyptus <\/strong>oil has a disinfectant effect. <strong>Eucalyptus <\/strong>oil contains eucalyptol (cineol), which has a strong antimicrobial effect on certain micro-organisms. The disinfectant quality of <strong>Eucalyptus <\/strong>oil is 3 times as strong as that of carbolic acid, but it\u2018s still less toxic. Preparations on a basis of <strong>Eucalyptus <\/strong>oil have a painkilling, antiseptic and anti-parasitic effect.<\/span><\/p>\n<p>&nbsp;<\/p>\n<p>&nbsp;<\/p>\n<p><span style=\"font-size: large;\"><strong>PEPPERMINT<\/strong><\/span><br \/>\n<span style=\"font-size: larger;\"><em>Latin name: Mentha piperita<\/em><\/span><\/p>\n<p><span style=\"font-size: larger;\"><em>Botanical name: Peppermint<br \/>\nOther names: Brandy Mint, Balm Mint, Cold Mint, Green Mint<\/em><\/span><\/p>\n<p style=\"text-align: left;\"><span style=\"font-size: medium;\"><strong><img loading=\"lazy\" decoding=\"async\" class=\" wp-image-4094 alignright\" src=\"https:\/\/www.profpetcorporation.com\/wp-content\/uploads\/2024\/11\/Pepermint.jpg\" alt=\"\" width=\"301\" height=\"207\" srcset=\"https:\/\/www.profpetcorporation.com\/wp-content\/uploads\/2024\/11\/Pepermint.jpg 321w, https:\/\/www.profpetcorporation.com\/wp-content\/uploads\/2024\/11\/Pepermint-300x207.jpg 300w\" sizes=\"auto, (max-width: 301px) 100vw, 301px\" \/>Peppermint <\/strong>is rich in vitamins and micro-elements. Ethereal oil, flavonoids, tannic acid and bitter essence are the active basic constituents of this plant. The most important component of the ethereal oil is menthol (up to 60%). In addition, peppermint contains many organic acids, zinc, selenium and molybdenum. Modern science has established that menthol, which contains mint oil, stimulates the receptors on the skin or the mucous membrane with a cold feeling. Surface blood vessels are narrowed, the blood vessels of the internal organs dilate, and then a light, local anaesthetic effect arises. <strong>Mint oil<\/strong> has strong antiseptic qualities. If the mint oil comes into contact with the nerve endings in the mucous membrane in the stomach or the abdominal organs, then the peristalsis is strengthened.<br \/>\nSince the ancient times, medical practitioners have rightly considered mint a useful remedy for certain stomach complaints. The absorbed mint preparations strengthen the secretion of the digestive glands, accelerate the emptying of the stomach and the organs and slow down the fermentation process and decomposition in the organs. <strong>Peppermint<\/strong> also has a general fortifying quality.<\/span><\/p>\n<p>&nbsp;<\/p>\n<p>&nbsp;<\/p>\n","protected":false},"excerpt":{"rendered":"<ul>\n<li style=\"list-style-type: none;\">\n<ul>\n<li><em><strong><span style=\"font-size: medium;\">\u00a0<\/span><span style=\"font-size: large;\">1<\/span><span style=\"font-size: large;\">00% Natural Ingredients \u00a0\u00a0<\/span><\/strong><\/em><\/li>\n<li><span style=\"font-size: large;\"><em><strong>\u00a0Prevents dental plaque formation <\/strong><\/em><\/span><\/li>\n<li><span style=\"font-size: large;\"><em><strong>\u00a0Reduces tartar formation\u00a0\u00a0<\/strong><\/em><strong><br \/>\n<\/strong><\/span><\/li>\n<\/ul>\n<\/li>\n<\/ul>\n<p><i><img loading=\"lazy\" decoding=\"async\" class=\"alignnone size-full wp-image-3670\" src=\"https:\/\/www.profpetcorporation.com\/wp-content\/uploads\/2024\/10\/GB-PICKY-CATS-1.jpg\" alt=\"\" width=\"529\" height=\"93\" srcset=\"https:\/\/www.profpetcorporation.com\/wp-content\/uploads\/2024\/10\/GB-PICKY-CATS-1.jpg 529w, https:\/\/www.profpetcorporation.com\/wp-content\/uploads\/2024\/10\/GB-PICKY-CATS-1-300x53.jpg 300w\" sizes=\"auto, (max-width: 529px) 100vw, 529px\" \/><\/i><\/p>\n","protected":false},"featured_media":3545,"comment_status":"open","ping_status":"closed","template":"","meta":{"_acf_changed":false},"product_brand":[],"product_cat":[87,134],"product_tag":[],"class_list":{"0":"post-2253","1":"product","2":"type-product","3":"status-publish","4":"has-post-thumbnail","6":"product_cat-kis-kis","7":"product_cat-whey-pastilles-for-cats","9":"first","10":"instock","11":"shipping-taxable","12":"product-type-simple"},"acf":[],"yoast_head":"<!-- This site is optimized with the Yoast SEO plugin v27.3 - https:\/\/yoast.com\/product\/yoast-seo-wordpress\/ -->\n<title>KiS-KiS\u00ae Plaque-Off - Prof Pet Corporation<\/title>\n<meta name=\"robots\" content=\"index, follow, max-snippet:-1, max-image-preview:large, max-video-preview:-1\" \/>\n<link rel=\"canonical\" href=\"https:\/\/www.profpetcorporation.com\/cs\/produkt\/kis-kis-plaque-off\/\" \/>\n<meta property=\"og:locale\" content=\"cs_CZ\" \/>\n<meta property=\"og:type\" content=\"article\" \/>\n<meta property=\"og:title\" content=\"KiS-KiS\u00ae Plaque-Off - Prof Pet Corporation\" \/>\n<meta property=\"og:description\" content=\"\u00a0100% Natural Ingredients \u00a0\u00a0  \u00a0Prevents dental plaque formation   \u00a0Reduces tartar formation\u00a0\u00a0\" \/>\n<meta property=\"og:url\" content=\"https:\/\/www.profpetcorporation.com\/cs\/produkt\/kis-kis-plaque-off\/\" \/>\n<meta property=\"og:site_name\" content=\"Prof Pet Corporation\" \/>\n<meta property=\"article:modified_time\" content=\"2024-11-11T17:51:17+00:00\" \/>\n<meta property=\"og:image\" content=\"https:\/\/www.profpetcorporation.com\/wp-content\/uploads\/2024\/10\/KiS-KiS-Plaque-Off-60g.jpg\" \/>\n\t<meta property=\"og:image:width\" content=\"1077\" \/>\n\t<meta property=\"og:image:height\" content=\"1078\" \/>\n\t<meta property=\"og:image:type\" content=\"image\/jpeg\" \/>\n<meta name=\"twitter:card\" content=\"summary_large_image\" \/>\n<meta name=\"twitter:label1\" content=\"Odhadovan\u00e1 doba \u010dten\u00ed\" \/>\n\t<meta name=\"twitter:data1\" content=\"4 minuty\" \/>\n<script type=\"application\/ld+json\" class=\"yoast-schema-graph\">{\"@context\":\"https:\\\/\\\/schema.org\",\"@graph\":[{\"@type\":\"WebPage\",\"@id\":\"https:\\\/\\\/www.profpetcorporation.com\\\/cs\\\/produkt\\\/kis-kis-plaque-off\\\/\",\"url\":\"https:\\\/\\\/www.profpetcorporation.com\\\/cs\\\/produkt\\\/kis-kis-plaque-off\\\/\",\"name\":\"KiS-KiS\u00ae Plaque-Off - Prof Pet Corporation\",\"isPartOf\":{\"@id\":\"https:\\\/\\\/www.profpetcorporation.com\\\/cs\\\/#website\"},\"primaryImageOfPage\":{\"@id\":\"https:\\\/\\\/www.profpetcorporation.com\\\/cs\\\/produkt\\\/kis-kis-plaque-off\\\/#primaryimage\"},\"image\":{\"@id\":\"https:\\\/\\\/www.profpetcorporation.com\\\/cs\\\/produkt\\\/kis-kis-plaque-off\\\/#primaryimage\"},\"thumbnailUrl\":\"https:\\\/\\\/www.profpetcorporation.com\\\/wp-content\\\/uploads\\\/2024\\\/10\\\/KiS-KiS-Plaque-Off-60g.jpg\",\"datePublished\":\"2024-07-10T13:20:14+00:00\",\"dateModified\":\"2024-11-11T17:51:17+00:00\",\"breadcrumb\":{\"@id\":\"https:\\\/\\\/www.profpetcorporation.com\\\/cs\\\/produkt\\\/kis-kis-plaque-off\\\/#breadcrumb\"},\"inLanguage\":\"cs\",\"potentialAction\":[{\"@type\":\"ReadAction\",\"target\":[\"https:\\\/\\\/www.profpetcorporation.com\\\/cs\\\/produkt\\\/kis-kis-plaque-off\\\/\"]}]},{\"@type\":\"ImageObject\",\"inLanguage\":\"cs\",\"@id\":\"https:\\\/\\\/www.profpetcorporation.com\\\/cs\\\/produkt\\\/kis-kis-plaque-off\\\/#primaryimage\",\"url\":\"https:\\\/\\\/www.profpetcorporation.com\\\/wp-content\\\/uploads\\\/2024\\\/10\\\/KiS-KiS-Plaque-Off-60g.jpg\",\"contentUrl\":\"https:\\\/\\\/www.profpetcorporation.com\\\/wp-content\\\/uploads\\\/2024\\\/10\\\/KiS-KiS-Plaque-Off-60g.jpg\",\"width\":1077,\"height\":1078},{\"@type\":\"BreadcrumbList\",\"@id\":\"https:\\\/\\\/www.profpetcorporation.com\\\/cs\\\/produkt\\\/kis-kis-plaque-off\\\/#breadcrumb\",\"itemListElement\":[{\"@type\":\"ListItem\",\"position\":1,\"name\":\"Home\",\"item\":\"https:\\\/\\\/www.profpetcorporation.com\\\/cs\\\/\"},{\"@type\":\"ListItem\",\"position\":2,\"name\":\"Shop\",\"item\":\"https:\\\/\\\/www.profpetcorporation.com\\\/shop\\\/\"},{\"@type\":\"ListItem\",\"position\":3,\"name\":\"KiS-KiS\u00ae\",\"item\":\"https:\\\/\\\/www.profpetcorporation.com\\\/merken\\\/kis-kis\\\/\"},{\"@type\":\"ListItem\",\"position\":4,\"name\":\"KiS-KiS\u00ae Plaque-Off\"}]},{\"@type\":\"WebSite\",\"@id\":\"https:\\\/\\\/www.profpetcorporation.com\\\/cs\\\/#website\",\"url\":\"https:\\\/\\\/www.profpetcorporation.com\\\/cs\\\/\",\"name\":\"Prof Pet Corporation\",\"description\":\"\",\"potentialAction\":[{\"@type\":\"SearchAction\",\"target\":{\"@type\":\"EntryPoint\",\"urlTemplate\":\"https:\\\/\\\/www.profpetcorporation.com\\\/cs\\\/?s={search_term_string}\"},\"query-input\":{\"@type\":\"PropertyValueSpecification\",\"valueRequired\":true,\"valueName\":\"search_term_string\"}}],\"inLanguage\":\"cs\"}]}<\/script>\n<!-- \/ Yoast SEO plugin. -->","yoast_head_json":{"title":"KiS-KiS\u00ae Plaque-Off - Prof Pet Corporation","robots":{"index":"index","follow":"follow","max-snippet":"max-snippet:-1","max-image-preview":"max-image-preview:large","max-video-preview":"max-video-preview:-1"},"canonical":"https:\/\/www.profpetcorporation.com\/cs\/produkt\/kis-kis-plaque-off\/","og_locale":"cs_CZ","og_type":"article","og_title":"KiS-KiS\u00ae Plaque-Off - Prof Pet Corporation","og_description":"\u00a0100% Natural Ingredients \u00a0\u00a0  \u00a0Prevents dental plaque formation   \u00a0Reduces tartar formation\u00a0\u00a0","og_url":"https:\/\/www.profpetcorporation.com\/cs\/produkt\/kis-kis-plaque-off\/","og_site_name":"Prof Pet Corporation","article_modified_time":"2024-11-11T17:51:17+00:00","og_image":[{"width":1077,"height":1078,"url":"https:\/\/www.profpetcorporation.com\/wp-content\/uploads\/2024\/10\/KiS-KiS-Plaque-Off-60g.jpg","type":"image\/jpeg"}],"twitter_card":"summary_large_image","twitter_misc":{"Odhadovan\u00e1 doba \u010dten\u00ed":"4 minuty"},"schema":{"@context":"https:\/\/schema.org","@graph":[{"@type":"WebPage","@id":"https:\/\/www.profpetcorporation.com\/cs\/produkt\/kis-kis-plaque-off\/","url":"https:\/\/www.profpetcorporation.com\/cs\/produkt\/kis-kis-plaque-off\/","name":"KiS-KiS\u00ae Plaque-Off - Prof Pet Corporation","isPartOf":{"@id":"https:\/\/www.profpetcorporation.com\/cs\/#website"},"primaryImageOfPage":{"@id":"https:\/\/www.profpetcorporation.com\/cs\/produkt\/kis-kis-plaque-off\/#primaryimage"},"image":{"@id":"https:\/\/www.profpetcorporation.com\/cs\/produkt\/kis-kis-plaque-off\/#primaryimage"},"thumbnailUrl":"https:\/\/www.profpetcorporation.com\/wp-content\/uploads\/2024\/10\/KiS-KiS-Plaque-Off-60g.jpg","datePublished":"2024-07-10T13:20:14+00:00","dateModified":"2024-11-11T17:51:17+00:00","breadcrumb":{"@id":"https:\/\/www.profpetcorporation.com\/cs\/produkt\/kis-kis-plaque-off\/#breadcrumb"},"inLanguage":"cs","potentialAction":[{"@type":"ReadAction","target":["https:\/\/www.profpetcorporation.com\/cs\/produkt\/kis-kis-plaque-off\/"]}]},{"@type":"ImageObject","inLanguage":"cs","@id":"https:\/\/www.profpetcorporation.com\/cs\/produkt\/kis-kis-plaque-off\/#primaryimage","url":"https:\/\/www.profpetcorporation.com\/wp-content\/uploads\/2024\/10\/KiS-KiS-Plaque-Off-60g.jpg","contentUrl":"https:\/\/www.profpetcorporation.com\/wp-content\/uploads\/2024\/10\/KiS-KiS-Plaque-Off-60g.jpg","width":1077,"height":1078},{"@type":"BreadcrumbList","@id":"https:\/\/www.profpetcorporation.com\/cs\/produkt\/kis-kis-plaque-off\/#breadcrumb","itemListElement":[{"@type":"ListItem","position":1,"name":"Home","item":"https:\/\/www.profpetcorporation.com\/cs\/"},{"@type":"ListItem","position":2,"name":"Shop","item":"https:\/\/www.profpetcorporation.com\/shop\/"},{"@type":"ListItem","position":3,"name":"KiS-KiS\u00ae","item":"https:\/\/www.profpetcorporation.com\/merken\/kis-kis\/"},{"@type":"ListItem","position":4,"name":"KiS-KiS\u00ae Plaque-Off"}]},{"@type":"WebSite","@id":"https:\/\/www.profpetcorporation.com\/cs\/#website","url":"https:\/\/www.profpetcorporation.com\/cs\/","name":"Prof Pet Corporation","description":"","potentialAction":[{"@type":"SearchAction","target":{"@type":"EntryPoint","urlTemplate":"https:\/\/www.profpetcorporation.com\/cs\/?s={search_term_string}"},"query-input":{"@type":"PropertyValueSpecification","valueRequired":true,"valueName":"search_term_string"}}],"inLanguage":"cs"}]}},"_links":{"self":[{"href":"https:\/\/www.profpetcorporation.com\/cs\/wp-json\/wp\/v2\/product\/2253","targetHints":{"allow":["GET"]}}],"collection":[{"href":"https:\/\/www.profpetcorporation.com\/cs\/wp-json\/wp\/v2\/product"}],"about":[{"href":"https:\/\/www.profpetcorporation.com\/cs\/wp-json\/wp\/v2\/types\/product"}],"replies":[{"embeddable":true,"href":"https:\/\/www.profpetcorporation.com\/cs\/wp-json\/wp\/v2\/comments?post=2253"}],"wp:featuredmedia":[{"embeddable":true,"href":"https:\/\/www.profpetcorporation.com\/cs\/wp-json\/wp\/v2\/media\/3545"}],"wp:attachment":[{"href":"https:\/\/www.profpetcorporation.com\/cs\/wp-json\/wp\/v2\/media?parent=2253"}],"wp:term":[{"taxonomy":"product_brand","embeddable":true,"href":"https:\/\/www.profpetcorporation.com\/cs\/wp-json\/wp\/v2\/product_brand?post=2253"},{"taxonomy":"product_cat","embeddable":true,"href":"https:\/\/www.profpetcorporation.com\/cs\/wp-json\/wp\/v2\/product_cat?post=2253"},{"taxonomy":"product_tag","embeddable":true,"href":"https:\/\/www.profpetcorporation.com\/cs\/wp-json\/wp\/v2\/product_tag?post=2253"}],"curies":[{"name":"wp","href":"https:\/\/api.w.org\/{rel}","templated":true}]}}