{"id":1647,"date":"2024-06-17T18:23:17","date_gmt":"2024-06-17T18:23:17","guid":{"rendered":"https:\/\/profpetcorporation.previewready.nl\/?post_type=product&#038;p=1647"},"modified":"2024-12-14T12:41:08","modified_gmt":"2024-12-14T12:41:08","slug":"kennels-favourite-lambrice","status":"publish","type":"product","link":"https:\/\/www.profpetcorporation.com\/cs\/produkt\/kennels-favourite-lambrice\/","title":{"rendered":"Kennels` Favourite\u00ae Expanded"},"content":{"rendered":"<p style=\"text-align: justify;\"><span style=\"font-size: medium;\"><strong>Kennels` Favourite<\/strong>\u00ae<strong> Expanded complete and balanced wheat gluten free super premium dry food for adult dogs of all breeds. Nutrition with adjusted energy content (3460<span style=\"color: #ffffff;\">.<\/span>kCal\/kg) for dogs with a lower energy requirement or dogs with a tendency to develop overweight.<br \/>\nFor a healthy bowel function and good digeston. Helps to support the immune system. <\/strong><br \/>\nObesity in dogs can develop for many reasons: unhealthy diet, sedentary lifestyle, age, increased appetite caused by sterilization\/castration, hormonal disorders (hypothyroidism, hypopituitarism, hypogonadism and stress), diabetes, metabolic disorders, etc.. Body weight, however, is an important determinant of their life expectancy. Dogs with obesity are at an increased risk of developing cancer, diabetes, osteoarthritis and heart failure. The special composition of <strong>Kennels` Favourite<\/strong>\u00ae<strong> Expanded<\/strong> lowers the risk on these diseases, nevertheless, you should monitor the body weight of your dog.<strong>\u00a0<\/strong><strong>Kennels` Favourite<\/strong>\u00ae<strong> Expanded<\/strong> is a low-energy food (low fat and high fiber). <strong>Kennels` Favourite<\/strong>\u00ae<strong> Expanded<\/strong> is an effective solution to obesity problems.<br \/>\nThe physical body condition is also an important determinant of life expectancy. Reduced condition by the overweight increases the risk of cancer, diabetes, joint problems and heart failure. The specific composition of <strong>Kennels` Favourite<\/strong>\u00ae<strong> Expanded<\/strong> reduces the risk of certain diseases, but the physical body condition of the pet should be checked.<br \/>\nDogs after weight loss, or in dogs with tendency to develop overweight, should move on\u00a0<strong>Kennels` Favourite\u00ae Adult Dog <\/strong>or<strong>\u00a0Kennels` Favourite\u00ae Lamb&amp;Rice<\/strong> &#8211; two complete super premium feeds that are also suitable to maintain body weight at this group of dogs.<br \/>\n<\/span><span style=\"font-size: medium;\">\u00a0<\/span><\/p>\n<ul>\n<li style=\"text-align: justify;\"><span style=\"font-size: medium;\"><strong>Formula \u00abSensitive\u00bb, formulated Wheat Gluten-Free: <\/strong>Wheat gluten is a vegetable protein (gluten), it is poorly digested by dogs and also promotes growth of harmful bacteria in the intestines under which influence toxins are formed.\u00a0<strong>Kennels` Favourite<\/strong>\u00ae<strong> Expanded<\/strong> is wheat gluten free and protects against allergic reactions on food.<\/span><\/li>\n<li style=\"text-align: justify;\"><span style=\"font-size: medium;\"><strong>Omega 6:3 Fatty Acids:<\/strong> Required for immune function and maintenance of skin condition. Reduce inflammatory reactions, which are involved in development of atopic disease. Omega-6 and -3 fatty acids are in the ideal ratio of 5:1<br \/>\n<\/span><\/li>\n<li style=\"text-align: justify;\"><span style=\"font-size: medium;\"> <strong>Low Energy Value: <\/strong>To reduce body weight by dogs with overweight, but can also be used as a follow-up to a weight-loss regime and for dogs with tendency towards development of overweight.<br \/>\n<\/span><\/li>\n<li style=\"text-align: justify;\"><span style=\"font-size: medium;\"> <strong>Formula \u00abDigestive Health\u00bb, enriched with Prebiotic Mannan-oligosaccharides (MOS):<\/strong> Protects the intestine against pathogenic bacteria.<br \/>\n<\/span><\/li>\n<li style=\"text-align: justify;\"><span style=\"font-size: medium;\"> <strong>Enriched with Inulin (source of prebiotic Fructo-oligosaccharides (FOS)): <\/strong>Supports the growth of beneficial bacteria in the intestine. Encourages peristaltic motion, exerting a positive influence on bowel activity and evacuation.<br \/>\n<\/span><\/li>\n<li style=\"text-align: justify;\"><span style=\"font-size: medium;\"> <strong>Natural Antioxidant Mixture:<\/strong> Reduces the formation of free radicals, which play a role in the development and progression of cancer and kidney failure. Reverses the age-related decline of tissue structures.<strong><br \/>\n<\/strong><\/span><\/li>\n<li style=\"text-align: justify;\"><span style=\"font-size: medium;\"><strong> Highly Digestible Proteins:<\/strong> Ensures optimal digestion and efficient nutrient conversion, prevent of adverse reactions to food.<br \/>\n<\/span><\/li>\n<li style=\"text-align: justify;\"><span style=\"font-size: medium;\"> <strong>Moisture Level 8%: <\/strong>Prevents the growth of malignant bacteria and thus protects the feed from rotting, guaranteeing the ingredients have maximum resistance to decomposition.<\/span><\/li>\n<\/ul>\n<p><span style=\"font-size: medium;\">The kibbles are untreated, so your dog tastes what he eats and loves what he tastes! It is an ideal food for the pregnant and nursing bitches of all breeds. The structure of this food keeps teeth and gums clean and makes them stronger. Suitable for all dogs of all breeds!<br \/>\nThe problems of overweight will be quickly solved.<br \/>\nOwing to\u00a0<strong>Kennels` Favourite<\/strong>\u00ae<strong> Expanded <\/strong>Your dog will get in top condition!!<\/span><span style=\"font-size: medium;\"><br \/>\n<\/span><\/p>\n<p><span style=\"font-size: medium;\"><strong><br \/>\nBenefits of this food <\/strong><br \/>\n\u2022 Low protein content<br \/>\n\u2022 Low fat content<br \/>\n\u2022 Real solution of overweight<br \/>\n\u2022 Easily digestible<\/span><span style=\"font-size: medium;\"><br \/>\n<\/span><\/p>\n<p style=\"text-align: justify;\"><span style=\"font-size: medium;\"><strong><br \/>\nComposition<\/strong><br \/>\nPearl Barley, Young Maize, Dehydrated Poultry (10% of the total content), Dehydrated Beef Meal, Rice Bran, Dried Apples (rich in pectins), Hydrolysed Chicken Protein, Cold Pressed Sunflower Oil (refined), Poultry Fat (preserved with mixed tocopherols, natural source of vitamin E), Dried Inactive Yeast (Saccharomyces Cerevisiae) (natural source of beta-glucans and mannan-oligosaccharides (prebiotic (MOS)) (2.000mg\/kg), Lemon Balm Extract (Melissa Officinalis), Dried Chicory Root Extract (natural source of inulin and fructooligosaccharides (prebiotic (FOS)) (100mg\/kg).<\/span><\/p>\n<p><strong><span style=\"font-size: medium;\">Antioxidants: <\/span><\/strong><span style=\"font-size: medium;\">With oxidation reducing substance strong tocopherol-rich extract (Vitamin E) of natural origin (from vegetable oils).<br \/>\n<strong>Kennels` Favourite<\/strong>\u00ae products meet the requirements as stated stated by AAFCO, NRC and FEDIAF. No artificial flavors or colors are added.<\/span><\/p>\n<table border=\"0\" width=\"530\" cellspacing=\"1\" cellpadding=\"1\">\n<tbody>\n<tr>\n<td valign=\"top\"><span style=\"font-size: medium;\"><strong>Analytical constituents<\/strong><\/span><\/td>\n<td valign=\"top\"><\/td>\n<td valign=\"top\"><span style=\"font-size: medium;\"><strong>Nutritional additives<\/strong><\/span><\/td>\n<td valign=\"top\"><\/td>\n<td><span style=\"font-size: medium;\">\u00a0<\/span><\/td>\n<\/tr>\n<tr>\n<td valign=\"top\"><span style=\"font-size: medium;\">Moisture<br \/>\nCrude protein<br \/>\nCrude fat<br \/>\nCrude ash<br \/>\nCrude fiber<br \/>\nCalcium (Ca)<br \/>\nPhosphorus (P)<br \/>\nSodium (Na)<br \/>\nMagnesium (Mg)<br \/>\nPotassium (K)<br \/>\nLysine<br \/>\nMethionine<br \/>\nCystine<br \/>\nTreonine<br \/>\nTryptophan<br \/>\nLinoleic acid (\u03c96)<br \/>\n\u03b1-Linolenic acid (\u03c93)<br \/>\nArachidonic acid (\u03c96)<br \/>\nCarbohydrates<\/span><\/td>\n<td style=\"text-align: left;\" valign=\"top\"><span style=\"font-size: medium;\">8.00 %<br \/>\n21.0 %<br \/>\n8.00 %<br \/>\n5.30 %<br \/>\n3.00 %<br \/>\n1.25 %<br \/>\n0.70 %<br \/>\n1.16 g\/kg<br \/>\n2.10 g\/kg<br \/>\n5.00 g\/kg<br \/>\n9.20 g\/kg<br \/>\n3.30 g\/kg<br \/>\n3.10 g\/kg<br \/>\n7.10 g\/kg<br \/>\n2.10 g\/kg<br \/>\n2.28 g\/kg<br \/>\n0.90 g\/kg<br \/>\n0.05 g\/kg<br \/>\n52.1 %<\/span><\/td>\n<td valign=\"top\"><span style=\"font-size: medium;\">Vitamin A<br \/>\nVitamin D3<br \/>\nVitamin E<br \/>\nVitamin K3<br \/>\nVitamin B1<br \/>\nVitamin B2<br \/>\nNiacin<br \/>\nPantothenic acid<br \/>\nVitamin B6<br \/>\nVitamin B12<br \/>\nBiotin<br \/>\nCholine chloride<br \/>\nFolic acid<br \/>\nVitamin C<br \/>\n<\/span><\/td>\n<td valign=\"top\"><span style=\"font-size: medium;\">20.000 IU\/kg<br \/>\n2.000 IU\/kg<br \/>\n300 mg\/kg<br \/>\n2.10 mg\/kg<br \/>\n9.40 mg\/kg<br \/>\n14.0 mg\/kg<br \/>\n59.0 mg\/kg<br \/>\n26.0 mg\/kg<br \/>\n5.30 mg\/kg<br \/>\n78.0 \u03bcg\/kg<br \/>\n525 \u03bcg\/kg<br \/>\n1060 mg\/kg<br \/>\n1.31 mg\/kg<br \/>\n26.0 mg\/kg <\/span><\/td>\n<\/tr>\n<\/tbody>\n<\/table>\n<p><span style=\"font-size: medium;\"><strong>E<\/strong><\/span><strong><span style=\"font-size: medium;\">nergy Value 3495 Kcal\/kg [14.6 MJ\/kg]<\/span><br \/>\n<\/strong><\/p>\n<p><span style=\"font-size: medium;\"><strong>Vitamins:<\/strong><br \/>\nVitamin A (Retinyl Acetate)<br \/>\nVitamin D3 (Cholecalciferol)<br \/>\nVitamin E (all-rac-Alpha-Tocopherol)<br \/>\nVitamin K3 (Menadione Nicotinamide Bisulfite)<\/span><\/p>\n<p><span style=\"font-size: medium;\"><strong>Trace elements:<\/strong><br \/>\n(Zn) Zinc (zinc sulphate monohydrate) 175 mg\/kg<br \/>\n(Fe) Iron (iron (II) sulphate monohydrate) 100 mg\/kg<br \/>\n(Cu) Copper (copper (II) sulphate pentahydrate) 17.5 mg\/kg<br \/>\n(Mn) Manganese (manganese (II) oxide) 36 mg\/kg<br \/>\n(I) Iodine (calcium iodate anhydrous) 1.70 mg\/kg<br \/>\n(Se) Selenium (sodium selenite) 0.35 mg\/kg<\/span><span style=\"font-size: medium;\"><br \/>\n<\/span><\/p>\n<p>&nbsp;<\/p>\n<p><span style=\"font-size: medium;\"><strong>Feeding advice<\/strong><\/span><\/p>\n<p style=\"text-align: justify;\"><span style=\"font-size: medium;\">Because each dog has different requirements, the recommended daily quantities should only be used as a guide. This is a guide only, as an individual dog\u2019s requirements will vary depending on various factors including breed, activity level, metabolism, age and environment. Feeding quantities should be adjusted to suit your individual dog\u2019s requirements. The amount of feed the best to split over two meals per day. When feeding for the first time introduce <strong>Kennels` Favourite<\/strong>\u00ae gradually over a period of 4 to 10 days. The daily amount divided into 2 portions. Always give your dog food and water in clean bowls. Make sure that your dog always has fresh and available drinking water next to the food. The water bowl should be thoroughly cleaned 1-2 times a day and filled with fresh drinking water.<\/span><\/p>\n<table border=\"1\" width=\"350\" cellspacing=\"1\" cellpadding=\"1\">\n<tbody>\n<tr>\n<td align=\"center\"><strong><span style=\"font-size: medium;\">Body weight<\/span><\/strong><\/td>\n<td align=\"center\"><strong><span style=\"font-size: medium;\">Daily portion<\/span><\/strong><\/td>\n<\/tr>\n<tr>\n<td align=\"center\"><span style=\"font-size: medium;\">1 &#8211; 3 kg<\/span><\/td>\n<td align=\"center\"><span style=\"font-size: medium;\">35 &#8211; 79 g<\/span><\/td>\n<\/tr>\n<tr>\n<td align=\"center\"><span style=\"font-size: medium;\">3 &#8211; 5 kg<\/span><\/td>\n<td align=\"center\"><span style=\"font-size: medium;\">79 &#8211; 116 g<\/span><\/td>\n<\/tr>\n<tr>\n<td align=\"center\"><span style=\"font-size: medium;\">5 &#8211; 10 kg<\/span><\/td>\n<td align=\"center\"><span style=\"font-size: medium;\">116 &#8211; 192 g<\/span><\/td>\n<\/tr>\n<tr>\n<td align=\"center\"><span style=\"font-size: medium;\">10 &#8211; 15 kg<\/span><\/td>\n<td align=\"center\"><span style=\"font-size: medium;\">192 &#8211; 259 g<\/span><\/td>\n<\/tr>\n<tr>\n<td align=\"center\"><span style=\"font-size: medium;\">15 &#8211; 20 kg<\/span><\/td>\n<td align=\"center\"><span style=\"font-size: medium;\">259 &#8211; 320 g<\/span><\/td>\n<\/tr>\n<tr>\n<td align=\"center\"><span style=\"font-size: medium;\">25 &#8211; 30 kg<\/span><\/td>\n<td align=\"center\"><span style=\"font-size: medium;\">376 &#8211; 430 g<\/span><\/td>\n<\/tr>\n<tr>\n<td align=\"center\"><span style=\"font-size: medium;\">35 &#8211; 40 kg<\/span><\/td>\n<td align=\"center\"><span style=\"font-size: medium;\">482 &#8211; 531 g<\/span><\/td>\n<\/tr>\n<tr>\n<td align=\"center\"><span style=\"font-size: medium;\">45 &#8211; 50 kg<\/span><\/td>\n<td align=\"center\"><span style=\"font-size: medium;\">579 &#8211; 626 g<\/span><\/td>\n<\/tr>\n<tr>\n<td align=\"center\"><span style=\"font-size: medium;\">55 &#8211; 60 kg<\/span><\/td>\n<td align=\"center\"><span style=\"font-size: medium;\">671 &#8211; 716 g<\/span><\/td>\n<\/tr>\n<tr>\n<td align=\"center\"><span style=\"font-size: medium;\">65 &#8211; 70 kg<\/span><\/td>\n<td align=\"center\"><span style=\"font-size: medium;\">759 &#8211; 801 g<\/span><\/td>\n<\/tr>\n<tr>\n<td align=\"center\"><span style=\"font-size: medium;\">75 &#8211; 80 kg<\/span><\/td>\n<td align=\"center\"><span style=\"font-size: medium;\">743 &#8211; 884 g<\/span><\/td>\n<\/tr>\n<\/tbody>\n<\/table>\n<p>&nbsp;<\/p>\n<p><span style=\"font-size: medium;\"><strong>Package<\/strong><\/span><\/p>\n<p><span style=\"font-size: medium;\">EAN 8717496482150\u00a0\u00a0 12,5 kg<br \/>\nEAN 8713252006004\u00a0\u00a0 20 kg<\/span><\/p>\n<p>&nbsp;<\/p>\n<p><span style=\"font-size: medium;\"><strong>Storage advice<br \/>\n<\/strong><\/span><\/p>\n<p style=\"text-align: justify;\"><span style=\"text-align: justify;\"><span style=\"font-size: medium;\">While dry food will not spoil as rapidly as other types of food, it does not last indefinitely. Always make sure that you use such foods before the expiration date. Keep the food dry and store it inside the bag it came in; we design the bags to resist moisture and airflow. The best way to store a large bag of dog or cat food is to place the original bag inside a clean plastic pail or container with a secure lid. Do not store dry food in humid rooms, as damp conditions will accelerate spoiling. Always roll the top of the bag down tightly and cinch it closed with a clip. The Center for Disease Control and Prevention recommends that pet owners keep dry foods and treats in locations that do not exceed 23\u00b0<span style=\"color: #ffffff;\">.<\/span>C (degrees Celsius) or 74\u00b0<span style=\"color: #ffffff;\">.<\/span>F (degrees Fahrenheit). \u00a0<\/span><\/span><\/p>\n<p>&nbsp;<\/p>\n","protected":false},"excerpt":{"rendered":"<p><span style=\"font-size: large;\"><em><strong>super premium quality<\/strong><\/em><\/span><\/p>\n<ul>\n<li><span style=\"font-size: larger;\">f<em>or dogs of all breeds with overweight;<\/em><\/span><\/li>\n<li><span style=\"font-size: larger;\"><em>for dogs of all breeds with a low activity level;<\/em><\/span><\/li>\n<\/ul>\n<p><span style=\"font-size: medium;\"><strong>Non-GMO certified<br \/>\nFormulated Wheat Gluten-Free<br \/>\nOMEGA 6:3<br \/>\nLow Energy<br \/>\nLow Protein Value<br \/>\nNO Weight Gain<br \/>\nHighly Digestible Proteins<br \/>\nFormula \u00abDigestive Health\u00bb<br \/>\nMoisture Level 8% <\/strong><\/span><strong><span style=\"font-size: medium;\"><br \/>\n<\/span><\/strong><\/p>\n<p><span style=\"font-size: larger;\"><strong>PROTEIN SOURCES: 63% OF ANIMAL ORIGIN AND 37% OF VEGETABLE ORIGIN. <\/strong><\/span><\/p>\n","protected":false},"featured_media":3064,"comment_status":"open","ping_status":"closed","template":"","meta":{"_acf_changed":false},"product_brand":[],"product_cat":[110,90],"product_tag":[],"class_list":{"0":"post-1647","1":"product","2":"type-product","3":"status-publish","4":"has-post-thumbnail","6":"product_cat-dry-dog-food-all-breeds","7":"product_cat-kennels-favourite","9":"first","10":"instock","11":"shipping-taxable","12":"product-type-simple"},"acf":[],"yoast_head":"<!-- This site is optimized with the Yoast SEO plugin v27.5 - https:\/\/yoast.com\/product\/yoast-seo-wordpress\/ -->\n<title>Kennels` Favourite\u00ae Expanded - Prof Pet Corporation<\/title>\n<meta name=\"robots\" content=\"index, follow, max-snippet:-1, max-image-preview:large, max-video-preview:-1\" \/>\n<link rel=\"canonical\" href=\"https:\/\/www.profpetcorporation.com\/cs\/produkt\/kennels-favourite-lambrice\/\" \/>\n<meta property=\"og:locale\" content=\"cs_CZ\" \/>\n<meta property=\"og:type\" content=\"article\" \/>\n<meta property=\"og:title\" content=\"Kennels` Favourite\u00ae Expanded - Prof Pet Corporation\" \/>\n<meta property=\"og:description\" content=\"super premium quality   for dogs of all breeds with overweight;  for dogs of all breeds with a low activity level;  Non-GMO certified Formulated Wheat Gluten-Free OMEGA 6:3 Low Energy Low Protein Value NO Weight Gain Highly Digestible Proteins Formula \u00abDigestive Health\u00bb Moisture Level 8%    PROTEIN SOURCES: 63% OF ANIMAL ORIGIN AND 37% OF VEGETABLE ORIGIN.\" \/>\n<meta property=\"og:url\" content=\"https:\/\/www.profpetcorporation.com\/cs\/produkt\/kennels-favourite-lambrice\/\" \/>\n<meta property=\"og:site_name\" content=\"Prof Pet Corporation\" \/>\n<meta property=\"article:modified_time\" content=\"2024-12-14T12:41:08+00:00\" \/>\n<meta property=\"og:image\" content=\"https:\/\/www.profpetcorporation.com\/wp-content\/uploads\/2024\/10\/Kennels-Favourite-EXPANDED-125kg.jpg\" \/>\n\t<meta property=\"og:image:width\" content=\"1079\" \/>\n\t<meta property=\"og:image:height\" content=\"1079\" \/>\n\t<meta property=\"og:image:type\" content=\"image\/jpeg\" \/>\n<meta name=\"twitter:card\" content=\"summary_large_image\" \/>\n<meta name=\"twitter:label1\" content=\"Odhadovan\u00e1 doba \u010dten\u00ed\" \/>\n\t<meta name=\"twitter:data1\" content=\"7 minut\" \/>\n<script type=\"application\/ld+json\" class=\"yoast-schema-graph\">{\"@context\":\"https:\\\/\\\/schema.org\",\"@graph\":[{\"@type\":\"WebPage\",\"@id\":\"https:\\\/\\\/www.profpetcorporation.com\\\/cs\\\/produkt\\\/kennels-favourite-lambrice\\\/\",\"url\":\"https:\\\/\\\/www.profpetcorporation.com\\\/cs\\\/produkt\\\/kennels-favourite-lambrice\\\/\",\"name\":\"Kennels` Favourite\u00ae Expanded - Prof Pet Corporation\",\"isPartOf\":{\"@id\":\"https:\\\/\\\/www.profpetcorporation.com\\\/cs\\\/#website\"},\"primaryImageOfPage\":{\"@id\":\"https:\\\/\\\/www.profpetcorporation.com\\\/cs\\\/produkt\\\/kennels-favourite-lambrice\\\/#primaryimage\"},\"image\":{\"@id\":\"https:\\\/\\\/www.profpetcorporation.com\\\/cs\\\/produkt\\\/kennels-favourite-lambrice\\\/#primaryimage\"},\"thumbnailUrl\":\"https:\\\/\\\/www.profpetcorporation.com\\\/wp-content\\\/uploads\\\/2024\\\/10\\\/Kennels-Favourite-EXPANDED-125kg.jpg\",\"datePublished\":\"2024-06-17T18:23:17+00:00\",\"dateModified\":\"2024-12-14T12:41:08+00:00\",\"breadcrumb\":{\"@id\":\"https:\\\/\\\/www.profpetcorporation.com\\\/cs\\\/produkt\\\/kennels-favourite-lambrice\\\/#breadcrumb\"},\"inLanguage\":\"cs\",\"potentialAction\":[{\"@type\":\"ReadAction\",\"target\":[\"https:\\\/\\\/www.profpetcorporation.com\\\/cs\\\/produkt\\\/kennels-favourite-lambrice\\\/\"]}]},{\"@type\":\"ImageObject\",\"inLanguage\":\"cs\",\"@id\":\"https:\\\/\\\/www.profpetcorporation.com\\\/cs\\\/produkt\\\/kennels-favourite-lambrice\\\/#primaryimage\",\"url\":\"https:\\\/\\\/www.profpetcorporation.com\\\/wp-content\\\/uploads\\\/2024\\\/10\\\/Kennels-Favourite-EXPANDED-125kg.jpg\",\"contentUrl\":\"https:\\\/\\\/www.profpetcorporation.com\\\/wp-content\\\/uploads\\\/2024\\\/10\\\/Kennels-Favourite-EXPANDED-125kg.jpg\",\"width\":1079,\"height\":1079},{\"@type\":\"BreadcrumbList\",\"@id\":\"https:\\\/\\\/www.profpetcorporation.com\\\/cs\\\/produkt\\\/kennels-favourite-lambrice\\\/#breadcrumb\",\"itemListElement\":[{\"@type\":\"ListItem\",\"position\":1,\"name\":\"Home\",\"item\":\"https:\\\/\\\/www.profpetcorporation.com\\\/cs\\\/\"},{\"@type\":\"ListItem\",\"position\":2,\"name\":\"Shop\",\"item\":\"https:\\\/\\\/www.profpetcorporation.com\\\/shop\\\/\"},{\"@type\":\"ListItem\",\"position\":3,\"name\":\"Kennels' Favourite\u00ae\",\"item\":\"https:\\\/\\\/www.profpetcorporation.com\\\/pl\\\/merken\\\/kennels-favourite\\\/\"},{\"@type\":\"ListItem\",\"position\":4,\"name\":\"Kennels` Favourite\u00ae Expanded\"}]},{\"@type\":\"WebSite\",\"@id\":\"https:\\\/\\\/www.profpetcorporation.com\\\/cs\\\/#website\",\"url\":\"https:\\\/\\\/www.profpetcorporation.com\\\/cs\\\/\",\"name\":\"Prof Pet Corporation\",\"description\":\"\",\"potentialAction\":[{\"@type\":\"SearchAction\",\"target\":{\"@type\":\"EntryPoint\",\"urlTemplate\":\"https:\\\/\\\/www.profpetcorporation.com\\\/cs\\\/?s={search_term_string}\"},\"query-input\":{\"@type\":\"PropertyValueSpecification\",\"valueRequired\":true,\"valueName\":\"search_term_string\"}}],\"inLanguage\":\"cs\"}]}<\/script>\n<!-- \/ Yoast SEO plugin. -->","yoast_head_json":{"title":"Kennels` Favourite\u00ae Expanded - Prof Pet Corporation","robots":{"index":"index","follow":"follow","max-snippet":"max-snippet:-1","max-image-preview":"max-image-preview:large","max-video-preview":"max-video-preview:-1"},"canonical":"https:\/\/www.profpetcorporation.com\/cs\/produkt\/kennels-favourite-lambrice\/","og_locale":"cs_CZ","og_type":"article","og_title":"Kennels` Favourite\u00ae Expanded - Prof Pet Corporation","og_description":"super premium quality   for dogs of all breeds with overweight;  for dogs of all breeds with a low activity level;  Non-GMO certified Formulated Wheat Gluten-Free OMEGA 6:3 Low Energy Low Protein Value NO Weight Gain Highly Digestible Proteins Formula \u00abDigestive Health\u00bb Moisture Level 8%    PROTEIN SOURCES: 63% OF ANIMAL ORIGIN AND 37% OF VEGETABLE ORIGIN.","og_url":"https:\/\/www.profpetcorporation.com\/cs\/produkt\/kennels-favourite-lambrice\/","og_site_name":"Prof Pet Corporation","article_modified_time":"2024-12-14T12:41:08+00:00","og_image":[{"width":1079,"height":1079,"url":"https:\/\/www.profpetcorporation.com\/wp-content\/uploads\/2024\/10\/Kennels-Favourite-EXPANDED-125kg.jpg","type":"image\/jpeg"}],"twitter_card":"summary_large_image","twitter_misc":{"Odhadovan\u00e1 doba \u010dten\u00ed":"7 minut"},"schema":{"@context":"https:\/\/schema.org","@graph":[{"@type":"WebPage","@id":"https:\/\/www.profpetcorporation.com\/cs\/produkt\/kennels-favourite-lambrice\/","url":"https:\/\/www.profpetcorporation.com\/cs\/produkt\/kennels-favourite-lambrice\/","name":"Kennels` Favourite\u00ae Expanded - Prof Pet Corporation","isPartOf":{"@id":"https:\/\/www.profpetcorporation.com\/cs\/#website"},"primaryImageOfPage":{"@id":"https:\/\/www.profpetcorporation.com\/cs\/produkt\/kennels-favourite-lambrice\/#primaryimage"},"image":{"@id":"https:\/\/www.profpetcorporation.com\/cs\/produkt\/kennels-favourite-lambrice\/#primaryimage"},"thumbnailUrl":"https:\/\/www.profpetcorporation.com\/wp-content\/uploads\/2024\/10\/Kennels-Favourite-EXPANDED-125kg.jpg","datePublished":"2024-06-17T18:23:17+00:00","dateModified":"2024-12-14T12:41:08+00:00","breadcrumb":{"@id":"https:\/\/www.profpetcorporation.com\/cs\/produkt\/kennels-favourite-lambrice\/#breadcrumb"},"inLanguage":"cs","potentialAction":[{"@type":"ReadAction","target":["https:\/\/www.profpetcorporation.com\/cs\/produkt\/kennels-favourite-lambrice\/"]}]},{"@type":"ImageObject","inLanguage":"cs","@id":"https:\/\/www.profpetcorporation.com\/cs\/produkt\/kennels-favourite-lambrice\/#primaryimage","url":"https:\/\/www.profpetcorporation.com\/wp-content\/uploads\/2024\/10\/Kennels-Favourite-EXPANDED-125kg.jpg","contentUrl":"https:\/\/www.profpetcorporation.com\/wp-content\/uploads\/2024\/10\/Kennels-Favourite-EXPANDED-125kg.jpg","width":1079,"height":1079},{"@type":"BreadcrumbList","@id":"https:\/\/www.profpetcorporation.com\/cs\/produkt\/kennels-favourite-lambrice\/#breadcrumb","itemListElement":[{"@type":"ListItem","position":1,"name":"Home","item":"https:\/\/www.profpetcorporation.com\/cs\/"},{"@type":"ListItem","position":2,"name":"Shop","item":"https:\/\/www.profpetcorporation.com\/shop\/"},{"@type":"ListItem","position":3,"name":"Kennels' Favourite\u00ae","item":"https:\/\/www.profpetcorporation.com\/pl\/merken\/kennels-favourite\/"},{"@type":"ListItem","position":4,"name":"Kennels` Favourite\u00ae Expanded"}]},{"@type":"WebSite","@id":"https:\/\/www.profpetcorporation.com\/cs\/#website","url":"https:\/\/www.profpetcorporation.com\/cs\/","name":"Prof Pet Corporation","description":"","potentialAction":[{"@type":"SearchAction","target":{"@type":"EntryPoint","urlTemplate":"https:\/\/www.profpetcorporation.com\/cs\/?s={search_term_string}"},"query-input":{"@type":"PropertyValueSpecification","valueRequired":true,"valueName":"search_term_string"}}],"inLanguage":"cs"}]}},"_links":{"self":[{"href":"https:\/\/www.profpetcorporation.com\/cs\/wp-json\/wp\/v2\/product\/1647","targetHints":{"allow":["GET"]}}],"collection":[{"href":"https:\/\/www.profpetcorporation.com\/cs\/wp-json\/wp\/v2\/product"}],"about":[{"href":"https:\/\/www.profpetcorporation.com\/cs\/wp-json\/wp\/v2\/types\/product"}],"replies":[{"embeddable":true,"href":"https:\/\/www.profpetcorporation.com\/cs\/wp-json\/wp\/v2\/comments?post=1647"}],"wp:featuredmedia":[{"embeddable":true,"href":"https:\/\/www.profpetcorporation.com\/cs\/wp-json\/wp\/v2\/media\/3064"}],"wp:attachment":[{"href":"https:\/\/www.profpetcorporation.com\/cs\/wp-json\/wp\/v2\/media?parent=1647"}],"wp:term":[{"taxonomy":"product_brand","embeddable":true,"href":"https:\/\/www.profpetcorporation.com\/cs\/wp-json\/wp\/v2\/product_brand?post=1647"},{"taxonomy":"product_cat","embeddable":true,"href":"https:\/\/www.profpetcorporation.com\/cs\/wp-json\/wp\/v2\/product_cat?post=1647"},{"taxonomy":"product_tag","embeddable":true,"href":"https:\/\/www.profpetcorporation.com\/cs\/wp-json\/wp\/v2\/product_tag?post=1647"}],"curies":[{"name":"wp","href":"https:\/\/api.w.org\/{rel}","templated":true}]}}